{"id":14405,"date":"2023-09-18T09:45:40","date_gmt":"2023-09-18T08:45:40","guid":{"rendered":"https:\/\/www.sylex.sk\/nas-zavazok\/"},"modified":"2024-05-27T23:03:33","modified_gmt":"2024-05-27T22:03:33","slug":"o-nas","status":"publish","type":"page","link":"https:\/\/www.sylex.sk\/sk\/o-nas\/","title":{"rendered":"O n\u00e1s"},"content":{"rendered":"\t\t<div data-elementor-type=\"wp-page\" data-elementor-id=\"14405\" class=\"elementor elementor-14405 elementor-1738\" data-elementor-post-type=\"page\">\n\t\t\t\t\t\t<section class=\"elementor-section elementor-top-section elementor-element elementor-element-6a5040a2 elementor-section-boxed elementor-section-height-default elementor-section-height-default\" data-id=\"6a5040a2\" data-element_type=\"section\" data-e-type=\"section\">\n\t\t\t\t\t\t<div class=\"elementor-container elementor-column-gap-no\">\n\t\t\t\t\t<div class=\"elementor-column elementor-col-50 elementor-top-column elementor-element elementor-element-7b62b663\" data-id=\"7b62b663\" data-element_type=\"column\" data-e-type=\"column\">\n\t\t\t<div class=\"elementor-widget-wrap elementor-element-populated\">\n\t\t\t\t\t\t<div class=\"elementor-element elementor-element-4c2dc218 elementor-widget elementor-widget-text-editor\" data-id=\"4c2dc218\" data-element_type=\"widget\" data-e-type=\"widget\" data-widget_type=\"text-editor.default\">\n\t\t\t\t<div class=\"elementor-widget-container\">\n\t\t\t\t\t\t\t\t\t<p style=\"text-align: justify;\">V\u00e1\u017een\u00ed obchodn\u00ed partneri a priatelia,<\/p>\n<p style=\"text-align: justify;\">Ka\u017ed\u00e1 organiz\u00e1cia mus\u00ed definova\u0165 samu seba a sp\u00f4sob, ak\u00fdm vedie svoj \u017eivot a podnik\u00e1. Ver\u00edm, \u017ee na\u0161a spolo\u010dnos\u0165 Sylex ho na\u0161la. Od roku 1995 usilovne pracujeme na budovan\u00ed na\u0161ej identity, firemnej kult\u00fary, transparentnosti a autenticity, aby sme boli d\u00f4veryhodn\u00fdm obchodn\u00fdm partnerom, \u010destn\u00fdm zamestn\u00e1vate\u013eom a zodpovedn\u00fdm \u010dlenom spolo\u010dnosti.<\/p>\n<p style=\"text-align: justify;\">Na\u0161a spolo\u010dnos\u0165 m\u00e1 v tomto globalizovanom svete svoje miesto prostredn\u00edctvom:<\/p>\n\n<ul style=\"text-align: justify;\">\n \t<li>Na\u0161a v\u00edzia a poslanie plne zameran\u00e9 na potreby a v\u00fdzvy na\u0161ich z\u00e1kazn\u00edkov.<\/li>\n \t<li>Na\u0161e produkty, ktor\u00e9 sp\u00e1jaj\u00fa \u013eud\u00ed a podniky, chr\u00e1nia \u017eivoty a vytv\u00e1raj\u00fa hodnoty.<\/li>\n \t<li>N\u00e1\u0161 etick\u00fd pr\u00edstup k podnikaniu.<\/li>\n<\/ul>\n<p style=\"text-align: justify;\">Pevne ver\u00edm v bud\u00facnos\u0165 na\u0161ej spolo\u010dnosti. D\u00f4verujem na\u0161im z\u00e1kazn\u00edkom, partnerom, zamestnancom a obchodn\u00fdm princ\u00edpom, v\u010faka ktor\u00fdm je mo\u017en\u00e9 dosiahnu\u0165 dlhodobo udr\u017eate\u013en\u00fd rozvoj na\u0161ej spolo\u010dnosti. Je to v na\u0161ich ruk\u00e1ch.<\/p>\n<p style=\"text-align: left;\">Dana Synakov\u00e1<\/p>\n<p style=\"text-align: left;\">Gener\u00e1lny riadite\u013e<\/p>\t\t\t\t\t\t\t\t<\/div>\n\t\t\t\t<\/div>\n\t\t\t\t\t<\/div>\n\t\t<\/div>\n\t\t\t\t<div class=\"elementor-column elementor-col-50 elementor-top-column elementor-element elementor-element-3008b740\" data-id=\"3008b740\" data-element_type=\"column\" data-e-type=\"column\">\n\t\t\t<div class=\"elementor-widget-wrap elementor-element-populated\">\n\t\t\t\t\t\t<div class=\"elementor-element elementor-element-1c337832 elementor-widget elementor-widget-image\" data-id=\"1c337832\" data-element_type=\"widget\" data-e-type=\"widget\" data-widget_type=\"image.default\">\n\t\t\t\t<div class=\"elementor-widget-container\">\n\t\t\t\t\t\t\t\t\t\t\t\t\t\t\t<img fetchpriority=\"high\" decoding=\"async\" width=\"2560\" height=\"1707\" src=\"https:\/\/www.sylex.sk\/wp-content\/uploads\/2023\/09\/Dana_Synakova-scaled.jpg\" class=\"attachment-full size-full wp-image-10554\" alt=\"\" srcset=\"https:\/\/www.sylex.sk\/wp-content\/uploads\/2023\/09\/Dana_Synakova-scaled.jpg 2560w, https:\/\/www.sylex.sk\/wp-content\/uploads\/2023\/09\/Dana_Synakova-300x200.jpg 300w, https:\/\/www.sylex.sk\/wp-content\/uploads\/2023\/09\/Dana_Synakova-1024x683.jpg 1024w, https:\/\/www.sylex.sk\/wp-content\/uploads\/2023\/09\/Dana_Synakova-768x512.jpg 768w, https:\/\/www.sylex.sk\/wp-content\/uploads\/2023\/09\/Dana_Synakova-1536x1024.jpg 1536w, https:\/\/www.sylex.sk\/wp-content\/uploads\/2023\/09\/Dana_Synakova-2048x1365.jpg 2048w, https:\/\/www.sylex.sk\/wp-content\/uploads\/2023\/09\/Dana_Synakova-600x400.jpg 600w\" sizes=\"(max-width: 2560px) 100vw, 2560px\" \/>\t\t\t\t\t\t\t\t\t\t\t\t\t\t\t<\/div>\n\t\t\t\t<\/div>\n\t\t\t\t\t<\/div>\n\t\t<\/div>\n\t\t\t\t\t<\/div>\n\t\t<\/section>\n\t\t\t\t<\/div>\n\t\t","protected":false},"excerpt":{"rendered":"<p>V\u00e1\u017een\u00ed obchodn\u00ed partneri a priatelia, Ka\u017ed\u00e1 organiz\u00e1cia mus\u00ed definova\u0165 samu seba a sp\u00f4sob, ak\u00fdm vedie svoj \u017eivot a podnik\u00e1. Ver\u00edm, \u017ee na\u0161a spolo\u010dnos\u0165 Sylex ho na\u0161la. Od roku 1995 usilovne pracujeme na budovan\u00ed na\u0161ej identity, firemnej kult\u00fary, transparentnosti a autenticity, aby sme boli d\u00f4veryhodn\u00fdm obchodn\u00fdm partnerom, \u010destn\u00fdm zamestn\u00e1vate\u013eom a zodpovedn\u00fdm \u010dlenom spolo\u010dnosti. Na\u0161a spolo\u010dnos\u0165 m\u00e1 v tomto globalizovanom svete svoje miesto prostredn\u00edctvom: Na\u0161a v\u00edzia a poslanie plne zameran\u00e9 na potreby a v\u00fdzvy na\u0161ich z\u00e1kazn\u00edkov. Na\u0161e produkty, ktor\u00e9 sp\u00e1jaj\u00fa \u013eud\u00ed a podniky, chr\u00e1nia \u017eivoty a vytv\u00e1raj\u00fa hodnoty. N\u00e1\u0161 etick\u00fd pr\u00edstup k podnikaniu. Pevne ver\u00edm v bud\u00facnos\u0165 na\u0161ej spolo\u010dnosti. D\u00f4verujem na\u0161im z\u00e1kazn\u00edkom, partnerom, zamestnancom a obchodn\u00fdm princ\u00edpom, v\u010faka ktor\u00fdm je mo\u017en\u00e9 dosiahnu\u0165 dlhodobo udr\u017eate\u013en\u00fd rozvoj na\u0161ej spolo\u010dnosti. Je to v na\u0161ich ruk\u00e1ch. Dana Synakov\u00e1 Gener\u00e1lny riadite\u013e<\/p>\n","protected":false},"author":1,"featured_media":0,"parent":0,"menu_order":0,"comment_status":"closed","ping_status":"closed","template":"","meta":{"_acf_changed":false,"footnotes":""},"class_list":["post-14405","page","type-page","status-publish","hentry"],"acf":[],"yoast_head":"<!-- This site is optimized with the Yoast SEO plugin v27.0 - https:\/\/yoast.com\/product\/yoast-seo-wordpress\/ -->\n<title>O n\u00e1s - Sylex<\/title>\n<meta name=\"robots\" content=\"index, follow, max-snippet:-1, max-image-preview:large, max-video-preview:-1\" \/>\n<link rel=\"canonical\" href=\"https:\/\/www.sylex.sk\/sk\/o-nas\/\" \/>\n<meta property=\"og:locale\" content=\"sk_SK\" \/>\n<meta property=\"og:type\" content=\"article\" \/>\n<meta property=\"og:title\" content=\"O n\u00e1s - Sylex\" \/>\n<meta property=\"og:description\" content=\"V\u00e1\u017een\u00ed obchodn\u00ed partneri a priatelia, Ka\u017ed\u00e1 organiz\u00e1cia mus\u00ed definova\u0165 samu seba a sp\u00f4sob, ak\u00fdm vedie svoj \u017eivot a podnik\u00e1. Ver\u00edm, \u017ee na\u0161a spolo\u010dnos\u0165 Sylex ho na\u0161la. Od roku 1995 usilovne pracujeme na budovan\u00ed na\u0161ej identity, firemnej kult\u00fary, transparentnosti a autenticity, aby sme boli d\u00f4veryhodn\u00fdm obchodn\u00fdm partnerom, \u010destn\u00fdm zamestn\u00e1vate\u013eom a zodpovedn\u00fdm \u010dlenom spolo\u010dnosti. Na\u0161a spolo\u010dnos\u0165 m\u00e1 v tomto globalizovanom svete svoje miesto prostredn\u00edctvom: Na\u0161a v\u00edzia a poslanie plne zameran\u00e9 na potreby a v\u00fdzvy na\u0161ich z\u00e1kazn\u00edkov. Na\u0161e produkty, ktor\u00e9 sp\u00e1jaj\u00fa \u013eud\u00ed a podniky, chr\u00e1nia \u017eivoty a vytv\u00e1raj\u00fa hodnoty. N\u00e1\u0161 etick\u00fd pr\u00edstup k podnikaniu. Pevne ver\u00edm v bud\u00facnos\u0165 na\u0161ej spolo\u010dnosti. D\u00f4verujem na\u0161im z\u00e1kazn\u00edkom, partnerom, zamestnancom a obchodn\u00fdm princ\u00edpom, v\u010faka ktor\u00fdm je mo\u017en\u00e9 dosiahnu\u0165 dlhodobo udr\u017eate\u013en\u00fd rozvoj na\u0161ej spolo\u010dnosti. Je to v na\u0161ich ruk\u00e1ch. Dana Synakov\u00e1 Gener\u00e1lny riadite\u013e\" \/>\n<meta property=\"og:url\" content=\"https:\/\/www.sylex.sk\/sk\/o-nas\/\" \/>\n<meta property=\"og:site_name\" content=\"Sylex\" \/>\n<meta property=\"article:publisher\" content=\"https:\/\/www.facebook.com\/sylex.sk\/\" \/>\n<meta property=\"article:modified_time\" content=\"2024-05-27T22:03:33+00:00\" \/>\n<meta property=\"og:image\" content=\"https:\/\/www.sylex.sk\/wp-content\/uploads\/2023\/09\/Dana_Synakova-scaled.jpg\" \/>\n<meta name=\"twitter:card\" content=\"summary_large_image\" \/>\n<meta name=\"twitter:site\" content=\"@SYLEX_SK\" \/>\n<meta name=\"twitter:label1\" content=\"Predpokladan\u00fd \u010das \u010d\u00edtania\" \/>\n\t<meta name=\"twitter:data1\" content=\"1 min\u00fata\" \/>\n<script type=\"application\/ld+json\" class=\"yoast-schema-graph\">{\"@context\":\"https:\/\/schema.org\",\"@graph\":[{\"@type\":\"WebPage\",\"@id\":\"https:\/\/www.sylex.sk\/sk\/o-nas\/\",\"url\":\"https:\/\/www.sylex.sk\/sk\/o-nas\/\",\"name\":\"O n\u00e1s - Sylex\",\"isPartOf\":{\"@id\":\"https:\/\/wonderful-yonath.136-243-14-103.plesk.page\/#website\"},\"primaryImageOfPage\":{\"@id\":\"https:\/\/www.sylex.sk\/sk\/o-nas\/#primaryimage\"},\"image\":{\"@id\":\"https:\/\/www.sylex.sk\/sk\/o-nas\/#primaryimage\"},\"thumbnailUrl\":\"https:\/\/www.sylex.sk\/wp-content\/uploads\/2023\/09\/Dana_Synakova-scaled.jpg\",\"datePublished\":\"2023-09-18T08:45:40+00:00\",\"dateModified\":\"2024-05-27T22:03:33+00:00\",\"breadcrumb\":{\"@id\":\"https:\/\/www.sylex.sk\/sk\/o-nas\/#breadcrumb\"},\"inLanguage\":\"sk-SK\",\"potentialAction\":[{\"@type\":\"ReadAction\",\"target\":[\"https:\/\/www.sylex.sk\/sk\/o-nas\/\"]}]},{\"@type\":\"ImageObject\",\"inLanguage\":\"sk-SK\",\"@id\":\"https:\/\/www.sylex.sk\/sk\/o-nas\/#primaryimage\",\"url\":\"https:\/\/www.sylex.sk\/wp-content\/uploads\/2023\/09\/Dana_Synakova-scaled.jpg\",\"contentUrl\":\"https:\/\/www.sylex.sk\/wp-content\/uploads\/2023\/09\/Dana_Synakova-scaled.jpg\"},{\"@type\":\"BreadcrumbList\",\"@id\":\"https:\/\/www.sylex.sk\/sk\/o-nas\/#breadcrumb\",\"itemListElement\":[{\"@type\":\"ListItem\",\"position\":1,\"name\":\"Home\",\"item\":\"https:\/\/www.sylex.sk\/sk\/\"},{\"@type\":\"ListItem\",\"position\":2,\"name\":\"O n\u00e1s\"}]},{\"@type\":\"WebSite\",\"@id\":\"https:\/\/wonderful-yonath.136-243-14-103.plesk.page\/#website\",\"url\":\"https:\/\/wonderful-yonath.136-243-14-103.plesk.page\/\",\"name\":\"Sylex\",\"description\":\"Fiber Optics\",\"publisher\":{\"@id\":\"https:\/\/wonderful-yonath.136-243-14-103.plesk.page\/#organization\"},\"potentialAction\":[{\"@type\":\"SearchAction\",\"target\":{\"@type\":\"EntryPoint\",\"urlTemplate\":\"https:\/\/wonderful-yonath.136-243-14-103.plesk.page\/?s={search_term_string}\"},\"query-input\":{\"@type\":\"PropertyValueSpecification\",\"valueRequired\":true,\"valueName\":\"search_term_string\"}}],\"inLanguage\":\"sk-SK\"},{\"@type\":\"Organization\",\"@id\":\"https:\/\/wonderful-yonath.136-243-14-103.plesk.page\/#organization\",\"name\":\"Sylex\",\"url\":\"https:\/\/wonderful-yonath.136-243-14-103.plesk.page\/\",\"logo\":{\"@type\":\"ImageObject\",\"inLanguage\":\"sk-SK\",\"@id\":\"https:\/\/wonderful-yonath.136-243-14-103.plesk.page\/#\/schema\/logo\/image\/\",\"url\":\"https:\/\/www.sylex.sk\/wp-content\/uploads\/2024\/04\/logo4-1.png\",\"contentUrl\":\"https:\/\/www.sylex.sk\/wp-content\/uploads\/2024\/04\/logo4-1.png\",\"width\":308,\"height\":100,\"caption\":\"Sylex\"},\"image\":{\"@id\":\"https:\/\/wonderful-yonath.136-243-14-103.plesk.page\/#\/schema\/logo\/image\/\"},\"sameAs\":[\"https:\/\/www.facebook.com\/sylex.sk\/\",\"https:\/\/x.com\/SYLEX_SK\"]}]}<\/script>\n<!-- \/ Yoast SEO plugin. -->","yoast_head_json":{"title":"O n\u00e1s - Sylex","robots":{"index":"index","follow":"follow","max-snippet":"max-snippet:-1","max-image-preview":"max-image-preview:large","max-video-preview":"max-video-preview:-1"},"canonical":"https:\/\/www.sylex.sk\/sk\/o-nas\/","og_locale":"sk_SK","og_type":"article","og_title":"O n\u00e1s - Sylex","og_description":"V\u00e1\u017een\u00ed obchodn\u00ed partneri a priatelia, Ka\u017ed\u00e1 organiz\u00e1cia mus\u00ed definova\u0165 samu seba a sp\u00f4sob, ak\u00fdm vedie svoj \u017eivot a podnik\u00e1. Ver\u00edm, \u017ee na\u0161a spolo\u010dnos\u0165 Sylex ho na\u0161la. Od roku 1995 usilovne pracujeme na budovan\u00ed na\u0161ej identity, firemnej kult\u00fary, transparentnosti a autenticity, aby sme boli d\u00f4veryhodn\u00fdm obchodn\u00fdm partnerom, \u010destn\u00fdm zamestn\u00e1vate\u013eom a zodpovedn\u00fdm \u010dlenom spolo\u010dnosti. Na\u0161a spolo\u010dnos\u0165 m\u00e1 v tomto globalizovanom svete svoje miesto prostredn\u00edctvom: Na\u0161a v\u00edzia a poslanie plne zameran\u00e9 na potreby a v\u00fdzvy na\u0161ich z\u00e1kazn\u00edkov. Na\u0161e produkty, ktor\u00e9 sp\u00e1jaj\u00fa \u013eud\u00ed a podniky, chr\u00e1nia \u017eivoty a vytv\u00e1raj\u00fa hodnoty. N\u00e1\u0161 etick\u00fd pr\u00edstup k podnikaniu. Pevne ver\u00edm v bud\u00facnos\u0165 na\u0161ej spolo\u010dnosti. D\u00f4verujem na\u0161im z\u00e1kazn\u00edkom, partnerom, zamestnancom a obchodn\u00fdm princ\u00edpom, v\u010faka ktor\u00fdm je mo\u017en\u00e9 dosiahnu\u0165 dlhodobo udr\u017eate\u013en\u00fd rozvoj na\u0161ej spolo\u010dnosti. Je to v na\u0161ich ruk\u00e1ch. Dana Synakov\u00e1 Gener\u00e1lny riadite\u013e","og_url":"https:\/\/www.sylex.sk\/sk\/o-nas\/","og_site_name":"Sylex","article_publisher":"https:\/\/www.facebook.com\/sylex.sk\/","article_modified_time":"2024-05-27T22:03:33+00:00","og_image":[{"url":"https:\/\/www.sylex.sk\/wp-content\/uploads\/2023\/09\/Dana_Synakova-scaled.jpg","type":"","width":"","height":""}],"twitter_card":"summary_large_image","twitter_site":"@SYLEX_SK","twitter_misc":{"Predpokladan\u00fd \u010das \u010d\u00edtania":"1 min\u00fata"},"schema":{"@context":"https:\/\/schema.org","@graph":[{"@type":"WebPage","@id":"https:\/\/www.sylex.sk\/sk\/o-nas\/","url":"https:\/\/www.sylex.sk\/sk\/o-nas\/","name":"O n\u00e1s - Sylex","isPartOf":{"@id":"https:\/\/wonderful-yonath.136-243-14-103.plesk.page\/#website"},"primaryImageOfPage":{"@id":"https:\/\/www.sylex.sk\/sk\/o-nas\/#primaryimage"},"image":{"@id":"https:\/\/www.sylex.sk\/sk\/o-nas\/#primaryimage"},"thumbnailUrl":"https:\/\/www.sylex.sk\/wp-content\/uploads\/2023\/09\/Dana_Synakova-scaled.jpg","datePublished":"2023-09-18T08:45:40+00:00","dateModified":"2024-05-27T22:03:33+00:00","breadcrumb":{"@id":"https:\/\/www.sylex.sk\/sk\/o-nas\/#breadcrumb"},"inLanguage":"sk-SK","potentialAction":[{"@type":"ReadAction","target":["https:\/\/www.sylex.sk\/sk\/o-nas\/"]}]},{"@type":"ImageObject","inLanguage":"sk-SK","@id":"https:\/\/www.sylex.sk\/sk\/o-nas\/#primaryimage","url":"https:\/\/www.sylex.sk\/wp-content\/uploads\/2023\/09\/Dana_Synakova-scaled.jpg","contentUrl":"https:\/\/www.sylex.sk\/wp-content\/uploads\/2023\/09\/Dana_Synakova-scaled.jpg"},{"@type":"BreadcrumbList","@id":"https:\/\/www.sylex.sk\/sk\/o-nas\/#breadcrumb","itemListElement":[{"@type":"ListItem","position":1,"name":"Home","item":"https:\/\/www.sylex.sk\/sk\/"},{"@type":"ListItem","position":2,"name":"O n\u00e1s"}]},{"@type":"WebSite","@id":"https:\/\/wonderful-yonath.136-243-14-103.plesk.page\/#website","url":"https:\/\/wonderful-yonath.136-243-14-103.plesk.page\/","name":"Sylex","description":"Fiber Optics","publisher":{"@id":"https:\/\/wonderful-yonath.136-243-14-103.plesk.page\/#organization"},"potentialAction":[{"@type":"SearchAction","target":{"@type":"EntryPoint","urlTemplate":"https:\/\/wonderful-yonath.136-243-14-103.plesk.page\/?s={search_term_string}"},"query-input":{"@type":"PropertyValueSpecification","valueRequired":true,"valueName":"search_term_string"}}],"inLanguage":"sk-SK"},{"@type":"Organization","@id":"https:\/\/wonderful-yonath.136-243-14-103.plesk.page\/#organization","name":"Sylex","url":"https:\/\/wonderful-yonath.136-243-14-103.plesk.page\/","logo":{"@type":"ImageObject","inLanguage":"sk-SK","@id":"https:\/\/wonderful-yonath.136-243-14-103.plesk.page\/#\/schema\/logo\/image\/","url":"https:\/\/www.sylex.sk\/wp-content\/uploads\/2024\/04\/logo4-1.png","contentUrl":"https:\/\/www.sylex.sk\/wp-content\/uploads\/2024\/04\/logo4-1.png","width":308,"height":100,"caption":"Sylex"},"image":{"@id":"https:\/\/wonderful-yonath.136-243-14-103.plesk.page\/#\/schema\/logo\/image\/"},"sameAs":["https:\/\/www.facebook.com\/sylex.sk\/","https:\/\/x.com\/SYLEX_SK"]}]}},"_links":{"self":[{"href":"https:\/\/www.sylex.sk\/sk\/wp-json\/wp\/v2\/pages\/14405","targetHints":{"allow":["GET"]}}],"collection":[{"href":"https:\/\/www.sylex.sk\/sk\/wp-json\/wp\/v2\/pages"}],"about":[{"href":"https:\/\/www.sylex.sk\/sk\/wp-json\/wp\/v2\/types\/page"}],"author":[{"embeddable":true,"href":"https:\/\/www.sylex.sk\/sk\/wp-json\/wp\/v2\/users\/1"}],"replies":[{"embeddable":true,"href":"https:\/\/www.sylex.sk\/sk\/wp-json\/wp\/v2\/comments?post=14405"}],"version-history":[{"count":0,"href":"https:\/\/www.sylex.sk\/sk\/wp-json\/wp\/v2\/pages\/14405\/revisions"}],"wp:attachment":[{"href":"https:\/\/www.sylex.sk\/sk\/wp-json\/wp\/v2\/media?parent=14405"}],"curies":[{"name":"wp","href":"https:\/\/api.w.org\/{rel}","templated":true}]}}