{"id":14418,"date":"2024-01-29T10:48:42","date_gmt":"2024-01-29T09:48:42","guid":{"rendered":"https:\/\/www.sylex.sk\/kontakt\/zakaznicky-servis\/"},"modified":"2025-01-08T07:20:36","modified_gmt":"2025-01-08T06:20:36","slug":"zakaznicky-servis","status":"publish","type":"page","link":"https:\/\/www.sylex.sk\/sk\/kontakty\/zakaznicky-servis\/","title":{"rendered":"Z\u00e1kazn\u00edcky servis"},"content":{"rendered":"\t\t<div data-elementor-type=\"wp-page\" data-elementor-id=\"14418\" class=\"elementor elementor-14418 elementor-2924\" data-elementor-post-type=\"page\">\n\t\t\t\t\t\t<section class=\"elementor-section elementor-top-section elementor-element elementor-element-11684c5 elementor-section-boxed elementor-section-height-default elementor-section-height-default\" data-id=\"11684c5\" data-element_type=\"section\" data-e-type=\"section\">\n\t\t\t\t\t\t<div class=\"elementor-container elementor-column-gap-default\">\n\t\t\t\t\t<div class=\"elementor-column elementor-col-50 elementor-top-column elementor-element elementor-element-835328b\" data-id=\"835328b\" data-element_type=\"column\" data-e-type=\"column\">\n\t\t\t<div class=\"elementor-widget-wrap elementor-element-populated\">\n\t\t\t\t\t\t<div class=\"elementor-element elementor-element-dd119b8 elementor-widget elementor-widget-heading\" data-id=\"dd119b8\" data-element_type=\"widget\" data-e-type=\"widget\" data-widget_type=\"heading.default\">\n\t\t\t\t<div class=\"elementor-widget-container\">\n\t\t\t\t\t<h2 class=\"elementor-heading-title elementor-size-default\">Prepojovacie rie\u0161enia<\/h2>\t\t\t\t<\/div>\n\t\t\t\t<\/div>\n\t\t\t\t\t<\/div>\n\t\t<\/div>\n\t\t\t\t<div class=\"elementor-column elementor-col-50 elementor-top-column elementor-element elementor-element-9ca9286\" data-id=\"9ca9286\" data-element_type=\"column\" data-e-type=\"column\">\n\t\t\t<div class=\"elementor-widget-wrap elementor-element-populated\">\n\t\t\t\t\t\t<div class=\"elementor-element elementor-element-12d8670 elementor-widget elementor-widget-heading\" data-id=\"12d8670\" data-element_type=\"widget\" data-e-type=\"widget\" data-widget_type=\"heading.default\">\n\t\t\t\t<div class=\"elementor-widget-container\">\n\t\t\t\t\t<h2 class=\"elementor-heading-title elementor-size-default\">Senzory a sn\u00edmacie syst\u00e9my<\/h2>\t\t\t\t<\/div>\n\t\t\t\t<\/div>\n\t\t\t\t\t<\/div>\n\t\t<\/div>\n\t\t\t\t\t<\/div>\n\t\t<\/section>\n\t\t\t\t<section class=\"elementor-section elementor-top-section elementor-element elementor-element-77b103df elementor-section-content-middle elementor-section-boxed elementor-section-height-default elementor-section-height-default\" data-id=\"77b103df\" data-element_type=\"section\" data-e-type=\"section\">\n\t\t\t\t\t\t<div class=\"elementor-container elementor-column-gap-no\">\n\t\t\t\t\t<div class=\"elementor-column elementor-col-100 elementor-top-column elementor-element elementor-element-4d3b7c20\" data-id=\"4d3b7c20\" data-element_type=\"column\" data-e-type=\"column\">\n\t\t\t<div class=\"elementor-widget-wrap elementor-element-populated\">\n\t\t\t\t\t\t<section class=\"elementor-section elementor-inner-section elementor-element elementor-element-1e76f369 elementor-section-boxed elementor-section-height-default elementor-section-height-default\" data-id=\"1e76f369\" data-element_type=\"section\" data-e-type=\"section\">\n\t\t\t\t\t\t<div class=\"elementor-container elementor-column-gap-default\">\n\t\t\t\t\t<div class=\"elementor-column elementor-col-50 elementor-inner-column elementor-element elementor-element-19a66535\" data-id=\"19a66535\" data-element_type=\"column\" data-e-type=\"column\">\n\t\t\t<div class=\"elementor-widget-wrap elementor-element-populated\">\n\t\t\t\t\t\t<div class=\"elementor-element elementor-element-4295c946 elementor-position-left elementor-vertical-align-middle elementor-widget elementor-widget-image-box\" data-id=\"4295c946\" data-element_type=\"widget\" data-e-type=\"widget\" data-widget_type=\"image-box.default\">\n\t\t\t\t<div class=\"elementor-widget-container\">\n\t\t\t\t\t<div class=\"elementor-image-box-wrapper\"><figure class=\"elementor-image-box-img\"><img fetchpriority=\"high\" decoding=\"async\" width=\"1600\" height=\"1599\" src=\"https:\/\/www.sylex.sk\/wp-content\/uploads\/2024\/04\/Roman-Polacek.jpg\" class=\"attachment-full size-full wp-image-11822\" alt=\"\" srcset=\"https:\/\/www.sylex.sk\/wp-content\/uploads\/2024\/04\/Roman-Polacek.jpg 1600w, https:\/\/www.sylex.sk\/wp-content\/uploads\/2024\/04\/Roman-Polacek-300x300.jpg 300w, https:\/\/www.sylex.sk\/wp-content\/uploads\/2024\/04\/Roman-Polacek-1024x1024.jpg 1024w, https:\/\/www.sylex.sk\/wp-content\/uploads\/2024\/04\/Roman-Polacek-150x150.jpg 150w, https:\/\/www.sylex.sk\/wp-content\/uploads\/2024\/04\/Roman-Polacek-768x768.jpg 768w, https:\/\/www.sylex.sk\/wp-content\/uploads\/2024\/04\/Roman-Polacek-1536x1536.jpg 1536w, https:\/\/www.sylex.sk\/wp-content\/uploads\/2024\/04\/Roman-Polacek-600x600.jpg 600w, https:\/\/www.sylex.sk\/wp-content\/uploads\/2024\/04\/Roman-Polacek-100x100.jpg 100w\" sizes=\"(max-width: 1600px) 100vw, 1600px\" \/><\/figure><div class=\"elementor-image-box-content\"><h3 class=\"elementor-image-box-title\">Roman Pol\u00e1\u010dek<\/h3><p class=\"elementor-image-box-description\">Z\u00e1kazn\u00edcky servis<\/p><\/div><\/div>\t\t\t\t<\/div>\n\t\t\t\t<\/div>\n\t\t\t\t<div class=\"elementor-element elementor-element-3eb41723 elementor-widget elementor-widget-text-editor\" data-id=\"3eb41723\" data-element_type=\"widget\" data-e-type=\"widget\" data-widget_type=\"text-editor.default\">\n\t\t\t\t<div class=\"elementor-widget-container\">\n\t\t\t\t\t\t\t\t\t<p><b>telef\u00f3n:<\/b> <a href=\"tel:+421248201805\">+421 2 4820 1805<\/a><br \/><b>mobil:<\/b> <a href=\"tel:+421911237842\">+421 911 237 842<\/a><br \/><b>e-mail:<\/b> <a href=\"mailto:rpolacek@sylex.sk\">rpolacek@sylex.sk<\/a><\/p>\n\t\t\t\t\t\t\t\t<\/div>\n\t\t\t\t<\/div>\n\t\t\t\t\t<\/div>\n\t\t<\/div>\n\t\t\t\t<div class=\"elementor-column elementor-col-50 elementor-inner-column elementor-element elementor-element-6a52ddf\" data-id=\"6a52ddf\" data-element_type=\"column\" data-e-type=\"column\">\n\t\t\t<div class=\"elementor-widget-wrap elementor-element-populated\">\n\t\t\t\t\t\t<div class=\"elementor-element elementor-element-03cb8fc elementor-position-left elementor-vertical-align-middle elementor-widget elementor-widget-image-box\" data-id=\"03cb8fc\" data-element_type=\"widget\" data-e-type=\"widget\" data-widget_type=\"image-box.default\">\n\t\t\t\t<div class=\"elementor-widget-container\">\n\t\t\t\t\t<div class=\"elementor-image-box-wrapper\"><figure class=\"elementor-image-box-img\"><img decoding=\"async\" width=\"1600\" height=\"1599\" src=\"https:\/\/www.sylex.sk\/wp-content\/uploads\/2024\/04\/Andrej-Tichy.jpg\" class=\"attachment-full size-full wp-image-11821\" alt=\"\" srcset=\"https:\/\/www.sylex.sk\/wp-content\/uploads\/2024\/04\/Andrej-Tichy.jpg 1600w, https:\/\/www.sylex.sk\/wp-content\/uploads\/2024\/04\/Andrej-Tichy-300x300.jpg 300w, https:\/\/www.sylex.sk\/wp-content\/uploads\/2024\/04\/Andrej-Tichy-1024x1024.jpg 1024w, https:\/\/www.sylex.sk\/wp-content\/uploads\/2024\/04\/Andrej-Tichy-150x150.jpg 150w, https:\/\/www.sylex.sk\/wp-content\/uploads\/2024\/04\/Andrej-Tichy-768x768.jpg 768w, https:\/\/www.sylex.sk\/wp-content\/uploads\/2024\/04\/Andrej-Tichy-1536x1536.jpg 1536w, https:\/\/www.sylex.sk\/wp-content\/uploads\/2024\/04\/Andrej-Tichy-600x600.jpg 600w, https:\/\/www.sylex.sk\/wp-content\/uploads\/2024\/04\/Andrej-Tichy-100x100.jpg 100w\" sizes=\"(max-width: 1600px) 100vw, 1600px\" \/><\/figure><div class=\"elementor-image-box-content\"><h3 class=\"elementor-image-box-title\">Andrej Tich\u00fd<\/h3><p class=\"elementor-image-box-description\">In\u017einier predaja<\/p><\/div><\/div>\t\t\t\t<\/div>\n\t\t\t\t<\/div>\n\t\t\t\t<div class=\"elementor-element elementor-element-3db536a elementor-widget elementor-widget-text-editor\" data-id=\"3db536a\" data-element_type=\"widget\" data-e-type=\"widget\" data-widget_type=\"text-editor.default\">\n\t\t\t\t<div class=\"elementor-widget-container\">\n\t\t\t\t\t\t\t\t\t<p><b>telef\u00f3n:<\/b>+ <a href=\"tel:+421248201860\">2 4820 1860<\/a><br \/><b>mobil:<\/b> <a href=\"tel:+421911432235\">+421 911 432 235<\/a><br \/><b>e-mail:<\/b> <a href=\"mailto:atichy@sylex.sk\">atichy@sylex.sk<\/a><\/p>\n\t\t\t\t\t\t\t\t<\/div>\n\t\t\t\t<\/div>\n\t\t\t\t\t<\/div>\n\t\t<\/div>\n\t\t\t\t\t<\/div>\n\t\t<\/section>\n\t\t\t\t<section class=\"elementor-section elementor-inner-section elementor-element elementor-element-c82237f elementor-section-boxed elementor-section-height-default elementor-section-height-default\" data-id=\"c82237f\" data-element_type=\"section\" data-e-type=\"section\">\n\t\t\t\t\t\t<div class=\"elementor-container elementor-column-gap-default\">\n\t\t\t\t\t<div class=\"elementor-column elementor-col-50 elementor-inner-column elementor-element elementor-element-bc84bb5\" data-id=\"bc84bb5\" data-element_type=\"column\" data-e-type=\"column\">\n\t\t\t<div class=\"elementor-widget-wrap\">\n\t\t\t\t\t\t\t<\/div>\n\t\t<\/div>\n\t\t\t\t<div class=\"elementor-column elementor-col-50 elementor-inner-column elementor-element elementor-element-fc85e31\" data-id=\"fc85e31\" data-element_type=\"column\" data-e-type=\"column\">\n\t\t\t<div class=\"elementor-widget-wrap elementor-element-populated\">\n\t\t\t\t\t\t<div class=\"elementor-element elementor-element-b7ff0be elementor-position-left elementor-vertical-align-middle elementor-widget elementor-widget-image-box\" data-id=\"b7ff0be\" data-element_type=\"widget\" data-e-type=\"widget\" data-widget_type=\"image-box.default\">\n\t\t\t\t<div class=\"elementor-widget-container\">\n\t\t\t\t\t<div class=\"elementor-image-box-wrapper\"><figure class=\"elementor-image-box-img\"><img decoding=\"async\" width=\"500\" height=\"500\" src=\"https:\/\/www.sylex.sk\/wp-content\/uploads\/2024\/04\/Filip-Klema.png\" class=\"attachment-full size-full wp-image-11809\" alt=\"\" srcset=\"https:\/\/www.sylex.sk\/wp-content\/uploads\/2024\/04\/Filip-Klema.png 500w, https:\/\/www.sylex.sk\/wp-content\/uploads\/2024\/04\/Filip-Klema-300x300.png 300w, https:\/\/www.sylex.sk\/wp-content\/uploads\/2024\/04\/Filip-Klema-150x150.png 150w, https:\/\/www.sylex.sk\/wp-content\/uploads\/2024\/04\/Filip-Klema-100x100.png 100w\" sizes=\"(max-width: 500px) 100vw, 500px\" \/><\/figure><div class=\"elementor-image-box-content\"><h3 class=\"elementor-image-box-title\">Filip Klema<\/h3><p class=\"elementor-image-box-description\">In\u017einier predaja<\/p><\/div><\/div>\t\t\t\t<\/div>\n\t\t\t\t<\/div>\n\t\t\t\t<div class=\"elementor-element elementor-element-8ed7918 elementor-widget elementor-widget-text-editor\" data-id=\"8ed7918\" data-element_type=\"widget\" data-e-type=\"widget\" data-widget_type=\"text-editor.default\">\n\t\t\t\t<div class=\"elementor-widget-container\">\n\t\t\t\t\t\t\t\t\t<p>telef\u00f3n: + <a href=\"tel:+421248201817\">2 4820 1817<\/a><br \/>mobil: <a href=\"tel:+421947936606\">+421 947 936 606<\/a><br \/>e-mail: <a href=\"mailto:fklema@sylex.sk\">fklema@sylex.sk<\/a><\/p>\n\t\t\t\t\t\t\t\t<\/div>\n\t\t\t\t<\/div>\n\t\t\t\t\t<\/div>\n\t\t<\/div>\n\t\t\t\t\t<\/div>\n\t\t<\/section>\n\t\t\t\t\t<\/div>\n\t\t<\/div>\n\t\t\t\t\t<\/div>\n\t\t<\/section>\n\t\t\t\t<\/div>\n\t\t","protected":false},"excerpt":{"rendered":"<p>Prepojovacie rie\u0161enia Senzory a sn\u00edmacie syst\u00e9my Roman Pol\u00e1\u010dek Z\u00e1kazn\u00edcky servis telef\u00f3n: +421 2 4820 1805mobil: +421 911 237 842e-mail: rpolacek@sylex.sk Andrej Tich\u00fd In\u017einier predaja telef\u00f3n:+ 2 4820 1860mobil: +421 911 432 235e-mail: atichy@sylex.sk Filip Klema In\u017einier predaja telef\u00f3n: + 2 4820 1817mobil: +421 947 936 606e-mail: fklema@sylex.sk<\/p>\n","protected":false},"author":1,"featured_media":0,"parent":14388,"menu_order":0,"comment_status":"closed","ping_status":"closed","template":"","meta":{"_acf_changed":false,"footnotes":""},"class_list":["post-14418","page","type-page","status-publish","hentry"],"acf":[],"yoast_head":"<!-- This site is optimized with the Yoast SEO plugin v27.0 - https:\/\/yoast.com\/product\/yoast-seo-wordpress\/ -->\n<title>Z\u00e1kazn\u00edcky servis - Sylex<\/title>\n<meta name=\"robots\" content=\"index, follow, max-snippet:-1, max-image-preview:large, max-video-preview:-1\" \/>\n<link rel=\"canonical\" href=\"https:\/\/www.sylex.sk\/sk\/kontakty\/zakaznicky-servis\/\" \/>\n<meta property=\"og:locale\" content=\"sk_SK\" \/>\n<meta property=\"og:type\" content=\"article\" \/>\n<meta property=\"og:title\" content=\"Z\u00e1kazn\u00edcky servis - Sylex\" \/>\n<meta property=\"og:description\" content=\"Prepojovacie rie\u0161enia Senzory a sn\u00edmacie syst\u00e9my Roman Pol\u00e1\u010dek Z\u00e1kazn\u00edcky servis telef\u00f3n: +421 2 4820 1805mobil: +421 911 237 842e-mail: rpolacek@sylex.sk Andrej Tich\u00fd In\u017einier predaja telef\u00f3n:+ 2 4820 1860mobil: +421 911 432 235e-mail: atichy@sylex.sk Filip Klema In\u017einier predaja telef\u00f3n: + 2 4820 1817mobil: +421 947 936 606e-mail: fklema@sylex.sk\" \/>\n<meta property=\"og:url\" content=\"https:\/\/www.sylex.sk\/sk\/kontakty\/zakaznicky-servis\/\" \/>\n<meta property=\"og:site_name\" content=\"Sylex\" \/>\n<meta property=\"article:publisher\" content=\"https:\/\/www.facebook.com\/sylex.sk\/\" \/>\n<meta property=\"article:modified_time\" content=\"2025-01-08T06:20:36+00:00\" \/>\n<meta property=\"og:image\" content=\"https:\/\/www.sylex.sk\/wp-content\/uploads\/2024\/04\/Roman-Polacek.jpg\" \/>\n\t<meta property=\"og:image:width\" content=\"1600\" \/>\n\t<meta property=\"og:image:height\" content=\"1599\" \/>\n\t<meta property=\"og:image:type\" content=\"image\/jpeg\" \/>\n<meta name=\"twitter:card\" content=\"summary_large_image\" \/>\n<meta name=\"twitter:site\" content=\"@SYLEX_SK\" \/>\n<meta name=\"twitter:label1\" content=\"Predpokladan\u00fd \u010das \u010d\u00edtania\" \/>\n\t<meta name=\"twitter:data1\" content=\"1 min\u00fata\" \/>\n<script type=\"application\/ld+json\" class=\"yoast-schema-graph\">{\"@context\":\"https:\/\/schema.org\",\"@graph\":[{\"@type\":\"WebPage\",\"@id\":\"https:\/\/www.sylex.sk\/sk\/kontakty\/zakaznicky-servis\/\",\"url\":\"https:\/\/www.sylex.sk\/sk\/kontakty\/zakaznicky-servis\/\",\"name\":\"Z\u00e1kazn\u00edcky servis - Sylex\",\"isPartOf\":{\"@id\":\"https:\/\/wonderful-yonath.136-243-14-103.plesk.page\/#website\"},\"primaryImageOfPage\":{\"@id\":\"https:\/\/www.sylex.sk\/sk\/kontakty\/zakaznicky-servis\/#primaryimage\"},\"image\":{\"@id\":\"https:\/\/www.sylex.sk\/sk\/kontakty\/zakaznicky-servis\/#primaryimage\"},\"thumbnailUrl\":\"https:\/\/www.sylex.sk\/wp-content\/uploads\/2024\/04\/Roman-Polacek.jpg\",\"datePublished\":\"2024-01-29T09:48:42+00:00\",\"dateModified\":\"2025-01-08T06:20:36+00:00\",\"breadcrumb\":{\"@id\":\"https:\/\/www.sylex.sk\/sk\/kontakty\/zakaznicky-servis\/#breadcrumb\"},\"inLanguage\":\"sk-SK\",\"potentialAction\":[{\"@type\":\"ReadAction\",\"target\":[\"https:\/\/www.sylex.sk\/sk\/kontakty\/zakaznicky-servis\/\"]}]},{\"@type\":\"ImageObject\",\"inLanguage\":\"sk-SK\",\"@id\":\"https:\/\/www.sylex.sk\/sk\/kontakty\/zakaznicky-servis\/#primaryimage\",\"url\":\"https:\/\/www.sylex.sk\/wp-content\/uploads\/2024\/04\/Roman-Polacek.jpg\",\"contentUrl\":\"https:\/\/www.sylex.sk\/wp-content\/uploads\/2024\/04\/Roman-Polacek.jpg\"},{\"@type\":\"BreadcrumbList\",\"@id\":\"https:\/\/www.sylex.sk\/sk\/kontakty\/zakaznicky-servis\/#breadcrumb\",\"itemListElement\":[{\"@type\":\"ListItem\",\"position\":1,\"name\":\"Home\",\"item\":\"https:\/\/www.sylex.sk\/sk\/\"},{\"@type\":\"ListItem\",\"position\":2,\"name\":\"Kontakty\",\"item\":\"https:\/\/www.sylex.sk\/sk\/contact\/\"},{\"@type\":\"ListItem\",\"position\":3,\"name\":\"Z\u00e1kazn\u00edcky servis\"}]},{\"@type\":\"WebSite\",\"@id\":\"https:\/\/wonderful-yonath.136-243-14-103.plesk.page\/#website\",\"url\":\"https:\/\/wonderful-yonath.136-243-14-103.plesk.page\/\",\"name\":\"Sylex\",\"description\":\"Fiber Optics\",\"publisher\":{\"@id\":\"https:\/\/wonderful-yonath.136-243-14-103.plesk.page\/#organization\"},\"potentialAction\":[{\"@type\":\"SearchAction\",\"target\":{\"@type\":\"EntryPoint\",\"urlTemplate\":\"https:\/\/wonderful-yonath.136-243-14-103.plesk.page\/?s={search_term_string}\"},\"query-input\":{\"@type\":\"PropertyValueSpecification\",\"valueRequired\":true,\"valueName\":\"search_term_string\"}}],\"inLanguage\":\"sk-SK\"},{\"@type\":\"Organization\",\"@id\":\"https:\/\/wonderful-yonath.136-243-14-103.plesk.page\/#organization\",\"name\":\"Sylex\",\"url\":\"https:\/\/wonderful-yonath.136-243-14-103.plesk.page\/\",\"logo\":{\"@type\":\"ImageObject\",\"inLanguage\":\"sk-SK\",\"@id\":\"https:\/\/wonderful-yonath.136-243-14-103.plesk.page\/#\/schema\/logo\/image\/\",\"url\":\"https:\/\/www.sylex.sk\/wp-content\/uploads\/2024\/04\/logo4-1.png\",\"contentUrl\":\"https:\/\/www.sylex.sk\/wp-content\/uploads\/2024\/04\/logo4-1.png\",\"width\":308,\"height\":100,\"caption\":\"Sylex\"},\"image\":{\"@id\":\"https:\/\/wonderful-yonath.136-243-14-103.plesk.page\/#\/schema\/logo\/image\/\"},\"sameAs\":[\"https:\/\/www.facebook.com\/sylex.sk\/\",\"https:\/\/x.com\/SYLEX_SK\"]}]}<\/script>\n<!-- \/ Yoast SEO plugin. -->","yoast_head_json":{"title":"Z\u00e1kazn\u00edcky servis - Sylex","robots":{"index":"index","follow":"follow","max-snippet":"max-snippet:-1","max-image-preview":"max-image-preview:large","max-video-preview":"max-video-preview:-1"},"canonical":"https:\/\/www.sylex.sk\/sk\/kontakty\/zakaznicky-servis\/","og_locale":"sk_SK","og_type":"article","og_title":"Z\u00e1kazn\u00edcky servis - Sylex","og_description":"Prepojovacie rie\u0161enia Senzory a sn\u00edmacie syst\u00e9my Roman Pol\u00e1\u010dek Z\u00e1kazn\u00edcky servis telef\u00f3n: +421 2 4820 1805mobil: +421 911 237 842e-mail: rpolacek@sylex.sk Andrej Tich\u00fd In\u017einier predaja telef\u00f3n:+ 2 4820 1860mobil: +421 911 432 235e-mail: atichy@sylex.sk Filip Klema In\u017einier predaja telef\u00f3n: + 2 4820 1817mobil: +421 947 936 606e-mail: fklema@sylex.sk","og_url":"https:\/\/www.sylex.sk\/sk\/kontakty\/zakaznicky-servis\/","og_site_name":"Sylex","article_publisher":"https:\/\/www.facebook.com\/sylex.sk\/","article_modified_time":"2025-01-08T06:20:36+00:00","og_image":[{"width":1600,"height":1599,"url":"https:\/\/www.sylex.sk\/wp-content\/uploads\/2024\/04\/Roman-Polacek.jpg","type":"image\/jpeg"}],"twitter_card":"summary_large_image","twitter_site":"@SYLEX_SK","twitter_misc":{"Predpokladan\u00fd \u010das \u010d\u00edtania":"1 min\u00fata"},"schema":{"@context":"https:\/\/schema.org","@graph":[{"@type":"WebPage","@id":"https:\/\/www.sylex.sk\/sk\/kontakty\/zakaznicky-servis\/","url":"https:\/\/www.sylex.sk\/sk\/kontakty\/zakaznicky-servis\/","name":"Z\u00e1kazn\u00edcky servis - Sylex","isPartOf":{"@id":"https:\/\/wonderful-yonath.136-243-14-103.plesk.page\/#website"},"primaryImageOfPage":{"@id":"https:\/\/www.sylex.sk\/sk\/kontakty\/zakaznicky-servis\/#primaryimage"},"image":{"@id":"https:\/\/www.sylex.sk\/sk\/kontakty\/zakaznicky-servis\/#primaryimage"},"thumbnailUrl":"https:\/\/www.sylex.sk\/wp-content\/uploads\/2024\/04\/Roman-Polacek.jpg","datePublished":"2024-01-29T09:48:42+00:00","dateModified":"2025-01-08T06:20:36+00:00","breadcrumb":{"@id":"https:\/\/www.sylex.sk\/sk\/kontakty\/zakaznicky-servis\/#breadcrumb"},"inLanguage":"sk-SK","potentialAction":[{"@type":"ReadAction","target":["https:\/\/www.sylex.sk\/sk\/kontakty\/zakaznicky-servis\/"]}]},{"@type":"ImageObject","inLanguage":"sk-SK","@id":"https:\/\/www.sylex.sk\/sk\/kontakty\/zakaznicky-servis\/#primaryimage","url":"https:\/\/www.sylex.sk\/wp-content\/uploads\/2024\/04\/Roman-Polacek.jpg","contentUrl":"https:\/\/www.sylex.sk\/wp-content\/uploads\/2024\/04\/Roman-Polacek.jpg"},{"@type":"BreadcrumbList","@id":"https:\/\/www.sylex.sk\/sk\/kontakty\/zakaznicky-servis\/#breadcrumb","itemListElement":[{"@type":"ListItem","position":1,"name":"Home","item":"https:\/\/www.sylex.sk\/sk\/"},{"@type":"ListItem","position":2,"name":"Kontakty","item":"https:\/\/www.sylex.sk\/sk\/contact\/"},{"@type":"ListItem","position":3,"name":"Z\u00e1kazn\u00edcky servis"}]},{"@type":"WebSite","@id":"https:\/\/wonderful-yonath.136-243-14-103.plesk.page\/#website","url":"https:\/\/wonderful-yonath.136-243-14-103.plesk.page\/","name":"Sylex","description":"Fiber Optics","publisher":{"@id":"https:\/\/wonderful-yonath.136-243-14-103.plesk.page\/#organization"},"potentialAction":[{"@type":"SearchAction","target":{"@type":"EntryPoint","urlTemplate":"https:\/\/wonderful-yonath.136-243-14-103.plesk.page\/?s={search_term_string}"},"query-input":{"@type":"PropertyValueSpecification","valueRequired":true,"valueName":"search_term_string"}}],"inLanguage":"sk-SK"},{"@type":"Organization","@id":"https:\/\/wonderful-yonath.136-243-14-103.plesk.page\/#organization","name":"Sylex","url":"https:\/\/wonderful-yonath.136-243-14-103.plesk.page\/","logo":{"@type":"ImageObject","inLanguage":"sk-SK","@id":"https:\/\/wonderful-yonath.136-243-14-103.plesk.page\/#\/schema\/logo\/image\/","url":"https:\/\/www.sylex.sk\/wp-content\/uploads\/2024\/04\/logo4-1.png","contentUrl":"https:\/\/www.sylex.sk\/wp-content\/uploads\/2024\/04\/logo4-1.png","width":308,"height":100,"caption":"Sylex"},"image":{"@id":"https:\/\/wonderful-yonath.136-243-14-103.plesk.page\/#\/schema\/logo\/image\/"},"sameAs":["https:\/\/www.facebook.com\/sylex.sk\/","https:\/\/x.com\/SYLEX_SK"]}]}},"_links":{"self":[{"href":"https:\/\/www.sylex.sk\/sk\/wp-json\/wp\/v2\/pages\/14418","targetHints":{"allow":["GET"]}}],"collection":[{"href":"https:\/\/www.sylex.sk\/sk\/wp-json\/wp\/v2\/pages"}],"about":[{"href":"https:\/\/www.sylex.sk\/sk\/wp-json\/wp\/v2\/types\/page"}],"author":[{"embeddable":true,"href":"https:\/\/www.sylex.sk\/sk\/wp-json\/wp\/v2\/users\/1"}],"replies":[{"embeddable":true,"href":"https:\/\/www.sylex.sk\/sk\/wp-json\/wp\/v2\/comments?post=14418"}],"version-history":[{"count":8,"href":"https:\/\/www.sylex.sk\/sk\/wp-json\/wp\/v2\/pages\/14418\/revisions"}],"predecessor-version":[{"id":20142,"href":"https:\/\/www.sylex.sk\/sk\/wp-json\/wp\/v2\/pages\/14418\/revisions\/20142"}],"up":[{"embeddable":true,"href":"https:\/\/www.sylex.sk\/sk\/wp-json\/wp\/v2\/pages\/14388"}],"wp:attachment":[{"href":"https:\/\/www.sylex.sk\/sk\/wp-json\/wp\/v2\/media?parent=14418"}],"curies":[{"name":"wp","href":"https:\/\/api.w.org\/{rel}","templated":true}]}}