{"id":14420,"date":"2024-01-29T10:48:43","date_gmt":"2024-01-29T09:48:43","guid":{"rendered":"https:\/\/www.sylex.sk\/kontakt\/kvalita\/"},"modified":"2025-01-08T07:20:19","modified_gmt":"2025-01-08T06:20:19","slug":"kvalita","status":"publish","type":"page","link":"https:\/\/www.sylex.sk\/sk\/kontakty\/kvalita\/","title":{"rendered":"Kvalita"},"content":{"rendered":"\t\t<div data-elementor-type=\"wp-page\" data-elementor-id=\"14420\" class=\"elementor elementor-14420 elementor-2926\" data-elementor-post-type=\"page\">\n\t\t\t\t\t\t<section class=\"elementor-section elementor-top-section elementor-element elementor-element-11684c5 elementor-section-boxed elementor-section-height-default elementor-section-height-default\" data-id=\"11684c5\" data-element_type=\"section\" data-e-type=\"section\">\n\t\t\t\t\t\t<div class=\"elementor-container elementor-column-gap-default\">\n\t\t\t\t\t<div class=\"elementor-column elementor-col-50 elementor-top-column elementor-element elementor-element-835328b\" data-id=\"835328b\" data-element_type=\"column\" data-e-type=\"column\">\n\t\t\t<div class=\"elementor-widget-wrap elementor-element-populated\">\n\t\t\t\t\t\t<div class=\"elementor-element elementor-element-dd119b8 elementor-widget elementor-widget-heading\" data-id=\"dd119b8\" data-element_type=\"widget\" data-e-type=\"widget\" data-widget_type=\"heading.default\">\n\t\t\t\t<div class=\"elementor-widget-container\">\n\t\t\t\t\t<h2 class=\"elementor-heading-title elementor-size-default\">Prepojovacie rie\u0161enia<\/h2>\t\t\t\t<\/div>\n\t\t\t\t<\/div>\n\t\t\t\t\t<\/div>\n\t\t<\/div>\n\t\t\t\t<div class=\"elementor-column elementor-col-50 elementor-top-column elementor-element elementor-element-9ca9286\" data-id=\"9ca9286\" data-element_type=\"column\" data-e-type=\"column\">\n\t\t\t<div class=\"elementor-widget-wrap elementor-element-populated\">\n\t\t\t\t\t\t<div class=\"elementor-element elementor-element-12d8670 elementor-widget elementor-widget-heading\" data-id=\"12d8670\" data-element_type=\"widget\" data-e-type=\"widget\" data-widget_type=\"heading.default\">\n\t\t\t\t<div class=\"elementor-widget-container\">\n\t\t\t\t\t<h2 class=\"elementor-heading-title elementor-size-default\">Senzory a sn\u00edmacie syst\u00e9my<\/h2>\t\t\t\t<\/div>\n\t\t\t\t<\/div>\n\t\t\t\t\t<\/div>\n\t\t<\/div>\n\t\t\t\t\t<\/div>\n\t\t<\/section>\n\t\t\t\t<section class=\"elementor-section elementor-top-section elementor-element elementor-element-77b103df elementor-section-content-middle elementor-section-boxed elementor-section-height-default elementor-section-height-default\" data-id=\"77b103df\" data-element_type=\"section\" data-e-type=\"section\">\n\t\t\t\t\t\t<div class=\"elementor-container elementor-column-gap-no\">\n\t\t\t\t\t<div class=\"elementor-column elementor-col-100 elementor-top-column elementor-element elementor-element-4d3b7c20\" data-id=\"4d3b7c20\" data-element_type=\"column\" data-e-type=\"column\">\n\t\t\t<div class=\"elementor-widget-wrap elementor-element-populated\">\n\t\t\t\t\t\t<section class=\"elementor-section elementor-inner-section elementor-element elementor-element-ebf8b80 elementor-section-boxed elementor-section-height-default elementor-section-height-default\" data-id=\"ebf8b80\" data-element_type=\"section\" data-e-type=\"section\">\n\t\t\t\t\t\t<div class=\"elementor-container elementor-column-gap-default\">\n\t\t\t\t\t<div class=\"elementor-column elementor-col-50 elementor-inner-column elementor-element elementor-element-e543dbc\" data-id=\"e543dbc\" data-element_type=\"column\" data-e-type=\"column\">\n\t\t\t<div class=\"elementor-widget-wrap elementor-element-populated\">\n\t\t\t\t\t\t<div class=\"elementor-element elementor-element-a1b5075 elementor-position-left elementor-vertical-align-middle elementor-widget elementor-widget-image-box\" data-id=\"a1b5075\" data-element_type=\"widget\" data-e-type=\"widget\" data-widget_type=\"image-box.default\">\n\t\t\t\t<div class=\"elementor-widget-container\">\n\t\t\t\t\t<div class=\"elementor-image-box-wrapper\"><figure class=\"elementor-image-box-img\"><img fetchpriority=\"high\" decoding=\"async\" width=\"1030\" height=\"1030\" src=\"https:\/\/www.sylex.sk\/wp-content\/uploads\/2024\/04\/Ivan-Golian-1030x1030-1.jpg\" class=\"attachment-full size-full wp-image-11832\" alt=\"\" srcset=\"https:\/\/www.sylex.sk\/wp-content\/uploads\/2024\/04\/Ivan-Golian-1030x1030-1.jpg 1030w, https:\/\/www.sylex.sk\/wp-content\/uploads\/2024\/04\/Ivan-Golian-1030x1030-1-300x300.jpg 300w, https:\/\/www.sylex.sk\/wp-content\/uploads\/2024\/04\/Ivan-Golian-1030x1030-1-1024x1024.jpg 1024w, https:\/\/www.sylex.sk\/wp-content\/uploads\/2024\/04\/Ivan-Golian-1030x1030-1-150x150.jpg 150w, https:\/\/www.sylex.sk\/wp-content\/uploads\/2024\/04\/Ivan-Golian-1030x1030-1-768x768.jpg 768w, https:\/\/www.sylex.sk\/wp-content\/uploads\/2024\/04\/Ivan-Golian-1030x1030-1-600x600.jpg 600w, https:\/\/www.sylex.sk\/wp-content\/uploads\/2024\/04\/Ivan-Golian-1030x1030-1-100x100.jpg 100w\" sizes=\"(max-width: 1030px) 100vw, 1030px\" \/><\/figure><div class=\"elementor-image-box-content\"><h3 class=\"elementor-image-box-title\">Ivan Golian<\/h3><p class=\"elementor-image-box-description\">Mana\u017e\u00e9r kvality<\/p><\/div><\/div>\t\t\t\t<\/div>\n\t\t\t\t<\/div>\n\t\t\t\t<div class=\"elementor-element elementor-element-125d8aa elementor-widget elementor-widget-text-editor\" data-id=\"125d8aa\" data-element_type=\"widget\" data-e-type=\"widget\" data-widget_type=\"text-editor.default\">\n\t\t\t\t<div class=\"elementor-widget-container\">\n\t\t\t\t\t\t\t\t\t<p><b>telef\u00f3n:<\/b>+ <a href=\"tel:+421248201807\">2 4820 1807<\/a><br \/><b>mobil:<\/b> <a href=\"tel:+421903909918\">+421 903 909 918<\/a><br \/><b>e-mail:<\/b> <a href=\"mailto:igolian@sylex.sk\">igolian@sylex.sk<\/a><\/p>\n\t\t\t\t\t\t\t\t<\/div>\n\t\t\t\t<\/div>\n\t\t\t\t\t<\/div>\n\t\t<\/div>\n\t\t\t\t<div class=\"elementor-column elementor-col-50 elementor-inner-column elementor-element elementor-element-a422322\" data-id=\"a422322\" data-element_type=\"column\" data-e-type=\"column\">\n\t\t\t<div class=\"elementor-widget-wrap elementor-element-populated\">\n\t\t\t\t\t\t<div class=\"elementor-element elementor-element-f840d29 elementor-position-left elementor-vertical-align-middle elementor-widget elementor-widget-image-box\" data-id=\"f840d29\" data-element_type=\"widget\" data-e-type=\"widget\" data-widget_type=\"image-box.default\">\n\t\t\t\t<div class=\"elementor-widget-container\">\n\t\t\t\t\t<div class=\"elementor-image-box-wrapper\"><figure class=\"elementor-image-box-img\"><img decoding=\"async\" width=\"1030\" height=\"1030\" src=\"https:\/\/www.sylex.sk\/wp-content\/uploads\/2024\/04\/Tomas-Salat.jpg\" class=\"attachment-full size-full wp-image-11818\" alt=\"\" srcset=\"https:\/\/www.sylex.sk\/wp-content\/uploads\/2024\/04\/Tomas-Salat.jpg 1030w, https:\/\/www.sylex.sk\/wp-content\/uploads\/2024\/04\/Tomas-Salat-300x300.jpg 300w, https:\/\/www.sylex.sk\/wp-content\/uploads\/2024\/04\/Tomas-Salat-1024x1024.jpg 1024w, https:\/\/www.sylex.sk\/wp-content\/uploads\/2024\/04\/Tomas-Salat-150x150.jpg 150w, https:\/\/www.sylex.sk\/wp-content\/uploads\/2024\/04\/Tomas-Salat-768x768.jpg 768w, https:\/\/www.sylex.sk\/wp-content\/uploads\/2024\/04\/Tomas-Salat-600x600.jpg 600w, https:\/\/www.sylex.sk\/wp-content\/uploads\/2024\/04\/Tomas-Salat-100x100.jpg 100w\" sizes=\"(max-width: 1030px) 100vw, 1030px\" \/><\/figure><div class=\"elementor-image-box-content\"><h3 class=\"elementor-image-box-title\">Tom\u00e1\u0161 \u0160al\u00e1t<\/h3><p class=\"elementor-image-box-description\">Hlavn\u00fd projektov\u00fd in\u017einier<\/p><\/div><\/div>\t\t\t\t<\/div>\n\t\t\t\t<\/div>\n\t\t\t\t<div class=\"elementor-element elementor-element-2a40ace elementor-widget elementor-widget-text-editor\" data-id=\"2a40ace\" data-element_type=\"widget\" data-e-type=\"widget\" data-widget_type=\"text-editor.default\">\n\t\t\t\t<div class=\"elementor-widget-container\">\n\t\t\t\t\t\t\t\t\t<p><b>telef\u00f3n:<\/b>+ <a href=\"tel:+421248201813\">2 4820 1813<\/a><br \/><b>mobil:<\/b> <a href=\"tel:+421903435123\">+421 903 435 123<\/a><br \/><b>e-mail:<\/b> <a href=\"mailto:tsalat@sylex.sk\">tsalat@sylex.sk<\/a><\/p>\n\t\t\t\t\t\t\t\t<\/div>\n\t\t\t\t<\/div>\n\t\t\t\t\t<\/div>\n\t\t<\/div>\n\t\t\t\t\t<\/div>\n\t\t<\/section>\n\t\t\t\t<section class=\"elementor-section elementor-inner-section elementor-element elementor-element-a10dd61 elementor-section-boxed elementor-section-height-default elementor-section-height-default\" data-id=\"a10dd61\" data-element_type=\"section\" data-e-type=\"section\">\n\t\t\t\t\t\t<div class=\"elementor-container elementor-column-gap-default\">\n\t\t\t\t\t<div class=\"elementor-column elementor-col-50 elementor-inner-column elementor-element elementor-element-b1b9971\" data-id=\"b1b9971\" data-element_type=\"column\" data-e-type=\"column\">\n\t\t\t<div class=\"elementor-widget-wrap elementor-element-populated\">\n\t\t\t\t\t\t<div class=\"elementor-element elementor-element-4e935ab elementor-position-left elementor-vertical-align-middle elementor-widget elementor-widget-image-box\" data-id=\"4e935ab\" data-element_type=\"widget\" data-e-type=\"widget\" data-widget_type=\"image-box.default\">\n\t\t\t\t<div class=\"elementor-widget-container\">\n\t\t\t\t\t<div class=\"elementor-image-box-wrapper\"><figure class=\"elementor-image-box-img\"><img decoding=\"async\" width=\"1106\" height=\"1102\" src=\"https:\/\/www.sylex.sk\/wp-content\/uploads\/2024\/04\/no-photofemale.png\" class=\"attachment-full size-full wp-image-11823\" alt=\"\" srcset=\"https:\/\/www.sylex.sk\/wp-content\/uploads\/2024\/04\/no-photofemale.png 1106w, https:\/\/www.sylex.sk\/wp-content\/uploads\/2024\/04\/no-photofemale-300x300.png 300w, https:\/\/www.sylex.sk\/wp-content\/uploads\/2024\/04\/no-photofemale-1024x1020.png 1024w, https:\/\/www.sylex.sk\/wp-content\/uploads\/2024\/04\/no-photofemale-150x150.png 150w, https:\/\/www.sylex.sk\/wp-content\/uploads\/2024\/04\/no-photofemale-768x765.png 768w, https:\/\/www.sylex.sk\/wp-content\/uploads\/2024\/04\/no-photofemale-600x598.png 600w, https:\/\/www.sylex.sk\/wp-content\/uploads\/2024\/04\/no-photofemale-100x100.png 100w\" sizes=\"(max-width: 1106px) 100vw, 1106px\" \/><\/figure><div class=\"elementor-image-box-content\"><h3 class=\"elementor-image-box-title\">Barbora Weltherov\u00e1  <\/h3><p class=\"elementor-image-box-description\">In\u017einier kvality<\/p><\/div><\/div>\t\t\t\t<\/div>\n\t\t\t\t<\/div>\n\t\t\t\t<div class=\"elementor-element elementor-element-d763985 elementor-widget elementor-widget-text-editor\" data-id=\"d763985\" data-element_type=\"widget\" data-e-type=\"widget\" data-widget_type=\"text-editor.default\">\n\t\t\t\t<div class=\"elementor-widget-container\">\n\t\t\t\t\t\t\t\t\t<p><b>telef\u00f3n:<\/b>+ <a href=\"tel:+421248201807\">2 4820 1826<\/a><br \/><b>mobil:<\/b> <a href=\"tel:+421948620299\">+421 948 620 299<\/a><br \/><b>e-mail:<\/b> <a href=\"mailto:bwelther@sylex.sk\">bwelther@sylex.sk<\/a><\/p>\n\t\t\t\t\t\t\t\t<\/div>\n\t\t\t\t<\/div>\n\t\t\t\t\t<\/div>\n\t\t<\/div>\n\t\t\t\t<div class=\"elementor-column elementor-col-50 elementor-inner-column elementor-element elementor-element-fb320cc\" data-id=\"fb320cc\" data-element_type=\"column\" data-e-type=\"column\">\n\t\t\t<div class=\"elementor-widget-wrap\">\n\t\t\t\t\t\t\t<\/div>\n\t\t<\/div>\n\t\t\t\t\t<\/div>\n\t\t<\/section>\n\t\t\t\t\t<\/div>\n\t\t<\/div>\n\t\t\t\t\t<\/div>\n\t\t<\/section>\n\t\t\t\t<\/div>\n\t\t","protected":false},"excerpt":{"rendered":"<p>Prepojovacie rie\u0161enia Senzory a sn\u00edmacie syst\u00e9my Ivan Golian Mana\u017e\u00e9r kvality telef\u00f3n:+ 2 4820 1807mobil: +421 903 909 918e-mail: igolian@sylex.sk Tom\u00e1\u0161 \u0160al\u00e1t Hlavn\u00fd projektov\u00fd in\u017einier telef\u00f3n:+ 2 4820 1813mobil: +421 903 435 123e-mail: tsalat@sylex.sk Barbora Weltherov\u00e1 In\u017einier kvality telef\u00f3n:+ 2 4820 1826mobil: +421 948 620 299e-mail: bwelther@sylex.sk<\/p>\n","protected":false},"author":1,"featured_media":0,"parent":14388,"menu_order":0,"comment_status":"closed","ping_status":"closed","template":"","meta":{"_acf_changed":false,"footnotes":""},"class_list":["post-14420","page","type-page","status-publish","hentry"],"acf":[],"yoast_head":"<!-- This site is optimized with the Yoast SEO plugin v27.0 - https:\/\/yoast.com\/product\/yoast-seo-wordpress\/ -->\n<title>Kvalita - Sylex<\/title>\n<meta name=\"robots\" content=\"index, follow, max-snippet:-1, max-image-preview:large, max-video-preview:-1\" \/>\n<link rel=\"canonical\" href=\"https:\/\/www.sylex.sk\/sk\/kontakty\/kvalita\/\" \/>\n<meta property=\"og:locale\" content=\"sk_SK\" \/>\n<meta property=\"og:type\" content=\"article\" \/>\n<meta property=\"og:title\" content=\"Kvalita - Sylex\" \/>\n<meta property=\"og:description\" content=\"Prepojovacie rie\u0161enia Senzory a sn\u00edmacie syst\u00e9my Ivan Golian Mana\u017e\u00e9r kvality telef\u00f3n:+ 2 4820 1807mobil: +421 903 909 918e-mail: igolian@sylex.sk Tom\u00e1\u0161 \u0160al\u00e1t Hlavn\u00fd projektov\u00fd in\u017einier telef\u00f3n:+ 2 4820 1813mobil: +421 903 435 123e-mail: tsalat@sylex.sk Barbora Weltherov\u00e1 In\u017einier kvality telef\u00f3n:+ 2 4820 1826mobil: +421 948 620 299e-mail: bwelther@sylex.sk\" \/>\n<meta property=\"og:url\" content=\"https:\/\/www.sylex.sk\/sk\/kontakty\/kvalita\/\" \/>\n<meta property=\"og:site_name\" content=\"Sylex\" \/>\n<meta property=\"article:publisher\" content=\"https:\/\/www.facebook.com\/sylex.sk\/\" \/>\n<meta property=\"article:modified_time\" content=\"2025-01-08T06:20:19+00:00\" \/>\n<meta property=\"og:image\" content=\"https:\/\/www.sylex.sk\/wp-content\/uploads\/2024\/04\/Ivan-Golian-1030x1030-1.jpg\" \/>\n\t<meta property=\"og:image:width\" content=\"1030\" \/>\n\t<meta property=\"og:image:height\" content=\"1030\" \/>\n\t<meta property=\"og:image:type\" content=\"image\/jpeg\" \/>\n<meta name=\"twitter:card\" content=\"summary_large_image\" \/>\n<meta name=\"twitter:site\" content=\"@SYLEX_SK\" \/>\n<meta name=\"twitter:label1\" content=\"Predpokladan\u00fd \u010das \u010d\u00edtania\" \/>\n\t<meta name=\"twitter:data1\" content=\"1 min\u00fata\" \/>\n<script type=\"application\/ld+json\" class=\"yoast-schema-graph\">{\"@context\":\"https:\/\/schema.org\",\"@graph\":[{\"@type\":\"WebPage\",\"@id\":\"https:\/\/www.sylex.sk\/sk\/kontakty\/kvalita\/\",\"url\":\"https:\/\/www.sylex.sk\/sk\/kontakty\/kvalita\/\",\"name\":\"Kvalita - Sylex\",\"isPartOf\":{\"@id\":\"https:\/\/wonderful-yonath.136-243-14-103.plesk.page\/#website\"},\"primaryImageOfPage\":{\"@id\":\"https:\/\/www.sylex.sk\/sk\/kontakty\/kvalita\/#primaryimage\"},\"image\":{\"@id\":\"https:\/\/www.sylex.sk\/sk\/kontakty\/kvalita\/#primaryimage\"},\"thumbnailUrl\":\"https:\/\/www.sylex.sk\/wp-content\/uploads\/2024\/04\/Ivan-Golian-1030x1030-1.jpg\",\"datePublished\":\"2024-01-29T09:48:43+00:00\",\"dateModified\":\"2025-01-08T06:20:19+00:00\",\"breadcrumb\":{\"@id\":\"https:\/\/www.sylex.sk\/sk\/kontakty\/kvalita\/#breadcrumb\"},\"inLanguage\":\"sk-SK\",\"potentialAction\":[{\"@type\":\"ReadAction\",\"target\":[\"https:\/\/www.sylex.sk\/sk\/kontakty\/kvalita\/\"]}]},{\"@type\":\"ImageObject\",\"inLanguage\":\"sk-SK\",\"@id\":\"https:\/\/www.sylex.sk\/sk\/kontakty\/kvalita\/#primaryimage\",\"url\":\"https:\/\/www.sylex.sk\/wp-content\/uploads\/2024\/04\/Ivan-Golian-1030x1030-1.jpg\",\"contentUrl\":\"https:\/\/www.sylex.sk\/wp-content\/uploads\/2024\/04\/Ivan-Golian-1030x1030-1.jpg\"},{\"@type\":\"BreadcrumbList\",\"@id\":\"https:\/\/www.sylex.sk\/sk\/kontakty\/kvalita\/#breadcrumb\",\"itemListElement\":[{\"@type\":\"ListItem\",\"position\":1,\"name\":\"Home\",\"item\":\"https:\/\/www.sylex.sk\/sk\/\"},{\"@type\":\"ListItem\",\"position\":2,\"name\":\"Kontakty\",\"item\":\"https:\/\/www.sylex.sk\/sk\/contact\/\"},{\"@type\":\"ListItem\",\"position\":3,\"name\":\"Kvalita\"}]},{\"@type\":\"WebSite\",\"@id\":\"https:\/\/wonderful-yonath.136-243-14-103.plesk.page\/#website\",\"url\":\"https:\/\/wonderful-yonath.136-243-14-103.plesk.page\/\",\"name\":\"Sylex\",\"description\":\"Fiber Optics\",\"publisher\":{\"@id\":\"https:\/\/wonderful-yonath.136-243-14-103.plesk.page\/#organization\"},\"potentialAction\":[{\"@type\":\"SearchAction\",\"target\":{\"@type\":\"EntryPoint\",\"urlTemplate\":\"https:\/\/wonderful-yonath.136-243-14-103.plesk.page\/?s={search_term_string}\"},\"query-input\":{\"@type\":\"PropertyValueSpecification\",\"valueRequired\":true,\"valueName\":\"search_term_string\"}}],\"inLanguage\":\"sk-SK\"},{\"@type\":\"Organization\",\"@id\":\"https:\/\/wonderful-yonath.136-243-14-103.plesk.page\/#organization\",\"name\":\"Sylex\",\"url\":\"https:\/\/wonderful-yonath.136-243-14-103.plesk.page\/\",\"logo\":{\"@type\":\"ImageObject\",\"inLanguage\":\"sk-SK\",\"@id\":\"https:\/\/wonderful-yonath.136-243-14-103.plesk.page\/#\/schema\/logo\/image\/\",\"url\":\"https:\/\/www.sylex.sk\/wp-content\/uploads\/2024\/04\/logo4-1.png\",\"contentUrl\":\"https:\/\/www.sylex.sk\/wp-content\/uploads\/2024\/04\/logo4-1.png\",\"width\":308,\"height\":100,\"caption\":\"Sylex\"},\"image\":{\"@id\":\"https:\/\/wonderful-yonath.136-243-14-103.plesk.page\/#\/schema\/logo\/image\/\"},\"sameAs\":[\"https:\/\/www.facebook.com\/sylex.sk\/\",\"https:\/\/x.com\/SYLEX_SK\"]}]}<\/script>\n<!-- \/ Yoast SEO plugin. -->","yoast_head_json":{"title":"Kvalita - Sylex","robots":{"index":"index","follow":"follow","max-snippet":"max-snippet:-1","max-image-preview":"max-image-preview:large","max-video-preview":"max-video-preview:-1"},"canonical":"https:\/\/www.sylex.sk\/sk\/kontakty\/kvalita\/","og_locale":"sk_SK","og_type":"article","og_title":"Kvalita - Sylex","og_description":"Prepojovacie rie\u0161enia Senzory a sn\u00edmacie syst\u00e9my Ivan Golian Mana\u017e\u00e9r kvality telef\u00f3n:+ 2 4820 1807mobil: +421 903 909 918e-mail: igolian@sylex.sk Tom\u00e1\u0161 \u0160al\u00e1t Hlavn\u00fd projektov\u00fd in\u017einier telef\u00f3n:+ 2 4820 1813mobil: +421 903 435 123e-mail: tsalat@sylex.sk Barbora Weltherov\u00e1 In\u017einier kvality telef\u00f3n:+ 2 4820 1826mobil: +421 948 620 299e-mail: bwelther@sylex.sk","og_url":"https:\/\/www.sylex.sk\/sk\/kontakty\/kvalita\/","og_site_name":"Sylex","article_publisher":"https:\/\/www.facebook.com\/sylex.sk\/","article_modified_time":"2025-01-08T06:20:19+00:00","og_image":[{"width":1030,"height":1030,"url":"https:\/\/www.sylex.sk\/wp-content\/uploads\/2024\/04\/Ivan-Golian-1030x1030-1.jpg","type":"image\/jpeg"}],"twitter_card":"summary_large_image","twitter_site":"@SYLEX_SK","twitter_misc":{"Predpokladan\u00fd \u010das \u010d\u00edtania":"1 min\u00fata"},"schema":{"@context":"https:\/\/schema.org","@graph":[{"@type":"WebPage","@id":"https:\/\/www.sylex.sk\/sk\/kontakty\/kvalita\/","url":"https:\/\/www.sylex.sk\/sk\/kontakty\/kvalita\/","name":"Kvalita - Sylex","isPartOf":{"@id":"https:\/\/wonderful-yonath.136-243-14-103.plesk.page\/#website"},"primaryImageOfPage":{"@id":"https:\/\/www.sylex.sk\/sk\/kontakty\/kvalita\/#primaryimage"},"image":{"@id":"https:\/\/www.sylex.sk\/sk\/kontakty\/kvalita\/#primaryimage"},"thumbnailUrl":"https:\/\/www.sylex.sk\/wp-content\/uploads\/2024\/04\/Ivan-Golian-1030x1030-1.jpg","datePublished":"2024-01-29T09:48:43+00:00","dateModified":"2025-01-08T06:20:19+00:00","breadcrumb":{"@id":"https:\/\/www.sylex.sk\/sk\/kontakty\/kvalita\/#breadcrumb"},"inLanguage":"sk-SK","potentialAction":[{"@type":"ReadAction","target":["https:\/\/www.sylex.sk\/sk\/kontakty\/kvalita\/"]}]},{"@type":"ImageObject","inLanguage":"sk-SK","@id":"https:\/\/www.sylex.sk\/sk\/kontakty\/kvalita\/#primaryimage","url":"https:\/\/www.sylex.sk\/wp-content\/uploads\/2024\/04\/Ivan-Golian-1030x1030-1.jpg","contentUrl":"https:\/\/www.sylex.sk\/wp-content\/uploads\/2024\/04\/Ivan-Golian-1030x1030-1.jpg"},{"@type":"BreadcrumbList","@id":"https:\/\/www.sylex.sk\/sk\/kontakty\/kvalita\/#breadcrumb","itemListElement":[{"@type":"ListItem","position":1,"name":"Home","item":"https:\/\/www.sylex.sk\/sk\/"},{"@type":"ListItem","position":2,"name":"Kontakty","item":"https:\/\/www.sylex.sk\/sk\/contact\/"},{"@type":"ListItem","position":3,"name":"Kvalita"}]},{"@type":"WebSite","@id":"https:\/\/wonderful-yonath.136-243-14-103.plesk.page\/#website","url":"https:\/\/wonderful-yonath.136-243-14-103.plesk.page\/","name":"Sylex","description":"Fiber Optics","publisher":{"@id":"https:\/\/wonderful-yonath.136-243-14-103.plesk.page\/#organization"},"potentialAction":[{"@type":"SearchAction","target":{"@type":"EntryPoint","urlTemplate":"https:\/\/wonderful-yonath.136-243-14-103.plesk.page\/?s={search_term_string}"},"query-input":{"@type":"PropertyValueSpecification","valueRequired":true,"valueName":"search_term_string"}}],"inLanguage":"sk-SK"},{"@type":"Organization","@id":"https:\/\/wonderful-yonath.136-243-14-103.plesk.page\/#organization","name":"Sylex","url":"https:\/\/wonderful-yonath.136-243-14-103.plesk.page\/","logo":{"@type":"ImageObject","inLanguage":"sk-SK","@id":"https:\/\/wonderful-yonath.136-243-14-103.plesk.page\/#\/schema\/logo\/image\/","url":"https:\/\/www.sylex.sk\/wp-content\/uploads\/2024\/04\/logo4-1.png","contentUrl":"https:\/\/www.sylex.sk\/wp-content\/uploads\/2024\/04\/logo4-1.png","width":308,"height":100,"caption":"Sylex"},"image":{"@id":"https:\/\/wonderful-yonath.136-243-14-103.plesk.page\/#\/schema\/logo\/image\/"},"sameAs":["https:\/\/www.facebook.com\/sylex.sk\/","https:\/\/x.com\/SYLEX_SK"]}]}},"_links":{"self":[{"href":"https:\/\/www.sylex.sk\/sk\/wp-json\/wp\/v2\/pages\/14420","targetHints":{"allow":["GET"]}}],"collection":[{"href":"https:\/\/www.sylex.sk\/sk\/wp-json\/wp\/v2\/pages"}],"about":[{"href":"https:\/\/www.sylex.sk\/sk\/wp-json\/wp\/v2\/types\/page"}],"author":[{"embeddable":true,"href":"https:\/\/www.sylex.sk\/sk\/wp-json\/wp\/v2\/users\/1"}],"replies":[{"embeddable":true,"href":"https:\/\/www.sylex.sk\/sk\/wp-json\/wp\/v2\/comments?post=14420"}],"version-history":[{"count":6,"href":"https:\/\/www.sylex.sk\/sk\/wp-json\/wp\/v2\/pages\/14420\/revisions"}],"predecessor-version":[{"id":20133,"href":"https:\/\/www.sylex.sk\/sk\/wp-json\/wp\/v2\/pages\/14420\/revisions\/20133"}],"up":[{"embeddable":true,"href":"https:\/\/www.sylex.sk\/sk\/wp-json\/wp\/v2\/pages\/14388"}],"wp:attachment":[{"href":"https:\/\/www.sylex.sk\/sk\/wp-json\/wp\/v2\/media?parent=14420"}],"curies":[{"name":"wp","href":"https:\/\/api.w.org\/{rel}","templated":true}]}}