{"id":14425,"date":"2024-01-29T10:49:41","date_gmt":"2024-01-29T09:49:41","guid":{"rendered":"https:\/\/www.sylex.sk\/kontakt\/ludske-zdroje\/"},"modified":"2025-01-08T07:26:43","modified_gmt":"2025-01-08T06:26:43","slug":"ludske-zdroje","status":"publish","type":"page","link":"https:\/\/www.sylex.sk\/sk\/kontakty\/ludske-zdroje\/","title":{"rendered":"\u013dudsk\u00e9 zdroje"},"content":{"rendered":"\t\t<div data-elementor-type=\"wp-page\" data-elementor-id=\"14425\" class=\"elementor elementor-14425 elementor-2935\" data-elementor-post-type=\"page\">\n\t\t\t\t\t\t<section class=\"elementor-section elementor-top-section elementor-element elementor-element-77b103df elementor-section-content-middle elementor-section-boxed elementor-section-height-default elementor-section-height-default\" data-id=\"77b103df\" data-element_type=\"section\" data-e-type=\"section\">\n\t\t\t\t\t\t<div class=\"elementor-container elementor-column-gap-no\">\n\t\t\t\t\t<div class=\"elementor-column elementor-col-100 elementor-top-column elementor-element elementor-element-4d3b7c20\" data-id=\"4d3b7c20\" data-element_type=\"column\" data-e-type=\"column\">\n\t\t\t<div class=\"elementor-widget-wrap elementor-element-populated\">\n\t\t\t\t\t\t<section class=\"elementor-section elementor-inner-section elementor-element elementor-element-1e76f369 elementor-section-boxed elementor-section-height-default elementor-section-height-default\" data-id=\"1e76f369\" data-element_type=\"section\" data-e-type=\"section\">\n\t\t\t\t\t\t<div class=\"elementor-container elementor-column-gap-default\">\n\t\t\t\t\t<div class=\"elementor-column elementor-col-50 elementor-inner-column elementor-element elementor-element-19a66535\" data-id=\"19a66535\" data-element_type=\"column\" data-e-type=\"column\">\n\t\t\t<div class=\"elementor-widget-wrap elementor-element-populated\">\n\t\t\t\t\t\t<div class=\"elementor-element elementor-element-4295c946 elementor-position-left elementor-vertical-align-middle elementor-widget elementor-widget-image-box\" data-id=\"4295c946\" data-element_type=\"widget\" data-e-type=\"widget\" data-widget_type=\"image-box.default\">\n\t\t\t\t<div class=\"elementor-widget-container\">\n\t\t\t\t\t<div class=\"elementor-image-box-wrapper\"><figure class=\"elementor-image-box-img\"><img fetchpriority=\"high\" decoding=\"async\" width=\"1106\" height=\"1102\" src=\"https:\/\/www.sylex.sk\/wp-content\/uploads\/2024\/04\/no-photofemale.png\" class=\"attachment-full size-full wp-image-11823\" alt=\"\" srcset=\"https:\/\/www.sylex.sk\/wp-content\/uploads\/2024\/04\/no-photofemale.png 1106w, https:\/\/www.sylex.sk\/wp-content\/uploads\/2024\/04\/no-photofemale-300x300.png 300w, https:\/\/www.sylex.sk\/wp-content\/uploads\/2024\/04\/no-photofemale-1024x1020.png 1024w, https:\/\/www.sylex.sk\/wp-content\/uploads\/2024\/04\/no-photofemale-150x150.png 150w, https:\/\/www.sylex.sk\/wp-content\/uploads\/2024\/04\/no-photofemale-768x765.png 768w, https:\/\/www.sylex.sk\/wp-content\/uploads\/2024\/04\/no-photofemale-600x598.png 600w, https:\/\/www.sylex.sk\/wp-content\/uploads\/2024\/04\/no-photofemale-100x100.png 100w\" sizes=\"(max-width: 1106px) 100vw, 1106px\" \/><\/figure><div class=\"elementor-image-box-content\"><h3 class=\"elementor-image-box-title\">Jana Ra\u0161ovcov\u00e1<\/h3><p class=\"elementor-image-box-description\">Mana\u017e\u00e9r pre financie a \u013eudsk\u00e9 zdroje<\/p><\/div><\/div>\t\t\t\t<\/div>\n\t\t\t\t<\/div>\n\t\t\t\t<div class=\"elementor-element elementor-element-3eb41723 elementor-widget elementor-widget-text-editor\" data-id=\"3eb41723\" data-element_type=\"widget\" data-e-type=\"widget\" data-widget_type=\"text-editor.default\">\n\t\t\t\t<div class=\"elementor-widget-container\">\n\t\t\t\t\t\t\t\t\t<p><b>telef\u00f3n:<\/b>+ <a href=\"tel:+421248201853\">2 4820 1853<\/a><br \/><b>mobil:<\/b> <a href=\"tel:+421905514989\">+421 905 514 989<\/a><br \/><b>e-mail:<\/b> <a href=\"mailto:jrasovcova@sylex.sk\">jrasovcova@sylex.sk<\/a><\/p>\n\t\t\t\t\t\t\t\t<\/div>\n\t\t\t\t<\/div>\n\t\t\t\t\t<\/div>\n\t\t<\/div>\n\t\t\t\t<div class=\"elementor-column elementor-col-50 elementor-inner-column elementor-element elementor-element-6a52ddf\" data-id=\"6a52ddf\" data-element_type=\"column\" data-e-type=\"column\">\n\t\t\t<div class=\"elementor-widget-wrap elementor-element-populated\">\n\t\t\t\t\t\t<div class=\"elementor-element elementor-element-03cb8fc elementor-position-left elementor-vertical-align-middle elementor-widget elementor-widget-image-box\" data-id=\"03cb8fc\" data-element_type=\"widget\" data-e-type=\"widget\" data-widget_type=\"image-box.default\">\n\t\t\t\t<div class=\"elementor-widget-container\">\n\t\t\t\t\t<div class=\"elementor-image-box-wrapper\"><figure class=\"elementor-image-box-img\"><img fetchpriority=\"high\" decoding=\"async\" width=\"1106\" height=\"1102\" src=\"https:\/\/www.sylex.sk\/wp-content\/uploads\/2024\/04\/no-photofemale.png\" class=\"attachment-full size-full wp-image-11823\" alt=\"\" srcset=\"https:\/\/www.sylex.sk\/wp-content\/uploads\/2024\/04\/no-photofemale.png 1106w, https:\/\/www.sylex.sk\/wp-content\/uploads\/2024\/04\/no-photofemale-300x300.png 300w, https:\/\/www.sylex.sk\/wp-content\/uploads\/2024\/04\/no-photofemale-1024x1020.png 1024w, https:\/\/www.sylex.sk\/wp-content\/uploads\/2024\/04\/no-photofemale-150x150.png 150w, https:\/\/www.sylex.sk\/wp-content\/uploads\/2024\/04\/no-photofemale-768x765.png 768w, https:\/\/www.sylex.sk\/wp-content\/uploads\/2024\/04\/no-photofemale-600x598.png 600w, https:\/\/www.sylex.sk\/wp-content\/uploads\/2024\/04\/no-photofemale-100x100.png 100w\" sizes=\"(max-width: 1106px) 100vw, 1106px\" \/><\/figure><div class=\"elementor-image-box-content\"><h3 class=\"elementor-image-box-title\">Izabela J\u00e1gerov\u00e1<\/h3><p class=\"elementor-image-box-description\">Personalistika<\/p><\/div><\/div>\t\t\t\t<\/div>\n\t\t\t\t<\/div>\n\t\t\t\t<div class=\"elementor-element elementor-element-3db536a elementor-widget elementor-widget-text-editor\" data-id=\"3db536a\" data-element_type=\"widget\" data-e-type=\"widget\" data-widget_type=\"text-editor.default\">\n\t\t\t\t<div class=\"elementor-widget-container\">\n\t\t\t\t\t\t\t\t\t<p><b>telef\u00f3n:<\/b> <a href=\"tel:+421248201830\">+421 2 4820 1830<\/a><br \/><b>e-mail:<\/b> <a href=\"mailto:ijagerova@sylex.sk\">ijagerova@sylex.sk<\/a><\/p>\n\t\t\t\t\t\t\t\t<\/div>\n\t\t\t\t<\/div>\n\t\t\t\t\t<\/div>\n\t\t<\/div>\n\t\t\t\t\t<\/div>\n\t\t<\/section>\n\t\t\t\t\t<\/div>\n\t\t<\/div>\n\t\t\t\t\t<\/div>\n\t\t<\/section>\n\t\t\t\t<\/div>\n\t\t","protected":false},"excerpt":{"rendered":"<p>Jana Ra\u0161ovcov\u00e1 Mana\u017e\u00e9r pre financie a \u013eudsk\u00e9 zdroje telef\u00f3n:+ 2 4820 1853mobil: +421 905 514 989e-mail: jrasovcova@sylex.sk Izabela J\u00e1gerov\u00e1 Personalistika telef\u00f3n: +421 2 4820 1830e-mail: ijagerova@sylex.sk<\/p>\n","protected":false},"author":1,"featured_media":0,"parent":14388,"menu_order":0,"comment_status":"closed","ping_status":"closed","template":"","meta":{"_acf_changed":false,"footnotes":""},"class_list":["post-14425","page","type-page","status-publish","hentry"],"acf":[],"yoast_head":"<!-- This site is optimized with the Yoast SEO plugin v27.0 - https:\/\/yoast.com\/product\/yoast-seo-wordpress\/ -->\n<title>\u013dudsk\u00e9 zdroje - Sylex<\/title>\n<meta name=\"robots\" content=\"index, follow, max-snippet:-1, max-image-preview:large, max-video-preview:-1\" \/>\n<link rel=\"canonical\" href=\"https:\/\/www.sylex.sk\/sk\/kontakty\/ludske-zdroje\/\" \/>\n<meta property=\"og:locale\" content=\"sk_SK\" \/>\n<meta property=\"og:type\" content=\"article\" \/>\n<meta property=\"og:title\" content=\"\u013dudsk\u00e9 zdroje - Sylex\" \/>\n<meta property=\"og:description\" content=\"Jana Ra\u0161ovcov\u00e1 Mana\u017e\u00e9r pre financie a \u013eudsk\u00e9 zdroje telef\u00f3n:+ 2 4820 1853mobil: +421 905 514 989e-mail: jrasovcova@sylex.sk Izabela J\u00e1gerov\u00e1 Personalistika telef\u00f3n: +421 2 4820 1830e-mail: ijagerova@sylex.sk\" \/>\n<meta property=\"og:url\" content=\"https:\/\/www.sylex.sk\/sk\/kontakty\/ludske-zdroje\/\" \/>\n<meta property=\"og:site_name\" content=\"Sylex\" \/>\n<meta property=\"article:publisher\" content=\"https:\/\/www.facebook.com\/sylex.sk\/\" \/>\n<meta property=\"article:modified_time\" content=\"2025-01-08T06:26:43+00:00\" \/>\n<meta property=\"og:image\" content=\"https:\/\/www.sylex.sk\/wp-content\/uploads\/2024\/04\/no-photofemale.png\" \/>\n\t<meta property=\"og:image:width\" content=\"1106\" \/>\n\t<meta property=\"og:image:height\" content=\"1102\" \/>\n\t<meta property=\"og:image:type\" content=\"image\/png\" \/>\n<meta name=\"twitter:card\" content=\"summary_large_image\" \/>\n<meta name=\"twitter:site\" content=\"@SYLEX_SK\" \/>\n<meta name=\"twitter:label1\" content=\"Predpokladan\u00fd \u010das \u010d\u00edtania\" \/>\n\t<meta name=\"twitter:data1\" content=\"1 min\u00fata\" \/>\n<script type=\"application\/ld+json\" class=\"yoast-schema-graph\">{\"@context\":\"https:\/\/schema.org\",\"@graph\":[{\"@type\":\"WebPage\",\"@id\":\"https:\/\/www.sylex.sk\/sk\/kontakty\/ludske-zdroje\/\",\"url\":\"https:\/\/www.sylex.sk\/sk\/kontakty\/ludske-zdroje\/\",\"name\":\"\u013dudsk\u00e9 zdroje - Sylex\",\"isPartOf\":{\"@id\":\"https:\/\/wonderful-yonath.136-243-14-103.plesk.page\/#website\"},\"primaryImageOfPage\":{\"@id\":\"https:\/\/www.sylex.sk\/sk\/kontakty\/ludske-zdroje\/#primaryimage\"},\"image\":{\"@id\":\"https:\/\/www.sylex.sk\/sk\/kontakty\/ludske-zdroje\/#primaryimage\"},\"thumbnailUrl\":\"https:\/\/www.sylex.sk\/wp-content\/uploads\/2024\/04\/no-photofemale.png\",\"datePublished\":\"2024-01-29T09:49:41+00:00\",\"dateModified\":\"2025-01-08T06:26:43+00:00\",\"breadcrumb\":{\"@id\":\"https:\/\/www.sylex.sk\/sk\/kontakty\/ludske-zdroje\/#breadcrumb\"},\"inLanguage\":\"sk-SK\",\"potentialAction\":[{\"@type\":\"ReadAction\",\"target\":[\"https:\/\/www.sylex.sk\/sk\/kontakty\/ludske-zdroje\/\"]}]},{\"@type\":\"ImageObject\",\"inLanguage\":\"sk-SK\",\"@id\":\"https:\/\/www.sylex.sk\/sk\/kontakty\/ludske-zdroje\/#primaryimage\",\"url\":\"https:\/\/www.sylex.sk\/wp-content\/uploads\/2024\/04\/no-photofemale.png\",\"contentUrl\":\"https:\/\/www.sylex.sk\/wp-content\/uploads\/2024\/04\/no-photofemale.png\"},{\"@type\":\"BreadcrumbList\",\"@id\":\"https:\/\/www.sylex.sk\/sk\/kontakty\/ludske-zdroje\/#breadcrumb\",\"itemListElement\":[{\"@type\":\"ListItem\",\"position\":1,\"name\":\"Home\",\"item\":\"https:\/\/www.sylex.sk\/sk\/\"},{\"@type\":\"ListItem\",\"position\":2,\"name\":\"Kontakty\",\"item\":\"https:\/\/www.sylex.sk\/sk\/contact\/\"},{\"@type\":\"ListItem\",\"position\":3,\"name\":\"\u013dudsk\u00e9 zdroje\"}]},{\"@type\":\"WebSite\",\"@id\":\"https:\/\/wonderful-yonath.136-243-14-103.plesk.page\/#website\",\"url\":\"https:\/\/wonderful-yonath.136-243-14-103.plesk.page\/\",\"name\":\"Sylex\",\"description\":\"Fiber Optics\",\"publisher\":{\"@id\":\"https:\/\/wonderful-yonath.136-243-14-103.plesk.page\/#organization\"},\"potentialAction\":[{\"@type\":\"SearchAction\",\"target\":{\"@type\":\"EntryPoint\",\"urlTemplate\":\"https:\/\/wonderful-yonath.136-243-14-103.plesk.page\/?s={search_term_string}\"},\"query-input\":{\"@type\":\"PropertyValueSpecification\",\"valueRequired\":true,\"valueName\":\"search_term_string\"}}],\"inLanguage\":\"sk-SK\"},{\"@type\":\"Organization\",\"@id\":\"https:\/\/wonderful-yonath.136-243-14-103.plesk.page\/#organization\",\"name\":\"Sylex\",\"url\":\"https:\/\/wonderful-yonath.136-243-14-103.plesk.page\/\",\"logo\":{\"@type\":\"ImageObject\",\"inLanguage\":\"sk-SK\",\"@id\":\"https:\/\/wonderful-yonath.136-243-14-103.plesk.page\/#\/schema\/logo\/image\/\",\"url\":\"https:\/\/www.sylex.sk\/wp-content\/uploads\/2024\/04\/logo4-1.png\",\"contentUrl\":\"https:\/\/www.sylex.sk\/wp-content\/uploads\/2024\/04\/logo4-1.png\",\"width\":308,\"height\":100,\"caption\":\"Sylex\"},\"image\":{\"@id\":\"https:\/\/wonderful-yonath.136-243-14-103.plesk.page\/#\/schema\/logo\/image\/\"},\"sameAs\":[\"https:\/\/www.facebook.com\/sylex.sk\/\",\"https:\/\/x.com\/SYLEX_SK\"]}]}<\/script>\n<!-- \/ Yoast SEO plugin. -->","yoast_head_json":{"title":"\u013dudsk\u00e9 zdroje - Sylex","robots":{"index":"index","follow":"follow","max-snippet":"max-snippet:-1","max-image-preview":"max-image-preview:large","max-video-preview":"max-video-preview:-1"},"canonical":"https:\/\/www.sylex.sk\/sk\/kontakty\/ludske-zdroje\/","og_locale":"sk_SK","og_type":"article","og_title":"\u013dudsk\u00e9 zdroje - Sylex","og_description":"Jana Ra\u0161ovcov\u00e1 Mana\u017e\u00e9r pre financie a \u013eudsk\u00e9 zdroje telef\u00f3n:+ 2 4820 1853mobil: +421 905 514 989e-mail: jrasovcova@sylex.sk Izabela J\u00e1gerov\u00e1 Personalistika telef\u00f3n: +421 2 4820 1830e-mail: ijagerova@sylex.sk","og_url":"https:\/\/www.sylex.sk\/sk\/kontakty\/ludske-zdroje\/","og_site_name":"Sylex","article_publisher":"https:\/\/www.facebook.com\/sylex.sk\/","article_modified_time":"2025-01-08T06:26:43+00:00","og_image":[{"width":1106,"height":1102,"url":"https:\/\/www.sylex.sk\/wp-content\/uploads\/2024\/04\/no-photofemale.png","type":"image\/png"}],"twitter_card":"summary_large_image","twitter_site":"@SYLEX_SK","twitter_misc":{"Predpokladan\u00fd \u010das \u010d\u00edtania":"1 min\u00fata"},"schema":{"@context":"https:\/\/schema.org","@graph":[{"@type":"WebPage","@id":"https:\/\/www.sylex.sk\/sk\/kontakty\/ludske-zdroje\/","url":"https:\/\/www.sylex.sk\/sk\/kontakty\/ludske-zdroje\/","name":"\u013dudsk\u00e9 zdroje - Sylex","isPartOf":{"@id":"https:\/\/wonderful-yonath.136-243-14-103.plesk.page\/#website"},"primaryImageOfPage":{"@id":"https:\/\/www.sylex.sk\/sk\/kontakty\/ludske-zdroje\/#primaryimage"},"image":{"@id":"https:\/\/www.sylex.sk\/sk\/kontakty\/ludske-zdroje\/#primaryimage"},"thumbnailUrl":"https:\/\/www.sylex.sk\/wp-content\/uploads\/2024\/04\/no-photofemale.png","datePublished":"2024-01-29T09:49:41+00:00","dateModified":"2025-01-08T06:26:43+00:00","breadcrumb":{"@id":"https:\/\/www.sylex.sk\/sk\/kontakty\/ludske-zdroje\/#breadcrumb"},"inLanguage":"sk-SK","potentialAction":[{"@type":"ReadAction","target":["https:\/\/www.sylex.sk\/sk\/kontakty\/ludske-zdroje\/"]}]},{"@type":"ImageObject","inLanguage":"sk-SK","@id":"https:\/\/www.sylex.sk\/sk\/kontakty\/ludske-zdroje\/#primaryimage","url":"https:\/\/www.sylex.sk\/wp-content\/uploads\/2024\/04\/no-photofemale.png","contentUrl":"https:\/\/www.sylex.sk\/wp-content\/uploads\/2024\/04\/no-photofemale.png"},{"@type":"BreadcrumbList","@id":"https:\/\/www.sylex.sk\/sk\/kontakty\/ludske-zdroje\/#breadcrumb","itemListElement":[{"@type":"ListItem","position":1,"name":"Home","item":"https:\/\/www.sylex.sk\/sk\/"},{"@type":"ListItem","position":2,"name":"Kontakty","item":"https:\/\/www.sylex.sk\/sk\/contact\/"},{"@type":"ListItem","position":3,"name":"\u013dudsk\u00e9 zdroje"}]},{"@type":"WebSite","@id":"https:\/\/wonderful-yonath.136-243-14-103.plesk.page\/#website","url":"https:\/\/wonderful-yonath.136-243-14-103.plesk.page\/","name":"Sylex","description":"Fiber Optics","publisher":{"@id":"https:\/\/wonderful-yonath.136-243-14-103.plesk.page\/#organization"},"potentialAction":[{"@type":"SearchAction","target":{"@type":"EntryPoint","urlTemplate":"https:\/\/wonderful-yonath.136-243-14-103.plesk.page\/?s={search_term_string}"},"query-input":{"@type":"PropertyValueSpecification","valueRequired":true,"valueName":"search_term_string"}}],"inLanguage":"sk-SK"},{"@type":"Organization","@id":"https:\/\/wonderful-yonath.136-243-14-103.plesk.page\/#organization","name":"Sylex","url":"https:\/\/wonderful-yonath.136-243-14-103.plesk.page\/","logo":{"@type":"ImageObject","inLanguage":"sk-SK","@id":"https:\/\/wonderful-yonath.136-243-14-103.plesk.page\/#\/schema\/logo\/image\/","url":"https:\/\/www.sylex.sk\/wp-content\/uploads\/2024\/04\/logo4-1.png","contentUrl":"https:\/\/www.sylex.sk\/wp-content\/uploads\/2024\/04\/logo4-1.png","width":308,"height":100,"caption":"Sylex"},"image":{"@id":"https:\/\/wonderful-yonath.136-243-14-103.plesk.page\/#\/schema\/logo\/image\/"},"sameAs":["https:\/\/www.facebook.com\/sylex.sk\/","https:\/\/x.com\/SYLEX_SK"]}]}},"_links":{"self":[{"href":"https:\/\/www.sylex.sk\/sk\/wp-json\/wp\/v2\/pages\/14425","targetHints":{"allow":["GET"]}}],"collection":[{"href":"https:\/\/www.sylex.sk\/sk\/wp-json\/wp\/v2\/pages"}],"about":[{"href":"https:\/\/www.sylex.sk\/sk\/wp-json\/wp\/v2\/types\/page"}],"author":[{"embeddable":true,"href":"https:\/\/www.sylex.sk\/sk\/wp-json\/wp\/v2\/users\/1"}],"replies":[{"embeddable":true,"href":"https:\/\/www.sylex.sk\/sk\/wp-json\/wp\/v2\/comments?post=14425"}],"version-history":[{"count":5,"href":"https:\/\/www.sylex.sk\/sk\/wp-json\/wp\/v2\/pages\/14425\/revisions"}],"predecessor-version":[{"id":20154,"href":"https:\/\/www.sylex.sk\/sk\/wp-json\/wp\/v2\/pages\/14425\/revisions\/20154"}],"up":[{"embeddable":true,"href":"https:\/\/www.sylex.sk\/sk\/wp-json\/wp\/v2\/pages\/14388"}],"wp:attachment":[{"href":"https:\/\/www.sylex.sk\/sk\/wp-json\/wp\/v2\/media?parent=14425"}],"curies":[{"name":"wp","href":"https:\/\/api.w.org\/{rel}","templated":true}]}}