{"id":14427,"date":"2024-03-12T11:53:14","date_gmt":"2024-03-12T10:53:14","guid":{"rendered":"https:\/\/www.sylex.sk\/vyhladavanie\/"},"modified":"2024-05-27T16:14:15","modified_gmt":"2024-05-27T15:14:15","slug":"vyhladavanie","status":"publish","type":"page","link":"https:\/\/www.sylex.sk\/sk\/vyhladavanie\/","title":{"rendered":"vyh\u013ead\u00e1vanie"},"content":{"rendered":"\t\t<div data-elementor-type=\"wp-page\" data-elementor-id=\"14427\" class=\"elementor elementor-14427 elementor-3648\" data-elementor-post-type=\"page\">\n\t\t\t\t\t\t<section class=\"elementor-section elementor-top-section elementor-element elementor-element-4881196 elementor-section-boxed elementor-section-height-default elementor-section-height-default\" data-id=\"4881196\" data-element_type=\"section\" data-e-type=\"section\">\n\t\t\t\t\t\t<div class=\"elementor-container elementor-column-gap-default\">\n\t\t\t\t\t<div class=\"elementor-column elementor-col-100 elementor-top-column elementor-element elementor-element-11ccbd0\" data-id=\"11ccbd0\" data-element_type=\"column\" data-e-type=\"column\">\n\t\t\t<div class=\"elementor-widget-wrap elementor-element-populated\">\n\t\t\t\t\t\t<div class=\"elementor-element elementor-element-84be7e9 elementor-widget elementor-widget-ucaddon_woocommerce_ajax_search\" data-id=\"84be7e9\" data-element_type=\"widget\" data-e-type=\"widget\" data-widget_type=\"ucaddon_woocommerce_ajax_search.default\">\n\t\t\t\t<div class=\"elementor-widget-container\">\n\t\t\t\t\t\n<!-- start WooCommerce AJAX Search -->\n\t\t<link id='font-awesome-css' href='https:\/\/www.sylex.sk\/wp-content\/plugins\/unlimited-elements-for-elementor-premium\/assets_libraries\/font-awesome6\/fontawesome-all.min.css' type='text\/css' rel='stylesheet' >\n\t\t<link id='font-awesome-4-shim-css' href='https:\/\/www.sylex.sk\/wp-content\/plugins\/unlimited-elements-for-elementor-premium\/assets_libraries\/font-awesome6\/fontawesome-v4-shims.min.css' type='text\/css' rel='stylesheet' >\n\n<style>\/* widget: WooCommerce AJAX Search *\/\n\n#uc_woocommerce_ajax_search_elementor_84be7e9.uc-ajax-search-wrapper{\n\t\n    position:relative;\n    display:flex;\n    width:100%;\n}\n#uc_woocommerce_ajax_search_elementor_84be7e9 .uc-ajax-search__title\n{\n  display:block;\n}\n\n#uc_woocommerce_ajax_search_elementor_84be7e9 .uc-search-item__link-title b.uc-capitalized,\n#uc_woocommerce_ajax_search_elementor_84be7e9 .uc-search-item__link-title:not(b.uc-capitalized)::first-letter {\n  text-transform: none;\n}\n\n#uc_woocommerce_ajax_search_elementor_84be7e9 .uc-ajax-search-wrapper-inside\n{\n  width:100%;\n}\n\n#uc_woocommerce_ajax_search_elementor_84be7e9.uc-ajax-search-wrapper span{\n}\n\n#uc_woocommerce_ajax_search_elementor_84be7e9.uc-ajax-search-wrapper input{\n  width:100%;\n}\n\n\n#uc_woocommerce_ajax_search_elementor_84be7e9 .uc-ajax-search__input-wrapper-inner\n{\n  position:relative;\n  flex-grow:1;\n}\n\n#uc_woocommerce_ajax_search_elementor_84be7e9 .uc-ajax-search__items{\n\tposition:absolute;\n    left:0px;\n    width:100%;\n  \tz-index:999999;\n    overflow:hidden;\n}\n\n#uc_woocommerce_ajax_search_elementor_84be7e9 .uc-search-item__link{\n\tdisplay:flex;\n    align-items:center;\n    gap:10px;\n}\n\n#uc_woocommerce_ajax_search_elementor_84be7e9 .uc-search-item__link-title{\n  display:block;\n}\n\n#uc_woocommerce_ajax_search_elementor_84be7e9 .uc-search-item__link-image{\n    display:block;\n    flex-grow:0;\n    flex-shrink:0;\n} \n\n#uc_woocommerce_ajax_search_elementor_84be7e9 .uc-ajax-search__input-wrapper{\n\tposition:relative;\n    display:flex;\n    align-items:center;\n    justify-content:center;\n}\n\n#uc_woocommerce_ajax_search_elementor_84be7e9 .uc-pagination-panel{\n  \twidth: 100%;\n\toverflow: hidden;\n  \ttransition: width .5s;\n}\n\n#uc_woocommerce_ajax_search_elementor_84be7e9 .uc-ajax-search-product-card{\n  \ttext-align: center;\n  \tpadding: 10px;\n    flex-direction: column;\n    gap: 10px;\n  \tdisplay: flex;\n  \tborder-left: 1px solid #c9c9c9;\n}\n\n#uc_woocommerce_ajax_search_elementor_84be7e9 .uc-ajax-search-product-card-img img{\n  \tmargin: 0 auto;\n}\n\n#uc_woocommerce_ajax_search_elementor_84be7e9 .uc-ajax-search__items{\n\tdisplay: flex;\n}\n\n#uc_woocommerce_ajax_search_elementor_84be7e9 .uc-search-item{\n\ttransition: background-color .3s;\n}\n\n#uc_woocommerce_ajax_search_elementor_84be7e9 .uc-search-item.uc-selected{\n\tbackground-color: #ccc;\n}\n\n\n#uc_woocommerce_ajax_search_elementor_84be7e9 .uc-pagination-list{\n\tdisplay: flex;\n  \tflex-wrap: nowrap;\n  \twidth: 100%;\n  \ttransition: transform .3s;\n}\n\n#uc_woocommerce_ajax_search_elementor_84be7e9 .uc-pagination-list-inner{\n\tflex: 0 0 100%;\n  \tmax-width: 100%;\n}\n\n#uc_woocommerce_ajax_search_elementor_84be7e9 .uc-pagination-header{\n\tdisplay: flex;\n  \tjustify-content: space-between;\n  \talign-items: center;\n  \tdirection: ltr; \n    }\n\n#uc_woocommerce_ajax_search_elementor_84be7e9 .uc-ajax-search-pages{\n\tdisplay: flex;\n  \tgap: 5px;\n}\n\n\n#uc_woocommerce_ajax_search_elementor_84be7e9 .uc-ajax-search-navigation-panel{\n\tdisplay: flex;\n  \tgap: 15px;\n  \tjustify-content: space-between;\n}\n\n#uc_woocommerce_ajax_search_elementor_84be7e9 .uc-ajax-arrows{\n\tdisplay: flex;\n  \tjustify-content: space-between;\n  \tgap: 10px;\n  \tcursor: pointer;\n}\n\n#uc_woocommerce_ajax_search_elementor_84be7e9 .uc-ajax-arrows .uc-inactive{\n\topacity: .5;\n}\n\n#uc_woocommerce_ajax_search_elementor_84be7e9 .uc-ajax-arrow-left{\n\tposition: relative;\n}\n\n#uc_woocommerce_ajax_search_elementor_84be7e9 .uc-ajax-arrow-left::before{\n\tfont-family: \"Font Awesome 5 Free\";\n    content: \"\\f104\";\n    font-weight: 900;\n    line-height:1em;\n  \tdisplay: inline-flex;\n}\n\n#uc_woocommerce_ajax_search_elementor_84be7e9 .uc-ajax-arrow-right::before{\n\tfont-family: \"Font Awesome 5 Free\";\n    content: \"\\f105\";\n    font-weight: 900;\n    line-height:1em;\n  \tdisplay: inline-flex;\n}\n\n#uc_woocommerce_ajax_search_elementor_84be7e9 .uc-ajax-search__btn\n{\n  display:flex;\n  align-items:center;\n  justify-content:center;\n  flex-grow:0;\n  flex-shrink:0;\n}\n\n#uc_woocommerce_ajax_search_elementor_84be7e9 .uc-ajax-search__btn.uc-inactive{\n\tcursor: default;\n  \topacity: 0.7;\n\tpointer-events: none;\n}\n\n#uc_woocommerce_ajax_search_elementor_84be7e9 .uc-ajax-search__btn_icon\n{\n  line-height:1em;\n}\n\n#uc_woocommerce_ajax_search_elementor_84be7e9 .uc-ajax-search__btn svg\n{\n  height:1em;\n  width:1em;\n}\n\n#uc_woocommerce_ajax_search_elementor_84be7e9.uc-loading .uc-ajax-search__spinner__loader-wrapper{\n\tdisplay:flex !important;\n}\n\n#uc_woocommerce_ajax_search_elementor_84be7e9 .uc-ajax-search__error{\n\tcolor:red;\n    padding-top:15px;\n}\n\n#uc_woocommerce_ajax_search_elementor_84be7e9 .uc-ajax-search__spinner__loader-wrapper{\n  position:absolute;\n  top:50%;\n  transform:translateY(-50%);\n  inset-inline-end: 15px;\n  height: 100%;\n  align-items: center;\n  justify-content: center;\n}\n\n#uc_woocommerce_ajax_search_elementor_84be7e9 .uc-ajax-search__spinner {\n  animation: ajaxsearchrotate 2s linear infinite;\n  z-index: 2;\n  width: 25px;\n  height: 25px;\n}\n\n#uc_woocommerce_ajax_search_elementor_84be7e9 .uc-ajax-search__spinner-path {\n  stroke-linecap: round;\n  animation: ajaxsearchdash 1.5s ease-in-out infinite;\n}\n\n#uc_woocommerce_ajax_search_elementor_84be7e9 .uc-pagination-list-inner\n{\n  display:grid;\n}\n\n#uc_woocommerce_ajax_search_elementor_84be7e9 ::-webkit-input-placeholder { \/* Edge *\/\n  color: #8f8f8f;\n}\n\n#uc_woocommerce_ajax_search_elementor_84be7e9 :-ms-input-placeholder { \/* Internet Explorer 10-11 *\/\n  color: #8f8f8f;\n}\n\n#uc_woocommerce_ajax_search_elementor_84be7e9 ::placeholder {\n  color: #8f8f8f;\n}\n\n#uc_woocommerce_ajax_search_elementor_84be7e9 .uc-ajax-search__input.uc-active{\n caret-color: unset;\n}\n\n#uc_woocommerce_ajax_search_elementor_84be7e9 .uc-ajax-search__input{\n caret-color: transparent;\n}\n\n#uc_woocommerce_ajax_search_elementor_84be7e9 .uc-search-item__link-price{\nmargin-left: auto;\n}\n\n\/* input type: number - hide arrows in Chrome, Safari, Edge, Opera *\/\n#uc_woocommerce_ajax_search_elementor_84be7e9 ::-webkit-outer-spin-button,\n#uc_woocommerce_ajax_search_elementor_84be7e9 ::-webkit-inner-spin-button {\n  -webkit-appearance: none;\n  margin: 0;\n}\n\n\/* input type: number - hide arrows in Firefox *\/\n#uc_woocommerce_ajax_search_elementor_84be7e9 .uc-search-item__link-count-buttons__number {\n  -moz-appearance: textfield;\n}\n\n#uc_woocommerce_ajax_search_elementor_84be7e9 .uc-search-item__link-count-buttons{\n\tdisplay: flex;\n  \tjustify-content: center;\n}\n\n#uc_woocommerce_ajax_search_elementor_84be7e9 .uc-search-item__link-count-buttons button{\n\tdisplay: flex;\n  \tjustify-content: center;\n  \talign-items: center;\n}\n\n#uc_woocommerce_ajax_search_elementor_84be7e9 .uc-search-item__link-count-buttons input{\n\tmax-width: 100px;\n}\n\n#uc_woocommerce_ajax_search_elementor_84be7e9 .uc-button-addcart,\n#uc_woocommerce_ajax_search_elementor_84be7e9 .added_to_cart,\n#uc_woocommerce_ajax_search_elementor_84be7e9 .uc-search-item__product-page{\n\ttext-align: center;\n    text-decoration: none;\n    text-transform: none;\n\ttransition: all 0.25s ease-in-out;\n}\n#uc_woocommerce_ajax_search_elementor_84be7e9 .uc-button-addcart,\n#uc_woocommerce_ajax_search_elementor_84be7e9 .added_to_cart{\n\tdisplay: inline-block;\n}\n#uc_woocommerce_ajax_search_elementor_84be7e9 .uc-search-item__product-page{\n\tdisplay: inline-block;\n}\n\n#uc_woocommerce_ajax_search_elementor_84be7e9 .ue-inner-btn-wrapper\n{\n  display:flex;\n  align-items:center;\n  justify-content:center;\n  position: relative;\n}\n\n\n#uc_woocommerce_ajax_search_elementor_84be7e9 .uc-button-addcart.added\n{\n  display:none;\n}\n\n#uc_woocommerce_ajax_search_elementor_84be7e9 span.add-to-cart__loader{\n  \tposition: absolute;\n  \tright: 0;\n  \ttop: 50%;\n  \ttransform: translate(0, -50%);\n  \tline-height: 1em;\n}\n\n#uc_woocommerce_ajax_search_elementor_84be7e9 .add_to_cart_button.loading span.add-to-cart__loader{\n\tdisplay: inline-block !important;\n}\n\n\n\n\n  \n  #uc_woocommerce_ajax_search_elementor_84be7e9 .uc-ajax-search-product-card .uc-ajax-search-product-card-price{\n\tdisplay: none;\n  }\n\n\n\n\n@keyframes ajaxsearchrotate {\n  100% {\n    transform: rotate(360deg);\n  }\n}\n\n@keyframes ajaxsearchdash {\n  0% {\n    stroke-dasharray: 1, 150;\n    stroke-dashoffset: 0;\n  }\n  50% {\n    stroke-dasharray: 90, 150;\n    stroke-dashoffset: -35;\n  }\n  100% {\n    stroke-dasharray: 90, 150;\n    stroke-dashoffset: -124;\n  }\n}\n\n\n  @media (max-width: 767px) {\n    #uc_woocommerce_ajax_search_elementor_84be7e9 .uc-ajax-search-product-card{\n      display: none;\n    }\n    #uc_woocommerce_ajax_search_elementor_84be7e9 .uc-pagination-panel{\n      width: 100% !important;\n    }\n    #uc_woocommerce_ajax_search_elementor_84be7e9 .uc-search-item:first-child .uc-search-item__link{\n      border-top: none;\n    }\n  }\n\n\n\n<\/style>\n\n<div class=\"uc-ajax-search-wrapper \" id=\"uc_woocommerce_ajax_search_elementor_84be7e9\">\n<div class=\"uc-ajax-search-wrapper-inside\">\n\n\t\n  <div class=\"uc-ajax-search__input-wrapper\">\n    \n    <div class=\"uc-ajax-search__input-wrapper-inner\">\n      <input type=\"text\" class=\"uc-ajax-search__input\" value=\"\" placeholder=\"Vyh\u013ead\u00e1vanie...\" data-open-homeurl=\"_self\">\n\n    \n    \n\n   \n      \n       <div class=\"uc-ajax-search__spinner__loader-wrapper\" style='display:none'>\n    \n        <svg class=\"uc-ajax-search__spinner\" viewBox=\"0 0 50 50\">\n          <circle class=\"uc-ajax-search__spinner-path\" cx=\"25\" cy=\"25\" r=\"20\" fill=\"none\" stroke-width=\"5\"><\/circle>\n        <\/svg>  \n    \n       <\/div>\n      \n    <\/div>\n      \n\t<button type=\"button\" class=\"uc-ajax-search__btn uc-inactive\" value=\"\"><span class=\"uc-ajax-search__btn_icon\"><i class='fas fa-search'><\/i><\/span>Vyh\u013ead\u00e1vanie<\/button> \n\t\n\n      \n    \n      <div class=\"uc-ajax-search__error\" style=\"display:none\"><\/div>    \n    \n      <div class=\"uc-ajax-search__items uc-items-wrapper\" style='display:none' data-pagination=\"true\" data-num-items=\"5\" data-debug-list=\"false\" data-editor=\"no\" data-keys=\"true\" data-pagination-position=\"after\" data-no-results-text=\"Ni\u010d sa nena\u0161lo\" data-results-text=\"V\u00fdsledky\" data-goto-on-enter=\"true\" data-bold-phrase=\"true\" data-card-width=\"50\" data-show-product-card=\"true\">\n        \n      <\/div>\n\n    <\/div>\n  \n\t\n  \n<\/div>\n<\/div>\n<!-- end WooCommerce AJAX Search -->\t\t\t\t<\/div>\n\t\t\t\t<\/div>\n\t\t\t\t\t<\/div>\n\t\t<\/div>\n\t\t\t\t\t<\/div>\n\t\t<\/section>\n\t\t\t\t<\/div>\n\t\t","protected":false},"excerpt":{"rendered":"<p>Vyh\u013ead\u00e1vanie SAT-03 Highly Sensitive Single Axis Tiltmeter &euro;0.00 Podrobnosti na STS-11 Surface temperature sensor &euro;0.00 Podrobnosti na 1x12f MTP to 1x12f MTP 12-fiber U-DQ FLEXO trunk cable &euro;0.00 Podrobnosti na 1x24f MTP to 1x24f MTP 24-fiber U-DQ FLEXO trunk cable &euro;0.00 Podrobnosti na 2x12f MTP to 2x12f MTP 24-fiber U-DQ FLEXO trunk cable &euro;0.00 Podrobnosti na 2x24f MTP to 2x24f MTP 48-fiber U-DQ FLEXO trunk cable &euro;0.00 Podrobnosti na 4x12f MTP to 4x12f MTP 48-fiber U-DQ FLEXO trunk cable &euro;0.00 Podrobnosti na LC \u2013 LC 12-fiber U-DQ FLEXO trunk cable &euro;0.00 Podrobnosti na LC \u2013 LC 24-fiber U-DQ FLEXO trunk cable &euro;0.00 Podrobnosti na LC \u2013 LC 48-fiber U-DQ FLEXO trunk cable &euro;0.00 Podrobnosti na<\/p>\n","protected":false},"author":1,"featured_media":0,"parent":0,"menu_order":0,"comment_status":"closed","ping_status":"closed","template":"","meta":{"_acf_changed":false,"footnotes":""},"class_list":["post-14427","page","type-page","status-publish","hentry"],"acf":[],"yoast_head":"<!-- This site is optimized with the Yoast SEO plugin v27.0 - https:\/\/yoast.com\/product\/yoast-seo-wordpress\/ -->\n<title>vyh\u013ead\u00e1vanie - Sylex<\/title>\n<meta name=\"robots\" content=\"index, follow, max-snippet:-1, max-image-preview:large, max-video-preview:-1\" \/>\n<link rel=\"canonical\" href=\"https:\/\/www.sylex.sk\/sk\/vyhladavanie\/\" \/>\n<meta property=\"og:locale\" content=\"sk_SK\" \/>\n<meta property=\"og:type\" content=\"article\" \/>\n<meta property=\"og:title\" content=\"vyh\u013ead\u00e1vanie - Sylex\" \/>\n<meta property=\"og:description\" content=\"Vyh\u013ead\u00e1vanie SAT-03 Highly Sensitive Single Axis Tiltmeter &euro;0.00 Podrobnosti na STS-11 Surface temperature sensor &euro;0.00 Podrobnosti na 1x12f MTP to 1x12f MTP 12-fiber U-DQ FLEXO trunk cable &euro;0.00 Podrobnosti na 1x24f MTP to 1x24f MTP 24-fiber U-DQ FLEXO trunk cable &euro;0.00 Podrobnosti na 2x12f MTP to 2x12f MTP 24-fiber U-DQ FLEXO trunk cable &euro;0.00 Podrobnosti na 2x24f MTP to 2x24f MTP 48-fiber U-DQ FLEXO trunk cable &euro;0.00 Podrobnosti na 4x12f MTP to 4x12f MTP 48-fiber U-DQ FLEXO trunk cable &euro;0.00 Podrobnosti na LC \u2013 LC 12-fiber U-DQ FLEXO trunk cable &euro;0.00 Podrobnosti na LC \u2013 LC 24-fiber U-DQ FLEXO trunk cable &euro;0.00 Podrobnosti na LC \u2013 LC 48-fiber U-DQ FLEXO trunk cable &euro;0.00 Podrobnosti na\" \/>\n<meta property=\"og:url\" content=\"https:\/\/www.sylex.sk\/sk\/vyhladavanie\/\" \/>\n<meta property=\"og:site_name\" content=\"Sylex\" \/>\n<meta property=\"article:publisher\" content=\"https:\/\/www.facebook.com\/sylex.sk\/\" \/>\n<meta property=\"article:modified_time\" content=\"2024-05-27T15:14:15+00:00\" \/>\n<meta property=\"og:image\" content=\"https:\/\/www.sylex.sk\/wp-content\/uploads\/2024\/04\/SAT-02-Single-Axis-Tiltmeter-300x203.jpg\" \/>\n<meta name=\"twitter:card\" content=\"summary_large_image\" \/>\n<meta name=\"twitter:site\" content=\"@SYLEX_SK\" \/>\n<meta name=\"twitter:label1\" content=\"Predpokladan\u00fd \u010das \u010d\u00edtania\" \/>\n\t<meta name=\"twitter:data1\" content=\"1 min\u00fata\" \/>\n<script type=\"application\/ld+json\" class=\"yoast-schema-graph\">{\"@context\":\"https:\/\/schema.org\",\"@graph\":[{\"@type\":\"WebPage\",\"@id\":\"https:\/\/www.sylex.sk\/sk\/vyhladavanie\/\",\"url\":\"https:\/\/www.sylex.sk\/sk\/vyhladavanie\/\",\"name\":\"vyh\u013ead\u00e1vanie - Sylex\",\"isPartOf\":{\"@id\":\"https:\/\/wonderful-yonath.136-243-14-103.plesk.page\/#website\"},\"primaryImageOfPage\":{\"@id\":\"https:\/\/www.sylex.sk\/sk\/vyhladavanie\/#primaryimage\"},\"image\":{\"@id\":\"https:\/\/www.sylex.sk\/sk\/vyhladavanie\/#primaryimage\"},\"thumbnailUrl\":\"https:\/\/www.sylex.sk\/wp-content\/uploads\/2024\/04\/SAT-02-Single-Axis-Tiltmeter-300x203.jpg\",\"datePublished\":\"2024-03-12T10:53:14+00:00\",\"dateModified\":\"2024-05-27T15:14:15+00:00\",\"breadcrumb\":{\"@id\":\"https:\/\/www.sylex.sk\/sk\/vyhladavanie\/#breadcrumb\"},\"inLanguage\":\"sk-SK\",\"potentialAction\":[{\"@type\":\"ReadAction\",\"target\":[\"https:\/\/www.sylex.sk\/sk\/vyhladavanie\/\"]}]},{\"@type\":\"ImageObject\",\"inLanguage\":\"sk-SK\",\"@id\":\"https:\/\/www.sylex.sk\/sk\/vyhladavanie\/#primaryimage\",\"url\":\"https:\/\/www.sylex.sk\/wp-content\/uploads\/2024\/04\/SAT-02-Single-Axis-Tiltmeter-300x203.jpg\",\"contentUrl\":\"https:\/\/www.sylex.sk\/wp-content\/uploads\/2024\/04\/SAT-02-Single-Axis-Tiltmeter-300x203.jpg\"},{\"@type\":\"BreadcrumbList\",\"@id\":\"https:\/\/www.sylex.sk\/sk\/vyhladavanie\/#breadcrumb\",\"itemListElement\":[{\"@type\":\"ListItem\",\"position\":1,\"name\":\"Home\",\"item\":\"https:\/\/www.sylex.sk\/sk\/\"},{\"@type\":\"ListItem\",\"position\":2,\"name\":\"vyh\u013ead\u00e1vanie\"}]},{\"@type\":\"WebSite\",\"@id\":\"https:\/\/wonderful-yonath.136-243-14-103.plesk.page\/#website\",\"url\":\"https:\/\/wonderful-yonath.136-243-14-103.plesk.page\/\",\"name\":\"Sylex\",\"description\":\"Fiber Optics\",\"publisher\":{\"@id\":\"https:\/\/wonderful-yonath.136-243-14-103.plesk.page\/#organization\"},\"potentialAction\":[{\"@type\":\"SearchAction\",\"target\":{\"@type\":\"EntryPoint\",\"urlTemplate\":\"https:\/\/wonderful-yonath.136-243-14-103.plesk.page\/?s={search_term_string}\"},\"query-input\":{\"@type\":\"PropertyValueSpecification\",\"valueRequired\":true,\"valueName\":\"search_term_string\"}}],\"inLanguage\":\"sk-SK\"},{\"@type\":\"Organization\",\"@id\":\"https:\/\/wonderful-yonath.136-243-14-103.plesk.page\/#organization\",\"name\":\"Sylex\",\"url\":\"https:\/\/wonderful-yonath.136-243-14-103.plesk.page\/\",\"logo\":{\"@type\":\"ImageObject\",\"inLanguage\":\"sk-SK\",\"@id\":\"https:\/\/wonderful-yonath.136-243-14-103.plesk.page\/#\/schema\/logo\/image\/\",\"url\":\"https:\/\/www.sylex.sk\/wp-content\/uploads\/2024\/04\/logo4-1.png\",\"contentUrl\":\"https:\/\/www.sylex.sk\/wp-content\/uploads\/2024\/04\/logo4-1.png\",\"width\":308,\"height\":100,\"caption\":\"Sylex\"},\"image\":{\"@id\":\"https:\/\/wonderful-yonath.136-243-14-103.plesk.page\/#\/schema\/logo\/image\/\"},\"sameAs\":[\"https:\/\/www.facebook.com\/sylex.sk\/\",\"https:\/\/x.com\/SYLEX_SK\"]}]}<\/script>\n<!-- \/ Yoast SEO plugin. -->","yoast_head_json":{"title":"vyh\u013ead\u00e1vanie - Sylex","robots":{"index":"index","follow":"follow","max-snippet":"max-snippet:-1","max-image-preview":"max-image-preview:large","max-video-preview":"max-video-preview:-1"},"canonical":"https:\/\/www.sylex.sk\/sk\/vyhladavanie\/","og_locale":"sk_SK","og_type":"article","og_title":"vyh\u013ead\u00e1vanie - Sylex","og_description":"Vyh\u013ead\u00e1vanie SAT-03 Highly Sensitive Single Axis Tiltmeter &euro;0.00 Podrobnosti na STS-11 Surface temperature sensor &euro;0.00 Podrobnosti na 1x12f MTP to 1x12f MTP 12-fiber U-DQ FLEXO trunk cable &euro;0.00 Podrobnosti na 1x24f MTP to 1x24f MTP 24-fiber U-DQ FLEXO trunk cable &euro;0.00 Podrobnosti na 2x12f MTP to 2x12f MTP 24-fiber U-DQ FLEXO trunk cable &euro;0.00 Podrobnosti na 2x24f MTP to 2x24f MTP 48-fiber U-DQ FLEXO trunk cable &euro;0.00 Podrobnosti na 4x12f MTP to 4x12f MTP 48-fiber U-DQ FLEXO trunk cable &euro;0.00 Podrobnosti na LC \u2013 LC 12-fiber U-DQ FLEXO trunk cable &euro;0.00 Podrobnosti na LC \u2013 LC 24-fiber U-DQ FLEXO trunk cable &euro;0.00 Podrobnosti na LC \u2013 LC 48-fiber U-DQ FLEXO trunk cable &euro;0.00 Podrobnosti na","og_url":"https:\/\/www.sylex.sk\/sk\/vyhladavanie\/","og_site_name":"Sylex","article_publisher":"https:\/\/www.facebook.com\/sylex.sk\/","article_modified_time":"2024-05-27T15:14:15+00:00","og_image":[{"url":"https:\/\/www.sylex.sk\/wp-content\/uploads\/2024\/04\/SAT-02-Single-Axis-Tiltmeter-300x203.jpg","type":"","width":"","height":""}],"twitter_card":"summary_large_image","twitter_site":"@SYLEX_SK","twitter_misc":{"Predpokladan\u00fd \u010das \u010d\u00edtania":"1 min\u00fata"},"schema":{"@context":"https:\/\/schema.org","@graph":[{"@type":"WebPage","@id":"https:\/\/www.sylex.sk\/sk\/vyhladavanie\/","url":"https:\/\/www.sylex.sk\/sk\/vyhladavanie\/","name":"vyh\u013ead\u00e1vanie - Sylex","isPartOf":{"@id":"https:\/\/wonderful-yonath.136-243-14-103.plesk.page\/#website"},"primaryImageOfPage":{"@id":"https:\/\/www.sylex.sk\/sk\/vyhladavanie\/#primaryimage"},"image":{"@id":"https:\/\/www.sylex.sk\/sk\/vyhladavanie\/#primaryimage"},"thumbnailUrl":"https:\/\/www.sylex.sk\/wp-content\/uploads\/2024\/04\/SAT-02-Single-Axis-Tiltmeter-300x203.jpg","datePublished":"2024-03-12T10:53:14+00:00","dateModified":"2024-05-27T15:14:15+00:00","breadcrumb":{"@id":"https:\/\/www.sylex.sk\/sk\/vyhladavanie\/#breadcrumb"},"inLanguage":"sk-SK","potentialAction":[{"@type":"ReadAction","target":["https:\/\/www.sylex.sk\/sk\/vyhladavanie\/"]}]},{"@type":"ImageObject","inLanguage":"sk-SK","@id":"https:\/\/www.sylex.sk\/sk\/vyhladavanie\/#primaryimage","url":"https:\/\/www.sylex.sk\/wp-content\/uploads\/2024\/04\/SAT-02-Single-Axis-Tiltmeter-300x203.jpg","contentUrl":"https:\/\/www.sylex.sk\/wp-content\/uploads\/2024\/04\/SAT-02-Single-Axis-Tiltmeter-300x203.jpg"},{"@type":"BreadcrumbList","@id":"https:\/\/www.sylex.sk\/sk\/vyhladavanie\/#breadcrumb","itemListElement":[{"@type":"ListItem","position":1,"name":"Home","item":"https:\/\/www.sylex.sk\/sk\/"},{"@type":"ListItem","position":2,"name":"vyh\u013ead\u00e1vanie"}]},{"@type":"WebSite","@id":"https:\/\/wonderful-yonath.136-243-14-103.plesk.page\/#website","url":"https:\/\/wonderful-yonath.136-243-14-103.plesk.page\/","name":"Sylex","description":"Fiber Optics","publisher":{"@id":"https:\/\/wonderful-yonath.136-243-14-103.plesk.page\/#organization"},"potentialAction":[{"@type":"SearchAction","target":{"@type":"EntryPoint","urlTemplate":"https:\/\/wonderful-yonath.136-243-14-103.plesk.page\/?s={search_term_string}"},"query-input":{"@type":"PropertyValueSpecification","valueRequired":true,"valueName":"search_term_string"}}],"inLanguage":"sk-SK"},{"@type":"Organization","@id":"https:\/\/wonderful-yonath.136-243-14-103.plesk.page\/#organization","name":"Sylex","url":"https:\/\/wonderful-yonath.136-243-14-103.plesk.page\/","logo":{"@type":"ImageObject","inLanguage":"sk-SK","@id":"https:\/\/wonderful-yonath.136-243-14-103.plesk.page\/#\/schema\/logo\/image\/","url":"https:\/\/www.sylex.sk\/wp-content\/uploads\/2024\/04\/logo4-1.png","contentUrl":"https:\/\/www.sylex.sk\/wp-content\/uploads\/2024\/04\/logo4-1.png","width":308,"height":100,"caption":"Sylex"},"image":{"@id":"https:\/\/wonderful-yonath.136-243-14-103.plesk.page\/#\/schema\/logo\/image\/"},"sameAs":["https:\/\/www.facebook.com\/sylex.sk\/","https:\/\/x.com\/SYLEX_SK"]}]}},"_links":{"self":[{"href":"https:\/\/www.sylex.sk\/sk\/wp-json\/wp\/v2\/pages\/14427","targetHints":{"allow":["GET"]}}],"collection":[{"href":"https:\/\/www.sylex.sk\/sk\/wp-json\/wp\/v2\/pages"}],"about":[{"href":"https:\/\/www.sylex.sk\/sk\/wp-json\/wp\/v2\/types\/page"}],"author":[{"embeddable":true,"href":"https:\/\/www.sylex.sk\/sk\/wp-json\/wp\/v2\/users\/1"}],"replies":[{"embeddable":true,"href":"https:\/\/www.sylex.sk\/sk\/wp-json\/wp\/v2\/comments?post=14427"}],"version-history":[{"count":0,"href":"https:\/\/www.sylex.sk\/sk\/wp-json\/wp\/v2\/pages\/14427\/revisions"}],"wp:attachment":[{"href":"https:\/\/www.sylex.sk\/sk\/wp-json\/wp\/v2\/media?parent=14427"}],"curies":[{"name":"wp","href":"https:\/\/api.w.org\/{rel}","templated":true}]}}