{"id":14429,"date":"2023-09-18T10:02:19","date_gmt":"2023-09-18T09:02:19","guid":{"rendered":"https:\/\/www.sylex.sk\/nas-zavazok\/vizia-a-poslanie\/"},"modified":"2025-01-16T14:34:30","modified_gmt":"2025-01-16T13:34:30","slug":"vizia-a-poslanie","status":"publish","type":"page","link":"https:\/\/www.sylex.sk\/sk\/o-nas\/vizia-a-poslanie\/","title":{"rendered":"V\u00edzia a poslanie"},"content":{"rendered":"\t\t<div data-elementor-type=\"wp-page\" data-elementor-id=\"14429\" class=\"elementor elementor-14429 elementor-1747\" data-elementor-post-type=\"page\">\n\t\t\t\t\t\t<section class=\"elementor-section elementor-top-section elementor-element elementor-element-6a5040a2 elementor-section-boxed elementor-section-height-default elementor-section-height-default\" data-id=\"6a5040a2\" data-element_type=\"section\" data-e-type=\"section\">\n\t\t\t\t\t\t<div class=\"elementor-container elementor-column-gap-no\">\n\t\t\t\t\t<div class=\"elementor-column elementor-col-100 elementor-top-column elementor-element elementor-element-7b62b663\" data-id=\"7b62b663\" data-element_type=\"column\" data-e-type=\"column\">\n\t\t\t<div class=\"elementor-widget-wrap elementor-element-populated\">\n\t\t\t\t\t\t<div class=\"elementor-element elementor-element-3b2e86f elementor-widget elementor-widget-image\" data-id=\"3b2e86f\" data-element_type=\"widget\" data-e-type=\"widget\" data-widget_type=\"image.default\">\n\t\t\t\t<div class=\"elementor-widget-container\">\n\t\t\t\t\t\t\t\t\t\t\t\t\t\t\t<img fetchpriority=\"high\" decoding=\"async\" width=\"1624\" height=\"832\" src=\"https:\/\/www.sylex.sk\/wp-content\/uploads\/2024\/11\/Pyramida_SK.png\" class=\"attachment-full size-full wp-image-19916\" alt=\"\" srcset=\"https:\/\/www.sylex.sk\/wp-content\/uploads\/2024\/11\/Pyramida_SK.png 1624w, https:\/\/www.sylex.sk\/wp-content\/uploads\/2024\/11\/Pyramida_SK-300x154.png 300w, https:\/\/www.sylex.sk\/wp-content\/uploads\/2024\/11\/Pyramida_SK-1024x525.png 1024w, https:\/\/www.sylex.sk\/wp-content\/uploads\/2024\/11\/Pyramida_SK-768x393.png 768w, https:\/\/www.sylex.sk\/wp-content\/uploads\/2024\/11\/Pyramida_SK-1536x787.png 1536w, https:\/\/www.sylex.sk\/wp-content\/uploads\/2024\/11\/Pyramida_SK-1320x676.png 1320w, https:\/\/www.sylex.sk\/wp-content\/uploads\/2024\/11\/Pyramida_SK-600x307.png 600w\" sizes=\"(max-width: 1624px) 100vw, 1624px\" \/>\t\t\t\t\t\t\t\t\t\t\t\t\t\t\t<\/div>\n\t\t\t\t<\/div>\n\t\t\t\t<section class=\"elementor-section elementor-inner-section elementor-element elementor-element-5277e4b elementor-section-boxed elementor-section-height-default elementor-section-height-default\" data-id=\"5277e4b\" data-element_type=\"section\" data-e-type=\"section\">\n\t\t\t\t\t\t<div class=\"elementor-container elementor-column-gap-default\">\n\t\t\t\t\t<div class=\"elementor-column elementor-col-50 elementor-inner-column elementor-element elementor-element-0250fa8\" data-id=\"0250fa8\" data-element_type=\"column\" data-e-type=\"column\">\n\t\t\t<div class=\"elementor-widget-wrap elementor-element-populated\">\n\t\t\t\t\t\t<div class=\"elementor-element elementor-element-7ae26f5 elementor-widget elementor-widget-heading\" data-id=\"7ae26f5\" data-element_type=\"widget\" data-e-type=\"widget\" data-widget_type=\"heading.default\">\n\t\t\t\t<div class=\"elementor-widget-container\">\n\t\t\t\t\t<h2 class=\"elementor-heading-title elementor-size-default\">V\u00edzia<\/h2>\t\t\t\t<\/div>\n\t\t\t\t<\/div>\n\t\t\t\t<div class=\"elementor-element elementor-element-b9c8de4 elementor-widget elementor-widget-text-editor\" data-id=\"b9c8de4\" data-element_type=\"widget\" data-e-type=\"widget\" data-widget_type=\"text-editor.default\">\n\t\t\t\t<div class=\"elementor-widget-container\">\n\t\t\t\t\t\t\t\t\t<p><strong>PREPOJENIA:<\/strong><\/p><p>\u201cV tomto desa\u0165ro\u010d\u00ed sa chce spolo\u010dnos\u0165 SYLEX sta\u0165 jednou z ved\u00facich spolo\u010dnost\u00ed v oblasti opto-vl\u00e1knov\u00fdch rie\u0161en\u00ed pas\u00edvnej konektivity na trhu zameran\u00e1 na inov\u00e1cie a \u0161pi\u010dkov\u00e9 produkty.\u201d\u00a0<\/p><p><strong>SENZORY A SN\u00cdMACIE SYST\u00c9MY:<\/strong><\/p><p>&#8222;V tomto desa\u0165ro\u010d\u00ed sa chce spolo\u010dnos\u0165 SYLEX sta\u0165 jedn\u00fdm z l\u00eddrov v oblasti technol\u00f3gie optick\u00fdch vl\u00e1kien pre sn\u00edmanie v civiln\u00fdch stavb\u00e1ch, geotechnike, n\u00e1morn\u00fdch a podmorsk\u00fdch technol\u00f3gi\u00e1ch a obnovite\u013en\u00fdch zdrojoch energie, pri\u010dom sa zameriava na vynikaj\u00face rie\u0161enia a \u0161pi\u010dkov\u00e9 produkty.&#8220;<\/p>\t\t\t\t\t\t\t\t<\/div>\n\t\t\t\t<\/div>\n\t\t\t\t\t<\/div>\n\t\t<\/div>\n\t\t\t\t<div class=\"elementor-column elementor-col-50 elementor-inner-column elementor-element elementor-element-a3aad78\" data-id=\"a3aad78\" data-element_type=\"column\" data-e-type=\"column\">\n\t\t\t<div class=\"elementor-widget-wrap elementor-element-populated\">\n\t\t\t\t\t\t<div class=\"elementor-element elementor-element-adefea6 elementor-widget elementor-widget-heading\" data-id=\"adefea6\" data-element_type=\"widget\" data-e-type=\"widget\" data-widget_type=\"heading.default\">\n\t\t\t\t<div class=\"elementor-widget-container\">\n\t\t\t\t\t<h2 class=\"elementor-heading-title elementor-size-default\">Misia<\/h2>\t\t\t\t<\/div>\n\t\t\t\t<\/div>\n\t\t\t\t<div class=\"elementor-element elementor-element-334ede3 elementor-widget elementor-widget-text-editor\" data-id=\"334ede3\" data-element_type=\"widget\" data-e-type=\"widget\" data-widget_type=\"text-editor.default\">\n\t\t\t\t<div class=\"elementor-widget-container\">\n\t\t\t\t\t\t\t\t\t<p>&#8222;SYLEX chce zosta\u0165 atrakt\u00edvnym obchodn\u00fdm partnerom pre na\u0161ich z\u00e1kazn\u00edkov, ktor\u00fdm poskytujeme na\u0161e schopnosti v ka\u017edej f\u00e1ze v\u00fdvoja a komercializ\u00e1cie ich vlastn\u00fdch produktov.<\/p>\n<p>Zvykneme hovori\u0165: &#8222;Na\u0161\u00edm poslan\u00edm je prija\u0165 v\u00fdzvy na\u0161ich z\u00e1kazn\u00edkov ako na\u0161e vlastn\u00e9 a rie\u0161i\u0165 ich.&#8220;<\/p>\n<p>Ver\u00edme, \u017ee dosiahnutie udr\u017eate\u013en\u00e9ho rastu prostredn\u00edctvom spokojnosti z\u00e1kazn\u00edkov ide ruka v ruke s inov\u00e1ciami, ktor\u00e9 prin\u00e1\u0161aj\u00fa bohatstvo a zdravie na\u0161im z\u00e1kazn\u00edkom, zamestnancom, obchodn\u00fdm partnerom a v\u0161etk\u00fdm ich rodin\u00e1m, komunite a pr\u00edrode.<\/p>\n\t\t\t\t\t\t\t\t<\/div>\n\t\t\t\t<\/div>\n\t\t\t\t\t<\/div>\n\t\t<\/div>\n\t\t\t\t\t<\/div>\n\t\t<\/section>\n\t\t\t\t\t<\/div>\n\t\t<\/div>\n\t\t\t\t\t<\/div>\n\t\t<\/section>\n\t\t\t\t<\/div>\n\t\t","protected":false},"excerpt":{"rendered":"<p>V\u00edzia PREPOJENIA: \u201cV tomto desa\u0165ro\u010d\u00ed sa chce spolo\u010dnos\u0165 SYLEX sta\u0165 jednou z ved\u00facich spolo\u010dnost\u00ed v oblasti opto-vl\u00e1knov\u00fdch rie\u0161en\u00ed pas\u00edvnej konektivity na trhu zameran\u00e1 na inov\u00e1cie a \u0161pi\u010dkov\u00e9 produkty.\u201d\u00a0 SENZORY A SN\u00cdMACIE SYST\u00c9MY: &#8222;V tomto desa\u0165ro\u010d\u00ed sa chce spolo\u010dnos\u0165 SYLEX sta\u0165 jedn\u00fdm z l\u00eddrov v oblasti technol\u00f3gie optick\u00fdch vl\u00e1kien pre sn\u00edmanie v civiln\u00fdch stavb\u00e1ch, geotechnike, n\u00e1morn\u00fdch a podmorsk\u00fdch technol\u00f3gi\u00e1ch a obnovite\u013en\u00fdch zdrojoch energie, pri\u010dom sa zameriava na vynikaj\u00face rie\u0161enia a \u0161pi\u010dkov\u00e9 produkty.&#8220; Misia &#8222;SYLEX chce zosta\u0165 atrakt\u00edvnym obchodn\u00fdm partnerom pre na\u0161ich z\u00e1kazn\u00edkov, ktor\u00fdm poskytujeme na\u0161e schopnosti v ka\u017edej f\u00e1ze v\u00fdvoja a komercializ\u00e1cie ich vlastn\u00fdch produktov. Zvykneme hovori\u0165: &#8222;Na\u0161\u00edm poslan\u00edm je prija\u0165 v\u00fdzvy na\u0161ich z\u00e1kazn\u00edkov ako na\u0161e vlastn\u00e9 a rie\u0161i\u0165 ich.&#8220; Ver\u00edme, \u017ee dosiahnutie udr\u017eate\u013en\u00e9ho rastu prostredn\u00edctvom spokojnosti z\u00e1kazn\u00edkov ide ruka v ruke s inov\u00e1ciami, ktor\u00e9 prin\u00e1\u0161aj\u00fa bohatstvo a zdravie na\u0161im z\u00e1kazn\u00edkom, zamestnancom, obchodn\u00fdm partnerom a v\u0161etk\u00fdm ich rodin\u00e1m, komunite a pr\u00edrode.<\/p>\n","protected":false},"author":1,"featured_media":0,"parent":14405,"menu_order":0,"comment_status":"closed","ping_status":"closed","template":"","meta":{"_acf_changed":false,"footnotes":""},"class_list":["post-14429","page","type-page","status-publish","hentry"],"acf":[],"yoast_head":"<!-- This site is optimized with the Yoast SEO plugin v27.0 - https:\/\/yoast.com\/product\/yoast-seo-wordpress\/ -->\n<title>V\u00edzia a poslanie - Sylex<\/title>\n<meta name=\"robots\" content=\"index, follow, max-snippet:-1, max-image-preview:large, max-video-preview:-1\" \/>\n<link rel=\"canonical\" href=\"https:\/\/www.sylex.sk\/sk\/o-nas\/vizia-a-poslanie\/\" \/>\n<meta property=\"og:locale\" content=\"sk_SK\" \/>\n<meta property=\"og:type\" content=\"article\" \/>\n<meta property=\"og:title\" content=\"V\u00edzia a poslanie - Sylex\" \/>\n<meta property=\"og:description\" content=\"V\u00edzia PREPOJENIA: \u201cV tomto desa\u0165ro\u010d\u00ed sa chce spolo\u010dnos\u0165 SYLEX sta\u0165 jednou z ved\u00facich spolo\u010dnost\u00ed v oblasti opto-vl\u00e1knov\u00fdch rie\u0161en\u00ed pas\u00edvnej konektivity na trhu zameran\u00e1 na inov\u00e1cie a \u0161pi\u010dkov\u00e9 produkty.\u201d\u00a0 SENZORY A SN\u00cdMACIE SYST\u00c9MY: &#8222;V tomto desa\u0165ro\u010d\u00ed sa chce spolo\u010dnos\u0165 SYLEX sta\u0165 jedn\u00fdm z l\u00eddrov v oblasti technol\u00f3gie optick\u00fdch vl\u00e1kien pre sn\u00edmanie v civiln\u00fdch stavb\u00e1ch, geotechnike, n\u00e1morn\u00fdch a podmorsk\u00fdch technol\u00f3gi\u00e1ch a obnovite\u013en\u00fdch zdrojoch energie, pri\u010dom sa zameriava na vynikaj\u00face rie\u0161enia a \u0161pi\u010dkov\u00e9 produkty.&#8220; Misia &#8222;SYLEX chce zosta\u0165 atrakt\u00edvnym obchodn\u00fdm partnerom pre na\u0161ich z\u00e1kazn\u00edkov, ktor\u00fdm poskytujeme na\u0161e schopnosti v ka\u017edej f\u00e1ze v\u00fdvoja a komercializ\u00e1cie ich vlastn\u00fdch produktov. Zvykneme hovori\u0165: &#8222;Na\u0161\u00edm poslan\u00edm je prija\u0165 v\u00fdzvy na\u0161ich z\u00e1kazn\u00edkov ako na\u0161e vlastn\u00e9 a rie\u0161i\u0165 ich.&#8220; Ver\u00edme, \u017ee dosiahnutie udr\u017eate\u013en\u00e9ho rastu prostredn\u00edctvom spokojnosti z\u00e1kazn\u00edkov ide ruka v ruke s inov\u00e1ciami, ktor\u00e9 prin\u00e1\u0161aj\u00fa bohatstvo a zdravie na\u0161im z\u00e1kazn\u00edkom, zamestnancom, obchodn\u00fdm partnerom a v\u0161etk\u00fdm ich rodin\u00e1m, komunite a pr\u00edrode.\" \/>\n<meta property=\"og:url\" content=\"https:\/\/www.sylex.sk\/sk\/o-nas\/vizia-a-poslanie\/\" \/>\n<meta property=\"og:site_name\" content=\"Sylex\" \/>\n<meta property=\"article:publisher\" content=\"https:\/\/www.facebook.com\/sylex.sk\/\" \/>\n<meta property=\"article:modified_time\" content=\"2025-01-16T13:34:30+00:00\" \/>\n<meta property=\"og:image\" content=\"https:\/\/www.sylex.sk\/wp-content\/uploads\/2024\/11\/Pyramida_SK.png\" \/>\n\t<meta property=\"og:image:width\" content=\"1624\" \/>\n\t<meta property=\"og:image:height\" content=\"832\" \/>\n\t<meta property=\"og:image:type\" content=\"image\/png\" \/>\n<meta name=\"twitter:card\" content=\"summary_large_image\" \/>\n<meta name=\"twitter:site\" content=\"@SYLEX_SK\" \/>\n<meta name=\"twitter:label1\" content=\"Predpokladan\u00fd \u010das \u010d\u00edtania\" \/>\n\t<meta name=\"twitter:data1\" content=\"1 min\u00fata\" \/>\n<script type=\"application\/ld+json\" class=\"yoast-schema-graph\">{\"@context\":\"https:\/\/schema.org\",\"@graph\":[{\"@type\":\"WebPage\",\"@id\":\"https:\/\/www.sylex.sk\/sk\/o-nas\/vizia-a-poslanie\/\",\"url\":\"https:\/\/www.sylex.sk\/sk\/o-nas\/vizia-a-poslanie\/\",\"name\":\"V\u00edzia a poslanie - Sylex\",\"isPartOf\":{\"@id\":\"https:\/\/wonderful-yonath.136-243-14-103.plesk.page\/#website\"},\"primaryImageOfPage\":{\"@id\":\"https:\/\/www.sylex.sk\/sk\/o-nas\/vizia-a-poslanie\/#primaryimage\"},\"image\":{\"@id\":\"https:\/\/www.sylex.sk\/sk\/o-nas\/vizia-a-poslanie\/#primaryimage\"},\"thumbnailUrl\":\"https:\/\/www.sylex.sk\/wp-content\/uploads\/2024\/11\/Pyramida_SK.png\",\"datePublished\":\"2023-09-18T09:02:19+00:00\",\"dateModified\":\"2025-01-16T13:34:30+00:00\",\"breadcrumb\":{\"@id\":\"https:\/\/www.sylex.sk\/sk\/o-nas\/vizia-a-poslanie\/#breadcrumb\"},\"inLanguage\":\"sk-SK\",\"potentialAction\":[{\"@type\":\"ReadAction\",\"target\":[\"https:\/\/www.sylex.sk\/sk\/o-nas\/vizia-a-poslanie\/\"]}]},{\"@type\":\"ImageObject\",\"inLanguage\":\"sk-SK\",\"@id\":\"https:\/\/www.sylex.sk\/sk\/o-nas\/vizia-a-poslanie\/#primaryimage\",\"url\":\"https:\/\/www.sylex.sk\/wp-content\/uploads\/2024\/11\/Pyramida_SK.png\",\"contentUrl\":\"https:\/\/www.sylex.sk\/wp-content\/uploads\/2024\/11\/Pyramida_SK.png\"},{\"@type\":\"BreadcrumbList\",\"@id\":\"https:\/\/www.sylex.sk\/sk\/o-nas\/vizia-a-poslanie\/#breadcrumb\",\"itemListElement\":[{\"@type\":\"ListItem\",\"position\":1,\"name\":\"Home\",\"item\":\"https:\/\/www.sylex.sk\/sk\/\"},{\"@type\":\"ListItem\",\"position\":2,\"name\":\"O n\u00e1s\",\"item\":\"https:\/\/www.sylex.sk\/sk\/o-nas\/\"},{\"@type\":\"ListItem\",\"position\":3,\"name\":\"V\u00edzia a poslanie\"}]},{\"@type\":\"WebSite\",\"@id\":\"https:\/\/wonderful-yonath.136-243-14-103.plesk.page\/#website\",\"url\":\"https:\/\/wonderful-yonath.136-243-14-103.plesk.page\/\",\"name\":\"Sylex\",\"description\":\"Fiber Optics\",\"publisher\":{\"@id\":\"https:\/\/wonderful-yonath.136-243-14-103.plesk.page\/#organization\"},\"potentialAction\":[{\"@type\":\"SearchAction\",\"target\":{\"@type\":\"EntryPoint\",\"urlTemplate\":\"https:\/\/wonderful-yonath.136-243-14-103.plesk.page\/?s={search_term_string}\"},\"query-input\":{\"@type\":\"PropertyValueSpecification\",\"valueRequired\":true,\"valueName\":\"search_term_string\"}}],\"inLanguage\":\"sk-SK\"},{\"@type\":\"Organization\",\"@id\":\"https:\/\/wonderful-yonath.136-243-14-103.plesk.page\/#organization\",\"name\":\"Sylex\",\"url\":\"https:\/\/wonderful-yonath.136-243-14-103.plesk.page\/\",\"logo\":{\"@type\":\"ImageObject\",\"inLanguage\":\"sk-SK\",\"@id\":\"https:\/\/wonderful-yonath.136-243-14-103.plesk.page\/#\/schema\/logo\/image\/\",\"url\":\"https:\/\/www.sylex.sk\/wp-content\/uploads\/2024\/04\/logo4-1.png\",\"contentUrl\":\"https:\/\/www.sylex.sk\/wp-content\/uploads\/2024\/04\/logo4-1.png\",\"width\":308,\"height\":100,\"caption\":\"Sylex\"},\"image\":{\"@id\":\"https:\/\/wonderful-yonath.136-243-14-103.plesk.page\/#\/schema\/logo\/image\/\"},\"sameAs\":[\"https:\/\/www.facebook.com\/sylex.sk\/\",\"https:\/\/x.com\/SYLEX_SK\"]}]}<\/script>\n<!-- \/ Yoast SEO plugin. -->","yoast_head_json":{"title":"V\u00edzia a poslanie - Sylex","robots":{"index":"index","follow":"follow","max-snippet":"max-snippet:-1","max-image-preview":"max-image-preview:large","max-video-preview":"max-video-preview:-1"},"canonical":"https:\/\/www.sylex.sk\/sk\/o-nas\/vizia-a-poslanie\/","og_locale":"sk_SK","og_type":"article","og_title":"V\u00edzia a poslanie - Sylex","og_description":"V\u00edzia PREPOJENIA: \u201cV tomto desa\u0165ro\u010d\u00ed sa chce spolo\u010dnos\u0165 SYLEX sta\u0165 jednou z ved\u00facich spolo\u010dnost\u00ed v oblasti opto-vl\u00e1knov\u00fdch rie\u0161en\u00ed pas\u00edvnej konektivity na trhu zameran\u00e1 na inov\u00e1cie a \u0161pi\u010dkov\u00e9 produkty.\u201d\u00a0 SENZORY A SN\u00cdMACIE SYST\u00c9MY: &#8222;V tomto desa\u0165ro\u010d\u00ed sa chce spolo\u010dnos\u0165 SYLEX sta\u0165 jedn\u00fdm z l\u00eddrov v oblasti technol\u00f3gie optick\u00fdch vl\u00e1kien pre sn\u00edmanie v civiln\u00fdch stavb\u00e1ch, geotechnike, n\u00e1morn\u00fdch a podmorsk\u00fdch technol\u00f3gi\u00e1ch a obnovite\u013en\u00fdch zdrojoch energie, pri\u010dom sa zameriava na vynikaj\u00face rie\u0161enia a \u0161pi\u010dkov\u00e9 produkty.&#8220; Misia &#8222;SYLEX chce zosta\u0165 atrakt\u00edvnym obchodn\u00fdm partnerom pre na\u0161ich z\u00e1kazn\u00edkov, ktor\u00fdm poskytujeme na\u0161e schopnosti v ka\u017edej f\u00e1ze v\u00fdvoja a komercializ\u00e1cie ich vlastn\u00fdch produktov. Zvykneme hovori\u0165: &#8222;Na\u0161\u00edm poslan\u00edm je prija\u0165 v\u00fdzvy na\u0161ich z\u00e1kazn\u00edkov ako na\u0161e vlastn\u00e9 a rie\u0161i\u0165 ich.&#8220; Ver\u00edme, \u017ee dosiahnutie udr\u017eate\u013en\u00e9ho rastu prostredn\u00edctvom spokojnosti z\u00e1kazn\u00edkov ide ruka v ruke s inov\u00e1ciami, ktor\u00e9 prin\u00e1\u0161aj\u00fa bohatstvo a zdravie na\u0161im z\u00e1kazn\u00edkom, zamestnancom, obchodn\u00fdm partnerom a v\u0161etk\u00fdm ich rodin\u00e1m, komunite a pr\u00edrode.","og_url":"https:\/\/www.sylex.sk\/sk\/o-nas\/vizia-a-poslanie\/","og_site_name":"Sylex","article_publisher":"https:\/\/www.facebook.com\/sylex.sk\/","article_modified_time":"2025-01-16T13:34:30+00:00","og_image":[{"width":1624,"height":832,"url":"https:\/\/www.sylex.sk\/wp-content\/uploads\/2024\/11\/Pyramida_SK.png","type":"image\/png"}],"twitter_card":"summary_large_image","twitter_site":"@SYLEX_SK","twitter_misc":{"Predpokladan\u00fd \u010das \u010d\u00edtania":"1 min\u00fata"},"schema":{"@context":"https:\/\/schema.org","@graph":[{"@type":"WebPage","@id":"https:\/\/www.sylex.sk\/sk\/o-nas\/vizia-a-poslanie\/","url":"https:\/\/www.sylex.sk\/sk\/o-nas\/vizia-a-poslanie\/","name":"V\u00edzia a poslanie - Sylex","isPartOf":{"@id":"https:\/\/wonderful-yonath.136-243-14-103.plesk.page\/#website"},"primaryImageOfPage":{"@id":"https:\/\/www.sylex.sk\/sk\/o-nas\/vizia-a-poslanie\/#primaryimage"},"image":{"@id":"https:\/\/www.sylex.sk\/sk\/o-nas\/vizia-a-poslanie\/#primaryimage"},"thumbnailUrl":"https:\/\/www.sylex.sk\/wp-content\/uploads\/2024\/11\/Pyramida_SK.png","datePublished":"2023-09-18T09:02:19+00:00","dateModified":"2025-01-16T13:34:30+00:00","breadcrumb":{"@id":"https:\/\/www.sylex.sk\/sk\/o-nas\/vizia-a-poslanie\/#breadcrumb"},"inLanguage":"sk-SK","potentialAction":[{"@type":"ReadAction","target":["https:\/\/www.sylex.sk\/sk\/o-nas\/vizia-a-poslanie\/"]}]},{"@type":"ImageObject","inLanguage":"sk-SK","@id":"https:\/\/www.sylex.sk\/sk\/o-nas\/vizia-a-poslanie\/#primaryimage","url":"https:\/\/www.sylex.sk\/wp-content\/uploads\/2024\/11\/Pyramida_SK.png","contentUrl":"https:\/\/www.sylex.sk\/wp-content\/uploads\/2024\/11\/Pyramida_SK.png"},{"@type":"BreadcrumbList","@id":"https:\/\/www.sylex.sk\/sk\/o-nas\/vizia-a-poslanie\/#breadcrumb","itemListElement":[{"@type":"ListItem","position":1,"name":"Home","item":"https:\/\/www.sylex.sk\/sk\/"},{"@type":"ListItem","position":2,"name":"O n\u00e1s","item":"https:\/\/www.sylex.sk\/sk\/o-nas\/"},{"@type":"ListItem","position":3,"name":"V\u00edzia a poslanie"}]},{"@type":"WebSite","@id":"https:\/\/wonderful-yonath.136-243-14-103.plesk.page\/#website","url":"https:\/\/wonderful-yonath.136-243-14-103.plesk.page\/","name":"Sylex","description":"Fiber Optics","publisher":{"@id":"https:\/\/wonderful-yonath.136-243-14-103.plesk.page\/#organization"},"potentialAction":[{"@type":"SearchAction","target":{"@type":"EntryPoint","urlTemplate":"https:\/\/wonderful-yonath.136-243-14-103.plesk.page\/?s={search_term_string}"},"query-input":{"@type":"PropertyValueSpecification","valueRequired":true,"valueName":"search_term_string"}}],"inLanguage":"sk-SK"},{"@type":"Organization","@id":"https:\/\/wonderful-yonath.136-243-14-103.plesk.page\/#organization","name":"Sylex","url":"https:\/\/wonderful-yonath.136-243-14-103.plesk.page\/","logo":{"@type":"ImageObject","inLanguage":"sk-SK","@id":"https:\/\/wonderful-yonath.136-243-14-103.plesk.page\/#\/schema\/logo\/image\/","url":"https:\/\/www.sylex.sk\/wp-content\/uploads\/2024\/04\/logo4-1.png","contentUrl":"https:\/\/www.sylex.sk\/wp-content\/uploads\/2024\/04\/logo4-1.png","width":308,"height":100,"caption":"Sylex"},"image":{"@id":"https:\/\/wonderful-yonath.136-243-14-103.plesk.page\/#\/schema\/logo\/image\/"},"sameAs":["https:\/\/www.facebook.com\/sylex.sk\/","https:\/\/x.com\/SYLEX_SK"]}]}},"_links":{"self":[{"href":"https:\/\/www.sylex.sk\/sk\/wp-json\/wp\/v2\/pages\/14429","targetHints":{"allow":["GET"]}}],"collection":[{"href":"https:\/\/www.sylex.sk\/sk\/wp-json\/wp\/v2\/pages"}],"about":[{"href":"https:\/\/www.sylex.sk\/sk\/wp-json\/wp\/v2\/types\/page"}],"author":[{"embeddable":true,"href":"https:\/\/www.sylex.sk\/sk\/wp-json\/wp\/v2\/users\/1"}],"replies":[{"embeddable":true,"href":"https:\/\/www.sylex.sk\/sk\/wp-json\/wp\/v2\/comments?post=14429"}],"version-history":[{"count":30,"href":"https:\/\/www.sylex.sk\/sk\/wp-json\/wp\/v2\/pages\/14429\/revisions"}],"predecessor-version":[{"id":20281,"href":"https:\/\/www.sylex.sk\/sk\/wp-json\/wp\/v2\/pages\/14429\/revisions\/20281"}],"up":[{"embeddable":true,"href":"https:\/\/www.sylex.sk\/sk\/wp-json\/wp\/v2\/pages\/14405"}],"wp:attachment":[{"href":"https:\/\/www.sylex.sk\/sk\/wp-json\/wp\/v2\/media?parent=14429"}],"curies":[{"name":"wp","href":"https:\/\/api.w.org\/{rel}","templated":true}]}}