{"id":14464,"date":"2024-01-24T00:20:59","date_gmt":"2024-01-23T23:20:59","guid":{"rendered":"https:\/\/www.sylex.sk\/trhy\/prepojenia\/obrana\/"},"modified":"2024-05-27T16:14:38","modified_gmt":"2024-05-27T15:14:38","slug":"obrana","status":"publish","type":"page","link":"https:\/\/www.sylex.sk\/sk\/trhy\/prepojovacie-riesenia\/obrana\/","title":{"rendered":"Obrana"},"content":{"rendered":"\t\t<div data-elementor-type=\"wp-page\" data-elementor-id=\"14464\" class=\"elementor elementor-14464 elementor-2618\" data-elementor-post-type=\"page\">\n\t\t\t\t\t\t<section class=\"elementor-section elementor-top-section elementor-element elementor-element-48050e2 elementor-section-boxed elementor-section-height-default elementor-section-height-default\" data-id=\"48050e2\" data-element_type=\"section\" data-e-type=\"section\">\n\t\t\t\t\t\t<div class=\"elementor-container elementor-column-gap-no\">\n\t\t\t\t\t<div class=\"elementor-column elementor-col-50 elementor-top-column elementor-element elementor-element-2bc954d\" data-id=\"2bc954d\" data-element_type=\"column\" data-e-type=\"column\">\n\t\t\t<div class=\"elementor-widget-wrap elementor-element-populated\">\n\t\t\t\t\t\t<div class=\"elementor-element elementor-element-35b336a elementor-icon-list--layout-traditional elementor-list-item-link-full_width elementor-widget elementor-widget-icon-list\" data-id=\"35b336a\" data-element_type=\"widget\" data-e-type=\"widget\" data-widget_type=\"icon-list.default\">\n\t\t\t\t<div class=\"elementor-widget-container\">\n\t\t\t\t\t\t\t<ul class=\"elementor-icon-list-items\">\n\t\t\t\t\t\t\t<li class=\"elementor-icon-list-item\">\n\t\t\t\t\t\t\t\t\t\t\t<span class=\"elementor-icon-list-icon\">\n\t\t\t\t\t\t\t<i aria-hidden=\"true\" class=\"fas fa-fighter-jet\"><\/i>\t\t\t\t\t\t<\/span>\n\t\t\t\t\t\t\t\t\t\t<span class=\"elementor-icon-list-text\">Obrana, letectvo, drsn\u00e9 prostredie<\/span>\n\t\t\t\t\t\t\t\t\t<\/li>\n\t\t\t\t\t\t<\/ul>\n\t\t\t\t\t\t<\/div>\n\t\t\t\t<\/div>\n\t\t\t\t<div class=\"elementor-element elementor-element-633076f elementor-widget elementor-widget-image\" data-id=\"633076f\" data-element_type=\"widget\" data-e-type=\"widget\" data-widget_type=\"image.default\">\n\t\t\t\t<div class=\"elementor-widget-container\">\n\t\t\t\t\t\t\t\t\t\t\t\t\t\t\t<img fetchpriority=\"high\" decoding=\"async\" width=\"800\" height=\"333\" src=\"https:\/\/www.sylex.sk\/wp-content\/uploads\/2023\/11\/defmain.png\" class=\"attachment-large size-large wp-image-10655\" alt=\"\" srcset=\"https:\/\/www.sylex.sk\/wp-content\/uploads\/2023\/11\/defmain.png 1020w, https:\/\/www.sylex.sk\/wp-content\/uploads\/2023\/11\/defmain-300x125.png 300w, https:\/\/www.sylex.sk\/wp-content\/uploads\/2023\/11\/defmain-768x319.png 768w, https:\/\/www.sylex.sk\/wp-content\/uploads\/2023\/11\/defmain-600x249.png 600w\" sizes=\"(max-width: 800px) 100vw, 800px\" \/>\t\t\t\t\t\t\t\t\t\t\t\t\t\t\t<\/div>\n\t\t\t\t<\/div>\n\t\t\t\t<div class=\"elementor-element elementor-element-58f7201 elementor-widget-divider--view-line elementor-widget elementor-widget-divider\" data-id=\"58f7201\" data-element_type=\"widget\" data-e-type=\"widget\" data-widget_type=\"divider.default\">\n\t\t\t\t<div class=\"elementor-widget-container\">\n\t\t\t\t\t\t\t<div class=\"elementor-divider\">\n\t\t\t<span class=\"elementor-divider-separator\">\n\t\t\t\t\t\t<\/span>\n\t\t<\/div>\n\t\t\t\t\t\t<\/div>\n\t\t\t\t<\/div>\n\t\t\t\t\t<\/div>\n\t\t<\/div>\n\t\t\t\t<div class=\"elementor-column elementor-col-50 elementor-top-column elementor-element elementor-element-a85b38d\" data-id=\"a85b38d\" data-element_type=\"column\" data-e-type=\"column\">\n\t\t\t<div class=\"elementor-widget-wrap elementor-element-populated\">\n\t\t\t\t\t\t<section class=\"elementor-section elementor-inner-section elementor-element elementor-element-8985fd7 elementor-section-boxed elementor-section-height-default elementor-section-height-default\" data-id=\"8985fd7\" data-element_type=\"section\" data-e-type=\"section\">\n\t\t\t\t\t\t<div class=\"elementor-container elementor-column-gap-default\">\n\t\t\t\t\t<div class=\"elementor-column elementor-col-100 elementor-inner-column elementor-element elementor-element-20ca940\" data-id=\"20ca940\" data-element_type=\"column\" data-e-type=\"column\">\n\t\t\t<div class=\"elementor-widget-wrap elementor-element-populated\">\n\t\t\t\t\t\t<div class=\"elementor-element elementor-element-06ca3f5 elementor-icon-list--layout-traditional elementor-list-item-link-full_width elementor-widget elementor-widget-icon-list\" data-id=\"06ca3f5\" data-element_type=\"widget\" data-e-type=\"widget\" data-widget_type=\"icon-list.default\">\n\t\t\t\t<div class=\"elementor-widget-container\">\n\t\t\t\t\t\t\t<ul class=\"elementor-icon-list-items\">\n\t\t\t\t\t\t\t<li class=\"elementor-icon-list-item\">\n\t\t\t\t\t\t\t\t\t\t<span class=\"elementor-icon-list-text\">\u010ci u\u017e ide o konektory, ktor\u00e9 s\u00fa robustn\u00e9 a spo\u013eahliv\u00e9, schopn\u00e9 odola\u0165 extr\u00e9mnym podmienkam, alebo konektory so \u0161o\u0161ovkami, ktor\u00e9 zvy\u0161uj\u00fa optick\u00fd v\u00fdkon optimaliz\u00e1ciou svetelnej v\u00e4zby, alebo v\u00fdznamn\u00e9 \u0161tandardy konektorov vr\u00e1tane ARINC 801, M29504-04\/05, M29504-14\/15 a ELIO\u00ae Contact. Celkovo s\u00fa tieto rie\u0161enia pripojenia prisp\u00f4soben\u00e9 pre n\u00e1ro\u010dn\u00e9 podmienky a zabezpe\u010duj\u00fa jasn\u00fa komunik\u00e1ciu v kritick\u00fdch aplik\u00e1ci\u00e1ch.<\/span>\n\t\t\t\t\t\t\t\t\t<\/li>\n\t\t\t\t\t\t<\/ul>\n\t\t\t\t\t\t<\/div>\n\t\t\t\t<\/div>\n\t\t\t\t\t<\/div>\n\t\t<\/div>\n\t\t\t\t\t<\/div>\n\t\t<\/section>\n\t\t\t\t\t<\/div>\n\t\t<\/div>\n\t\t\t\t\t<\/div>\n\t\t<\/section>\n\t\t\t\t<section class=\"elementor-section elementor-inner-section elementor-element elementor-element-34b06855 elementor-section-boxed elementor-section-height-default elementor-section-height-default\" data-id=\"34b06855\" data-element_type=\"section\" data-e-type=\"section\">\n\t\t\t\t\t\t<div class=\"elementor-container elementor-column-gap-no\">\n\t\t\t\t\t<div class=\"elementor-column elementor-col-100 elementor-inner-column elementor-element elementor-element-49ee00d2\" data-id=\"49ee00d2\" data-element_type=\"column\" data-e-type=\"column\">\n\t\t\t<div class=\"elementor-widget-wrap elementor-element-populated\">\n\t\t\t\t\t\t<div class=\"elementor-element elementor-element-5396fe27 elementor-widget elementor-widget-heading\" data-id=\"5396fe27\" data-element_type=\"widget\" data-e-type=\"widget\" data-widget_type=\"heading.default\">\n\t\t\t\t<div class=\"elementor-widget-container\">\n\t\t\t\t\t<h2 class=\"elementor-heading-title elementor-size-default\">Na\u0161e produkty pre obranu, letectvo a drsn\u00e9 prostredie<\/h2>\t\t\t\t<\/div>\n\t\t\t\t<\/div>\n\t\t\t\t\t<\/div>\n\t\t<\/div>\n\t\t\t\t\t<\/div>\n\t\t<\/section>\n\t\t\t\t<\/div>\n\t\t","protected":false},"excerpt":{"rendered":"<p>Obrana, letectvo, drsn\u00e9 prostredie \u010ci u\u017e ide o konektory, ktor\u00e9 s\u00fa robustn\u00e9 a spo\u013eahliv\u00e9, schopn\u00e9 odola\u0165 extr\u00e9mnym podmienkam, alebo konektory so \u0161o\u0161ovkami, ktor\u00e9 zvy\u0161uj\u00fa optick\u00fd v\u00fdkon optimaliz\u00e1ciou svetelnej v\u00e4zby, alebo v\u00fdznamn\u00e9 \u0161tandardy konektorov vr\u00e1tane ARINC 801, M29504-04\/05, M29504-14\/15 a ELIO\u00ae Contact. Celkovo s\u00fa tieto rie\u0161enia pripojenia prisp\u00f4soben\u00e9 pre n\u00e1ro\u010dn\u00e9 podmienky a zabezpe\u010duj\u00fa jasn\u00fa komunik\u00e1ciu v kritick\u00fdch aplik\u00e1ci\u00e1ch. Na\u0161e produkty pre obranu, letectvo a drsn\u00e9 prostredie<\/p>\n","protected":false},"author":1,"featured_media":0,"parent":14434,"menu_order":0,"comment_status":"closed","ping_status":"closed","template":"","meta":{"_acf_changed":false,"footnotes":""},"class_list":["post-14464","page","type-page","status-publish","hentry"],"acf":[],"yoast_head":"<!-- This site is optimized with the Yoast SEO plugin v27.0 - https:\/\/yoast.com\/product\/yoast-seo-wordpress\/ -->\n<title>Obrana - Sylex<\/title>\n<meta name=\"robots\" content=\"index, follow, max-snippet:-1, max-image-preview:large, max-video-preview:-1\" \/>\n<link rel=\"canonical\" href=\"https:\/\/www.sylex.sk\/sk\/trhy\/prepojovacie-riesenia\/obrana\/\" \/>\n<meta property=\"og:locale\" content=\"sk_SK\" \/>\n<meta property=\"og:type\" content=\"article\" \/>\n<meta property=\"og:title\" content=\"Obrana - Sylex\" \/>\n<meta property=\"og:description\" content=\"Obrana, letectvo, drsn\u00e9 prostredie \u010ci u\u017e ide o konektory, ktor\u00e9 s\u00fa robustn\u00e9 a spo\u013eahliv\u00e9, schopn\u00e9 odola\u0165 extr\u00e9mnym podmienkam, alebo konektory so \u0161o\u0161ovkami, ktor\u00e9 zvy\u0161uj\u00fa optick\u00fd v\u00fdkon optimaliz\u00e1ciou svetelnej v\u00e4zby, alebo v\u00fdznamn\u00e9 \u0161tandardy konektorov vr\u00e1tane ARINC 801, M29504-04\/05, M29504-14\/15 a ELIO\u00ae Contact. Celkovo s\u00fa tieto rie\u0161enia pripojenia prisp\u00f4soben\u00e9 pre n\u00e1ro\u010dn\u00e9 podmienky a zabezpe\u010duj\u00fa jasn\u00fa komunik\u00e1ciu v kritick\u00fdch aplik\u00e1ci\u00e1ch. Na\u0161e produkty pre obranu, letectvo a drsn\u00e9 prostredie\" \/>\n<meta property=\"og:url\" content=\"https:\/\/www.sylex.sk\/sk\/trhy\/prepojovacie-riesenia\/obrana\/\" \/>\n<meta property=\"og:site_name\" content=\"Sylex\" \/>\n<meta property=\"article:publisher\" content=\"https:\/\/www.facebook.com\/sylex.sk\/\" \/>\n<meta property=\"article:modified_time\" content=\"2024-05-27T15:14:38+00:00\" \/>\n<meta property=\"og:image\" content=\"https:\/\/www.sylex.sk\/wp-content\/uploads\/2023\/11\/defmain.png\" \/>\n<meta name=\"twitter:card\" content=\"summary_large_image\" \/>\n<meta name=\"twitter:site\" content=\"@SYLEX_SK\" \/>\n<script type=\"application\/ld+json\" class=\"yoast-schema-graph\">{\"@context\":\"https:\/\/schema.org\",\"@graph\":[{\"@type\":\"WebPage\",\"@id\":\"https:\/\/www.sylex.sk\/sk\/trhy\/prepojovacie-riesenia\/obrana\/\",\"url\":\"https:\/\/www.sylex.sk\/sk\/trhy\/prepojovacie-riesenia\/obrana\/\",\"name\":\"Obrana - Sylex\",\"isPartOf\":{\"@id\":\"https:\/\/wonderful-yonath.136-243-14-103.plesk.page\/#website\"},\"primaryImageOfPage\":{\"@id\":\"https:\/\/www.sylex.sk\/sk\/trhy\/prepojovacie-riesenia\/obrana\/#primaryimage\"},\"image\":{\"@id\":\"https:\/\/www.sylex.sk\/sk\/trhy\/prepojovacie-riesenia\/obrana\/#primaryimage\"},\"thumbnailUrl\":\"https:\/\/www.sylex.sk\/wp-content\/uploads\/2023\/11\/defmain.png\",\"datePublished\":\"2024-01-23T23:20:59+00:00\",\"dateModified\":\"2024-05-27T15:14:38+00:00\",\"breadcrumb\":{\"@id\":\"https:\/\/www.sylex.sk\/sk\/trhy\/prepojovacie-riesenia\/obrana\/#breadcrumb\"},\"inLanguage\":\"sk-SK\",\"potentialAction\":[{\"@type\":\"ReadAction\",\"target\":[\"https:\/\/www.sylex.sk\/sk\/trhy\/prepojovacie-riesenia\/obrana\/\"]}]},{\"@type\":\"ImageObject\",\"inLanguage\":\"sk-SK\",\"@id\":\"https:\/\/www.sylex.sk\/sk\/trhy\/prepojovacie-riesenia\/obrana\/#primaryimage\",\"url\":\"https:\/\/www.sylex.sk\/wp-content\/uploads\/2023\/11\/defmain.png\",\"contentUrl\":\"https:\/\/www.sylex.sk\/wp-content\/uploads\/2023\/11\/defmain.png\"},{\"@type\":\"BreadcrumbList\",\"@id\":\"https:\/\/www.sylex.sk\/sk\/trhy\/prepojovacie-riesenia\/obrana\/#breadcrumb\",\"itemListElement\":[{\"@type\":\"ListItem\",\"position\":1,\"name\":\"Home\",\"item\":\"https:\/\/www.sylex.sk\/sk\/\"},{\"@type\":\"ListItem\",\"position\":2,\"name\":\"Trhy\",\"item\":\"https:\/\/www.sylex.sk\/sk\/trhy\/\"},{\"@type\":\"ListItem\",\"position\":3,\"name\":\"Prepojovacie rie\u0161enia\",\"item\":\"https:\/\/www.sylex.sk\/sk\/trhy\/prepojovacie-riesenia\/\"},{\"@type\":\"ListItem\",\"position\":4,\"name\":\"Obrana\"}]},{\"@type\":\"WebSite\",\"@id\":\"https:\/\/wonderful-yonath.136-243-14-103.plesk.page\/#website\",\"url\":\"https:\/\/wonderful-yonath.136-243-14-103.plesk.page\/\",\"name\":\"Sylex\",\"description\":\"Fiber Optics\",\"publisher\":{\"@id\":\"https:\/\/wonderful-yonath.136-243-14-103.plesk.page\/#organization\"},\"potentialAction\":[{\"@type\":\"SearchAction\",\"target\":{\"@type\":\"EntryPoint\",\"urlTemplate\":\"https:\/\/wonderful-yonath.136-243-14-103.plesk.page\/?s={search_term_string}\"},\"query-input\":{\"@type\":\"PropertyValueSpecification\",\"valueRequired\":true,\"valueName\":\"search_term_string\"}}],\"inLanguage\":\"sk-SK\"},{\"@type\":\"Organization\",\"@id\":\"https:\/\/wonderful-yonath.136-243-14-103.plesk.page\/#organization\",\"name\":\"Sylex\",\"url\":\"https:\/\/wonderful-yonath.136-243-14-103.plesk.page\/\",\"logo\":{\"@type\":\"ImageObject\",\"inLanguage\":\"sk-SK\",\"@id\":\"https:\/\/wonderful-yonath.136-243-14-103.plesk.page\/#\/schema\/logo\/image\/\",\"url\":\"https:\/\/www.sylex.sk\/wp-content\/uploads\/2024\/04\/logo4-1.png\",\"contentUrl\":\"https:\/\/www.sylex.sk\/wp-content\/uploads\/2024\/04\/logo4-1.png\",\"width\":308,\"height\":100,\"caption\":\"Sylex\"},\"image\":{\"@id\":\"https:\/\/wonderful-yonath.136-243-14-103.plesk.page\/#\/schema\/logo\/image\/\"},\"sameAs\":[\"https:\/\/www.facebook.com\/sylex.sk\/\",\"https:\/\/x.com\/SYLEX_SK\"]}]}<\/script>\n<!-- \/ Yoast SEO plugin. -->","yoast_head_json":{"title":"Obrana - Sylex","robots":{"index":"index","follow":"follow","max-snippet":"max-snippet:-1","max-image-preview":"max-image-preview:large","max-video-preview":"max-video-preview:-1"},"canonical":"https:\/\/www.sylex.sk\/sk\/trhy\/prepojovacie-riesenia\/obrana\/","og_locale":"sk_SK","og_type":"article","og_title":"Obrana - Sylex","og_description":"Obrana, letectvo, drsn\u00e9 prostredie \u010ci u\u017e ide o konektory, ktor\u00e9 s\u00fa robustn\u00e9 a spo\u013eahliv\u00e9, schopn\u00e9 odola\u0165 extr\u00e9mnym podmienkam, alebo konektory so \u0161o\u0161ovkami, ktor\u00e9 zvy\u0161uj\u00fa optick\u00fd v\u00fdkon optimaliz\u00e1ciou svetelnej v\u00e4zby, alebo v\u00fdznamn\u00e9 \u0161tandardy konektorov vr\u00e1tane ARINC 801, M29504-04\/05, M29504-14\/15 a ELIO\u00ae Contact. Celkovo s\u00fa tieto rie\u0161enia pripojenia prisp\u00f4soben\u00e9 pre n\u00e1ro\u010dn\u00e9 podmienky a zabezpe\u010duj\u00fa jasn\u00fa komunik\u00e1ciu v kritick\u00fdch aplik\u00e1ci\u00e1ch. Na\u0161e produkty pre obranu, letectvo a drsn\u00e9 prostredie","og_url":"https:\/\/www.sylex.sk\/sk\/trhy\/prepojovacie-riesenia\/obrana\/","og_site_name":"Sylex","article_publisher":"https:\/\/www.facebook.com\/sylex.sk\/","article_modified_time":"2024-05-27T15:14:38+00:00","og_image":[{"url":"https:\/\/www.sylex.sk\/wp-content\/uploads\/2023\/11\/defmain.png","type":"","width":"","height":""}],"twitter_card":"summary_large_image","twitter_site":"@SYLEX_SK","schema":{"@context":"https:\/\/schema.org","@graph":[{"@type":"WebPage","@id":"https:\/\/www.sylex.sk\/sk\/trhy\/prepojovacie-riesenia\/obrana\/","url":"https:\/\/www.sylex.sk\/sk\/trhy\/prepojovacie-riesenia\/obrana\/","name":"Obrana - Sylex","isPartOf":{"@id":"https:\/\/wonderful-yonath.136-243-14-103.plesk.page\/#website"},"primaryImageOfPage":{"@id":"https:\/\/www.sylex.sk\/sk\/trhy\/prepojovacie-riesenia\/obrana\/#primaryimage"},"image":{"@id":"https:\/\/www.sylex.sk\/sk\/trhy\/prepojovacie-riesenia\/obrana\/#primaryimage"},"thumbnailUrl":"https:\/\/www.sylex.sk\/wp-content\/uploads\/2023\/11\/defmain.png","datePublished":"2024-01-23T23:20:59+00:00","dateModified":"2024-05-27T15:14:38+00:00","breadcrumb":{"@id":"https:\/\/www.sylex.sk\/sk\/trhy\/prepojovacie-riesenia\/obrana\/#breadcrumb"},"inLanguage":"sk-SK","potentialAction":[{"@type":"ReadAction","target":["https:\/\/www.sylex.sk\/sk\/trhy\/prepojovacie-riesenia\/obrana\/"]}]},{"@type":"ImageObject","inLanguage":"sk-SK","@id":"https:\/\/www.sylex.sk\/sk\/trhy\/prepojovacie-riesenia\/obrana\/#primaryimage","url":"https:\/\/www.sylex.sk\/wp-content\/uploads\/2023\/11\/defmain.png","contentUrl":"https:\/\/www.sylex.sk\/wp-content\/uploads\/2023\/11\/defmain.png"},{"@type":"BreadcrumbList","@id":"https:\/\/www.sylex.sk\/sk\/trhy\/prepojovacie-riesenia\/obrana\/#breadcrumb","itemListElement":[{"@type":"ListItem","position":1,"name":"Home","item":"https:\/\/www.sylex.sk\/sk\/"},{"@type":"ListItem","position":2,"name":"Trhy","item":"https:\/\/www.sylex.sk\/sk\/trhy\/"},{"@type":"ListItem","position":3,"name":"Prepojovacie rie\u0161enia","item":"https:\/\/www.sylex.sk\/sk\/trhy\/prepojovacie-riesenia\/"},{"@type":"ListItem","position":4,"name":"Obrana"}]},{"@type":"WebSite","@id":"https:\/\/wonderful-yonath.136-243-14-103.plesk.page\/#website","url":"https:\/\/wonderful-yonath.136-243-14-103.plesk.page\/","name":"Sylex","description":"Fiber Optics","publisher":{"@id":"https:\/\/wonderful-yonath.136-243-14-103.plesk.page\/#organization"},"potentialAction":[{"@type":"SearchAction","target":{"@type":"EntryPoint","urlTemplate":"https:\/\/wonderful-yonath.136-243-14-103.plesk.page\/?s={search_term_string}"},"query-input":{"@type":"PropertyValueSpecification","valueRequired":true,"valueName":"search_term_string"}}],"inLanguage":"sk-SK"},{"@type":"Organization","@id":"https:\/\/wonderful-yonath.136-243-14-103.plesk.page\/#organization","name":"Sylex","url":"https:\/\/wonderful-yonath.136-243-14-103.plesk.page\/","logo":{"@type":"ImageObject","inLanguage":"sk-SK","@id":"https:\/\/wonderful-yonath.136-243-14-103.plesk.page\/#\/schema\/logo\/image\/","url":"https:\/\/www.sylex.sk\/wp-content\/uploads\/2024\/04\/logo4-1.png","contentUrl":"https:\/\/www.sylex.sk\/wp-content\/uploads\/2024\/04\/logo4-1.png","width":308,"height":100,"caption":"Sylex"},"image":{"@id":"https:\/\/wonderful-yonath.136-243-14-103.plesk.page\/#\/schema\/logo\/image\/"},"sameAs":["https:\/\/www.facebook.com\/sylex.sk\/","https:\/\/x.com\/SYLEX_SK"]}]}},"_links":{"self":[{"href":"https:\/\/www.sylex.sk\/sk\/wp-json\/wp\/v2\/pages\/14464","targetHints":{"allow":["GET"]}}],"collection":[{"href":"https:\/\/www.sylex.sk\/sk\/wp-json\/wp\/v2\/pages"}],"about":[{"href":"https:\/\/www.sylex.sk\/sk\/wp-json\/wp\/v2\/types\/page"}],"author":[{"embeddable":true,"href":"https:\/\/www.sylex.sk\/sk\/wp-json\/wp\/v2\/users\/1"}],"replies":[{"embeddable":true,"href":"https:\/\/www.sylex.sk\/sk\/wp-json\/wp\/v2\/comments?post=14464"}],"version-history":[{"count":0,"href":"https:\/\/www.sylex.sk\/sk\/wp-json\/wp\/v2\/pages\/14464\/revisions"}],"up":[{"embeddable":true,"href":"https:\/\/www.sylex.sk\/sk\/wp-json\/wp\/v2\/pages\/14434"}],"wp:attachment":[{"href":"https:\/\/www.sylex.sk\/sk\/wp-json\/wp\/v2\/media?parent=14464"}],"curies":[{"name":"wp","href":"https:\/\/api.w.org\/{rel}","templated":true}]}}