{"id":14523,"date":"2024-04-26T05:29:17","date_gmt":"2024-04-26T04:29:17","guid":{"rendered":"https:\/\/www.sylex.sk\/trhy\/snimacie-systemy\/zakazkova-konstrukcia-a-vyskum-a-vyvoj\/"},"modified":"2024-11-07T14:52:56","modified_gmt":"2024-11-07T13:52:56","slug":"zakazkova-konstrukcia-a-vyskum-a-vyvoj","status":"publish","type":"page","link":"https:\/\/www.sylex.sk\/sk\/trhy\/snimacie-systemy\/zakazkova-konstrukcia-a-vyskum-a-vyvoj\/","title":{"rendered":"Z\u00e1kazkov\u00e1 kon\u0161trukcia a v\u00fdskum a v\u00fdvoj"},"content":{"rendered":"\t\t<div data-elementor-type=\"wp-page\" data-elementor-id=\"14523\" class=\"elementor elementor-14523 elementor-7474\" data-elementor-post-type=\"page\">\n\t\t\t\t\t\t<section class=\"elementor-section elementor-top-section elementor-element elementor-element-5f10633 elementor-section-boxed elementor-section-height-default elementor-section-height-default\" data-id=\"5f10633\" data-element_type=\"section\" data-e-type=\"section\">\n\t\t\t\t\t\t<div class=\"elementor-container elementor-column-gap-no\">\n\t\t\t\t\t<div class=\"elementor-column elementor-col-50 elementor-top-column elementor-element elementor-element-51b1702\" data-id=\"51b1702\" data-element_type=\"column\" data-e-type=\"column\">\n\t\t\t<div class=\"elementor-widget-wrap elementor-element-populated\">\n\t\t\t\t\t\t<div class=\"elementor-element elementor-element-59c738a elementor-icon-list--layout-traditional elementor-list-item-link-full_width elementor-widget elementor-widget-icon-list\" data-id=\"59c738a\" data-element_type=\"widget\" data-e-type=\"widget\" data-widget_type=\"icon-list.default\">\n\t\t\t\t<div class=\"elementor-widget-container\">\n\t\t\t\t\t\t\t<ul class=\"elementor-icon-list-items\">\n\t\t\t\t\t\t\t<li class=\"elementor-icon-list-item\">\n\t\t\t\t\t\t\t\t\t\t\t<span class=\"elementor-icon-list-icon\">\n\t\t\t\t\t\t\t<i aria-hidden=\"true\" class=\"fas fa-user-cog\"><\/i>\t\t\t\t\t\t<\/span>\n\t\t\t\t\t\t\t\t\t\t<span class=\"elementor-icon-list-text\">Z\u00e1kazkov\u00e1 kon\u0161trukcia a v\u00fdskum a v\u00fdvoj<\/span>\n\t\t\t\t\t\t\t\t\t<\/li>\n\t\t\t\t\t\t<\/ul>\n\t\t\t\t\t\t<\/div>\n\t\t\t\t<\/div>\n\t\t\t\t<div class=\"elementor-element elementor-element-3bebc86 elementor-widget elementor-widget-image\" data-id=\"3bebc86\" data-element_type=\"widget\" data-e-type=\"widget\" data-widget_type=\"image.default\">\n\t\t\t\t<div class=\"elementor-widget-container\">\n\t\t\t\t\t\t\t\t\t\t\t\t\t\t\t<img fetchpriority=\"high\" decoding=\"async\" width=\"800\" height=\"333\" src=\"https:\/\/www.sylex.sk\/wp-content\/uploads\/2024\/05\/rad-1024x426.png\" class=\"attachment-large size-large wp-image-11978\" alt=\"\" srcset=\"https:\/\/www.sylex.sk\/wp-content\/uploads\/2024\/05\/rad-1024x426.png 1024w, https:\/\/www.sylex.sk\/wp-content\/uploads\/2024\/05\/rad-300x125.png 300w, https:\/\/www.sylex.sk\/wp-content\/uploads\/2024\/05\/rad-768x320.png 768w, https:\/\/www.sylex.sk\/wp-content\/uploads\/2024\/05\/rad-1536x640.png 1536w, https:\/\/www.sylex.sk\/wp-content\/uploads\/2024\/05\/rad-600x250.png 600w, https:\/\/www.sylex.sk\/wp-content\/uploads\/2024\/05\/rad.png 1556w\" sizes=\"(max-width: 800px) 100vw, 800px\" \/>\t\t\t\t\t\t\t\t\t\t\t\t\t\t\t<\/div>\n\t\t\t\t<\/div>\n\t\t\t\t<div class=\"elementor-element elementor-element-383aa4b elementor-widget-divider--view-line elementor-widget elementor-widget-divider\" data-id=\"383aa4b\" data-element_type=\"widget\" data-e-type=\"widget\" data-widget_type=\"divider.default\">\n\t\t\t\t<div class=\"elementor-widget-container\">\n\t\t\t\t\t\t\t<div class=\"elementor-divider\">\n\t\t\t<span class=\"elementor-divider-separator\">\n\t\t\t\t\t\t<\/span>\n\t\t<\/div>\n\t\t\t\t\t\t<\/div>\n\t\t\t\t<\/div>\n\t\t\t\t\t<\/div>\n\t\t<\/div>\n\t\t\t\t<div class=\"elementor-column elementor-col-50 elementor-top-column elementor-element elementor-element-2e50754\" data-id=\"2e50754\" data-element_type=\"column\" data-e-type=\"column\">\n\t\t\t<div class=\"elementor-widget-wrap elementor-element-populated\">\n\t\t\t\t\t\t<section class=\"elementor-section elementor-inner-section elementor-element elementor-element-e671ecf elementor-section-boxed elementor-section-height-default elementor-section-height-default\" data-id=\"e671ecf\" data-element_type=\"section\" data-e-type=\"section\">\n\t\t\t\t\t\t<div class=\"elementor-container elementor-column-gap-default\">\n\t\t\t\t\t<div class=\"elementor-column elementor-col-100 elementor-inner-column elementor-element elementor-element-d9aea62\" data-id=\"d9aea62\" data-element_type=\"column\" data-e-type=\"column\">\n\t\t\t<div class=\"elementor-widget-wrap elementor-element-populated\">\n\t\t\t\t\t\t<div class=\"elementor-element elementor-element-ac0d9b2 elementor-icon-list--layout-traditional elementor-list-item-link-full_width elementor-widget elementor-widget-icon-list\" data-id=\"ac0d9b2\" data-element_type=\"widget\" data-e-type=\"widget\" data-widget_type=\"icon-list.default\">\n\t\t\t\t<div class=\"elementor-widget-container\">\n\t\t\t\t\t\t\t<ul class=\"elementor-icon-list-items\">\n\t\t\t\t\t\t\t<li class=\"elementor-icon-list-item\">\n\t\t\t\t\t\t\t\t\t\t<span class=\"elementor-icon-list-text\">V\u010faka miniat\u00farnym vl\u00e1knov\u00fdm FBG senzorom a ich elektromagnetickej im\u00fannosti je t\u00e1to technol\u00f3gia mimoriadne vhodn\u00e1 a presn\u00e1 na anal\u00fdzu d\u00f4le\u017eit\u00fdch parametrov, a to aj pri vysok\u00fdch r\u00fdchlostiach vzorkovania.<\/span>\n\t\t\t\t\t\t\t\t\t<\/li>\n\t\t\t\t\t\t\t\t<li class=\"elementor-icon-list-item\">\n\t\t\t\t\t\t\t\t\t\t<span class=\"elementor-icon-list-text\"><b>Pr\u00edklady meran\u00fdch parametrov:<\/b><\/span>\n\t\t\t\t\t\t\t\t\t<\/li>\n\t\t\t\t\t\t\t\t<li class=\"elementor-icon-list-item\">\n\t\t\t\t\t\t\t\t\t\t\t<span class=\"elementor-icon-list-icon\">\n\t\t\t\t\t\t\t<i aria-hidden=\"true\" class=\"fas fa-caret-up\"><\/i>\t\t\t\t\t\t<\/span>\n\t\t\t\t\t\t\t\t\t\t<span class=\"elementor-icon-list-text\">Deforma\u010dn\u00e1 alebo nap\u00e4\u0165ov\u00e1 anal\u00fdza<\/span>\n\t\t\t\t\t\t\t\t\t<\/li>\n\t\t\t\t\t\t\t\t<li class=\"elementor-icon-list-item\">\n\t\t\t\t\t\t\t\t\t\t\t<span class=\"elementor-icon-list-icon\">\n\t\t\t\t\t\t\t<i aria-hidden=\"true\" class=\"fas fa-caret-up\"><\/i>\t\t\t\t\t\t<\/span>\n\t\t\t\t\t\t\t\t\t\t<span class=\"elementor-icon-list-text\">Monitorovanie alebo anal\u00fdza teplotn\u00e9ho profilu<\/span>\n\t\t\t\t\t\t\t\t\t<\/li>\n\t\t\t\t\t\t\t\t<li class=\"elementor-icon-list-item\">\n\t\t\t\t\t\t\t\t\t\t\t<span class=\"elementor-icon-list-icon\">\n\t\t\t\t\t\t\t<i aria-hidden=\"true\" class=\"fas fa-caret-up\"><\/i>\t\t\t\t\t\t<\/span>\n\t\t\t\t\t\t\t\t\t\t<span class=\"elementor-icon-list-text\">Dynamick\u00e9 \u00fa\u010dinky: vibr\u00e1cie, zr\u00fdchlenie<\/span>\n\t\t\t\t\t\t\t\t\t<\/li>\n\t\t\t\t\t\t\t\t<li class=\"elementor-icon-list-item\">\n\t\t\t\t\t\t\t\t\t\t\t<span class=\"elementor-icon-list-icon\">\n\t\t\t\t\t\t\t<i aria-hidden=\"true\" class=\"fas fa-caret-up\"><\/i>\t\t\t\t\t\t<\/span>\n\t\t\t\t\t\t\t\t\t\t<span class=\"elementor-icon-list-text\">Tlak alebo posun (pohyb)<\/span>\n\t\t\t\t\t\t\t\t\t<\/li>\n\t\t\t\t\t\t<\/ul>\n\t\t\t\t\t\t<\/div>\n\t\t\t\t<\/div>\n\t\t\t\t\t<\/div>\n\t\t<\/div>\n\t\t\t\t\t<\/div>\n\t\t<\/section>\n\t\t\t\t\t<\/div>\n\t\t<\/div>\n\t\t\t\t\t<\/div>\n\t\t<\/section>\n\t\t\t\t<section class=\"elementor-section elementor-top-section elementor-element elementor-element-7df23797 elementor-section-boxed elementor-section-height-default elementor-section-height-default\" data-id=\"7df23797\" data-element_type=\"section\" data-e-type=\"section\">\n\t\t\t\t\t\t<div class=\"elementor-container elementor-column-gap-no\">\n\t\t\t\t\t<div class=\"elementor-column elementor-col-100 elementor-top-column elementor-element elementor-element-705c2897\" data-id=\"705c2897\" data-element_type=\"column\" data-e-type=\"column\">\n\t\t\t<div class=\"elementor-widget-wrap elementor-element-populated\">\n\t\t\t\t\t\t<section class=\"elementor-section elementor-inner-section elementor-element elementor-element-627a5ffc elementor-section-boxed elementor-section-height-default elementor-section-height-default\" data-id=\"627a5ffc\" data-element_type=\"section\" data-e-type=\"section\">\n\t\t\t\t\t\t<div class=\"elementor-container elementor-column-gap-no\">\n\t\t\t\t\t<div class=\"elementor-column elementor-col-100 elementor-inner-column elementor-element elementor-element-42ccdcef\" data-id=\"42ccdcef\" data-element_type=\"column\" data-e-type=\"column\">\n\t\t\t<div class=\"elementor-widget-wrap elementor-element-populated\">\n\t\t\t\t\t\t<div class=\"elementor-element elementor-element-3d414c35 elementor-widget elementor-widget-heading\" data-id=\"3d414c35\" data-element_type=\"widget\" data-e-type=\"widget\" data-widget_type=\"heading.default\">\n\t\t\t\t<div class=\"elementor-widget-container\">\n\t\t\t\t\t<h2 class=\"elementor-heading-title elementor-size-default\">Na\u0161a str\u00e1nka  Z\u00e1kazkov\u00e1 kon\u0161trukcia a v\u00fdskum a v\u00fdvoj  produkty<\/h2>\t\t\t\t<\/div>\n\t\t\t\t<\/div>\n\t\t\t\t<div class=\"woocommerce elementor-element elementor-element-494be9ee elementor-grid-3 elementor-grid-tablet-2 elementor-grid-mobile-1 elementor-widget elementor-widget-loop-grid\" data-id=\"494be9ee\" data-element_type=\"widget\" data-e-type=\"widget\" data-settings=\"{&quot;_skin&quot;:&quot;product&quot;,&quot;template_id&quot;:13120,&quot;columns&quot;:&quot;3&quot;,&quot;columns_tablet&quot;:&quot;2&quot;,&quot;columns_mobile&quot;:&quot;1&quot;,&quot;edit_handle_selector&quot;:&quot;[data-elementor-type=\\&quot;loop-item\\&quot;]&quot;,&quot;row_gap&quot;:{&quot;unit&quot;:&quot;px&quot;,&quot;size&quot;:&quot;&quot;,&quot;sizes&quot;:[]},&quot;row_gap_tablet&quot;:{&quot;unit&quot;:&quot;px&quot;,&quot;size&quot;:&quot;&quot;,&quot;sizes&quot;:[]},&quot;row_gap_mobile&quot;:{&quot;unit&quot;:&quot;px&quot;,&quot;size&quot;:&quot;&quot;,&quot;sizes&quot;:[]}}\" data-widget_type=\"loop-grid.product\">\n\t\t\t\t<div class=\"elementor-widget-container\">\n\t\t\t\t\t\t\t<div class=\"e-loop-nothing-found-message\">\n\t\t<\/div>\n\t\t\t\t\t\t<\/div>\n\t\t\t\t<\/div>\n\t\t\t\t\t<\/div>\n\t\t<\/div>\n\t\t\t\t\t<\/div>\n\t\t<\/section>\n\t\t\t\t\t<\/div>\n\t\t<\/div>\n\t\t\t\t\t<\/div>\n\t\t<\/section>\n\t\t\t\t<\/div>\n\t\t","protected":false},"excerpt":{"rendered":"<p>V\u010faka miniat\u00farnym vl\u00e1knov\u00fdm FBG senzorom a ich elektromagnetickej im\u00fannosti je t\u00e1to technol\u00f3gia mimoriadne vhodn\u00e1 a presn\u00e1 na anal\u00fdzu d\u00f4le\u017eit\u00fdch parametrov, a to aj pri vysok\u00fdch r\u00fdchlostiach vzorkovania. Pr\u00edklady meran\u00fdch parametrov: Deforma\u010dn\u00e1 alebo nap\u00e4\u0165ov\u00e1 anal\u00fdza Monitorovanie alebo anal\u00fdza teplotn\u00e9ho profilu Dynamick\u00e9 \u00fa\u010dinky: vibr\u00e1cie, zr\u00fdchlenie Tlak alebo posun (pohyb)<\/p>\n","protected":false},"author":3,"featured_media":0,"parent":14506,"menu_order":0,"comment_status":"closed","ping_status":"closed","template":"","meta":{"_acf_changed":false,"footnotes":""},"class_list":["post-14523","page","type-page","status-publish","hentry"],"acf":[],"yoast_head":"<!-- This site is optimized with the Yoast SEO plugin v27.0 - https:\/\/yoast.com\/product\/yoast-seo-wordpress\/ -->\n<title>Z\u00e1kazkov\u00e1 kon\u0161trukcia a v\u00fdskum a v\u00fdvoj - Sylex<\/title>\n<meta name=\"robots\" content=\"index, follow, max-snippet:-1, max-image-preview:large, max-video-preview:-1\" \/>\n<link rel=\"canonical\" href=\"https:\/\/www.sylex.sk\/sk\/trhy\/snimacie-systemy\/zakazkova-konstrukcia-a-vyskum-a-vyvoj\/\" \/>\n<meta property=\"og:locale\" content=\"sk_SK\" \/>\n<meta property=\"og:type\" content=\"article\" \/>\n<meta property=\"og:title\" content=\"Z\u00e1kazkov\u00e1 kon\u0161trukcia a v\u00fdskum a v\u00fdvoj - Sylex\" \/>\n<meta property=\"og:description\" content=\"V\u010faka miniat\u00farnym vl\u00e1knov\u00fdm FBG senzorom a ich elektromagnetickej im\u00fannosti je t\u00e1to technol\u00f3gia mimoriadne vhodn\u00e1 a presn\u00e1 na anal\u00fdzu d\u00f4le\u017eit\u00fdch parametrov, a to aj pri vysok\u00fdch r\u00fdchlostiach vzorkovania. Pr\u00edklady meran\u00fdch parametrov: Deforma\u010dn\u00e1 alebo nap\u00e4\u0165ov\u00e1 anal\u00fdza Monitorovanie alebo anal\u00fdza teplotn\u00e9ho profilu Dynamick\u00e9 \u00fa\u010dinky: vibr\u00e1cie, zr\u00fdchlenie Tlak alebo posun (pohyb)\" \/>\n<meta property=\"og:url\" content=\"https:\/\/www.sylex.sk\/sk\/trhy\/snimacie-systemy\/zakazkova-konstrukcia-a-vyskum-a-vyvoj\/\" \/>\n<meta property=\"og:site_name\" content=\"Sylex\" \/>\n<meta property=\"article:publisher\" content=\"https:\/\/www.facebook.com\/sylex.sk\/\" \/>\n<meta property=\"article:modified_time\" content=\"2024-11-07T13:52:56+00:00\" \/>\n<meta property=\"og:image\" content=\"https:\/\/www.sylex.sk\/wp-content\/uploads\/2024\/05\/rad-1024x426.png\" \/>\n<meta name=\"twitter:card\" content=\"summary_large_image\" \/>\n<meta name=\"twitter:site\" content=\"@SYLEX_SK\" \/>\n<meta name=\"twitter:label1\" content=\"Predpokladan\u00fd \u010das \u010d\u00edtania\" \/>\n\t<meta name=\"twitter:data1\" content=\"1 min\u00fata\" \/>\n<script type=\"application\/ld+json\" class=\"yoast-schema-graph\">{\"@context\":\"https:\/\/schema.org\",\"@graph\":[{\"@type\":\"WebPage\",\"@id\":\"https:\/\/www.sylex.sk\/sk\/trhy\/snimacie-systemy\/zakazkova-konstrukcia-a-vyskum-a-vyvoj\/\",\"url\":\"https:\/\/www.sylex.sk\/sk\/trhy\/snimacie-systemy\/zakazkova-konstrukcia-a-vyskum-a-vyvoj\/\",\"name\":\"Z\u00e1kazkov\u00e1 kon\u0161trukcia a v\u00fdskum a v\u00fdvoj - Sylex\",\"isPartOf\":{\"@id\":\"https:\/\/wonderful-yonath.136-243-14-103.plesk.page\/#website\"},\"primaryImageOfPage\":{\"@id\":\"https:\/\/www.sylex.sk\/sk\/trhy\/snimacie-systemy\/zakazkova-konstrukcia-a-vyskum-a-vyvoj\/#primaryimage\"},\"image\":{\"@id\":\"https:\/\/www.sylex.sk\/sk\/trhy\/snimacie-systemy\/zakazkova-konstrukcia-a-vyskum-a-vyvoj\/#primaryimage\"},\"thumbnailUrl\":\"https:\/\/www.sylex.sk\/wp-content\/uploads\/2024\/05\/rad-1024x426.png\",\"datePublished\":\"2024-04-26T04:29:17+00:00\",\"dateModified\":\"2024-11-07T13:52:56+00:00\",\"breadcrumb\":{\"@id\":\"https:\/\/www.sylex.sk\/sk\/trhy\/snimacie-systemy\/zakazkova-konstrukcia-a-vyskum-a-vyvoj\/#breadcrumb\"},\"inLanguage\":\"sk-SK\",\"potentialAction\":[{\"@type\":\"ReadAction\",\"target\":[\"https:\/\/www.sylex.sk\/sk\/trhy\/snimacie-systemy\/zakazkova-konstrukcia-a-vyskum-a-vyvoj\/\"]}]},{\"@type\":\"ImageObject\",\"inLanguage\":\"sk-SK\",\"@id\":\"https:\/\/www.sylex.sk\/sk\/trhy\/snimacie-systemy\/zakazkova-konstrukcia-a-vyskum-a-vyvoj\/#primaryimage\",\"url\":\"https:\/\/www.sylex.sk\/wp-content\/uploads\/2024\/05\/rad-1024x426.png\",\"contentUrl\":\"https:\/\/www.sylex.sk\/wp-content\/uploads\/2024\/05\/rad-1024x426.png\"},{\"@type\":\"BreadcrumbList\",\"@id\":\"https:\/\/www.sylex.sk\/sk\/trhy\/snimacie-systemy\/zakazkova-konstrukcia-a-vyskum-a-vyvoj\/#breadcrumb\",\"itemListElement\":[{\"@type\":\"ListItem\",\"position\":1,\"name\":\"Home\",\"item\":\"https:\/\/www.sylex.sk\/sk\/\"},{\"@type\":\"ListItem\",\"position\":2,\"name\":\"Trhy\",\"item\":\"https:\/\/www.sylex.sk\/sk\/trhy\/\"},{\"@type\":\"ListItem\",\"position\":3,\"name\":\"Sn\u00edmacie syst\u00e9my\",\"item\":\"https:\/\/www.sylex.sk\/sk\/trhy\/snimacie-systemy\/\"},{\"@type\":\"ListItem\",\"position\":4,\"name\":\"Z\u00e1kazkov\u00e1 kon\u0161trukcia a v\u00fdskum a v\u00fdvoj\"}]},{\"@type\":\"WebSite\",\"@id\":\"https:\/\/wonderful-yonath.136-243-14-103.plesk.page\/#website\",\"url\":\"https:\/\/wonderful-yonath.136-243-14-103.plesk.page\/\",\"name\":\"Sylex\",\"description\":\"Fiber Optics\",\"publisher\":{\"@id\":\"https:\/\/wonderful-yonath.136-243-14-103.plesk.page\/#organization\"},\"potentialAction\":[{\"@type\":\"SearchAction\",\"target\":{\"@type\":\"EntryPoint\",\"urlTemplate\":\"https:\/\/wonderful-yonath.136-243-14-103.plesk.page\/?s={search_term_string}\"},\"query-input\":{\"@type\":\"PropertyValueSpecification\",\"valueRequired\":true,\"valueName\":\"search_term_string\"}}],\"inLanguage\":\"sk-SK\"},{\"@type\":\"Organization\",\"@id\":\"https:\/\/wonderful-yonath.136-243-14-103.plesk.page\/#organization\",\"name\":\"Sylex\",\"url\":\"https:\/\/wonderful-yonath.136-243-14-103.plesk.page\/\",\"logo\":{\"@type\":\"ImageObject\",\"inLanguage\":\"sk-SK\",\"@id\":\"https:\/\/wonderful-yonath.136-243-14-103.plesk.page\/#\/schema\/logo\/image\/\",\"url\":\"https:\/\/www.sylex.sk\/wp-content\/uploads\/2024\/04\/logo4-1.png\",\"contentUrl\":\"https:\/\/www.sylex.sk\/wp-content\/uploads\/2024\/04\/logo4-1.png\",\"width\":308,\"height\":100,\"caption\":\"Sylex\"},\"image\":{\"@id\":\"https:\/\/wonderful-yonath.136-243-14-103.plesk.page\/#\/schema\/logo\/image\/\"},\"sameAs\":[\"https:\/\/www.facebook.com\/sylex.sk\/\",\"https:\/\/x.com\/SYLEX_SK\"]}]}<\/script>\n<!-- \/ Yoast SEO plugin. -->","yoast_head_json":{"title":"Z\u00e1kazkov\u00e1 kon\u0161trukcia a v\u00fdskum a v\u00fdvoj - Sylex","robots":{"index":"index","follow":"follow","max-snippet":"max-snippet:-1","max-image-preview":"max-image-preview:large","max-video-preview":"max-video-preview:-1"},"canonical":"https:\/\/www.sylex.sk\/sk\/trhy\/snimacie-systemy\/zakazkova-konstrukcia-a-vyskum-a-vyvoj\/","og_locale":"sk_SK","og_type":"article","og_title":"Z\u00e1kazkov\u00e1 kon\u0161trukcia a v\u00fdskum a v\u00fdvoj - Sylex","og_description":"V\u010faka miniat\u00farnym vl\u00e1knov\u00fdm FBG senzorom a ich elektromagnetickej im\u00fannosti je t\u00e1to technol\u00f3gia mimoriadne vhodn\u00e1 a presn\u00e1 na anal\u00fdzu d\u00f4le\u017eit\u00fdch parametrov, a to aj pri vysok\u00fdch r\u00fdchlostiach vzorkovania. Pr\u00edklady meran\u00fdch parametrov: Deforma\u010dn\u00e1 alebo nap\u00e4\u0165ov\u00e1 anal\u00fdza Monitorovanie alebo anal\u00fdza teplotn\u00e9ho profilu Dynamick\u00e9 \u00fa\u010dinky: vibr\u00e1cie, zr\u00fdchlenie Tlak alebo posun (pohyb)","og_url":"https:\/\/www.sylex.sk\/sk\/trhy\/snimacie-systemy\/zakazkova-konstrukcia-a-vyskum-a-vyvoj\/","og_site_name":"Sylex","article_publisher":"https:\/\/www.facebook.com\/sylex.sk\/","article_modified_time":"2024-11-07T13:52:56+00:00","og_image":[{"url":"https:\/\/www.sylex.sk\/wp-content\/uploads\/2024\/05\/rad-1024x426.png","type":"","width":"","height":""}],"twitter_card":"summary_large_image","twitter_site":"@SYLEX_SK","twitter_misc":{"Predpokladan\u00fd \u010das \u010d\u00edtania":"1 min\u00fata"},"schema":{"@context":"https:\/\/schema.org","@graph":[{"@type":"WebPage","@id":"https:\/\/www.sylex.sk\/sk\/trhy\/snimacie-systemy\/zakazkova-konstrukcia-a-vyskum-a-vyvoj\/","url":"https:\/\/www.sylex.sk\/sk\/trhy\/snimacie-systemy\/zakazkova-konstrukcia-a-vyskum-a-vyvoj\/","name":"Z\u00e1kazkov\u00e1 kon\u0161trukcia a v\u00fdskum a v\u00fdvoj - Sylex","isPartOf":{"@id":"https:\/\/wonderful-yonath.136-243-14-103.plesk.page\/#website"},"primaryImageOfPage":{"@id":"https:\/\/www.sylex.sk\/sk\/trhy\/snimacie-systemy\/zakazkova-konstrukcia-a-vyskum-a-vyvoj\/#primaryimage"},"image":{"@id":"https:\/\/www.sylex.sk\/sk\/trhy\/snimacie-systemy\/zakazkova-konstrukcia-a-vyskum-a-vyvoj\/#primaryimage"},"thumbnailUrl":"https:\/\/www.sylex.sk\/wp-content\/uploads\/2024\/05\/rad-1024x426.png","datePublished":"2024-04-26T04:29:17+00:00","dateModified":"2024-11-07T13:52:56+00:00","breadcrumb":{"@id":"https:\/\/www.sylex.sk\/sk\/trhy\/snimacie-systemy\/zakazkova-konstrukcia-a-vyskum-a-vyvoj\/#breadcrumb"},"inLanguage":"sk-SK","potentialAction":[{"@type":"ReadAction","target":["https:\/\/www.sylex.sk\/sk\/trhy\/snimacie-systemy\/zakazkova-konstrukcia-a-vyskum-a-vyvoj\/"]}]},{"@type":"ImageObject","inLanguage":"sk-SK","@id":"https:\/\/www.sylex.sk\/sk\/trhy\/snimacie-systemy\/zakazkova-konstrukcia-a-vyskum-a-vyvoj\/#primaryimage","url":"https:\/\/www.sylex.sk\/wp-content\/uploads\/2024\/05\/rad-1024x426.png","contentUrl":"https:\/\/www.sylex.sk\/wp-content\/uploads\/2024\/05\/rad-1024x426.png"},{"@type":"BreadcrumbList","@id":"https:\/\/www.sylex.sk\/sk\/trhy\/snimacie-systemy\/zakazkova-konstrukcia-a-vyskum-a-vyvoj\/#breadcrumb","itemListElement":[{"@type":"ListItem","position":1,"name":"Home","item":"https:\/\/www.sylex.sk\/sk\/"},{"@type":"ListItem","position":2,"name":"Trhy","item":"https:\/\/www.sylex.sk\/sk\/trhy\/"},{"@type":"ListItem","position":3,"name":"Sn\u00edmacie syst\u00e9my","item":"https:\/\/www.sylex.sk\/sk\/trhy\/snimacie-systemy\/"},{"@type":"ListItem","position":4,"name":"Z\u00e1kazkov\u00e1 kon\u0161trukcia a v\u00fdskum a v\u00fdvoj"}]},{"@type":"WebSite","@id":"https:\/\/wonderful-yonath.136-243-14-103.plesk.page\/#website","url":"https:\/\/wonderful-yonath.136-243-14-103.plesk.page\/","name":"Sylex","description":"Fiber Optics","publisher":{"@id":"https:\/\/wonderful-yonath.136-243-14-103.plesk.page\/#organization"},"potentialAction":[{"@type":"SearchAction","target":{"@type":"EntryPoint","urlTemplate":"https:\/\/wonderful-yonath.136-243-14-103.plesk.page\/?s={search_term_string}"},"query-input":{"@type":"PropertyValueSpecification","valueRequired":true,"valueName":"search_term_string"}}],"inLanguage":"sk-SK"},{"@type":"Organization","@id":"https:\/\/wonderful-yonath.136-243-14-103.plesk.page\/#organization","name":"Sylex","url":"https:\/\/wonderful-yonath.136-243-14-103.plesk.page\/","logo":{"@type":"ImageObject","inLanguage":"sk-SK","@id":"https:\/\/wonderful-yonath.136-243-14-103.plesk.page\/#\/schema\/logo\/image\/","url":"https:\/\/www.sylex.sk\/wp-content\/uploads\/2024\/04\/logo4-1.png","contentUrl":"https:\/\/www.sylex.sk\/wp-content\/uploads\/2024\/04\/logo4-1.png","width":308,"height":100,"caption":"Sylex"},"image":{"@id":"https:\/\/wonderful-yonath.136-243-14-103.plesk.page\/#\/schema\/logo\/image\/"},"sameAs":["https:\/\/www.facebook.com\/sylex.sk\/","https:\/\/x.com\/SYLEX_SK"]}]}},"_links":{"self":[{"href":"https:\/\/www.sylex.sk\/sk\/wp-json\/wp\/v2\/pages\/14523","targetHints":{"allow":["GET"]}}],"collection":[{"href":"https:\/\/www.sylex.sk\/sk\/wp-json\/wp\/v2\/pages"}],"about":[{"href":"https:\/\/www.sylex.sk\/sk\/wp-json\/wp\/v2\/types\/page"}],"author":[{"embeddable":true,"href":"https:\/\/www.sylex.sk\/sk\/wp-json\/wp\/v2\/users\/3"}],"replies":[{"embeddable":true,"href":"https:\/\/www.sylex.sk\/sk\/wp-json\/wp\/v2\/comments?post=14523"}],"version-history":[{"count":3,"href":"https:\/\/www.sylex.sk\/sk\/wp-json\/wp\/v2\/pages\/14523\/revisions"}],"predecessor-version":[{"id":19820,"href":"https:\/\/www.sylex.sk\/sk\/wp-json\/wp\/v2\/pages\/14523\/revisions\/19820"}],"up":[{"embeddable":true,"href":"https:\/\/www.sylex.sk\/sk\/wp-json\/wp\/v2\/pages\/14506"}],"wp:attachment":[{"href":"https:\/\/www.sylex.sk\/sk\/wp-json\/wp\/v2\/media?parent=14523"}],"curies":[{"name":"wp","href":"https:\/\/api.w.org\/{rel}","templated":true}]}}