{"id":14525,"date":"2024-04-26T09:38:09","date_gmt":"2024-04-26T08:38:09","guid":{"rendered":"https:\/\/www.sylex.sk\/snimacie-systemy\/oem-cooperatiron\/"},"modified":"2025-01-17T11:47:32","modified_gmt":"2025-01-17T10:47:32","slug":"contract-manufacturing","status":"publish","type":"page","link":"https:\/\/www.sylex.sk\/sk\/snimacie-systemy\/contract-manufacturing\/","title":{"rendered":"Contract Manufacturing"},"content":{"rendered":"\t\t<div data-elementor-type=\"wp-page\" data-elementor-id=\"14525\" class=\"elementor elementor-14525 elementor-7615\" data-elementor-post-type=\"page\">\n\t\t\t\t\t\t<section class=\"elementor-section elementor-top-section elementor-element elementor-element-7de6c9b elementor-section-boxed elementor-section-height-default elementor-section-height-default\" data-id=\"7de6c9b\" data-element_type=\"section\" data-e-type=\"section\">\n\t\t\t\t\t\t<div class=\"elementor-container elementor-column-gap-default\">\n\t\t\t\t\t<div class=\"elementor-column elementor-col-100 elementor-top-column elementor-element elementor-element-67bfd88\" data-id=\"67bfd88\" data-element_type=\"column\" data-e-type=\"column\">\n\t\t\t<div class=\"elementor-widget-wrap elementor-element-populated\">\n\t\t\t\t\t\t<div class=\"elementor-element elementor-element-20c84b3 elementor-widget elementor-widget-image\" data-id=\"20c84b3\" data-element_type=\"widget\" data-e-type=\"widget\" data-widget_type=\"image.default\">\n\t\t\t\t<div class=\"elementor-widget-container\">\n\t\t\t\t\t\t\t\t\t\t\t\t\t\t\t<img fetchpriority=\"high\" decoding=\"async\" width=\"300\" height=\"187\" src=\"https:\/\/www.sylex.sk\/wp-content\/uploads\/2024\/04\/29-297406_handshake-free-icon-handshake-icon-free-300x187-1.png\" class=\"attachment-large size-large wp-image-11860\" alt=\"\" \/>\t\t\t\t\t\t\t\t\t\t\t\t\t\t\t<\/div>\n\t\t\t\t<\/div>\n\t\t\t\t<div class=\"elementor-element elementor-element-0381c63 animated-slow elementor-invisible elementor-widget elementor-widget-counter\" data-id=\"0381c63\" data-element_type=\"widget\" data-e-type=\"widget\" data-settings=\"{&quot;_animation&quot;:&quot;bounceIn&quot;}\" data-widget_type=\"counter.default\">\n\t\t\t\t<div class=\"elementor-widget-container\">\n\t\t\t\t\t\t\t<div class=\"elementor-counter\">\n\t\t\t<div class=\"elementor-counter-title\">A number of sensors that we have manufactured as an OEM partner<\/div>\t\t\t<div class=\"elementor-counter-number-wrapper\">\n\t\t\t\t<span class=\"elementor-counter-number-prefix\"><\/span>\n\t\t\t\t<span class=\"elementor-counter-number\" data-duration=\"3000\" data-to-value=\"125125\" data-from-value=\"0\" data-delimiter=\",\">0<\/span>\n\t\t\t\t<span class=\"elementor-counter-number-suffix\"><\/span>\n\t\t\t<\/div>\n\t\t<\/div>\n\t\t\t\t\t\t<\/div>\n\t\t\t\t<\/div>\n\t\t\t\t<div class=\"elementor-element elementor-element-7d0402d elementor-widget elementor-widget-text-editor\" data-id=\"7d0402d\" data-element_type=\"widget\" data-e-type=\"widget\" data-widget_type=\"text-editor.default\">\n\t\t\t\t<div class=\"elementor-widget-container\">\n\t\t\t\t\t\t\t\t\t<p>As Sylex, we pride ourselves on being an Original Equipment Manufacturer (OEM) that embodies the essence of collaboration and innovation. Through our unwavering commitment to excellence, we forge partnerships that transcend boundaries, crafting bespoke solutions that resonate with our partners&#8216; visions. At Sylex, OEM cooperation isn&#8217;t just a transaction; it&#8217;s a journey of mutual growth, where every idea, every innovation, is nurtured to fruition. Together, we turn possibilities into realities, creating a symphony of success that reverberates throughout the industry.<\/p>\t\t\t\t\t\t\t\t<\/div>\n\t\t\t\t<\/div>\n\t\t\t\t\t<\/div>\n\t\t<\/div>\n\t\t\t\t\t<\/div>\n\t\t<\/section>\n\t\t\t\t<section class=\"elementor-section elementor-top-section elementor-element elementor-element-b2add14 elementor-section-boxed elementor-section-height-default elementor-section-height-default\" data-id=\"b2add14\" data-element_type=\"section\" data-e-type=\"section\">\n\t\t\t\t\t\t<div class=\"elementor-container elementor-column-gap-default\">\n\t\t\t\t\t<div class=\"elementor-column elementor-col-100 elementor-top-column elementor-element elementor-element-655920e\" data-id=\"655920e\" data-element_type=\"column\" data-e-type=\"column\">\n\t\t\t<div class=\"elementor-widget-wrap elementor-element-populated\">\n\t\t\t\t\t\t<div class=\"elementor-element elementor-element-347cacc elementor-icon-list--layout-traditional elementor-list-item-link-full_width elementor-widget elementor-widget-icon-list\" data-id=\"347cacc\" data-element_type=\"widget\" data-e-type=\"widget\" data-widget_type=\"icon-list.default\">\n\t\t\t\t<div class=\"elementor-widget-container\">\n\t\t\t\t\t\t\t<ul class=\"elementor-icon-list-items\">\n\t\t\t\t\t\t\t<li class=\"elementor-icon-list-item\">\n\t\t\t\t\t\t\t\t\t\t\t<span class=\"elementor-icon-list-icon\">\n\t\t\t\t\t\t\t<i aria-hidden=\"true\" class=\"fas fa-paint-brush\"><\/i>\t\t\t\t\t\t<\/span>\n\t\t\t\t\t\t\t\t\t\t<span class=\"elementor-icon-list-text\">YOUR BRAND WILL BE ON ALL DOCUMENTS AND PACKAGING<\/span>\n\t\t\t\t\t\t\t\t\t<\/li>\n\t\t\t\t\t\t\t\t<li class=\"elementor-icon-list-item\">\n\t\t\t\t\t\t\t\t\t\t\t<span class=\"elementor-icon-list-icon\">\n\t\t\t\t\t\t\t<i aria-hidden=\"true\" class=\"fas fa-arrow-up\"><\/i>\t\t\t\t\t\t<\/span>\n\t\t\t\t\t\t\t\t\t\t<span class=\"elementor-icon-list-text\">OUR PRODUCTION CAN BE EASILY ADAPTED FOR YOUR OEM PRODUCTS<\/span>\n\t\t\t\t\t\t\t\t\t<\/li>\n\t\t\t\t\t\t\t\t<li class=\"elementor-icon-list-item\">\n\t\t\t\t\t\t\t\t\t\t\t<span class=\"elementor-icon-list-icon\">\n\t\t\t\t\t\t\t<i aria-hidden=\"true\" class=\"fas fa-chalkboard-teacher\"><\/i>\t\t\t\t\t\t<\/span>\n\t\t\t\t\t\t\t\t\t\t<span class=\"elementor-icon-list-text\">OUR ENGINEERS ARE READY TO IMPLEMENT EACH TYPE OF REQUIREMENT THAT YOUR OEM PRODUCT NEEDS<\/span>\n\t\t\t\t\t\t\t\t\t<\/li>\n\t\t\t\t\t\t\t\t<li class=\"elementor-icon-list-item\">\n\t\t\t\t\t\t\t\t\t\t\t<span class=\"elementor-icon-list-icon\">\n\t\t\t\t\t\t\t<i aria-hidden=\"true\" class=\"fas fa-table\"><\/i>\t\t\t\t\t\t<\/span>\n\t\t\t\t\t\t\t\t\t\t<span class=\"elementor-icon-list-text\">OUR ERP SYSTEM IS DEVELOPED FOR ADAPTING OF COMPLEX PRODUCTS<\/span>\n\t\t\t\t\t\t\t\t\t<\/li>\n\t\t\t\t\t\t\t\t<li class=\"elementor-icon-list-item\">\n\t\t\t\t\t\t\t\t\t\t\t<span class=\"elementor-icon-list-icon\">\n\t\t\t\t\t\t\t<i aria-hidden=\"true\" class=\"fas fa-key\"><\/i>\t\t\t\t\t\t<\/span>\n\t\t\t\t\t\t\t\t\t\t<span class=\"elementor-icon-list-text\">YOU WILL GET AN ACCCESS TO THE CLIENT ZONE IN OUR WEB PAGE WHERE YOU CAN SEE ALL DELIVERY LISTS AND ACTUAL STATUS OF ALL MATERIALS IN OUR STOCK<\/span>\n\t\t\t\t\t\t\t\t\t<\/li>\n\t\t\t\t\t\t\t\t<li class=\"elementor-icon-list-item\">\n\t\t\t\t\t\t\t\t\t\t\t<span class=\"elementor-icon-list-icon\">\n\t\t\t\t\t\t\t<i aria-hidden=\"true\" class=\"fas fa-database\"><\/i>\t\t\t\t\t\t<\/span>\n\t\t\t\t\t\t\t\t\t\t<span class=\"elementor-icon-list-text\">ALL THE DATA ARE STORED ELECTRONICALLY AND CAN BE SENT VIA API TO YOUR DATABASE<\/span>\n\t\t\t\t\t\t\t\t\t<\/li>\n\t\t\t\t\t\t\t\t<li class=\"elementor-icon-list-item\">\n\t\t\t\t\t\t\t\t\t\t\t<a href=\"https:\/\/www.sylex.sk\/contact\/sales\/\">\n\n\t\t\t\t\t\t\t\t\t\t\t\t<span class=\"elementor-icon-list-icon\">\n\t\t\t\t\t\t\t<i aria-hidden=\"true\" class=\"far fa-question-circle\"><\/i>\t\t\t\t\t\t<\/span>\n\t\t\t\t\t\t\t\t\t\t<span class=\"elementor-icon-list-text\">IF YOU WANT TO KNOW MORE ABOUT OEM COOPERATION, DO NOT HESITATE TO CONTACT US<\/span>\n\t\t\t\t\t\t\t\t\t\t\t<\/a>\n\t\t\t\t\t\t\t\t\t<\/li>\n\t\t\t\t\t\t<\/ul>\n\t\t\t\t\t\t<\/div>\n\t\t\t\t<\/div>\n\t\t\t\t\t<\/div>\n\t\t<\/div>\n\t\t\t\t\t<\/div>\n\t\t<\/section>\n\t\t\t\t<section class=\"elementor-section elementor-top-section elementor-element elementor-element-cc08714 elementor-section-boxed elementor-section-height-default elementor-section-height-default\" data-id=\"cc08714\" data-element_type=\"section\" data-e-type=\"section\">\n\t\t\t\t\t\t<div class=\"elementor-container elementor-column-gap-default\">\n\t\t\t\t\t<div class=\"elementor-column elementor-col-100 elementor-top-column elementor-element elementor-element-a40f3c6\" data-id=\"a40f3c6\" data-element_type=\"column\" data-e-type=\"column\">\n\t\t\t<div class=\"elementor-widget-wrap elementor-element-populated\">\n\t\t\t\t\t\t<div class=\"elementor-element elementor-element-0936e57 elementor-widget elementor-widget-image\" data-id=\"0936e57\" data-element_type=\"widget\" data-e-type=\"widget\" data-widget_type=\"image.default\">\n\t\t\t\t<div class=\"elementor-widget-container\">\n\t\t\t\t\t\t\t\t\t\t\t\t\t\t\t<img decoding=\"async\" width=\"800\" height=\"211\" src=\"https:\/\/www.sylex.sk\/wp-content\/uploads\/2024\/04\/OEM-1-1024x270.png\" class=\"attachment-large size-large wp-image-11859\" alt=\"\" srcset=\"https:\/\/www.sylex.sk\/wp-content\/uploads\/2024\/04\/OEM-1-1024x270.png 1024w, https:\/\/www.sylex.sk\/wp-content\/uploads\/2024\/04\/OEM-1-300x79.png 300w, https:\/\/www.sylex.sk\/wp-content\/uploads\/2024\/04\/OEM-1-768x203.png 768w, https:\/\/www.sylex.sk\/wp-content\/uploads\/2024\/04\/OEM-1-1536x405.png 1536w, https:\/\/www.sylex.sk\/wp-content\/uploads\/2024\/04\/OEM-1-600x158.png 600w, https:\/\/www.sylex.sk\/wp-content\/uploads\/2024\/04\/OEM-1.png 1790w\" sizes=\"(max-width: 800px) 100vw, 800px\" \/>\t\t\t\t\t\t\t\t\t\t\t\t\t\t\t<\/div>\n\t\t\t\t<\/div>\n\t\t\t\t\t<\/div>\n\t\t<\/div>\n\t\t\t\t\t<\/div>\n\t\t<\/section>\n\t\t\t\t<\/div>\n\t\t","protected":false},"excerpt":{"rendered":"<p>A number of sensors that we have manufactured as an OEM partner 0 As Sylex, we pride ourselves on being an Original Equipment Manufacturer (OEM) that embodies the essence of collaboration and innovation. Through our unwavering commitment to excellence, we forge partnerships that transcend boundaries, crafting bespoke solutions that resonate with our partners&#8216; visions. At Sylex, OEM cooperation isn&#8217;t just a transaction; it&#8217;s a journey of mutual growth, where every idea, every innovation, is nurtured to fruition. Together, we turn possibilities into realities, creating a symphony of success that reverberates throughout the industry. YOUR BRAND WILL BE ON ALL DOCUMENTS AND PACKAGING OUR PRODUCTION CAN BE EASILY ADAPTED FOR YOUR OEM PRODUCTS OUR ENGINEERS ARE READY TO IMPLEMENT EACH TYPE OF REQUIREMENT THAT YOUR OEM PRODUCT NEEDS OUR ERP SYSTEM IS DEVELOPED FOR ADAPTING OF COMPLEX PRODUCTS YOU WILL GET AN ACCCESS TO THE CLIENT ZONE IN OUR WEB PAGE WHERE YOU CAN SEE ALL DELIVERY LISTS AND ACTUAL STATUS OF ALL MATERIALS IN OUR STOCK ALL THE DATA ARE STORED ELECTRONICALLY AND CAN BE SENT VIA API TO YOUR DATABASE IF YOU WANT TO KNOW MORE ABOUT OEM COOPERATION, DO NOT HESITATE TO CONTACT US<\/p>\n","protected":false},"author":3,"featured_media":11859,"parent":14440,"menu_order":0,"comment_status":"closed","ping_status":"closed","template":"","meta":{"_acf_changed":false,"footnotes":""},"class_list":["post-14525","page","type-page","status-publish","has-post-thumbnail","hentry"],"acf":[],"yoast_head":"<!-- This site is optimized with the Yoast SEO plugin v27.0 - https:\/\/yoast.com\/product\/yoast-seo-wordpress\/ -->\n<title>Contract Manufacturing - Sylex<\/title>\n<meta name=\"robots\" content=\"index, follow, max-snippet:-1, max-image-preview:large, max-video-preview:-1\" \/>\n<link rel=\"canonical\" href=\"https:\/\/www.sylex.sk\/sk\/snimacie-systemy\/contract-manufacturing\/\" \/>\n<meta property=\"og:locale\" content=\"sk_SK\" \/>\n<meta property=\"og:type\" content=\"article\" \/>\n<meta property=\"og:title\" content=\"Contract Manufacturing - Sylex\" \/>\n<meta property=\"og:description\" content=\"A number of sensors that we have manufactured as an OEM partner 0 As Sylex, we pride ourselves on being an Original Equipment Manufacturer (OEM) that embodies the essence of collaboration and innovation. Through our unwavering commitment to excellence, we forge partnerships that transcend boundaries, crafting bespoke solutions that resonate with our partners&#8216; visions. At Sylex, OEM cooperation isn&#8217;t just a transaction; it&#8217;s a journey of mutual growth, where every idea, every innovation, is nurtured to fruition. Together, we turn possibilities into realities, creating a symphony of success that reverberates throughout the industry. YOUR BRAND WILL BE ON ALL DOCUMENTS AND PACKAGING OUR PRODUCTION CAN BE EASILY ADAPTED FOR YOUR OEM PRODUCTS OUR ENGINEERS ARE READY TO IMPLEMENT EACH TYPE OF REQUIREMENT THAT YOUR OEM PRODUCT NEEDS OUR ERP SYSTEM IS DEVELOPED FOR ADAPTING OF COMPLEX PRODUCTS YOU WILL GET AN ACCCESS TO THE CLIENT ZONE IN OUR WEB PAGE WHERE YOU CAN SEE ALL DELIVERY LISTS AND ACTUAL STATUS OF ALL MATERIALS IN OUR STOCK ALL THE DATA ARE STORED ELECTRONICALLY AND CAN BE SENT VIA API TO YOUR DATABASE IF YOU WANT TO KNOW MORE ABOUT OEM COOPERATION, DO NOT HESITATE TO CONTACT US\" \/>\n<meta property=\"og:url\" content=\"https:\/\/www.sylex.sk\/sk\/snimacie-systemy\/contract-manufacturing\/\" \/>\n<meta property=\"og:site_name\" content=\"Sylex\" \/>\n<meta property=\"article:publisher\" content=\"https:\/\/www.facebook.com\/sylex.sk\/\" \/>\n<meta property=\"article:modified_time\" content=\"2025-01-17T10:47:32+00:00\" \/>\n<meta property=\"og:image\" content=\"https:\/\/www.sylex.sk\/wp-content\/uploads\/2024\/04\/OEM-1.png\" \/>\n\t<meta property=\"og:image:width\" content=\"1790\" \/>\n\t<meta property=\"og:image:height\" content=\"472\" \/>\n\t<meta property=\"og:image:type\" content=\"image\/png\" \/>\n<meta name=\"twitter:card\" content=\"summary_large_image\" \/>\n<meta name=\"twitter:site\" content=\"@SYLEX_SK\" \/>\n<meta name=\"twitter:label1\" content=\"Predpokladan\u00fd \u010das \u010d\u00edtania\" \/>\n\t<meta name=\"twitter:data1\" content=\"2 min\u00faty\" \/>\n<script type=\"application\/ld+json\" class=\"yoast-schema-graph\">{\"@context\":\"https:\/\/schema.org\",\"@graph\":[{\"@type\":\"WebPage\",\"@id\":\"https:\/\/www.sylex.sk\/sk\/snimacie-systemy\/contract-manufacturing\/\",\"url\":\"https:\/\/www.sylex.sk\/sk\/snimacie-systemy\/contract-manufacturing\/\",\"name\":\"Contract Manufacturing - Sylex\",\"isPartOf\":{\"@id\":\"https:\/\/wonderful-yonath.136-243-14-103.plesk.page\/#website\"},\"primaryImageOfPage\":{\"@id\":\"https:\/\/www.sylex.sk\/sk\/snimacie-systemy\/contract-manufacturing\/#primaryimage\"},\"image\":{\"@id\":\"https:\/\/www.sylex.sk\/sk\/snimacie-systemy\/contract-manufacturing\/#primaryimage\"},\"thumbnailUrl\":\"https:\/\/www.sylex.sk\/wp-content\/uploads\/2024\/04\/OEM-1.png\",\"datePublished\":\"2024-04-26T08:38:09+00:00\",\"dateModified\":\"2025-01-17T10:47:32+00:00\",\"breadcrumb\":{\"@id\":\"https:\/\/www.sylex.sk\/sk\/snimacie-systemy\/contract-manufacturing\/#breadcrumb\"},\"inLanguage\":\"sk-SK\",\"potentialAction\":[{\"@type\":\"ReadAction\",\"target\":[\"https:\/\/www.sylex.sk\/sk\/snimacie-systemy\/contract-manufacturing\/\"]}]},{\"@type\":\"ImageObject\",\"inLanguage\":\"sk-SK\",\"@id\":\"https:\/\/www.sylex.sk\/sk\/snimacie-systemy\/contract-manufacturing\/#primaryimage\",\"url\":\"https:\/\/www.sylex.sk\/wp-content\/uploads\/2024\/04\/OEM-1.png\",\"contentUrl\":\"https:\/\/www.sylex.sk\/wp-content\/uploads\/2024\/04\/OEM-1.png\",\"width\":1790,\"height\":472},{\"@type\":\"BreadcrumbList\",\"@id\":\"https:\/\/www.sylex.sk\/sk\/snimacie-systemy\/contract-manufacturing\/#breadcrumb\",\"itemListElement\":[{\"@type\":\"ListItem\",\"position\":1,\"name\":\"Home\",\"item\":\"https:\/\/www.sylex.sk\/sk\/\"},{\"@type\":\"ListItem\",\"position\":2,\"name\":\"Sn\u00edmacie syst\u00e9my\",\"item\":\"https:\/\/www.sylex.sk\/sk\/snimacie-systemy\/\"},{\"@type\":\"ListItem\",\"position\":3,\"name\":\"Contract Manufacturing\"}]},{\"@type\":\"WebSite\",\"@id\":\"https:\/\/wonderful-yonath.136-243-14-103.plesk.page\/#website\",\"url\":\"https:\/\/wonderful-yonath.136-243-14-103.plesk.page\/\",\"name\":\"Sylex\",\"description\":\"Fiber Optics\",\"publisher\":{\"@id\":\"https:\/\/wonderful-yonath.136-243-14-103.plesk.page\/#organization\"},\"potentialAction\":[{\"@type\":\"SearchAction\",\"target\":{\"@type\":\"EntryPoint\",\"urlTemplate\":\"https:\/\/wonderful-yonath.136-243-14-103.plesk.page\/?s={search_term_string}\"},\"query-input\":{\"@type\":\"PropertyValueSpecification\",\"valueRequired\":true,\"valueName\":\"search_term_string\"}}],\"inLanguage\":\"sk-SK\"},{\"@type\":\"Organization\",\"@id\":\"https:\/\/wonderful-yonath.136-243-14-103.plesk.page\/#organization\",\"name\":\"Sylex\",\"url\":\"https:\/\/wonderful-yonath.136-243-14-103.plesk.page\/\",\"logo\":{\"@type\":\"ImageObject\",\"inLanguage\":\"sk-SK\",\"@id\":\"https:\/\/wonderful-yonath.136-243-14-103.plesk.page\/#\/schema\/logo\/image\/\",\"url\":\"https:\/\/www.sylex.sk\/wp-content\/uploads\/2024\/04\/logo4-1.png\",\"contentUrl\":\"https:\/\/www.sylex.sk\/wp-content\/uploads\/2024\/04\/logo4-1.png\",\"width\":308,\"height\":100,\"caption\":\"Sylex\"},\"image\":{\"@id\":\"https:\/\/wonderful-yonath.136-243-14-103.plesk.page\/#\/schema\/logo\/image\/\"},\"sameAs\":[\"https:\/\/www.facebook.com\/sylex.sk\/\",\"https:\/\/x.com\/SYLEX_SK\"]}]}<\/script>\n<!-- \/ Yoast SEO plugin. -->","yoast_head_json":{"title":"Contract Manufacturing - Sylex","robots":{"index":"index","follow":"follow","max-snippet":"max-snippet:-1","max-image-preview":"max-image-preview:large","max-video-preview":"max-video-preview:-1"},"canonical":"https:\/\/www.sylex.sk\/sk\/snimacie-systemy\/contract-manufacturing\/","og_locale":"sk_SK","og_type":"article","og_title":"Contract Manufacturing - Sylex","og_description":"A number of sensors that we have manufactured as an OEM partner 0 As Sylex, we pride ourselves on being an Original Equipment Manufacturer (OEM) that embodies the essence of collaboration and innovation. Through our unwavering commitment to excellence, we forge partnerships that transcend boundaries, crafting bespoke solutions that resonate with our partners&#8216; visions. At Sylex, OEM cooperation isn&#8217;t just a transaction; it&#8217;s a journey of mutual growth, where every idea, every innovation, is nurtured to fruition. Together, we turn possibilities into realities, creating a symphony of success that reverberates throughout the industry. YOUR BRAND WILL BE ON ALL DOCUMENTS AND PACKAGING OUR PRODUCTION CAN BE EASILY ADAPTED FOR YOUR OEM PRODUCTS OUR ENGINEERS ARE READY TO IMPLEMENT EACH TYPE OF REQUIREMENT THAT YOUR OEM PRODUCT NEEDS OUR ERP SYSTEM IS DEVELOPED FOR ADAPTING OF COMPLEX PRODUCTS YOU WILL GET AN ACCCESS TO THE CLIENT ZONE IN OUR WEB PAGE WHERE YOU CAN SEE ALL DELIVERY LISTS AND ACTUAL STATUS OF ALL MATERIALS IN OUR STOCK ALL THE DATA ARE STORED ELECTRONICALLY AND CAN BE SENT VIA API TO YOUR DATABASE IF YOU WANT TO KNOW MORE ABOUT OEM COOPERATION, DO NOT HESITATE TO CONTACT US","og_url":"https:\/\/www.sylex.sk\/sk\/snimacie-systemy\/contract-manufacturing\/","og_site_name":"Sylex","article_publisher":"https:\/\/www.facebook.com\/sylex.sk\/","article_modified_time":"2025-01-17T10:47:32+00:00","og_image":[{"width":1790,"height":472,"url":"https:\/\/www.sylex.sk\/wp-content\/uploads\/2024\/04\/OEM-1.png","type":"image\/png"}],"twitter_card":"summary_large_image","twitter_site":"@SYLEX_SK","twitter_misc":{"Predpokladan\u00fd \u010das \u010d\u00edtania":"2 min\u00faty"},"schema":{"@context":"https:\/\/schema.org","@graph":[{"@type":"WebPage","@id":"https:\/\/www.sylex.sk\/sk\/snimacie-systemy\/contract-manufacturing\/","url":"https:\/\/www.sylex.sk\/sk\/snimacie-systemy\/contract-manufacturing\/","name":"Contract Manufacturing - Sylex","isPartOf":{"@id":"https:\/\/wonderful-yonath.136-243-14-103.plesk.page\/#website"},"primaryImageOfPage":{"@id":"https:\/\/www.sylex.sk\/sk\/snimacie-systemy\/contract-manufacturing\/#primaryimage"},"image":{"@id":"https:\/\/www.sylex.sk\/sk\/snimacie-systemy\/contract-manufacturing\/#primaryimage"},"thumbnailUrl":"https:\/\/www.sylex.sk\/wp-content\/uploads\/2024\/04\/OEM-1.png","datePublished":"2024-04-26T08:38:09+00:00","dateModified":"2025-01-17T10:47:32+00:00","breadcrumb":{"@id":"https:\/\/www.sylex.sk\/sk\/snimacie-systemy\/contract-manufacturing\/#breadcrumb"},"inLanguage":"sk-SK","potentialAction":[{"@type":"ReadAction","target":["https:\/\/www.sylex.sk\/sk\/snimacie-systemy\/contract-manufacturing\/"]}]},{"@type":"ImageObject","inLanguage":"sk-SK","@id":"https:\/\/www.sylex.sk\/sk\/snimacie-systemy\/contract-manufacturing\/#primaryimage","url":"https:\/\/www.sylex.sk\/wp-content\/uploads\/2024\/04\/OEM-1.png","contentUrl":"https:\/\/www.sylex.sk\/wp-content\/uploads\/2024\/04\/OEM-1.png","width":1790,"height":472},{"@type":"BreadcrumbList","@id":"https:\/\/www.sylex.sk\/sk\/snimacie-systemy\/contract-manufacturing\/#breadcrumb","itemListElement":[{"@type":"ListItem","position":1,"name":"Home","item":"https:\/\/www.sylex.sk\/sk\/"},{"@type":"ListItem","position":2,"name":"Sn\u00edmacie syst\u00e9my","item":"https:\/\/www.sylex.sk\/sk\/snimacie-systemy\/"},{"@type":"ListItem","position":3,"name":"Contract Manufacturing"}]},{"@type":"WebSite","@id":"https:\/\/wonderful-yonath.136-243-14-103.plesk.page\/#website","url":"https:\/\/wonderful-yonath.136-243-14-103.plesk.page\/","name":"Sylex","description":"Fiber Optics","publisher":{"@id":"https:\/\/wonderful-yonath.136-243-14-103.plesk.page\/#organization"},"potentialAction":[{"@type":"SearchAction","target":{"@type":"EntryPoint","urlTemplate":"https:\/\/wonderful-yonath.136-243-14-103.plesk.page\/?s={search_term_string}"},"query-input":{"@type":"PropertyValueSpecification","valueRequired":true,"valueName":"search_term_string"}}],"inLanguage":"sk-SK"},{"@type":"Organization","@id":"https:\/\/wonderful-yonath.136-243-14-103.plesk.page\/#organization","name":"Sylex","url":"https:\/\/wonderful-yonath.136-243-14-103.plesk.page\/","logo":{"@type":"ImageObject","inLanguage":"sk-SK","@id":"https:\/\/wonderful-yonath.136-243-14-103.plesk.page\/#\/schema\/logo\/image\/","url":"https:\/\/www.sylex.sk\/wp-content\/uploads\/2024\/04\/logo4-1.png","contentUrl":"https:\/\/www.sylex.sk\/wp-content\/uploads\/2024\/04\/logo4-1.png","width":308,"height":100,"caption":"Sylex"},"image":{"@id":"https:\/\/wonderful-yonath.136-243-14-103.plesk.page\/#\/schema\/logo\/image\/"},"sameAs":["https:\/\/www.facebook.com\/sylex.sk\/","https:\/\/x.com\/SYLEX_SK"]}]}},"_links":{"self":[{"href":"https:\/\/www.sylex.sk\/sk\/wp-json\/wp\/v2\/pages\/14525","targetHints":{"allow":["GET"]}}],"collection":[{"href":"https:\/\/www.sylex.sk\/sk\/wp-json\/wp\/v2\/pages"}],"about":[{"href":"https:\/\/www.sylex.sk\/sk\/wp-json\/wp\/v2\/types\/page"}],"author":[{"embeddable":true,"href":"https:\/\/www.sylex.sk\/sk\/wp-json\/wp\/v2\/users\/3"}],"replies":[{"embeddable":true,"href":"https:\/\/www.sylex.sk\/sk\/wp-json\/wp\/v2\/comments?post=14525"}],"version-history":[{"count":2,"href":"https:\/\/www.sylex.sk\/sk\/wp-json\/wp\/v2\/pages\/14525\/revisions"}],"predecessor-version":[{"id":20300,"href":"https:\/\/www.sylex.sk\/sk\/wp-json\/wp\/v2\/pages\/14525\/revisions\/20300"}],"up":[{"embeddable":true,"href":"https:\/\/www.sylex.sk\/sk\/wp-json\/wp\/v2\/pages\/14440"}],"wp:featuredmedia":[{"embeddable":true,"href":"https:\/\/www.sylex.sk\/sk\/wp-json\/wp\/v2\/media\/11859"}],"wp:attachment":[{"href":"https:\/\/www.sylex.sk\/sk\/wp-json\/wp\/v2\/media?parent=14525"}],"curies":[{"name":"wp","href":"https:\/\/api.w.org\/{rel}","templated":true}]}}