{"id":14550,"date":"2024-05-04T22:01:42","date_gmt":"2024-05-04T21:01:42","guid":{"rendered":"https:\/\/www.sylex.sk\/trhy\/snimacie-systemy\/zmluvna-vyroba-oem\/"},"modified":"2024-11-08T10:38:02","modified_gmt":"2024-11-08T09:38:02","slug":"zmluvna-vyroba-oem","status":"publish","type":"page","link":"https:\/\/www.sylex.sk\/sk\/trhy\/snimacie-systemy\/zmluvna-vyroba-oem\/","title":{"rendered":"Zmluvn\u00e1 v\u00fdroba \/ OEM"},"content":{"rendered":"\t\t<div data-elementor-type=\"wp-page\" data-elementor-id=\"14550\" class=\"elementor elementor-14550 elementor-9213\" data-elementor-post-type=\"page\">\n\t\t\t\t\t\t<section class=\"elementor-section elementor-top-section elementor-element elementor-element-5f10633 elementor-section-boxed elementor-section-height-default elementor-section-height-default\" data-id=\"5f10633\" data-element_type=\"section\" data-e-type=\"section\">\n\t\t\t\t\t\t<div class=\"elementor-container elementor-column-gap-no\">\n\t\t\t\t\t<div class=\"elementor-column elementor-col-50 elementor-top-column elementor-element elementor-element-51b1702\" data-id=\"51b1702\" data-element_type=\"column\" data-e-type=\"column\">\n\t\t\t<div class=\"elementor-widget-wrap elementor-element-populated\">\n\t\t\t\t\t\t<div class=\"elementor-element elementor-element-59c738a elementor-icon-list--layout-traditional elementor-list-item-link-full_width elementor-widget elementor-widget-icon-list\" data-id=\"59c738a\" data-element_type=\"widget\" data-e-type=\"widget\" data-widget_type=\"icon-list.default\">\n\t\t\t\t<div class=\"elementor-widget-container\">\n\t\t\t\t\t\t\t<ul class=\"elementor-icon-list-items\">\n\t\t\t\t\t\t\t<li class=\"elementor-icon-list-item\">\n\t\t\t\t\t\t\t\t\t\t\t<span class=\"elementor-icon-list-icon\">\n\t\t\t\t\t\t\t<i aria-hidden=\"true\" class=\"icon icon-cog-alt\"><\/i>\t\t\t\t\t\t<\/span>\n\t\t\t\t\t\t\t\t\t\t<span class=\"elementor-icon-list-text\">Zmluvn\u00e1 v\u00fdroba \/ OEM<\/span>\n\t\t\t\t\t\t\t\t\t<\/li>\n\t\t\t\t\t\t<\/ul>\n\t\t\t\t\t\t<\/div>\n\t\t\t\t<\/div>\n\t\t\t\t<div class=\"elementor-element elementor-element-3bebc86 elementor-widget elementor-widget-image\" data-id=\"3bebc86\" data-element_type=\"widget\" data-e-type=\"widget\" data-widget_type=\"image.default\">\n\t\t\t\t<div class=\"elementor-widget-container\">\n\t\t\t\t\t\t\t\t\t\t\t\t\t\t\t<img decoding=\"async\" src=\"https:\/\/www.sylex.sk\/wp-content\/uploads\/elementor\/thumbs\/contract-manufacturing-scaled-qnutg95x2g51lxkf4b7tzvzu7u4v6xtpv9xf2hvy02.jpg\" title=\"contract manufacturing\" alt=\"contract manufacturing\" loading=\"lazy\" \/>\t\t\t\t\t\t\t\t\t\t\t\t\t\t\t<\/div>\n\t\t\t\t<\/div>\n\t\t\t\t<div class=\"elementor-element elementor-element-383aa4b elementor-widget-divider--view-line elementor-widget elementor-widget-divider\" data-id=\"383aa4b\" data-element_type=\"widget\" data-e-type=\"widget\" data-widget_type=\"divider.default\">\n\t\t\t\t<div class=\"elementor-widget-container\">\n\t\t\t\t\t\t\t<div class=\"elementor-divider\">\n\t\t\t<span class=\"elementor-divider-separator\">\n\t\t\t\t\t\t<\/span>\n\t\t<\/div>\n\t\t\t\t\t\t<\/div>\n\t\t\t\t<\/div>\n\t\t\t\t\t<\/div>\n\t\t<\/div>\n\t\t\t\t<div class=\"elementor-column elementor-col-50 elementor-top-column elementor-element elementor-element-2e50754\" data-id=\"2e50754\" data-element_type=\"column\" data-e-type=\"column\">\n\t\t\t<div class=\"elementor-widget-wrap elementor-element-populated\">\n\t\t\t\t\t\t<section class=\"elementor-section elementor-inner-section elementor-element elementor-element-e671ecf elementor-section-boxed elementor-section-height-default elementor-section-height-default\" data-id=\"e671ecf\" data-element_type=\"section\" data-e-type=\"section\">\n\t\t\t\t\t\t<div class=\"elementor-container elementor-column-gap-default\">\n\t\t\t\t\t<div class=\"elementor-column elementor-col-100 elementor-inner-column elementor-element elementor-element-d9aea62\" data-id=\"d9aea62\" data-element_type=\"column\" data-e-type=\"column\">\n\t\t\t<div class=\"elementor-widget-wrap elementor-element-populated\">\n\t\t\t\t\t\t<div class=\"elementor-element elementor-element-ac0d9b2 elementor-icon-list--layout-traditional elementor-list-item-link-full_width elementor-widget elementor-widget-icon-list\" data-id=\"ac0d9b2\" data-element_type=\"widget\" data-e-type=\"widget\" data-widget_type=\"icon-list.default\">\n\t\t\t\t<div class=\"elementor-widget-container\">\n\t\t\t\t\t\t\t<ul class=\"elementor-icon-list-items\">\n\t\t\t\t\t\t\t<li class=\"elementor-icon-list-item\">\n\t\t\t\t\t\t\t\t\t\t<span class=\"elementor-icon-list-text\">Senzory na mieru boli nain\u0161talovan\u00e9 na tis\u00edce objektov po celom svete. Patria sem v\u0161etky priemyseln\u00e9 aplik\u00e1cie. V spolo\u010dnosti Sylex nie je OEM spolupr\u00e1ca len obchodnou transakciou, ale cestou vz\u00e1jomn\u00e9ho rastu, kde sa ka\u017ed\u00fd n\u00e1pad, ka\u017ed\u00e1 inov\u00e1cia rozv\u00edja a\u017e do konca. Spolo\u010dne men\u00edme mo\u017enosti merania na skuto\u010dnos\u0165.<\/span>\n\t\t\t\t\t\t\t\t\t<\/li>\n\t\t\t\t\t\t<\/ul>\n\t\t\t\t\t\t<\/div>\n\t\t\t\t<\/div>\n\t\t\t\t\t<\/div>\n\t\t<\/div>\n\t\t\t\t\t<\/div>\n\t\t<\/section>\n\t\t\t\t\t<\/div>\n\t\t<\/div>\n\t\t\t\t\t<\/div>\n\t\t<\/section>\n\t\t\t\t<section class=\"elementor-section elementor-top-section elementor-element elementor-element-7df23797 elementor-section-boxed elementor-section-height-default elementor-section-height-default\" data-id=\"7df23797\" data-element_type=\"section\" data-e-type=\"section\">\n\t\t\t\t\t\t<div class=\"elementor-container elementor-column-gap-no\">\n\t\t\t\t\t<div class=\"elementor-column elementor-col-100 elementor-top-column elementor-element elementor-element-705c2897\" data-id=\"705c2897\" data-element_type=\"column\" data-e-type=\"column\">\n\t\t\t<div class=\"elementor-widget-wrap elementor-element-populated\">\n\t\t\t\t\t\t<section class=\"elementor-section elementor-inner-section elementor-element elementor-element-627a5ffc elementor-section-boxed elementor-section-height-default elementor-section-height-default\" data-id=\"627a5ffc\" data-element_type=\"section\" data-e-type=\"section\">\n\t\t\t\t\t\t<div class=\"elementor-container elementor-column-gap-no\">\n\t\t\t\t\t<div class=\"elementor-column elementor-col-100 elementor-inner-column elementor-element elementor-element-42ccdcef\" data-id=\"42ccdcef\" data-element_type=\"column\" data-e-type=\"column\">\n\t\t\t<div class=\"elementor-widget-wrap elementor-element-populated\">\n\t\t\t\t\t\t<div class=\"elementor-element elementor-element-3d414c35 elementor-widget elementor-widget-heading\" data-id=\"3d414c35\" data-element_type=\"widget\" data-e-type=\"widget\" data-widget_type=\"heading.default\">\n\t\t\t\t<div class=\"elementor-widget-container\">\n\t\t\t\t\t<h2 class=\"elementor-heading-title elementor-size-default\">Na\u0161a str\u00e1nka  Zmluvn\u00e1 v\u00fdroba \/ OEM  Produkty<\/h2>\t\t\t\t<\/div>\n\t\t\t\t<\/div>\n\t\t\t\t<div class=\"woocommerce elementor-element elementor-element-494be9ee elementor-grid-3 elementor-grid-tablet-2 elementor-grid-mobile-1 elementor-widget elementor-widget-loop-grid\" data-id=\"494be9ee\" data-element_type=\"widget\" data-e-type=\"widget\" data-settings=\"{&quot;_skin&quot;:&quot;product&quot;,&quot;template_id&quot;:13120,&quot;columns&quot;:&quot;3&quot;,&quot;columns_tablet&quot;:&quot;2&quot;,&quot;columns_mobile&quot;:&quot;1&quot;,&quot;edit_handle_selector&quot;:&quot;[data-elementor-type=\\&quot;loop-item\\&quot;]&quot;,&quot;row_gap&quot;:{&quot;unit&quot;:&quot;px&quot;,&quot;size&quot;:&quot;&quot;,&quot;sizes&quot;:[]},&quot;row_gap_tablet&quot;:{&quot;unit&quot;:&quot;px&quot;,&quot;size&quot;:&quot;&quot;,&quot;sizes&quot;:[]},&quot;row_gap_mobile&quot;:{&quot;unit&quot;:&quot;px&quot;,&quot;size&quot;:&quot;&quot;,&quot;sizes&quot;:[]}}\" data-widget_type=\"loop-grid.product\">\n\t\t\t\t<div class=\"elementor-widget-container\">\n\t\t\t\t\t\t\t<div class=\"e-loop-nothing-found-message\">\n\t\t<\/div>\n\t\t\t\t\t\t<\/div>\n\t\t\t\t<\/div>\n\t\t\t\t\t<\/div>\n\t\t<\/div>\n\t\t\t\t\t<\/div>\n\t\t<\/section>\n\t\t\t\t\t<\/div>\n\t\t<\/div>\n\t\t\t\t\t<\/div>\n\t\t<\/section>\n\t\t\t\t<\/div>\n\t\t","protected":false},"excerpt":{"rendered":"<p>Senzory na mieru boli nain\u0161talovan\u00e9 na tis\u00edce objektov po celom svete. Patria sem v\u0161etky priemyseln\u00e9 aplik\u00e1cie. V spolo\u010dnosti Sylex nie je OEM spolupr\u00e1ca len obchodnou transakciou, ale cestou vz\u00e1jomn\u00e9ho rastu, kde sa ka\u017ed\u00fd n\u00e1pad, ka\u017ed\u00e1 inov\u00e1cia rozv\u00edja a\u017e do konca. Spolo\u010dne men\u00edme mo\u017enosti merania na skuto\u010dnos\u0165.<\/p>\n","protected":false},"author":1,"featured_media":0,"parent":14506,"menu_order":0,"comment_status":"closed","ping_status":"closed","template":"","meta":{"_acf_changed":false,"footnotes":""},"class_list":["post-14550","page","type-page","status-publish","hentry"],"acf":[],"yoast_head":"<!-- This site is optimized with the Yoast SEO plugin v27.0 - https:\/\/yoast.com\/product\/yoast-seo-wordpress\/ -->\n<title>Zmluvn\u00e1 v\u00fdroba \/ OEM - Sylex<\/title>\n<meta name=\"robots\" content=\"index, follow, max-snippet:-1, max-image-preview:large, max-video-preview:-1\" \/>\n<link rel=\"canonical\" href=\"https:\/\/www.sylex.sk\/sk\/trhy\/snimacie-systemy\/zmluvna-vyroba-oem\/\" \/>\n<meta property=\"og:locale\" content=\"sk_SK\" \/>\n<meta property=\"og:type\" content=\"article\" \/>\n<meta property=\"og:title\" content=\"Zmluvn\u00e1 v\u00fdroba \/ OEM - Sylex\" \/>\n<meta property=\"og:description\" content=\"Senzory na mieru boli nain\u0161talovan\u00e9 na tis\u00edce objektov po celom svete. Patria sem v\u0161etky priemyseln\u00e9 aplik\u00e1cie. V spolo\u010dnosti Sylex nie je OEM spolupr\u00e1ca len obchodnou transakciou, ale cestou vz\u00e1jomn\u00e9ho rastu, kde sa ka\u017ed\u00fd n\u00e1pad, ka\u017ed\u00e1 inov\u00e1cia rozv\u00edja a\u017e do konca. Spolo\u010dne men\u00edme mo\u017enosti merania na skuto\u010dnos\u0165.\" \/>\n<meta property=\"og:url\" content=\"https:\/\/www.sylex.sk\/sk\/trhy\/snimacie-systemy\/zmluvna-vyroba-oem\/\" \/>\n<meta property=\"og:site_name\" content=\"Sylex\" \/>\n<meta property=\"article:publisher\" content=\"https:\/\/www.facebook.com\/sylex.sk\/\" \/>\n<meta property=\"article:modified_time\" content=\"2024-11-08T09:38:02+00:00\" \/>\n<meta property=\"og:image\" content=\"https:\/\/www.sylex.sk\/wp-content\/uploads\/elementor\/thumbs\/contract-manufacturing-scaled-qnutg95x2g51lxkf4b7tzvzu7u4v6xtpv9xf2hvy02.jpg\" \/>\n<meta name=\"twitter:card\" content=\"summary_large_image\" \/>\n<meta name=\"twitter:site\" content=\"@SYLEX_SK\" \/>\n<meta name=\"twitter:label1\" content=\"Predpokladan\u00fd \u010das \u010d\u00edtania\" \/>\n\t<meta name=\"twitter:data1\" content=\"1 min\u00fata\" \/>\n<script type=\"application\/ld+json\" class=\"yoast-schema-graph\">{\"@context\":\"https:\/\/schema.org\",\"@graph\":[{\"@type\":\"WebPage\",\"@id\":\"https:\/\/www.sylex.sk\/sk\/trhy\/snimacie-systemy\/zmluvna-vyroba-oem\/\",\"url\":\"https:\/\/www.sylex.sk\/sk\/trhy\/snimacie-systemy\/zmluvna-vyroba-oem\/\",\"name\":\"Zmluvn\u00e1 v\u00fdroba \/ OEM - Sylex\",\"isPartOf\":{\"@id\":\"https:\/\/wonderful-yonath.136-243-14-103.plesk.page\/#website\"},\"primaryImageOfPage\":{\"@id\":\"https:\/\/www.sylex.sk\/sk\/trhy\/snimacie-systemy\/zmluvna-vyroba-oem\/#primaryimage\"},\"image\":{\"@id\":\"https:\/\/www.sylex.sk\/sk\/trhy\/snimacie-systemy\/zmluvna-vyroba-oem\/#primaryimage\"},\"thumbnailUrl\":\"https:\/\/www.sylex.sk\/wp-content\/uploads\/elementor\/thumbs\/contract-manufacturing-scaled-qnutg95x2g51lxkf4b7tzvzu7u4v6xtpv9xf2hvy02.jpg\",\"datePublished\":\"2024-05-04T21:01:42+00:00\",\"dateModified\":\"2024-11-08T09:38:02+00:00\",\"breadcrumb\":{\"@id\":\"https:\/\/www.sylex.sk\/sk\/trhy\/snimacie-systemy\/zmluvna-vyroba-oem\/#breadcrumb\"},\"inLanguage\":\"sk-SK\",\"potentialAction\":[{\"@type\":\"ReadAction\",\"target\":[\"https:\/\/www.sylex.sk\/sk\/trhy\/snimacie-systemy\/zmluvna-vyroba-oem\/\"]}]},{\"@type\":\"ImageObject\",\"inLanguage\":\"sk-SK\",\"@id\":\"https:\/\/www.sylex.sk\/sk\/trhy\/snimacie-systemy\/zmluvna-vyroba-oem\/#primaryimage\",\"url\":\"https:\/\/www.sylex.sk\/wp-content\/uploads\/elementor\/thumbs\/contract-manufacturing-scaled-qnutg95x2g51lxkf4b7tzvzu7u4v6xtpv9xf2hvy02.jpg\",\"contentUrl\":\"https:\/\/www.sylex.sk\/wp-content\/uploads\/elementor\/thumbs\/contract-manufacturing-scaled-qnutg95x2g51lxkf4b7tzvzu7u4v6xtpv9xf2hvy02.jpg\"},{\"@type\":\"BreadcrumbList\",\"@id\":\"https:\/\/www.sylex.sk\/sk\/trhy\/snimacie-systemy\/zmluvna-vyroba-oem\/#breadcrumb\",\"itemListElement\":[{\"@type\":\"ListItem\",\"position\":1,\"name\":\"Home\",\"item\":\"https:\/\/www.sylex.sk\/sk\/\"},{\"@type\":\"ListItem\",\"position\":2,\"name\":\"Trhy\",\"item\":\"https:\/\/www.sylex.sk\/sk\/trhy\/\"},{\"@type\":\"ListItem\",\"position\":3,\"name\":\"Sn\u00edmacie syst\u00e9my\",\"item\":\"https:\/\/www.sylex.sk\/sk\/trhy\/snimacie-systemy\/\"},{\"@type\":\"ListItem\",\"position\":4,\"name\":\"Zmluvn\u00e1 v\u00fdroba \/ OEM\"}]},{\"@type\":\"WebSite\",\"@id\":\"https:\/\/wonderful-yonath.136-243-14-103.plesk.page\/#website\",\"url\":\"https:\/\/wonderful-yonath.136-243-14-103.plesk.page\/\",\"name\":\"Sylex\",\"description\":\"Fiber Optics\",\"publisher\":{\"@id\":\"https:\/\/wonderful-yonath.136-243-14-103.plesk.page\/#organization\"},\"potentialAction\":[{\"@type\":\"SearchAction\",\"target\":{\"@type\":\"EntryPoint\",\"urlTemplate\":\"https:\/\/wonderful-yonath.136-243-14-103.plesk.page\/?s={search_term_string}\"},\"query-input\":{\"@type\":\"PropertyValueSpecification\",\"valueRequired\":true,\"valueName\":\"search_term_string\"}}],\"inLanguage\":\"sk-SK\"},{\"@type\":\"Organization\",\"@id\":\"https:\/\/wonderful-yonath.136-243-14-103.plesk.page\/#organization\",\"name\":\"Sylex\",\"url\":\"https:\/\/wonderful-yonath.136-243-14-103.plesk.page\/\",\"logo\":{\"@type\":\"ImageObject\",\"inLanguage\":\"sk-SK\",\"@id\":\"https:\/\/wonderful-yonath.136-243-14-103.plesk.page\/#\/schema\/logo\/image\/\",\"url\":\"https:\/\/www.sylex.sk\/wp-content\/uploads\/2024\/04\/logo4-1.png\",\"contentUrl\":\"https:\/\/www.sylex.sk\/wp-content\/uploads\/2024\/04\/logo4-1.png\",\"width\":308,\"height\":100,\"caption\":\"Sylex\"},\"image\":{\"@id\":\"https:\/\/wonderful-yonath.136-243-14-103.plesk.page\/#\/schema\/logo\/image\/\"},\"sameAs\":[\"https:\/\/www.facebook.com\/sylex.sk\/\",\"https:\/\/x.com\/SYLEX_SK\"]}]}<\/script>\n<!-- \/ Yoast SEO plugin. -->","yoast_head_json":{"title":"Zmluvn\u00e1 v\u00fdroba \/ OEM - Sylex","robots":{"index":"index","follow":"follow","max-snippet":"max-snippet:-1","max-image-preview":"max-image-preview:large","max-video-preview":"max-video-preview:-1"},"canonical":"https:\/\/www.sylex.sk\/sk\/trhy\/snimacie-systemy\/zmluvna-vyroba-oem\/","og_locale":"sk_SK","og_type":"article","og_title":"Zmluvn\u00e1 v\u00fdroba \/ OEM - Sylex","og_description":"Senzory na mieru boli nain\u0161talovan\u00e9 na tis\u00edce objektov po celom svete. Patria sem v\u0161etky priemyseln\u00e9 aplik\u00e1cie. V spolo\u010dnosti Sylex nie je OEM spolupr\u00e1ca len obchodnou transakciou, ale cestou vz\u00e1jomn\u00e9ho rastu, kde sa ka\u017ed\u00fd n\u00e1pad, ka\u017ed\u00e1 inov\u00e1cia rozv\u00edja a\u017e do konca. Spolo\u010dne men\u00edme mo\u017enosti merania na skuto\u010dnos\u0165.","og_url":"https:\/\/www.sylex.sk\/sk\/trhy\/snimacie-systemy\/zmluvna-vyroba-oem\/","og_site_name":"Sylex","article_publisher":"https:\/\/www.facebook.com\/sylex.sk\/","article_modified_time":"2024-11-08T09:38:02+00:00","og_image":[{"url":"https:\/\/www.sylex.sk\/wp-content\/uploads\/elementor\/thumbs\/contract-manufacturing-scaled-qnutg95x2g51lxkf4b7tzvzu7u4v6xtpv9xf2hvy02.jpg","type":"","width":"","height":""}],"twitter_card":"summary_large_image","twitter_site":"@SYLEX_SK","twitter_misc":{"Predpokladan\u00fd \u010das \u010d\u00edtania":"1 min\u00fata"},"schema":{"@context":"https:\/\/schema.org","@graph":[{"@type":"WebPage","@id":"https:\/\/www.sylex.sk\/sk\/trhy\/snimacie-systemy\/zmluvna-vyroba-oem\/","url":"https:\/\/www.sylex.sk\/sk\/trhy\/snimacie-systemy\/zmluvna-vyroba-oem\/","name":"Zmluvn\u00e1 v\u00fdroba \/ OEM - Sylex","isPartOf":{"@id":"https:\/\/wonderful-yonath.136-243-14-103.plesk.page\/#website"},"primaryImageOfPage":{"@id":"https:\/\/www.sylex.sk\/sk\/trhy\/snimacie-systemy\/zmluvna-vyroba-oem\/#primaryimage"},"image":{"@id":"https:\/\/www.sylex.sk\/sk\/trhy\/snimacie-systemy\/zmluvna-vyroba-oem\/#primaryimage"},"thumbnailUrl":"https:\/\/www.sylex.sk\/wp-content\/uploads\/elementor\/thumbs\/contract-manufacturing-scaled-qnutg95x2g51lxkf4b7tzvzu7u4v6xtpv9xf2hvy02.jpg","datePublished":"2024-05-04T21:01:42+00:00","dateModified":"2024-11-08T09:38:02+00:00","breadcrumb":{"@id":"https:\/\/www.sylex.sk\/sk\/trhy\/snimacie-systemy\/zmluvna-vyroba-oem\/#breadcrumb"},"inLanguage":"sk-SK","potentialAction":[{"@type":"ReadAction","target":["https:\/\/www.sylex.sk\/sk\/trhy\/snimacie-systemy\/zmluvna-vyroba-oem\/"]}]},{"@type":"ImageObject","inLanguage":"sk-SK","@id":"https:\/\/www.sylex.sk\/sk\/trhy\/snimacie-systemy\/zmluvna-vyroba-oem\/#primaryimage","url":"https:\/\/www.sylex.sk\/wp-content\/uploads\/elementor\/thumbs\/contract-manufacturing-scaled-qnutg95x2g51lxkf4b7tzvzu7u4v6xtpv9xf2hvy02.jpg","contentUrl":"https:\/\/www.sylex.sk\/wp-content\/uploads\/elementor\/thumbs\/contract-manufacturing-scaled-qnutg95x2g51lxkf4b7tzvzu7u4v6xtpv9xf2hvy02.jpg"},{"@type":"BreadcrumbList","@id":"https:\/\/www.sylex.sk\/sk\/trhy\/snimacie-systemy\/zmluvna-vyroba-oem\/#breadcrumb","itemListElement":[{"@type":"ListItem","position":1,"name":"Home","item":"https:\/\/www.sylex.sk\/sk\/"},{"@type":"ListItem","position":2,"name":"Trhy","item":"https:\/\/www.sylex.sk\/sk\/trhy\/"},{"@type":"ListItem","position":3,"name":"Sn\u00edmacie syst\u00e9my","item":"https:\/\/www.sylex.sk\/sk\/trhy\/snimacie-systemy\/"},{"@type":"ListItem","position":4,"name":"Zmluvn\u00e1 v\u00fdroba \/ OEM"}]},{"@type":"WebSite","@id":"https:\/\/wonderful-yonath.136-243-14-103.plesk.page\/#website","url":"https:\/\/wonderful-yonath.136-243-14-103.plesk.page\/","name":"Sylex","description":"Fiber Optics","publisher":{"@id":"https:\/\/wonderful-yonath.136-243-14-103.plesk.page\/#organization"},"potentialAction":[{"@type":"SearchAction","target":{"@type":"EntryPoint","urlTemplate":"https:\/\/wonderful-yonath.136-243-14-103.plesk.page\/?s={search_term_string}"},"query-input":{"@type":"PropertyValueSpecification","valueRequired":true,"valueName":"search_term_string"}}],"inLanguage":"sk-SK"},{"@type":"Organization","@id":"https:\/\/wonderful-yonath.136-243-14-103.plesk.page\/#organization","name":"Sylex","url":"https:\/\/wonderful-yonath.136-243-14-103.plesk.page\/","logo":{"@type":"ImageObject","inLanguage":"sk-SK","@id":"https:\/\/wonderful-yonath.136-243-14-103.plesk.page\/#\/schema\/logo\/image\/","url":"https:\/\/www.sylex.sk\/wp-content\/uploads\/2024\/04\/logo4-1.png","contentUrl":"https:\/\/www.sylex.sk\/wp-content\/uploads\/2024\/04\/logo4-1.png","width":308,"height":100,"caption":"Sylex"},"image":{"@id":"https:\/\/wonderful-yonath.136-243-14-103.plesk.page\/#\/schema\/logo\/image\/"},"sameAs":["https:\/\/www.facebook.com\/sylex.sk\/","https:\/\/x.com\/SYLEX_SK"]}]}},"_links":{"self":[{"href":"https:\/\/www.sylex.sk\/sk\/wp-json\/wp\/v2\/pages\/14550","targetHints":{"allow":["GET"]}}],"collection":[{"href":"https:\/\/www.sylex.sk\/sk\/wp-json\/wp\/v2\/pages"}],"about":[{"href":"https:\/\/www.sylex.sk\/sk\/wp-json\/wp\/v2\/types\/page"}],"author":[{"embeddable":true,"href":"https:\/\/www.sylex.sk\/sk\/wp-json\/wp\/v2\/users\/1"}],"replies":[{"embeddable":true,"href":"https:\/\/www.sylex.sk\/sk\/wp-json\/wp\/v2\/comments?post=14550"}],"version-history":[{"count":8,"href":"https:\/\/www.sylex.sk\/sk\/wp-json\/wp\/v2\/pages\/14550\/revisions"}],"predecessor-version":[{"id":19842,"href":"https:\/\/www.sylex.sk\/sk\/wp-json\/wp\/v2\/pages\/14550\/revisions\/19842"}],"up":[{"embeddable":true,"href":"https:\/\/www.sylex.sk\/sk\/wp-json\/wp\/v2\/pages\/14506"}],"wp:attachment":[{"href":"https:\/\/www.sylex.sk\/sk\/wp-json\/wp\/v2\/media?parent=14550"}],"curies":[{"name":"wp","href":"https:\/\/api.w.org\/{rel}","templated":true}]}}