{"id":14552,"date":"2024-05-05T14:47:42","date_gmt":"2024-05-05T13:47:42","guid":{"rendered":"https:\/\/www.sylex.sk\/zasady-ochrany-osobnych-udajov\/podmienky-pouzivania\/"},"modified":"2024-05-27T16:16:16","modified_gmt":"2024-05-27T15:16:16","slug":"podmienky-pouzivania","status":"publish","type":"page","link":"https:\/\/www.sylex.sk\/sk\/zasady-ochrany-osobnych-udajov\/podmienky-pouzivania\/","title":{"rendered":"Podmienky pou\u017e\u00edvania"},"content":{"rendered":"\t\t<div data-elementor-type=\"wp-page\" data-elementor-id=\"14552\" class=\"elementor elementor-14552 elementor-9316\" data-elementor-post-type=\"page\">\n\t\t\t\t\t\t<section class=\"elementor-section elementor-top-section elementor-element elementor-element-51c6e274 elementor-section-boxed elementor-section-height-default elementor-section-height-default\" data-id=\"51c6e274\" data-element_type=\"section\" data-e-type=\"section\">\n\t\t\t\t\t\t<div class=\"elementor-container elementor-column-gap-default\">\n\t\t\t\t\t<div class=\"elementor-column elementor-col-100 elementor-top-column elementor-element elementor-element-5b93b9a2\" data-id=\"5b93b9a2\" data-element_type=\"column\" data-e-type=\"column\">\n\t\t\t<div class=\"elementor-widget-wrap elementor-element-populated\">\n\t\t\t\t\t\t<div class=\"elementor-element elementor-element-6c5127d3 elementor-widget elementor-widget-text-editor\" data-id=\"6c5127d3\" data-element_type=\"widget\" data-e-type=\"widget\" data-widget_type=\"text-editor.default\">\n\t\t\t\t<div class=\"elementor-widget-container\">\n\t\t\t\t\t\t\t\t\t<p><\/p>\n<p>Ak nie je uveden\u00e9 inak, spolo\u010dnos\u0165 Sylex, s.r.o. vlastn\u00ed pr\u00e1va du\u0161evn\u00e9ho vlastn\u00edctva na v\u0161etky materi\u00e1ly na webovej str\u00e1nke www.sylex.sk. V\u0161etky pr\u00e1va du\u0161evn\u00e9ho vlastn\u00edctva s\u00fa vyhraden\u00e9. Str\u00e1nky z webovej lokality https:\/\/www.sylex.sk si m\u00f4\u017eete prezera\u0165 a\/alebo tla\u010di\u0165 pre vlastn\u00fa potrebu s v\u00fdhradou obmedzen\u00ed uveden\u00fdch v t\u00fdchto podmienkach.<\/p>\n<p><strong>Nesmiete:<\/strong><\/p>\n<ul>\n<li>Znovu publikova\u0165 materi\u00e1l z webovej str\u00e1nky https:\/\/www.sylex.sk,<\/li>\n<li>Pred\u00e1va\u0165, prenaj\u00edma\u0165 alebo poskytova\u0165 sublicencie na materi\u00e1l zo str\u00e1nky https:\/\/www.sylex.sk,<\/li>\n<li>Reprodukova\u0165, kop\u00edrova\u0165 alebo rozmno\u017eova\u0165 materi\u00e1l z webovej str\u00e1nky https:\/\/www.sylex.sk,<\/li>\n<li>Redistrib\u00facia obsahu zo str\u00e1nky https:\/\/www.sylex.sk,<\/li>\n<li>Vytv\u00e1ranie r\u00e1mov okolo str\u00e1nok https:\/\/www.sylex.sk alebo pou\u017e\u00edvanie in\u00fdch techn\u00edk, ktor\u00e9 ak\u00fdmko\u013evek sp\u00f4sobom menia vizu\u00e1lnu prezent\u00e1ciu alebo vzh\u013ead str\u00e1nky https:\/\/www.sylex.sk.<\/li>\n<\/ul>\n<div> <\/div>\n<p>pokia\u013e na to nedostanete predch\u00e1dzaj\u00faci s\u00fahlas a p\u00edsomn\u00e9 povolenie od ofici\u00e1lneho z\u00e1stupcu spolo\u010dnosti Sylex.<\/p>\n<p><\/p>\t\t\t\t\t\t\t\t<\/div>\n\t\t\t\t<\/div>\n\t\t\t\t\t<\/div>\n\t\t<\/div>\n\t\t\t\t\t<\/div>\n\t\t<\/section>\n\t\t\t\t<\/div>\n\t\t","protected":false},"excerpt":{"rendered":"<p>Ak nie je uveden\u00e9 inak, spolo\u010dnos\u0165 Sylex, s.r.o. vlastn\u00ed pr\u00e1va du\u0161evn\u00e9ho vlastn\u00edctva na v\u0161etky materi\u00e1ly na webovej str\u00e1nke www.sylex.sk. V\u0161etky pr\u00e1va du\u0161evn\u00e9ho vlastn\u00edctva s\u00fa vyhraden\u00e9. Str\u00e1nky z webovej lokality https:\/\/www.sylex.sk si m\u00f4\u017eete prezera\u0165 a\/alebo tla\u010di\u0165 pre vlastn\u00fa potrebu s v\u00fdhradou obmedzen\u00ed uveden\u00fdch v t\u00fdchto podmienkach. Nesmiete: Znovu publikova\u0165 materi\u00e1l z webovej str\u00e1nky https:\/\/www.sylex.sk, Pred\u00e1va\u0165, prenaj\u00edma\u0165 alebo poskytova\u0165 sublicencie na materi\u00e1l zo str\u00e1nky https:\/\/www.sylex.sk, Reprodukova\u0165, kop\u00edrova\u0165 alebo rozmno\u017eova\u0165 materi\u00e1l z webovej str\u00e1nky https:\/\/www.sylex.sk, Redistrib\u00facia obsahu zo str\u00e1nky https:\/\/www.sylex.sk, Vytv\u00e1ranie r\u00e1mov okolo str\u00e1nok https:\/\/www.sylex.sk alebo pou\u017e\u00edvanie in\u00fdch techn\u00edk, ktor\u00e9 ak\u00fdmko\u013evek sp\u00f4sobom menia vizu\u00e1lnu prezent\u00e1ciu alebo vzh\u013ead str\u00e1nky https:\/\/www.sylex.sk. pokia\u013e na to nedostanete predch\u00e1dzaj\u00faci s\u00fahlas a p\u00edsomn\u00e9 povolenie od ofici\u00e1lneho z\u00e1stupcu spolo\u010dnosti Sylex.<\/p>\n","protected":false},"author":1,"featured_media":0,"parent":14408,"menu_order":0,"comment_status":"closed","ping_status":"closed","template":"","meta":{"_acf_changed":false,"footnotes":""},"class_list":["post-14552","page","type-page","status-publish","hentry"],"acf":[],"yoast_head":"<!-- This site is optimized with the Yoast SEO plugin v27.0 - https:\/\/yoast.com\/product\/yoast-seo-wordpress\/ -->\n<title>Podmienky pou\u017e\u00edvania - Sylex<\/title>\n<meta name=\"robots\" content=\"index, follow, max-snippet:-1, max-image-preview:large, max-video-preview:-1\" \/>\n<link rel=\"canonical\" href=\"https:\/\/www.sylex.sk\/sk\/zasady-ochrany-osobnych-udajov\/podmienky-pouzivania\/\" \/>\n<meta property=\"og:locale\" content=\"sk_SK\" \/>\n<meta property=\"og:type\" content=\"article\" \/>\n<meta property=\"og:title\" content=\"Podmienky pou\u017e\u00edvania - Sylex\" \/>\n<meta property=\"og:description\" content=\"Ak nie je uveden\u00e9 inak, spolo\u010dnos\u0165 Sylex, s.r.o. vlastn\u00ed pr\u00e1va du\u0161evn\u00e9ho vlastn\u00edctva na v\u0161etky materi\u00e1ly na webovej str\u00e1nke www.sylex.sk. V\u0161etky pr\u00e1va du\u0161evn\u00e9ho vlastn\u00edctva s\u00fa vyhraden\u00e9. Str\u00e1nky z webovej lokality https:\/\/www.sylex.sk si m\u00f4\u017eete prezera\u0165 a\/alebo tla\u010di\u0165 pre vlastn\u00fa potrebu s v\u00fdhradou obmedzen\u00ed uveden\u00fdch v t\u00fdchto podmienkach. Nesmiete: Znovu publikova\u0165 materi\u00e1l z webovej str\u00e1nky https:\/\/www.sylex.sk, Pred\u00e1va\u0165, prenaj\u00edma\u0165 alebo poskytova\u0165 sublicencie na materi\u00e1l zo str\u00e1nky https:\/\/www.sylex.sk, Reprodukova\u0165, kop\u00edrova\u0165 alebo rozmno\u017eova\u0165 materi\u00e1l z webovej str\u00e1nky https:\/\/www.sylex.sk, Redistrib\u00facia obsahu zo str\u00e1nky https:\/\/www.sylex.sk, Vytv\u00e1ranie r\u00e1mov okolo str\u00e1nok https:\/\/www.sylex.sk alebo pou\u017e\u00edvanie in\u00fdch techn\u00edk, ktor\u00e9 ak\u00fdmko\u013evek sp\u00f4sobom menia vizu\u00e1lnu prezent\u00e1ciu alebo vzh\u013ead str\u00e1nky https:\/\/www.sylex.sk. pokia\u013e na to nedostanete predch\u00e1dzaj\u00faci s\u00fahlas a p\u00edsomn\u00e9 povolenie od ofici\u00e1lneho z\u00e1stupcu spolo\u010dnosti Sylex.\" \/>\n<meta property=\"og:url\" content=\"https:\/\/www.sylex.sk\/sk\/zasady-ochrany-osobnych-udajov\/podmienky-pouzivania\/\" \/>\n<meta property=\"og:site_name\" content=\"Sylex\" \/>\n<meta property=\"article:publisher\" content=\"https:\/\/www.facebook.com\/sylex.sk\/\" \/>\n<meta property=\"article:modified_time\" content=\"2024-05-27T15:16:16+00:00\" \/>\n<meta property=\"og:image\" content=\"https:\/\/www.sylex.sk\/wp-content\/uploads\/2024\/01\/sylexlogo.jpeg\" \/>\n\t<meta property=\"og:image:width\" content=\"400\" \/>\n\t<meta property=\"og:image:height\" content=\"400\" \/>\n\t<meta property=\"og:image:type\" content=\"image\/jpeg\" \/>\n<meta name=\"twitter:card\" content=\"summary_large_image\" \/>\n<meta name=\"twitter:site\" content=\"@SYLEX_SK\" \/>\n<meta name=\"twitter:label1\" content=\"Predpokladan\u00fd \u010das \u010d\u00edtania\" \/>\n\t<meta name=\"twitter:data1\" content=\"1 min\u00fata\" \/>\n<script type=\"application\/ld+json\" class=\"yoast-schema-graph\">{\"@context\":\"https:\/\/schema.org\",\"@graph\":[{\"@type\":\"WebPage\",\"@id\":\"https:\/\/www.sylex.sk\/sk\/zasady-ochrany-osobnych-udajov\/podmienky-pouzivania\/\",\"url\":\"https:\/\/www.sylex.sk\/sk\/zasady-ochrany-osobnych-udajov\/podmienky-pouzivania\/\",\"name\":\"Podmienky pou\u017e\u00edvania - Sylex\",\"isPartOf\":{\"@id\":\"https:\/\/wonderful-yonath.136-243-14-103.plesk.page\/#website\"},\"datePublished\":\"2024-05-05T13:47:42+00:00\",\"dateModified\":\"2024-05-27T15:16:16+00:00\",\"breadcrumb\":{\"@id\":\"https:\/\/www.sylex.sk\/sk\/zasady-ochrany-osobnych-udajov\/podmienky-pouzivania\/#breadcrumb\"},\"inLanguage\":\"sk-SK\",\"potentialAction\":[{\"@type\":\"ReadAction\",\"target\":[\"https:\/\/www.sylex.sk\/sk\/zasady-ochrany-osobnych-udajov\/podmienky-pouzivania\/\"]}]},{\"@type\":\"BreadcrumbList\",\"@id\":\"https:\/\/www.sylex.sk\/sk\/zasady-ochrany-osobnych-udajov\/podmienky-pouzivania\/#breadcrumb\",\"itemListElement\":[{\"@type\":\"ListItem\",\"position\":1,\"name\":\"Home\",\"item\":\"https:\/\/www.sylex.sk\/sk\/\"},{\"@type\":\"ListItem\",\"position\":2,\"name\":\"Z\u00e1sady ochrany osobn\u00fdch \u00fadajov\",\"item\":\"https:\/\/www.sylex.sk\/sk\/zasady-ochrany-osobnych-udajov\/\"},{\"@type\":\"ListItem\",\"position\":3,\"name\":\"Podmienky pou\u017e\u00edvania\"}]},{\"@type\":\"WebSite\",\"@id\":\"https:\/\/wonderful-yonath.136-243-14-103.plesk.page\/#website\",\"url\":\"https:\/\/wonderful-yonath.136-243-14-103.plesk.page\/\",\"name\":\"Sylex\",\"description\":\"Fiber Optics\",\"publisher\":{\"@id\":\"https:\/\/wonderful-yonath.136-243-14-103.plesk.page\/#organization\"},\"potentialAction\":[{\"@type\":\"SearchAction\",\"target\":{\"@type\":\"EntryPoint\",\"urlTemplate\":\"https:\/\/wonderful-yonath.136-243-14-103.plesk.page\/?s={search_term_string}\"},\"query-input\":{\"@type\":\"PropertyValueSpecification\",\"valueRequired\":true,\"valueName\":\"search_term_string\"}}],\"inLanguage\":\"sk-SK\"},{\"@type\":\"Organization\",\"@id\":\"https:\/\/wonderful-yonath.136-243-14-103.plesk.page\/#organization\",\"name\":\"Sylex\",\"url\":\"https:\/\/wonderful-yonath.136-243-14-103.plesk.page\/\",\"logo\":{\"@type\":\"ImageObject\",\"inLanguage\":\"sk-SK\",\"@id\":\"https:\/\/wonderful-yonath.136-243-14-103.plesk.page\/#\/schema\/logo\/image\/\",\"url\":\"https:\/\/www.sylex.sk\/wp-content\/uploads\/2024\/04\/logo4-1.png\",\"contentUrl\":\"https:\/\/www.sylex.sk\/wp-content\/uploads\/2024\/04\/logo4-1.png\",\"width\":308,\"height\":100,\"caption\":\"Sylex\"},\"image\":{\"@id\":\"https:\/\/wonderful-yonath.136-243-14-103.plesk.page\/#\/schema\/logo\/image\/\"},\"sameAs\":[\"https:\/\/www.facebook.com\/sylex.sk\/\",\"https:\/\/x.com\/SYLEX_SK\"]}]}<\/script>\n<!-- \/ Yoast SEO plugin. -->","yoast_head_json":{"title":"Podmienky pou\u017e\u00edvania - Sylex","robots":{"index":"index","follow":"follow","max-snippet":"max-snippet:-1","max-image-preview":"max-image-preview:large","max-video-preview":"max-video-preview:-1"},"canonical":"https:\/\/www.sylex.sk\/sk\/zasady-ochrany-osobnych-udajov\/podmienky-pouzivania\/","og_locale":"sk_SK","og_type":"article","og_title":"Podmienky pou\u017e\u00edvania - Sylex","og_description":"Ak nie je uveden\u00e9 inak, spolo\u010dnos\u0165 Sylex, s.r.o. vlastn\u00ed pr\u00e1va du\u0161evn\u00e9ho vlastn\u00edctva na v\u0161etky materi\u00e1ly na webovej str\u00e1nke www.sylex.sk. V\u0161etky pr\u00e1va du\u0161evn\u00e9ho vlastn\u00edctva s\u00fa vyhraden\u00e9. Str\u00e1nky z webovej lokality https:\/\/www.sylex.sk si m\u00f4\u017eete prezera\u0165 a\/alebo tla\u010di\u0165 pre vlastn\u00fa potrebu s v\u00fdhradou obmedzen\u00ed uveden\u00fdch v t\u00fdchto podmienkach. Nesmiete: Znovu publikova\u0165 materi\u00e1l z webovej str\u00e1nky https:\/\/www.sylex.sk, Pred\u00e1va\u0165, prenaj\u00edma\u0165 alebo poskytova\u0165 sublicencie na materi\u00e1l zo str\u00e1nky https:\/\/www.sylex.sk, Reprodukova\u0165, kop\u00edrova\u0165 alebo rozmno\u017eova\u0165 materi\u00e1l z webovej str\u00e1nky https:\/\/www.sylex.sk, Redistrib\u00facia obsahu zo str\u00e1nky https:\/\/www.sylex.sk, Vytv\u00e1ranie r\u00e1mov okolo str\u00e1nok https:\/\/www.sylex.sk alebo pou\u017e\u00edvanie in\u00fdch techn\u00edk, ktor\u00e9 ak\u00fdmko\u013evek sp\u00f4sobom menia vizu\u00e1lnu prezent\u00e1ciu alebo vzh\u013ead str\u00e1nky https:\/\/www.sylex.sk. pokia\u013e na to nedostanete predch\u00e1dzaj\u00faci s\u00fahlas a p\u00edsomn\u00e9 povolenie od ofici\u00e1lneho z\u00e1stupcu spolo\u010dnosti Sylex.","og_url":"https:\/\/www.sylex.sk\/sk\/zasady-ochrany-osobnych-udajov\/podmienky-pouzivania\/","og_site_name":"Sylex","article_publisher":"https:\/\/www.facebook.com\/sylex.sk\/","article_modified_time":"2024-05-27T15:16:16+00:00","og_image":[{"width":400,"height":400,"url":"https:\/\/www.sylex.sk\/wp-content\/uploads\/2024\/01\/sylexlogo.jpeg","type":"image\/jpeg"}],"twitter_card":"summary_large_image","twitter_site":"@SYLEX_SK","twitter_misc":{"Predpokladan\u00fd \u010das \u010d\u00edtania":"1 min\u00fata"},"schema":{"@context":"https:\/\/schema.org","@graph":[{"@type":"WebPage","@id":"https:\/\/www.sylex.sk\/sk\/zasady-ochrany-osobnych-udajov\/podmienky-pouzivania\/","url":"https:\/\/www.sylex.sk\/sk\/zasady-ochrany-osobnych-udajov\/podmienky-pouzivania\/","name":"Podmienky pou\u017e\u00edvania - Sylex","isPartOf":{"@id":"https:\/\/wonderful-yonath.136-243-14-103.plesk.page\/#website"},"datePublished":"2024-05-05T13:47:42+00:00","dateModified":"2024-05-27T15:16:16+00:00","breadcrumb":{"@id":"https:\/\/www.sylex.sk\/sk\/zasady-ochrany-osobnych-udajov\/podmienky-pouzivania\/#breadcrumb"},"inLanguage":"sk-SK","potentialAction":[{"@type":"ReadAction","target":["https:\/\/www.sylex.sk\/sk\/zasady-ochrany-osobnych-udajov\/podmienky-pouzivania\/"]}]},{"@type":"BreadcrumbList","@id":"https:\/\/www.sylex.sk\/sk\/zasady-ochrany-osobnych-udajov\/podmienky-pouzivania\/#breadcrumb","itemListElement":[{"@type":"ListItem","position":1,"name":"Home","item":"https:\/\/www.sylex.sk\/sk\/"},{"@type":"ListItem","position":2,"name":"Z\u00e1sady ochrany osobn\u00fdch \u00fadajov","item":"https:\/\/www.sylex.sk\/sk\/zasady-ochrany-osobnych-udajov\/"},{"@type":"ListItem","position":3,"name":"Podmienky pou\u017e\u00edvania"}]},{"@type":"WebSite","@id":"https:\/\/wonderful-yonath.136-243-14-103.plesk.page\/#website","url":"https:\/\/wonderful-yonath.136-243-14-103.plesk.page\/","name":"Sylex","description":"Fiber Optics","publisher":{"@id":"https:\/\/wonderful-yonath.136-243-14-103.plesk.page\/#organization"},"potentialAction":[{"@type":"SearchAction","target":{"@type":"EntryPoint","urlTemplate":"https:\/\/wonderful-yonath.136-243-14-103.plesk.page\/?s={search_term_string}"},"query-input":{"@type":"PropertyValueSpecification","valueRequired":true,"valueName":"search_term_string"}}],"inLanguage":"sk-SK"},{"@type":"Organization","@id":"https:\/\/wonderful-yonath.136-243-14-103.plesk.page\/#organization","name":"Sylex","url":"https:\/\/wonderful-yonath.136-243-14-103.plesk.page\/","logo":{"@type":"ImageObject","inLanguage":"sk-SK","@id":"https:\/\/wonderful-yonath.136-243-14-103.plesk.page\/#\/schema\/logo\/image\/","url":"https:\/\/www.sylex.sk\/wp-content\/uploads\/2024\/04\/logo4-1.png","contentUrl":"https:\/\/www.sylex.sk\/wp-content\/uploads\/2024\/04\/logo4-1.png","width":308,"height":100,"caption":"Sylex"},"image":{"@id":"https:\/\/wonderful-yonath.136-243-14-103.plesk.page\/#\/schema\/logo\/image\/"},"sameAs":["https:\/\/www.facebook.com\/sylex.sk\/","https:\/\/x.com\/SYLEX_SK"]}]}},"_links":{"self":[{"href":"https:\/\/www.sylex.sk\/sk\/wp-json\/wp\/v2\/pages\/14552","targetHints":{"allow":["GET"]}}],"collection":[{"href":"https:\/\/www.sylex.sk\/sk\/wp-json\/wp\/v2\/pages"}],"about":[{"href":"https:\/\/www.sylex.sk\/sk\/wp-json\/wp\/v2\/types\/page"}],"author":[{"embeddable":true,"href":"https:\/\/www.sylex.sk\/sk\/wp-json\/wp\/v2\/users\/1"}],"replies":[{"embeddable":true,"href":"https:\/\/www.sylex.sk\/sk\/wp-json\/wp\/v2\/comments?post=14552"}],"version-history":[{"count":0,"href":"https:\/\/www.sylex.sk\/sk\/wp-json\/wp\/v2\/pages\/14552\/revisions"}],"up":[{"embeddable":true,"href":"https:\/\/www.sylex.sk\/sk\/wp-json\/wp\/v2\/pages\/14408"}],"wp:attachment":[{"href":"https:\/\/www.sylex.sk\/sk\/wp-json\/wp\/v2\/media?parent=14552"}],"curies":[{"name":"wp","href":"https:\/\/api.w.org\/{rel}","templated":true}]}}