{"id":14556,"date":"2024-05-05T14:49:06","date_gmt":"2024-05-05T13:49:06","guid":{"rendered":"https:\/\/www.sylex.sk\/zasady-ochrany-osobnych-udajov\/nastavenia-suborov-cookie\/"},"modified":"2024-05-27T16:16:16","modified_gmt":"2024-05-27T15:16:16","slug":"nastavenia-suborov-cookie","status":"publish","type":"page","link":"https:\/\/www.sylex.sk\/sk\/zasady-ochrany-osobnych-udajov\/nastavenia-suborov-cookie\/","title":{"rendered":"Nastavenia s\u00faborov cookie"},"content":{"rendered":"\t\t<div data-elementor-type=\"wp-page\" data-elementor-id=\"14556\" class=\"elementor elementor-14556 elementor-9317\" data-elementor-post-type=\"page\">\n\t\t\t\t\t\t<section class=\"elementor-section elementor-top-section elementor-element elementor-element-15d1ac8c elementor-section-boxed elementor-section-height-default elementor-section-height-default\" data-id=\"15d1ac8c\" data-element_type=\"section\" data-e-type=\"section\">\n\t\t\t\t\t\t<div class=\"elementor-container elementor-column-gap-default\">\n\t\t\t\t\t<div class=\"elementor-column elementor-col-100 elementor-top-column elementor-element elementor-element-56f17e67\" data-id=\"56f17e67\" data-element_type=\"column\" data-e-type=\"column\">\n\t\t\t<div class=\"elementor-widget-wrap elementor-element-populated\">\n\t\t\t\t\t\t<div class=\"elementor-element elementor-element-2ddf2fa3 elementor-widget elementor-widget-text-editor\" data-id=\"2ddf2fa3\" data-element_type=\"widget\" data-e-type=\"widget\" data-widget_type=\"text-editor.default\">\n\t\t\t\t<div class=\"elementor-widget-container\">\n\t\t\t\t\t\t\t\t\t<p><\/p>\n<h2 style=\"margin: 0px 0px 5px; padding: 0px; border: 0px #e1e1e1; font-variant-numeric: inherit; font-variant-east-asian: inherit; font-variant-alternates: inherit; font-variant-position: inherit; font-weight: bold; font-stretch: inherit; font-size: 16px; line-height: 20px; font-family: 'open sans', Helvetica, Arial, sans-serif; font-optical-sizing: inherit; font-kerning: inherit; font-feature-settings: inherit; font-variation-settings: inherit; vertical-align: baseline; color: #222222; text-transform: uppercase; letter-spacing: 1px;\">AKO POU\u017d\u00cdVAME S\u00daBORY COOKIE<\/h2>\n<p style=\"margin: 0.85em 0px; padding: 0px; border: 0px #e1e1e1; font-variant-numeric: inherit; font-variant-east-asian: inherit; font-variant-alternates: inherit; font-variant-position: inherit; font-stretch: inherit; font-size: 13px; line-height: inherit; font-family: 'open sans', Helvetica, Arial, sans-serif; font-optical-sizing: inherit; font-kerning: inherit; font-feature-settings: inherit; font-variation-settings: inherit; vertical-align: baseline; color: #666666; text-align: justify;\">M\u00f4\u017eeme po\u017eiada\u0165 o nastavenie s\u00faborov cookie vo va\u0161om zariaden\u00ed. S\u00fabory cookie pou\u017e\u00edvame na to, aby sme vedeli, kedy nav\u0161tevujete na\u0161e webov\u00e9 str\u00e1nky, ako s nami komunikujete, aby sme obohatili va\u0161e pou\u017e\u00edvate\u013esk\u00e9 sk\u00fasenosti a prisp\u00f4sobili v\u00e1\u0161 vz\u0165ah s na\u0161imi webov\u00fdmi str\u00e1nkami.<\/p>\n<p style=\"margin: 0.85em 0px; padding: 0px; border: 0px #e1e1e1; font-variant-numeric: inherit; font-variant-east-asian: inherit; font-variant-alternates: inherit; font-variant-position: inherit; font-stretch: inherit; font-size: 13px; line-height: inherit; font-family: 'open sans', Helvetica, Arial, sans-serif; font-optical-sizing: inherit; font-kerning: inherit; font-feature-settings: inherit; font-variation-settings: inherit; vertical-align: baseline; color: #666666; text-align: justify;\">Kliknut\u00edm na jednotliv\u00e9 nadpisy kateg\u00f3ri\u00ed sa dozviete viac. M\u00f4\u017eete tie\u017e zmeni\u0165 niektor\u00e9 svoje nastavenia. Upozor\u0148ujeme, \u017ee blokovanie niektor\u00fdch typov s\u00faborov cookie m\u00f4\u017ee ma\u0165 vplyv na va\u0161u sk\u00fasenos\u0165 s na\u0161imi webov\u00fdmi str\u00e1nkami a na slu\u017eby, ktor\u00e9 v\u00e1m m\u00f4\u017eeme pon\u00faknu\u0165.<\/p>\n<h2 style=\"margin: 1.5em 0px 5px; padding: 0px; border: 0px #e1e1e1; font-variant-numeric: inherit; font-variant-east-asian: inherit; font-variant-alternates: inherit; font-variant-position: inherit; font-weight: bold; font-stretch: inherit; font-size: 16px; line-height: 20px; font-family: 'open sans', Helvetica, Arial, sans-serif; font-optical-sizing: inherit; font-kerning: inherit; font-feature-settings: inherit; font-variation-settings: inherit; vertical-align: baseline; color: #222222; text-transform: uppercase; letter-spacing: 1px;\">Z\u00c1KLADN\u00c9 WEBOV\u00c9 S\u00daBORY COOKIE<\/h2>\n<p style=\"margin: 0.85em 0px; padding: 0px; border: 0px #e1e1e1; font-variant-numeric: inherit; font-variant-east-asian: inherit; font-variant-alternates: inherit; font-variant-position: inherit; font-stretch: inherit; font-size: 13px; line-height: inherit; font-family: 'open sans', Helvetica, Arial, sans-serif; font-optical-sizing: inherit; font-kerning: inherit; font-feature-settings: inherit; font-variation-settings: inherit; vertical-align: baseline; color: #666666; text-align: justify;\">Tieto s\u00fabory cookie s\u00fa nevyhnutne potrebn\u00e9 na to, aby sme v\u00e1m mohli poskytova\u0165 slu\u017eby dostupn\u00e9 prostredn\u00edctvom na\u0161ej webovej str\u00e1nky a pou\u017e\u00edva\u0165 niektor\u00e9 jej funkcie.<\/p>\n<p style=\"margin: 0.85em 0px; padding: 0px; border: 0px #e1e1e1; font-variant-numeric: inherit; font-variant-east-asian: inherit; font-variant-alternates: inherit; font-variant-position: inherit; font-stretch: inherit; font-size: 13px; line-height: inherit; font-family: 'open sans', Helvetica, Arial, sans-serif; font-optical-sizing: inherit; font-kerning: inherit; font-feature-settings: inherit; font-variation-settings: inherit; vertical-align: baseline; color: #666666; text-align: justify;\">Ke\u010f\u017ee tieto s\u00fabory cookie s\u00fa nevyhnutne potrebn\u00e9 na poskytovanie webovej str\u00e1nky, nem\u00f4\u017eete ich odmietnu\u0165 bez toho, aby to ovplyvnilo fungovanie na\u0161ej str\u00e1nky. M\u00f4\u017eete ich zablokova\u0165 alebo odstr\u00e1ni\u0165 zmenou nastaven\u00ed prehliada\u010da a vyn\u00faten\u00fdm zablokovan\u00edm v\u0161etk\u00fdch s\u00faborov cookie na tejto webovej lokalite.<\/p>\n<h2 style=\"margin: 1.5em 0px 5px; padding: 0px; border: 0px #e1e1e1; font-variant-numeric: inherit; font-variant-east-asian: inherit; font-variant-alternates: inherit; font-variant-position: inherit; font-weight: bold; font-stretch: inherit; font-size: 16px; line-height: 20px; font-family: 'open sans', Helvetica, Arial, sans-serif; font-optical-sizing: inherit; font-kerning: inherit; font-feature-settings: inherit; font-variation-settings: inherit; vertical-align: baseline; color: #222222; text-transform: uppercase; letter-spacing: 1px;\">S\u00daBORY COOKIE SLU\u017dBY GOOGLE ANALYTICS<\/h2>\n<p style=\"margin: 0.85em 0px; padding: 0px; border: 0px #e1e1e1; font-variant-numeric: inherit; font-variant-east-asian: inherit; font-variant-alternates: inherit; font-variant-position: inherit; font-stretch: inherit; font-size: 13px; line-height: inherit; font-family: 'open sans', Helvetica, Arial, sans-serif; font-optical-sizing: inherit; font-kerning: inherit; font-feature-settings: inherit; font-variation-settings: inherit; vertical-align: baseline; color: #666666; text-align: justify;\">Tieto s\u00fabory cookie zhroma\u017e\u010fuj\u00fa inform\u00e1cie, ktor\u00e9 sa pou\u017e\u00edvaj\u00fa bu\u010f v s\u00fahrnnej forme, aby n\u00e1m pomohli pochopi\u0165, ako sa na\u0161a webov\u00e1 lokalita pou\u017e\u00edva alebo ak\u00e1 je \u00fa\u010dinnos\u0165 na\u0161ich marketingov\u00fdch kampan\u00ed, alebo aby n\u00e1m pomohli prisp\u00f4sobi\u0165 na\u0161u webov\u00fa lokalitu a aplik\u00e1ciu pre v\u00e1s s cie\u013eom zlep\u0161i\u0165 va\u0161e sk\u00fasenosti.<\/p>\n<p><\/p>\t\t\t\t\t\t\t\t<\/div>\n\t\t\t\t<\/div>\n\t\t\t\t\t<\/div>\n\t\t<\/div>\n\t\t\t\t\t<\/div>\n\t\t<\/section>\n\t\t\t\t<\/div>\n\t\t","protected":false},"excerpt":{"rendered":"<p>AKO POU\u017d\u00cdVAME S\u00daBORY COOKIE M\u00f4\u017eeme po\u017eiada\u0165 o nastavenie s\u00faborov cookie vo va\u0161om zariaden\u00ed. S\u00fabory cookie pou\u017e\u00edvame na to, aby sme vedeli, kedy nav\u0161tevujete na\u0161e webov\u00e9 str\u00e1nky, ako s nami komunikujete, aby sme obohatili va\u0161e pou\u017e\u00edvate\u013esk\u00e9 sk\u00fasenosti a prisp\u00f4sobili v\u00e1\u0161 vz\u0165ah s na\u0161imi webov\u00fdmi str\u00e1nkami. Kliknut\u00edm na jednotliv\u00e9 nadpisy kateg\u00f3ri\u00ed sa dozviete viac. M\u00f4\u017eete tie\u017e zmeni\u0165 niektor\u00e9 svoje nastavenia. Upozor\u0148ujeme, \u017ee blokovanie niektor\u00fdch typov s\u00faborov cookie m\u00f4\u017ee ma\u0165 vplyv na va\u0161u sk\u00fasenos\u0165 s na\u0161imi webov\u00fdmi str\u00e1nkami a na slu\u017eby, ktor\u00e9 v\u00e1m m\u00f4\u017eeme pon\u00faknu\u0165. Z\u00c1KLADN\u00c9 WEBOV\u00c9 S\u00daBORY COOKIE Tieto s\u00fabory cookie s\u00fa nevyhnutne potrebn\u00e9 na to, aby sme v\u00e1m mohli poskytova\u0165 slu\u017eby dostupn\u00e9 prostredn\u00edctvom na\u0161ej webovej str\u00e1nky a pou\u017e\u00edva\u0165 niektor\u00e9 jej funkcie. Ke\u010f\u017ee tieto s\u00fabory cookie s\u00fa nevyhnutne potrebn\u00e9 na poskytovanie webovej str\u00e1nky, nem\u00f4\u017eete ich odmietnu\u0165 bez toho, aby to ovplyvnilo fungovanie na\u0161ej str\u00e1nky. M\u00f4\u017eete ich zablokova\u0165 alebo odstr\u00e1ni\u0165 zmenou nastaven\u00ed prehliada\u010da a vyn\u00faten\u00fdm zablokovan\u00edm v\u0161etk\u00fdch s\u00faborov cookie na tejto webovej lokalite. S\u00daBORY COOKIE SLU\u017dBY GOOGLE ANALYTICS Tieto s\u00fabory cookie zhroma\u017e\u010fuj\u00fa inform\u00e1cie, ktor\u00e9 sa pou\u017e\u00edvaj\u00fa bu\u010f v s\u00fahrnnej forme, aby n\u00e1m pomohli pochopi\u0165, ako sa na\u0161a webov\u00e1 lokalita pou\u017e\u00edva alebo ak\u00e1 je \u00fa\u010dinnos\u0165 na\u0161ich marketingov\u00fdch kampan\u00ed, alebo aby n\u00e1m pomohli prisp\u00f4sobi\u0165 na\u0161u webov\u00fa lokalitu a aplik\u00e1ciu pre v\u00e1s s cie\u013eom zlep\u0161i\u0165 va\u0161e sk\u00fasenosti.<\/p>\n","protected":false},"author":1,"featured_media":0,"parent":14408,"menu_order":0,"comment_status":"closed","ping_status":"closed","template":"","meta":{"_acf_changed":false,"footnotes":""},"class_list":["post-14556","page","type-page","status-publish","hentry"],"acf":[],"yoast_head":"<!-- This site is optimized with the Yoast SEO plugin v27.0 - https:\/\/yoast.com\/product\/yoast-seo-wordpress\/ -->\n<title>Nastavenia s\u00faborov cookie - Sylex<\/title>\n<meta name=\"robots\" content=\"index, follow, max-snippet:-1, max-image-preview:large, max-video-preview:-1\" \/>\n<link rel=\"canonical\" href=\"https:\/\/www.sylex.sk\/sk\/zasady-ochrany-osobnych-udajov\/nastavenia-suborov-cookie\/\" \/>\n<meta property=\"og:locale\" content=\"sk_SK\" \/>\n<meta property=\"og:type\" content=\"article\" \/>\n<meta property=\"og:title\" content=\"Nastavenia s\u00faborov cookie - Sylex\" \/>\n<meta property=\"og:description\" content=\"AKO POU\u017d\u00cdVAME S\u00daBORY COOKIE M\u00f4\u017eeme po\u017eiada\u0165 o nastavenie s\u00faborov cookie vo va\u0161om zariaden\u00ed. S\u00fabory cookie pou\u017e\u00edvame na to, aby sme vedeli, kedy nav\u0161tevujete na\u0161e webov\u00e9 str\u00e1nky, ako s nami komunikujete, aby sme obohatili va\u0161e pou\u017e\u00edvate\u013esk\u00e9 sk\u00fasenosti a prisp\u00f4sobili v\u00e1\u0161 vz\u0165ah s na\u0161imi webov\u00fdmi str\u00e1nkami. Kliknut\u00edm na jednotliv\u00e9 nadpisy kateg\u00f3ri\u00ed sa dozviete viac. M\u00f4\u017eete tie\u017e zmeni\u0165 niektor\u00e9 svoje nastavenia. Upozor\u0148ujeme, \u017ee blokovanie niektor\u00fdch typov s\u00faborov cookie m\u00f4\u017ee ma\u0165 vplyv na va\u0161u sk\u00fasenos\u0165 s na\u0161imi webov\u00fdmi str\u00e1nkami a na slu\u017eby, ktor\u00e9 v\u00e1m m\u00f4\u017eeme pon\u00faknu\u0165. Z\u00c1KLADN\u00c9 WEBOV\u00c9 S\u00daBORY COOKIE Tieto s\u00fabory cookie s\u00fa nevyhnutne potrebn\u00e9 na to, aby sme v\u00e1m mohli poskytova\u0165 slu\u017eby dostupn\u00e9 prostredn\u00edctvom na\u0161ej webovej str\u00e1nky a pou\u017e\u00edva\u0165 niektor\u00e9 jej funkcie. Ke\u010f\u017ee tieto s\u00fabory cookie s\u00fa nevyhnutne potrebn\u00e9 na poskytovanie webovej str\u00e1nky, nem\u00f4\u017eete ich odmietnu\u0165 bez toho, aby to ovplyvnilo fungovanie na\u0161ej str\u00e1nky. M\u00f4\u017eete ich zablokova\u0165 alebo odstr\u00e1ni\u0165 zmenou nastaven\u00ed prehliada\u010da a vyn\u00faten\u00fdm zablokovan\u00edm v\u0161etk\u00fdch s\u00faborov cookie na tejto webovej lokalite. S\u00daBORY COOKIE SLU\u017dBY GOOGLE ANALYTICS Tieto s\u00fabory cookie zhroma\u017e\u010fuj\u00fa inform\u00e1cie, ktor\u00e9 sa pou\u017e\u00edvaj\u00fa bu\u010f v s\u00fahrnnej forme, aby n\u00e1m pomohli pochopi\u0165, ako sa na\u0161a webov\u00e1 lokalita pou\u017e\u00edva alebo ak\u00e1 je \u00fa\u010dinnos\u0165 na\u0161ich marketingov\u00fdch kampan\u00ed, alebo aby n\u00e1m pomohli prisp\u00f4sobi\u0165 na\u0161u webov\u00fa lokalitu a aplik\u00e1ciu pre v\u00e1s s cie\u013eom zlep\u0161i\u0165 va\u0161e sk\u00fasenosti.\" \/>\n<meta property=\"og:url\" content=\"https:\/\/www.sylex.sk\/sk\/zasady-ochrany-osobnych-udajov\/nastavenia-suborov-cookie\/\" \/>\n<meta property=\"og:site_name\" content=\"Sylex\" \/>\n<meta property=\"article:publisher\" content=\"https:\/\/www.facebook.com\/sylex.sk\/\" \/>\n<meta property=\"article:modified_time\" content=\"2024-05-27T15:16:16+00:00\" \/>\n<meta property=\"og:image\" content=\"https:\/\/www.sylex.sk\/wp-content\/uploads\/2024\/01\/sylexlogo.jpeg\" \/>\n\t<meta property=\"og:image:width\" content=\"400\" \/>\n\t<meta property=\"og:image:height\" content=\"400\" \/>\n\t<meta property=\"og:image:type\" content=\"image\/jpeg\" \/>\n<meta name=\"twitter:card\" content=\"summary_large_image\" \/>\n<meta name=\"twitter:site\" content=\"@SYLEX_SK\" \/>\n<meta name=\"twitter:label1\" content=\"Predpokladan\u00fd \u010das \u010d\u00edtania\" \/>\n\t<meta name=\"twitter:data1\" content=\"1 min\u00fata\" \/>\n<script type=\"application\/ld+json\" class=\"yoast-schema-graph\">{\"@context\":\"https:\/\/schema.org\",\"@graph\":[{\"@type\":\"WebPage\",\"@id\":\"https:\/\/www.sylex.sk\/sk\/zasady-ochrany-osobnych-udajov\/nastavenia-suborov-cookie\/\",\"url\":\"https:\/\/www.sylex.sk\/sk\/zasady-ochrany-osobnych-udajov\/nastavenia-suborov-cookie\/\",\"name\":\"Nastavenia s\u00faborov cookie - Sylex\",\"isPartOf\":{\"@id\":\"https:\/\/wonderful-yonath.136-243-14-103.plesk.page\/#website\"},\"datePublished\":\"2024-05-05T13:49:06+00:00\",\"dateModified\":\"2024-05-27T15:16:16+00:00\",\"breadcrumb\":{\"@id\":\"https:\/\/www.sylex.sk\/sk\/zasady-ochrany-osobnych-udajov\/nastavenia-suborov-cookie\/#breadcrumb\"},\"inLanguage\":\"sk-SK\",\"potentialAction\":[{\"@type\":\"ReadAction\",\"target\":[\"https:\/\/www.sylex.sk\/sk\/zasady-ochrany-osobnych-udajov\/nastavenia-suborov-cookie\/\"]}]},{\"@type\":\"BreadcrumbList\",\"@id\":\"https:\/\/www.sylex.sk\/sk\/zasady-ochrany-osobnych-udajov\/nastavenia-suborov-cookie\/#breadcrumb\",\"itemListElement\":[{\"@type\":\"ListItem\",\"position\":1,\"name\":\"Home\",\"item\":\"https:\/\/www.sylex.sk\/sk\/\"},{\"@type\":\"ListItem\",\"position\":2,\"name\":\"Z\u00e1sady ochrany osobn\u00fdch \u00fadajov\",\"item\":\"https:\/\/www.sylex.sk\/sk\/zasady-ochrany-osobnych-udajov\/\"},{\"@type\":\"ListItem\",\"position\":3,\"name\":\"Nastavenia s\u00faborov cookie\"}]},{\"@type\":\"WebSite\",\"@id\":\"https:\/\/wonderful-yonath.136-243-14-103.plesk.page\/#website\",\"url\":\"https:\/\/wonderful-yonath.136-243-14-103.plesk.page\/\",\"name\":\"Sylex\",\"description\":\"Fiber Optics\",\"publisher\":{\"@id\":\"https:\/\/wonderful-yonath.136-243-14-103.plesk.page\/#organization\"},\"potentialAction\":[{\"@type\":\"SearchAction\",\"target\":{\"@type\":\"EntryPoint\",\"urlTemplate\":\"https:\/\/wonderful-yonath.136-243-14-103.plesk.page\/?s={search_term_string}\"},\"query-input\":{\"@type\":\"PropertyValueSpecification\",\"valueRequired\":true,\"valueName\":\"search_term_string\"}}],\"inLanguage\":\"sk-SK\"},{\"@type\":\"Organization\",\"@id\":\"https:\/\/wonderful-yonath.136-243-14-103.plesk.page\/#organization\",\"name\":\"Sylex\",\"url\":\"https:\/\/wonderful-yonath.136-243-14-103.plesk.page\/\",\"logo\":{\"@type\":\"ImageObject\",\"inLanguage\":\"sk-SK\",\"@id\":\"https:\/\/wonderful-yonath.136-243-14-103.plesk.page\/#\/schema\/logo\/image\/\",\"url\":\"https:\/\/www.sylex.sk\/wp-content\/uploads\/2024\/04\/logo4-1.png\",\"contentUrl\":\"https:\/\/www.sylex.sk\/wp-content\/uploads\/2024\/04\/logo4-1.png\",\"width\":308,\"height\":100,\"caption\":\"Sylex\"},\"image\":{\"@id\":\"https:\/\/wonderful-yonath.136-243-14-103.plesk.page\/#\/schema\/logo\/image\/\"},\"sameAs\":[\"https:\/\/www.facebook.com\/sylex.sk\/\",\"https:\/\/x.com\/SYLEX_SK\"]}]}<\/script>\n<!-- \/ Yoast SEO plugin. -->","yoast_head_json":{"title":"Nastavenia s\u00faborov cookie - Sylex","robots":{"index":"index","follow":"follow","max-snippet":"max-snippet:-1","max-image-preview":"max-image-preview:large","max-video-preview":"max-video-preview:-1"},"canonical":"https:\/\/www.sylex.sk\/sk\/zasady-ochrany-osobnych-udajov\/nastavenia-suborov-cookie\/","og_locale":"sk_SK","og_type":"article","og_title":"Nastavenia s\u00faborov cookie - Sylex","og_description":"AKO POU\u017d\u00cdVAME S\u00daBORY COOKIE M\u00f4\u017eeme po\u017eiada\u0165 o nastavenie s\u00faborov cookie vo va\u0161om zariaden\u00ed. S\u00fabory cookie pou\u017e\u00edvame na to, aby sme vedeli, kedy nav\u0161tevujete na\u0161e webov\u00e9 str\u00e1nky, ako s nami komunikujete, aby sme obohatili va\u0161e pou\u017e\u00edvate\u013esk\u00e9 sk\u00fasenosti a prisp\u00f4sobili v\u00e1\u0161 vz\u0165ah s na\u0161imi webov\u00fdmi str\u00e1nkami. Kliknut\u00edm na jednotliv\u00e9 nadpisy kateg\u00f3ri\u00ed sa dozviete viac. M\u00f4\u017eete tie\u017e zmeni\u0165 niektor\u00e9 svoje nastavenia. Upozor\u0148ujeme, \u017ee blokovanie niektor\u00fdch typov s\u00faborov cookie m\u00f4\u017ee ma\u0165 vplyv na va\u0161u sk\u00fasenos\u0165 s na\u0161imi webov\u00fdmi str\u00e1nkami a na slu\u017eby, ktor\u00e9 v\u00e1m m\u00f4\u017eeme pon\u00faknu\u0165. Z\u00c1KLADN\u00c9 WEBOV\u00c9 S\u00daBORY COOKIE Tieto s\u00fabory cookie s\u00fa nevyhnutne potrebn\u00e9 na to, aby sme v\u00e1m mohli poskytova\u0165 slu\u017eby dostupn\u00e9 prostredn\u00edctvom na\u0161ej webovej str\u00e1nky a pou\u017e\u00edva\u0165 niektor\u00e9 jej funkcie. Ke\u010f\u017ee tieto s\u00fabory cookie s\u00fa nevyhnutne potrebn\u00e9 na poskytovanie webovej str\u00e1nky, nem\u00f4\u017eete ich odmietnu\u0165 bez toho, aby to ovplyvnilo fungovanie na\u0161ej str\u00e1nky. M\u00f4\u017eete ich zablokova\u0165 alebo odstr\u00e1ni\u0165 zmenou nastaven\u00ed prehliada\u010da a vyn\u00faten\u00fdm zablokovan\u00edm v\u0161etk\u00fdch s\u00faborov cookie na tejto webovej lokalite. S\u00daBORY COOKIE SLU\u017dBY GOOGLE ANALYTICS Tieto s\u00fabory cookie zhroma\u017e\u010fuj\u00fa inform\u00e1cie, ktor\u00e9 sa pou\u017e\u00edvaj\u00fa bu\u010f v s\u00fahrnnej forme, aby n\u00e1m pomohli pochopi\u0165, ako sa na\u0161a webov\u00e1 lokalita pou\u017e\u00edva alebo ak\u00e1 je \u00fa\u010dinnos\u0165 na\u0161ich marketingov\u00fdch kampan\u00ed, alebo aby n\u00e1m pomohli prisp\u00f4sobi\u0165 na\u0161u webov\u00fa lokalitu a aplik\u00e1ciu pre v\u00e1s s cie\u013eom zlep\u0161i\u0165 va\u0161e sk\u00fasenosti.","og_url":"https:\/\/www.sylex.sk\/sk\/zasady-ochrany-osobnych-udajov\/nastavenia-suborov-cookie\/","og_site_name":"Sylex","article_publisher":"https:\/\/www.facebook.com\/sylex.sk\/","article_modified_time":"2024-05-27T15:16:16+00:00","og_image":[{"width":400,"height":400,"url":"https:\/\/www.sylex.sk\/wp-content\/uploads\/2024\/01\/sylexlogo.jpeg","type":"image\/jpeg"}],"twitter_card":"summary_large_image","twitter_site":"@SYLEX_SK","twitter_misc":{"Predpokladan\u00fd \u010das \u010d\u00edtania":"1 min\u00fata"},"schema":{"@context":"https:\/\/schema.org","@graph":[{"@type":"WebPage","@id":"https:\/\/www.sylex.sk\/sk\/zasady-ochrany-osobnych-udajov\/nastavenia-suborov-cookie\/","url":"https:\/\/www.sylex.sk\/sk\/zasady-ochrany-osobnych-udajov\/nastavenia-suborov-cookie\/","name":"Nastavenia s\u00faborov cookie - Sylex","isPartOf":{"@id":"https:\/\/wonderful-yonath.136-243-14-103.plesk.page\/#website"},"datePublished":"2024-05-05T13:49:06+00:00","dateModified":"2024-05-27T15:16:16+00:00","breadcrumb":{"@id":"https:\/\/www.sylex.sk\/sk\/zasady-ochrany-osobnych-udajov\/nastavenia-suborov-cookie\/#breadcrumb"},"inLanguage":"sk-SK","potentialAction":[{"@type":"ReadAction","target":["https:\/\/www.sylex.sk\/sk\/zasady-ochrany-osobnych-udajov\/nastavenia-suborov-cookie\/"]}]},{"@type":"BreadcrumbList","@id":"https:\/\/www.sylex.sk\/sk\/zasady-ochrany-osobnych-udajov\/nastavenia-suborov-cookie\/#breadcrumb","itemListElement":[{"@type":"ListItem","position":1,"name":"Home","item":"https:\/\/www.sylex.sk\/sk\/"},{"@type":"ListItem","position":2,"name":"Z\u00e1sady ochrany osobn\u00fdch \u00fadajov","item":"https:\/\/www.sylex.sk\/sk\/zasady-ochrany-osobnych-udajov\/"},{"@type":"ListItem","position":3,"name":"Nastavenia s\u00faborov cookie"}]},{"@type":"WebSite","@id":"https:\/\/wonderful-yonath.136-243-14-103.plesk.page\/#website","url":"https:\/\/wonderful-yonath.136-243-14-103.plesk.page\/","name":"Sylex","description":"Fiber Optics","publisher":{"@id":"https:\/\/wonderful-yonath.136-243-14-103.plesk.page\/#organization"},"potentialAction":[{"@type":"SearchAction","target":{"@type":"EntryPoint","urlTemplate":"https:\/\/wonderful-yonath.136-243-14-103.plesk.page\/?s={search_term_string}"},"query-input":{"@type":"PropertyValueSpecification","valueRequired":true,"valueName":"search_term_string"}}],"inLanguage":"sk-SK"},{"@type":"Organization","@id":"https:\/\/wonderful-yonath.136-243-14-103.plesk.page\/#organization","name":"Sylex","url":"https:\/\/wonderful-yonath.136-243-14-103.plesk.page\/","logo":{"@type":"ImageObject","inLanguage":"sk-SK","@id":"https:\/\/wonderful-yonath.136-243-14-103.plesk.page\/#\/schema\/logo\/image\/","url":"https:\/\/www.sylex.sk\/wp-content\/uploads\/2024\/04\/logo4-1.png","contentUrl":"https:\/\/www.sylex.sk\/wp-content\/uploads\/2024\/04\/logo4-1.png","width":308,"height":100,"caption":"Sylex"},"image":{"@id":"https:\/\/wonderful-yonath.136-243-14-103.plesk.page\/#\/schema\/logo\/image\/"},"sameAs":["https:\/\/www.facebook.com\/sylex.sk\/","https:\/\/x.com\/SYLEX_SK"]}]}},"_links":{"self":[{"href":"https:\/\/www.sylex.sk\/sk\/wp-json\/wp\/v2\/pages\/14556","targetHints":{"allow":["GET"]}}],"collection":[{"href":"https:\/\/www.sylex.sk\/sk\/wp-json\/wp\/v2\/pages"}],"about":[{"href":"https:\/\/www.sylex.sk\/sk\/wp-json\/wp\/v2\/types\/page"}],"author":[{"embeddable":true,"href":"https:\/\/www.sylex.sk\/sk\/wp-json\/wp\/v2\/users\/1"}],"replies":[{"embeddable":true,"href":"https:\/\/www.sylex.sk\/sk\/wp-json\/wp\/v2\/comments?post=14556"}],"version-history":[{"count":0,"href":"https:\/\/www.sylex.sk\/sk\/wp-json\/wp\/v2\/pages\/14556\/revisions"}],"up":[{"embeddable":true,"href":"https:\/\/www.sylex.sk\/sk\/wp-json\/wp\/v2\/pages\/14408"}],"wp:attachment":[{"href":"https:\/\/www.sylex.sk\/sk\/wp-json\/wp\/v2\/media?parent=14556"}],"curies":[{"name":"wp","href":"https:\/\/api.w.org\/{rel}","templated":true}]}}