{"id":14568,"date":"2024-05-07T06:50:04","date_gmt":"2024-05-07T05:50:04","guid":{"rendered":"https:\/\/www.sylex.sk\/snimacie-systemy\/schema-pripojenia\/"},"modified":"2024-05-27T16:16:16","modified_gmt":"2024-05-27T15:16:16","slug":"schema-pripojenia","status":"publish","type":"page","link":"https:\/\/www.sylex.sk\/sk\/snimacie-systemy\/schema-pripojenia\/","title":{"rendered":"Sch\u00e9ma pripojenia"},"content":{"rendered":"\t\t<div data-elementor-type=\"wp-page\" data-elementor-id=\"14568\" class=\"elementor elementor-14568 elementor-9693\" data-elementor-post-type=\"page\">\n\t\t\t\t\t\t<section class=\"elementor-section elementor-top-section elementor-element elementor-element-223dcdb elementor-section-boxed elementor-section-height-default elementor-section-height-default\" data-id=\"223dcdb\" data-element_type=\"section\" data-e-type=\"section\">\n\t\t\t\t\t\t<div class=\"elementor-container elementor-column-gap-default\">\n\t\t\t\t\t<div class=\"elementor-column elementor-col-100 elementor-top-column elementor-element elementor-element-4829eb0\" data-id=\"4829eb0\" data-element_type=\"column\" data-e-type=\"column\">\n\t\t\t<div class=\"elementor-widget-wrap elementor-element-populated\">\n\t\t\t\t\t\t<div class=\"elementor-element elementor-element-4664cb2 elementor-widget elementor-widget-text-editor\" data-id=\"4664cb2\" data-element_type=\"widget\" data-e-type=\"widget\" data-widget_type=\"text-editor.default\">\n\t\t\t\t<div class=\"elementor-widget-container\">\n\t\t\t\t\t\t\t\t\t<p>Sch\u00e9ma zapojenia pre optick\u00e9 sn\u00edma\u010de zvy\u010dajne zn\u00e1zor\u0148uje r\u00f4zne komponenty, ktor\u00e9 sa podie\u013eaj\u00fa na nastaven\u00ed a vyu\u017e\u00edvan\u00ed optick\u00fdch sn\u00edma\u010dov. Tento diagram zvy\u010dajne obsahuje:<\/p>\n<ol>\n<li>\n<p><strong>Senzor s optick\u00fdmi vl\u00e1knami<\/strong>: Centr\u00e1lny komponent, ktor\u00fd detekuje zmeny intenzity svetla alebo in\u00fdch parametrov pozd\u013a\u017e optick\u00e9ho vl\u00e1kna.<\/p>\n<\/li>\n<li>\n<p><strong>Zdroj svetla<\/strong>: Zdroj svetla, \u010dasto laser alebo LED, ktor\u00fd vy\u017earuje svetlo do optick\u00e9ho vl\u00e1kna.<\/p>\n<\/li>\n<li>\n<p><strong>Optick\u00e9 vl\u00e1kno<\/strong>: Optick\u00e9 vl\u00e1kno: m\u00e9dium, ktor\u00fdm svetlo prech\u00e1dza od zdroja svetla k optick\u00e9mu senzoru. Zvy\u010dajne ide o tenk\u00e9, pru\u017en\u00e9, prieh\u013eadn\u00e9 vl\u00e1kno vyroben\u00e9 zo skla alebo plastu.<\/p>\n<\/li>\n<li>\n<p><strong>Detektor<\/strong>: Tento komponent prij\u00edma svetlo z optick\u00e9ho senzora a meria jeho intenzitu alebo in\u00e9 charakteristiky. M\u00f4\u017ee to by\u0165 fotodi\u00f3da alebo in\u00e9 zariadenie citliv\u00e9 na svetlo.<\/p>\n<\/li>\n<li>\n<p><strong>Jednotka na spracovanie sign\u00e1lu \/ <\/strong><span style=\"font-weight: bolder; background-color: transparent; color: var( --e-global-color-secondary );\">Interrog\u00e1tor<\/span><span style=\"background-color: transparent; color: var( --e-global-color-secondary );\">: Jednotka, ktor\u00e1 spracov\u00e1va \u00fadaje prijat\u00e9 z detektora a \u010dasto ich prev\u00e1dza do podoby pou\u017eite\u013enej na zobrazenie alebo \u010fal\u0161iu anal\u00fdzu.<\/span><\/p>\n<\/li>\n<li>\n<p><strong>Riadiaca jednotka<\/strong>: T\u00e1to jednotka, ktor\u00e1 je niekedy s\u00fa\u010das\u0165ou dod\u00e1vky, reguluje prev\u00e1dzku zdroja svetla, detektora a jednotky na spracovanie sign\u00e1lu.<\/p>\n<\/li>\n<li>\n<p><strong>Nap\u00e1janie<\/strong>: Dod\u00e1va elektrick\u00fa energiu r\u00f4znym komponentom syst\u00e9mu.<\/p>\n<\/li>\n<\/ol>\n<p>Sch\u00e9ma zvy\u010dajne zn\u00e1zor\u0148uje, ako s\u00fa tieto komponenty prepojen\u00e9 pomocou optick\u00fdch vl\u00e1kien a elektrick\u00fdch k\u00e1blov, pri\u010dom nazna\u010duje tok svetla a \u00fadajov v syst\u00e9me. M\u00f4\u017ee tie\u017e obsahova\u0165 \u0161t\u00edtky a pozn\u00e1mky na objasnenie funkcie jednotliv\u00fdch komponentov a smeru toku sign\u00e1lu.<\/p>\n\t\t\t\t\t\t\t\t<\/div>\n\t\t\t\t<\/div>\n\t\t\t\t\t<\/div>\n\t\t<\/div>\n\t\t\t\t\t<\/div>\n\t\t<\/section>\n\t\t\t\t<section class=\"elementor-section elementor-top-section elementor-element elementor-element-fdf526b elementor-section-boxed elementor-section-height-default elementor-section-height-default\" data-id=\"fdf526b\" data-element_type=\"section\" data-e-type=\"section\">\n\t\t\t\t\t\t<div class=\"elementor-container elementor-column-gap-default\">\n\t\t\t\t\t<div class=\"elementor-column elementor-col-100 elementor-top-column elementor-element elementor-element-2f9b8d2\" data-id=\"2f9b8d2\" data-element_type=\"column\" data-e-type=\"column\">\n\t\t\t<div class=\"elementor-widget-wrap elementor-element-populated\">\n\t\t\t\t\t\t<div class=\"elementor-element elementor-element-4f9e37b elementor-widget elementor-widget-image\" data-id=\"4f9e37b\" data-element_type=\"widget\" data-e-type=\"widget\" data-widget_type=\"image.default\">\n\t\t\t\t<div class=\"elementor-widget-container\">\n\t\t\t\t\t\t\t\t\t\t\t\t\t\t\t\t<a href=\"https:\/\/www.sylex.sk\/wp-content\/uploads\/2024\/05\/FBG-monitoring-system-connection-possibilities.png\" data-elementor-open-lightbox=\"yes\" data-elementor-lightbox-title=\"Mo\u017enosti pripojenia syst\u00e9mu monitorovania FBG\" data-e-action-hash=\"#elementor-action%3Aaction%3Dlightbox%26settings%3DeyJpZCI6MTE5NTIsInVybCI6Imh0dHBzOlwvXC93d3cuc3lsZXguc2tcL3dwLWNvbnRlbnRcL3VwbG9hZHNcLzIwMjRcLzA1XC9GQkctbW9uaXRvcmluZy1zeXN0ZW0tY29ubmVjdGlvbi1wb3NzaWJpbGl0aWVzLnBuZyJ9\">\n\t\t\t\t\t\t\t<img fetchpriority=\"high\" decoding=\"async\" width=\"800\" height=\"564\" src=\"https:\/\/www.sylex.sk\/wp-content\/uploads\/2024\/05\/FBG-monitoring-system-connection-possibilities-1024x722.png\" class=\"attachment-large size-large wp-image-11952\" alt=\"\" srcset=\"https:\/\/www.sylex.sk\/wp-content\/uploads\/2024\/05\/FBG-monitoring-system-connection-possibilities-1024x722.png 1024w, https:\/\/www.sylex.sk\/wp-content\/uploads\/2024\/05\/FBG-monitoring-system-connection-possibilities-300x211.png 300w, https:\/\/www.sylex.sk\/wp-content\/uploads\/2024\/05\/FBG-monitoring-system-connection-possibilities-768x541.png 768w, https:\/\/www.sylex.sk\/wp-content\/uploads\/2024\/05\/FBG-monitoring-system-connection-possibilities-1536x1082.png 1536w, https:\/\/www.sylex.sk\/wp-content\/uploads\/2024\/05\/FBG-monitoring-system-connection-possibilities-2048x1443.png 2048w, https:\/\/www.sylex.sk\/wp-content\/uploads\/2024\/05\/FBG-monitoring-system-connection-possibilities-600x423.png 600w\" sizes=\"(max-width: 800px) 100vw, 800px\" \/>\t\t\t\t\t\t\t\t<\/a>\n\t\t\t\t\t\t\t\t\t\t\t\t\t\t\t<\/div>\n\t\t\t\t<\/div>\n\t\t\t\t\t<\/div>\n\t\t<\/div>\n\t\t\t\t\t<\/div>\n\t\t<\/section>\n\t\t\t\t<section class=\"elementor-section elementor-top-section elementor-element elementor-element-7ce02a9 elementor-section-boxed elementor-section-height-default elementor-section-height-default\" data-id=\"7ce02a9\" data-element_type=\"section\" data-e-type=\"section\">\n\t\t\t\t\t\t<div class=\"elementor-container elementor-column-gap-default\">\n\t\t\t\t\t<div class=\"elementor-column elementor-col-100 elementor-top-column elementor-element elementor-element-9d08b2f\" data-id=\"9d08b2f\" data-element_type=\"column\" data-e-type=\"column\">\n\t\t\t<div class=\"elementor-widget-wrap elementor-element-populated\">\n\t\t\t\t\t\t<div class=\"elementor-element elementor-element-970660e elementor-align-center elementor-widget elementor-widget-button\" data-id=\"970660e\" data-element_type=\"widget\" data-e-type=\"widget\" data-widget_type=\"button.default\">\n\t\t\t\t<div class=\"elementor-widget-container\">\n\t\t\t\t\t\t\t\t\t<div class=\"elementor-button-wrapper\">\n\t\t\t\t\t<a class=\"elementor-button elementor-button-link elementor-size-sm\" href=\"https:\/\/wonderful-yonath.136-243-14-103.plesk.page\/downloads\/FOS\/others\/FBG-monitoring-system-connection-possibilities.pdf\" target=\"_blank\">\n\t\t\t\t\t\t<span class=\"elementor-button-content-wrapper\">\n\t\t\t\t\t\t<span class=\"elementor-button-icon\">\n\t\t\t\t<i aria-hidden=\"true\" class=\"far fa-file-pdf\"><\/i>\t\t\t<\/span>\n\t\t\t\t\t\t\t\t\t<span class=\"elementor-button-text\">Otvori\u0165 verziu PDF<\/span>\n\t\t\t\t\t<\/span>\n\t\t\t\t\t<\/a>\n\t\t\t\t<\/div>\n\t\t\t\t\t\t\t\t<\/div>\n\t\t\t\t<\/div>\n\t\t\t\t\t<\/div>\n\t\t<\/div>\n\t\t\t\t\t<\/div>\n\t\t<\/section>\n\t\t\t\t<\/div>\n\t\t","protected":false},"excerpt":{"rendered":"<p>Sch\u00e9ma zapojenia pre optick\u00e9 sn\u00edma\u010de zvy\u010dajne zn\u00e1zor\u0148uje r\u00f4zne komponenty, ktor\u00e9 sa podie\u013eaj\u00fa na nastaven\u00ed a vyu\u017e\u00edvan\u00ed optick\u00fdch sn\u00edma\u010dov. Tento diagram zvy\u010dajne obsahuje: Senzor s optick\u00fdmi vl\u00e1knami: Centr\u00e1lny komponent, ktor\u00fd detekuje zmeny intenzity svetla alebo in\u00fdch parametrov pozd\u013a\u017e optick\u00e9ho vl\u00e1kna. Zdroj svetla: Zdroj svetla, \u010dasto laser alebo LED, ktor\u00fd vy\u017earuje svetlo do optick\u00e9ho vl\u00e1kna. Optick\u00e9 vl\u00e1kno: Optick\u00e9 vl\u00e1kno: m\u00e9dium, ktor\u00fdm svetlo prech\u00e1dza od zdroja svetla k optick\u00e9mu senzoru. Zvy\u010dajne ide o tenk\u00e9, pru\u017en\u00e9, prieh\u013eadn\u00e9 vl\u00e1kno vyroben\u00e9 zo skla alebo plastu. Detektor: Tento komponent prij\u00edma svetlo z optick\u00e9ho senzora a meria jeho intenzitu alebo in\u00e9 charakteristiky. M\u00f4\u017ee to by\u0165 fotodi\u00f3da alebo in\u00e9 zariadenie citliv\u00e9 na svetlo. Jednotka na spracovanie sign\u00e1lu \/ Interrog\u00e1tor: Jednotka, ktor\u00e1 spracov\u00e1va \u00fadaje prijat\u00e9 z detektora a \u010dasto ich prev\u00e1dza do podoby pou\u017eite\u013enej na zobrazenie alebo \u010fal\u0161iu anal\u00fdzu. Riadiaca jednotka: T\u00e1to jednotka, ktor\u00e1 je niekedy s\u00fa\u010das\u0165ou dod\u00e1vky, reguluje prev\u00e1dzku zdroja svetla, detektora a jednotky na spracovanie sign\u00e1lu. Nap\u00e1janie: Dod\u00e1va elektrick\u00fa energiu r\u00f4znym komponentom syst\u00e9mu. Sch\u00e9ma zvy\u010dajne zn\u00e1zor\u0148uje, ako s\u00fa tieto komponenty prepojen\u00e9 pomocou optick\u00fdch vl\u00e1kien a elektrick\u00fdch k\u00e1blov, pri\u010dom nazna\u010duje tok svetla a \u00fadajov v syst\u00e9me. M\u00f4\u017ee tie\u017e obsahova\u0165 \u0161t\u00edtky a pozn\u00e1mky na objasnenie funkcie jednotliv\u00fdch komponentov a smeru toku sign\u00e1lu. Otvori\u0165 verziu PDF<\/p>\n","protected":false},"author":3,"featured_media":11951,"parent":14440,"menu_order":0,"comment_status":"closed","ping_status":"closed","template":"","meta":{"_acf_changed":false,"footnotes":""},"class_list":["post-14568","page","type-page","status-publish","has-post-thumbnail","hentry"],"acf":[],"yoast_head":"<!-- This site is optimized with the Yoast SEO plugin v27.0 - https:\/\/yoast.com\/product\/yoast-seo-wordpress\/ -->\n<title>Sch\u00e9ma pripojenia - Sylex<\/title>\n<meta name=\"robots\" content=\"index, follow, max-snippet:-1, max-image-preview:large, max-video-preview:-1\" \/>\n<link rel=\"canonical\" href=\"https:\/\/www.sylex.sk\/sk\/snimacie-systemy\/schema-pripojenia\/\" \/>\n<meta property=\"og:locale\" content=\"sk_SK\" \/>\n<meta property=\"og:type\" content=\"article\" \/>\n<meta property=\"og:title\" content=\"Sch\u00e9ma pripojenia - Sylex\" \/>\n<meta property=\"og:description\" content=\"Sch\u00e9ma zapojenia pre optick\u00e9 sn\u00edma\u010de zvy\u010dajne zn\u00e1zor\u0148uje r\u00f4zne komponenty, ktor\u00e9 sa podie\u013eaj\u00fa na nastaven\u00ed a vyu\u017e\u00edvan\u00ed optick\u00fdch sn\u00edma\u010dov. Tento diagram zvy\u010dajne obsahuje: Senzor s optick\u00fdmi vl\u00e1knami: Centr\u00e1lny komponent, ktor\u00fd detekuje zmeny intenzity svetla alebo in\u00fdch parametrov pozd\u013a\u017e optick\u00e9ho vl\u00e1kna. Zdroj svetla: Zdroj svetla, \u010dasto laser alebo LED, ktor\u00fd vy\u017earuje svetlo do optick\u00e9ho vl\u00e1kna. Optick\u00e9 vl\u00e1kno: Optick\u00e9 vl\u00e1kno: m\u00e9dium, ktor\u00fdm svetlo prech\u00e1dza od zdroja svetla k optick\u00e9mu senzoru. Zvy\u010dajne ide o tenk\u00e9, pru\u017en\u00e9, prieh\u013eadn\u00e9 vl\u00e1kno vyroben\u00e9 zo skla alebo plastu. Detektor: Tento komponent prij\u00edma svetlo z optick\u00e9ho senzora a meria jeho intenzitu alebo in\u00e9 charakteristiky. M\u00f4\u017ee to by\u0165 fotodi\u00f3da alebo in\u00e9 zariadenie citliv\u00e9 na svetlo. Jednotka na spracovanie sign\u00e1lu \/ Interrog\u00e1tor: Jednotka, ktor\u00e1 spracov\u00e1va \u00fadaje prijat\u00e9 z detektora a \u010dasto ich prev\u00e1dza do podoby pou\u017eite\u013enej na zobrazenie alebo \u010fal\u0161iu anal\u00fdzu. Riadiaca jednotka: T\u00e1to jednotka, ktor\u00e1 je niekedy s\u00fa\u010das\u0165ou dod\u00e1vky, reguluje prev\u00e1dzku zdroja svetla, detektora a jednotky na spracovanie sign\u00e1lu. Nap\u00e1janie: Dod\u00e1va elektrick\u00fa energiu r\u00f4znym komponentom syst\u00e9mu. Sch\u00e9ma zvy\u010dajne zn\u00e1zor\u0148uje, ako s\u00fa tieto komponenty prepojen\u00e9 pomocou optick\u00fdch vl\u00e1kien a elektrick\u00fdch k\u00e1blov, pri\u010dom nazna\u010duje tok svetla a \u00fadajov v syst\u00e9me. M\u00f4\u017ee tie\u017e obsahova\u0165 \u0161t\u00edtky a pozn\u00e1mky na objasnenie funkcie jednotliv\u00fdch komponentov a smeru toku sign\u00e1lu. Otvori\u0165 verziu PDF\" \/>\n<meta property=\"og:url\" content=\"https:\/\/www.sylex.sk\/sk\/snimacie-systemy\/schema-pripojenia\/\" \/>\n<meta property=\"og:site_name\" content=\"Sylex\" \/>\n<meta property=\"article:publisher\" content=\"https:\/\/www.facebook.com\/sylex.sk\/\" \/>\n<meta property=\"article:modified_time\" content=\"2024-05-27T15:16:16+00:00\" \/>\n<meta property=\"og:image\" content=\"https:\/\/www.sylex.sk\/wp-content\/uploads\/2024\/05\/connections-diagram.jpg\" \/>\n\t<meta property=\"og:image:width\" content=\"705\" \/>\n\t<meta property=\"og:image:height\" content=\"477\" \/>\n\t<meta property=\"og:image:type\" content=\"image\/jpeg\" \/>\n<meta name=\"twitter:card\" content=\"summary_large_image\" \/>\n<meta name=\"twitter:site\" content=\"@SYLEX_SK\" \/>\n<meta name=\"twitter:label1\" content=\"Predpokladan\u00fd \u010das \u010d\u00edtania\" \/>\n\t<meta name=\"twitter:data1\" content=\"1 min\u00fata\" \/>\n<script type=\"application\/ld+json\" class=\"yoast-schema-graph\">{\"@context\":\"https:\/\/schema.org\",\"@graph\":[{\"@type\":\"WebPage\",\"@id\":\"https:\/\/www.sylex.sk\/sk\/snimacie-systemy\/schema-pripojenia\/\",\"url\":\"https:\/\/www.sylex.sk\/sk\/snimacie-systemy\/schema-pripojenia\/\",\"name\":\"Sch\u00e9ma pripojenia - Sylex\",\"isPartOf\":{\"@id\":\"https:\/\/wonderful-yonath.136-243-14-103.plesk.page\/#website\"},\"primaryImageOfPage\":{\"@id\":\"https:\/\/www.sylex.sk\/sk\/snimacie-systemy\/schema-pripojenia\/#primaryimage\"},\"image\":{\"@id\":\"https:\/\/www.sylex.sk\/sk\/snimacie-systemy\/schema-pripojenia\/#primaryimage\"},\"thumbnailUrl\":\"https:\/\/www.sylex.sk\/wp-content\/uploads\/2024\/05\/connections-diagram.jpg\",\"datePublished\":\"2024-05-07T05:50:04+00:00\",\"dateModified\":\"2024-05-27T15:16:16+00:00\",\"breadcrumb\":{\"@id\":\"https:\/\/www.sylex.sk\/sk\/snimacie-systemy\/schema-pripojenia\/#breadcrumb\"},\"inLanguage\":\"sk-SK\",\"potentialAction\":[{\"@type\":\"ReadAction\",\"target\":[\"https:\/\/www.sylex.sk\/sk\/snimacie-systemy\/schema-pripojenia\/\"]}]},{\"@type\":\"ImageObject\",\"inLanguage\":\"sk-SK\",\"@id\":\"https:\/\/www.sylex.sk\/sk\/snimacie-systemy\/schema-pripojenia\/#primaryimage\",\"url\":\"https:\/\/www.sylex.sk\/wp-content\/uploads\/2024\/05\/connections-diagram.jpg\",\"contentUrl\":\"https:\/\/www.sylex.sk\/wp-content\/uploads\/2024\/05\/connections-diagram.jpg\",\"width\":705,\"height\":477},{\"@type\":\"BreadcrumbList\",\"@id\":\"https:\/\/www.sylex.sk\/sk\/snimacie-systemy\/schema-pripojenia\/#breadcrumb\",\"itemListElement\":[{\"@type\":\"ListItem\",\"position\":1,\"name\":\"Home\",\"item\":\"https:\/\/www.sylex.sk\/sk\/\"},{\"@type\":\"ListItem\",\"position\":2,\"name\":\"Sn\u00edmacie syst\u00e9my\",\"item\":\"https:\/\/www.sylex.sk\/sk\/snimacie-systemy\/\"},{\"@type\":\"ListItem\",\"position\":3,\"name\":\"Sch\u00e9ma pripojenia\"}]},{\"@type\":\"WebSite\",\"@id\":\"https:\/\/wonderful-yonath.136-243-14-103.plesk.page\/#website\",\"url\":\"https:\/\/wonderful-yonath.136-243-14-103.plesk.page\/\",\"name\":\"Sylex\",\"description\":\"Fiber Optics\",\"publisher\":{\"@id\":\"https:\/\/wonderful-yonath.136-243-14-103.plesk.page\/#organization\"},\"potentialAction\":[{\"@type\":\"SearchAction\",\"target\":{\"@type\":\"EntryPoint\",\"urlTemplate\":\"https:\/\/wonderful-yonath.136-243-14-103.plesk.page\/?s={search_term_string}\"},\"query-input\":{\"@type\":\"PropertyValueSpecification\",\"valueRequired\":true,\"valueName\":\"search_term_string\"}}],\"inLanguage\":\"sk-SK\"},{\"@type\":\"Organization\",\"@id\":\"https:\/\/wonderful-yonath.136-243-14-103.plesk.page\/#organization\",\"name\":\"Sylex\",\"url\":\"https:\/\/wonderful-yonath.136-243-14-103.plesk.page\/\",\"logo\":{\"@type\":\"ImageObject\",\"inLanguage\":\"sk-SK\",\"@id\":\"https:\/\/wonderful-yonath.136-243-14-103.plesk.page\/#\/schema\/logo\/image\/\",\"url\":\"https:\/\/www.sylex.sk\/wp-content\/uploads\/2024\/04\/logo4-1.png\",\"contentUrl\":\"https:\/\/www.sylex.sk\/wp-content\/uploads\/2024\/04\/logo4-1.png\",\"width\":308,\"height\":100,\"caption\":\"Sylex\"},\"image\":{\"@id\":\"https:\/\/wonderful-yonath.136-243-14-103.plesk.page\/#\/schema\/logo\/image\/\"},\"sameAs\":[\"https:\/\/www.facebook.com\/sylex.sk\/\",\"https:\/\/x.com\/SYLEX_SK\"]}]}<\/script>\n<!-- \/ Yoast SEO plugin. -->","yoast_head_json":{"title":"Sch\u00e9ma pripojenia - Sylex","robots":{"index":"index","follow":"follow","max-snippet":"max-snippet:-1","max-image-preview":"max-image-preview:large","max-video-preview":"max-video-preview:-1"},"canonical":"https:\/\/www.sylex.sk\/sk\/snimacie-systemy\/schema-pripojenia\/","og_locale":"sk_SK","og_type":"article","og_title":"Sch\u00e9ma pripojenia - Sylex","og_description":"Sch\u00e9ma zapojenia pre optick\u00e9 sn\u00edma\u010de zvy\u010dajne zn\u00e1zor\u0148uje r\u00f4zne komponenty, ktor\u00e9 sa podie\u013eaj\u00fa na nastaven\u00ed a vyu\u017e\u00edvan\u00ed optick\u00fdch sn\u00edma\u010dov. Tento diagram zvy\u010dajne obsahuje: Senzor s optick\u00fdmi vl\u00e1knami: Centr\u00e1lny komponent, ktor\u00fd detekuje zmeny intenzity svetla alebo in\u00fdch parametrov pozd\u013a\u017e optick\u00e9ho vl\u00e1kna. Zdroj svetla: Zdroj svetla, \u010dasto laser alebo LED, ktor\u00fd vy\u017earuje svetlo do optick\u00e9ho vl\u00e1kna. Optick\u00e9 vl\u00e1kno: Optick\u00e9 vl\u00e1kno: m\u00e9dium, ktor\u00fdm svetlo prech\u00e1dza od zdroja svetla k optick\u00e9mu senzoru. Zvy\u010dajne ide o tenk\u00e9, pru\u017en\u00e9, prieh\u013eadn\u00e9 vl\u00e1kno vyroben\u00e9 zo skla alebo plastu. Detektor: Tento komponent prij\u00edma svetlo z optick\u00e9ho senzora a meria jeho intenzitu alebo in\u00e9 charakteristiky. M\u00f4\u017ee to by\u0165 fotodi\u00f3da alebo in\u00e9 zariadenie citliv\u00e9 na svetlo. Jednotka na spracovanie sign\u00e1lu \/ Interrog\u00e1tor: Jednotka, ktor\u00e1 spracov\u00e1va \u00fadaje prijat\u00e9 z detektora a \u010dasto ich prev\u00e1dza do podoby pou\u017eite\u013enej na zobrazenie alebo \u010fal\u0161iu anal\u00fdzu. Riadiaca jednotka: T\u00e1to jednotka, ktor\u00e1 je niekedy s\u00fa\u010das\u0165ou dod\u00e1vky, reguluje prev\u00e1dzku zdroja svetla, detektora a jednotky na spracovanie sign\u00e1lu. Nap\u00e1janie: Dod\u00e1va elektrick\u00fa energiu r\u00f4znym komponentom syst\u00e9mu. Sch\u00e9ma zvy\u010dajne zn\u00e1zor\u0148uje, ako s\u00fa tieto komponenty prepojen\u00e9 pomocou optick\u00fdch vl\u00e1kien a elektrick\u00fdch k\u00e1blov, pri\u010dom nazna\u010duje tok svetla a \u00fadajov v syst\u00e9me. M\u00f4\u017ee tie\u017e obsahova\u0165 \u0161t\u00edtky a pozn\u00e1mky na objasnenie funkcie jednotliv\u00fdch komponentov a smeru toku sign\u00e1lu. Otvori\u0165 verziu PDF","og_url":"https:\/\/www.sylex.sk\/sk\/snimacie-systemy\/schema-pripojenia\/","og_site_name":"Sylex","article_publisher":"https:\/\/www.facebook.com\/sylex.sk\/","article_modified_time":"2024-05-27T15:16:16+00:00","og_image":[{"width":705,"height":477,"url":"https:\/\/www.sylex.sk\/wp-content\/uploads\/2024\/05\/connections-diagram.jpg","type":"image\/jpeg"}],"twitter_card":"summary_large_image","twitter_site":"@SYLEX_SK","twitter_misc":{"Predpokladan\u00fd \u010das \u010d\u00edtania":"1 min\u00fata"},"schema":{"@context":"https:\/\/schema.org","@graph":[{"@type":"WebPage","@id":"https:\/\/www.sylex.sk\/sk\/snimacie-systemy\/schema-pripojenia\/","url":"https:\/\/www.sylex.sk\/sk\/snimacie-systemy\/schema-pripojenia\/","name":"Sch\u00e9ma pripojenia - Sylex","isPartOf":{"@id":"https:\/\/wonderful-yonath.136-243-14-103.plesk.page\/#website"},"primaryImageOfPage":{"@id":"https:\/\/www.sylex.sk\/sk\/snimacie-systemy\/schema-pripojenia\/#primaryimage"},"image":{"@id":"https:\/\/www.sylex.sk\/sk\/snimacie-systemy\/schema-pripojenia\/#primaryimage"},"thumbnailUrl":"https:\/\/www.sylex.sk\/wp-content\/uploads\/2024\/05\/connections-diagram.jpg","datePublished":"2024-05-07T05:50:04+00:00","dateModified":"2024-05-27T15:16:16+00:00","breadcrumb":{"@id":"https:\/\/www.sylex.sk\/sk\/snimacie-systemy\/schema-pripojenia\/#breadcrumb"},"inLanguage":"sk-SK","potentialAction":[{"@type":"ReadAction","target":["https:\/\/www.sylex.sk\/sk\/snimacie-systemy\/schema-pripojenia\/"]}]},{"@type":"ImageObject","inLanguage":"sk-SK","@id":"https:\/\/www.sylex.sk\/sk\/snimacie-systemy\/schema-pripojenia\/#primaryimage","url":"https:\/\/www.sylex.sk\/wp-content\/uploads\/2024\/05\/connections-diagram.jpg","contentUrl":"https:\/\/www.sylex.sk\/wp-content\/uploads\/2024\/05\/connections-diagram.jpg","width":705,"height":477},{"@type":"BreadcrumbList","@id":"https:\/\/www.sylex.sk\/sk\/snimacie-systemy\/schema-pripojenia\/#breadcrumb","itemListElement":[{"@type":"ListItem","position":1,"name":"Home","item":"https:\/\/www.sylex.sk\/sk\/"},{"@type":"ListItem","position":2,"name":"Sn\u00edmacie syst\u00e9my","item":"https:\/\/www.sylex.sk\/sk\/snimacie-systemy\/"},{"@type":"ListItem","position":3,"name":"Sch\u00e9ma pripojenia"}]},{"@type":"WebSite","@id":"https:\/\/wonderful-yonath.136-243-14-103.plesk.page\/#website","url":"https:\/\/wonderful-yonath.136-243-14-103.plesk.page\/","name":"Sylex","description":"Fiber Optics","publisher":{"@id":"https:\/\/wonderful-yonath.136-243-14-103.plesk.page\/#organization"},"potentialAction":[{"@type":"SearchAction","target":{"@type":"EntryPoint","urlTemplate":"https:\/\/wonderful-yonath.136-243-14-103.plesk.page\/?s={search_term_string}"},"query-input":{"@type":"PropertyValueSpecification","valueRequired":true,"valueName":"search_term_string"}}],"inLanguage":"sk-SK"},{"@type":"Organization","@id":"https:\/\/wonderful-yonath.136-243-14-103.plesk.page\/#organization","name":"Sylex","url":"https:\/\/wonderful-yonath.136-243-14-103.plesk.page\/","logo":{"@type":"ImageObject","inLanguage":"sk-SK","@id":"https:\/\/wonderful-yonath.136-243-14-103.plesk.page\/#\/schema\/logo\/image\/","url":"https:\/\/www.sylex.sk\/wp-content\/uploads\/2024\/04\/logo4-1.png","contentUrl":"https:\/\/www.sylex.sk\/wp-content\/uploads\/2024\/04\/logo4-1.png","width":308,"height":100,"caption":"Sylex"},"image":{"@id":"https:\/\/wonderful-yonath.136-243-14-103.plesk.page\/#\/schema\/logo\/image\/"},"sameAs":["https:\/\/www.facebook.com\/sylex.sk\/","https:\/\/x.com\/SYLEX_SK"]}]}},"_links":{"self":[{"href":"https:\/\/www.sylex.sk\/sk\/wp-json\/wp\/v2\/pages\/14568","targetHints":{"allow":["GET"]}}],"collection":[{"href":"https:\/\/www.sylex.sk\/sk\/wp-json\/wp\/v2\/pages"}],"about":[{"href":"https:\/\/www.sylex.sk\/sk\/wp-json\/wp\/v2\/types\/page"}],"author":[{"embeddable":true,"href":"https:\/\/www.sylex.sk\/sk\/wp-json\/wp\/v2\/users\/3"}],"replies":[{"embeddable":true,"href":"https:\/\/www.sylex.sk\/sk\/wp-json\/wp\/v2\/comments?post=14568"}],"version-history":[{"count":0,"href":"https:\/\/www.sylex.sk\/sk\/wp-json\/wp\/v2\/pages\/14568\/revisions"}],"up":[{"embeddable":true,"href":"https:\/\/www.sylex.sk\/sk\/wp-json\/wp\/v2\/pages\/14440"}],"wp:featuredmedia":[{"embeddable":true,"href":"https:\/\/www.sylex.sk\/sk\/wp-json\/wp\/v2\/media\/11951"}],"wp:attachment":[{"href":"https:\/\/www.sylex.sk\/sk\/wp-json\/wp\/v2\/media?parent=14568"}],"curies":[{"name":"wp","href":"https:\/\/api.w.org\/{rel}","templated":true}]}}