{"id":13567,"date":"2023-09-06T11:49:00","date_gmt":"2023-09-06T10:49:00","guid":{"rendered":"https:\/\/www.sylex.sk\/product\/senzor-gfa-01-gfrp-s-vlaknovym-polom\/"},"modified":"2025-01-17T10:50:59","modified_gmt":"2025-01-17T09:50:59","slug":"gfa-01-gfrp-fiber-array-sensor","status":"publish","type":"product","link":"https:\/\/www.sylex.sk\/sk\/produkt\/gfa-01-gfrp-fiber-array-sensor\/","title":{"rendered":"GFA-01 GFRP fiber array sensor"},"content":{"rendered":"\t\t<div data-elementor-type=\"product-post\" data-elementor-id=\"13567\" class=\"elementor elementor-13567 elementor-485\" data-elementor-post-type=\"product\">\n\t\t\t\t\t\t<section class=\"elementor-section elementor-top-section elementor-element elementor-element-3aceeb74 elementor-section-boxed elementor-section-height-default elementor-section-height-default\" data-id=\"3aceeb74\" data-element_type=\"section\" data-e-type=\"section\">\n\t\t\t\t\t\t<div class=\"elementor-container elementor-column-gap-default\">\n\t\t\t\t\t<div class=\"elementor-column elementor-col-100 elementor-top-column elementor-element elementor-element-150c535e\" data-id=\"150c535e\" data-element_type=\"column\" data-e-type=\"column\">\n\t\t\t<div class=\"elementor-widget-wrap elementor-element-populated\">\n\t\t\t\t\t\t<div class=\"elementor-element elementor-element-56827003 elementor-widget elementor-widget-heading\" data-id=\"56827003\" data-element_type=\"widget\" data-e-type=\"widget\" data-widget_type=\"heading.default\">\n\t\t\t\t<div class=\"elementor-widget-container\">\n\t\t\t\t\t<h2 class=\"elementor-heading-title elementor-size-default\">Product Specification<\/h2>\t\t\t\t<\/div>\n\t\t\t\t<\/div>\n\t\t\t\t<div class=\"elementor-element elementor-element-3a2820cf elementor-widget elementor-widget-text-editor\" data-id=\"3a2820cf\" data-element_type=\"widget\" data-e-type=\"widget\" data-widget_type=\"text-editor.default\">\n\t\t\t\t<div class=\"elementor-widget-container\">\n\t\t\t\t\t\t\t\t\t<table style=\"height: 654px; width: 100%;\" border=\"0\" width=\"100%\" cellspacing=\"0\" cellpadding=\"0\">\n<tbody>\n<tr style=\"height: 54px;\">\n<td style=\"height: 288px;\" rowspan=\"10\" valign=\"top\"><strong>Performance properties<\/strong><\/td>\n<td style=\"height: 54px;\">\n<div>Strain range<\/div>\n<\/td>\n<td style=\"height: 54px;\" colspan=\"2\">\n<div>\n<div>&nbsp;<\/div>\n<\/div>\n<div>&plusmn;2500&mu;\u025b<\/div>\n<div>&nbsp;<\/div>\n<\/td>\n<\/tr>\n<tr style=\"height: 36px;\">\n<td style=\"height: 36px;\">\n<div>Accuracy (guaranteed)<\/div>\n<\/td>\n<td style=\"height: 36px;\" colspan=\"2\">&lt;0.5% FS\n<div>&nbsp;<\/div>\n<\/td>\n<\/tr>\n<tr style=\"height: 36px;\">\n<td style=\"height: 36px;\">\n<div>Accuracy (typical)<\/div>\n<\/td>\n<td style=\"height: 36px;\" colspan=\"2\">&lt;0.23% FS\n<div>&nbsp;<\/div>\n<\/td>\n<\/tr>\n<tr style=\"height: 36px;\">\n<td style=\"height: 36px;\">\n<div>Precision (guaranteed)<\/div>\n<\/td>\n<td style=\"height: 36px;\" colspan=\"2\">&lt;0.25% FS\n<div>&nbsp;<\/div>\n<\/td>\n<\/tr>\n<tr style=\"height: 36px;\">\n<td style=\"height: 36px;\">\n<div>Precision (typical)<\/div>\n<\/td>\n<td style=\"height: 36px;\" colspan=\"2\">\n<div>&lt;0.15% FS<\/div>\n<div>&nbsp;<\/div>\n<\/td>\n<\/tr>\n<tr style=\"height: 18px;\">\n<td style=\"height: 18px;\">Temperature compensation<\/td>\n<td style=\"height: 18px;\" colspan=\"2\">External<\/td>\n<\/tr>\n<tr style=\"height: 18px;\">\n<td style=\"height: 18px;\">Operating Temperature range<\/td>\n<td style=\"height: 18px;\" colspan=\"2\">-20&deg;C to +60&deg;C<\/td>\n<\/tr>\n<tr style=\"height: 18px;\">\n<td style=\"height: 18px;\">Strain sensitivity<\/td>\n<td style=\"height: 18px;\" colspan=\"2\">1,2pm\/&mu;&epsilon;<\/td>\n<\/tr>\n<tr style=\"height: 18px;\">\n<td style=\"height: 18px;\">Temperature sensitivity<\/td>\n<td style=\"height: 18px;\" colspan=\"2\">17pm\/&deg;C<\/td>\n<\/tr>\n<tr style=\"height: 18px;\">\n<td style=\"height: 18px;\">Ingress Protection rating<\/td>\n<td style=\"height: 18px;\" colspan=\"2\">N\/A<\/td>\n<\/tr>\n<tr style=\"height: 18px;\">\n<td style=\"height: 162px;\" rowspan=\"9\" valign=\"top\"><strong>Grating properties<\/strong><\/td>\n<td style=\"height: 18px;\">FBG wavelength range<\/td>\n<td style=\"height: 18px;\" colspan=\"2\">Standard: 1510 &#8211; 1590nm <br \/>Optional: 1460 &#8211; 1620nm<\/td>\n<\/tr>\n<tr style=\"height: 18px;\">\n<td style=\"height: 18px;\">Nominal (central) wavelength tolerance<\/td>\n<td style=\"height: 18px;\" colspan=\"2\">&plusmn;1000pm<\/td>\n<\/tr>\n<tr style=\"height: 18px;\">\n<td style=\"height: 18px;\">Reflectivity<\/td>\n<td style=\"height: 18px;\" colspan=\"2\">&gt;70%<\/td>\n<\/tr>\n<tr style=\"height: 18px;\">\n<td style=\"height: 18px;\">FWHM between (3dB bandwidth)<\/td>\n<td style=\"height: 18px;\" colspan=\"2\">&lt;400pm<\/td>\n<\/tr>\n<tr style=\"height: 18px;\">\n<td style=\"height: 18px;\">SLSR (side lobe suppression)<\/td>\n<td style=\"height: 18px;\" colspan=\"2\">&gt;10dB<\/td>\n<\/tr>\n<tr style=\"height: 18px;\">\n<td style=\"height: 18px;\">PDFS (polarization-dependent WL shift)<\/td>\n<td style=\"height: 18px;\" colspan=\"2\">&lt;5pm<\/td>\n<\/tr>\n<tr style=\"height: 18px;\">\n<td style=\"height: 18px;\">FBG length<\/td>\n<td style=\"height: 18px;\" colspan=\"2\">~5mm<\/td>\n<\/tr>\n<tr style=\"height: 18px;\">\n<td style=\"height: 18px;\">Minimum Bend Radius<\/td>\n<td style=\"height: 18px;\" colspan=\"2\">100mm<\/td>\n<\/tr>\n<tr style=\"height: 18px;\">\n<td style=\"height: 18px;\">Fiber coating<\/td>\n<td style=\"height: 18px;\" colspan=\"2\">HT Acrylate, color blue (Strip &amp; Recoat)<\/td>\n<\/tr>\n<tr style=\"height: 21px;\">\n<td style=\"height: 96px;\" rowspan=\"3\" valign=\"top\"><strong>Physical properties<\/strong><\/td>\n<td style=\"height: 21px;\">Active FBG element length<sup>1)<\/sup><\/td>\n<td style=\"height: 21px;\" colspan=\"2\">~5mm<\/td>\n<\/tr>\n<tr style=\"height: 21px;\">\n<td style=\"height: 21px;\">Connector type<sup>2)<\/sup><\/td>\n<td style=\"height: 21px;\" colspan=\"2\">FC\/APC<\/td>\n<\/tr>\n<tr style=\"height: 18px;\">\n<td style=\"height: 18px;\">Installation method<\/td>\n<td style=\"height: 18px;\" colspan=\"2\">The embedding or direct surface gluing<\/td>\n<\/tr>\n<tr style=\"height: 18px;\">\n<td style=\"height: 18px;\"><strong>Packaging<\/strong><\/td>\n<td style=\"height: 18px;\" colspan=\"3\">Cardboard box with dimensions: 370x290x45mm<\/td>\n<\/tr>\n<tr style=\"height: 54px;\">\n<td style=\"height: 54px;\"><strong>Quality Statement<\/strong><\/td>\n<td style=\"height: 54px;\" colspan=\"3\">All sensors are 100% tested and calibrated at SYLEX. Sensor is manufactured according to ISO 9001:2008 and ISO 14001:2004 Sensor is compliant with IEC 61757-1-1:2020 and IEC 61757:2018.<\/td>\n<\/tr>\n<\/tbody>\n<\/table>\n<p class=\"bodytext\">Notes:<\/p>\n<ul>\n<li><sup>1)<\/sup>&nbsp;Depends on the selected spectral shape<\/li>\n<li><sup>2)<\/sup>&nbsp;Other connector types available on request<\/li>\n<\/ul>\t\t\t\t\t\t\t\t<\/div>\n\t\t\t\t<\/div>\n\t\t\t\t\t<\/div>\n\t\t<\/div>\n\t\t\t\t\t<\/div>\n\t\t<\/section>\n\t\t\t\t<\/div>\n\t\t","protected":false},"excerpt":{"rendered":"<p class=\"bodytext\"><b>Type:<\/b>\u00a0GFRP fiber array sensor<\/p>\n<p class=\"bodytext\"><b>Application:<\/b>\u00a0Concrete or grout embeddable, surface mountable<\/p>\n<p class=\"bodytext\"><b>Installation method:<\/b>\u00a0Glue<\/p>\n<p class=\"bodytext\"><b>Pre-strain setup:<\/b>\u00a0At installation<\/p>\n<p class=\"bodytext\"><b>Temperature compensation:<\/b>\u00a0Through external temperature sensor<\/p>\n","protected":false},"featured_media":11312,"template":"","meta":{"_acf_changed":false},"product_brand":[],"product_cat":[405,422,423],"product_tag":[424,427],"class_list":{"0":"post-13567","1":"product","2":"type-product","3":"status-publish","4":"has-post-thumbnail","6":"product_cat-snimace-a-snimacie-systemy","7":"product_cat-snimace","8":"product_cat-strain-stress-deformation-sk","9":"product_tag-geotechnicky-shm","10":"product_tag-obcianske-stavby-shm","12":"first","13":"instock","14":"shipping-taxable","15":"product-type-simple"},"acf":[],"yoast_head":"<!-- This site is optimized with the Yoast SEO plugin v27.0 - https:\/\/yoast.com\/product\/yoast-seo-wordpress\/ -->\n<title>GFA-01 GFRP fiber array sensor - Sylex<\/title>\n<meta name=\"robots\" content=\"index, follow, max-snippet:-1, max-image-preview:large, max-video-preview:-1\" \/>\n<link rel=\"canonical\" href=\"https:\/\/www.sylex.sk\/sk\/produkt\/gfa-01-gfrp-fiber-array-sensor\/\" \/>\n<meta property=\"og:locale\" content=\"sk_SK\" \/>\n<meta property=\"og:type\" content=\"article\" \/>\n<meta property=\"og:title\" content=\"GFA-01 GFRP fiber array sensor - Sylex\" \/>\n<meta property=\"og:description\" content=\"Type:\u00a0GFRP fiber array sensor Application:\u00a0Concrete or grout embeddable, surface mountable Installation method:\u00a0Glue Pre-strain setup:\u00a0At installation Temperature compensation:\u00a0Through external temperature sensor\" \/>\n<meta property=\"og:url\" content=\"https:\/\/www.sylex.sk\/sk\/produkt\/gfa-01-gfrp-fiber-array-sensor\/\" \/>\n<meta property=\"og:site_name\" content=\"Sylex\" \/>\n<meta property=\"article:publisher\" content=\"https:\/\/www.facebook.com\/sylex.sk\/\" \/>\n<meta property=\"article:modified_time\" content=\"2025-01-17T09:50:59+00:00\" \/>\n<meta property=\"og:image\" content=\"https:\/\/www.sylex.sk\/wp-content\/uploads\/2024\/04\/GFA-01-GFRP-fiber-array-sensor.jpg\" \/>\n\t<meta property=\"og:image:width\" content=\"1920\" \/>\n\t<meta property=\"og:image:height\" content=\"1300\" \/>\n\t<meta property=\"og:image:type\" content=\"image\/jpeg\" \/>\n<meta name=\"twitter:card\" content=\"summary_large_image\" \/>\n<meta name=\"twitter:site\" content=\"@SYLEX_SK\" \/>\n<meta name=\"twitter:label1\" content=\"Predpokladan\u00fd \u010das \u010d\u00edtania\" \/>\n\t<meta name=\"twitter:data1\" content=\"1 min\u00fata\" \/>\n<script type=\"application\/ld+json\" class=\"yoast-schema-graph\">{\"@context\":\"https:\/\/schema.org\",\"@graph\":[{\"@type\":\"WebPage\",\"@id\":\"https:\/\/www.sylex.sk\/sk\/produkt\/gfa-01-gfrp-fiber-array-sensor\/\",\"url\":\"https:\/\/www.sylex.sk\/sk\/produkt\/gfa-01-gfrp-fiber-array-sensor\/\",\"name\":\"GFA-01 GFRP fiber array sensor - Sylex\",\"isPartOf\":{\"@id\":\"https:\/\/wonderful-yonath.136-243-14-103.plesk.page\/#website\"},\"primaryImageOfPage\":{\"@id\":\"https:\/\/www.sylex.sk\/sk\/produkt\/gfa-01-gfrp-fiber-array-sensor\/#primaryimage\"},\"image\":{\"@id\":\"https:\/\/www.sylex.sk\/sk\/produkt\/gfa-01-gfrp-fiber-array-sensor\/#primaryimage\"},\"thumbnailUrl\":\"https:\/\/www.sylex.sk\/wp-content\/uploads\/2024\/04\/GFA-01-GFRP-fiber-array-sensor.jpg\",\"datePublished\":\"2023-09-06T10:49:00+00:00\",\"dateModified\":\"2025-01-17T09:50:59+00:00\",\"breadcrumb\":{\"@id\":\"https:\/\/www.sylex.sk\/sk\/produkt\/gfa-01-gfrp-fiber-array-sensor\/#breadcrumb\"},\"inLanguage\":\"sk-SK\",\"potentialAction\":[{\"@type\":\"ReadAction\",\"target\":[\"https:\/\/www.sylex.sk\/sk\/produkt\/gfa-01-gfrp-fiber-array-sensor\/\"]}]},{\"@type\":\"ImageObject\",\"inLanguage\":\"sk-SK\",\"@id\":\"https:\/\/www.sylex.sk\/sk\/produkt\/gfa-01-gfrp-fiber-array-sensor\/#primaryimage\",\"url\":\"https:\/\/www.sylex.sk\/wp-content\/uploads\/2024\/04\/GFA-01-GFRP-fiber-array-sensor.jpg\",\"contentUrl\":\"https:\/\/www.sylex.sk\/wp-content\/uploads\/2024\/04\/GFA-01-GFRP-fiber-array-sensor.jpg\",\"width\":1920,\"height\":1300,\"caption\":\"Senzor GFA-01 GFRP s vl\u00e1knov\u00fdm po\u013eom\"},{\"@type\":\"BreadcrumbList\",\"@id\":\"https:\/\/www.sylex.sk\/sk\/produkt\/gfa-01-gfrp-fiber-array-sensor\/#breadcrumb\",\"itemListElement\":[{\"@type\":\"ListItem\",\"position\":1,\"name\":\"Home\",\"item\":\"https:\/\/www.sylex.sk\/sk\/\"},{\"@type\":\"ListItem\",\"position\":2,\"name\":\"Shop\",\"item\":\"https:\/\/www.sylex.sk\/sk\/shop\/\"},{\"@type\":\"ListItem\",\"position\":3,\"name\":\"GFA-01 GFRP fiber array sensor\"}]},{\"@type\":\"WebSite\",\"@id\":\"https:\/\/wonderful-yonath.136-243-14-103.plesk.page\/#website\",\"url\":\"https:\/\/wonderful-yonath.136-243-14-103.plesk.page\/\",\"name\":\"Sylex\",\"description\":\"Fiber Optics\",\"publisher\":{\"@id\":\"https:\/\/wonderful-yonath.136-243-14-103.plesk.page\/#organization\"},\"potentialAction\":[{\"@type\":\"SearchAction\",\"target\":{\"@type\":\"EntryPoint\",\"urlTemplate\":\"https:\/\/wonderful-yonath.136-243-14-103.plesk.page\/?s={search_term_string}\"},\"query-input\":{\"@type\":\"PropertyValueSpecification\",\"valueRequired\":true,\"valueName\":\"search_term_string\"}}],\"inLanguage\":\"sk-SK\"},{\"@type\":\"Organization\",\"@id\":\"https:\/\/wonderful-yonath.136-243-14-103.plesk.page\/#organization\",\"name\":\"Sylex\",\"url\":\"https:\/\/wonderful-yonath.136-243-14-103.plesk.page\/\",\"logo\":{\"@type\":\"ImageObject\",\"inLanguage\":\"sk-SK\",\"@id\":\"https:\/\/wonderful-yonath.136-243-14-103.plesk.page\/#\/schema\/logo\/image\/\",\"url\":\"https:\/\/www.sylex.sk\/wp-content\/uploads\/2024\/04\/logo4-1.png\",\"contentUrl\":\"https:\/\/www.sylex.sk\/wp-content\/uploads\/2024\/04\/logo4-1.png\",\"width\":308,\"height\":100,\"caption\":\"Sylex\"},\"image\":{\"@id\":\"https:\/\/wonderful-yonath.136-243-14-103.plesk.page\/#\/schema\/logo\/image\/\"},\"sameAs\":[\"https:\/\/www.facebook.com\/sylex.sk\/\",\"https:\/\/x.com\/SYLEX_SK\"]}]}<\/script>\n<!-- \/ Yoast SEO plugin. -->","yoast_head_json":{"title":"GFA-01 GFRP fiber array sensor - Sylex","robots":{"index":"index","follow":"follow","max-snippet":"max-snippet:-1","max-image-preview":"max-image-preview:large","max-video-preview":"max-video-preview:-1"},"canonical":"https:\/\/www.sylex.sk\/sk\/produkt\/gfa-01-gfrp-fiber-array-sensor\/","og_locale":"sk_SK","og_type":"article","og_title":"GFA-01 GFRP fiber array sensor - Sylex","og_description":"Type:\u00a0GFRP fiber array sensor Application:\u00a0Concrete or grout embeddable, surface mountable Installation method:\u00a0Glue Pre-strain setup:\u00a0At installation Temperature compensation:\u00a0Through external temperature sensor","og_url":"https:\/\/www.sylex.sk\/sk\/produkt\/gfa-01-gfrp-fiber-array-sensor\/","og_site_name":"Sylex","article_publisher":"https:\/\/www.facebook.com\/sylex.sk\/","article_modified_time":"2025-01-17T09:50:59+00:00","og_image":[{"width":1920,"height":1300,"url":"https:\/\/www.sylex.sk\/wp-content\/uploads\/2024\/04\/GFA-01-GFRP-fiber-array-sensor.jpg","type":"image\/jpeg"}],"twitter_card":"summary_large_image","twitter_site":"@SYLEX_SK","twitter_misc":{"Predpokladan\u00fd \u010das \u010d\u00edtania":"1 min\u00fata"},"schema":{"@context":"https:\/\/schema.org","@graph":[{"@type":"WebPage","@id":"https:\/\/www.sylex.sk\/sk\/produkt\/gfa-01-gfrp-fiber-array-sensor\/","url":"https:\/\/www.sylex.sk\/sk\/produkt\/gfa-01-gfrp-fiber-array-sensor\/","name":"GFA-01 GFRP fiber array sensor - Sylex","isPartOf":{"@id":"https:\/\/wonderful-yonath.136-243-14-103.plesk.page\/#website"},"primaryImageOfPage":{"@id":"https:\/\/www.sylex.sk\/sk\/produkt\/gfa-01-gfrp-fiber-array-sensor\/#primaryimage"},"image":{"@id":"https:\/\/www.sylex.sk\/sk\/produkt\/gfa-01-gfrp-fiber-array-sensor\/#primaryimage"},"thumbnailUrl":"https:\/\/www.sylex.sk\/wp-content\/uploads\/2024\/04\/GFA-01-GFRP-fiber-array-sensor.jpg","datePublished":"2023-09-06T10:49:00+00:00","dateModified":"2025-01-17T09:50:59+00:00","breadcrumb":{"@id":"https:\/\/www.sylex.sk\/sk\/produkt\/gfa-01-gfrp-fiber-array-sensor\/#breadcrumb"},"inLanguage":"sk-SK","potentialAction":[{"@type":"ReadAction","target":["https:\/\/www.sylex.sk\/sk\/produkt\/gfa-01-gfrp-fiber-array-sensor\/"]}]},{"@type":"ImageObject","inLanguage":"sk-SK","@id":"https:\/\/www.sylex.sk\/sk\/produkt\/gfa-01-gfrp-fiber-array-sensor\/#primaryimage","url":"https:\/\/www.sylex.sk\/wp-content\/uploads\/2024\/04\/GFA-01-GFRP-fiber-array-sensor.jpg","contentUrl":"https:\/\/www.sylex.sk\/wp-content\/uploads\/2024\/04\/GFA-01-GFRP-fiber-array-sensor.jpg","width":1920,"height":1300,"caption":"Senzor GFA-01 GFRP s vl\u00e1knov\u00fdm po\u013eom"},{"@type":"BreadcrumbList","@id":"https:\/\/www.sylex.sk\/sk\/produkt\/gfa-01-gfrp-fiber-array-sensor\/#breadcrumb","itemListElement":[{"@type":"ListItem","position":1,"name":"Home","item":"https:\/\/www.sylex.sk\/sk\/"},{"@type":"ListItem","position":2,"name":"Shop","item":"https:\/\/www.sylex.sk\/sk\/shop\/"},{"@type":"ListItem","position":3,"name":"GFA-01 GFRP fiber array sensor"}]},{"@type":"WebSite","@id":"https:\/\/wonderful-yonath.136-243-14-103.plesk.page\/#website","url":"https:\/\/wonderful-yonath.136-243-14-103.plesk.page\/","name":"Sylex","description":"Fiber Optics","publisher":{"@id":"https:\/\/wonderful-yonath.136-243-14-103.plesk.page\/#organization"},"potentialAction":[{"@type":"SearchAction","target":{"@type":"EntryPoint","urlTemplate":"https:\/\/wonderful-yonath.136-243-14-103.plesk.page\/?s={search_term_string}"},"query-input":{"@type":"PropertyValueSpecification","valueRequired":true,"valueName":"search_term_string"}}],"inLanguage":"sk-SK"},{"@type":"Organization","@id":"https:\/\/wonderful-yonath.136-243-14-103.plesk.page\/#organization","name":"Sylex","url":"https:\/\/wonderful-yonath.136-243-14-103.plesk.page\/","logo":{"@type":"ImageObject","inLanguage":"sk-SK","@id":"https:\/\/wonderful-yonath.136-243-14-103.plesk.page\/#\/schema\/logo\/image\/","url":"https:\/\/www.sylex.sk\/wp-content\/uploads\/2024\/04\/logo4-1.png","contentUrl":"https:\/\/www.sylex.sk\/wp-content\/uploads\/2024\/04\/logo4-1.png","width":308,"height":100,"caption":"Sylex"},"image":{"@id":"https:\/\/wonderful-yonath.136-243-14-103.plesk.page\/#\/schema\/logo\/image\/"},"sameAs":["https:\/\/www.facebook.com\/sylex.sk\/","https:\/\/x.com\/SYLEX_SK"]}]}},"_links":{"self":[{"href":"https:\/\/www.sylex.sk\/sk\/wp-json\/wp\/v2\/product\/13567","targetHints":{"allow":["GET"]}}],"collection":[{"href":"https:\/\/www.sylex.sk\/sk\/wp-json\/wp\/v2\/product"}],"about":[{"href":"https:\/\/www.sylex.sk\/sk\/wp-json\/wp\/v2\/types\/product"}],"version-history":[{"count":2,"href":"https:\/\/www.sylex.sk\/sk\/wp-json\/wp\/v2\/product\/13567\/revisions"}],"predecessor-version":[{"id":19089,"href":"https:\/\/www.sylex.sk\/sk\/wp-json\/wp\/v2\/product\/13567\/revisions\/19089"}],"wp:featuredmedia":[{"embeddable":true,"href":"https:\/\/www.sylex.sk\/sk\/wp-json\/wp\/v2\/media\/11312"}],"wp:attachment":[{"href":"https:\/\/www.sylex.sk\/sk\/wp-json\/wp\/v2\/media?parent=13567"}],"wp:term":[{"taxonomy":"product_brand","embeddable":true,"href":"https:\/\/www.sylex.sk\/sk\/wp-json\/wp\/v2\/product_brand?post=13567"},{"taxonomy":"product_cat","embeddable":true,"href":"https:\/\/www.sylex.sk\/sk\/wp-json\/wp\/v2\/product_cat?post=13567"},{"taxonomy":"product_tag","embeddable":true,"href":"https:\/\/www.sylex.sk\/sk\/wp-json\/wp\/v2\/product_tag?post=13567"}],"curies":[{"name":"wp","href":"https:\/\/api.w.org\/{rel}","templated":true}]}}