{"id":13695,"date":"2023-09-06T12:06:13","date_gmt":"2023-09-06T11:06:13","guid":{"rendered":"https:\/\/www.sylex.sk\/product\/scn-84d-s-line-scan-804d\/"},"modified":"2025-01-17T10:48:51","modified_gmt":"2025-01-17T09:48:51","slug":"scn-84d-s-line-scan-804d","status":"publish","type":"product","link":"https:\/\/www.sylex.sk\/sk\/produkt\/scn-84d-s-line-scan-804d\/","title":{"rendered":"SCN-84D S-line Scan 804D"},"content":{"rendered":"\t\t<div data-elementor-type=\"product-post\" data-elementor-id=\"13695\" class=\"elementor elementor-13695 elementor-695\" data-elementor-post-type=\"product\">\n\t\t\t\t\t\t<section class=\"elementor-section elementor-top-section elementor-element elementor-element-a228649 elementor-section-boxed elementor-section-height-default elementor-section-height-default\" data-id=\"a228649\" data-element_type=\"section\" data-e-type=\"section\">\n\t\t\t\t\t\t<div class=\"elementor-container elementor-column-gap-default\">\n\t\t\t\t\t<div class=\"elementor-column elementor-col-100 elementor-top-column elementor-element elementor-element-0c8835e\" data-id=\"0c8835e\" data-element_type=\"column\" data-e-type=\"column\">\n\t\t\t<div class=\"elementor-widget-wrap elementor-element-populated\">\n\t\t\t\t\t\t<div class=\"elementor-element elementor-element-27aba11 elementor-widget elementor-widget-heading\" data-id=\"27aba11\" data-element_type=\"widget\" data-e-type=\"widget\" data-widget_type=\"heading.default\">\n\t\t\t\t<div class=\"elementor-widget-container\">\n\t\t\t\t\t<h2 class=\"elementor-heading-title elementor-size-default\">Product Specification<\/h2>\t\t\t\t<\/div>\n\t\t\t\t<\/div>\n\t\t\t\t<div class=\"elementor-element elementor-element-b764cf3 elementor-widget elementor-widget-text-editor\" data-id=\"b764cf3\" data-element_type=\"widget\" data-e-type=\"widget\" data-widget_type=\"text-editor.default\">\n\t\t\t\t<div class=\"elementor-widget-container\">\n\t\t\t\t\t\t\t\t\t<table border=\"0\" width=\"100%\" cellspacing=\"0\" cellpadding=\"0\"><tbody><tr><td rowspan=\"11\" valign=\"top\"><strong>Performance properties<\/strong><\/td><td>Number of channels<\/td><td>\u00a0<\/td><td>4<\/td><\/tr><tr><td>Scanning frequency\u00a0<sup>1)<\/sup><\/td><td>\u00a0<\/td><td>up to 900 Hz \/ channel<\/td><\/tr><tr><td>Wavelength range<\/td><td>\u00a0<\/td><td>80nm (1510-1590nm)<\/td><\/tr><tr><td>Temperature range<\/td><td>Operational<\/td><td>-5\u00b0C to +50\u00b0C<\/td><\/tr><tr><td>\u00a0<\/td><td>Storage<\/td><td>-10\u00b0C to +60\u00b0C<\/td><\/tr><tr><td>Dynamic range\u00a0<sup>2)<\/sup><\/td><td>\u00a0<\/td><td>30dB<\/td><\/tr><tr><td>Power budget\u00a0<sup>3)<\/sup><\/td><td>@ Constant gain<\/td><td>18dB<\/td><\/tr><tr><td>Accuracy<\/td><td>@ 25\u00b0C \/\/ @ FOTR\u00a0<sup>4)<\/sup><\/td><td>TBD \/\/ \u00b113pm<\/td><\/tr><tr><td>Repeatability (Precision)<\/td><td>@ 25\u00b0C \/\/ @ FOTR\u00a0<sup>4)<\/sup><\/td><td>6pm \/\/ 12pm<\/td><\/tr><tr><td>Resolution<\/td><td>\u00a0<\/td><td>1pm<\/td><\/tr><tr><td>Laser Class<\/td><td>IEC 60825-1<\/td><td>1<\/td><\/tr><tr><td rowspan=\"5\" valign=\"top\"><strong>Physical properties<\/strong><\/td><td>Dimensions (without cable)<\/td><td colspan=\"2\">300x200x84m<\/td><\/tr><tr><td>Weight (without cable)<\/td><td colspan=\"2\">4,27kg<\/td><\/tr><tr><td>Connector type<\/td><td colspan=\"2\">FC\/APC<\/td><\/tr><tr><td>Power consumption<\/td><td colspan=\"2\">6W (9-18V) (universal adapter included)<\/td><\/tr><tr><td>Interface<\/td><td colspan=\"2\">USB<\/td><\/tr><tr><td><strong>Packaging<\/strong><\/td><td colspan=\"3\">Cardboard box with dimensions: 364x351x140mm,<br \/>Optional \u2013 Ruggedized transportation case with dimensions: 502x401x188mm<\/td><\/tr><tr><td><strong>Quality Statement<\/strong><\/td><td colspan=\"3\">All interrogators are 100% tested at SYLEX<br \/>Interrogator is manufactured according to ISO 9001:2008 and ISO 14001:2004<\/td><\/tr><\/tbody><\/table><p class=\"bodytext\">Notes:<\/p><ul><li><sup>1)<\/sup>\u00a0The sampling rate can be set within the SentinelD software and can be adjusted for different channel counts. The maximum sampling rate for all channels in use is 900Hz, however, the sampling rate increases with the decreasing of the channel count, and for one channel it is equal to 5kHz.<\/li><li><sup>2)<\/sup>\u00a0Maximum attenuation that can be inserted in the optical line between the interrogator and the measured FBG, or series of FBG on a same power level.<\/li><li><sup>3)<\/sup>\u00a0Maximum attenuation that can be inserted between the FBG with the highest and lowest power level in one channel.<\/li><li><sup>4)<\/sup>\u00a0FOTR = Fully Operational Temperature Range (-5\u00b0C to +50\u00b0C).<\/li><li>All parameters tested with FBG\u2019s FWHM 200pm and 40% Reflectivity.<\/li><\/ul>\t\t\t\t\t\t\t\t<\/div>\n\t\t\t\t<\/div>\n\t\t\t\t\t<\/div>\n\t\t<\/div>\n\t\t\t\t\t<\/div>\n\t\t<\/section>\n\t\t\t\t<\/div>\n\t\t","protected":false},"excerpt":{"rendered":"<p class=\"bodytext\"><b>Type:<\/b>\u00a0Static \/ Dynamic<\/p>\n<p class=\"bodytext\"><b>Wavelength range:<\/b>\u00a080nm<\/p>\n<p class=\"bodytext\"><b>Sampling rate:<\/b>\u00a0Adjustable up to: 900Hz<\/p>\n<p class=\"bodytext\"><b>Nr. Of optical channels:<\/b>\u00a04<\/p>\n","protected":false},"featured_media":11457,"template":"","meta":{"_acf_changed":false},"product_brand":[],"product_cat":[405,428,431],"product_tag":[424,427,425,432,426],"class_list":{"0":"post-13695","1":"product","2":"type-product","3":"status-publish","4":"has-post-thumbnail","6":"product_cat-snimace-a-snimacie-systemy","7":"product_cat-meracie-zariadenia","8":"product_cat-s-line-scan-interrogators","9":"product_tag-geotechnicky-shm","10":"product_tag-obcianske-stavby-shm","11":"product_tag-obnovitelne-zdroje-energie","12":"product_tag-off-shore-namorne-a-podmorske","13":"product_tag-priemyselna-automatizacia","15":"first","16":"instock","17":"shipping-taxable","18":"product-type-simple"},"acf":[],"yoast_head":"<!-- This site is optimized with the Yoast SEO plugin v27.0 - https:\/\/yoast.com\/product\/yoast-seo-wordpress\/ -->\n<title>SCN-84D S-line Scan 804D - Sylex<\/title>\n<meta name=\"robots\" content=\"index, follow, max-snippet:-1, max-image-preview:large, max-video-preview:-1\" \/>\n<link rel=\"canonical\" href=\"https:\/\/www.sylex.sk\/sk\/produkt\/scn-84d-s-line-scan-804d\/\" \/>\n<meta property=\"og:locale\" content=\"sk_SK\" \/>\n<meta property=\"og:type\" content=\"article\" \/>\n<meta property=\"og:title\" content=\"SCN-84D S-line Scan 804D - Sylex\" \/>\n<meta property=\"og:description\" content=\"Type:\u00a0Static \/ Dynamic Wavelength range:\u00a080nm Sampling rate:\u00a0Adjustable up to: 900Hz Nr. Of optical channels:\u00a04\" \/>\n<meta property=\"og:url\" content=\"https:\/\/www.sylex.sk\/sk\/produkt\/scn-84d-s-line-scan-804d\/\" \/>\n<meta property=\"og:site_name\" content=\"Sylex\" \/>\n<meta property=\"article:publisher\" content=\"https:\/\/www.facebook.com\/sylex.sk\/\" \/>\n<meta property=\"article:modified_time\" content=\"2025-01-17T09:48:51+00:00\" \/>\n<meta property=\"og:image\" content=\"https:\/\/www.sylex.sk\/wp-content\/uploads\/2024\/04\/SCN-84D-S-line-Scan-804D-6.jpg\" \/>\n\t<meta property=\"og:image:width\" content=\"1920\" \/>\n\t<meta property=\"og:image:height\" content=\"1300\" \/>\n\t<meta property=\"og:image:type\" content=\"image\/jpeg\" \/>\n<meta name=\"twitter:card\" content=\"summary_large_image\" \/>\n<meta name=\"twitter:site\" content=\"@SYLEX_SK\" \/>\n<meta name=\"twitter:label1\" content=\"Predpokladan\u00fd \u010das \u010d\u00edtania\" \/>\n\t<meta name=\"twitter:data1\" content=\"1 min\u00fata\" \/>\n<script type=\"application\/ld+json\" class=\"yoast-schema-graph\">{\"@context\":\"https:\/\/schema.org\",\"@graph\":[{\"@type\":\"WebPage\",\"@id\":\"https:\/\/www.sylex.sk\/sk\/produkt\/scn-84d-s-line-scan-804d\/\",\"url\":\"https:\/\/www.sylex.sk\/sk\/produkt\/scn-84d-s-line-scan-804d\/\",\"name\":\"SCN-84D S-line Scan 804D - Sylex\",\"isPartOf\":{\"@id\":\"https:\/\/wonderful-yonath.136-243-14-103.plesk.page\/#website\"},\"primaryImageOfPage\":{\"@id\":\"https:\/\/www.sylex.sk\/sk\/produkt\/scn-84d-s-line-scan-804d\/#primaryimage\"},\"image\":{\"@id\":\"https:\/\/www.sylex.sk\/sk\/produkt\/scn-84d-s-line-scan-804d\/#primaryimage\"},\"thumbnailUrl\":\"https:\/\/www.sylex.sk\/wp-content\/uploads\/2024\/04\/SCN-84D-S-line-Scan-804D-6.jpg\",\"datePublished\":\"2023-09-06T11:06:13+00:00\",\"dateModified\":\"2025-01-17T09:48:51+00:00\",\"breadcrumb\":{\"@id\":\"https:\/\/www.sylex.sk\/sk\/produkt\/scn-84d-s-line-scan-804d\/#breadcrumb\"},\"inLanguage\":\"sk-SK\",\"potentialAction\":[{\"@type\":\"ReadAction\",\"target\":[\"https:\/\/www.sylex.sk\/sk\/produkt\/scn-84d-s-line-scan-804d\/\"]}]},{\"@type\":\"ImageObject\",\"inLanguage\":\"sk-SK\",\"@id\":\"https:\/\/www.sylex.sk\/sk\/produkt\/scn-84d-s-line-scan-804d\/#primaryimage\",\"url\":\"https:\/\/www.sylex.sk\/wp-content\/uploads\/2024\/04\/SCN-84D-S-line-Scan-804D-6.jpg\",\"contentUrl\":\"https:\/\/www.sylex.sk\/wp-content\/uploads\/2024\/04\/SCN-84D-S-line-Scan-804D-6.jpg\",\"width\":1920,\"height\":1300,\"caption\":\"SCN-84D S-line Scan 804D\"},{\"@type\":\"BreadcrumbList\",\"@id\":\"https:\/\/www.sylex.sk\/sk\/produkt\/scn-84d-s-line-scan-804d\/#breadcrumb\",\"itemListElement\":[{\"@type\":\"ListItem\",\"position\":1,\"name\":\"Home\",\"item\":\"https:\/\/www.sylex.sk\/sk\/\"},{\"@type\":\"ListItem\",\"position\":2,\"name\":\"Shop\",\"item\":\"https:\/\/www.sylex.sk\/sk\/shop\/\"},{\"@type\":\"ListItem\",\"position\":3,\"name\":\"SCN-84D S-line Scan 804D\"}]},{\"@type\":\"WebSite\",\"@id\":\"https:\/\/wonderful-yonath.136-243-14-103.plesk.page\/#website\",\"url\":\"https:\/\/wonderful-yonath.136-243-14-103.plesk.page\/\",\"name\":\"Sylex\",\"description\":\"Fiber Optics\",\"publisher\":{\"@id\":\"https:\/\/wonderful-yonath.136-243-14-103.plesk.page\/#organization\"},\"potentialAction\":[{\"@type\":\"SearchAction\",\"target\":{\"@type\":\"EntryPoint\",\"urlTemplate\":\"https:\/\/wonderful-yonath.136-243-14-103.plesk.page\/?s={search_term_string}\"},\"query-input\":{\"@type\":\"PropertyValueSpecification\",\"valueRequired\":true,\"valueName\":\"search_term_string\"}}],\"inLanguage\":\"sk-SK\"},{\"@type\":\"Organization\",\"@id\":\"https:\/\/wonderful-yonath.136-243-14-103.plesk.page\/#organization\",\"name\":\"Sylex\",\"url\":\"https:\/\/wonderful-yonath.136-243-14-103.plesk.page\/\",\"logo\":{\"@type\":\"ImageObject\",\"inLanguage\":\"sk-SK\",\"@id\":\"https:\/\/wonderful-yonath.136-243-14-103.plesk.page\/#\/schema\/logo\/image\/\",\"url\":\"https:\/\/www.sylex.sk\/wp-content\/uploads\/2024\/04\/logo4-1.png\",\"contentUrl\":\"https:\/\/www.sylex.sk\/wp-content\/uploads\/2024\/04\/logo4-1.png\",\"width\":308,\"height\":100,\"caption\":\"Sylex\"},\"image\":{\"@id\":\"https:\/\/wonderful-yonath.136-243-14-103.plesk.page\/#\/schema\/logo\/image\/\"},\"sameAs\":[\"https:\/\/www.facebook.com\/sylex.sk\/\",\"https:\/\/x.com\/SYLEX_SK\"]}]}<\/script>\n<!-- \/ Yoast SEO plugin. -->","yoast_head_json":{"title":"SCN-84D S-line Scan 804D - Sylex","robots":{"index":"index","follow":"follow","max-snippet":"max-snippet:-1","max-image-preview":"max-image-preview:large","max-video-preview":"max-video-preview:-1"},"canonical":"https:\/\/www.sylex.sk\/sk\/produkt\/scn-84d-s-line-scan-804d\/","og_locale":"sk_SK","og_type":"article","og_title":"SCN-84D S-line Scan 804D - Sylex","og_description":"Type:\u00a0Static \/ Dynamic Wavelength range:\u00a080nm Sampling rate:\u00a0Adjustable up to: 900Hz Nr. Of optical channels:\u00a04","og_url":"https:\/\/www.sylex.sk\/sk\/produkt\/scn-84d-s-line-scan-804d\/","og_site_name":"Sylex","article_publisher":"https:\/\/www.facebook.com\/sylex.sk\/","article_modified_time":"2025-01-17T09:48:51+00:00","og_image":[{"width":1920,"height":1300,"url":"https:\/\/www.sylex.sk\/wp-content\/uploads\/2024\/04\/SCN-84D-S-line-Scan-804D-6.jpg","type":"image\/jpeg"}],"twitter_card":"summary_large_image","twitter_site":"@SYLEX_SK","twitter_misc":{"Predpokladan\u00fd \u010das \u010d\u00edtania":"1 min\u00fata"},"schema":{"@context":"https:\/\/schema.org","@graph":[{"@type":"WebPage","@id":"https:\/\/www.sylex.sk\/sk\/produkt\/scn-84d-s-line-scan-804d\/","url":"https:\/\/www.sylex.sk\/sk\/produkt\/scn-84d-s-line-scan-804d\/","name":"SCN-84D S-line Scan 804D - Sylex","isPartOf":{"@id":"https:\/\/wonderful-yonath.136-243-14-103.plesk.page\/#website"},"primaryImageOfPage":{"@id":"https:\/\/www.sylex.sk\/sk\/produkt\/scn-84d-s-line-scan-804d\/#primaryimage"},"image":{"@id":"https:\/\/www.sylex.sk\/sk\/produkt\/scn-84d-s-line-scan-804d\/#primaryimage"},"thumbnailUrl":"https:\/\/www.sylex.sk\/wp-content\/uploads\/2024\/04\/SCN-84D-S-line-Scan-804D-6.jpg","datePublished":"2023-09-06T11:06:13+00:00","dateModified":"2025-01-17T09:48:51+00:00","breadcrumb":{"@id":"https:\/\/www.sylex.sk\/sk\/produkt\/scn-84d-s-line-scan-804d\/#breadcrumb"},"inLanguage":"sk-SK","potentialAction":[{"@type":"ReadAction","target":["https:\/\/www.sylex.sk\/sk\/produkt\/scn-84d-s-line-scan-804d\/"]}]},{"@type":"ImageObject","inLanguage":"sk-SK","@id":"https:\/\/www.sylex.sk\/sk\/produkt\/scn-84d-s-line-scan-804d\/#primaryimage","url":"https:\/\/www.sylex.sk\/wp-content\/uploads\/2024\/04\/SCN-84D-S-line-Scan-804D-6.jpg","contentUrl":"https:\/\/www.sylex.sk\/wp-content\/uploads\/2024\/04\/SCN-84D-S-line-Scan-804D-6.jpg","width":1920,"height":1300,"caption":"SCN-84D S-line Scan 804D"},{"@type":"BreadcrumbList","@id":"https:\/\/www.sylex.sk\/sk\/produkt\/scn-84d-s-line-scan-804d\/#breadcrumb","itemListElement":[{"@type":"ListItem","position":1,"name":"Home","item":"https:\/\/www.sylex.sk\/sk\/"},{"@type":"ListItem","position":2,"name":"Shop","item":"https:\/\/www.sylex.sk\/sk\/shop\/"},{"@type":"ListItem","position":3,"name":"SCN-84D S-line Scan 804D"}]},{"@type":"WebSite","@id":"https:\/\/wonderful-yonath.136-243-14-103.plesk.page\/#website","url":"https:\/\/wonderful-yonath.136-243-14-103.plesk.page\/","name":"Sylex","description":"Fiber Optics","publisher":{"@id":"https:\/\/wonderful-yonath.136-243-14-103.plesk.page\/#organization"},"potentialAction":[{"@type":"SearchAction","target":{"@type":"EntryPoint","urlTemplate":"https:\/\/wonderful-yonath.136-243-14-103.plesk.page\/?s={search_term_string}"},"query-input":{"@type":"PropertyValueSpecification","valueRequired":true,"valueName":"search_term_string"}}],"inLanguage":"sk-SK"},{"@type":"Organization","@id":"https:\/\/wonderful-yonath.136-243-14-103.plesk.page\/#organization","name":"Sylex","url":"https:\/\/wonderful-yonath.136-243-14-103.plesk.page\/","logo":{"@type":"ImageObject","inLanguage":"sk-SK","@id":"https:\/\/wonderful-yonath.136-243-14-103.plesk.page\/#\/schema\/logo\/image\/","url":"https:\/\/www.sylex.sk\/wp-content\/uploads\/2024\/04\/logo4-1.png","contentUrl":"https:\/\/www.sylex.sk\/wp-content\/uploads\/2024\/04\/logo4-1.png","width":308,"height":100,"caption":"Sylex"},"image":{"@id":"https:\/\/wonderful-yonath.136-243-14-103.plesk.page\/#\/schema\/logo\/image\/"},"sameAs":["https:\/\/www.facebook.com\/sylex.sk\/","https:\/\/x.com\/SYLEX_SK"]}]}},"_links":{"self":[{"href":"https:\/\/www.sylex.sk\/sk\/wp-json\/wp\/v2\/product\/13695","targetHints":{"allow":["GET"]}}],"collection":[{"href":"https:\/\/www.sylex.sk\/sk\/wp-json\/wp\/v2\/product"}],"about":[{"href":"https:\/\/www.sylex.sk\/sk\/wp-json\/wp\/v2\/types\/product"}],"version-history":[{"count":0,"href":"https:\/\/www.sylex.sk\/sk\/wp-json\/wp\/v2\/product\/13695\/revisions"}],"wp:featuredmedia":[{"embeddable":true,"href":"https:\/\/www.sylex.sk\/sk\/wp-json\/wp\/v2\/media\/11457"}],"wp:attachment":[{"href":"https:\/\/www.sylex.sk\/sk\/wp-json\/wp\/v2\/media?parent=13695"}],"wp:term":[{"taxonomy":"product_brand","embeddable":true,"href":"https:\/\/www.sylex.sk\/sk\/wp-json\/wp\/v2\/product_brand?post=13695"},{"taxonomy":"product_cat","embeddable":true,"href":"https:\/\/www.sylex.sk\/sk\/wp-json\/wp\/v2\/product_cat?post=13695"},{"taxonomy":"product_tag","embeddable":true,"href":"https:\/\/www.sylex.sk\/sk\/wp-json\/wp\/v2\/product_tag?post=13695"}],"curies":[{"name":"wp","href":"https:\/\/api.w.org\/{rel}","templated":true}]}}