{"id":13702,"date":"2023-09-06T12:10:04","date_gmt":"2023-09-06T11:10:04","guid":{"rendered":"https:\/\/www.sylex.sk\/product\/hta-01-vysokoteplotny-snimac\/"},"modified":"2025-01-17T10:50:29","modified_gmt":"2025-01-17T09:50:29","slug":"hta-01-high-temperature-array-sensor","status":"publish","type":"product","link":"https:\/\/www.sylex.sk\/sk\/produkt\/hta-01-high-temperature-array-sensor\/","title":{"rendered":"HTA-01 High temperature array sensor"},"content":{"rendered":"\t\t<div data-elementor-type=\"product-post\" data-elementor-id=\"13702\" class=\"elementor elementor-13702 elementor-739\" data-elementor-post-type=\"product\">\n\t\t\t\t\t\t<section class=\"elementor-section elementor-top-section elementor-element elementor-element-9dc5ba1 elementor-section-boxed elementor-section-height-default elementor-section-height-default\" data-id=\"9dc5ba1\" data-element_type=\"section\" data-e-type=\"section\">\n\t\t\t\t\t\t<div class=\"elementor-container elementor-column-gap-default\">\n\t\t\t\t\t<div class=\"elementor-column elementor-col-100 elementor-top-column elementor-element elementor-element-5ff249a4\" data-id=\"5ff249a4\" data-element_type=\"column\" data-e-type=\"column\">\n\t\t\t<div class=\"elementor-widget-wrap elementor-element-populated\">\n\t\t\t\t\t\t<div class=\"elementor-element elementor-element-1d612764 elementor-widget elementor-widget-heading\" data-id=\"1d612764\" data-element_type=\"widget\" data-e-type=\"widget\" data-widget_type=\"heading.default\">\n\t\t\t\t<div class=\"elementor-widget-container\">\n\t\t\t\t\t<h2 class=\"elementor-heading-title elementor-size-default\">Product Specification<\/h2>\t\t\t\t<\/div>\n\t\t\t\t<\/div>\n\t\t\t\t<div class=\"elementor-element elementor-element-6c741de7 elementor-widget elementor-widget-text-editor\" data-id=\"6c741de7\" data-element_type=\"widget\" data-e-type=\"widget\" data-widget_type=\"text-editor.default\">\n\t\t\t\t<div class=\"elementor-widget-container\">\n\t\t\t\t\t\t\t\t\t<table border=\"0\" width=\"100%\" cellspacing=\"0\" cellpadding=\"0\">\n<tbody>\n<tr>\n<td rowspan=\"8\" valign=\"top\"><strong>Performance properties<\/strong><\/td>\n<td>\n<div>Temperature range<\/div><\/td>\n<td colspan=\"2\">\n<div>\n<div><\/div>\n<\/div>\n<div>-20 up to +350\u00b0C or up to +600\u00b0C<sup>4)<\/sup><\/div>\n<div><\/div><\/td>\n<\/tr>\n<tr>\n<td>\n<div>Temperature accuracy<\/div><\/td>\n<td colspan=\"2\">1% FS<sup>3)<\/sup>\n<div><\/div><\/td>\n<\/tr>\n<tr>\n<td>Temperature accuracy (typical)<sup>1)<\/sup><\/td>\n<td colspan=\"2\">&lt;0.8% FS<sup>3)<\/sup><\/td>\n<\/tr>\n<tr>\n<td>Temperature precision<\/td>\n<td colspan=\"2\">\u00b10,45% FS<sup>3)<\/sup><\/td>\n<\/tr>\n<tr>\n<td>Temperature precision (typical)<sup>2)<\/sup><\/td>\n<td colspan=\"2\">\u00b10,35% FS<sup>3)<\/sup><\/td>\n<\/tr>\n<tr>\n<td>Temperature resolution<\/td>\n<td colspan=\"2\">0,1\u00b0C<\/td>\n<\/tr>\n<tr>\n<td>Ingress Protection rating<\/td>\n<td colspan=\"2\">IP 68<\/td>\n<\/tr>\n<tr>\n<td>Operating Temperature range<\/td>\n<td colspan=\"2\">-50\u00b0C to +600\u00b0C<\/td>\n<\/tr>\n<tr>\n<td rowspan=\"8\" valign=\"top\"><strong>Physical properties<\/strong><\/td>\n<td>\n<div>Housing material<\/div><\/td>\n<td colspan=\"2\">\n<div>\n<div><\/div>\n<\/div>\n<div>SS304 \u2013 1.4301<\/div>\n<div><\/div><\/td>\n<\/tr>\n<tr>\n<td>Dimensions (without cable)<sup>5)<\/sup><\/td>\n<td colspan=\"2\">Variable (OD 2mm)<\/td>\n<\/tr>\n<tr>\n<td>Weight (without cable)<\/td>\n<td colspan=\"2\">170g<\/td>\n<\/tr>\n<tr>\n<td>Cable type<\/td>\n<td colspan=\"2\">SS tubing \/ 3mm Dyneema reinforced cable<\/td>\n<\/tr>\n<tr>\n<td>Cable length<sup>6)<\/sup><\/td>\n<td colspan=\"2\">1.5mtr<\/td>\n<\/tr>\n<tr>\n<td>Cable Bend Radius (dynamic)<\/td>\n<td colspan=\"2\">40mm<\/td>\n<\/tr>\n<tr>\n<td>Cable Bend Radius (static)<\/td>\n<td colspan=\"2\">30mm<\/td>\n<\/tr>\n<tr>\n<td>Connector type<sup>7)<\/sup><\/td>\n<td colspan=\"2\">FC\/APC<\/td>\n<\/tr>\n<tr>\n<td><\/td>\n<td colspan=\"2\"><\/td>\n<\/tr>\n<tr>\n<td><\/td>\n<td colspan=\"2\"><\/td>\n<\/tr>\n<tr>\n<td><strong>Packaging<\/strong><\/td>\n<td colspan=\"3\">Custom packaging depending on the total length<\/td>\n<\/tr>\n<tr>\n<td><strong>Quality Statement<\/strong><\/td>\n<td colspan=\"3\">HTA-01 sensor is compliant with IEC 61757:2018 and IEC 61757-2-1:2021.\nAll sensors are 100% tested and calibrated at SYLEX.\nSensor is manufactured according to ISO 9001:2008 and ISO 14001:2004<\/td>\n<\/tr>\n<\/tbody>\n<\/table>\n<p class=\"bodytext\">Notes:<\/p>\n\n<ul>\n \t<li><sup>1)\u00a0<\/sup>Accuracy is established for each individual sensor under laboratory conditions and it includes hysteresis, non-linearity and repeatability of the sensor.<\/li>\n \t<li><sup>2)\u00a0<\/sup>Precision is established on a batch basis and it includes hysteresis, non-linearity, repeatability and reproducibility of the sensor.<\/li>\n \t<li><sup>3)\u00a0<\/sup>FS: full scale range<\/li>\n \t<li><sup>4)\u00a0<\/sup>Can be extended to range from -50 up to +600\u00b0C<\/li>\n \t<li><sup>5)<\/sup>\u00a0For further dimensions details see the product drawing.<\/li>\n \t<li><sup>6)<\/sup>\u00a0Cable length is extendable on request.<\/li>\n \t<li><sup>7)<\/sup>\u00a0Other connector types available on request.<\/li>\n<\/ul>\t\t\t\t\t\t\t\t<\/div>\n\t\t\t\t<\/div>\n\t\t\t\t\t<\/div>\n\t\t<\/div>\n\t\t\t\t\t<\/div>\n\t\t<\/section>\n\t\t\t\t<\/div>\n\t\t","protected":false},"excerpt":{"rendered":"<p class=\"bodytext\"><b>Type:<\/b>\u00a0High temperature sensor<\/p>\n<p class=\"bodytext\"><b>Application:<\/b>\u00a0Temperature compensation or local temperature measurement<\/p>\n<p class=\"bodytext\"><b>Installation method:<\/b>\u00a0Surface mountable &#8211; gluable or custom brackets<\/p>\n","protected":false},"featured_media":11316,"template":"","meta":{"_acf_changed":false},"product_brand":[],"product_cat":[405,422,463],"product_tag":[432],"class_list":{"0":"post-13702","1":"product","2":"type-product","3":"status-publish","4":"has-post-thumbnail","6":"product_cat-snimace-a-snimacie-systemy","7":"product_cat-snimace","8":"product_cat-temperature-temperature-compensation-sk","9":"product_tag-off-shore-namorne-a-podmorske","11":"first","12":"instock","13":"shipping-taxable","14":"product-type-simple"},"acf":[],"yoast_head":"<!-- This site is optimized with the Yoast SEO plugin v27.0 - https:\/\/yoast.com\/product\/yoast-seo-wordpress\/ -->\n<title>HTA-01 High temperature array sensor - Sylex<\/title>\n<meta name=\"robots\" content=\"index, follow, max-snippet:-1, max-image-preview:large, max-video-preview:-1\" \/>\n<link rel=\"canonical\" href=\"https:\/\/www.sylex.sk\/sk\/produkt\/hta-01-high-temperature-array-sensor\/\" \/>\n<meta property=\"og:locale\" content=\"sk_SK\" \/>\n<meta property=\"og:type\" content=\"article\" \/>\n<meta property=\"og:title\" content=\"HTA-01 High temperature array sensor - Sylex\" \/>\n<meta property=\"og:description\" content=\"Type:\u00a0High temperature sensor Application:\u00a0Temperature compensation or local temperature measurement Installation method:\u00a0Surface mountable - gluable or custom brackets\" \/>\n<meta property=\"og:url\" content=\"https:\/\/www.sylex.sk\/sk\/produkt\/hta-01-high-temperature-array-sensor\/\" \/>\n<meta property=\"og:site_name\" content=\"Sylex\" \/>\n<meta property=\"article:publisher\" content=\"https:\/\/www.facebook.com\/sylex.sk\/\" \/>\n<meta property=\"article:modified_time\" content=\"2025-01-17T09:50:29+00:00\" \/>\n<meta property=\"og:image\" content=\"https:\/\/www.sylex.sk\/wp-content\/uploads\/2024\/04\/HTA-01-High-temperature-array-sensor-3.jpg\" \/>\n\t<meta property=\"og:image:width\" content=\"1920\" \/>\n\t<meta property=\"og:image:height\" content=\"1300\" \/>\n\t<meta property=\"og:image:type\" content=\"image\/jpeg\" \/>\n<meta name=\"twitter:card\" content=\"summary_large_image\" \/>\n<meta name=\"twitter:site\" content=\"@SYLEX_SK\" \/>\n<meta name=\"twitter:label1\" content=\"Predpokladan\u00fd \u010das \u010d\u00edtania\" \/>\n\t<meta name=\"twitter:data1\" content=\"1 min\u00fata\" \/>\n<script type=\"application\/ld+json\" class=\"yoast-schema-graph\">{\"@context\":\"https:\/\/schema.org\",\"@graph\":[{\"@type\":\"WebPage\",\"@id\":\"https:\/\/www.sylex.sk\/sk\/produkt\/hta-01-high-temperature-array-sensor\/\",\"url\":\"https:\/\/www.sylex.sk\/sk\/produkt\/hta-01-high-temperature-array-sensor\/\",\"name\":\"HTA-01 High temperature array sensor - Sylex\",\"isPartOf\":{\"@id\":\"https:\/\/wonderful-yonath.136-243-14-103.plesk.page\/#website\"},\"primaryImageOfPage\":{\"@id\":\"https:\/\/www.sylex.sk\/sk\/produkt\/hta-01-high-temperature-array-sensor\/#primaryimage\"},\"image\":{\"@id\":\"https:\/\/www.sylex.sk\/sk\/produkt\/hta-01-high-temperature-array-sensor\/#primaryimage\"},\"thumbnailUrl\":\"https:\/\/www.sylex.sk\/wp-content\/uploads\/2024\/04\/HTA-01-High-temperature-array-sensor-3.jpg\",\"datePublished\":\"2023-09-06T11:10:04+00:00\",\"dateModified\":\"2025-01-17T09:50:29+00:00\",\"breadcrumb\":{\"@id\":\"https:\/\/www.sylex.sk\/sk\/produkt\/hta-01-high-temperature-array-sensor\/#breadcrumb\"},\"inLanguage\":\"sk-SK\",\"potentialAction\":[{\"@type\":\"ReadAction\",\"target\":[\"https:\/\/www.sylex.sk\/sk\/produkt\/hta-01-high-temperature-array-sensor\/\"]}]},{\"@type\":\"ImageObject\",\"inLanguage\":\"sk-SK\",\"@id\":\"https:\/\/www.sylex.sk\/sk\/produkt\/hta-01-high-temperature-array-sensor\/#primaryimage\",\"url\":\"https:\/\/www.sylex.sk\/wp-content\/uploads\/2024\/04\/HTA-01-High-temperature-array-sensor-3.jpg\",\"contentUrl\":\"https:\/\/www.sylex.sk\/wp-content\/uploads\/2024\/04\/HTA-01-High-temperature-array-sensor-3.jpg\",\"width\":1920,\"height\":1300,\"caption\":\"HTA-01 Vysokoteplotn\u00fd sn\u00edma\u010d\"},{\"@type\":\"BreadcrumbList\",\"@id\":\"https:\/\/www.sylex.sk\/sk\/produkt\/hta-01-high-temperature-array-sensor\/#breadcrumb\",\"itemListElement\":[{\"@type\":\"ListItem\",\"position\":1,\"name\":\"Home\",\"item\":\"https:\/\/www.sylex.sk\/sk\/\"},{\"@type\":\"ListItem\",\"position\":2,\"name\":\"Shop\",\"item\":\"https:\/\/www.sylex.sk\/sk\/shop\/\"},{\"@type\":\"ListItem\",\"position\":3,\"name\":\"HTA-01 High temperature array sensor\"}]},{\"@type\":\"WebSite\",\"@id\":\"https:\/\/wonderful-yonath.136-243-14-103.plesk.page\/#website\",\"url\":\"https:\/\/wonderful-yonath.136-243-14-103.plesk.page\/\",\"name\":\"Sylex\",\"description\":\"Fiber Optics\",\"publisher\":{\"@id\":\"https:\/\/wonderful-yonath.136-243-14-103.plesk.page\/#organization\"},\"potentialAction\":[{\"@type\":\"SearchAction\",\"target\":{\"@type\":\"EntryPoint\",\"urlTemplate\":\"https:\/\/wonderful-yonath.136-243-14-103.plesk.page\/?s={search_term_string}\"},\"query-input\":{\"@type\":\"PropertyValueSpecification\",\"valueRequired\":true,\"valueName\":\"search_term_string\"}}],\"inLanguage\":\"sk-SK\"},{\"@type\":\"Organization\",\"@id\":\"https:\/\/wonderful-yonath.136-243-14-103.plesk.page\/#organization\",\"name\":\"Sylex\",\"url\":\"https:\/\/wonderful-yonath.136-243-14-103.plesk.page\/\",\"logo\":{\"@type\":\"ImageObject\",\"inLanguage\":\"sk-SK\",\"@id\":\"https:\/\/wonderful-yonath.136-243-14-103.plesk.page\/#\/schema\/logo\/image\/\",\"url\":\"https:\/\/www.sylex.sk\/wp-content\/uploads\/2024\/04\/logo4-1.png\",\"contentUrl\":\"https:\/\/www.sylex.sk\/wp-content\/uploads\/2024\/04\/logo4-1.png\",\"width\":308,\"height\":100,\"caption\":\"Sylex\"},\"image\":{\"@id\":\"https:\/\/wonderful-yonath.136-243-14-103.plesk.page\/#\/schema\/logo\/image\/\"},\"sameAs\":[\"https:\/\/www.facebook.com\/sylex.sk\/\",\"https:\/\/x.com\/SYLEX_SK\"]}]}<\/script>\n<!-- \/ Yoast SEO plugin. -->","yoast_head_json":{"title":"HTA-01 High temperature array sensor - Sylex","robots":{"index":"index","follow":"follow","max-snippet":"max-snippet:-1","max-image-preview":"max-image-preview:large","max-video-preview":"max-video-preview:-1"},"canonical":"https:\/\/www.sylex.sk\/sk\/produkt\/hta-01-high-temperature-array-sensor\/","og_locale":"sk_SK","og_type":"article","og_title":"HTA-01 High temperature array sensor - Sylex","og_description":"Type:\u00a0High temperature sensor Application:\u00a0Temperature compensation or local temperature measurement Installation method:\u00a0Surface mountable - gluable or custom brackets","og_url":"https:\/\/www.sylex.sk\/sk\/produkt\/hta-01-high-temperature-array-sensor\/","og_site_name":"Sylex","article_publisher":"https:\/\/www.facebook.com\/sylex.sk\/","article_modified_time":"2025-01-17T09:50:29+00:00","og_image":[{"width":1920,"height":1300,"url":"https:\/\/www.sylex.sk\/wp-content\/uploads\/2024\/04\/HTA-01-High-temperature-array-sensor-3.jpg","type":"image\/jpeg"}],"twitter_card":"summary_large_image","twitter_site":"@SYLEX_SK","twitter_misc":{"Predpokladan\u00fd \u010das \u010d\u00edtania":"1 min\u00fata"},"schema":{"@context":"https:\/\/schema.org","@graph":[{"@type":"WebPage","@id":"https:\/\/www.sylex.sk\/sk\/produkt\/hta-01-high-temperature-array-sensor\/","url":"https:\/\/www.sylex.sk\/sk\/produkt\/hta-01-high-temperature-array-sensor\/","name":"HTA-01 High temperature array sensor - Sylex","isPartOf":{"@id":"https:\/\/wonderful-yonath.136-243-14-103.plesk.page\/#website"},"primaryImageOfPage":{"@id":"https:\/\/www.sylex.sk\/sk\/produkt\/hta-01-high-temperature-array-sensor\/#primaryimage"},"image":{"@id":"https:\/\/www.sylex.sk\/sk\/produkt\/hta-01-high-temperature-array-sensor\/#primaryimage"},"thumbnailUrl":"https:\/\/www.sylex.sk\/wp-content\/uploads\/2024\/04\/HTA-01-High-temperature-array-sensor-3.jpg","datePublished":"2023-09-06T11:10:04+00:00","dateModified":"2025-01-17T09:50:29+00:00","breadcrumb":{"@id":"https:\/\/www.sylex.sk\/sk\/produkt\/hta-01-high-temperature-array-sensor\/#breadcrumb"},"inLanguage":"sk-SK","potentialAction":[{"@type":"ReadAction","target":["https:\/\/www.sylex.sk\/sk\/produkt\/hta-01-high-temperature-array-sensor\/"]}]},{"@type":"ImageObject","inLanguage":"sk-SK","@id":"https:\/\/www.sylex.sk\/sk\/produkt\/hta-01-high-temperature-array-sensor\/#primaryimage","url":"https:\/\/www.sylex.sk\/wp-content\/uploads\/2024\/04\/HTA-01-High-temperature-array-sensor-3.jpg","contentUrl":"https:\/\/www.sylex.sk\/wp-content\/uploads\/2024\/04\/HTA-01-High-temperature-array-sensor-3.jpg","width":1920,"height":1300,"caption":"HTA-01 Vysokoteplotn\u00fd sn\u00edma\u010d"},{"@type":"BreadcrumbList","@id":"https:\/\/www.sylex.sk\/sk\/produkt\/hta-01-high-temperature-array-sensor\/#breadcrumb","itemListElement":[{"@type":"ListItem","position":1,"name":"Home","item":"https:\/\/www.sylex.sk\/sk\/"},{"@type":"ListItem","position":2,"name":"Shop","item":"https:\/\/www.sylex.sk\/sk\/shop\/"},{"@type":"ListItem","position":3,"name":"HTA-01 High temperature array sensor"}]},{"@type":"WebSite","@id":"https:\/\/wonderful-yonath.136-243-14-103.plesk.page\/#website","url":"https:\/\/wonderful-yonath.136-243-14-103.plesk.page\/","name":"Sylex","description":"Fiber Optics","publisher":{"@id":"https:\/\/wonderful-yonath.136-243-14-103.plesk.page\/#organization"},"potentialAction":[{"@type":"SearchAction","target":{"@type":"EntryPoint","urlTemplate":"https:\/\/wonderful-yonath.136-243-14-103.plesk.page\/?s={search_term_string}"},"query-input":{"@type":"PropertyValueSpecification","valueRequired":true,"valueName":"search_term_string"}}],"inLanguage":"sk-SK"},{"@type":"Organization","@id":"https:\/\/wonderful-yonath.136-243-14-103.plesk.page\/#organization","name":"Sylex","url":"https:\/\/wonderful-yonath.136-243-14-103.plesk.page\/","logo":{"@type":"ImageObject","inLanguage":"sk-SK","@id":"https:\/\/wonderful-yonath.136-243-14-103.plesk.page\/#\/schema\/logo\/image\/","url":"https:\/\/www.sylex.sk\/wp-content\/uploads\/2024\/04\/logo4-1.png","contentUrl":"https:\/\/www.sylex.sk\/wp-content\/uploads\/2024\/04\/logo4-1.png","width":308,"height":100,"caption":"Sylex"},"image":{"@id":"https:\/\/wonderful-yonath.136-243-14-103.plesk.page\/#\/schema\/logo\/image\/"},"sameAs":["https:\/\/www.facebook.com\/sylex.sk\/","https:\/\/x.com\/SYLEX_SK"]}]}},"_links":{"self":[{"href":"https:\/\/www.sylex.sk\/sk\/wp-json\/wp\/v2\/product\/13702","targetHints":{"allow":["GET"]}}],"collection":[{"href":"https:\/\/www.sylex.sk\/sk\/wp-json\/wp\/v2\/product"}],"about":[{"href":"https:\/\/www.sylex.sk\/sk\/wp-json\/wp\/v2\/types\/product"}],"version-history":[{"count":0,"href":"https:\/\/www.sylex.sk\/sk\/wp-json\/wp\/v2\/product\/13702\/revisions"}],"wp:featuredmedia":[{"embeddable":true,"href":"https:\/\/www.sylex.sk\/sk\/wp-json\/wp\/v2\/media\/11316"}],"wp:attachment":[{"href":"https:\/\/www.sylex.sk\/sk\/wp-json\/wp\/v2\/media?parent=13702"}],"wp:term":[{"taxonomy":"product_brand","embeddable":true,"href":"https:\/\/www.sylex.sk\/sk\/wp-json\/wp\/v2\/product_brand?post=13702"},{"taxonomy":"product_cat","embeddable":true,"href":"https:\/\/www.sylex.sk\/sk\/wp-json\/wp\/v2\/product_cat?post=13702"},{"taxonomy":"product_tag","embeddable":true,"href":"https:\/\/www.sylex.sk\/sk\/wp-json\/wp\/v2\/product_tag?post=13702"}],"curies":[{"name":"wp","href":"https:\/\/api.w.org\/{rel}","templated":true}]}}