{"id":13997,"date":"2023-09-21T12:51:17","date_gmt":"2023-09-21T11:51:17","guid":{"rendered":"https:\/\/www.sylex.sk\/product\/sc-01-snimac-tahu-na-kabli\/"},"modified":"2025-01-16T15:19:35","modified_gmt":"2025-01-16T14:19:35","slug":"sc-01-strain-cable-sensor","status":"publish","type":"product","link":"https:\/\/www.sylex.sk\/sk\/produkt\/sc-01-strain-cable-sensor\/","title":{"rendered":"SC-01 Strain cable sensor"},"content":{"rendered":"\t\t<div data-elementor-type=\"product-post\" data-elementor-id=\"13997\" class=\"elementor elementor-13997 elementor-1170\" data-elementor-post-type=\"product\">\n\t\t\t\t\t\t<section class=\"elementor-section elementor-top-section elementor-element elementor-element-601566a0 elementor-section-boxed elementor-section-height-default elementor-section-height-default\" data-id=\"601566a0\" data-element_type=\"section\" data-e-type=\"section\">\n\t\t\t\t\t\t<div class=\"elementor-container elementor-column-gap-default\">\n\t\t\t\t\t<div class=\"elementor-column elementor-col-100 elementor-top-column elementor-element elementor-element-2a5a13c5\" data-id=\"2a5a13c5\" data-element_type=\"column\" data-e-type=\"column\">\n\t\t\t<div class=\"elementor-widget-wrap elementor-element-populated\">\n\t\t\t\t\t\t<div class=\"elementor-element elementor-element-3e21426d elementor-widget elementor-widget-heading\" data-id=\"3e21426d\" data-element_type=\"widget\" data-e-type=\"widget\" data-widget_type=\"heading.default\">\n\t\t\t\t<div class=\"elementor-widget-container\">\n\t\t\t\t\t<h2 class=\"elementor-heading-title elementor-size-default\">Product specification<\/h2>\t\t\t\t<\/div>\n\t\t\t\t<\/div>\n\t\t\t\t<div class=\"elementor-element elementor-element-33ec7e92 elementor-widget-divider--view-line elementor-widget elementor-widget-divider\" data-id=\"33ec7e92\" data-element_type=\"widget\" data-e-type=\"widget\" data-widget_type=\"divider.default\">\n\t\t\t\t<div class=\"elementor-widget-container\">\n\t\t\t\t\t\t\t<div class=\"elementor-divider\">\n\t\t\t<span class=\"elementor-divider-separator\">\n\t\t\t\t\t\t<\/span>\n\t\t<\/div>\n\t\t\t\t\t\t<\/div>\n\t\t\t\t<\/div>\n\t\t\t\t\t<\/div>\n\t\t<\/div>\n\t\t\t\t\t<\/div>\n\t\t<\/section>\n\t\t\t\t<section class=\"elementor-section elementor-top-section elementor-element elementor-element-16c5152 elementor-section-boxed elementor-section-height-default elementor-section-height-default\" data-id=\"16c5152\" data-element_type=\"section\" data-e-type=\"section\">\n\t\t\t\t\t\t<div class=\"elementor-container elementor-column-gap-default\">\n\t\t\t\t\t<div class=\"elementor-column elementor-col-100 elementor-top-column elementor-element elementor-element-d1e9a91\" data-id=\"d1e9a91\" data-element_type=\"column\" data-e-type=\"column\">\n\t\t\t<div class=\"elementor-widget-wrap elementor-element-populated\">\n\t\t\t\t\t\t<div class=\"elementor-element elementor-element-8e7d50e elementor-widget elementor-widget-text-editor\" data-id=\"8e7d50e\" data-element_type=\"widget\" data-e-type=\"widget\" data-widget_type=\"text-editor.default\">\n\t\t\t\t<div class=\"elementor-widget-container\">\n\t\t\t\t\t\t\t\t\t<table border=\"0\" width=\"100%\" cellspacing=\"0\" cellpadding=\"0\">\n<tbody>\n<tr>\n<td rowspan=\"13\" valign=\"top\"><strong>Performance properties<\/strong><\/td>\n<td>\n<div>Strain range<\/div><\/td>\n<td colspan=\"2\">\n<div>\n<div><\/div>\n<\/div>\n<div>\u00b15000\u03bc\u025b<\/div>\n<div><\/div><\/td>\n<\/tr>\n<tr>\n<td>\n<div>Accuracy (guaranteed)<sup>1)<\/sup><\/div><\/td>\n<td colspan=\"2\">&lt;0.35% FS<sup>3)\u00a0<\/sup>\n<div><\/div><\/td>\n<\/tr>\n<tr>\n<td>\n<div>Accuracy (typical)<sup>1)<\/sup><\/div><\/td>\n<td colspan=\"2\">&lt;0.18% FS<sup>3)<\/sup>\n<div><\/div><\/td>\n<\/tr>\n<tr>\n<td>\n<div>Precision (guaranteed)<sup>2)<\/sup><\/div><\/td>\n<td colspan=\"2\">&lt;0.15% FS<sup>3)<\/sup>\n<div><\/div><\/td>\n<\/tr>\n<tr>\n<td>\n<div>Precision (typical)<sup>2)<\/sup><\/div><\/td>\n<td colspan=\"2\">\n<div>&lt;0.10% FS<sup>3)<\/sup><\/div>\n<div><\/div><\/td>\n<\/tr>\n<tr>\n<td>Temperature compensation<\/td>\n<td colspan=\"2\">Integrated<\/td>\n<\/tr>\n<tr>\n<td>Temperature accuracy<sup>1)<\/sup><\/td>\n<td colspan=\"2\">\n<div id=\"c7439\" class=\"csc-default\">\n<div class=\"tab_row2_column75 colorCCC\">&lt;1\u00b0C<\/div>\n<\/div><\/td>\n<\/tr>\n<tr>\n<td>Temperature precision<sup>2)<\/sup><\/td>\n<td colspan=\"2\">\n<div>\u00b10.3\u00b0C<\/div>\n<div><\/div><\/td>\n<\/tr>\n<tr>\n<td>Temperature resolution<\/td>\n<td colspan=\"2\">\n<div>0.05\u00b0C<\/div>\n<div><\/div><\/td>\n<\/tr>\n<tr>\n<td>Temperature sensitivity<\/td>\n<td colspan=\"2\">\n<div>28pm\/\u00b0C<\/div>\n<div><\/div><\/td>\n<\/tr>\n<tr>\n<td>Strain sensitivity<\/td>\n<td colspan=\"2\">\n<div>\u223d1.35pm\/\u00b5\u025b<\/div>\n<div><\/div><\/td>\n<\/tr>\n<tr>\n<td>Operating Temperature range<\/td>\n<td colspan=\"2\">-20\u00b0C to +60\u00b0C<\/td>\n<\/tr>\n<tr>\n<td>Ingress Protection rating<\/td>\n<td colspan=\"2\">\n<div id=\"c7439\" class=\"csc-default\">\n<div class=\"tab_row2_column75 colorCCC\">IP 67<\/div>\n<\/div><\/td>\n<\/tr>\n<tr>\n<td rowspan=\"9\" valign=\"top\"><strong>Physical properties<\/strong><\/td>\n<td>\n<div>Housing material<\/div><\/td>\n<td colspan=\"2\">\n<div>\n<div><\/div>\n<\/div>\n<div>Stainless steel SS316L and polyamide<\/div>\n<div><\/div><\/td>\n<\/tr>\n<tr>\n<td>\n<div>Anchoring distance<\/div><\/td>\n<td colspan=\"2\">Adjustable parameter\n<div><\/div><\/td>\n<\/tr>\n<tr>\n<td>\n<div>Dimensions (without cable)<sup>4)<\/sup><\/div><\/td>\n<td colspan=\"2\">\u00d812 mm x L mm [Washer \u00d824 mm]\n<div><\/div><\/td>\n<\/tr>\n<tr>\n<td>\n<div>Weight (without cable)<\/div><\/td>\n<td colspan=\"2\">450g\n<div><\/div><\/td>\n<\/tr>\n<tr>\n<td>\n<div>Cable type<\/div><\/td>\n<td colspan=\"2\">\n<div>3mm Dyneema reinforced cable<\/div>\n<div><\/div><\/td>\n<\/tr>\n<tr>\n<td>Cable length<sup>5)<\/sup><\/td>\n<td colspan=\"2\">1mtr<\/td>\n<\/tr>\n<tr>\n<td>Cable Bend Radius (dynamic)<\/td>\n<td colspan=\"2\">\n<div id=\"c7439\" class=\"csc-default\">\n<div class=\"tab_row2_column75 colorCCC\">40mm<\/div>\n<\/div><\/td>\n<\/tr>\n<tr>\n<td>Cable Bend Radius (static)<\/td>\n<td colspan=\"2\">\n<div>30mm<\/div>\n<div><\/div><\/td>\n<\/tr>\n<tr>\n<td>\n<div>Connector type<sup>6)<\/sup><\/div><\/td>\n<td colspan=\"2\">FC\/APC\n<div><\/div><\/td>\n<\/tr>\n<tr>\n<td><strong>Mounting method<\/strong><\/td>\n<td colspan=\"3\">Mounting brackets<\/td>\n<\/tr>\n<tr>\n<td><strong>Packaging<\/strong><\/td>\n<td colspan=\"3\">Cardboard box \u2013 dimensions depending on the final configuration.<\/td>\n<\/tr>\n<tr>\n<td><strong>Quality Statement<\/strong><\/td>\n<td colspan=\"3\">SC-01 sensor is compliant with IEC 61757-1-1:2020, IEC 61757-2-1:2021 and IEC 61757:2018\nAll sensors are 100% tested and calibrated at SYLEX.\nSensor is manufactured according to ISO 9001:2015 and ISO 14001:2015<\/td>\n<\/tr>\n<\/tbody>\n<\/table>\n<p class=\"bodytext\">Notes:<\/p>\n\n<ul>\n \t<li><sup>1)<\/sup>\u00a0Accuracy is established for each individual sensor under laboratory conditions and it includes hysteresis, non-linearity and repeatability of the sensor.<\/li>\n \t<li><sup>2)<\/sup>\u00a0Precision is established on a batch basis and it includes hysteresis, non-linearity, repeatability and reproducibility of the sensor.<\/li>\n \t<li><sup>3)\u00a0<\/sup>FS: full scale range<\/li>\n \t<li><sup>4)<\/sup>\u00a0For further dimensions details see the product drawing<\/li>\n \t<li><sup>5)<\/sup>\u00a0Cable length is extendable on request<\/li>\n \t<li><sup>6)<\/sup>\u00a0Other connector types available on request<\/li>\n<\/ul>\t\t\t\t\t\t\t\t<\/div>\n\t\t\t\t<\/div>\n\t\t\t\t\t<\/div>\n\t\t<\/div>\n\t\t\t\t\t<\/div>\n\t\t<\/section>\n\t\t\t\t<\/div>\n\t\t","protected":false},"excerpt":{"rendered":"<p class=\"bodytext\"><b>Type:<\/b>\u00a0Long-gauge strain sensors<\/p>\n<p class=\"bodytext\"><b>Application:<\/b>\u00a0Concrete or grout embeddable, surface mountable<\/p>\n<p class=\"bodytext\"><b>Installation method:<\/b>\u00a0Mounting brackets &#8211; weldable, screwable<\/p>\n<p class=\"bodytext\"><b>Pre-strain setup:<\/b>\u00a0At installation<\/p>\n<p class=\"bodytext\"><b>Temperature compensation:<\/b>\u00a0Integrated in the sensor body<\/p>\n","protected":false},"featured_media":11010,"template":"","meta":{"_acf_changed":false},"product_brand":[],"product_cat":[405,423],"product_tag":[424,427,432],"class_list":{"0":"post-13997","1":"product","2":"type-product","3":"status-publish","4":"has-post-thumbnail","6":"product_cat-snimace-a-snimacie-systemy","7":"product_cat-strain-stress-deformation-sk","8":"product_tag-geotechnicky-shm","9":"product_tag-obcianske-stavby-shm","10":"product_tag-off-shore-namorne-a-podmorske","12":"first","13":"instock","14":"shipping-taxable","15":"product-type-simple"},"acf":[],"yoast_head":"<!-- This site is optimized with the Yoast SEO plugin v27.0 - https:\/\/yoast.com\/product\/yoast-seo-wordpress\/ -->\n<title>SC-01 Strain cable sensor - Sylex<\/title>\n<meta name=\"description\" content=\"- Dlh\u00fd tenzometrick\u00fd sn\u00edma\u010d s meracou z\u00e1klad\u0148ou 30 cm a\u017e 10 m (d\u013a\u017eka meradla).\" \/>\n<meta name=\"robots\" content=\"index, follow, max-snippet:-1, max-image-preview:large, max-video-preview:-1\" \/>\n<link rel=\"canonical\" href=\"https:\/\/www.sylex.sk\/sk\/produkt\/sc-01-strain-cable-sensor\/\" \/>\n<meta property=\"og:locale\" content=\"sk_SK\" \/>\n<meta property=\"og:type\" content=\"article\" \/>\n<meta property=\"og:title\" content=\"SC-01 Strain cable sensor - Sylex\" \/>\n<meta property=\"og:description\" content=\"- Dlh\u00fd tenzometrick\u00fd sn\u00edma\u010d s meracou z\u00e1klad\u0148ou 30 cm a\u017e 10 m (d\u013a\u017eka meradla).\" \/>\n<meta property=\"og:url\" content=\"https:\/\/www.sylex.sk\/sk\/produkt\/sc-01-strain-cable-sensor\/\" \/>\n<meta property=\"og:site_name\" content=\"Sylex\" \/>\n<meta property=\"article:publisher\" content=\"https:\/\/www.facebook.com\/sylex.sk\/\" \/>\n<meta property=\"article:modified_time\" content=\"2025-01-16T14:19:35+00:00\" \/>\n<meta property=\"og:image\" content=\"https:\/\/www.sylex.sk\/wp-content\/uploads\/2024\/03\/SC-01-Strain-cable-sensor.jpg\" \/>\n\t<meta property=\"og:image:width\" content=\"1920\" \/>\n\t<meta property=\"og:image:height\" content=\"1300\" \/>\n\t<meta property=\"og:image:type\" content=\"image\/jpeg\" \/>\n<meta name=\"twitter:card\" content=\"summary_large_image\" \/>\n<meta name=\"twitter:site\" content=\"@SYLEX_SK\" \/>\n<meta name=\"twitter:label1\" content=\"Predpokladan\u00fd \u010das \u010d\u00edtania\" \/>\n\t<meta name=\"twitter:data1\" content=\"2 min\u00faty\" \/>\n<script type=\"application\/ld+json\" class=\"yoast-schema-graph\">{\"@context\":\"https:\/\/schema.org\",\"@graph\":[{\"@type\":\"WebPage\",\"@id\":\"https:\/\/www.sylex.sk\/sk\/produkt\/sc-01-strain-cable-sensor\/\",\"url\":\"https:\/\/www.sylex.sk\/sk\/produkt\/sc-01-strain-cable-sensor\/\",\"name\":\"SC-01 Strain cable sensor - Sylex\",\"isPartOf\":{\"@id\":\"https:\/\/wonderful-yonath.136-243-14-103.plesk.page\/#website\"},\"primaryImageOfPage\":{\"@id\":\"https:\/\/www.sylex.sk\/sk\/produkt\/sc-01-strain-cable-sensor\/#primaryimage\"},\"image\":{\"@id\":\"https:\/\/www.sylex.sk\/sk\/produkt\/sc-01-strain-cable-sensor\/#primaryimage\"},\"thumbnailUrl\":\"https:\/\/www.sylex.sk\/wp-content\/uploads\/2024\/03\/SC-01-Strain-cable-sensor.jpg\",\"datePublished\":\"2023-09-21T11:51:17+00:00\",\"dateModified\":\"2025-01-16T14:19:35+00:00\",\"description\":\"- Dlh\u00fd tenzometrick\u00fd sn\u00edma\u010d s meracou z\u00e1klad\u0148ou 30 cm a\u017e 10 m (d\u013a\u017eka meradla).\",\"breadcrumb\":{\"@id\":\"https:\/\/www.sylex.sk\/sk\/produkt\/sc-01-strain-cable-sensor\/#breadcrumb\"},\"inLanguage\":\"sk-SK\",\"potentialAction\":[{\"@type\":\"ReadAction\",\"target\":[\"https:\/\/www.sylex.sk\/sk\/produkt\/sc-01-strain-cable-sensor\/\"]}]},{\"@type\":\"ImageObject\",\"inLanguage\":\"sk-SK\",\"@id\":\"https:\/\/www.sylex.sk\/sk\/produkt\/sc-01-strain-cable-sensor\/#primaryimage\",\"url\":\"https:\/\/www.sylex.sk\/wp-content\/uploads\/2024\/03\/SC-01-Strain-cable-sensor.jpg\",\"contentUrl\":\"https:\/\/www.sylex.sk\/wp-content\/uploads\/2024\/03\/SC-01-Strain-cable-sensor.jpg\",\"width\":1920,\"height\":1300,\"caption\":\"SC-01 Sn\u00edma\u010d \u0165ahu na k\u00e1bli\"},{\"@type\":\"BreadcrumbList\",\"@id\":\"https:\/\/www.sylex.sk\/sk\/produkt\/sc-01-strain-cable-sensor\/#breadcrumb\",\"itemListElement\":[{\"@type\":\"ListItem\",\"position\":1,\"name\":\"Home\",\"item\":\"https:\/\/www.sylex.sk\/sk\/\"},{\"@type\":\"ListItem\",\"position\":2,\"name\":\"Shop\",\"item\":\"https:\/\/www.sylex.sk\/sk\/shop\/\"},{\"@type\":\"ListItem\",\"position\":3,\"name\":\"SC-01 Strain cable sensor\"}]},{\"@type\":\"WebSite\",\"@id\":\"https:\/\/wonderful-yonath.136-243-14-103.plesk.page\/#website\",\"url\":\"https:\/\/wonderful-yonath.136-243-14-103.plesk.page\/\",\"name\":\"Sylex\",\"description\":\"Fiber Optics\",\"publisher\":{\"@id\":\"https:\/\/wonderful-yonath.136-243-14-103.plesk.page\/#organization\"},\"potentialAction\":[{\"@type\":\"SearchAction\",\"target\":{\"@type\":\"EntryPoint\",\"urlTemplate\":\"https:\/\/wonderful-yonath.136-243-14-103.plesk.page\/?s={search_term_string}\"},\"query-input\":{\"@type\":\"PropertyValueSpecification\",\"valueRequired\":true,\"valueName\":\"search_term_string\"}}],\"inLanguage\":\"sk-SK\"},{\"@type\":\"Organization\",\"@id\":\"https:\/\/wonderful-yonath.136-243-14-103.plesk.page\/#organization\",\"name\":\"Sylex\",\"url\":\"https:\/\/wonderful-yonath.136-243-14-103.plesk.page\/\",\"logo\":{\"@type\":\"ImageObject\",\"inLanguage\":\"sk-SK\",\"@id\":\"https:\/\/wonderful-yonath.136-243-14-103.plesk.page\/#\/schema\/logo\/image\/\",\"url\":\"https:\/\/www.sylex.sk\/wp-content\/uploads\/2024\/04\/logo4-1.png\",\"contentUrl\":\"https:\/\/www.sylex.sk\/wp-content\/uploads\/2024\/04\/logo4-1.png\",\"width\":308,\"height\":100,\"caption\":\"Sylex\"},\"image\":{\"@id\":\"https:\/\/wonderful-yonath.136-243-14-103.plesk.page\/#\/schema\/logo\/image\/\"},\"sameAs\":[\"https:\/\/www.facebook.com\/sylex.sk\/\",\"https:\/\/x.com\/SYLEX_SK\"]}]}<\/script>\n<!-- \/ Yoast SEO plugin. -->","yoast_head_json":{"title":"SC-01 Strain cable sensor - Sylex","description":"- Dlh\u00fd tenzometrick\u00fd sn\u00edma\u010d s meracou z\u00e1klad\u0148ou 30 cm a\u017e 10 m (d\u013a\u017eka meradla).","robots":{"index":"index","follow":"follow","max-snippet":"max-snippet:-1","max-image-preview":"max-image-preview:large","max-video-preview":"max-video-preview:-1"},"canonical":"https:\/\/www.sylex.sk\/sk\/produkt\/sc-01-strain-cable-sensor\/","og_locale":"sk_SK","og_type":"article","og_title":"SC-01 Strain cable sensor - Sylex","og_description":"- Dlh\u00fd tenzometrick\u00fd sn\u00edma\u010d s meracou z\u00e1klad\u0148ou 30 cm a\u017e 10 m (d\u013a\u017eka meradla).","og_url":"https:\/\/www.sylex.sk\/sk\/produkt\/sc-01-strain-cable-sensor\/","og_site_name":"Sylex","article_publisher":"https:\/\/www.facebook.com\/sylex.sk\/","article_modified_time":"2025-01-16T14:19:35+00:00","og_image":[{"width":1920,"height":1300,"url":"https:\/\/www.sylex.sk\/wp-content\/uploads\/2024\/03\/SC-01-Strain-cable-sensor.jpg","type":"image\/jpeg"}],"twitter_card":"summary_large_image","twitter_site":"@SYLEX_SK","twitter_misc":{"Predpokladan\u00fd \u010das \u010d\u00edtania":"2 min\u00faty"},"schema":{"@context":"https:\/\/schema.org","@graph":[{"@type":"WebPage","@id":"https:\/\/www.sylex.sk\/sk\/produkt\/sc-01-strain-cable-sensor\/","url":"https:\/\/www.sylex.sk\/sk\/produkt\/sc-01-strain-cable-sensor\/","name":"SC-01 Strain cable sensor - Sylex","isPartOf":{"@id":"https:\/\/wonderful-yonath.136-243-14-103.plesk.page\/#website"},"primaryImageOfPage":{"@id":"https:\/\/www.sylex.sk\/sk\/produkt\/sc-01-strain-cable-sensor\/#primaryimage"},"image":{"@id":"https:\/\/www.sylex.sk\/sk\/produkt\/sc-01-strain-cable-sensor\/#primaryimage"},"thumbnailUrl":"https:\/\/www.sylex.sk\/wp-content\/uploads\/2024\/03\/SC-01-Strain-cable-sensor.jpg","datePublished":"2023-09-21T11:51:17+00:00","dateModified":"2025-01-16T14:19:35+00:00","description":"- Dlh\u00fd tenzometrick\u00fd sn\u00edma\u010d s meracou z\u00e1klad\u0148ou 30 cm a\u017e 10 m (d\u013a\u017eka meradla).","breadcrumb":{"@id":"https:\/\/www.sylex.sk\/sk\/produkt\/sc-01-strain-cable-sensor\/#breadcrumb"},"inLanguage":"sk-SK","potentialAction":[{"@type":"ReadAction","target":["https:\/\/www.sylex.sk\/sk\/produkt\/sc-01-strain-cable-sensor\/"]}]},{"@type":"ImageObject","inLanguage":"sk-SK","@id":"https:\/\/www.sylex.sk\/sk\/produkt\/sc-01-strain-cable-sensor\/#primaryimage","url":"https:\/\/www.sylex.sk\/wp-content\/uploads\/2024\/03\/SC-01-Strain-cable-sensor.jpg","contentUrl":"https:\/\/www.sylex.sk\/wp-content\/uploads\/2024\/03\/SC-01-Strain-cable-sensor.jpg","width":1920,"height":1300,"caption":"SC-01 Sn\u00edma\u010d \u0165ahu na k\u00e1bli"},{"@type":"BreadcrumbList","@id":"https:\/\/www.sylex.sk\/sk\/produkt\/sc-01-strain-cable-sensor\/#breadcrumb","itemListElement":[{"@type":"ListItem","position":1,"name":"Home","item":"https:\/\/www.sylex.sk\/sk\/"},{"@type":"ListItem","position":2,"name":"Shop","item":"https:\/\/www.sylex.sk\/sk\/shop\/"},{"@type":"ListItem","position":3,"name":"SC-01 Strain cable sensor"}]},{"@type":"WebSite","@id":"https:\/\/wonderful-yonath.136-243-14-103.plesk.page\/#website","url":"https:\/\/wonderful-yonath.136-243-14-103.plesk.page\/","name":"Sylex","description":"Fiber Optics","publisher":{"@id":"https:\/\/wonderful-yonath.136-243-14-103.plesk.page\/#organization"},"potentialAction":[{"@type":"SearchAction","target":{"@type":"EntryPoint","urlTemplate":"https:\/\/wonderful-yonath.136-243-14-103.plesk.page\/?s={search_term_string}"},"query-input":{"@type":"PropertyValueSpecification","valueRequired":true,"valueName":"search_term_string"}}],"inLanguage":"sk-SK"},{"@type":"Organization","@id":"https:\/\/wonderful-yonath.136-243-14-103.plesk.page\/#organization","name":"Sylex","url":"https:\/\/wonderful-yonath.136-243-14-103.plesk.page\/","logo":{"@type":"ImageObject","inLanguage":"sk-SK","@id":"https:\/\/wonderful-yonath.136-243-14-103.plesk.page\/#\/schema\/logo\/image\/","url":"https:\/\/www.sylex.sk\/wp-content\/uploads\/2024\/04\/logo4-1.png","contentUrl":"https:\/\/www.sylex.sk\/wp-content\/uploads\/2024\/04\/logo4-1.png","width":308,"height":100,"caption":"Sylex"},"image":{"@id":"https:\/\/wonderful-yonath.136-243-14-103.plesk.page\/#\/schema\/logo\/image\/"},"sameAs":["https:\/\/www.facebook.com\/sylex.sk\/","https:\/\/x.com\/SYLEX_SK"]}]}},"_links":{"self":[{"href":"https:\/\/www.sylex.sk\/sk\/wp-json\/wp\/v2\/product\/13997","targetHints":{"allow":["GET"]}}],"collection":[{"href":"https:\/\/www.sylex.sk\/sk\/wp-json\/wp\/v2\/product"}],"about":[{"href":"https:\/\/www.sylex.sk\/sk\/wp-json\/wp\/v2\/types\/product"}],"version-history":[{"count":2,"href":"https:\/\/www.sylex.sk\/sk\/wp-json\/wp\/v2\/product\/13997\/revisions"}],"predecessor-version":[{"id":20283,"href":"https:\/\/www.sylex.sk\/sk\/wp-json\/wp\/v2\/product\/13997\/revisions\/20283"}],"wp:featuredmedia":[{"embeddable":true,"href":"https:\/\/www.sylex.sk\/sk\/wp-json\/wp\/v2\/media\/11010"}],"wp:attachment":[{"href":"https:\/\/www.sylex.sk\/sk\/wp-json\/wp\/v2\/media?parent=13997"}],"wp:term":[{"taxonomy":"product_brand","embeddable":true,"href":"https:\/\/www.sylex.sk\/sk\/wp-json\/wp\/v2\/product_brand?post=13997"},{"taxonomy":"product_cat","embeddable":true,"href":"https:\/\/www.sylex.sk\/sk\/wp-json\/wp\/v2\/product_cat?post=13997"},{"taxonomy":"product_tag","embeddable":true,"href":"https:\/\/www.sylex.sk\/sk\/wp-json\/wp\/v2\/product_tag?post=13997"}],"curies":[{"name":"wp","href":"https:\/\/api.w.org\/{rel}","templated":true}]}}