{"id":14235,"date":"2023-09-06T13:03:44","date_gmt":"2023-09-06T12:03:44","guid":{"rendered":"https:\/\/www.sylex.sk\/product\/es-03-zabudovatelny-tenzometricky-snimac\/"},"modified":"2025-01-17T10:49:57","modified_gmt":"2025-01-17T09:49:57","slug":"es-03-embeddable-strain-sensor","status":"publish","type":"product","link":"https:\/\/www.sylex.sk\/sk\/produkt\/es-03-embeddable-strain-sensor\/","title":{"rendered":"ES-03 Embeddable strain sensor"},"content":{"rendered":"\t\t<div data-elementor-type=\"product-post\" data-elementor-id=\"14235\" class=\"elementor elementor-14235 elementor-1273\" data-elementor-post-type=\"product\">\n\t\t\t\t\t\t<section class=\"elementor-section elementor-top-section elementor-element elementor-element-57f789c4 elementor-section-boxed elementor-section-height-default elementor-section-height-default\" data-id=\"57f789c4\" data-element_type=\"section\" data-e-type=\"section\">\n\t\t\t\t\t\t<div class=\"elementor-container elementor-column-gap-default\">\n\t\t\t\t\t<div class=\"elementor-column elementor-col-100 elementor-top-column elementor-element elementor-element-506d5fd6\" data-id=\"506d5fd6\" data-element_type=\"column\" data-e-type=\"column\">\n\t\t\t<div class=\"elementor-widget-wrap elementor-element-populated\">\n\t\t\t\t\t\t<div class=\"elementor-element elementor-element-5a60bbd7 elementor-widget elementor-widget-heading\" data-id=\"5a60bbd7\" data-element_type=\"widget\" data-e-type=\"widget\" data-widget_type=\"heading.default\">\n\t\t\t\t<div class=\"elementor-widget-container\">\n\t\t\t\t\t<h2 class=\"elementor-heading-title elementor-size-default\">Product Specification<\/h2>\t\t\t\t<\/div>\n\t\t\t\t<\/div>\n\t\t\t\t<div class=\"elementor-element elementor-element-4cf5efe2 elementor-widget elementor-widget-text-editor\" data-id=\"4cf5efe2\" data-element_type=\"widget\" data-e-type=\"widget\" data-widget_type=\"text-editor.default\">\n\t\t\t\t<div class=\"elementor-widget-container\">\n\t\t\t\t\t\t\t\t\t<table border=\"0\" width=\"100%\" cellspacing=\"0\" cellpadding=\"0\">\n<tbody>\n<tr>\n<td rowspan=\"9\" valign=\"top\"><strong>Performance properties<\/strong><\/td>\n<td>\n<div>Strain range<sup>1)<\/sup><\/div><\/td>\n<td colspan=\"2\">\n<div>\n<div><\/div>\n<\/div>\n<div>\u00b15000\u03bc\u025b [+\/- 500\u00b5m or 0-1000\u00b5m]<\/div>\n<div><\/div><\/td>\n<\/tr>\n<tr>\n<td>\n<div>Accuracy (guaranteed)<sup>2)<\/sup><\/div><\/td>\n<td colspan=\"2\">&lt;0.50% FS<sup>5)<\/sup> [&lt;5\u03bcm]\n<div><\/div><\/td>\n<\/tr>\n<tr>\n<td>\n<div>Accuracy (typical)<sup>2)<\/sup><\/div><\/td>\n<td colspan=\"2\">&lt;0.23% FS<sup>5)<\/sup> [&lt;3\u03bcm]\n<div><\/div><\/td>\n<\/tr>\n<tr>\n<td>\n<div>Precision (guaranteed)<sup>3)<\/sup><\/div><\/td>\n<td colspan=\"2\">&lt;0.25% FS<sup>5)<\/sup> [&lt;3\u03bcm]\n<div><\/div><\/td>\n<\/tr>\n<tr>\n<td>\n<div>Precision (typical)<sup>4)<\/sup><\/div><\/td>\n<td colspan=\"2\">\n<div>&lt;0.15% FS<sup>5)<\/sup> [&lt;1.5\u03bcm]<\/div>\n<div><\/div><\/td>\n<\/tr>\n<tr>\n<td>\n<div>Strain sensitivity<\/div><\/td>\n<td colspan=\"2\">\n<div>1,2pm\/\u03bc\u025b | 12pm\/\u03bcm<\/div>\n<div><\/div><\/td>\n<\/tr>\n<tr>\n<td>Temperature compensation<\/td>\n<td colspan=\"2\">External<\/td>\n<\/tr>\n<tr>\n<td>\n<div>Operating Temperature range<\/div><\/td>\n<td colspan=\"2\">-20\u00b0C to +60\u00b0C\n<div><\/div><\/td>\n<\/tr>\n<tr>\n<td>\n<div>Ingress Protection rating<\/div><\/td>\n<td colspan=\"2\">\n<div>IP 67<\/div>\n<div><\/div><\/td>\n<\/tr>\n<tr>\n<td rowspan=\"10\" valign=\"top\"><strong>Physical properties<\/strong><\/td>\n<td>\n<div>Housing material<\/div><\/td>\n<td colspan=\"2\">\n<div>\n<div><\/div>\n<\/div>\n<div>Stainless steel SS316L\/SS304<\/div>\n<div><\/div><\/td>\n<\/tr>\n<tr>\n<td>\n<div>Anchoring distance<\/div><\/td>\n<td colspan=\"2\">~110mm\n<div><\/div><\/td>\n<\/tr>\n<tr>\n<td>\n<div>Dimensions (without cable)<sup>5)<\/sup><\/div><\/td>\n<td colspan=\"2\">\u00d834mm x 174mm\n<div><\/div><\/td>\n<\/tr>\n<tr>\n<td>\n<div>Weight (without \/ with cable)<\/div><\/td>\n<td colspan=\"2\">260 g\n<div><\/div><\/td>\n<\/tr>\n<tr>\n<td>\n<div>Cable type<\/div><\/td>\n<td colspan=\"2\">\n<div>3mm Dyneema reinforced cable<\/div>\n<div><\/div><\/td>\n<\/tr>\n<tr>\n<td>Cable length<sup>6)<\/sup><\/td>\n<td colspan=\"2\">1mtr<\/td>\n<\/tr>\n<tr>\n<td>Cable Bend Radius (dynamic)<\/td>\n<td colspan=\"2\">\n<div id=\"c7439\" class=\"csc-default\">\n<div class=\"tab_row2_column75 colorCCC\">40mm<\/div>\n<\/div><\/td>\n<\/tr>\n<tr>\n<td>Cable Bend Radius (static)<\/td>\n<td colspan=\"2\">\n<div>30mm<\/div>\n<div><\/div><\/td>\n<\/tr>\n<tr>\n<td>\n<div>Connector type<sup>7)<\/sup><\/div><\/td>\n<td colspan=\"2\">FC\/APC\n<div><\/div><\/td>\n<\/tr>\n<tr>\n<td>Mounting method<\/td>\n<td colspan=\"2\">Embedding<\/td>\n<\/tr>\n<tr>\n<td><strong>Packaging<\/strong><\/td>\n<td colspan=\"3\">Cardboard box with dimensions: 370x290x45mm<\/td>\n<\/tr>\n<tr>\n<td><strong>Quality Statement<\/strong><\/td>\n<td colspan=\"3\">ES-03 sensor is compliant with IEC 61757-1-1:2020 and IEC 61757:2018.\nAll sensors are 100% tested and calibrated at SYLEX.\nSensor is manufactured according to ISO 9001:2008 and ISO 14001:2004<\/td>\n<\/tr>\n<\/tbody>\n<\/table>\n<p class=\"bodytext\">Notes:<\/p>\n\n<ul>\n \t<li><sup>1)\u00a0<\/sup>Calibrated in \u00b5m on demand<\/li>\n \t<li><sup>2)\u00a0<\/sup>Accuracy is established for each individual sensor under laboratory conditions and it includes hysteresis, non-linearity and repeatability of the sensor.<\/li>\n \t<li><sup>3)\u00a0<\/sup>Precision is established on a batch basis and it includes hysteresis, non-linearity, repeatability and reproducibility of the sensor.<\/li>\n \t<li><sup>4) <\/sup>FS: full scale range<\/li>\n \t<li><sup>5)<\/sup>\u00a0For further dimensions details see the product drawing<\/li>\n \t<li><sup>6)<\/sup>\u00a0Cable length is extendable on request<\/li>\n \t<li><sup>7)<\/sup>\u00a0Other connector types available on request<\/li>\n<\/ul>\t\t\t\t\t\t\t\t<\/div>\n\t\t\t\t<\/div>\n\t\t\t\t\t<\/div>\n\t\t<\/div>\n\t\t\t\t\t<\/div>\n\t\t<\/section>\n\t\t\t\t<\/div>\n\t\t","protected":false},"excerpt":{"rendered":"<p class=\"bodytext\"><b>Type:<\/b> Embeddable strain sensors<\/p>\n<p class=\"bodytext\"><b>Application:<\/b> <span class=\"fontstyle0\">Strain measurement inside concrete structures.<\/span><\/p>\n<p class=\"bodytext\"><b>Installation method:<\/b> Embeddable<\/p>\n<p class=\"bodytext\"><b>Pre-strain setup:<\/b> At factory<\/p>\n<p class=\"bodytext\"><b>Temperature compensation:<\/b>\u00a0Through external temperature sensor<\/p>\n","protected":false},"featured_media":11279,"template":"","meta":{"_acf_changed":false},"product_brand":[],"product_cat":[405,422,423],"product_tag":[424,427],"class_list":{"0":"post-14235","1":"product","2":"type-product","3":"status-publish","4":"has-post-thumbnail","6":"product_cat-snimace-a-snimacie-systemy","7":"product_cat-snimace","8":"product_cat-strain-stress-deformation-sk","9":"product_tag-geotechnicky-shm","10":"product_tag-obcianske-stavby-shm","12":"first","13":"instock","14":"shipping-taxable","15":"product-type-simple"},"acf":[],"yoast_head":"<!-- This site is optimized with the Yoast SEO plugin v27.0 - https:\/\/yoast.com\/product\/yoast-seo-wordpress\/ -->\n<title>ES-03 Embeddable strain sensor - Sylex<\/title>\n<meta name=\"robots\" content=\"index, follow, max-snippet:-1, max-image-preview:large, max-video-preview:-1\" \/>\n<link rel=\"canonical\" href=\"https:\/\/www.sylex.sk\/sk\/produkt\/es-03-embeddable-strain-sensor\/\" \/>\n<meta property=\"og:locale\" content=\"sk_SK\" \/>\n<meta property=\"og:type\" content=\"article\" \/>\n<meta property=\"og:title\" content=\"ES-03 Embeddable strain sensor - Sylex\" \/>\n<meta property=\"og:description\" content=\"Type: Embeddable strain sensors Application: Strain measurement inside concrete structures. Installation method: Embeddable Pre-strain setup: At factory Temperature compensation:\u00a0Through external temperature sensor\" \/>\n<meta property=\"og:url\" content=\"https:\/\/www.sylex.sk\/sk\/produkt\/es-03-embeddable-strain-sensor\/\" \/>\n<meta property=\"og:site_name\" content=\"Sylex\" \/>\n<meta property=\"article:publisher\" content=\"https:\/\/www.facebook.com\/sylex.sk\/\" \/>\n<meta property=\"article:modified_time\" content=\"2025-01-17T09:49:57+00:00\" \/>\n<meta property=\"og:image\" content=\"https:\/\/www.sylex.sk\/wp-content\/uploads\/2024\/04\/es-03-embeddable-strain-sensor-3.jpg\" \/>\n\t<meta property=\"og:image:width\" content=\"1920\" \/>\n\t<meta property=\"og:image:height\" content=\"1300\" \/>\n\t<meta property=\"og:image:type\" content=\"image\/jpeg\" \/>\n<meta name=\"twitter:card\" content=\"summary_large_image\" \/>\n<meta name=\"twitter:site\" content=\"@SYLEX_SK\" \/>\n<meta name=\"twitter:label1\" content=\"Predpokladan\u00fd \u010das \u010d\u00edtania\" \/>\n\t<meta name=\"twitter:data1\" content=\"1 min\u00fata\" \/>\n<script type=\"application\/ld+json\" class=\"yoast-schema-graph\">{\"@context\":\"https:\/\/schema.org\",\"@graph\":[{\"@type\":\"WebPage\",\"@id\":\"https:\/\/www.sylex.sk\/sk\/produkt\/es-03-embeddable-strain-sensor\/\",\"url\":\"https:\/\/www.sylex.sk\/sk\/produkt\/es-03-embeddable-strain-sensor\/\",\"name\":\"ES-03 Embeddable strain sensor - Sylex\",\"isPartOf\":{\"@id\":\"https:\/\/wonderful-yonath.136-243-14-103.plesk.page\/#website\"},\"primaryImageOfPage\":{\"@id\":\"https:\/\/www.sylex.sk\/sk\/produkt\/es-03-embeddable-strain-sensor\/#primaryimage\"},\"image\":{\"@id\":\"https:\/\/www.sylex.sk\/sk\/produkt\/es-03-embeddable-strain-sensor\/#primaryimage\"},\"thumbnailUrl\":\"https:\/\/www.sylex.sk\/wp-content\/uploads\/2024\/04\/es-03-embeddable-strain-sensor-3.jpg\",\"datePublished\":\"2023-09-06T12:03:44+00:00\",\"dateModified\":\"2025-01-17T09:49:57+00:00\",\"breadcrumb\":{\"@id\":\"https:\/\/www.sylex.sk\/sk\/produkt\/es-03-embeddable-strain-sensor\/#breadcrumb\"},\"inLanguage\":\"sk-SK\",\"potentialAction\":[{\"@type\":\"ReadAction\",\"target\":[\"https:\/\/www.sylex.sk\/sk\/produkt\/es-03-embeddable-strain-sensor\/\"]}]},{\"@type\":\"ImageObject\",\"inLanguage\":\"sk-SK\",\"@id\":\"https:\/\/www.sylex.sk\/sk\/produkt\/es-03-embeddable-strain-sensor\/#primaryimage\",\"url\":\"https:\/\/www.sylex.sk\/wp-content\/uploads\/2024\/04\/es-03-embeddable-strain-sensor-3.jpg\",\"contentUrl\":\"https:\/\/www.sylex.sk\/wp-content\/uploads\/2024\/04\/es-03-embeddable-strain-sensor-3.jpg\",\"width\":1920,\"height\":1300,\"caption\":\"ES-03 Zabudovate\u013en\u00fd tenzometrick\u00fd sn\u00edma\u010d\"},{\"@type\":\"BreadcrumbList\",\"@id\":\"https:\/\/www.sylex.sk\/sk\/produkt\/es-03-embeddable-strain-sensor\/#breadcrumb\",\"itemListElement\":[{\"@type\":\"ListItem\",\"position\":1,\"name\":\"Home\",\"item\":\"https:\/\/www.sylex.sk\/sk\/\"},{\"@type\":\"ListItem\",\"position\":2,\"name\":\"Shop\",\"item\":\"https:\/\/www.sylex.sk\/sk\/shop\/\"},{\"@type\":\"ListItem\",\"position\":3,\"name\":\"ES-03 Embeddable strain sensor\"}]},{\"@type\":\"WebSite\",\"@id\":\"https:\/\/wonderful-yonath.136-243-14-103.plesk.page\/#website\",\"url\":\"https:\/\/wonderful-yonath.136-243-14-103.plesk.page\/\",\"name\":\"Sylex\",\"description\":\"Fiber Optics\",\"publisher\":{\"@id\":\"https:\/\/wonderful-yonath.136-243-14-103.plesk.page\/#organization\"},\"potentialAction\":[{\"@type\":\"SearchAction\",\"target\":{\"@type\":\"EntryPoint\",\"urlTemplate\":\"https:\/\/wonderful-yonath.136-243-14-103.plesk.page\/?s={search_term_string}\"},\"query-input\":{\"@type\":\"PropertyValueSpecification\",\"valueRequired\":true,\"valueName\":\"search_term_string\"}}],\"inLanguage\":\"sk-SK\"},{\"@type\":\"Organization\",\"@id\":\"https:\/\/wonderful-yonath.136-243-14-103.plesk.page\/#organization\",\"name\":\"Sylex\",\"url\":\"https:\/\/wonderful-yonath.136-243-14-103.plesk.page\/\",\"logo\":{\"@type\":\"ImageObject\",\"inLanguage\":\"sk-SK\",\"@id\":\"https:\/\/wonderful-yonath.136-243-14-103.plesk.page\/#\/schema\/logo\/image\/\",\"url\":\"https:\/\/www.sylex.sk\/wp-content\/uploads\/2024\/04\/logo4-1.png\",\"contentUrl\":\"https:\/\/www.sylex.sk\/wp-content\/uploads\/2024\/04\/logo4-1.png\",\"width\":308,\"height\":100,\"caption\":\"Sylex\"},\"image\":{\"@id\":\"https:\/\/wonderful-yonath.136-243-14-103.plesk.page\/#\/schema\/logo\/image\/\"},\"sameAs\":[\"https:\/\/www.facebook.com\/sylex.sk\/\",\"https:\/\/x.com\/SYLEX_SK\"]}]}<\/script>\n<!-- \/ Yoast SEO plugin. -->","yoast_head_json":{"title":"ES-03 Embeddable strain sensor - Sylex","robots":{"index":"index","follow":"follow","max-snippet":"max-snippet:-1","max-image-preview":"max-image-preview:large","max-video-preview":"max-video-preview:-1"},"canonical":"https:\/\/www.sylex.sk\/sk\/produkt\/es-03-embeddable-strain-sensor\/","og_locale":"sk_SK","og_type":"article","og_title":"ES-03 Embeddable strain sensor - Sylex","og_description":"Type: Embeddable strain sensors Application: Strain measurement inside concrete structures. Installation method: Embeddable Pre-strain setup: At factory Temperature compensation:\u00a0Through external temperature sensor","og_url":"https:\/\/www.sylex.sk\/sk\/produkt\/es-03-embeddable-strain-sensor\/","og_site_name":"Sylex","article_publisher":"https:\/\/www.facebook.com\/sylex.sk\/","article_modified_time":"2025-01-17T09:49:57+00:00","og_image":[{"width":1920,"height":1300,"url":"https:\/\/www.sylex.sk\/wp-content\/uploads\/2024\/04\/es-03-embeddable-strain-sensor-3.jpg","type":"image\/jpeg"}],"twitter_card":"summary_large_image","twitter_site":"@SYLEX_SK","twitter_misc":{"Predpokladan\u00fd \u010das \u010d\u00edtania":"1 min\u00fata"},"schema":{"@context":"https:\/\/schema.org","@graph":[{"@type":"WebPage","@id":"https:\/\/www.sylex.sk\/sk\/produkt\/es-03-embeddable-strain-sensor\/","url":"https:\/\/www.sylex.sk\/sk\/produkt\/es-03-embeddable-strain-sensor\/","name":"ES-03 Embeddable strain sensor - Sylex","isPartOf":{"@id":"https:\/\/wonderful-yonath.136-243-14-103.plesk.page\/#website"},"primaryImageOfPage":{"@id":"https:\/\/www.sylex.sk\/sk\/produkt\/es-03-embeddable-strain-sensor\/#primaryimage"},"image":{"@id":"https:\/\/www.sylex.sk\/sk\/produkt\/es-03-embeddable-strain-sensor\/#primaryimage"},"thumbnailUrl":"https:\/\/www.sylex.sk\/wp-content\/uploads\/2024\/04\/es-03-embeddable-strain-sensor-3.jpg","datePublished":"2023-09-06T12:03:44+00:00","dateModified":"2025-01-17T09:49:57+00:00","breadcrumb":{"@id":"https:\/\/www.sylex.sk\/sk\/produkt\/es-03-embeddable-strain-sensor\/#breadcrumb"},"inLanguage":"sk-SK","potentialAction":[{"@type":"ReadAction","target":["https:\/\/www.sylex.sk\/sk\/produkt\/es-03-embeddable-strain-sensor\/"]}]},{"@type":"ImageObject","inLanguage":"sk-SK","@id":"https:\/\/www.sylex.sk\/sk\/produkt\/es-03-embeddable-strain-sensor\/#primaryimage","url":"https:\/\/www.sylex.sk\/wp-content\/uploads\/2024\/04\/es-03-embeddable-strain-sensor-3.jpg","contentUrl":"https:\/\/www.sylex.sk\/wp-content\/uploads\/2024\/04\/es-03-embeddable-strain-sensor-3.jpg","width":1920,"height":1300,"caption":"ES-03 Zabudovate\u013en\u00fd tenzometrick\u00fd sn\u00edma\u010d"},{"@type":"BreadcrumbList","@id":"https:\/\/www.sylex.sk\/sk\/produkt\/es-03-embeddable-strain-sensor\/#breadcrumb","itemListElement":[{"@type":"ListItem","position":1,"name":"Home","item":"https:\/\/www.sylex.sk\/sk\/"},{"@type":"ListItem","position":2,"name":"Shop","item":"https:\/\/www.sylex.sk\/sk\/shop\/"},{"@type":"ListItem","position":3,"name":"ES-03 Embeddable strain sensor"}]},{"@type":"WebSite","@id":"https:\/\/wonderful-yonath.136-243-14-103.plesk.page\/#website","url":"https:\/\/wonderful-yonath.136-243-14-103.plesk.page\/","name":"Sylex","description":"Fiber Optics","publisher":{"@id":"https:\/\/wonderful-yonath.136-243-14-103.plesk.page\/#organization"},"potentialAction":[{"@type":"SearchAction","target":{"@type":"EntryPoint","urlTemplate":"https:\/\/wonderful-yonath.136-243-14-103.plesk.page\/?s={search_term_string}"},"query-input":{"@type":"PropertyValueSpecification","valueRequired":true,"valueName":"search_term_string"}}],"inLanguage":"sk-SK"},{"@type":"Organization","@id":"https:\/\/wonderful-yonath.136-243-14-103.plesk.page\/#organization","name":"Sylex","url":"https:\/\/wonderful-yonath.136-243-14-103.plesk.page\/","logo":{"@type":"ImageObject","inLanguage":"sk-SK","@id":"https:\/\/wonderful-yonath.136-243-14-103.plesk.page\/#\/schema\/logo\/image\/","url":"https:\/\/www.sylex.sk\/wp-content\/uploads\/2024\/04\/logo4-1.png","contentUrl":"https:\/\/www.sylex.sk\/wp-content\/uploads\/2024\/04\/logo4-1.png","width":308,"height":100,"caption":"Sylex"},"image":{"@id":"https:\/\/wonderful-yonath.136-243-14-103.plesk.page\/#\/schema\/logo\/image\/"},"sameAs":["https:\/\/www.facebook.com\/sylex.sk\/","https:\/\/x.com\/SYLEX_SK"]}]}},"_links":{"self":[{"href":"https:\/\/www.sylex.sk\/sk\/wp-json\/wp\/v2\/product\/14235","targetHints":{"allow":["GET"]}}],"collection":[{"href":"https:\/\/www.sylex.sk\/sk\/wp-json\/wp\/v2\/product"}],"about":[{"href":"https:\/\/www.sylex.sk\/sk\/wp-json\/wp\/v2\/types\/product"}],"version-history":[{"count":0,"href":"https:\/\/www.sylex.sk\/sk\/wp-json\/wp\/v2\/product\/14235\/revisions"}],"wp:featuredmedia":[{"embeddable":true,"href":"https:\/\/www.sylex.sk\/sk\/wp-json\/wp\/v2\/media\/11279"}],"wp:attachment":[{"href":"https:\/\/www.sylex.sk\/sk\/wp-json\/wp\/v2\/media?parent=14235"}],"wp:term":[{"taxonomy":"product_brand","embeddable":true,"href":"https:\/\/www.sylex.sk\/sk\/wp-json\/wp\/v2\/product_brand?post=14235"},{"taxonomy":"product_cat","embeddable":true,"href":"https:\/\/www.sylex.sk\/sk\/wp-json\/wp\/v2\/product_cat?post=14235"},{"taxonomy":"product_tag","embeddable":true,"href":"https:\/\/www.sylex.sk\/sk\/wp-json\/wp\/v2\/product_tag?post=14235"}],"curies":[{"name":"wp","href":"https:\/\/api.w.org\/{rel}","templated":true}]}}