{"id":14243,"date":"2023-09-06T12:33:41","date_gmt":"2023-09-06T11:33:41","guid":{"rendered":"https:\/\/www.sylex.sk\/product\/sws-02-bodovo-zvaratelny-tenzometricky-snimac\/"},"modified":"2026-04-20T14:02:53","modified_gmt":"2026-04-20T13:02:53","slug":"sws-02-spot-weldable-strain-sensor","status":"publish","type":"product","link":"https:\/\/www.sylex.sk\/sk\/produkt\/sws-02-spot-weldable-strain-sensor\/","title":{"rendered":"SWS-02 Spot weldable strain sensor"},"content":{"rendered":"\t\t<div data-elementor-type=\"product-post\" data-elementor-id=\"14243\" class=\"elementor elementor-14243 elementor-1002\" data-elementor-post-type=\"product\">\n\t\t\t\t\t\t<section class=\"elementor-section elementor-top-section elementor-element elementor-element-470516a1 elementor-section-boxed elementor-section-height-default elementor-section-height-default\" data-id=\"470516a1\" data-element_type=\"section\" data-e-type=\"section\">\n\t\t\t\t\t\t<div class=\"elementor-container elementor-column-gap-default\">\n\t\t\t\t\t<div class=\"elementor-column elementor-col-100 elementor-top-column elementor-element elementor-element-18fc950\" data-id=\"18fc950\" data-element_type=\"column\" data-e-type=\"column\">\n\t\t\t<div class=\"elementor-widget-wrap elementor-element-populated\">\n\t\t\t\t\t\t<div class=\"elementor-element elementor-element-716d83b9 elementor-widget elementor-widget-heading\" data-id=\"716d83b9\" data-element_type=\"widget\" data-e-type=\"widget\" data-widget_type=\"heading.default\">\n\t\t\t\t<div class=\"elementor-widget-container\">\n\t\t\t\t\t<h2 class=\"elementor-heading-title elementor-size-default\">Product Specification<\/h2>\t\t\t\t<\/div>\n\t\t\t\t<\/div>\n\t\t\t\t<div class=\"elementor-element elementor-element-3b79acf3 elementor-widget elementor-widget-text-editor\" data-id=\"3b79acf3\" data-element_type=\"widget\" data-e-type=\"widget\" data-widget_type=\"text-editor.default\">\n\t\t\t\t<div class=\"elementor-widget-container\">\n\t\t\t\t\t\t\t\t\t<table border=\"0\" width=\"100%\" cellspacing=\"0\" cellpadding=\"0\"><tbody><tr><td rowspan=\"12\" valign=\"top\"><strong>Performance properties<\/strong><\/td><td><div>Strain range<\/div><\/td><td colspan=\"2\"><div><div>\u00a0<\/div><\/div><div>\u00b12000\u03bc\u025b<\/div><div>\u00a0<\/div><\/td><\/tr><tr><td><div>Accuracy (guaranteed)<sup>1)<\/sup><\/div><\/td><td colspan=\"2\"><p>&lt;0.50% FS<sup>3)<\/sup><\/p><div>\u00a0<\/div><\/td><\/tr><tr><td><div>Accuracy (typical)<sup>1)<\/sup><\/div><\/td><td colspan=\"2\"><p>&lt;0.23% FS<sup>3)<\/sup><\/p><div>\u00a0<\/div><\/td><\/tr><tr><td><div>Precision (guaranteed)<sup>2)<\/sup><\/div><\/td><td colspan=\"2\"><p>&lt;0.25% FS<sup>3)<\/sup><\/p><div>\u00a0<\/div><\/td><\/tr><tr><td><div>Precision (typical)<sup>2)<\/sup><\/div><\/td><td colspan=\"2\"><div>&lt;0.15% FS<sup>3)<\/sup><\/div><div>\u00a0<\/div><\/td><\/tr><tr><td>Temperature compensation<\/td><td colspan=\"2\">Integrated<\/td><\/tr><tr><td>Temperature accuracy\u00a0<sup>1)<\/sup><\/td><td colspan=\"2\">&lt;1\u00b0C<\/td><\/tr><tr><td>Temperature precision\u00a0<sup>2)<\/sup><\/td><td colspan=\"2\">\u00b10.3\u00b0C<\/td><\/tr><tr><td>Temperature sensitivity<\/td><td colspan=\"2\">28pm\/\u00b0C<\/td><\/tr><tr><td>Strain sensitivity<\/td><td colspan=\"2\">1,2pm\/\u00b5\u025b<\/td><\/tr><tr><td><div>Operating Temperature range<\/div><\/td><td colspan=\"2\"><p>-20\u00b0C to +60\u00b0C<\/p><div>\u00a0<\/div><\/td><\/tr><tr><td><div>Ingress Protection rating<\/div><\/td><td colspan=\"2\"><div>\u00a0<\/div><div>IP 67<\/div><\/td><\/tr><tr><td rowspan=\"9\" valign=\"top\"><strong>Physical properties<\/strong><\/td><td><div>Housing material<\/div><\/td><td colspan=\"2\"><div><div>\u00a0<\/div><\/div><div>Stainless steel SS316L &#8211; 1.4404<\/div><div>\u00a0<\/div><\/td><\/tr><tr><td><div>Anchoring distance<\/div><\/td><td colspan=\"2\"><p>39 +\/- 4 mm<\/p><div>\u00a0<\/div><\/td><\/tr><tr><td><div>Dimensions (without cable)<sup>4)<\/sup><\/div><\/td><td colspan=\"2\"><p>123 x 35 x 8.5 mm<\/p><div>\u00a0<\/div><\/td><\/tr><tr><td><div>Weight (without cable)<\/div><\/td><td colspan=\"2\"><p>100 g<\/p><div>\u00a0<\/div><\/td><\/tr><tr><td><div>Cable type<\/div><\/td><td colspan=\"2\"><div>3mm Dyneema reinforced cable<\/div><div>\u00a0<\/div><\/td><\/tr><tr><td>Cable length<sup>5)<\/sup><\/td><td colspan=\"2\">1mtr<\/td><\/tr><tr><td>Cable Bend Radius (dynamic)<\/td><td colspan=\"2\"><div id=\"c7439\" class=\"csc-default\"><div class=\"tab_row2_column75 colorCCC\">40mm<\/div><\/div><\/td><\/tr><tr><td>Cable Bend Radius (static)<\/td><td colspan=\"2\"><div>30mm<\/div><div>\u00a0<\/div><\/td><\/tr><tr><td><div>Connector type<sup>6)<\/sup><\/div><\/td><td colspan=\"2\"><p>FC\/APC<\/p><div>\u00a0<\/div><\/td><\/tr><tr><td><strong>Mounting method<\/strong><\/td><td colspan=\"3\">Screws, glue or spot welding<\/td><\/tr><tr><td><strong>Packaging<\/strong><\/td><td colspan=\"3\">Cardboard box with dimensions: 370 x 290 x 45mm<\/td><\/tr><tr><td><strong>Quality Statement<\/strong><\/td><td colspan=\"3\">SWS-02 sensor is compliant with IEC 61757-1-1:2016\/Ed1.0 and IEC 61757:2018<br \/>All sensors are 100% tested and calibrated at SYLEX.<br \/>Sensor is manufactured according to ISO 9001:2008 and ISO 14001:2004<\/td><\/tr><\/tbody><\/table><p class=\"bodytext\">Notes:<\/p><ul><li><sup>1)\u00a0<\/sup>Accuracy is established for each individual sensor under laboratory conditions and it includes hysteresis, non-linearity and repeatability of the sensor.<\/li><li><sup>2)\u00a0<\/sup>Precision is established on a batch basis and it includes hysteresis, non-linearity, repeatability and reproducibility of the sensor.<\/li><li><sup>3)\u00a0<\/sup>FS: full scale range<\/li><li><sup>4)<\/sup>\u00a0For further dimensions details see the product drawing<\/li><li><sup>5)<\/sup>\u00a0Cable length is extendable on request<\/li><li><sup>6)<\/sup>\u00a0Other connector types available on request<\/li><\/ul>\t\t\t\t\t\t\t\t<\/div>\n\t\t\t\t<\/div>\n\t\t\t\t\t<\/div>\n\t\t<\/div>\n\t\t\t\t\t<\/div>\n\t\t<\/section>\n\t\t\t\t<\/div>\n\t\t","protected":false},"excerpt":{"rendered":"<p class=\"bodytext\"><b>Type:<\/b>\u00a0Spot weldable strain sensor<\/p>\n<p class=\"bodytext\"><b>Application:<\/b>\u00a0Surface mountable<\/p>\n<p class=\"bodytext\"><b>Installation method:<\/b>\u00a0Direct screwable or spotweldable using spot-weld extender<\/p>\n<p class=\"bodytext\"><b>Pre-strain setup:<\/b>\u00a0At installation<\/p>\n<p class=\"bodytext\"><b>Temperature compensation:<\/b>\u00a0Integrated in the sensor body<\/p>\n","protected":false},"featured_media":11571,"template":"","meta":{"_acf_changed":false},"product_brand":[],"product_cat":[405,422,423],"product_tag":[427,425,426],"class_list":{"0":"post-14243","1":"product","2":"type-product","3":"status-publish","4":"has-post-thumbnail","6":"product_cat-snimace-a-snimacie-systemy","7":"product_cat-snimace","8":"product_cat-strain-stress-deformation-sk","9":"product_tag-obcianske-stavby-shm","10":"product_tag-obnovitelne-zdroje-energie","11":"product_tag-priemyselna-automatizacia","13":"first","14":"instock","15":"shipping-taxable","16":"product-type-simple"},"acf":[],"yoast_head":"<!-- This site is optimized with the Yoast SEO plugin v27.0 - https:\/\/yoast.com\/product\/yoast-seo-wordpress\/ -->\n<title>SWS-02 Spot weldable strain sensor - Sylex<\/title>\n<meta name=\"robots\" content=\"index, follow, max-snippet:-1, max-image-preview:large, max-video-preview:-1\" \/>\n<link rel=\"canonical\" href=\"https:\/\/www.sylex.sk\/sk\/produkt\/sws-02-spot-weldable-strain-sensor\/\" \/>\n<meta property=\"og:locale\" content=\"sk_SK\" \/>\n<meta property=\"og:type\" content=\"article\" \/>\n<meta property=\"og:title\" content=\"SWS-02 Spot weldable strain sensor - Sylex\" \/>\n<meta property=\"og:description\" content=\"Type:\u00a0Spot weldable strain sensor Application:\u00a0Surface mountable Installation method:\u00a0Direct screwable or spotweldable using spot-weld extender Pre-strain setup:\u00a0At installation Temperature compensation:\u00a0Integrated in the sensor body\" \/>\n<meta property=\"og:url\" content=\"https:\/\/www.sylex.sk\/sk\/produkt\/sws-02-spot-weldable-strain-sensor\/\" \/>\n<meta property=\"og:site_name\" content=\"Sylex\" \/>\n<meta property=\"article:publisher\" content=\"https:\/\/www.facebook.com\/sylex.sk\/\" \/>\n<meta property=\"article:modified_time\" content=\"2026-04-20T13:02:53+00:00\" \/>\n<meta property=\"og:image\" content=\"https:\/\/www.sylex.sk\/wp-content\/uploads\/2024\/04\/SWS-02-Spot-weldable-strain-sensor-1.jpg\" \/>\n\t<meta property=\"og:image:width\" content=\"2560\" \/>\n\t<meta property=\"og:image:height\" content=\"1707\" \/>\n\t<meta property=\"og:image:type\" content=\"image\/jpeg\" \/>\n<meta name=\"twitter:card\" content=\"summary_large_image\" \/>\n<meta name=\"twitter:site\" content=\"@SYLEX_SK\" \/>\n<meta name=\"twitter:label1\" content=\"Predpokladan\u00fd \u010das \u010d\u00edtania\" \/>\n\t<meta name=\"twitter:data1\" content=\"1 min\u00fata\" \/>\n<script type=\"application\/ld+json\" class=\"yoast-schema-graph\">{\"@context\":\"https:\/\/schema.org\",\"@graph\":[{\"@type\":\"WebPage\",\"@id\":\"https:\/\/www.sylex.sk\/sk\/produkt\/sws-02-spot-weldable-strain-sensor\/\",\"url\":\"https:\/\/www.sylex.sk\/sk\/produkt\/sws-02-spot-weldable-strain-sensor\/\",\"name\":\"SWS-02 Spot weldable strain sensor - Sylex\",\"isPartOf\":{\"@id\":\"https:\/\/wonderful-yonath.136-243-14-103.plesk.page\/#website\"},\"primaryImageOfPage\":{\"@id\":\"https:\/\/www.sylex.sk\/sk\/produkt\/sws-02-spot-weldable-strain-sensor\/#primaryimage\"},\"image\":{\"@id\":\"https:\/\/www.sylex.sk\/sk\/produkt\/sws-02-spot-weldable-strain-sensor\/#primaryimage\"},\"thumbnailUrl\":\"https:\/\/www.sylex.sk\/wp-content\/uploads\/2024\/04\/SWS-02-Spot-weldable-strain-sensor-1.jpg\",\"datePublished\":\"2023-09-06T11:33:41+00:00\",\"dateModified\":\"2026-04-20T13:02:53+00:00\",\"breadcrumb\":{\"@id\":\"https:\/\/www.sylex.sk\/sk\/produkt\/sws-02-spot-weldable-strain-sensor\/#breadcrumb\"},\"inLanguage\":\"sk-SK\",\"potentialAction\":[{\"@type\":\"ReadAction\",\"target\":[\"https:\/\/www.sylex.sk\/sk\/produkt\/sws-02-spot-weldable-strain-sensor\/\"]}]},{\"@type\":\"ImageObject\",\"inLanguage\":\"sk-SK\",\"@id\":\"https:\/\/www.sylex.sk\/sk\/produkt\/sws-02-spot-weldable-strain-sensor\/#primaryimage\",\"url\":\"https:\/\/www.sylex.sk\/wp-content\/uploads\/2024\/04\/SWS-02-Spot-weldable-strain-sensor-1.jpg\",\"contentUrl\":\"https:\/\/www.sylex.sk\/wp-content\/uploads\/2024\/04\/SWS-02-Spot-weldable-strain-sensor-1.jpg\",\"width\":2560,\"height\":1707,\"caption\":\"SWS-02 Bodovo zv\u00e1rate\u013en\u00fd tenzometrick\u00fd sn\u00edma\u010d\"},{\"@type\":\"BreadcrumbList\",\"@id\":\"https:\/\/www.sylex.sk\/sk\/produkt\/sws-02-spot-weldable-strain-sensor\/#breadcrumb\",\"itemListElement\":[{\"@type\":\"ListItem\",\"position\":1,\"name\":\"Home\",\"item\":\"https:\/\/www.sylex.sk\/sk\/\"},{\"@type\":\"ListItem\",\"position\":2,\"name\":\"Shop\",\"item\":\"https:\/\/www.sylex.sk\/sk\/shop\/\"},{\"@type\":\"ListItem\",\"position\":3,\"name\":\"SWS-02 Spot weldable strain sensor\"}]},{\"@type\":\"WebSite\",\"@id\":\"https:\/\/wonderful-yonath.136-243-14-103.plesk.page\/#website\",\"url\":\"https:\/\/wonderful-yonath.136-243-14-103.plesk.page\/\",\"name\":\"Sylex\",\"description\":\"Fiber Optics\",\"publisher\":{\"@id\":\"https:\/\/wonderful-yonath.136-243-14-103.plesk.page\/#organization\"},\"potentialAction\":[{\"@type\":\"SearchAction\",\"target\":{\"@type\":\"EntryPoint\",\"urlTemplate\":\"https:\/\/wonderful-yonath.136-243-14-103.plesk.page\/?s={search_term_string}\"},\"query-input\":{\"@type\":\"PropertyValueSpecification\",\"valueRequired\":true,\"valueName\":\"search_term_string\"}}],\"inLanguage\":\"sk-SK\"},{\"@type\":\"Organization\",\"@id\":\"https:\/\/wonderful-yonath.136-243-14-103.plesk.page\/#organization\",\"name\":\"Sylex\",\"url\":\"https:\/\/wonderful-yonath.136-243-14-103.plesk.page\/\",\"logo\":{\"@type\":\"ImageObject\",\"inLanguage\":\"sk-SK\",\"@id\":\"https:\/\/wonderful-yonath.136-243-14-103.plesk.page\/#\/schema\/logo\/image\/\",\"url\":\"https:\/\/www.sylex.sk\/wp-content\/uploads\/2024\/04\/logo4-1.png\",\"contentUrl\":\"https:\/\/www.sylex.sk\/wp-content\/uploads\/2024\/04\/logo4-1.png\",\"width\":308,\"height\":100,\"caption\":\"Sylex\"},\"image\":{\"@id\":\"https:\/\/wonderful-yonath.136-243-14-103.plesk.page\/#\/schema\/logo\/image\/\"},\"sameAs\":[\"https:\/\/www.facebook.com\/sylex.sk\/\",\"https:\/\/x.com\/SYLEX_SK\"]}]}<\/script>\n<!-- \/ Yoast SEO plugin. -->","yoast_head_json":{"title":"SWS-02 Spot weldable strain sensor - Sylex","robots":{"index":"index","follow":"follow","max-snippet":"max-snippet:-1","max-image-preview":"max-image-preview:large","max-video-preview":"max-video-preview:-1"},"canonical":"https:\/\/www.sylex.sk\/sk\/produkt\/sws-02-spot-weldable-strain-sensor\/","og_locale":"sk_SK","og_type":"article","og_title":"SWS-02 Spot weldable strain sensor - Sylex","og_description":"Type:\u00a0Spot weldable strain sensor Application:\u00a0Surface mountable Installation method:\u00a0Direct screwable or spotweldable using spot-weld extender Pre-strain setup:\u00a0At installation Temperature compensation:\u00a0Integrated in the sensor body","og_url":"https:\/\/www.sylex.sk\/sk\/produkt\/sws-02-spot-weldable-strain-sensor\/","og_site_name":"Sylex","article_publisher":"https:\/\/www.facebook.com\/sylex.sk\/","article_modified_time":"2026-04-20T13:02:53+00:00","og_image":[{"width":2560,"height":1707,"url":"https:\/\/www.sylex.sk\/wp-content\/uploads\/2024\/04\/SWS-02-Spot-weldable-strain-sensor-1.jpg","type":"image\/jpeg"}],"twitter_card":"summary_large_image","twitter_site":"@SYLEX_SK","twitter_misc":{"Predpokladan\u00fd \u010das \u010d\u00edtania":"1 min\u00fata"},"schema":{"@context":"https:\/\/schema.org","@graph":[{"@type":"WebPage","@id":"https:\/\/www.sylex.sk\/sk\/produkt\/sws-02-spot-weldable-strain-sensor\/","url":"https:\/\/www.sylex.sk\/sk\/produkt\/sws-02-spot-weldable-strain-sensor\/","name":"SWS-02 Spot weldable strain sensor - Sylex","isPartOf":{"@id":"https:\/\/wonderful-yonath.136-243-14-103.plesk.page\/#website"},"primaryImageOfPage":{"@id":"https:\/\/www.sylex.sk\/sk\/produkt\/sws-02-spot-weldable-strain-sensor\/#primaryimage"},"image":{"@id":"https:\/\/www.sylex.sk\/sk\/produkt\/sws-02-spot-weldable-strain-sensor\/#primaryimage"},"thumbnailUrl":"https:\/\/www.sylex.sk\/wp-content\/uploads\/2024\/04\/SWS-02-Spot-weldable-strain-sensor-1.jpg","datePublished":"2023-09-06T11:33:41+00:00","dateModified":"2026-04-20T13:02:53+00:00","breadcrumb":{"@id":"https:\/\/www.sylex.sk\/sk\/produkt\/sws-02-spot-weldable-strain-sensor\/#breadcrumb"},"inLanguage":"sk-SK","potentialAction":[{"@type":"ReadAction","target":["https:\/\/www.sylex.sk\/sk\/produkt\/sws-02-spot-weldable-strain-sensor\/"]}]},{"@type":"ImageObject","inLanguage":"sk-SK","@id":"https:\/\/www.sylex.sk\/sk\/produkt\/sws-02-spot-weldable-strain-sensor\/#primaryimage","url":"https:\/\/www.sylex.sk\/wp-content\/uploads\/2024\/04\/SWS-02-Spot-weldable-strain-sensor-1.jpg","contentUrl":"https:\/\/www.sylex.sk\/wp-content\/uploads\/2024\/04\/SWS-02-Spot-weldable-strain-sensor-1.jpg","width":2560,"height":1707,"caption":"SWS-02 Bodovo zv\u00e1rate\u013en\u00fd tenzometrick\u00fd sn\u00edma\u010d"},{"@type":"BreadcrumbList","@id":"https:\/\/www.sylex.sk\/sk\/produkt\/sws-02-spot-weldable-strain-sensor\/#breadcrumb","itemListElement":[{"@type":"ListItem","position":1,"name":"Home","item":"https:\/\/www.sylex.sk\/sk\/"},{"@type":"ListItem","position":2,"name":"Shop","item":"https:\/\/www.sylex.sk\/sk\/shop\/"},{"@type":"ListItem","position":3,"name":"SWS-02 Spot weldable strain sensor"}]},{"@type":"WebSite","@id":"https:\/\/wonderful-yonath.136-243-14-103.plesk.page\/#website","url":"https:\/\/wonderful-yonath.136-243-14-103.plesk.page\/","name":"Sylex","description":"Fiber Optics","publisher":{"@id":"https:\/\/wonderful-yonath.136-243-14-103.plesk.page\/#organization"},"potentialAction":[{"@type":"SearchAction","target":{"@type":"EntryPoint","urlTemplate":"https:\/\/wonderful-yonath.136-243-14-103.plesk.page\/?s={search_term_string}"},"query-input":{"@type":"PropertyValueSpecification","valueRequired":true,"valueName":"search_term_string"}}],"inLanguage":"sk-SK"},{"@type":"Organization","@id":"https:\/\/wonderful-yonath.136-243-14-103.plesk.page\/#organization","name":"Sylex","url":"https:\/\/wonderful-yonath.136-243-14-103.plesk.page\/","logo":{"@type":"ImageObject","inLanguage":"sk-SK","@id":"https:\/\/wonderful-yonath.136-243-14-103.plesk.page\/#\/schema\/logo\/image\/","url":"https:\/\/www.sylex.sk\/wp-content\/uploads\/2024\/04\/logo4-1.png","contentUrl":"https:\/\/www.sylex.sk\/wp-content\/uploads\/2024\/04\/logo4-1.png","width":308,"height":100,"caption":"Sylex"},"image":{"@id":"https:\/\/wonderful-yonath.136-243-14-103.plesk.page\/#\/schema\/logo\/image\/"},"sameAs":["https:\/\/www.facebook.com\/sylex.sk\/","https:\/\/x.com\/SYLEX_SK"]}]}},"_links":{"self":[{"href":"https:\/\/www.sylex.sk\/sk\/wp-json\/wp\/v2\/product\/14243","targetHints":{"allow":["GET"]}}],"collection":[{"href":"https:\/\/www.sylex.sk\/sk\/wp-json\/wp\/v2\/product"}],"about":[{"href":"https:\/\/www.sylex.sk\/sk\/wp-json\/wp\/v2\/types\/product"}],"version-history":[{"count":1,"href":"https:\/\/www.sylex.sk\/sk\/wp-json\/wp\/v2\/product\/14243\/revisions"}],"predecessor-version":[{"id":22198,"href":"https:\/\/www.sylex.sk\/sk\/wp-json\/wp\/v2\/product\/14243\/revisions\/22198"}],"wp:featuredmedia":[{"embeddable":true,"href":"https:\/\/www.sylex.sk\/sk\/wp-json\/wp\/v2\/media\/11571"}],"wp:attachment":[{"href":"https:\/\/www.sylex.sk\/sk\/wp-json\/wp\/v2\/media?parent=14243"}],"wp:term":[{"taxonomy":"product_brand","embeddable":true,"href":"https:\/\/www.sylex.sk\/sk\/wp-json\/wp\/v2\/product_brand?post=14243"},{"taxonomy":"product_cat","embeddable":true,"href":"https:\/\/www.sylex.sk\/sk\/wp-json\/wp\/v2\/product_cat?post=14243"},{"taxonomy":"product_tag","embeddable":true,"href":"https:\/\/www.sylex.sk\/sk\/wp-json\/wp\/v2\/product_tag?post=14243"}],"curies":[{"name":"wp","href":"https:\/\/api.w.org\/{rel}","templated":true}]}}