{"id":14255,"date":"2023-09-06T13:17:26","date_gmt":"2023-09-06T12:17:26","guid":{"rendered":"https:\/\/www.sylex.sk\/product\/dsp-01-dielektricka-tenzna-naplast\/"},"modified":"2025-01-17T10:50:48","modified_gmt":"2025-01-17T09:50:48","slug":"dsp-01-dielectric-strain-patch","status":"publish","type":"product","link":"https:\/\/www.sylex.sk\/sk\/produkt\/dsp-01-dielectric-strain-patch\/","title":{"rendered":"DSP-01 Dielectric Strain Patch"},"content":{"rendered":"\t\t<div data-elementor-type=\"product-post\" data-elementor-id=\"14255\" class=\"elementor elementor-14255 elementor-1395\" data-elementor-post-type=\"product\">\n\t\t\t\t\t\t<section class=\"elementor-section elementor-top-section elementor-element elementor-element-1c61ddda elementor-section-boxed elementor-section-height-default elementor-section-height-default\" data-id=\"1c61ddda\" data-element_type=\"section\" data-e-type=\"section\">\n\t\t\t\t\t\t<div class=\"elementor-container elementor-column-gap-default\">\n\t\t\t\t\t<div class=\"elementor-column elementor-col-100 elementor-top-column elementor-element elementor-element-5cc40c3f\" data-id=\"5cc40c3f\" data-element_type=\"column\" data-e-type=\"column\">\n\t\t\t<div class=\"elementor-widget-wrap elementor-element-populated\">\n\t\t\t\t\t\t<div class=\"elementor-element elementor-element-153646ee elementor-widget elementor-widget-heading\" data-id=\"153646ee\" data-element_type=\"widget\" data-e-type=\"widget\" data-widget_type=\"heading.default\">\n\t\t\t\t<div class=\"elementor-widget-container\">\n\t\t\t\t\t<h2 class=\"elementor-heading-title elementor-size-default\">Product Specification<\/h2>\t\t\t\t<\/div>\n\t\t\t\t<\/div>\n\t\t\t\t<div class=\"elementor-element elementor-element-4a8fa737 elementor-widget elementor-widget-text-editor\" data-id=\"4a8fa737\" data-element_type=\"widget\" data-e-type=\"widget\" data-widget_type=\"text-editor.default\">\n\t\t\t\t<div class=\"elementor-widget-container\">\n\t\t\t\t\t\t\t\t\t<table border=\"0\" width=\"100%\" cellspacing=\"0\" cellpadding=\"0\">\n<tbody>\n<tr>\n<td rowspan=\"12\" valign=\"top\"><strong>Performance properties<\/strong><\/td>\n<td>\n<div>Strain range <sup>1)<\/sup><\/div><\/td>\n<td colspan=\"2\">\n<div>\n<div><\/div>\n<\/div>\n<div>\u00b15000\u03bc\u025b<\/div>\n<div><\/div><\/td>\n<\/tr>\n<tr>\n<td>\n<div>Accuracy (guaranteed) <sup>2)<\/sup><\/div><\/td>\n<td colspan=\"2\">&lt;0.50% FS <sup>3)<\/sup>\n<div><\/div><\/td>\n<\/tr>\n<tr>\n<td>\n<div>Accuracy (typical) <sup>2)<\/sup><\/div><\/td>\n<td colspan=\"2\">&lt;0.23% FS <sup>3)<\/sup>\n<div><\/div><\/td>\n<\/tr>\n<tr>\n<td>\n<div>Precision (guaranteed) <sup>2)<\/sup><\/div><\/td>\n<td colspan=\"2\">&lt;0.25% FS <sup>3)<\/sup>\n<div><\/div><\/td>\n<\/tr>\n<tr>\n<td>\n<div>Precision (typical) <sup>2)<\/sup><\/div><\/td>\n<td colspan=\"2\">\n<div>&lt;0.15% FS <sup>3)<\/sup><\/div>\n<div><\/div><\/td>\n<\/tr>\n<tr>\n<td>Temperature compensation<\/td>\n<td colspan=\"2\">External<\/td>\n<\/tr>\n<tr>\n<td>\n<div>Temperature accuracy <sup>2)<\/sup><\/div><\/td>\n<td colspan=\"2\">n\/a\n<div><\/div><\/td>\n<\/tr>\n<tr>\n<td>\n<div>Temperature precision <sup>2)<\/sup><\/div><\/td>\n<td colspan=\"2\">\n<div>n\/a<\/div>\n<div><\/div><\/td>\n<\/tr>\n<tr>\n<td>\n<div>Temperature sensitivity<\/div><\/td>\n<td colspan=\"2\">\n<div>24pm\/K<\/div>\n<div><\/div><\/td>\n<\/tr>\n<tr>\n<td>\n<div>Strain sensitivity<\/div><\/td>\n<td colspan=\"2\">\n<div>1.2pm\/\u00b5\u025b<\/div>\n<div><\/div><\/td>\n<\/tr>\n<tr>\n<td>\n<div>Operating Temperature range<\/div><\/td>\n<td colspan=\"2\">\n<div>-20\u00b0C to +60\u00b0C<\/div>\n<div><\/div><\/td>\n<\/tr>\n<tr>\n<td>\n<div>Ingress Protection rating<\/div><\/td>\n<td colspan=\"2\">\n<div>IP66<\/div>\n<div><\/div><\/td>\n<\/tr>\n<tr>\n<td rowspan=\"10\" valign=\"top\"><strong>Physical properties<\/strong><\/td>\n<td>\n<div>Housing material<\/div><\/td>\n<td colspan=\"2\">\n<div>\n<div><\/div>\n<\/div>\n<div>GFRP (composite)<\/div>\n<div><\/div><\/td>\n<\/tr>\n<tr>\n<td>\n<div>Anchoring distance<\/div><\/td>\n<td colspan=\"2\">n\/a\n<div><\/div><\/td>\n<\/tr>\n<tr>\n<td>\n<div>Dimensions (without cable) <sup>4)<\/sup><\/div><\/td>\n<td colspan=\"2\">100mm x 15 x 5mm (L x W x H)\n<div><\/div><\/td>\n<\/tr>\n<tr>\n<td>\n<div>Weight (without cable)<\/div><\/td>\n<td colspan=\"2\">Around 30g\n<div><\/div><\/td>\n<\/tr>\n<tr>\n<td>\n<div>Cable type<\/div><\/td>\n<td colspan=\"2\">\n<div>900\u00b5m PTFE\/PEEK \/ 3mm Dyneema reinforced tubing<\/div>\n<div><\/div><\/td>\n<\/tr>\n<tr>\n<td>Cable length <sup>5)<\/sup><\/td>\n<td colspan=\"2\">1mtr<\/td>\n<\/tr>\n<tr>\n<td>Cable Bend Radius (dynamic)<\/td>\n<td colspan=\"2\">\n<div id=\"c7439\" class=\"csc-default\">\n<div class=\"tab_row2_column75 colorCCC\">40mm<\/div>\n<\/div><\/td>\n<\/tr>\n<tr>\n<td>Cable Bend Radius (static)<\/td>\n<td colspan=\"2\">\n<div>30mm<\/div>\n<div><\/div><\/td>\n<\/tr>\n<tr>\n<td>\n<div>Connector type <sup>6)<\/sup><\/div><\/td>\n<td colspan=\"2\">FC\/APC\n<div><\/div><\/td>\n<\/tr>\n<tr>\n<td>\n<div>Mounting method<\/div><\/td>\n<td colspan=\"2\">Glue\n<div><\/div><\/td>\n<\/tr>\n<tr>\n<td><strong>Packaging<\/strong><\/td>\n<td colspan=\"3\">Cardboard box with dimensions: 370x290x45mm<\/td>\n<\/tr>\n<tr>\n<td><strong>Quality Statement<\/strong><\/td>\n<td colspan=\"3\">DSP-01 sensor is compliant with IEC 61757-1-1:2016\/Ed1.0 and IEC 61757:2018\nAll sensors are 100% tested and calibrated at SYLEX.\nSensor is manufactured according to ISO 9001:2015 and ISO 14001:2015<\/td>\n<\/tr>\n<\/tbody>\n<\/table>\n<p class=\"bodytext\">Notes:<\/p>\n\n<ul>\n \t<li><sup>1)<\/sup>The strain range is established on the material properties of the substrate and installation method. The sensor may\noperate even in higher ranges<\/li>\n \t<li><sup>2)<\/sup>Accuracy and Precision are established for each sensor under laboratory conditions and it includes hysteresis, nonlinearity, and repeatability of the sensor.<\/li>\n \t<li><sup>3) <\/sup>FS: full scale range<\/li>\n \t<li><sup>4)<\/sup>\u00a0For further dimensions details see the product drawing<\/li>\n \t<li><sup>5)<\/sup>\u00a0Cable length is extendable on request<\/li>\n \t<li><sup>6)<\/sup>\u00a0Other connector types available on request<\/li>\n<\/ul>\t\t\t\t\t\t\t\t<\/div>\n\t\t\t\t<\/div>\n\t\t\t\t\t<\/div>\n\t\t<\/div>\n\t\t\t\t\t<\/div>\n\t\t<\/section>\n\t\t\t\t<\/div>\n\t\t","protected":false},"excerpt":{"rendered":"<p class=\"bodytext\"><b>Type:<\/b> Short-gauge composite strain sensor<\/p>\n<p class=\"bodytext\"><b>Application:<\/b>\u00a0 surface mountable<\/p>\n<p class=\"bodytext\"><b>Installation method:<\/b> gluing<\/p>\n<p class=\"bodytext\"><b>Pre-strain setup:<\/b> At factory<\/p>\n<p class=\"bodytext\"><b>Temperature compensation:<\/b> External<\/p>\n","protected":false},"featured_media":11305,"template":"","meta":{"_acf_changed":false},"product_brand":[],"product_cat":[405,422,423],"product_tag":[427,425,426],"class_list":{"0":"post-14255","1":"product","2":"type-product","3":"status-publish","4":"has-post-thumbnail","6":"product_cat-snimace-a-snimacie-systemy","7":"product_cat-snimace","8":"product_cat-strain-stress-deformation-sk","9":"product_tag-obcianske-stavby-shm","10":"product_tag-obnovitelne-zdroje-energie","11":"product_tag-priemyselna-automatizacia","13":"first","14":"instock","15":"shipping-taxable","16":"product-type-simple"},"acf":[],"yoast_head":"<!-- This site is optimized with the Yoast SEO plugin v27.0 - https:\/\/yoast.com\/product\/yoast-seo-wordpress\/ -->\n<title>DSP-01 Dielectric Strain Patch - Sylex<\/title>\n<meta name=\"robots\" content=\"index, follow, max-snippet:-1, max-image-preview:large, max-video-preview:-1\" \/>\n<link rel=\"canonical\" href=\"https:\/\/www.sylex.sk\/sk\/produkt\/dsp-01-dielectric-strain-patch\/\" \/>\n<meta property=\"og:locale\" content=\"sk_SK\" \/>\n<meta property=\"og:type\" content=\"article\" \/>\n<meta property=\"og:title\" content=\"DSP-01 Dielectric Strain Patch - Sylex\" \/>\n<meta property=\"og:description\" content=\"Type: Short-gauge composite strain sensor Application:\u00a0 surface mountable Installation method: gluing Pre-strain setup: At factory Temperature compensation: External\" \/>\n<meta property=\"og:url\" content=\"https:\/\/www.sylex.sk\/sk\/produkt\/dsp-01-dielectric-strain-patch\/\" \/>\n<meta property=\"og:site_name\" content=\"Sylex\" \/>\n<meta property=\"article:publisher\" content=\"https:\/\/www.facebook.com\/sylex.sk\/\" \/>\n<meta property=\"article:modified_time\" content=\"2025-01-17T09:50:48+00:00\" \/>\n<meta property=\"og:image\" content=\"https:\/\/www.sylex.sk\/wp-content\/uploads\/2024\/04\/DSP-01-Dielectric-Strain-Patch.png\" \/>\n\t<meta property=\"og:image:width\" content=\"1735\" \/>\n\t<meta property=\"og:image:height\" content=\"1300\" \/>\n\t<meta property=\"og:image:type\" content=\"image\/png\" \/>\n<meta name=\"twitter:card\" content=\"summary_large_image\" \/>\n<meta name=\"twitter:site\" content=\"@SYLEX_SK\" \/>\n<meta name=\"twitter:label1\" content=\"Predpokladan\u00fd \u010das \u010d\u00edtania\" \/>\n\t<meta name=\"twitter:data1\" content=\"1 min\u00fata\" \/>\n<script type=\"application\/ld+json\" class=\"yoast-schema-graph\">{\"@context\":\"https:\/\/schema.org\",\"@graph\":[{\"@type\":\"WebPage\",\"@id\":\"https:\/\/www.sylex.sk\/sk\/produkt\/dsp-01-dielectric-strain-patch\/\",\"url\":\"https:\/\/www.sylex.sk\/sk\/produkt\/dsp-01-dielectric-strain-patch\/\",\"name\":\"DSP-01 Dielectric Strain Patch - Sylex\",\"isPartOf\":{\"@id\":\"https:\/\/wonderful-yonath.136-243-14-103.plesk.page\/#website\"},\"primaryImageOfPage\":{\"@id\":\"https:\/\/www.sylex.sk\/sk\/produkt\/dsp-01-dielectric-strain-patch\/#primaryimage\"},\"image\":{\"@id\":\"https:\/\/www.sylex.sk\/sk\/produkt\/dsp-01-dielectric-strain-patch\/#primaryimage\"},\"thumbnailUrl\":\"https:\/\/www.sylex.sk\/wp-content\/uploads\/2024\/04\/DSP-01-Dielectric-Strain-Patch.png\",\"datePublished\":\"2023-09-06T12:17:26+00:00\",\"dateModified\":\"2025-01-17T09:50:48+00:00\",\"breadcrumb\":{\"@id\":\"https:\/\/www.sylex.sk\/sk\/produkt\/dsp-01-dielectric-strain-patch\/#breadcrumb\"},\"inLanguage\":\"sk-SK\",\"potentialAction\":[{\"@type\":\"ReadAction\",\"target\":[\"https:\/\/www.sylex.sk\/sk\/produkt\/dsp-01-dielectric-strain-patch\/\"]}]},{\"@type\":\"ImageObject\",\"inLanguage\":\"sk-SK\",\"@id\":\"https:\/\/www.sylex.sk\/sk\/produkt\/dsp-01-dielectric-strain-patch\/#primaryimage\",\"url\":\"https:\/\/www.sylex.sk\/wp-content\/uploads\/2024\/04\/DSP-01-Dielectric-Strain-Patch.png\",\"contentUrl\":\"https:\/\/www.sylex.sk\/wp-content\/uploads\/2024\/04\/DSP-01-Dielectric-Strain-Patch.png\",\"width\":1735,\"height\":1300,\"caption\":\"DSP-01 Dielektrick\u00e1 tenzn\u00e1 n\u00e1plas\u0165\"},{\"@type\":\"BreadcrumbList\",\"@id\":\"https:\/\/www.sylex.sk\/sk\/produkt\/dsp-01-dielectric-strain-patch\/#breadcrumb\",\"itemListElement\":[{\"@type\":\"ListItem\",\"position\":1,\"name\":\"Home\",\"item\":\"https:\/\/www.sylex.sk\/sk\/\"},{\"@type\":\"ListItem\",\"position\":2,\"name\":\"Shop\",\"item\":\"https:\/\/www.sylex.sk\/sk\/shop\/\"},{\"@type\":\"ListItem\",\"position\":3,\"name\":\"DSP-01 Dielectric Strain Patch\"}]},{\"@type\":\"WebSite\",\"@id\":\"https:\/\/wonderful-yonath.136-243-14-103.plesk.page\/#website\",\"url\":\"https:\/\/wonderful-yonath.136-243-14-103.plesk.page\/\",\"name\":\"Sylex\",\"description\":\"Fiber Optics\",\"publisher\":{\"@id\":\"https:\/\/wonderful-yonath.136-243-14-103.plesk.page\/#organization\"},\"potentialAction\":[{\"@type\":\"SearchAction\",\"target\":{\"@type\":\"EntryPoint\",\"urlTemplate\":\"https:\/\/wonderful-yonath.136-243-14-103.plesk.page\/?s={search_term_string}\"},\"query-input\":{\"@type\":\"PropertyValueSpecification\",\"valueRequired\":true,\"valueName\":\"search_term_string\"}}],\"inLanguage\":\"sk-SK\"},{\"@type\":\"Organization\",\"@id\":\"https:\/\/wonderful-yonath.136-243-14-103.plesk.page\/#organization\",\"name\":\"Sylex\",\"url\":\"https:\/\/wonderful-yonath.136-243-14-103.plesk.page\/\",\"logo\":{\"@type\":\"ImageObject\",\"inLanguage\":\"sk-SK\",\"@id\":\"https:\/\/wonderful-yonath.136-243-14-103.plesk.page\/#\/schema\/logo\/image\/\",\"url\":\"https:\/\/www.sylex.sk\/wp-content\/uploads\/2024\/04\/logo4-1.png\",\"contentUrl\":\"https:\/\/www.sylex.sk\/wp-content\/uploads\/2024\/04\/logo4-1.png\",\"width\":308,\"height\":100,\"caption\":\"Sylex\"},\"image\":{\"@id\":\"https:\/\/wonderful-yonath.136-243-14-103.plesk.page\/#\/schema\/logo\/image\/\"},\"sameAs\":[\"https:\/\/www.facebook.com\/sylex.sk\/\",\"https:\/\/x.com\/SYLEX_SK\"]}]}<\/script>\n<!-- \/ Yoast SEO plugin. -->","yoast_head_json":{"title":"DSP-01 Dielectric Strain Patch - Sylex","robots":{"index":"index","follow":"follow","max-snippet":"max-snippet:-1","max-image-preview":"max-image-preview:large","max-video-preview":"max-video-preview:-1"},"canonical":"https:\/\/www.sylex.sk\/sk\/produkt\/dsp-01-dielectric-strain-patch\/","og_locale":"sk_SK","og_type":"article","og_title":"DSP-01 Dielectric Strain Patch - Sylex","og_description":"Type: Short-gauge composite strain sensor Application:\u00a0 surface mountable Installation method: gluing Pre-strain setup: At factory Temperature compensation: External","og_url":"https:\/\/www.sylex.sk\/sk\/produkt\/dsp-01-dielectric-strain-patch\/","og_site_name":"Sylex","article_publisher":"https:\/\/www.facebook.com\/sylex.sk\/","article_modified_time":"2025-01-17T09:50:48+00:00","og_image":[{"width":1735,"height":1300,"url":"https:\/\/www.sylex.sk\/wp-content\/uploads\/2024\/04\/DSP-01-Dielectric-Strain-Patch.png","type":"image\/png"}],"twitter_card":"summary_large_image","twitter_site":"@SYLEX_SK","twitter_misc":{"Predpokladan\u00fd \u010das \u010d\u00edtania":"1 min\u00fata"},"schema":{"@context":"https:\/\/schema.org","@graph":[{"@type":"WebPage","@id":"https:\/\/www.sylex.sk\/sk\/produkt\/dsp-01-dielectric-strain-patch\/","url":"https:\/\/www.sylex.sk\/sk\/produkt\/dsp-01-dielectric-strain-patch\/","name":"DSP-01 Dielectric Strain Patch - Sylex","isPartOf":{"@id":"https:\/\/wonderful-yonath.136-243-14-103.plesk.page\/#website"},"primaryImageOfPage":{"@id":"https:\/\/www.sylex.sk\/sk\/produkt\/dsp-01-dielectric-strain-patch\/#primaryimage"},"image":{"@id":"https:\/\/www.sylex.sk\/sk\/produkt\/dsp-01-dielectric-strain-patch\/#primaryimage"},"thumbnailUrl":"https:\/\/www.sylex.sk\/wp-content\/uploads\/2024\/04\/DSP-01-Dielectric-Strain-Patch.png","datePublished":"2023-09-06T12:17:26+00:00","dateModified":"2025-01-17T09:50:48+00:00","breadcrumb":{"@id":"https:\/\/www.sylex.sk\/sk\/produkt\/dsp-01-dielectric-strain-patch\/#breadcrumb"},"inLanguage":"sk-SK","potentialAction":[{"@type":"ReadAction","target":["https:\/\/www.sylex.sk\/sk\/produkt\/dsp-01-dielectric-strain-patch\/"]}]},{"@type":"ImageObject","inLanguage":"sk-SK","@id":"https:\/\/www.sylex.sk\/sk\/produkt\/dsp-01-dielectric-strain-patch\/#primaryimage","url":"https:\/\/www.sylex.sk\/wp-content\/uploads\/2024\/04\/DSP-01-Dielectric-Strain-Patch.png","contentUrl":"https:\/\/www.sylex.sk\/wp-content\/uploads\/2024\/04\/DSP-01-Dielectric-Strain-Patch.png","width":1735,"height":1300,"caption":"DSP-01 Dielektrick\u00e1 tenzn\u00e1 n\u00e1plas\u0165"},{"@type":"BreadcrumbList","@id":"https:\/\/www.sylex.sk\/sk\/produkt\/dsp-01-dielectric-strain-patch\/#breadcrumb","itemListElement":[{"@type":"ListItem","position":1,"name":"Home","item":"https:\/\/www.sylex.sk\/sk\/"},{"@type":"ListItem","position":2,"name":"Shop","item":"https:\/\/www.sylex.sk\/sk\/shop\/"},{"@type":"ListItem","position":3,"name":"DSP-01 Dielectric Strain Patch"}]},{"@type":"WebSite","@id":"https:\/\/wonderful-yonath.136-243-14-103.plesk.page\/#website","url":"https:\/\/wonderful-yonath.136-243-14-103.plesk.page\/","name":"Sylex","description":"Fiber Optics","publisher":{"@id":"https:\/\/wonderful-yonath.136-243-14-103.plesk.page\/#organization"},"potentialAction":[{"@type":"SearchAction","target":{"@type":"EntryPoint","urlTemplate":"https:\/\/wonderful-yonath.136-243-14-103.plesk.page\/?s={search_term_string}"},"query-input":{"@type":"PropertyValueSpecification","valueRequired":true,"valueName":"search_term_string"}}],"inLanguage":"sk-SK"},{"@type":"Organization","@id":"https:\/\/wonderful-yonath.136-243-14-103.plesk.page\/#organization","name":"Sylex","url":"https:\/\/wonderful-yonath.136-243-14-103.plesk.page\/","logo":{"@type":"ImageObject","inLanguage":"sk-SK","@id":"https:\/\/wonderful-yonath.136-243-14-103.plesk.page\/#\/schema\/logo\/image\/","url":"https:\/\/www.sylex.sk\/wp-content\/uploads\/2024\/04\/logo4-1.png","contentUrl":"https:\/\/www.sylex.sk\/wp-content\/uploads\/2024\/04\/logo4-1.png","width":308,"height":100,"caption":"Sylex"},"image":{"@id":"https:\/\/wonderful-yonath.136-243-14-103.plesk.page\/#\/schema\/logo\/image\/"},"sameAs":["https:\/\/www.facebook.com\/sylex.sk\/","https:\/\/x.com\/SYLEX_SK"]}]}},"_links":{"self":[{"href":"https:\/\/www.sylex.sk\/sk\/wp-json\/wp\/v2\/product\/14255","targetHints":{"allow":["GET"]}}],"collection":[{"href":"https:\/\/www.sylex.sk\/sk\/wp-json\/wp\/v2\/product"}],"about":[{"href":"https:\/\/www.sylex.sk\/sk\/wp-json\/wp\/v2\/types\/product"}],"version-history":[{"count":0,"href":"https:\/\/www.sylex.sk\/sk\/wp-json\/wp\/v2\/product\/14255\/revisions"}],"wp:featuredmedia":[{"embeddable":true,"href":"https:\/\/www.sylex.sk\/sk\/wp-json\/wp\/v2\/media\/11305"}],"wp:attachment":[{"href":"https:\/\/www.sylex.sk\/sk\/wp-json\/wp\/v2\/media?parent=14255"}],"wp:term":[{"taxonomy":"product_brand","embeddable":true,"href":"https:\/\/www.sylex.sk\/sk\/wp-json\/wp\/v2\/product_brand?post=14255"},{"taxonomy":"product_cat","embeddable":true,"href":"https:\/\/www.sylex.sk\/sk\/wp-json\/wp\/v2\/product_cat?post=14255"},{"taxonomy":"product_tag","embeddable":true,"href":"https:\/\/www.sylex.sk\/sk\/wp-json\/wp\/v2\/product_tag?post=14255"}],"curies":[{"name":"wp","href":"https:\/\/api.w.org\/{rel}","templated":true}]}}