{"id":14267,"date":"2023-09-06T12:56:32","date_gmt":"2023-09-06T11:56:32","guid":{"rendered":"https:\/\/www.sylex.sk\/product\/swa-00-bodovo-zvaratelny-jednoduchy-tenzometricky-snimac\/"},"modified":"2025-01-17T10:50:57","modified_gmt":"2025-01-17T09:50:57","slug":"swa-00-spot-weldable-single-strain-sensor","status":"publish","type":"product","link":"https:\/\/www.sylex.sk\/sk\/produkt\/swa-00-spot-weldable-single-strain-sensor\/","title":{"rendered":"SWA-00 Spot-weldable single strain sensor"},"content":{"rendered":"\t\t<div data-elementor-type=\"product-post\" data-elementor-id=\"14267\" class=\"elementor elementor-14267 elementor-1211\" data-elementor-post-type=\"product\">\n\t\t\t\t\t\t<section class=\"elementor-section elementor-top-section elementor-element elementor-element-70ef1ecb elementor-section-boxed elementor-section-height-default elementor-section-height-default\" data-id=\"70ef1ecb\" data-element_type=\"section\" data-e-type=\"section\">\n\t\t\t\t\t\t<div class=\"elementor-container elementor-column-gap-default\">\n\t\t\t\t\t<div class=\"elementor-column elementor-col-100 elementor-top-column elementor-element elementor-element-f6f953d\" data-id=\"f6f953d\" data-element_type=\"column\" data-e-type=\"column\">\n\t\t\t<div class=\"elementor-widget-wrap elementor-element-populated\">\n\t\t\t\t\t\t<div class=\"elementor-element elementor-element-2ba15c95 elementor-widget elementor-widget-heading\" data-id=\"2ba15c95\" data-element_type=\"widget\" data-e-type=\"widget\" data-widget_type=\"heading.default\">\n\t\t\t\t<div class=\"elementor-widget-container\">\n\t\t\t\t\t<h2 class=\"elementor-heading-title elementor-size-default\">Product Specification<\/h2>\t\t\t\t<\/div>\n\t\t\t\t<\/div>\n\t\t\t\t<div class=\"elementor-element elementor-element-499def02 elementor-widget elementor-widget-text-editor\" data-id=\"499def02\" data-element_type=\"widget\" data-e-type=\"widget\" data-widget_type=\"text-editor.default\">\n\t\t\t\t<div class=\"elementor-widget-container\">\n\t\t\t\t\t\t\t\t\t<table border=\"0\" width=\"100%\" cellspacing=\"0\" cellpadding=\"0\">\n<tbody>\n<tr>\n<td rowspan=\"11\" valign=\"top\"><strong>Performance properties<\/strong><\/td>\n<td>\n<div>Strain range<\/div><\/td>\n<td colspan=\"2\">\n<div>\n<div><\/div>\n<\/div>\n<div>\u00b11500\u03bc\u025b<\/div>\n<div><\/div><\/td>\n<\/tr>\n<tr>\n<td>\n<div>Accuracy (guaranteed)<sup>1)<\/sup><\/div><\/td>\n<td colspan=\"2\">&lt;0.50% FS<sup>3)<\/sup>\n<div><\/div><\/td>\n<\/tr>\n<tr>\n<td>\n<div>Accuracy (typical)<sup>1)<\/sup><\/div><\/td>\n<td colspan=\"2\">&lt;0.23% FS<sup>3)<\/sup>\n<div><\/div><\/td>\n<\/tr>\n<tr>\n<td>\n<div>Precision (guaranteed)<sup>2)<\/sup><\/div><\/td>\n<td colspan=\"2\">&lt;0.25% FS<sup>3)<\/sup>\n<div><\/div><\/td>\n<\/tr>\n<tr>\n<td>\n<div>Precision (typical)<sup>2)<\/sup><\/div><\/td>\n<td colspan=\"2\">\n<div>&lt;0.15% FS<sup>3)<\/sup><\/div>\n<div><\/div><\/td>\n<\/tr>\n<tr>\n<td>Temperature compensation<\/td>\n<td colspan=\"2\">Integrated<sup>4)<\/sup><\/td>\n<\/tr>\n<tr>\n<td>Temperature accuracy\u00a0<sup>1)<\/sup><\/td>\n<td colspan=\"2\">&lt;1\u00b0C<\/td>\n<\/tr>\n<tr>\n<td>\n<div>Temperature precision<sup>2)<\/sup><\/div><\/td>\n<td colspan=\"2\">\u00b10.3\u00b0C\n<div><\/div><\/td>\n<\/tr>\n<tr>\n<td>\n<div>Temperature sensitivity (for temp.compensated version)<\/div><\/td>\n<td colspan=\"2\">28pm\/\u00b0C\n<div><\/div><\/td>\n<\/tr>\n<tr>\n<td>\n<div>Strain sensitivity<\/div><\/td>\n<td colspan=\"2\">1,2pm\/\u00b5\u025b\n<div><\/div><\/td>\n<\/tr>\n<tr>\n<td>Operating Temperature range<\/td>\n<td colspan=\"2\">-20\u00b0C to +60\u00b0C<\/td>\n<\/tr>\n<tr>\n<td rowspan=\"9\" valign=\"top\"><strong>Physical properties<\/strong><\/td>\n<td>\n<div>Housing material<\/div><\/td>\n<td colspan=\"2\">\n<div>\n<div><\/div>\n<\/div>\n<div>0.2mm thick SS304 \u2013 1.4301<\/div>\n<div><\/div><\/td>\n<\/tr>\n<tr>\n<td>\n<div>Anchoring distance<\/div><\/td>\n<td colspan=\"2\">n \/a\n<div><\/div><\/td>\n<\/tr>\n<tr>\n<td>\n<div>Dimensions (without cable)<sup>5)<\/sup><\/div><\/td>\n<td colspan=\"2\">55x15x0,2mm\n<div><\/div><\/td>\n<\/tr>\n<tr>\n<td>\n<div>Weight (without cable)<\/div><\/td>\n<td colspan=\"2\">~10g\n<div><\/div><\/td>\n<\/tr>\n<tr>\n<td>\n<div>Cable type<\/div><\/td>\n<td colspan=\"2\">\n<div>3mm Dyneema reinforced cable \/ 900\u03bcm PTFE<\/div>\n<div><\/div><\/td>\n<\/tr>\n<tr>\n<td>Cable length<sup>6)<\/sup><\/td>\n<td colspan=\"2\">1mtr<\/td>\n<\/tr>\n<tr>\n<td>Cable Bend Radius (dynamic)<\/td>\n<td colspan=\"2\">\n<div id=\"c7439\" class=\"csc-default\">\n<div class=\"tab_row2_column75 colorCCC\">40mm<\/div>\n<\/div><\/td>\n<\/tr>\n<tr>\n<td>Cable Bend Radius (static)<\/td>\n<td colspan=\"2\">\n<div>30mm<\/div>\n<div><\/div><\/td>\n<\/tr>\n<tr>\n<td>\n<div>Connector type<sup>7)<\/sup><\/div><\/td>\n<td colspan=\"2\">FC\/APC\n<div><\/div><\/td>\n<\/tr>\n<tr>\n<td><strong>Mounting method<\/strong><\/td>\n<td colspan=\"3\">Spot welding or chemical adhesive<\/td>\n<\/tr>\n<tr>\n<td><strong>Packaging<\/strong><\/td>\n<td colspan=\"3\">Cardboard box with dimensions: 370x290x45mm<\/td>\n<\/tr>\n<tr>\n<td><strong>Quality Statement<\/strong><\/td>\n<td colspan=\"3\">SWA-00 sensor is compliant with IEC 61757-1-1:2020, IEC 61757-2-1:2021 and IEC 61757:2018\nAll sensors are 100% tested and calibrated at SYLEX.\nSensor is manufactured according to ISO 9001:2008 and ISO 14001:2004<\/td>\n<\/tr>\n<\/tbody>\n<\/table>\n<p class=\"bodytext\">Notes:<\/p>\n\n<ul>\n \t<li><sup>1)<\/sup>\u00a0Accuracy is established for each individual sensor under laboratory conditions and it includes hysteresis, non-linearity and repeatability of the sensor.<\/li>\n \t<li><sup>2)<\/sup>\u00a0Precision is established on a batch basis and it includes hysteresis, non-linearity, repeatability and reproducibility of the sensor.<\/li>\n \t<li><sup>3)<\/sup>\u00a0FS: full scale range<\/li>\n \t<li><sup>4)<\/sup>\u00a0Optional<\/li>\n \t<li><sup>5)<\/sup>\u00a0For further dimensions details see the product drawing<\/li>\n \t<li><sup>6)\u00a0<\/sup>Cable length is extendable on request<\/li>\n \t<li><sup>7)\u00a0<\/sup>Other connector types available on request<\/li>\n<\/ul>\t\t\t\t\t\t\t\t<\/div>\n\t\t\t\t<\/div>\n\t\t\t\t\t<\/div>\n\t\t<\/div>\n\t\t\t\t\t<\/div>\n\t\t<\/section>\n\t\t\t\t<\/div>\n\t\t","protected":false},"excerpt":{"rendered":"<p class=\"bodytext\"><b>Type:<\/b> Spot-weldable single strain sensor<\/p>\n<p class=\"bodytext\"><b>Application:<\/b>\u00a0Surface mountable<\/p>\n<p class=\"bodytext\"><b>Installation method:<\/b>\u00a0Spotweldable<\/p>\n<p class=\"bodytext\"><b>Pre-strain setup:<\/b>\u00a0At factory<\/p>\n<p class=\"bodytext\"><b>Temperature compensation:<\/b>\u00a0[Optional] Integrated in the sensor body<\/p>\n","protected":false},"featured_media":11537,"template":"","meta":{"_acf_changed":false},"product_brand":[],"product_cat":[405,422,423],"product_tag":[427,425,426],"class_list":{"0":"post-14267","1":"product","2":"type-product","3":"status-publish","4":"has-post-thumbnail","6":"product_cat-snimace-a-snimacie-systemy","7":"product_cat-snimace","8":"product_cat-strain-stress-deformation-sk","9":"product_tag-obcianske-stavby-shm","10":"product_tag-obnovitelne-zdroje-energie","11":"product_tag-priemyselna-automatizacia","13":"first","14":"instock","15":"shipping-taxable","16":"product-type-simple"},"acf":[],"yoast_head":"<!-- This site is optimized with the Yoast SEO plugin v27.0 - https:\/\/yoast.com\/product\/yoast-seo-wordpress\/ -->\n<title>SWA-00 Spot-weldable single strain sensor - Sylex<\/title>\n<meta name=\"robots\" content=\"index, follow, max-snippet:-1, max-image-preview:large, max-video-preview:-1\" \/>\n<link rel=\"canonical\" href=\"https:\/\/www.sylex.sk\/sk\/produkt\/swa-00-spot-weldable-single-strain-sensor\/\" \/>\n<meta property=\"og:locale\" content=\"sk_SK\" \/>\n<meta property=\"og:type\" content=\"article\" \/>\n<meta property=\"og:title\" content=\"SWA-00 Spot-weldable single strain sensor - Sylex\" \/>\n<meta property=\"og:description\" content=\"Type: Spot-weldable single strain sensor Application:\u00a0Surface mountable Installation method:\u00a0Spotweldable Pre-strain setup:\u00a0At factory Temperature compensation:\u00a0[Optional] Integrated in the sensor body\" \/>\n<meta property=\"og:url\" content=\"https:\/\/www.sylex.sk\/sk\/produkt\/swa-00-spot-weldable-single-strain-sensor\/\" \/>\n<meta property=\"og:site_name\" content=\"Sylex\" \/>\n<meta property=\"article:publisher\" content=\"https:\/\/www.facebook.com\/sylex.sk\/\" \/>\n<meta property=\"article:modified_time\" content=\"2025-01-17T09:50:57+00:00\" \/>\n<meta property=\"og:image\" content=\"https:\/\/www.sylex.sk\/wp-content\/uploads\/2024\/04\/SWA-00-Spot-weldable-single-strain-sensor.jpg\" \/>\n\t<meta property=\"og:image:width\" content=\"1920\" \/>\n\t<meta property=\"og:image:height\" content=\"1300\" \/>\n\t<meta property=\"og:image:type\" content=\"image\/jpeg\" \/>\n<meta name=\"twitter:card\" content=\"summary_large_image\" \/>\n<meta name=\"twitter:site\" content=\"@SYLEX_SK\" \/>\n<meta name=\"twitter:label1\" content=\"Predpokladan\u00fd \u010das \u010d\u00edtania\" \/>\n\t<meta name=\"twitter:data1\" content=\"1 min\u00fata\" \/>\n<script type=\"application\/ld+json\" class=\"yoast-schema-graph\">{\"@context\":\"https:\/\/schema.org\",\"@graph\":[{\"@type\":\"WebPage\",\"@id\":\"https:\/\/www.sylex.sk\/sk\/produkt\/swa-00-spot-weldable-single-strain-sensor\/\",\"url\":\"https:\/\/www.sylex.sk\/sk\/produkt\/swa-00-spot-weldable-single-strain-sensor\/\",\"name\":\"SWA-00 Spot-weldable single strain sensor - Sylex\",\"isPartOf\":{\"@id\":\"https:\/\/wonderful-yonath.136-243-14-103.plesk.page\/#website\"},\"primaryImageOfPage\":{\"@id\":\"https:\/\/www.sylex.sk\/sk\/produkt\/swa-00-spot-weldable-single-strain-sensor\/#primaryimage\"},\"image\":{\"@id\":\"https:\/\/www.sylex.sk\/sk\/produkt\/swa-00-spot-weldable-single-strain-sensor\/#primaryimage\"},\"thumbnailUrl\":\"https:\/\/www.sylex.sk\/wp-content\/uploads\/2024\/04\/SWA-00-Spot-weldable-single-strain-sensor.jpg\",\"datePublished\":\"2023-09-06T11:56:32+00:00\",\"dateModified\":\"2025-01-17T09:50:57+00:00\",\"breadcrumb\":{\"@id\":\"https:\/\/www.sylex.sk\/sk\/produkt\/swa-00-spot-weldable-single-strain-sensor\/#breadcrumb\"},\"inLanguage\":\"sk-SK\",\"potentialAction\":[{\"@type\":\"ReadAction\",\"target\":[\"https:\/\/www.sylex.sk\/sk\/produkt\/swa-00-spot-weldable-single-strain-sensor\/\"]}]},{\"@type\":\"ImageObject\",\"inLanguage\":\"sk-SK\",\"@id\":\"https:\/\/www.sylex.sk\/sk\/produkt\/swa-00-spot-weldable-single-strain-sensor\/#primaryimage\",\"url\":\"https:\/\/www.sylex.sk\/wp-content\/uploads\/2024\/04\/SWA-00-Spot-weldable-single-strain-sensor.jpg\",\"contentUrl\":\"https:\/\/www.sylex.sk\/wp-content\/uploads\/2024\/04\/SWA-00-Spot-weldable-single-strain-sensor.jpg\",\"width\":1920,\"height\":1300,\"caption\":\"SWA-00 Bodovo zv\u00e1rate\u013en\u00fd jednoduch\u00fd tenzometrick\u00fd sn\u00edma\u010d\"},{\"@type\":\"BreadcrumbList\",\"@id\":\"https:\/\/www.sylex.sk\/sk\/produkt\/swa-00-spot-weldable-single-strain-sensor\/#breadcrumb\",\"itemListElement\":[{\"@type\":\"ListItem\",\"position\":1,\"name\":\"Home\",\"item\":\"https:\/\/www.sylex.sk\/sk\/\"},{\"@type\":\"ListItem\",\"position\":2,\"name\":\"Shop\",\"item\":\"https:\/\/www.sylex.sk\/sk\/shop\/\"},{\"@type\":\"ListItem\",\"position\":3,\"name\":\"SWA-00 Spot-weldable single strain sensor\"}]},{\"@type\":\"WebSite\",\"@id\":\"https:\/\/wonderful-yonath.136-243-14-103.plesk.page\/#website\",\"url\":\"https:\/\/wonderful-yonath.136-243-14-103.plesk.page\/\",\"name\":\"Sylex\",\"description\":\"Fiber Optics\",\"publisher\":{\"@id\":\"https:\/\/wonderful-yonath.136-243-14-103.plesk.page\/#organization\"},\"potentialAction\":[{\"@type\":\"SearchAction\",\"target\":{\"@type\":\"EntryPoint\",\"urlTemplate\":\"https:\/\/wonderful-yonath.136-243-14-103.plesk.page\/?s={search_term_string}\"},\"query-input\":{\"@type\":\"PropertyValueSpecification\",\"valueRequired\":true,\"valueName\":\"search_term_string\"}}],\"inLanguage\":\"sk-SK\"},{\"@type\":\"Organization\",\"@id\":\"https:\/\/wonderful-yonath.136-243-14-103.plesk.page\/#organization\",\"name\":\"Sylex\",\"url\":\"https:\/\/wonderful-yonath.136-243-14-103.plesk.page\/\",\"logo\":{\"@type\":\"ImageObject\",\"inLanguage\":\"sk-SK\",\"@id\":\"https:\/\/wonderful-yonath.136-243-14-103.plesk.page\/#\/schema\/logo\/image\/\",\"url\":\"https:\/\/www.sylex.sk\/wp-content\/uploads\/2024\/04\/logo4-1.png\",\"contentUrl\":\"https:\/\/www.sylex.sk\/wp-content\/uploads\/2024\/04\/logo4-1.png\",\"width\":308,\"height\":100,\"caption\":\"Sylex\"},\"image\":{\"@id\":\"https:\/\/wonderful-yonath.136-243-14-103.plesk.page\/#\/schema\/logo\/image\/\"},\"sameAs\":[\"https:\/\/www.facebook.com\/sylex.sk\/\",\"https:\/\/x.com\/SYLEX_SK\"]}]}<\/script>\n<!-- \/ Yoast SEO plugin. -->","yoast_head_json":{"title":"SWA-00 Spot-weldable single strain sensor - Sylex","robots":{"index":"index","follow":"follow","max-snippet":"max-snippet:-1","max-image-preview":"max-image-preview:large","max-video-preview":"max-video-preview:-1"},"canonical":"https:\/\/www.sylex.sk\/sk\/produkt\/swa-00-spot-weldable-single-strain-sensor\/","og_locale":"sk_SK","og_type":"article","og_title":"SWA-00 Spot-weldable single strain sensor - Sylex","og_description":"Type: Spot-weldable single strain sensor Application:\u00a0Surface mountable Installation method:\u00a0Spotweldable Pre-strain setup:\u00a0At factory Temperature compensation:\u00a0[Optional] Integrated in the sensor body","og_url":"https:\/\/www.sylex.sk\/sk\/produkt\/swa-00-spot-weldable-single-strain-sensor\/","og_site_name":"Sylex","article_publisher":"https:\/\/www.facebook.com\/sylex.sk\/","article_modified_time":"2025-01-17T09:50:57+00:00","og_image":[{"width":1920,"height":1300,"url":"https:\/\/www.sylex.sk\/wp-content\/uploads\/2024\/04\/SWA-00-Spot-weldable-single-strain-sensor.jpg","type":"image\/jpeg"}],"twitter_card":"summary_large_image","twitter_site":"@SYLEX_SK","twitter_misc":{"Predpokladan\u00fd \u010das \u010d\u00edtania":"1 min\u00fata"},"schema":{"@context":"https:\/\/schema.org","@graph":[{"@type":"WebPage","@id":"https:\/\/www.sylex.sk\/sk\/produkt\/swa-00-spot-weldable-single-strain-sensor\/","url":"https:\/\/www.sylex.sk\/sk\/produkt\/swa-00-spot-weldable-single-strain-sensor\/","name":"SWA-00 Spot-weldable single strain sensor - Sylex","isPartOf":{"@id":"https:\/\/wonderful-yonath.136-243-14-103.plesk.page\/#website"},"primaryImageOfPage":{"@id":"https:\/\/www.sylex.sk\/sk\/produkt\/swa-00-spot-weldable-single-strain-sensor\/#primaryimage"},"image":{"@id":"https:\/\/www.sylex.sk\/sk\/produkt\/swa-00-spot-weldable-single-strain-sensor\/#primaryimage"},"thumbnailUrl":"https:\/\/www.sylex.sk\/wp-content\/uploads\/2024\/04\/SWA-00-Spot-weldable-single-strain-sensor.jpg","datePublished":"2023-09-06T11:56:32+00:00","dateModified":"2025-01-17T09:50:57+00:00","breadcrumb":{"@id":"https:\/\/www.sylex.sk\/sk\/produkt\/swa-00-spot-weldable-single-strain-sensor\/#breadcrumb"},"inLanguage":"sk-SK","potentialAction":[{"@type":"ReadAction","target":["https:\/\/www.sylex.sk\/sk\/produkt\/swa-00-spot-weldable-single-strain-sensor\/"]}]},{"@type":"ImageObject","inLanguage":"sk-SK","@id":"https:\/\/www.sylex.sk\/sk\/produkt\/swa-00-spot-weldable-single-strain-sensor\/#primaryimage","url":"https:\/\/www.sylex.sk\/wp-content\/uploads\/2024\/04\/SWA-00-Spot-weldable-single-strain-sensor.jpg","contentUrl":"https:\/\/www.sylex.sk\/wp-content\/uploads\/2024\/04\/SWA-00-Spot-weldable-single-strain-sensor.jpg","width":1920,"height":1300,"caption":"SWA-00 Bodovo zv\u00e1rate\u013en\u00fd jednoduch\u00fd tenzometrick\u00fd sn\u00edma\u010d"},{"@type":"BreadcrumbList","@id":"https:\/\/www.sylex.sk\/sk\/produkt\/swa-00-spot-weldable-single-strain-sensor\/#breadcrumb","itemListElement":[{"@type":"ListItem","position":1,"name":"Home","item":"https:\/\/www.sylex.sk\/sk\/"},{"@type":"ListItem","position":2,"name":"Shop","item":"https:\/\/www.sylex.sk\/sk\/shop\/"},{"@type":"ListItem","position":3,"name":"SWA-00 Spot-weldable single strain sensor"}]},{"@type":"WebSite","@id":"https:\/\/wonderful-yonath.136-243-14-103.plesk.page\/#website","url":"https:\/\/wonderful-yonath.136-243-14-103.plesk.page\/","name":"Sylex","description":"Fiber Optics","publisher":{"@id":"https:\/\/wonderful-yonath.136-243-14-103.plesk.page\/#organization"},"potentialAction":[{"@type":"SearchAction","target":{"@type":"EntryPoint","urlTemplate":"https:\/\/wonderful-yonath.136-243-14-103.plesk.page\/?s={search_term_string}"},"query-input":{"@type":"PropertyValueSpecification","valueRequired":true,"valueName":"search_term_string"}}],"inLanguage":"sk-SK"},{"@type":"Organization","@id":"https:\/\/wonderful-yonath.136-243-14-103.plesk.page\/#organization","name":"Sylex","url":"https:\/\/wonderful-yonath.136-243-14-103.plesk.page\/","logo":{"@type":"ImageObject","inLanguage":"sk-SK","@id":"https:\/\/wonderful-yonath.136-243-14-103.plesk.page\/#\/schema\/logo\/image\/","url":"https:\/\/www.sylex.sk\/wp-content\/uploads\/2024\/04\/logo4-1.png","contentUrl":"https:\/\/www.sylex.sk\/wp-content\/uploads\/2024\/04\/logo4-1.png","width":308,"height":100,"caption":"Sylex"},"image":{"@id":"https:\/\/wonderful-yonath.136-243-14-103.plesk.page\/#\/schema\/logo\/image\/"},"sameAs":["https:\/\/www.facebook.com\/sylex.sk\/","https:\/\/x.com\/SYLEX_SK"]}]}},"_links":{"self":[{"href":"https:\/\/www.sylex.sk\/sk\/wp-json\/wp\/v2\/product\/14267","targetHints":{"allow":["GET"]}}],"collection":[{"href":"https:\/\/www.sylex.sk\/sk\/wp-json\/wp\/v2\/product"}],"about":[{"href":"https:\/\/www.sylex.sk\/sk\/wp-json\/wp\/v2\/types\/product"}],"version-history":[{"count":0,"href":"https:\/\/www.sylex.sk\/sk\/wp-json\/wp\/v2\/product\/14267\/revisions"}],"wp:featuredmedia":[{"embeddable":true,"href":"https:\/\/www.sylex.sk\/sk\/wp-json\/wp\/v2\/media\/11537"}],"wp:attachment":[{"href":"https:\/\/www.sylex.sk\/sk\/wp-json\/wp\/v2\/media?parent=14267"}],"wp:term":[{"taxonomy":"product_brand","embeddable":true,"href":"https:\/\/www.sylex.sk\/sk\/wp-json\/wp\/v2\/product_brand?post=14267"},{"taxonomy":"product_cat","embeddable":true,"href":"https:\/\/www.sylex.sk\/sk\/wp-json\/wp\/v2\/product_cat?post=14267"},{"taxonomy":"product_tag","embeddable":true,"href":"https:\/\/www.sylex.sk\/sk\/wp-json\/wp\/v2\/product_tag?post=14267"}],"curies":[{"name":"wp","href":"https:\/\/api.w.org\/{rel}","templated":true}]}}