{"id":14295,"date":"2023-09-06T13:18:45","date_gmt":"2023-09-06T12:18:45","guid":{"rendered":"https:\/\/www.sylex.sk\/product\/hs-01-snimac-vlhkosti\/"},"modified":"2025-01-17T10:43:45","modified_gmt":"2025-01-17T09:43:45","slug":"hs-01-humidity-sensor","status":"publish","type":"product","link":"https:\/\/www.sylex.sk\/sk\/produkt\/hs-01-humidity-sensor\/","title":{"rendered":"HS-01 Humidity sensor"},"content":{"rendered":"\t\t<div data-elementor-type=\"product-post\" data-elementor-id=\"14295\" class=\"elementor elementor-14295 elementor-1407\" data-elementor-post-type=\"product\">\n\t\t\t\t\t\t<section class=\"elementor-section elementor-top-section elementor-element elementor-element-7d3fe7d elementor-section-boxed elementor-section-height-default elementor-section-height-default\" data-id=\"7d3fe7d\" data-element_type=\"section\" data-e-type=\"section\">\n\t\t\t\t\t\t<div class=\"elementor-container elementor-column-gap-default\">\n\t\t\t\t\t<div class=\"elementor-column elementor-col-100 elementor-top-column elementor-element elementor-element-fbed5b4\" data-id=\"fbed5b4\" data-element_type=\"column\" data-e-type=\"column\">\n\t\t\t<div class=\"elementor-widget-wrap elementor-element-populated\">\n\t\t\t\t\t\t<div class=\"elementor-element elementor-element-6703f36 elementor-widget elementor-widget-heading\" data-id=\"6703f36\" data-element_type=\"widget\" data-e-type=\"widget\" data-widget_type=\"heading.default\">\n\t\t\t\t<div class=\"elementor-widget-container\">\n\t\t\t\t\t<h2 class=\"elementor-heading-title elementor-size-default\">Product specification<\/h2>\t\t\t\t<\/div>\n\t\t\t\t<\/div>\n\t\t\t\t<div class=\"elementor-element elementor-element-89dc142 elementor-widget-divider--view-line elementor-widget elementor-widget-divider\" data-id=\"89dc142\" data-element_type=\"widget\" data-e-type=\"widget\" data-widget_type=\"divider.default\">\n\t\t\t\t<div class=\"elementor-widget-container\">\n\t\t\t\t\t\t\t<div class=\"elementor-divider\">\n\t\t\t<span class=\"elementor-divider-separator\">\n\t\t\t\t\t\t<\/span>\n\t\t<\/div>\n\t\t\t\t\t\t<\/div>\n\t\t\t\t<\/div>\n\t\t\t\t\t<\/div>\n\t\t<\/div>\n\t\t\t\t\t<\/div>\n\t\t<\/section>\n\t\t\t\t<section class=\"elementor-section elementor-top-section elementor-element elementor-element-3c26f3fa elementor-section-boxed elementor-section-height-default elementor-section-height-default\" data-id=\"3c26f3fa\" data-element_type=\"section\" data-e-type=\"section\">\n\t\t\t\t\t\t<div class=\"elementor-container elementor-column-gap-default\">\n\t\t\t\t\t<div class=\"elementor-column elementor-col-100 elementor-top-column elementor-element elementor-element-1af9ced9\" data-id=\"1af9ced9\" data-element_type=\"column\" data-e-type=\"column\">\n\t\t\t<div class=\"elementor-widget-wrap elementor-element-populated\">\n\t\t\t\t\t\t<div class=\"elementor-element elementor-element-556e63a7 elementor-widget elementor-widget-text-editor\" data-id=\"556e63a7\" data-element_type=\"widget\" data-e-type=\"widget\" data-widget_type=\"text-editor.default\">\n\t\t\t\t<div class=\"elementor-widget-container\">\n\t\t\t\t\t\t\t\t\t<table border=\"0\" width=\"100%\" cellspacing=\"0\" cellpadding=\"0\">\n<tbody>\n<tr>\n<td rowspan=\"9\" valign=\"top\"><strong>Performance properties<\/strong><\/td>\n<td>\n<div>Relative Humidity range <sup>1)<\/sup><\/div><\/td>\n<td colspan=\"2\">\n<div>\n<div>\u00a0<span style=\"font-family: inherit;\">0-99%<\/span><\/div>\n<\/div><\/td>\n<\/tr>\n<tr>\n<td>Accuracy (guaranteed) <sup>2)<\/sup><\/td>\n<td colspan=\"2\">&lt;3% FS<sup>4)<\/sup><\/td>\n<\/tr>\n<tr>\n<td>\n<div>\n<div>Accuracy (typical) <sup>2)<\/sup><\/div>\n<\/div><\/td>\n<td colspan=\"2\">\n<div>&lt;1.5% FS<sup>4)<\/sup><\/div><\/td>\n<\/tr>\n<tr>\n<td>Precision (guaranteed) <sup>3)<\/sup><\/td>\n<td colspan=\"2\">&lt;1.25% FS<sup>4)<\/sup><\/td>\n<\/tr>\n<tr>\n<td>Precision (typical) <sup>3)<\/sup><\/td>\n<td colspan=\"2\">&lt;0.75% FS<sup>4)<\/sup><\/td>\n<\/tr>\n<tr>\n<td>Temperature sensitivity<\/td>\n<td colspan=\"2\">10-11pm\/\u00b0C<\/td>\n<\/tr>\n<tr>\n<td>Relative Humidity Sensitivity <sup>5)<\/sup><\/td>\n<td colspan=\"2\">~3pm\/rH%<\/td>\n<\/tr>\n<tr>\n<td>Operating Temperature range<\/td>\n<td colspan=\"2\">20\u00b0C to +60\u00b0C<\/td>\n<\/tr>\n<tr>\n<td>Ingress Protection rating<\/td>\n<td colspan=\"2\">IP 42<\/td>\n<\/tr>\n<tr>\n<td rowspan=\"9\" valign=\"top\"><strong>Physical properties<\/strong><\/td>\n<td>\n<div>Housing material<\/div><\/td>\n<td colspan=\"2\">\n<div>\n<div><\/div>\n<\/div>\n<div>PEEK<\/div>\n<div><\/div><\/td>\n<\/tr>\n<tr>\n<td>\n<div>Other housing materials <sup>6)<\/sup><\/div><\/td>\n<td colspan=\"2\">\n<div>\n<div><\/div>\n<\/div>\n<div>PTFE, 1.4404. 1.4301<\/div>\n<div><\/div><\/td>\n<\/tr>\n<tr>\n<td>Dimensions (without cable) <sup>7)<\/sup><\/td>\n<td colspan=\"2\">\u00d86mm x 80mm<\/td>\n<\/tr>\n<tr>\n<td>Weight (without cable)<\/td>\n<td colspan=\"2\">&lt; 10g<\/td>\n<\/tr>\n<tr>\n<td>Cable type<\/td>\n<td colspan=\"2\">3mm Dyneema reinforced cable, 900\u00b5m tubing<\/td>\n<\/tr>\n<tr>\n<td>Cable length <sup>8)<\/sup><\/td>\n<td colspan=\"2\">1m<\/td>\n<\/tr>\n<tr>\n<td>Cable Bend Radius (dynamic)<\/td>\n<td colspan=\"2\">40mm (for 3mm cable)<\/td>\n<\/tr>\n<tr>\n<td>Cable Bend Radius (static)<\/td>\n<td colspan=\"2\">30mm (for 3mm cable)<\/td>\n<\/tr>\n<tr>\n<td>Connector type <sup>9)<\/sup><\/td>\n<td colspan=\"2\">FC\/APC<\/td>\n<\/tr>\n<tr>\n<td><strong>Mounting method<\/strong><\/td>\n<td colspan=\"3\">Clamping to an object<\/td>\n<\/tr>\n<tr>\n<td><strong>Packaging<\/strong><\/td>\n<td colspan=\"3\">Cardboard box with dimensions: 370x290x45mm<\/td>\n<\/tr>\n<tr>\n<td><strong>Quality Statement<\/strong><\/td>\n<td colspan=\"3\">HS-01 sensor is compliant with IEC 61757:2018 and IEC 61757-2-1:2021.\nAll sensors are 100% tested and calibrated at SYLEX.\nSensor is manufactured according to ISO 9001:2008 and ISO 14001:2004<\/td>\n<\/tr>\n<\/tbody>\n<\/table>\n<p class=\"bodytext\">Notes:<\/p>\n\n<ul>\n \t<li><sup>1) <\/sup>Calibrated in \u00b5m on demand<\/li>\n \t<li><sup>2) <\/sup>A ccuracy is established for each individual sensor under laboratory conditions and it includes hysteresis, non-linearity and repeatability of the sensor.<\/li>\n \t<li><sup>3) <\/sup>Precision is established on a batch basis and it includes hysteresis, non-linearity, repeatability and reproducibility of the sensor.<\/li>\n \t<li><sup>4)<\/sup> FS: full-scale range<\/li>\n \t<li><sup>5)<\/sup> The relative humidity sensitivity is a combination of temperature and humidity impacts<\/li>\n \t<li><sup>6)<\/sup> The housing material can be utilized for different applications<\/li>\n \t<li><sup>7)<\/sup>\u00a0For further dimensions details see the product drawing<\/li>\n \t<li><sup>8)<\/sup>\u00a0Cable length is extendable on request<\/li>\n \t<li><sup>9)<\/sup>\u00a0Other connector types available on request<\/li>\n<\/ul>\t\t\t\t\t\t\t\t<\/div>\n\t\t\t\t<\/div>\n\t\t\t\t\t<\/div>\n\t\t<\/div>\n\t\t\t\t\t<\/div>\n\t\t<\/section>\n\t\t\t\t<section class=\"elementor-section elementor-top-section elementor-element elementor-element-23db6e9 elementor-section-boxed elementor-section-height-default elementor-section-height-default\" data-id=\"23db6e9\" data-element_type=\"section\" data-e-type=\"section\">\n\t\t\t\t\t\t<div class=\"elementor-container elementor-column-gap-default\">\n\t\t\t\t\t<div class=\"elementor-column elementor-col-100 elementor-top-column elementor-element elementor-element-7b06aeb\" data-id=\"7b06aeb\" data-element_type=\"column\" data-e-type=\"column\">\n\t\t\t<div class=\"elementor-widget-wrap elementor-element-populated\">\n\t\t\t\t\t\t<div class=\"elementor-element elementor-element-22a832f elementor-widget elementor-widget-heading\" data-id=\"22a832f\" data-element_type=\"widget\" data-e-type=\"widget\" data-widget_type=\"heading.default\">\n\t\t\t\t<div class=\"elementor-widget-container\">\n\t\t\t\t\t<h2 class=\"elementor-heading-title elementor-size-default\">Product specification<\/h2>\t\t\t\t<\/div>\n\t\t\t\t<\/div>\n\t\t\t\t<div class=\"elementor-element elementor-element-f73d875 elementor-widget-divider--view-line elementor-widget elementor-widget-divider\" data-id=\"f73d875\" data-element_type=\"widget\" data-e-type=\"widget\" data-widget_type=\"divider.default\">\n\t\t\t\t<div class=\"elementor-widget-container\">\n\t\t\t\t\t\t\t<div class=\"elementor-divider\">\n\t\t\t<span class=\"elementor-divider-separator\">\n\t\t\t\t\t\t<\/span>\n\t\t<\/div>\n\t\t\t\t\t\t<\/div>\n\t\t\t\t<\/div>\n\t\t\t\t\t<\/div>\n\t\t<\/div>\n\t\t\t\t\t<\/div>\n\t\t<\/section>\n\t\t\t\t<\/div>\n\t\t","protected":false},"excerpt":{"rendered":"<p class=\"bodytext\"><b>Type:<\/b> Humidity sensor<\/p>\n<p class=\"bodytext\"><b>Application:<\/b> Relative Humidity and temperature measurement in one body<\/p>\n<p class=\"bodytext\"><b>Installation method:<\/b> Clamping to an object<\/p>\n","protected":false},"featured_media":11313,"template":"","meta":{"_acf_changed":false},"product_brand":[],"product_cat":[405,422,529],"product_tag":[427,425,432,426],"class_list":{"0":"post-14295","1":"product","2":"type-product","3":"status-publish","4":"has-post-thumbnail","6":"product_cat-snimace-a-snimacie-systemy","7":"product_cat-snimace","8":"product_cat-humidity-sk","9":"product_tag-obcianske-stavby-shm","10":"product_tag-obnovitelne-zdroje-energie","11":"product_tag-off-shore-namorne-a-podmorske","12":"product_tag-priemyselna-automatizacia","14":"first","15":"instock","16":"shipping-taxable","17":"product-type-simple"},"acf":[],"yoast_head":"<!-- This site is optimized with the Yoast SEO plugin v27.0 - https:\/\/yoast.com\/product\/yoast-seo-wordpress\/ -->\n<title>HS-01 Humidity sensor - Sylex<\/title>\n<meta name=\"robots\" content=\"index, follow, max-snippet:-1, max-image-preview:large, max-video-preview:-1\" \/>\n<link rel=\"canonical\" href=\"https:\/\/www.sylex.sk\/sk\/produkt\/hs-01-humidity-sensor\/\" \/>\n<meta property=\"og:locale\" content=\"sk_SK\" \/>\n<meta property=\"og:type\" content=\"article\" \/>\n<meta property=\"og:title\" content=\"HS-01 Humidity sensor - Sylex\" \/>\n<meta property=\"og:description\" content=\"Type: Humidity sensor Application: Relative Humidity and temperature measurement in one body Installation method: Clamping to an object\" \/>\n<meta property=\"og:url\" content=\"https:\/\/www.sylex.sk\/sk\/produkt\/hs-01-humidity-sensor\/\" \/>\n<meta property=\"og:site_name\" content=\"Sylex\" \/>\n<meta property=\"article:publisher\" content=\"https:\/\/www.facebook.com\/sylex.sk\/\" \/>\n<meta property=\"article:modified_time\" content=\"2025-01-17T09:43:45+00:00\" \/>\n<meta property=\"og:image\" content=\"https:\/\/www.sylex.sk\/wp-content\/uploads\/2024\/04\/HS-01-Humidity-sensor.png\" \/>\n\t<meta property=\"og:image:width\" content=\"1920\" \/>\n\t<meta property=\"og:image:height\" content=\"1300\" \/>\n\t<meta property=\"og:image:type\" content=\"image\/png\" \/>\n<meta name=\"twitter:card\" content=\"summary_large_image\" \/>\n<meta name=\"twitter:site\" content=\"@SYLEX_SK\" \/>\n<meta name=\"twitter:label1\" content=\"Predpokladan\u00fd \u010das \u010d\u00edtania\" \/>\n\t<meta name=\"twitter:data1\" content=\"1 min\u00fata\" \/>\n<script type=\"application\/ld+json\" class=\"yoast-schema-graph\">{\"@context\":\"https:\/\/schema.org\",\"@graph\":[{\"@type\":\"WebPage\",\"@id\":\"https:\/\/www.sylex.sk\/sk\/produkt\/hs-01-humidity-sensor\/\",\"url\":\"https:\/\/www.sylex.sk\/sk\/produkt\/hs-01-humidity-sensor\/\",\"name\":\"HS-01 Humidity sensor - Sylex\",\"isPartOf\":{\"@id\":\"https:\/\/wonderful-yonath.136-243-14-103.plesk.page\/#website\"},\"primaryImageOfPage\":{\"@id\":\"https:\/\/www.sylex.sk\/sk\/produkt\/hs-01-humidity-sensor\/#primaryimage\"},\"image\":{\"@id\":\"https:\/\/www.sylex.sk\/sk\/produkt\/hs-01-humidity-sensor\/#primaryimage\"},\"thumbnailUrl\":\"https:\/\/www.sylex.sk\/wp-content\/uploads\/2024\/04\/HS-01-Humidity-sensor.png\",\"datePublished\":\"2023-09-06T12:18:45+00:00\",\"dateModified\":\"2025-01-17T09:43:45+00:00\",\"breadcrumb\":{\"@id\":\"https:\/\/www.sylex.sk\/sk\/produkt\/hs-01-humidity-sensor\/#breadcrumb\"},\"inLanguage\":\"sk-SK\",\"potentialAction\":[{\"@type\":\"ReadAction\",\"target\":[\"https:\/\/www.sylex.sk\/sk\/produkt\/hs-01-humidity-sensor\/\"]}]},{\"@type\":\"ImageObject\",\"inLanguage\":\"sk-SK\",\"@id\":\"https:\/\/www.sylex.sk\/sk\/produkt\/hs-01-humidity-sensor\/#primaryimage\",\"url\":\"https:\/\/www.sylex.sk\/wp-content\/uploads\/2024\/04\/HS-01-Humidity-sensor.png\",\"contentUrl\":\"https:\/\/www.sylex.sk\/wp-content\/uploads\/2024\/04\/HS-01-Humidity-sensor.png\",\"width\":1920,\"height\":1300,\"caption\":\"HS-01 Sn\u00edma\u010d vlhkosti\"},{\"@type\":\"BreadcrumbList\",\"@id\":\"https:\/\/www.sylex.sk\/sk\/produkt\/hs-01-humidity-sensor\/#breadcrumb\",\"itemListElement\":[{\"@type\":\"ListItem\",\"position\":1,\"name\":\"Home\",\"item\":\"https:\/\/www.sylex.sk\/sk\/\"},{\"@type\":\"ListItem\",\"position\":2,\"name\":\"Shop\",\"item\":\"https:\/\/www.sylex.sk\/sk\/shop\/\"},{\"@type\":\"ListItem\",\"position\":3,\"name\":\"HS-01 Humidity sensor\"}]},{\"@type\":\"WebSite\",\"@id\":\"https:\/\/wonderful-yonath.136-243-14-103.plesk.page\/#website\",\"url\":\"https:\/\/wonderful-yonath.136-243-14-103.plesk.page\/\",\"name\":\"Sylex\",\"description\":\"Fiber Optics\",\"publisher\":{\"@id\":\"https:\/\/wonderful-yonath.136-243-14-103.plesk.page\/#organization\"},\"potentialAction\":[{\"@type\":\"SearchAction\",\"target\":{\"@type\":\"EntryPoint\",\"urlTemplate\":\"https:\/\/wonderful-yonath.136-243-14-103.plesk.page\/?s={search_term_string}\"},\"query-input\":{\"@type\":\"PropertyValueSpecification\",\"valueRequired\":true,\"valueName\":\"search_term_string\"}}],\"inLanguage\":\"sk-SK\"},{\"@type\":\"Organization\",\"@id\":\"https:\/\/wonderful-yonath.136-243-14-103.plesk.page\/#organization\",\"name\":\"Sylex\",\"url\":\"https:\/\/wonderful-yonath.136-243-14-103.plesk.page\/\",\"logo\":{\"@type\":\"ImageObject\",\"inLanguage\":\"sk-SK\",\"@id\":\"https:\/\/wonderful-yonath.136-243-14-103.plesk.page\/#\/schema\/logo\/image\/\",\"url\":\"https:\/\/www.sylex.sk\/wp-content\/uploads\/2024\/04\/logo4-1.png\",\"contentUrl\":\"https:\/\/www.sylex.sk\/wp-content\/uploads\/2024\/04\/logo4-1.png\",\"width\":308,\"height\":100,\"caption\":\"Sylex\"},\"image\":{\"@id\":\"https:\/\/wonderful-yonath.136-243-14-103.plesk.page\/#\/schema\/logo\/image\/\"},\"sameAs\":[\"https:\/\/www.facebook.com\/sylex.sk\/\",\"https:\/\/x.com\/SYLEX_SK\"]}]}<\/script>\n<!-- \/ Yoast SEO plugin. -->","yoast_head_json":{"title":"HS-01 Humidity sensor - Sylex","robots":{"index":"index","follow":"follow","max-snippet":"max-snippet:-1","max-image-preview":"max-image-preview:large","max-video-preview":"max-video-preview:-1"},"canonical":"https:\/\/www.sylex.sk\/sk\/produkt\/hs-01-humidity-sensor\/","og_locale":"sk_SK","og_type":"article","og_title":"HS-01 Humidity sensor - Sylex","og_description":"Type: Humidity sensor Application: Relative Humidity and temperature measurement in one body Installation method: Clamping to an object","og_url":"https:\/\/www.sylex.sk\/sk\/produkt\/hs-01-humidity-sensor\/","og_site_name":"Sylex","article_publisher":"https:\/\/www.facebook.com\/sylex.sk\/","article_modified_time":"2025-01-17T09:43:45+00:00","og_image":[{"width":1920,"height":1300,"url":"https:\/\/www.sylex.sk\/wp-content\/uploads\/2024\/04\/HS-01-Humidity-sensor.png","type":"image\/png"}],"twitter_card":"summary_large_image","twitter_site":"@SYLEX_SK","twitter_misc":{"Predpokladan\u00fd \u010das \u010d\u00edtania":"1 min\u00fata"},"schema":{"@context":"https:\/\/schema.org","@graph":[{"@type":"WebPage","@id":"https:\/\/www.sylex.sk\/sk\/produkt\/hs-01-humidity-sensor\/","url":"https:\/\/www.sylex.sk\/sk\/produkt\/hs-01-humidity-sensor\/","name":"HS-01 Humidity sensor - Sylex","isPartOf":{"@id":"https:\/\/wonderful-yonath.136-243-14-103.plesk.page\/#website"},"primaryImageOfPage":{"@id":"https:\/\/www.sylex.sk\/sk\/produkt\/hs-01-humidity-sensor\/#primaryimage"},"image":{"@id":"https:\/\/www.sylex.sk\/sk\/produkt\/hs-01-humidity-sensor\/#primaryimage"},"thumbnailUrl":"https:\/\/www.sylex.sk\/wp-content\/uploads\/2024\/04\/HS-01-Humidity-sensor.png","datePublished":"2023-09-06T12:18:45+00:00","dateModified":"2025-01-17T09:43:45+00:00","breadcrumb":{"@id":"https:\/\/www.sylex.sk\/sk\/produkt\/hs-01-humidity-sensor\/#breadcrumb"},"inLanguage":"sk-SK","potentialAction":[{"@type":"ReadAction","target":["https:\/\/www.sylex.sk\/sk\/produkt\/hs-01-humidity-sensor\/"]}]},{"@type":"ImageObject","inLanguage":"sk-SK","@id":"https:\/\/www.sylex.sk\/sk\/produkt\/hs-01-humidity-sensor\/#primaryimage","url":"https:\/\/www.sylex.sk\/wp-content\/uploads\/2024\/04\/HS-01-Humidity-sensor.png","contentUrl":"https:\/\/www.sylex.sk\/wp-content\/uploads\/2024\/04\/HS-01-Humidity-sensor.png","width":1920,"height":1300,"caption":"HS-01 Sn\u00edma\u010d vlhkosti"},{"@type":"BreadcrumbList","@id":"https:\/\/www.sylex.sk\/sk\/produkt\/hs-01-humidity-sensor\/#breadcrumb","itemListElement":[{"@type":"ListItem","position":1,"name":"Home","item":"https:\/\/www.sylex.sk\/sk\/"},{"@type":"ListItem","position":2,"name":"Shop","item":"https:\/\/www.sylex.sk\/sk\/shop\/"},{"@type":"ListItem","position":3,"name":"HS-01 Humidity sensor"}]},{"@type":"WebSite","@id":"https:\/\/wonderful-yonath.136-243-14-103.plesk.page\/#website","url":"https:\/\/wonderful-yonath.136-243-14-103.plesk.page\/","name":"Sylex","description":"Fiber Optics","publisher":{"@id":"https:\/\/wonderful-yonath.136-243-14-103.plesk.page\/#organization"},"potentialAction":[{"@type":"SearchAction","target":{"@type":"EntryPoint","urlTemplate":"https:\/\/wonderful-yonath.136-243-14-103.plesk.page\/?s={search_term_string}"},"query-input":{"@type":"PropertyValueSpecification","valueRequired":true,"valueName":"search_term_string"}}],"inLanguage":"sk-SK"},{"@type":"Organization","@id":"https:\/\/wonderful-yonath.136-243-14-103.plesk.page\/#organization","name":"Sylex","url":"https:\/\/wonderful-yonath.136-243-14-103.plesk.page\/","logo":{"@type":"ImageObject","inLanguage":"sk-SK","@id":"https:\/\/wonderful-yonath.136-243-14-103.plesk.page\/#\/schema\/logo\/image\/","url":"https:\/\/www.sylex.sk\/wp-content\/uploads\/2024\/04\/logo4-1.png","contentUrl":"https:\/\/www.sylex.sk\/wp-content\/uploads\/2024\/04\/logo4-1.png","width":308,"height":100,"caption":"Sylex"},"image":{"@id":"https:\/\/wonderful-yonath.136-243-14-103.plesk.page\/#\/schema\/logo\/image\/"},"sameAs":["https:\/\/www.facebook.com\/sylex.sk\/","https:\/\/x.com\/SYLEX_SK"]}]}},"_links":{"self":[{"href":"https:\/\/www.sylex.sk\/sk\/wp-json\/wp\/v2\/product\/14295","targetHints":{"allow":["GET"]}}],"collection":[{"href":"https:\/\/www.sylex.sk\/sk\/wp-json\/wp\/v2\/product"}],"about":[{"href":"https:\/\/www.sylex.sk\/sk\/wp-json\/wp\/v2\/types\/product"}],"version-history":[{"count":0,"href":"https:\/\/www.sylex.sk\/sk\/wp-json\/wp\/v2\/product\/14295\/revisions"}],"wp:featuredmedia":[{"embeddable":true,"href":"https:\/\/www.sylex.sk\/sk\/wp-json\/wp\/v2\/media\/11313"}],"wp:attachment":[{"href":"https:\/\/www.sylex.sk\/sk\/wp-json\/wp\/v2\/media?parent=14295"}],"wp:term":[{"taxonomy":"product_brand","embeddable":true,"href":"https:\/\/www.sylex.sk\/sk\/wp-json\/wp\/v2\/product_brand?post=14295"},{"taxonomy":"product_cat","embeddable":true,"href":"https:\/\/www.sylex.sk\/sk\/wp-json\/wp\/v2\/product_cat?post=14295"},{"taxonomy":"product_tag","embeddable":true,"href":"https:\/\/www.sylex.sk\/sk\/wp-json\/wp\/v2\/product_tag?post=14295"}],"curies":[{"name":"wp","href":"https:\/\/api.w.org\/{rel}","templated":true}]}}