{"id":14298,"date":"2023-09-06T12:57:10","date_gmt":"2023-09-06T11:57:10","guid":{"rendered":"https:\/\/www.sylex.sk\/product\/d-04-snimac-posunutia\/"},"modified":"2025-01-17T10:43:38","modified_gmt":"2025-01-17T09:43:38","slug":"d-04-displacement-sensor","status":"publish","type":"product","link":"https:\/\/www.sylex.sk\/sk\/produkt\/d-04-displacement-sensor\/","title":{"rendered":"D-04 Displacement sensor"},"content":{"rendered":"\t\t<div data-elementor-type=\"product-post\" data-elementor-id=\"14298\" class=\"elementor elementor-14298 elementor-1216\" data-elementor-post-type=\"product\">\n\t\t\t\t\t\t<section class=\"elementor-section elementor-top-section elementor-element elementor-element-037fef2 elementor-section-boxed elementor-section-height-default elementor-section-height-default\" data-id=\"037fef2\" data-element_type=\"section\" data-e-type=\"section\">\n\t\t\t\t\t\t<div class=\"elementor-container elementor-column-gap-default\">\n\t\t\t\t\t<div class=\"elementor-column elementor-col-100 elementor-top-column elementor-element elementor-element-995088c\" data-id=\"995088c\" data-element_type=\"column\" data-e-type=\"column\">\n\t\t\t<div class=\"elementor-widget-wrap elementor-element-populated\">\n\t\t\t\t\t\t<div class=\"elementor-element elementor-element-093cdd7 elementor-widget elementor-widget-heading\" data-id=\"093cdd7\" data-element_type=\"widget\" data-e-type=\"widget\" data-widget_type=\"heading.default\">\n\t\t\t\t<div class=\"elementor-widget-container\">\n\t\t\t\t\t<h2 class=\"elementor-heading-title elementor-size-default\">Product specification<\/h2>\t\t\t\t<\/div>\n\t\t\t\t<\/div>\n\t\t\t\t<div class=\"elementor-element elementor-element-e2eeba6 elementor-widget-divider--view-line elementor-widget elementor-widget-divider\" data-id=\"e2eeba6\" data-element_type=\"widget\" data-e-type=\"widget\" data-widget_type=\"divider.default\">\n\t\t\t\t<div class=\"elementor-widget-container\">\n\t\t\t\t\t\t\t<div class=\"elementor-divider\">\n\t\t\t<span class=\"elementor-divider-separator\">\n\t\t\t\t\t\t<\/span>\n\t\t<\/div>\n\t\t\t\t\t\t<\/div>\n\t\t\t\t<\/div>\n\t\t\t\t\t<\/div>\n\t\t<\/div>\n\t\t\t\t\t<\/div>\n\t\t<\/section>\n\t\t\t\t<section class=\"elementor-section elementor-top-section elementor-element elementor-element-64bce12c elementor-section-boxed elementor-section-height-default elementor-section-height-default\" data-id=\"64bce12c\" data-element_type=\"section\" data-e-type=\"section\">\n\t\t\t\t\t\t<div class=\"elementor-container elementor-column-gap-default\">\n\t\t\t\t\t<div class=\"elementor-column elementor-col-100 elementor-top-column elementor-element elementor-element-4f8780c2\" data-id=\"4f8780c2\" data-element_type=\"column\" data-e-type=\"column\">\n\t\t\t<div class=\"elementor-widget-wrap elementor-element-populated\">\n\t\t\t\t\t\t<div class=\"elementor-element elementor-element-53685c44 elementor-widget elementor-widget-text-editor\" data-id=\"53685c44\" data-element_type=\"widget\" data-e-type=\"widget\" data-widget_type=\"text-editor.default\">\n\t\t\t\t<div class=\"elementor-widget-container\">\n\t\t\t\t\t\t\t\t\t<table border=\"0\" width=\"100%\" cellspacing=\"0\" cellpadding=\"0\">\n<tbody>\n<tr>\n<td rowspan=\"10\" valign=\"top\"><strong>Performance properties<\/strong><\/td>\n<td>Displacement range<\/td>\n<td colspan=\"2\">\u00b150mm<\/td>\n<\/tr>\n<tr>\n<td>Displacement resolution<\/td>\n<td colspan=\"2\">30\u00b5m<\/td>\n<\/tr>\n<tr>\n<td>Displacement sensitivity<\/td>\n<td colspan=\"2\">70pm\/mm<\/td>\n<\/tr>\n<tr>\n<td>Displacement accuracy <sup>1)<\/sup><\/td>\n<td colspan=\"2\">300\u00b5m<\/td>\n<\/tr>\n<tr>\n<td>Displacement precision <sup>2)<\/sup><\/td>\n<td colspan=\"2\">\u00b1120\u00b5m<\/td>\n<\/tr>\n<tr>\n<td>Operating wavelength Range<\/td>\n<td colspan=\"2\">1460-1620nm<\/td>\n<\/tr>\n<tr>\n<td>Operating Temperature range<\/td>\n<td colspan=\"2\">-20\u00b0C to +60\u00b0C<\/td>\n<\/tr>\n<tr>\n<td>Number of FBGs<\/td>\n<td colspan=\"2\">2<\/td>\n<\/tr>\n<tr>\n<td>Occupied bandwidth<\/td>\n<td colspan=\"2\">12nm<\/td>\n<\/tr>\n<tr>\n<td>Water ingress protection <sup>3)<\/sup><\/td>\n<td colspan=\"2\">IP 67 <sup>3)<\/sup><\/td>\n<\/tr>\n<tr>\n<td rowspan=\"9\" valign=\"top\"><strong>Physical properties<\/strong><\/td>\n<td>Housing material<\/td>\n<td colspan=\"2\">Stainless steel 1.4404\/1.4301<\/td>\n<\/tr>\n<tr>\n<td>Dimensions (without cable)<sup>4)<\/sup><\/td>\n<td colspan=\"2\">\u00d830 x 350mm<\/td>\n<\/tr>\n<tr>\n<td>Weight (without cable)<\/td>\n<td colspan=\"2\">&lt;500g<\/td>\n<\/tr>\n<tr>\n<td>Cable type<\/td>\n<td colspan=\"2\">Dyneema reinforced cable \u00d83mm<\/td>\n<\/tr>\n<tr>\n<td>Cable length<sup>5)<\/sup><\/td>\n<td colspan=\"2\">1mtr<\/td>\n<\/tr>\n<tr>\n<td>Cable Bend Radius (dynamic)<\/td>\n<td colspan=\"2\">40mm<\/td>\n<\/tr>\n<tr>\n<td>Cable Bend Radius (static)<\/td>\n<td colspan=\"2\">30mm<\/td>\n<\/tr>\n<tr>\n<td>Connector type<sup>6)<\/sup><\/td>\n<td colspan=\"2\">FC\/APC<\/td>\n<\/tr>\n<tr>\n<td>Mounting method<\/td>\n<td colspan=\"3\">Application-based<\/td>\n<\/tr>\n<tr>\n<td><strong>Packaging<\/strong><\/td>\n<td colspan=\"3\">Cardboard box with dimensions: 370x290x45mm<\/td>\n<\/tr>\n<tr>\n<td><strong>Quality Statement<\/strong><\/td>\n<td colspan=\"3\">D-04 sensor is compliant with IEC 61757:2018 and IEC 61757-2-1:2021\nAll sensors are 100% tested and calibrated at SYLEX.\nSensor is manufactured according to ISO 9001:2008 and ISO 14001:2004<\/td>\n<\/tr>\n<\/tbody>\n<\/table>\n<p class=\"bodytext\">Notes:<\/p>\n\n<ul>\n \t<li><sup>1)<\/sup>\u00a0Accuracy is established for each individual sensor under laboratory conditions and it includes hysteresis, non-linearity and repeatability of the sensor.<\/li>\n \t<li><sup>2)\u00a0<\/sup>Precision is established on a batch basis and it includes hysteresis, non-linearity, repeatability and reproducibility of the sensor.<\/li>\n \t<li><sup>3) <\/sup>Can be utilized for marine application and water resistance up to 5bar.<\/li>\n \t<li><sup>4)<\/sup> Dimensions can vary depending on measuring range \u2013 for further details see the product drawing<\/li>\n \t<li><sup>5)<\/sup>\u00a0Cable length is extendable on request<\/li>\n \t<li><sup>6)<\/sup>\u00a0Other connector types available on request<\/li>\n<\/ul>\t\t\t\t\t\t\t\t<\/div>\n\t\t\t\t<\/div>\n\t\t\t\t\t<\/div>\n\t\t<\/div>\n\t\t\t\t\t<\/div>\n\t\t<\/section>\n\t\t\t\t<\/div>\n\t\t","protected":false},"excerpt":{"rendered":"<p class=\"bodytext\">D-04 is an improved version of former D-01 and D-02 sensors.<\/p>\n<p class=\"bodytext\"><b>Type:<\/b> customizable measuring range from 0-100mm Displacement sensor<\/p>\n<p class=\"bodytext\"><b>Application:<\/b> Application-based<\/p>\n<p class=\"bodytext\"><b>Installation method:<\/b>\u00a0Custom<\/p>\n<p class=\"bodytext\"><b>Temperature compensation:<\/b>\u00a0Integrated in the sensor body<\/p>\n","protected":false},"featured_media":11297,"template":"","meta":{"_acf_changed":false},"product_brand":[],"product_cat":[405,422,530],"product_tag":[424,427,432],"class_list":{"0":"post-14298","1":"product","2":"type-product","3":"status-publish","4":"has-post-thumbnail","6":"product_cat-snimace-a-snimacie-systemy","7":"product_cat-snimace","8":"product_cat-displacement-sk","9":"product_tag-geotechnicky-shm","10":"product_tag-obcianske-stavby-shm","11":"product_tag-off-shore-namorne-a-podmorske","13":"first","14":"instock","15":"shipping-taxable","16":"product-type-simple"},"acf":[],"yoast_head":"<!-- This site is optimized with the Yoast SEO plugin v27.0 - https:\/\/yoast.com\/product\/yoast-seo-wordpress\/ -->\n<title>D-04 Displacement sensor - Sylex<\/title>\n<meta name=\"robots\" content=\"index, follow, max-snippet:-1, max-image-preview:large, max-video-preview:-1\" \/>\n<link rel=\"canonical\" href=\"https:\/\/www.sylex.sk\/sk\/produkt\/d-04-displacement-sensor\/\" \/>\n<meta property=\"og:locale\" content=\"sk_SK\" \/>\n<meta property=\"og:type\" content=\"article\" \/>\n<meta property=\"og:title\" content=\"D-04 Displacement sensor - Sylex\" \/>\n<meta property=\"og:description\" content=\"D-04 is an improved version of former D-01 and D-02 sensors. Type: customizable measuring range from 0-100mm Displacement sensor Application: Application-based Installation method:\u00a0Custom Temperature compensation:\u00a0Integrated in the sensor body\" \/>\n<meta property=\"og:url\" content=\"https:\/\/www.sylex.sk\/sk\/produkt\/d-04-displacement-sensor\/\" \/>\n<meta property=\"og:site_name\" content=\"Sylex\" \/>\n<meta property=\"article:publisher\" content=\"https:\/\/www.facebook.com\/sylex.sk\/\" \/>\n<meta property=\"article:modified_time\" content=\"2025-01-17T09:43:38+00:00\" \/>\n<meta property=\"og:image\" content=\"https:\/\/www.sylex.sk\/wp-content\/uploads\/2024\/04\/D-04-Displacement-sensor-5.jpg\" \/>\n\t<meta property=\"og:image:width\" content=\"1920\" \/>\n\t<meta property=\"og:image:height\" content=\"1300\" \/>\n\t<meta property=\"og:image:type\" content=\"image\/jpeg\" \/>\n<meta name=\"twitter:card\" content=\"summary_large_image\" \/>\n<meta name=\"twitter:site\" content=\"@SYLEX_SK\" \/>\n<meta name=\"twitter:label1\" content=\"Predpokladan\u00fd \u010das \u010d\u00edtania\" \/>\n\t<meta name=\"twitter:data1\" content=\"1 min\u00fata\" \/>\n<script type=\"application\/ld+json\" class=\"yoast-schema-graph\">{\"@context\":\"https:\/\/schema.org\",\"@graph\":[{\"@type\":\"WebPage\",\"@id\":\"https:\/\/www.sylex.sk\/sk\/produkt\/d-04-displacement-sensor\/\",\"url\":\"https:\/\/www.sylex.sk\/sk\/produkt\/d-04-displacement-sensor\/\",\"name\":\"D-04 Displacement sensor - Sylex\",\"isPartOf\":{\"@id\":\"https:\/\/wonderful-yonath.136-243-14-103.plesk.page\/#website\"},\"primaryImageOfPage\":{\"@id\":\"https:\/\/www.sylex.sk\/sk\/produkt\/d-04-displacement-sensor\/#primaryimage\"},\"image\":{\"@id\":\"https:\/\/www.sylex.sk\/sk\/produkt\/d-04-displacement-sensor\/#primaryimage\"},\"thumbnailUrl\":\"https:\/\/www.sylex.sk\/wp-content\/uploads\/2024\/04\/D-04-Displacement-sensor-5.jpg\",\"datePublished\":\"2023-09-06T11:57:10+00:00\",\"dateModified\":\"2025-01-17T09:43:38+00:00\",\"breadcrumb\":{\"@id\":\"https:\/\/www.sylex.sk\/sk\/produkt\/d-04-displacement-sensor\/#breadcrumb\"},\"inLanguage\":\"sk-SK\",\"potentialAction\":[{\"@type\":\"ReadAction\",\"target\":[\"https:\/\/www.sylex.sk\/sk\/produkt\/d-04-displacement-sensor\/\"]}]},{\"@type\":\"ImageObject\",\"inLanguage\":\"sk-SK\",\"@id\":\"https:\/\/www.sylex.sk\/sk\/produkt\/d-04-displacement-sensor\/#primaryimage\",\"url\":\"https:\/\/www.sylex.sk\/wp-content\/uploads\/2024\/04\/D-04-Displacement-sensor-5.jpg\",\"contentUrl\":\"https:\/\/www.sylex.sk\/wp-content\/uploads\/2024\/04\/D-04-Displacement-sensor-5.jpg\",\"width\":1920,\"height\":1300,\"caption\":\"D-04 Sn\u00edma\u010d posunutia\"},{\"@type\":\"BreadcrumbList\",\"@id\":\"https:\/\/www.sylex.sk\/sk\/produkt\/d-04-displacement-sensor\/#breadcrumb\",\"itemListElement\":[{\"@type\":\"ListItem\",\"position\":1,\"name\":\"Home\",\"item\":\"https:\/\/www.sylex.sk\/sk\/\"},{\"@type\":\"ListItem\",\"position\":2,\"name\":\"Shop\",\"item\":\"https:\/\/www.sylex.sk\/sk\/shop\/\"},{\"@type\":\"ListItem\",\"position\":3,\"name\":\"D-04 Displacement sensor\"}]},{\"@type\":\"WebSite\",\"@id\":\"https:\/\/wonderful-yonath.136-243-14-103.plesk.page\/#website\",\"url\":\"https:\/\/wonderful-yonath.136-243-14-103.plesk.page\/\",\"name\":\"Sylex\",\"description\":\"Fiber Optics\",\"publisher\":{\"@id\":\"https:\/\/wonderful-yonath.136-243-14-103.plesk.page\/#organization\"},\"potentialAction\":[{\"@type\":\"SearchAction\",\"target\":{\"@type\":\"EntryPoint\",\"urlTemplate\":\"https:\/\/wonderful-yonath.136-243-14-103.plesk.page\/?s={search_term_string}\"},\"query-input\":{\"@type\":\"PropertyValueSpecification\",\"valueRequired\":true,\"valueName\":\"search_term_string\"}}],\"inLanguage\":\"sk-SK\"},{\"@type\":\"Organization\",\"@id\":\"https:\/\/wonderful-yonath.136-243-14-103.plesk.page\/#organization\",\"name\":\"Sylex\",\"url\":\"https:\/\/wonderful-yonath.136-243-14-103.plesk.page\/\",\"logo\":{\"@type\":\"ImageObject\",\"inLanguage\":\"sk-SK\",\"@id\":\"https:\/\/wonderful-yonath.136-243-14-103.plesk.page\/#\/schema\/logo\/image\/\",\"url\":\"https:\/\/www.sylex.sk\/wp-content\/uploads\/2024\/04\/logo4-1.png\",\"contentUrl\":\"https:\/\/www.sylex.sk\/wp-content\/uploads\/2024\/04\/logo4-1.png\",\"width\":308,\"height\":100,\"caption\":\"Sylex\"},\"image\":{\"@id\":\"https:\/\/wonderful-yonath.136-243-14-103.plesk.page\/#\/schema\/logo\/image\/\"},\"sameAs\":[\"https:\/\/www.facebook.com\/sylex.sk\/\",\"https:\/\/x.com\/SYLEX_SK\"]}]}<\/script>\n<!-- \/ Yoast SEO plugin. -->","yoast_head_json":{"title":"D-04 Displacement sensor - Sylex","robots":{"index":"index","follow":"follow","max-snippet":"max-snippet:-1","max-image-preview":"max-image-preview:large","max-video-preview":"max-video-preview:-1"},"canonical":"https:\/\/www.sylex.sk\/sk\/produkt\/d-04-displacement-sensor\/","og_locale":"sk_SK","og_type":"article","og_title":"D-04 Displacement sensor - Sylex","og_description":"D-04 is an improved version of former D-01 and D-02 sensors. Type: customizable measuring range from 0-100mm Displacement sensor Application: Application-based Installation method:\u00a0Custom Temperature compensation:\u00a0Integrated in the sensor body","og_url":"https:\/\/www.sylex.sk\/sk\/produkt\/d-04-displacement-sensor\/","og_site_name":"Sylex","article_publisher":"https:\/\/www.facebook.com\/sylex.sk\/","article_modified_time":"2025-01-17T09:43:38+00:00","og_image":[{"width":1920,"height":1300,"url":"https:\/\/www.sylex.sk\/wp-content\/uploads\/2024\/04\/D-04-Displacement-sensor-5.jpg","type":"image\/jpeg"}],"twitter_card":"summary_large_image","twitter_site":"@SYLEX_SK","twitter_misc":{"Predpokladan\u00fd \u010das \u010d\u00edtania":"1 min\u00fata"},"schema":{"@context":"https:\/\/schema.org","@graph":[{"@type":"WebPage","@id":"https:\/\/www.sylex.sk\/sk\/produkt\/d-04-displacement-sensor\/","url":"https:\/\/www.sylex.sk\/sk\/produkt\/d-04-displacement-sensor\/","name":"D-04 Displacement sensor - Sylex","isPartOf":{"@id":"https:\/\/wonderful-yonath.136-243-14-103.plesk.page\/#website"},"primaryImageOfPage":{"@id":"https:\/\/www.sylex.sk\/sk\/produkt\/d-04-displacement-sensor\/#primaryimage"},"image":{"@id":"https:\/\/www.sylex.sk\/sk\/produkt\/d-04-displacement-sensor\/#primaryimage"},"thumbnailUrl":"https:\/\/www.sylex.sk\/wp-content\/uploads\/2024\/04\/D-04-Displacement-sensor-5.jpg","datePublished":"2023-09-06T11:57:10+00:00","dateModified":"2025-01-17T09:43:38+00:00","breadcrumb":{"@id":"https:\/\/www.sylex.sk\/sk\/produkt\/d-04-displacement-sensor\/#breadcrumb"},"inLanguage":"sk-SK","potentialAction":[{"@type":"ReadAction","target":["https:\/\/www.sylex.sk\/sk\/produkt\/d-04-displacement-sensor\/"]}]},{"@type":"ImageObject","inLanguage":"sk-SK","@id":"https:\/\/www.sylex.sk\/sk\/produkt\/d-04-displacement-sensor\/#primaryimage","url":"https:\/\/www.sylex.sk\/wp-content\/uploads\/2024\/04\/D-04-Displacement-sensor-5.jpg","contentUrl":"https:\/\/www.sylex.sk\/wp-content\/uploads\/2024\/04\/D-04-Displacement-sensor-5.jpg","width":1920,"height":1300,"caption":"D-04 Sn\u00edma\u010d posunutia"},{"@type":"BreadcrumbList","@id":"https:\/\/www.sylex.sk\/sk\/produkt\/d-04-displacement-sensor\/#breadcrumb","itemListElement":[{"@type":"ListItem","position":1,"name":"Home","item":"https:\/\/www.sylex.sk\/sk\/"},{"@type":"ListItem","position":2,"name":"Shop","item":"https:\/\/www.sylex.sk\/sk\/shop\/"},{"@type":"ListItem","position":3,"name":"D-04 Displacement sensor"}]},{"@type":"WebSite","@id":"https:\/\/wonderful-yonath.136-243-14-103.plesk.page\/#website","url":"https:\/\/wonderful-yonath.136-243-14-103.plesk.page\/","name":"Sylex","description":"Fiber Optics","publisher":{"@id":"https:\/\/wonderful-yonath.136-243-14-103.plesk.page\/#organization"},"potentialAction":[{"@type":"SearchAction","target":{"@type":"EntryPoint","urlTemplate":"https:\/\/wonderful-yonath.136-243-14-103.plesk.page\/?s={search_term_string}"},"query-input":{"@type":"PropertyValueSpecification","valueRequired":true,"valueName":"search_term_string"}}],"inLanguage":"sk-SK"},{"@type":"Organization","@id":"https:\/\/wonderful-yonath.136-243-14-103.plesk.page\/#organization","name":"Sylex","url":"https:\/\/wonderful-yonath.136-243-14-103.plesk.page\/","logo":{"@type":"ImageObject","inLanguage":"sk-SK","@id":"https:\/\/wonderful-yonath.136-243-14-103.plesk.page\/#\/schema\/logo\/image\/","url":"https:\/\/www.sylex.sk\/wp-content\/uploads\/2024\/04\/logo4-1.png","contentUrl":"https:\/\/www.sylex.sk\/wp-content\/uploads\/2024\/04\/logo4-1.png","width":308,"height":100,"caption":"Sylex"},"image":{"@id":"https:\/\/wonderful-yonath.136-243-14-103.plesk.page\/#\/schema\/logo\/image\/"},"sameAs":["https:\/\/www.facebook.com\/sylex.sk\/","https:\/\/x.com\/SYLEX_SK"]}]}},"_links":{"self":[{"href":"https:\/\/www.sylex.sk\/sk\/wp-json\/wp\/v2\/product\/14298","targetHints":{"allow":["GET"]}}],"collection":[{"href":"https:\/\/www.sylex.sk\/sk\/wp-json\/wp\/v2\/product"}],"about":[{"href":"https:\/\/www.sylex.sk\/sk\/wp-json\/wp\/v2\/types\/product"}],"version-history":[{"count":0,"href":"https:\/\/www.sylex.sk\/sk\/wp-json\/wp\/v2\/product\/14298\/revisions"}],"wp:featuredmedia":[{"embeddable":true,"href":"https:\/\/www.sylex.sk\/sk\/wp-json\/wp\/v2\/media\/11297"}],"wp:attachment":[{"href":"https:\/\/www.sylex.sk\/sk\/wp-json\/wp\/v2\/media?parent=14298"}],"wp:term":[{"taxonomy":"product_brand","embeddable":true,"href":"https:\/\/www.sylex.sk\/sk\/wp-json\/wp\/v2\/product_brand?post=14298"},{"taxonomy":"product_cat","embeddable":true,"href":"https:\/\/www.sylex.sk\/sk\/wp-json\/wp\/v2\/product_cat?post=14298"},{"taxonomy":"product_tag","embeddable":true,"href":"https:\/\/www.sylex.sk\/sk\/wp-json\/wp\/v2\/product_tag?post=14298"}],"curies":[{"name":"wp","href":"https:\/\/api.w.org\/{rel}","templated":true}]}}