{"id":14301,"date":"2023-09-06T12:56:30","date_gmt":"2023-09-06T11:56:30","guid":{"rendered":"https:\/\/www.sylex.sk\/product\/lls-01-snimac-hladiny-kvapaliny\/"},"modified":"2025-01-17T10:44:12","modified_gmt":"2025-01-17T09:44:12","slug":"lls-01-liquid-level-sensor","status":"publish","type":"product","link":"https:\/\/www.sylex.sk\/sk\/produkt\/lls-01-liquid-level-sensor\/","title":{"rendered":"LLS-01 Liquid level sensor"},"content":{"rendered":"\t\t<div data-elementor-type=\"product-post\" data-elementor-id=\"14301\" class=\"elementor elementor-14301 elementor-1210\" data-elementor-post-type=\"product\">\n\t\t\t\t\t\t<section class=\"elementor-section elementor-top-section elementor-element elementor-element-aa60b0d elementor-section-boxed elementor-section-height-default elementor-section-height-default\" data-id=\"aa60b0d\" data-element_type=\"section\" data-e-type=\"section\">\n\t\t\t\t\t\t<div class=\"elementor-container elementor-column-gap-default\">\n\t\t\t\t\t<div class=\"elementor-column elementor-col-100 elementor-top-column elementor-element elementor-element-d8fa624\" data-id=\"d8fa624\" data-element_type=\"column\" data-e-type=\"column\">\n\t\t\t<div class=\"elementor-widget-wrap elementor-element-populated\">\n\t\t\t\t\t\t<div class=\"elementor-element elementor-element-9836d5d elementor-widget elementor-widget-heading\" data-id=\"9836d5d\" data-element_type=\"widget\" data-e-type=\"widget\" data-widget_type=\"heading.default\">\n\t\t\t\t<div class=\"elementor-widget-container\">\n\t\t\t\t\t<h2 class=\"elementor-heading-title elementor-size-default\">Product specification<\/h2>\t\t\t\t<\/div>\n\t\t\t\t<\/div>\n\t\t\t\t<div class=\"elementor-element elementor-element-2678d0c elementor-widget-divider--view-line elementor-widget elementor-widget-divider\" data-id=\"2678d0c\" data-element_type=\"widget\" data-e-type=\"widget\" data-widget_type=\"divider.default\">\n\t\t\t\t<div class=\"elementor-widget-container\">\n\t\t\t\t\t\t\t<div class=\"elementor-divider\">\n\t\t\t<span class=\"elementor-divider-separator\">\n\t\t\t\t\t\t<\/span>\n\t\t<\/div>\n\t\t\t\t\t\t<\/div>\n\t\t\t\t<\/div>\n\t\t\t\t\t<\/div>\n\t\t<\/div>\n\t\t\t\t\t<\/div>\n\t\t<\/section>\n\t\t\t\t<section class=\"elementor-section elementor-top-section elementor-element elementor-element-c3ac3f4 elementor-section-boxed elementor-section-height-default elementor-section-height-default\" data-id=\"c3ac3f4\" data-element_type=\"section\" data-e-type=\"section\">\n\t\t\t\t\t\t<div class=\"elementor-container elementor-column-gap-default\">\n\t\t\t\t\t<div class=\"elementor-column elementor-col-100 elementor-top-column elementor-element elementor-element-21cc3c80\" data-id=\"21cc3c80\" data-element_type=\"column\" data-e-type=\"column\">\n\t\t\t<div class=\"elementor-widget-wrap elementor-element-populated\">\n\t\t\t\t\t\t<div class=\"elementor-element elementor-element-791c2a33 elementor-widget elementor-widget-text-editor\" data-id=\"791c2a33\" data-element_type=\"widget\" data-e-type=\"widget\" data-widget_type=\"text-editor.default\">\n\t\t\t\t<div class=\"elementor-widget-container\">\n\t\t\t\t\t\t\t\t\t<table border=\"0\" width=\"100%\" cellspacing=\"0\" cellpadding=\"0\">\n<tbody>\n<tr>\n<td rowspan=\"12\" valign=\"top\"><strong>Performance properties<\/strong><\/td>\n<td>\n<div>Measured parameter<\/div><\/td>\n<td colspan=\"2\">\n<div>\n<div><\/div>\n<\/div>\n<div>relative or absolute pressure <sup>1)<\/sup><\/div>\n<div><\/div><\/td>\n<\/tr>\n<tr>\n<td>\n<div>Pressure range<\/div><\/td>\n<td colspan=\"2\">1-20 bar <sup>2)<\/sup>\n<div><\/div><\/td>\n<\/tr>\n<tr>\n<td>\n<div>Operating temperature range<\/div><\/td>\n<td colspan=\"2\">-20\u00b0C to +60\u00b0C\n<div><\/div><\/td>\n<\/tr>\n<tr>\n<td>\n<div>Resolution<\/div><\/td>\n<td colspan=\"2\">0.1% FS <sup>3)<\/sup>\n<div><\/div><\/td>\n<\/tr>\n<tr>\n<td>\n<div>Accuracy<\/div><\/td>\n<td colspan=\"2\">&lt;1% FS <sup>3)<\/sup>\n<div><\/div><\/td>\n<\/tr>\n<tr>\n<td>\n<div>Precision<\/div><\/td>\n<td colspan=\"2\">\n<div>&lt;0.5 % FS <sup>3)<\/sup><\/div>\n<div><\/div><\/td>\n<\/tr>\n<tr>\n<td>\n<div>Pressure sensitivity (1bar range)<\/div><\/td>\n<td colspan=\"2\">\n<div>4pm\/1mbar<\/div>\n<div><\/div><\/td>\n<\/tr>\n<tr>\n<td>Operating humidity range<\/td>\n<td colspan=\"2\">0 &#8211; 95 % Relative Humidity<\/td>\n<\/tr>\n<tr>\n<td>\n<div>Burst pressure<\/div><\/td>\n<td colspan=\"2\">up to 150 % FS <sup>3)<\/sup>\n<div><\/div><\/td>\n<\/tr>\n<tr>\n<td>\n<div>Measurement rate<\/div><\/td>\n<td colspan=\"2\">\n<div>up to 100 measurements\/second <sup>2)<\/sup><\/div>\n<div><\/div><\/td>\n<\/tr>\n<tr>\n<td>\n<div>Occupied bandwidth<\/div><\/td>\n<td colspan=\"2\">\n<div>\u301c12nm<\/div>\n<div><\/div><\/td>\n<\/tr>\n<tr>\n<td>\n<div>Ingress Protection rating<\/div><\/td>\n<td colspan=\"2\">\n<div>IP 68<\/div>\n<div><\/div><\/td>\n<\/tr>\n<tr>\n<td rowspan=\"10\" valign=\"top\"><strong>Physical properties<\/strong><\/td>\n<td>\n<div>Housing material<sup>4)<\/sup><\/div><\/td>\n<td colspan=\"2\">\n<div>\n<div><\/div>\n<\/div>\n<div>Stainless steel SS316L<\/div>\n<div><\/div><\/td>\n<\/tr>\n<tr>\n<td>\n<div>Dimensions without cable<\/div><\/td>\n<td colspan=\"2\">\u00a0\u00d830 x 164 mm\n<div><\/div><\/td>\n<\/tr>\n<tr>\n<td>\n<div>\n<div>Weight (without cable)<\/div>\n<\/div><\/td>\n<td colspan=\"2\">550 g\n<div><\/div><\/td>\n<\/tr>\n<tr>\n<td>\n<div>Cable type<sup>5)<\/sup><\/div><\/td>\n<td colspan=\"2\">7mm reinforced cable \/ 6mm PA12 (Nylon) tube\n<div><\/div><\/td>\n<\/tr>\n<tr>\n<td>\n<div>Cable length<sup>6)<\/sup><\/div><\/td>\n<td colspan=\"2\">\n<div>2mtr<\/div>\n<div><\/div><\/td>\n<\/tr>\n<tr>\n<td>Cable Bend Radius (dynamic)<\/td>\n<td colspan=\"2\">\n<div id=\"c7439\" class=\"csc-default\">\n<div class=\"tab_row2_column75 colorCCC\">80 mm<\/div>\n<\/div><\/td>\n<\/tr>\n<tr>\n<td>Cable Bend Radius (static)<\/td>\n<td colspan=\"2\">\n<div id=\"c7439\" class=\"csc-default\">\n<div class=\"tab_row2_column75 colorCCC\">70 mm<\/div>\n<\/div><\/td>\n<\/tr>\n<tr>\n<td>Connector type<sup>7)<\/sup><\/td>\n<td colspan=\"2\">\n<div>FC\/APC<\/div>\n<div><\/div><\/td>\n<\/tr>\n<tr>\n<td>\n<div>Pressure inlet thread<\/div><\/td>\n<td colspan=\"2\">G1\/8\n<div><\/div><\/td>\n<\/tr>\n<tr>\n<td>\n<div>Porous stone <sup>8)<\/sup><\/div><\/td>\n<td colspan=\"2\">Optional &#8211; upon request\n<div><\/div><\/td>\n<\/tr>\n<tr>\n<td><strong>Packaging<\/strong><\/td>\n<td colspan=\"3\">Cardboard box with dimensions: 370x290x45mm<\/td>\n<\/tr>\n<tr>\n<td><strong>Quality Statement<\/strong><\/td>\n<td colspan=\"3\">The sensor is compliant with IEC 61757:2018 and IEC 61757-2-1:2021.\nAll sensors are 100% tested and calibrated at SYLEX.\nSensor is manufactured according to ISO 9001:2008 and ISO 14001:2004<\/td>\n<\/tr>\n<\/tbody>\n<\/table>\n<p class=\"bodytext\">Notes:<\/p>\n<sup><sup>1)<\/sup><\/sup><span class=\"fontstyle0\">Absolute pressure sensor available upon request<\/span>\n\n<sup>2)<\/sup><span class=\"fontstyle0\">Standard configuration includes pressure ranges: 1, 4, 7, 10, 15, and 20bar<\/span>\n\n<sup>3) <\/sup><span class=\"fontstyle0\">FS: full-scale range<\/span>\n\n<sup>4) <\/sup>Other housing materials are available on request\n\n<sup>5) <\/sup>For liquid level monitoring, the LLS-01 will be equipped with a cable with air channels connected to the\nsensor through a bottle splice\n\n<sup>6) <\/sup>Cable length is extendable on request\n\n<sup>7) <\/sup>Other connector types available on request\n\n<sup>8) <\/sup>MG40 316 sintered stainless steel (high permeability)\t\t\t\t\t\t\t\t<\/div>\n\t\t\t\t<\/div>\n\t\t\t\t\t<\/div>\n\t\t<\/div>\n\t\t\t\t\t<\/div>\n\t\t<\/section>\n\t\t\t\t<\/div>\n\t\t","protected":false},"excerpt":{"rendered":"<p class=\"bodytext\"><b>Type:<\/b> Customable sensor for a wide pressure range (0-20 bar), IP68<\/p>\n<p class=\"bodytext\"><b>Application: <\/b>water height monitoring, hazardous environment monitoring, geotechnical, marine, etc.<\/p>\n<p class=\"bodytext\"><b>Installation method:<\/b>\u00a0Mounting brackets &#8211; weldable, screwable<\/p>\n<p class=\"bodytext\"><b>Temperature compensation:<\/b> Integrated<\/p>\n","protected":false},"featured_media":11325,"template":"","meta":{"_acf_changed":false},"product_brand":[],"product_cat":[405,422,531],"product_tag":[424,427,432,426],"class_list":{"0":"post-14301","1":"product","2":"type-product","3":"status-publish","4":"has-post-thumbnail","6":"product_cat-snimace-a-snimacie-systemy","7":"product_cat-snimace","8":"product_cat-pressure-sk","9":"product_tag-geotechnicky-shm","10":"product_tag-obcianske-stavby-shm","11":"product_tag-off-shore-namorne-a-podmorske","12":"product_tag-priemyselna-automatizacia","14":"first","15":"instock","16":"shipping-taxable","17":"product-type-simple"},"acf":[],"yoast_head":"<!-- This site is optimized with the Yoast SEO plugin v27.0 - https:\/\/yoast.com\/product\/yoast-seo-wordpress\/ -->\n<title>LLS-01 Liquid level sensor - Sylex<\/title>\n<meta name=\"robots\" content=\"index, follow, max-snippet:-1, max-image-preview:large, max-video-preview:-1\" \/>\n<link rel=\"canonical\" href=\"https:\/\/www.sylex.sk\/sk\/produkt\/lls-01-liquid-level-sensor\/\" \/>\n<meta property=\"og:locale\" content=\"sk_SK\" \/>\n<meta property=\"og:type\" content=\"article\" \/>\n<meta property=\"og:title\" content=\"LLS-01 Liquid level sensor - Sylex\" \/>\n<meta property=\"og:description\" content=\"Type: Customable sensor for a wide pressure range (0-20 bar), IP68 Application: water height monitoring, hazardous environment monitoring, geotechnical, marine, etc. Installation method:\u00a0Mounting brackets - weldable, screwable Temperature compensation: Integrated\" \/>\n<meta property=\"og:url\" content=\"https:\/\/www.sylex.sk\/sk\/produkt\/lls-01-liquid-level-sensor\/\" \/>\n<meta property=\"og:site_name\" content=\"Sylex\" \/>\n<meta property=\"article:publisher\" content=\"https:\/\/www.facebook.com\/sylex.sk\/\" \/>\n<meta property=\"article:modified_time\" content=\"2025-01-17T09:44:12+00:00\" \/>\n<meta property=\"og:image\" content=\"https:\/\/www.sylex.sk\/wp-content\/uploads\/2024\/04\/LLS-01-Liquid-level-sensor-2.jpg\" \/>\n\t<meta property=\"og:image:width\" content=\"1920\" \/>\n\t<meta property=\"og:image:height\" content=\"1300\" \/>\n\t<meta property=\"og:image:type\" content=\"image\/jpeg\" \/>\n<meta name=\"twitter:card\" content=\"summary_large_image\" \/>\n<meta name=\"twitter:site\" content=\"@SYLEX_SK\" \/>\n<meta name=\"twitter:label1\" content=\"Predpokladan\u00fd \u010das \u010d\u00edtania\" \/>\n\t<meta name=\"twitter:data1\" content=\"1 min\u00fata\" \/>\n<script type=\"application\/ld+json\" class=\"yoast-schema-graph\">{\"@context\":\"https:\/\/schema.org\",\"@graph\":[{\"@type\":\"WebPage\",\"@id\":\"https:\/\/www.sylex.sk\/sk\/produkt\/lls-01-liquid-level-sensor\/\",\"url\":\"https:\/\/www.sylex.sk\/sk\/produkt\/lls-01-liquid-level-sensor\/\",\"name\":\"LLS-01 Liquid level sensor - Sylex\",\"isPartOf\":{\"@id\":\"https:\/\/wonderful-yonath.136-243-14-103.plesk.page\/#website\"},\"primaryImageOfPage\":{\"@id\":\"https:\/\/www.sylex.sk\/sk\/produkt\/lls-01-liquid-level-sensor\/#primaryimage\"},\"image\":{\"@id\":\"https:\/\/www.sylex.sk\/sk\/produkt\/lls-01-liquid-level-sensor\/#primaryimage\"},\"thumbnailUrl\":\"https:\/\/www.sylex.sk\/wp-content\/uploads\/2024\/04\/LLS-01-Liquid-level-sensor-2.jpg\",\"datePublished\":\"2023-09-06T11:56:30+00:00\",\"dateModified\":\"2025-01-17T09:44:12+00:00\",\"breadcrumb\":{\"@id\":\"https:\/\/www.sylex.sk\/sk\/produkt\/lls-01-liquid-level-sensor\/#breadcrumb\"},\"inLanguage\":\"sk-SK\",\"potentialAction\":[{\"@type\":\"ReadAction\",\"target\":[\"https:\/\/www.sylex.sk\/sk\/produkt\/lls-01-liquid-level-sensor\/\"]}]},{\"@type\":\"ImageObject\",\"inLanguage\":\"sk-SK\",\"@id\":\"https:\/\/www.sylex.sk\/sk\/produkt\/lls-01-liquid-level-sensor\/#primaryimage\",\"url\":\"https:\/\/www.sylex.sk\/wp-content\/uploads\/2024\/04\/LLS-01-Liquid-level-sensor-2.jpg\",\"contentUrl\":\"https:\/\/www.sylex.sk\/wp-content\/uploads\/2024\/04\/LLS-01-Liquid-level-sensor-2.jpg\",\"width\":1920,\"height\":1300,\"caption\":\"LLS-01 Sn\u00edma\u010d hladiny kvapaliny\"},{\"@type\":\"BreadcrumbList\",\"@id\":\"https:\/\/www.sylex.sk\/sk\/produkt\/lls-01-liquid-level-sensor\/#breadcrumb\",\"itemListElement\":[{\"@type\":\"ListItem\",\"position\":1,\"name\":\"Home\",\"item\":\"https:\/\/www.sylex.sk\/sk\/\"},{\"@type\":\"ListItem\",\"position\":2,\"name\":\"Shop\",\"item\":\"https:\/\/www.sylex.sk\/sk\/shop\/\"},{\"@type\":\"ListItem\",\"position\":3,\"name\":\"LLS-01 Liquid level sensor\"}]},{\"@type\":\"WebSite\",\"@id\":\"https:\/\/wonderful-yonath.136-243-14-103.plesk.page\/#website\",\"url\":\"https:\/\/wonderful-yonath.136-243-14-103.plesk.page\/\",\"name\":\"Sylex\",\"description\":\"Fiber Optics\",\"publisher\":{\"@id\":\"https:\/\/wonderful-yonath.136-243-14-103.plesk.page\/#organization\"},\"potentialAction\":[{\"@type\":\"SearchAction\",\"target\":{\"@type\":\"EntryPoint\",\"urlTemplate\":\"https:\/\/wonderful-yonath.136-243-14-103.plesk.page\/?s={search_term_string}\"},\"query-input\":{\"@type\":\"PropertyValueSpecification\",\"valueRequired\":true,\"valueName\":\"search_term_string\"}}],\"inLanguage\":\"sk-SK\"},{\"@type\":\"Organization\",\"@id\":\"https:\/\/wonderful-yonath.136-243-14-103.plesk.page\/#organization\",\"name\":\"Sylex\",\"url\":\"https:\/\/wonderful-yonath.136-243-14-103.plesk.page\/\",\"logo\":{\"@type\":\"ImageObject\",\"inLanguage\":\"sk-SK\",\"@id\":\"https:\/\/wonderful-yonath.136-243-14-103.plesk.page\/#\/schema\/logo\/image\/\",\"url\":\"https:\/\/www.sylex.sk\/wp-content\/uploads\/2024\/04\/logo4-1.png\",\"contentUrl\":\"https:\/\/www.sylex.sk\/wp-content\/uploads\/2024\/04\/logo4-1.png\",\"width\":308,\"height\":100,\"caption\":\"Sylex\"},\"image\":{\"@id\":\"https:\/\/wonderful-yonath.136-243-14-103.plesk.page\/#\/schema\/logo\/image\/\"},\"sameAs\":[\"https:\/\/www.facebook.com\/sylex.sk\/\",\"https:\/\/x.com\/SYLEX_SK\"]}]}<\/script>\n<!-- \/ Yoast SEO plugin. -->","yoast_head_json":{"title":"LLS-01 Liquid level sensor - Sylex","robots":{"index":"index","follow":"follow","max-snippet":"max-snippet:-1","max-image-preview":"max-image-preview:large","max-video-preview":"max-video-preview:-1"},"canonical":"https:\/\/www.sylex.sk\/sk\/produkt\/lls-01-liquid-level-sensor\/","og_locale":"sk_SK","og_type":"article","og_title":"LLS-01 Liquid level sensor - Sylex","og_description":"Type: Customable sensor for a wide pressure range (0-20 bar), IP68 Application: water height monitoring, hazardous environment monitoring, geotechnical, marine, etc. Installation method:\u00a0Mounting brackets - weldable, screwable Temperature compensation: Integrated","og_url":"https:\/\/www.sylex.sk\/sk\/produkt\/lls-01-liquid-level-sensor\/","og_site_name":"Sylex","article_publisher":"https:\/\/www.facebook.com\/sylex.sk\/","article_modified_time":"2025-01-17T09:44:12+00:00","og_image":[{"width":1920,"height":1300,"url":"https:\/\/www.sylex.sk\/wp-content\/uploads\/2024\/04\/LLS-01-Liquid-level-sensor-2.jpg","type":"image\/jpeg"}],"twitter_card":"summary_large_image","twitter_site":"@SYLEX_SK","twitter_misc":{"Predpokladan\u00fd \u010das \u010d\u00edtania":"1 min\u00fata"},"schema":{"@context":"https:\/\/schema.org","@graph":[{"@type":"WebPage","@id":"https:\/\/www.sylex.sk\/sk\/produkt\/lls-01-liquid-level-sensor\/","url":"https:\/\/www.sylex.sk\/sk\/produkt\/lls-01-liquid-level-sensor\/","name":"LLS-01 Liquid level sensor - Sylex","isPartOf":{"@id":"https:\/\/wonderful-yonath.136-243-14-103.plesk.page\/#website"},"primaryImageOfPage":{"@id":"https:\/\/www.sylex.sk\/sk\/produkt\/lls-01-liquid-level-sensor\/#primaryimage"},"image":{"@id":"https:\/\/www.sylex.sk\/sk\/produkt\/lls-01-liquid-level-sensor\/#primaryimage"},"thumbnailUrl":"https:\/\/www.sylex.sk\/wp-content\/uploads\/2024\/04\/LLS-01-Liquid-level-sensor-2.jpg","datePublished":"2023-09-06T11:56:30+00:00","dateModified":"2025-01-17T09:44:12+00:00","breadcrumb":{"@id":"https:\/\/www.sylex.sk\/sk\/produkt\/lls-01-liquid-level-sensor\/#breadcrumb"},"inLanguage":"sk-SK","potentialAction":[{"@type":"ReadAction","target":["https:\/\/www.sylex.sk\/sk\/produkt\/lls-01-liquid-level-sensor\/"]}]},{"@type":"ImageObject","inLanguage":"sk-SK","@id":"https:\/\/www.sylex.sk\/sk\/produkt\/lls-01-liquid-level-sensor\/#primaryimage","url":"https:\/\/www.sylex.sk\/wp-content\/uploads\/2024\/04\/LLS-01-Liquid-level-sensor-2.jpg","contentUrl":"https:\/\/www.sylex.sk\/wp-content\/uploads\/2024\/04\/LLS-01-Liquid-level-sensor-2.jpg","width":1920,"height":1300,"caption":"LLS-01 Sn\u00edma\u010d hladiny kvapaliny"},{"@type":"BreadcrumbList","@id":"https:\/\/www.sylex.sk\/sk\/produkt\/lls-01-liquid-level-sensor\/#breadcrumb","itemListElement":[{"@type":"ListItem","position":1,"name":"Home","item":"https:\/\/www.sylex.sk\/sk\/"},{"@type":"ListItem","position":2,"name":"Shop","item":"https:\/\/www.sylex.sk\/sk\/shop\/"},{"@type":"ListItem","position":3,"name":"LLS-01 Liquid level sensor"}]},{"@type":"WebSite","@id":"https:\/\/wonderful-yonath.136-243-14-103.plesk.page\/#website","url":"https:\/\/wonderful-yonath.136-243-14-103.plesk.page\/","name":"Sylex","description":"Fiber Optics","publisher":{"@id":"https:\/\/wonderful-yonath.136-243-14-103.plesk.page\/#organization"},"potentialAction":[{"@type":"SearchAction","target":{"@type":"EntryPoint","urlTemplate":"https:\/\/wonderful-yonath.136-243-14-103.plesk.page\/?s={search_term_string}"},"query-input":{"@type":"PropertyValueSpecification","valueRequired":true,"valueName":"search_term_string"}}],"inLanguage":"sk-SK"},{"@type":"Organization","@id":"https:\/\/wonderful-yonath.136-243-14-103.plesk.page\/#organization","name":"Sylex","url":"https:\/\/wonderful-yonath.136-243-14-103.plesk.page\/","logo":{"@type":"ImageObject","inLanguage":"sk-SK","@id":"https:\/\/wonderful-yonath.136-243-14-103.plesk.page\/#\/schema\/logo\/image\/","url":"https:\/\/www.sylex.sk\/wp-content\/uploads\/2024\/04\/logo4-1.png","contentUrl":"https:\/\/www.sylex.sk\/wp-content\/uploads\/2024\/04\/logo4-1.png","width":308,"height":100,"caption":"Sylex"},"image":{"@id":"https:\/\/wonderful-yonath.136-243-14-103.plesk.page\/#\/schema\/logo\/image\/"},"sameAs":["https:\/\/www.facebook.com\/sylex.sk\/","https:\/\/x.com\/SYLEX_SK"]}]}},"_links":{"self":[{"href":"https:\/\/www.sylex.sk\/sk\/wp-json\/wp\/v2\/product\/14301","targetHints":{"allow":["GET"]}}],"collection":[{"href":"https:\/\/www.sylex.sk\/sk\/wp-json\/wp\/v2\/product"}],"about":[{"href":"https:\/\/www.sylex.sk\/sk\/wp-json\/wp\/v2\/types\/product"}],"version-history":[{"count":0,"href":"https:\/\/www.sylex.sk\/sk\/wp-json\/wp\/v2\/product\/14301\/revisions"}],"wp:featuredmedia":[{"embeddable":true,"href":"https:\/\/www.sylex.sk\/sk\/wp-json\/wp\/v2\/media\/11325"}],"wp:attachment":[{"href":"https:\/\/www.sylex.sk\/sk\/wp-json\/wp\/v2\/media?parent=14301"}],"wp:term":[{"taxonomy":"product_brand","embeddable":true,"href":"https:\/\/www.sylex.sk\/sk\/wp-json\/wp\/v2\/product_brand?post=14301"},{"taxonomy":"product_cat","embeddable":true,"href":"https:\/\/www.sylex.sk\/sk\/wp-json\/wp\/v2\/product_cat?post=14301"},{"taxonomy":"product_tag","embeddable":true,"href":"https:\/\/www.sylex.sk\/sk\/wp-json\/wp\/v2\/product_tag?post=14301"}],"curies":[{"name":"wp","href":"https:\/\/api.w.org\/{rel}","templated":true}]}}