{"id":14313,"date":"2023-09-06T12:51:51","date_gmt":"2023-09-06T11:51:51","guid":{"rendered":"https:\/\/www.sylex.sk\/product\/saa-04-jednoosovy-akcelerometer\/"},"modified":"2025-01-17T10:45:06","modified_gmt":"2025-01-17T09:45:06","slug":"saa-04-single-axis-accelerometer","status":"publish","type":"product","link":"https:\/\/www.sylex.sk\/sk\/produkt\/saa-04-single-axis-accelerometer\/","title":{"rendered":"SAA-04 Single Axis Accelerometer"},"content":{"rendered":"\t\t<div data-elementor-type=\"product-post\" data-elementor-id=\"14313\" class=\"elementor elementor-14313 elementor-1174\" data-elementor-post-type=\"product\">\n\t\t\t\t\t\t<section class=\"elementor-section elementor-top-section elementor-element elementor-element-209aec7f elementor-section-boxed elementor-section-height-default elementor-section-height-default\" data-id=\"209aec7f\" data-element_type=\"section\" data-e-type=\"section\">\n\t\t\t\t\t\t<div class=\"elementor-container elementor-column-gap-default\">\n\t\t\t\t\t<div class=\"elementor-column elementor-col-100 elementor-top-column elementor-element elementor-element-2f4a7eab\" data-id=\"2f4a7eab\" data-element_type=\"column\" data-e-type=\"column\">\n\t\t\t<div class=\"elementor-widget-wrap elementor-element-populated\">\n\t\t\t\t\t\t<div class=\"elementor-element elementor-element-6dc2ee26 elementor-widget elementor-widget-heading\" data-id=\"6dc2ee26\" data-element_type=\"widget\" data-e-type=\"widget\" data-widget_type=\"heading.default\">\n\t\t\t\t<div class=\"elementor-widget-container\">\n\t\t\t\t\t<h2 class=\"elementor-heading-title elementor-size-default\">Product Specification<\/h2>\t\t\t\t<\/div>\n\t\t\t\t<\/div>\n\t\t\t\t<div class=\"elementor-element elementor-element-572b2b32 elementor-widget elementor-widget-text-editor\" data-id=\"572b2b32\" data-element_type=\"widget\" data-e-type=\"widget\" data-widget_type=\"text-editor.default\">\n\t\t\t\t<div class=\"elementor-widget-container\">\n\t\t\t\t\t\t\t\t\t<div><\/div>\n<table border=\"0\" width=\"100%\" cellspacing=\"0\" cellpadding=\"0\">\n<tbody>\n<tr>\n<td rowspan=\"9\" valign=\"top\"><strong>Performance properties<\/strong><\/td>\n<td>\n<div>Measurement range<\/div><\/td>\n<td colspan=\"2\">\n<div>\n<div><\/div>\n<\/div>\n<div>\u00b12g<\/div>\n<div><\/div><\/td>\n<\/tr>\n<tr>\n<td>\n<div>Sensitivity<\/div><\/td>\n<td colspan=\"2\">1350pm\/g \u00b1 100pm\/g\n<div><\/div><\/td>\n<\/tr>\n<tr>\n<td>\n<div>Frequency range<\/div><\/td>\n<td colspan=\"2\">0 \u2013 160Hz\n<div><\/div><\/td>\n<\/tr>\n<tr>\n<td>\n<div>Maximum shock<\/div><\/td>\n<td colspan=\"2\">10g\n<div><\/div><\/td>\n<\/tr>\n<tr>\n<td>\n<div>Sensor resonance<\/div><\/td>\n<td colspan=\"2\">\n<div>&gt; 240Hz<\/div>\n<div><\/div><\/td>\n<\/tr>\n<tr>\n<td>Operating Temperature range<\/td>\n<td colspan=\"2\">\n<div id=\"c7439\" class=\"csc-default\">\n<div class=\"tab_row2_column75 colorCCC\">-40\u00b0C to +60\u00b0C<\/div>\n<\/div><\/td>\n<\/tr>\n<tr>\n<td>Number of FBGs<\/td>\n<td colspan=\"2\">\n<div id=\"c7439\" class=\"csc-default\">\n<div class=\"tab_row2_column75 colorCCC\">2<\/div>\n<\/div><\/td>\n<\/tr>\n<tr>\n<td>Occupied bandwidth<\/td>\n<td colspan=\"2\">\n<div id=\"c7439\" class=\"csc-default\">\n<div class=\"tab_row2_column75 colorCCC\">~12nm<\/div>\n<\/div><\/td>\n<\/tr>\n<tr>\n<td>Ingress Protection rating<\/td>\n<td colspan=\"2\">\n<div>IP 67<\/div>\n<div><\/div><\/td>\n<\/tr>\n<tr>\n<td rowspan=\"9\" valign=\"top\"><strong>Physical properties<\/strong><\/td>\n<td>\n<div>Housing material<\/div><\/td>\n<td colspan=\"2\">\n<div>\n<div><\/div>\n<\/div>\n<div>Duplex &#8211; 1.4462<\/div>\n<div><\/div><\/td>\n<\/tr>\n<tr>\n<td>\n<div>Anchoring bolt<\/div><\/td>\n<td colspan=\"2\">M5 \/ 5Nm\n<div><\/div><\/td>\n<\/tr>\n<tr>\n<td>\n<div>Dimensions (without cable)<sup>2)<\/sup><\/div><\/td>\n<td colspan=\"2\">50 x 55 x 220 mm\n<div><\/div><\/td>\n<\/tr>\n<tr>\n<td>\n<div>Weight (without cable)<\/div><\/td>\n<td colspan=\"2\">400g\n<div><\/div><\/td>\n<\/tr>\n<tr>\n<td>\n<div>Cable type<\/div><\/td>\n<td colspan=\"2\">\n<div>3mm reinforced cable<\/div>\n<div><\/div><\/td>\n<\/tr>\n<tr>\n<td>Cable length<sup>3)<\/sup><\/td>\n<td colspan=\"2\">1mtr<\/td>\n<\/tr>\n<tr>\n<td>Cable Bend Radius (dynamic)<\/td>\n<td colspan=\"2\">\n<div id=\"c7439\" class=\"csc-default\">\n<div class=\"tab_row2_column75 colorCCC\">40mm<\/div>\n<\/div><\/td>\n<\/tr>\n<tr>\n<td>Cable Bend Radius (static)<\/td>\n<td colspan=\"2\">\n<div>30mm<\/div>\n<div><\/div><\/td>\n<\/tr>\n<tr>\n<td>\n<div>Connector type<sup>4)<\/sup><\/div><\/td>\n<td colspan=\"2\">FC\/APC\n<div><\/div><\/td>\n<\/tr>\n<tr>\n<td><strong>Mounting method<\/strong><\/td>\n<td colspan=\"3\">Screws or using a mounting block<\/td>\n<\/tr>\n<tr>\n<td><strong>Packaging<\/strong><\/td>\n<td colspan=\"3\">Cardboard box \u2013 dimensions depending on the final configuration.<\/td>\n<\/tr>\n<tr>\n<td><strong>Quality Statement<\/strong><\/td>\n<td colspan=\"3\">The sensor is compliant with IEC 61757-1-1:2016\/Ed1.0 and IEC 61757:2018\nAll sensors are 100% tested and calibrated at SYLEX.\n<span style=\"font-family: inherit; font-size: inherit;\">The sensor is manufactured according to ISO 9001:2015 and ISO 14001:2015<\/span><\/td>\n<\/tr>\n<\/tbody>\n<\/table>\n<p class=\"bodytext\">Notes:<\/p>\n\n<ul>\n \t<li><sup>1)<\/sup> The sensor needs to be unlocked before measurement, please, refer to the installation instructions.<\/li>\n \t<li><sup>2)<\/sup> For further dimensions details see the product drawing<\/li>\n \t<li><sup>3)<\/sup> Cable length is extendable on request<\/li>\n \t<li><sup>4) <\/sup>Other connector types available on request<\/li>\n<\/ul>\t\t\t\t\t\t\t\t<\/div>\n\t\t\t\t<\/div>\n\t\t\t\t\t<\/div>\n\t\t<\/div>\n\t\t\t\t\t<\/div>\n\t\t<\/section>\n\t\t\t\t<\/div>\n\t\t","protected":false},"excerpt":{"rendered":"<p class=\"bodytext\"><b>Type:<\/b> <span class=\"fontstyle0\">Fiber Bragg Grating based single-axis accelerometer, specifically designed to measure acceleration values up to 2g with unmatched sensitivity.<\/span><\/p>\n<p class=\"bodytext\"><b>Application:<\/b> <span class=\"fontstyle0\">Detection of ultra-low-level vibrations, can be mounted on different surfaces including walls, etc.<\/span><\/p>\n<p class=\"bodytext\"><b>Installation method:<\/b> Screws or using a mounting block<\/p>\n<p class=\"bodytext\"><b>Temperature compensation:<\/b> External<\/p>\n","protected":false},"featured_media":11372,"template":"","meta":{"_acf_changed":false},"product_brand":[],"product_cat":[405,422,532],"product_tag":[424,427,425,432,426],"class_list":{"0":"post-14313","1":"product","2":"type-product","3":"status-publish","4":"has-post-thumbnail","6":"product_cat-snimace-a-snimacie-systemy","7":"product_cat-snimace","8":"product_cat-accelerometer-sk","9":"product_tag-geotechnicky-shm","10":"product_tag-obcianske-stavby-shm","11":"product_tag-obnovitelne-zdroje-energie","12":"product_tag-off-shore-namorne-a-podmorske","13":"product_tag-priemyselna-automatizacia","15":"first","16":"instock","17":"shipping-taxable","18":"product-type-simple"},"acf":[],"yoast_head":"<!-- This site is optimized with the Yoast SEO plugin v27.0 - https:\/\/yoast.com\/product\/yoast-seo-wordpress\/ -->\n<title>SAA-04 Single Axis Accelerometer - Sylex<\/title>\n<meta name=\"robots\" content=\"index, follow, max-snippet:-1, max-image-preview:large, max-video-preview:-1\" \/>\n<link rel=\"canonical\" href=\"https:\/\/www.sylex.sk\/sk\/produkt\/saa-04-single-axis-accelerometer\/\" \/>\n<meta property=\"og:locale\" content=\"sk_SK\" \/>\n<meta property=\"og:type\" content=\"article\" \/>\n<meta property=\"og:title\" content=\"SAA-04 Single Axis Accelerometer - Sylex\" \/>\n<meta property=\"og:description\" content=\"Type: Fiber Bragg Grating based single-axis accelerometer, specifically designed to measure acceleration values up to 2g with unmatched sensitivity. Application: Detection of ultra-low-level vibrations, can be mounted on different surfaces including walls, etc. Installation method: Screws or using a mounting block Temperature compensation: External\" \/>\n<meta property=\"og:url\" content=\"https:\/\/www.sylex.sk\/sk\/produkt\/saa-04-single-axis-accelerometer\/\" \/>\n<meta property=\"og:site_name\" content=\"Sylex\" \/>\n<meta property=\"article:publisher\" content=\"https:\/\/www.facebook.com\/sylex.sk\/\" \/>\n<meta property=\"article:modified_time\" content=\"2025-01-17T09:45:06+00:00\" \/>\n<meta property=\"og:image\" content=\"https:\/\/www.sylex.sk\/wp-content\/uploads\/2024\/04\/SAA-04-Single-Axis-Accelerometer-2.jpg\" \/>\n\t<meta property=\"og:image:width\" content=\"1920\" \/>\n\t<meta property=\"og:image:height\" content=\"1300\" \/>\n\t<meta property=\"og:image:type\" content=\"image\/jpeg\" \/>\n<meta name=\"twitter:card\" content=\"summary_large_image\" \/>\n<meta name=\"twitter:site\" content=\"@SYLEX_SK\" \/>\n<meta name=\"twitter:label1\" content=\"Predpokladan\u00fd \u010das \u010d\u00edtania\" \/>\n\t<meta name=\"twitter:data1\" content=\"1 min\u00fata\" \/>\n<script type=\"application\/ld+json\" class=\"yoast-schema-graph\">{\"@context\":\"https:\/\/schema.org\",\"@graph\":[{\"@type\":\"WebPage\",\"@id\":\"https:\/\/www.sylex.sk\/sk\/produkt\/saa-04-single-axis-accelerometer\/\",\"url\":\"https:\/\/www.sylex.sk\/sk\/produkt\/saa-04-single-axis-accelerometer\/\",\"name\":\"SAA-04 Single Axis Accelerometer - Sylex\",\"isPartOf\":{\"@id\":\"https:\/\/wonderful-yonath.136-243-14-103.plesk.page\/#website\"},\"primaryImageOfPage\":{\"@id\":\"https:\/\/www.sylex.sk\/sk\/produkt\/saa-04-single-axis-accelerometer\/#primaryimage\"},\"image\":{\"@id\":\"https:\/\/www.sylex.sk\/sk\/produkt\/saa-04-single-axis-accelerometer\/#primaryimage\"},\"thumbnailUrl\":\"https:\/\/www.sylex.sk\/wp-content\/uploads\/2024\/04\/SAA-04-Single-Axis-Accelerometer-2.jpg\",\"datePublished\":\"2023-09-06T11:51:51+00:00\",\"dateModified\":\"2025-01-17T09:45:06+00:00\",\"breadcrumb\":{\"@id\":\"https:\/\/www.sylex.sk\/sk\/produkt\/saa-04-single-axis-accelerometer\/#breadcrumb\"},\"inLanguage\":\"sk-SK\",\"potentialAction\":[{\"@type\":\"ReadAction\",\"target\":[\"https:\/\/www.sylex.sk\/sk\/produkt\/saa-04-single-axis-accelerometer\/\"]}]},{\"@type\":\"ImageObject\",\"inLanguage\":\"sk-SK\",\"@id\":\"https:\/\/www.sylex.sk\/sk\/produkt\/saa-04-single-axis-accelerometer\/#primaryimage\",\"url\":\"https:\/\/www.sylex.sk\/wp-content\/uploads\/2024\/04\/SAA-04-Single-Axis-Accelerometer-2.jpg\",\"contentUrl\":\"https:\/\/www.sylex.sk\/wp-content\/uploads\/2024\/04\/SAA-04-Single-Axis-Accelerometer-2.jpg\",\"width\":1920,\"height\":1300,\"caption\":\"SAA-04 Jednoosov\u00fd akcelerometer\"},{\"@type\":\"BreadcrumbList\",\"@id\":\"https:\/\/www.sylex.sk\/sk\/produkt\/saa-04-single-axis-accelerometer\/#breadcrumb\",\"itemListElement\":[{\"@type\":\"ListItem\",\"position\":1,\"name\":\"Home\",\"item\":\"https:\/\/www.sylex.sk\/sk\/\"},{\"@type\":\"ListItem\",\"position\":2,\"name\":\"Shop\",\"item\":\"https:\/\/www.sylex.sk\/sk\/shop\/\"},{\"@type\":\"ListItem\",\"position\":3,\"name\":\"SAA-04 Single Axis Accelerometer\"}]},{\"@type\":\"WebSite\",\"@id\":\"https:\/\/wonderful-yonath.136-243-14-103.plesk.page\/#website\",\"url\":\"https:\/\/wonderful-yonath.136-243-14-103.plesk.page\/\",\"name\":\"Sylex\",\"description\":\"Fiber Optics\",\"publisher\":{\"@id\":\"https:\/\/wonderful-yonath.136-243-14-103.plesk.page\/#organization\"},\"potentialAction\":[{\"@type\":\"SearchAction\",\"target\":{\"@type\":\"EntryPoint\",\"urlTemplate\":\"https:\/\/wonderful-yonath.136-243-14-103.plesk.page\/?s={search_term_string}\"},\"query-input\":{\"@type\":\"PropertyValueSpecification\",\"valueRequired\":true,\"valueName\":\"search_term_string\"}}],\"inLanguage\":\"sk-SK\"},{\"@type\":\"Organization\",\"@id\":\"https:\/\/wonderful-yonath.136-243-14-103.plesk.page\/#organization\",\"name\":\"Sylex\",\"url\":\"https:\/\/wonderful-yonath.136-243-14-103.plesk.page\/\",\"logo\":{\"@type\":\"ImageObject\",\"inLanguage\":\"sk-SK\",\"@id\":\"https:\/\/wonderful-yonath.136-243-14-103.plesk.page\/#\/schema\/logo\/image\/\",\"url\":\"https:\/\/www.sylex.sk\/wp-content\/uploads\/2024\/04\/logo4-1.png\",\"contentUrl\":\"https:\/\/www.sylex.sk\/wp-content\/uploads\/2024\/04\/logo4-1.png\",\"width\":308,\"height\":100,\"caption\":\"Sylex\"},\"image\":{\"@id\":\"https:\/\/wonderful-yonath.136-243-14-103.plesk.page\/#\/schema\/logo\/image\/\"},\"sameAs\":[\"https:\/\/www.facebook.com\/sylex.sk\/\",\"https:\/\/x.com\/SYLEX_SK\"]}]}<\/script>\n<!-- \/ Yoast SEO plugin. -->","yoast_head_json":{"title":"SAA-04 Single Axis Accelerometer - Sylex","robots":{"index":"index","follow":"follow","max-snippet":"max-snippet:-1","max-image-preview":"max-image-preview:large","max-video-preview":"max-video-preview:-1"},"canonical":"https:\/\/www.sylex.sk\/sk\/produkt\/saa-04-single-axis-accelerometer\/","og_locale":"sk_SK","og_type":"article","og_title":"SAA-04 Single Axis Accelerometer - Sylex","og_description":"Type: Fiber Bragg Grating based single-axis accelerometer, specifically designed to measure acceleration values up to 2g with unmatched sensitivity. Application: Detection of ultra-low-level vibrations, can be mounted on different surfaces including walls, etc. Installation method: Screws or using a mounting block Temperature compensation: External","og_url":"https:\/\/www.sylex.sk\/sk\/produkt\/saa-04-single-axis-accelerometer\/","og_site_name":"Sylex","article_publisher":"https:\/\/www.facebook.com\/sylex.sk\/","article_modified_time":"2025-01-17T09:45:06+00:00","og_image":[{"width":1920,"height":1300,"url":"https:\/\/www.sylex.sk\/wp-content\/uploads\/2024\/04\/SAA-04-Single-Axis-Accelerometer-2.jpg","type":"image\/jpeg"}],"twitter_card":"summary_large_image","twitter_site":"@SYLEX_SK","twitter_misc":{"Predpokladan\u00fd \u010das \u010d\u00edtania":"1 min\u00fata"},"schema":{"@context":"https:\/\/schema.org","@graph":[{"@type":"WebPage","@id":"https:\/\/www.sylex.sk\/sk\/produkt\/saa-04-single-axis-accelerometer\/","url":"https:\/\/www.sylex.sk\/sk\/produkt\/saa-04-single-axis-accelerometer\/","name":"SAA-04 Single Axis Accelerometer - Sylex","isPartOf":{"@id":"https:\/\/wonderful-yonath.136-243-14-103.plesk.page\/#website"},"primaryImageOfPage":{"@id":"https:\/\/www.sylex.sk\/sk\/produkt\/saa-04-single-axis-accelerometer\/#primaryimage"},"image":{"@id":"https:\/\/www.sylex.sk\/sk\/produkt\/saa-04-single-axis-accelerometer\/#primaryimage"},"thumbnailUrl":"https:\/\/www.sylex.sk\/wp-content\/uploads\/2024\/04\/SAA-04-Single-Axis-Accelerometer-2.jpg","datePublished":"2023-09-06T11:51:51+00:00","dateModified":"2025-01-17T09:45:06+00:00","breadcrumb":{"@id":"https:\/\/www.sylex.sk\/sk\/produkt\/saa-04-single-axis-accelerometer\/#breadcrumb"},"inLanguage":"sk-SK","potentialAction":[{"@type":"ReadAction","target":["https:\/\/www.sylex.sk\/sk\/produkt\/saa-04-single-axis-accelerometer\/"]}]},{"@type":"ImageObject","inLanguage":"sk-SK","@id":"https:\/\/www.sylex.sk\/sk\/produkt\/saa-04-single-axis-accelerometer\/#primaryimage","url":"https:\/\/www.sylex.sk\/wp-content\/uploads\/2024\/04\/SAA-04-Single-Axis-Accelerometer-2.jpg","contentUrl":"https:\/\/www.sylex.sk\/wp-content\/uploads\/2024\/04\/SAA-04-Single-Axis-Accelerometer-2.jpg","width":1920,"height":1300,"caption":"SAA-04 Jednoosov\u00fd akcelerometer"},{"@type":"BreadcrumbList","@id":"https:\/\/www.sylex.sk\/sk\/produkt\/saa-04-single-axis-accelerometer\/#breadcrumb","itemListElement":[{"@type":"ListItem","position":1,"name":"Home","item":"https:\/\/www.sylex.sk\/sk\/"},{"@type":"ListItem","position":2,"name":"Shop","item":"https:\/\/www.sylex.sk\/sk\/shop\/"},{"@type":"ListItem","position":3,"name":"SAA-04 Single Axis Accelerometer"}]},{"@type":"WebSite","@id":"https:\/\/wonderful-yonath.136-243-14-103.plesk.page\/#website","url":"https:\/\/wonderful-yonath.136-243-14-103.plesk.page\/","name":"Sylex","description":"Fiber Optics","publisher":{"@id":"https:\/\/wonderful-yonath.136-243-14-103.plesk.page\/#organization"},"potentialAction":[{"@type":"SearchAction","target":{"@type":"EntryPoint","urlTemplate":"https:\/\/wonderful-yonath.136-243-14-103.plesk.page\/?s={search_term_string}"},"query-input":{"@type":"PropertyValueSpecification","valueRequired":true,"valueName":"search_term_string"}}],"inLanguage":"sk-SK"},{"@type":"Organization","@id":"https:\/\/wonderful-yonath.136-243-14-103.plesk.page\/#organization","name":"Sylex","url":"https:\/\/wonderful-yonath.136-243-14-103.plesk.page\/","logo":{"@type":"ImageObject","inLanguage":"sk-SK","@id":"https:\/\/wonderful-yonath.136-243-14-103.plesk.page\/#\/schema\/logo\/image\/","url":"https:\/\/www.sylex.sk\/wp-content\/uploads\/2024\/04\/logo4-1.png","contentUrl":"https:\/\/www.sylex.sk\/wp-content\/uploads\/2024\/04\/logo4-1.png","width":308,"height":100,"caption":"Sylex"},"image":{"@id":"https:\/\/wonderful-yonath.136-243-14-103.plesk.page\/#\/schema\/logo\/image\/"},"sameAs":["https:\/\/www.facebook.com\/sylex.sk\/","https:\/\/x.com\/SYLEX_SK"]}]}},"_links":{"self":[{"href":"https:\/\/www.sylex.sk\/sk\/wp-json\/wp\/v2\/product\/14313","targetHints":{"allow":["GET"]}}],"collection":[{"href":"https:\/\/www.sylex.sk\/sk\/wp-json\/wp\/v2\/product"}],"about":[{"href":"https:\/\/www.sylex.sk\/sk\/wp-json\/wp\/v2\/types\/product"}],"version-history":[{"count":0,"href":"https:\/\/www.sylex.sk\/sk\/wp-json\/wp\/v2\/product\/14313\/revisions"}],"wp:featuredmedia":[{"embeddable":true,"href":"https:\/\/www.sylex.sk\/sk\/wp-json\/wp\/v2\/media\/11372"}],"wp:attachment":[{"href":"https:\/\/www.sylex.sk\/sk\/wp-json\/wp\/v2\/media?parent=14313"}],"wp:term":[{"taxonomy":"product_brand","embeddable":true,"href":"https:\/\/www.sylex.sk\/sk\/wp-json\/wp\/v2\/product_brand?post=14313"},{"taxonomy":"product_cat","embeddable":true,"href":"https:\/\/www.sylex.sk\/sk\/wp-json\/wp\/v2\/product_cat?post=14313"},{"taxonomy":"product_tag","embeddable":true,"href":"https:\/\/www.sylex.sk\/sk\/wp-json\/wp\/v2\/product_tag?post=14313"}],"curies":[{"name":"wp","href":"https:\/\/api.w.org\/{rel}","templated":true}]}}