{"id":14325,"date":"2023-09-06T13:21:39","date_gmt":"2023-09-06T12:21:39","guid":{"rendered":"https:\/\/www.sylex.sk\/product\/alc-01-kotevna-zatazovacia-bunka\/"},"modified":"2025-01-17T10:43:24","modified_gmt":"2025-01-17T09:43:24","slug":"alc-01-anchor-load-cell","status":"publish","type":"product","link":"https:\/\/www.sylex.sk\/sk\/produkt\/alc-01-anchor-load-cell\/","title":{"rendered":"ALC-01 Anchor Load Cell"},"content":{"rendered":"\t\t<div data-elementor-type=\"product-post\" data-elementor-id=\"14325\" class=\"elementor elementor-14325 elementor-1432\" data-elementor-post-type=\"product\">\n\t\t\t\t\t\t<section class=\"elementor-section elementor-top-section elementor-element elementor-element-021ba92 elementor-section-boxed elementor-section-height-default elementor-section-height-default\" data-id=\"021ba92\" data-element_type=\"section\" data-e-type=\"section\">\n\t\t\t\t\t\t<div class=\"elementor-container elementor-column-gap-default\">\n\t\t\t\t\t<div class=\"elementor-column elementor-col-100 elementor-top-column elementor-element elementor-element-507c1c6\" data-id=\"507c1c6\" data-element_type=\"column\" data-e-type=\"column\">\n\t\t\t<div class=\"elementor-widget-wrap elementor-element-populated\">\n\t\t\t\t\t\t<div class=\"elementor-element elementor-element-a97911f elementor-widget elementor-widget-heading\" data-id=\"a97911f\" data-element_type=\"widget\" data-e-type=\"widget\" data-widget_type=\"heading.default\">\n\t\t\t\t<div class=\"elementor-widget-container\">\n\t\t\t\t\t<h2 class=\"elementor-heading-title elementor-size-default\">Product specification<\/h2>\t\t\t\t<\/div>\n\t\t\t\t<\/div>\n\t\t\t\t<div class=\"elementor-element elementor-element-5e6ef54 elementor-widget-divider--view-line elementor-widget elementor-widget-divider\" data-id=\"5e6ef54\" data-element_type=\"widget\" data-e-type=\"widget\" data-widget_type=\"divider.default\">\n\t\t\t\t<div class=\"elementor-widget-container\">\n\t\t\t\t\t\t\t<div class=\"elementor-divider\">\n\t\t\t<span class=\"elementor-divider-separator\">\n\t\t\t\t\t\t<\/span>\n\t\t<\/div>\n\t\t\t\t\t\t<\/div>\n\t\t\t\t<\/div>\n\t\t\t\t\t<\/div>\n\t\t<\/div>\n\t\t\t\t\t<\/div>\n\t\t<\/section>\n\t\t\t\t<section class=\"elementor-section elementor-top-section elementor-element elementor-element-7d20df88 elementor-section-boxed elementor-section-height-default elementor-section-height-default\" data-id=\"7d20df88\" data-element_type=\"section\" data-e-type=\"section\">\n\t\t\t\t\t\t<div class=\"elementor-container elementor-column-gap-default\">\n\t\t\t\t\t<div class=\"elementor-column elementor-col-100 elementor-top-column elementor-element elementor-element-510d34dd\" data-id=\"510d34dd\" data-element_type=\"column\" data-e-type=\"column\">\n\t\t\t<div class=\"elementor-widget-wrap elementor-element-populated\">\n\t\t\t\t\t\t<div class=\"elementor-element elementor-element-44f7627e elementor-widget elementor-widget-text-editor\" data-id=\"44f7627e\" data-element_type=\"widget\" data-e-type=\"widget\" data-widget_type=\"text-editor.default\">\n\t\t\t\t<div class=\"elementor-widget-container\">\n\t\t\t\t\t\t\t\t\t<div><\/div>\n<table border=\"0\" width=\"100%\" cellspacing=\"0\" cellpadding=\"0\">\n<tbody>\n<tr>\n<td rowspan=\"7\" valign=\"top\"><strong>Performance properties<\/strong><\/td>\n<td>\n<div>Measurement range <sup>1)<\/sup><\/div><\/td>\n<td colspan=\"2\">\n<div>\n<div><\/div>\n<\/div>\n<div>50-240 kN<\/div>\n<div><\/div><\/td>\n<\/tr>\n<tr>\n<td>\n<div>Sensitivity<\/div><\/td>\n<td colspan=\"2\">30 pm\/kN \u00b1 5 pm\/kN\n<div><\/div><\/td>\n<\/tr>\n<tr>\n<td>\n<div>Resolution<\/div><\/td>\n<td colspan=\"2\">50 N\n<div><\/div><\/td>\n<\/tr>\n<tr>\n<td>\n<div>Accuracy<\/div><\/td>\n<td colspan=\"2\">1 kN\n<div><\/div><\/td>\n<\/tr>\n<tr>\n<td>\n<div>Occupied bandwidth<\/div><\/td>\n<td colspan=\"2\">\n<div>20 nm<\/div>\n<div><\/div><\/td>\n<\/tr>\n<tr>\n<td>Operating Temperature range<\/td>\n<td colspan=\"2\">\n<div id=\"c7439\" class=\"csc-default\">\n<div class=\"tab_row2_column75 colorCCC\">-30\u00b0C to +70\u00b0C<\/div>\n<\/div><\/td>\n<\/tr>\n<tr>\n<td>Ingress Protection rating<\/td>\n<td colspan=\"2\">\n<div>IP 67<\/div>\n<div><\/div><\/td>\n<\/tr>\n<tr>\n<td rowspan=\"9\" valign=\"top\"><strong>Physical properties<\/strong><\/td>\n<td>\n<div>Housing material<\/div><\/td>\n<td colspan=\"2\">\n<div>\n<div><\/div>\n<\/div>\n<div>Stainless Steel, 1.4404<\/div>\n<div><\/div><\/td>\n<\/tr>\n<tr>\n<td>\n<div>Anchoring diameter<\/div><\/td>\n<td colspan=\"2\">M24 \/ \u00d824 mm\n<div><\/div><\/td>\n<\/tr>\n<tr>\n<td>\n<div>Dimensions (without cable)<sup>2)<\/sup><\/div><\/td>\n<td colspan=\"2\">101 x 60 x 51 mm\n<div><\/div><\/td>\n<\/tr>\n<tr>\n<td>\n<div>Weight (without cable)<\/div><\/td>\n<td colspan=\"2\">650g\n<div><\/div><\/td>\n<\/tr>\n<tr>\n<td>\n<div>Cable type<\/div><\/td>\n<td colspan=\"2\">\n<div>3mm reinforced cable<\/div>\n<div><\/div><\/td>\n<\/tr>\n<tr>\n<td>Cable length<sup>3)<\/sup><\/td>\n<td colspan=\"2\">1mtr<\/td>\n<\/tr>\n<tr>\n<td>Cable Bend Radius (dynamic)<\/td>\n<td colspan=\"2\">\n<div id=\"c7439\" class=\"csc-default\">\n<div class=\"tab_row2_column75 colorCCC\">40mm<\/div>\n<\/div><\/td>\n<\/tr>\n<tr>\n<td>Cable Bend Radius (static)<\/td>\n<td colspan=\"2\">\n<div>30mm<\/div>\n<div><\/div><\/td>\n<\/tr>\n<tr>\n<td>\n<div>Connector type<sup>4)<\/sup><\/div><\/td>\n<td colspan=\"2\">FC\/APC\n<div><\/div><\/td>\n<\/tr>\n<tr>\n<td><strong>Mounting method<\/strong><\/td>\n<td colspan=\"3\">The sensor must be clamped between two flat parallel planes (maximum deviation 0.2\u00b0)\n\n<span style=\"font-family: inherit;\">The load can be applied no more than 0.5 mm out of the center of the load cell, for optimal performance<\/span><\/td>\n<\/tr>\n<tr>\n<td><strong>Packaging<\/strong><\/td>\n<td colspan=\"3\">Cardboard box \u2013 dimensions depending on the final configuration.<\/td>\n<\/tr>\n<tr>\n<td><strong>Quality Statement<\/strong><\/td>\n<td colspan=\"3\">The sensor is compliant with IEC 61757-1-1:2020, IEC 61757-5-1:2021 and IEC 61757:2018\nAll sensors are 100% tested and calibrated at SYLEX\nThe sensor is manufactured according to ISO 9001:2008 and ISO 14001:2004<\/td>\n<\/tr>\n<\/tbody>\n<\/table>\n<p class=\"bodytext\">Notes:<\/p>\n<p class=\"bodytext\"><sup>1)<\/sup> Maximum load of 320 kN\n<sup>2)<\/sup> For further dimensions details see the product drawing\n<sup>3)<\/sup> Cable length is extendable on request\n<sup>4)<\/sup> Other connector types available on request<\/p>\t\t\t\t\t\t\t\t<\/div>\n\t\t\t\t<\/div>\n\t\t\t\t\t<\/div>\n\t\t<\/div>\n\t\t\t\t\t<\/div>\n\t\t<\/section>\n\t\t\t\t<\/div>\n\t\t","protected":false},"excerpt":{"rendered":"<p class=\"bodytext\"><b>Type:<\/b> Fiber Bragg Grating-based Anchor Load Cell, specifically designed to be used as an anchor loadcell in applications as bolt constructions, pre-strained constructions, quay walls etc.<\/p>\n<p class=\"bodytext\"><b>Measurement range:<\/b> 50-240 kN<\/p>\n<p class=\"bodytext\"><b>Application:<\/b> Bolt constructions, pre-strained constructions, quay walls<\/p>\n<p class=\"bodytext\"><b>Temperature compensation:<\/b> Integrated<\/p>\n","protected":false},"featured_media":11291,"template":"","meta":{"_acf_changed":false},"product_brand":[],"product_cat":[405,422,534],"product_tag":[424],"class_list":{"0":"post-14325","1":"product","2":"type-product","3":"status-publish","4":"has-post-thumbnail","6":"product_cat-snimace-a-snimacie-systemy","7":"product_cat-snimace","8":"product_cat-load-cell-sk","9":"product_tag-geotechnicky-shm","11":"first","12":"instock","13":"shipping-taxable","14":"product-type-simple"},"acf":[],"yoast_head":"<!-- This site is optimized with the Yoast SEO plugin v27.0 - https:\/\/yoast.com\/product\/yoast-seo-wordpress\/ -->\n<title>ALC-01 Anchor Load Cell - Sylex<\/title>\n<meta name=\"robots\" content=\"index, follow, max-snippet:-1, max-image-preview:large, max-video-preview:-1\" \/>\n<link rel=\"canonical\" href=\"https:\/\/www.sylex.sk\/sk\/produkt\/alc-01-anchor-load-cell\/\" \/>\n<meta property=\"og:locale\" content=\"sk_SK\" \/>\n<meta property=\"og:type\" content=\"article\" \/>\n<meta property=\"og:title\" content=\"ALC-01 Anchor Load Cell - Sylex\" \/>\n<meta property=\"og:description\" content=\"Type: Fiber Bragg Grating-based Anchor Load Cell, specifically designed to be used as an anchor loadcell in applications as bolt constructions, pre-strained constructions, quay walls etc. Measurement range: 50-240 kN Application: Bolt constructions, pre-strained constructions, quay walls Temperature compensation: Integrated\" \/>\n<meta property=\"og:url\" content=\"https:\/\/www.sylex.sk\/sk\/produkt\/alc-01-anchor-load-cell\/\" \/>\n<meta property=\"og:site_name\" content=\"Sylex\" \/>\n<meta property=\"article:publisher\" content=\"https:\/\/www.facebook.com\/sylex.sk\/\" \/>\n<meta property=\"article:modified_time\" content=\"2025-01-17T09:43:24+00:00\" \/>\n<meta property=\"og:image\" content=\"https:\/\/www.sylex.sk\/wp-content\/uploads\/2024\/04\/ALC-01-Anchor-Load-Cell-2.png\" \/>\n\t<meta property=\"og:image:width\" content=\"1920\" \/>\n\t<meta property=\"og:image:height\" content=\"1300\" \/>\n\t<meta property=\"og:image:type\" content=\"image\/png\" \/>\n<meta name=\"twitter:card\" content=\"summary_large_image\" \/>\n<meta name=\"twitter:site\" content=\"@SYLEX_SK\" \/>\n<meta name=\"twitter:label1\" content=\"Predpokladan\u00fd \u010das \u010d\u00edtania\" \/>\n\t<meta name=\"twitter:data1\" content=\"1 min\u00fata\" \/>\n<script type=\"application\/ld+json\" class=\"yoast-schema-graph\">{\"@context\":\"https:\/\/schema.org\",\"@graph\":[{\"@type\":\"WebPage\",\"@id\":\"https:\/\/www.sylex.sk\/sk\/produkt\/alc-01-anchor-load-cell\/\",\"url\":\"https:\/\/www.sylex.sk\/sk\/produkt\/alc-01-anchor-load-cell\/\",\"name\":\"ALC-01 Anchor Load Cell - Sylex\",\"isPartOf\":{\"@id\":\"https:\/\/wonderful-yonath.136-243-14-103.plesk.page\/#website\"},\"primaryImageOfPage\":{\"@id\":\"https:\/\/www.sylex.sk\/sk\/produkt\/alc-01-anchor-load-cell\/#primaryimage\"},\"image\":{\"@id\":\"https:\/\/www.sylex.sk\/sk\/produkt\/alc-01-anchor-load-cell\/#primaryimage\"},\"thumbnailUrl\":\"https:\/\/www.sylex.sk\/wp-content\/uploads\/2024\/04\/ALC-01-Anchor-Load-Cell-2.png\",\"datePublished\":\"2023-09-06T12:21:39+00:00\",\"dateModified\":\"2025-01-17T09:43:24+00:00\",\"breadcrumb\":{\"@id\":\"https:\/\/www.sylex.sk\/sk\/produkt\/alc-01-anchor-load-cell\/#breadcrumb\"},\"inLanguage\":\"sk-SK\",\"potentialAction\":[{\"@type\":\"ReadAction\",\"target\":[\"https:\/\/www.sylex.sk\/sk\/produkt\/alc-01-anchor-load-cell\/\"]}]},{\"@type\":\"ImageObject\",\"inLanguage\":\"sk-SK\",\"@id\":\"https:\/\/www.sylex.sk\/sk\/produkt\/alc-01-anchor-load-cell\/#primaryimage\",\"url\":\"https:\/\/www.sylex.sk\/wp-content\/uploads\/2024\/04\/ALC-01-Anchor-Load-Cell-2.png\",\"contentUrl\":\"https:\/\/www.sylex.sk\/wp-content\/uploads\/2024\/04\/ALC-01-Anchor-Load-Cell-2.png\",\"width\":1920,\"height\":1300,\"caption\":\"ALC-01 Kotevn\u00fd sn\u00edma\u010d za\u0165a\u017eenia\"},{\"@type\":\"BreadcrumbList\",\"@id\":\"https:\/\/www.sylex.sk\/sk\/produkt\/alc-01-anchor-load-cell\/#breadcrumb\",\"itemListElement\":[{\"@type\":\"ListItem\",\"position\":1,\"name\":\"Home\",\"item\":\"https:\/\/www.sylex.sk\/sk\/\"},{\"@type\":\"ListItem\",\"position\":2,\"name\":\"Shop\",\"item\":\"https:\/\/www.sylex.sk\/sk\/shop\/\"},{\"@type\":\"ListItem\",\"position\":3,\"name\":\"ALC-01 Anchor Load Cell\"}]},{\"@type\":\"WebSite\",\"@id\":\"https:\/\/wonderful-yonath.136-243-14-103.plesk.page\/#website\",\"url\":\"https:\/\/wonderful-yonath.136-243-14-103.plesk.page\/\",\"name\":\"Sylex\",\"description\":\"Fiber Optics\",\"publisher\":{\"@id\":\"https:\/\/wonderful-yonath.136-243-14-103.plesk.page\/#organization\"},\"potentialAction\":[{\"@type\":\"SearchAction\",\"target\":{\"@type\":\"EntryPoint\",\"urlTemplate\":\"https:\/\/wonderful-yonath.136-243-14-103.plesk.page\/?s={search_term_string}\"},\"query-input\":{\"@type\":\"PropertyValueSpecification\",\"valueRequired\":true,\"valueName\":\"search_term_string\"}}],\"inLanguage\":\"sk-SK\"},{\"@type\":\"Organization\",\"@id\":\"https:\/\/wonderful-yonath.136-243-14-103.plesk.page\/#organization\",\"name\":\"Sylex\",\"url\":\"https:\/\/wonderful-yonath.136-243-14-103.plesk.page\/\",\"logo\":{\"@type\":\"ImageObject\",\"inLanguage\":\"sk-SK\",\"@id\":\"https:\/\/wonderful-yonath.136-243-14-103.plesk.page\/#\/schema\/logo\/image\/\",\"url\":\"https:\/\/www.sylex.sk\/wp-content\/uploads\/2024\/04\/logo4-1.png\",\"contentUrl\":\"https:\/\/www.sylex.sk\/wp-content\/uploads\/2024\/04\/logo4-1.png\",\"width\":308,\"height\":100,\"caption\":\"Sylex\"},\"image\":{\"@id\":\"https:\/\/wonderful-yonath.136-243-14-103.plesk.page\/#\/schema\/logo\/image\/\"},\"sameAs\":[\"https:\/\/www.facebook.com\/sylex.sk\/\",\"https:\/\/x.com\/SYLEX_SK\"]}]}<\/script>\n<!-- \/ Yoast SEO plugin. -->","yoast_head_json":{"title":"ALC-01 Anchor Load Cell - Sylex","robots":{"index":"index","follow":"follow","max-snippet":"max-snippet:-1","max-image-preview":"max-image-preview:large","max-video-preview":"max-video-preview:-1"},"canonical":"https:\/\/www.sylex.sk\/sk\/produkt\/alc-01-anchor-load-cell\/","og_locale":"sk_SK","og_type":"article","og_title":"ALC-01 Anchor Load Cell - Sylex","og_description":"Type: Fiber Bragg Grating-based Anchor Load Cell, specifically designed to be used as an anchor loadcell in applications as bolt constructions, pre-strained constructions, quay walls etc. Measurement range: 50-240 kN Application: Bolt constructions, pre-strained constructions, quay walls Temperature compensation: Integrated","og_url":"https:\/\/www.sylex.sk\/sk\/produkt\/alc-01-anchor-load-cell\/","og_site_name":"Sylex","article_publisher":"https:\/\/www.facebook.com\/sylex.sk\/","article_modified_time":"2025-01-17T09:43:24+00:00","og_image":[{"width":1920,"height":1300,"url":"https:\/\/www.sylex.sk\/wp-content\/uploads\/2024\/04\/ALC-01-Anchor-Load-Cell-2.png","type":"image\/png"}],"twitter_card":"summary_large_image","twitter_site":"@SYLEX_SK","twitter_misc":{"Predpokladan\u00fd \u010das \u010d\u00edtania":"1 min\u00fata"},"schema":{"@context":"https:\/\/schema.org","@graph":[{"@type":"WebPage","@id":"https:\/\/www.sylex.sk\/sk\/produkt\/alc-01-anchor-load-cell\/","url":"https:\/\/www.sylex.sk\/sk\/produkt\/alc-01-anchor-load-cell\/","name":"ALC-01 Anchor Load Cell - Sylex","isPartOf":{"@id":"https:\/\/wonderful-yonath.136-243-14-103.plesk.page\/#website"},"primaryImageOfPage":{"@id":"https:\/\/www.sylex.sk\/sk\/produkt\/alc-01-anchor-load-cell\/#primaryimage"},"image":{"@id":"https:\/\/www.sylex.sk\/sk\/produkt\/alc-01-anchor-load-cell\/#primaryimage"},"thumbnailUrl":"https:\/\/www.sylex.sk\/wp-content\/uploads\/2024\/04\/ALC-01-Anchor-Load-Cell-2.png","datePublished":"2023-09-06T12:21:39+00:00","dateModified":"2025-01-17T09:43:24+00:00","breadcrumb":{"@id":"https:\/\/www.sylex.sk\/sk\/produkt\/alc-01-anchor-load-cell\/#breadcrumb"},"inLanguage":"sk-SK","potentialAction":[{"@type":"ReadAction","target":["https:\/\/www.sylex.sk\/sk\/produkt\/alc-01-anchor-load-cell\/"]}]},{"@type":"ImageObject","inLanguage":"sk-SK","@id":"https:\/\/www.sylex.sk\/sk\/produkt\/alc-01-anchor-load-cell\/#primaryimage","url":"https:\/\/www.sylex.sk\/wp-content\/uploads\/2024\/04\/ALC-01-Anchor-Load-Cell-2.png","contentUrl":"https:\/\/www.sylex.sk\/wp-content\/uploads\/2024\/04\/ALC-01-Anchor-Load-Cell-2.png","width":1920,"height":1300,"caption":"ALC-01 Kotevn\u00fd sn\u00edma\u010d za\u0165a\u017eenia"},{"@type":"BreadcrumbList","@id":"https:\/\/www.sylex.sk\/sk\/produkt\/alc-01-anchor-load-cell\/#breadcrumb","itemListElement":[{"@type":"ListItem","position":1,"name":"Home","item":"https:\/\/www.sylex.sk\/sk\/"},{"@type":"ListItem","position":2,"name":"Shop","item":"https:\/\/www.sylex.sk\/sk\/shop\/"},{"@type":"ListItem","position":3,"name":"ALC-01 Anchor Load Cell"}]},{"@type":"WebSite","@id":"https:\/\/wonderful-yonath.136-243-14-103.plesk.page\/#website","url":"https:\/\/wonderful-yonath.136-243-14-103.plesk.page\/","name":"Sylex","description":"Fiber Optics","publisher":{"@id":"https:\/\/wonderful-yonath.136-243-14-103.plesk.page\/#organization"},"potentialAction":[{"@type":"SearchAction","target":{"@type":"EntryPoint","urlTemplate":"https:\/\/wonderful-yonath.136-243-14-103.plesk.page\/?s={search_term_string}"},"query-input":{"@type":"PropertyValueSpecification","valueRequired":true,"valueName":"search_term_string"}}],"inLanguage":"sk-SK"},{"@type":"Organization","@id":"https:\/\/wonderful-yonath.136-243-14-103.plesk.page\/#organization","name":"Sylex","url":"https:\/\/wonderful-yonath.136-243-14-103.plesk.page\/","logo":{"@type":"ImageObject","inLanguage":"sk-SK","@id":"https:\/\/wonderful-yonath.136-243-14-103.plesk.page\/#\/schema\/logo\/image\/","url":"https:\/\/www.sylex.sk\/wp-content\/uploads\/2024\/04\/logo4-1.png","contentUrl":"https:\/\/www.sylex.sk\/wp-content\/uploads\/2024\/04\/logo4-1.png","width":308,"height":100,"caption":"Sylex"},"image":{"@id":"https:\/\/wonderful-yonath.136-243-14-103.plesk.page\/#\/schema\/logo\/image\/"},"sameAs":["https:\/\/www.facebook.com\/sylex.sk\/","https:\/\/x.com\/SYLEX_SK"]}]}},"_links":{"self":[{"href":"https:\/\/www.sylex.sk\/sk\/wp-json\/wp\/v2\/product\/14325","targetHints":{"allow":["GET"]}}],"collection":[{"href":"https:\/\/www.sylex.sk\/sk\/wp-json\/wp\/v2\/product"}],"about":[{"href":"https:\/\/www.sylex.sk\/sk\/wp-json\/wp\/v2\/types\/product"}],"version-history":[{"count":1,"href":"https:\/\/www.sylex.sk\/sk\/wp-json\/wp\/v2\/product\/14325\/revisions"}],"predecessor-version":[{"id":20285,"href":"https:\/\/www.sylex.sk\/sk\/wp-json\/wp\/v2\/product\/14325\/revisions\/20285"}],"wp:featuredmedia":[{"embeddable":true,"href":"https:\/\/www.sylex.sk\/sk\/wp-json\/wp\/v2\/media\/11291"}],"wp:attachment":[{"href":"https:\/\/www.sylex.sk\/sk\/wp-json\/wp\/v2\/media?parent=14325"}],"wp:term":[{"taxonomy":"product_brand","embeddable":true,"href":"https:\/\/www.sylex.sk\/sk\/wp-json\/wp\/v2\/product_brand?post=14325"},{"taxonomy":"product_cat","embeddable":true,"href":"https:\/\/www.sylex.sk\/sk\/wp-json\/wp\/v2\/product_cat?post=14325"},{"taxonomy":"product_tag","embeddable":true,"href":"https:\/\/www.sylex.sk\/sk\/wp-json\/wp\/v2\/product_tag?post=14325"}],"curies":[{"name":"wp","href":"https:\/\/api.w.org\/{rel}","templated":true}]}}