{"id":14448,"date":"2023-09-06T11:47:55","date_gmt":"2023-09-06T10:47:55","guid":{"rendered":"https:\/\/www.sylex.sk\/product\/fastlink-patch-panel-6x-lcd\/"},"modified":"2023-09-06T11:47:55","modified_gmt":"2023-09-06T10:47:55","slug":"fastlink-patch-panel-6x-lcd","status":"publish","type":"product","link":"https:\/\/www.sylex.sk\/sk\/produkt\/fastlink-patch-panel-6x-lcd\/","title":{"rendered":"FASTLINK patch panel 6x LCD"},"content":{"rendered":"<p>[av_layout_row border=&#8220;&#8220; min_height_percent=&#8220;&#8220; min_height=&#8220;0&#8243; color=&#8220;main_color&#8220; mobile=&#8220;av-flex-cells&#8220; id=&#8220;#product&#8220; av_element_hidden_in_editor=&#8220;0&#8243; mobile_breaking=&#8220;&#8220; av_uid=&#8220;av-umtjd&#8220;]<br \/>\n[av_cell_one_half av_uid=&#8220;av-lpfbl&#8220;]<\/p>\n<p>[av_one_full first min_height=&#8220;&#8220; vertical_alignment=&#8220;av-align-top&#8220; space=&#8220;&#8220; margin=&#8220;0px&#8220; margin_sync=&#8220;true&#8220; link=&#8220;&#8220; linktarget=&#8220;&#8220; link_hover=&#8220;&#8220; padding=&#8220;0px&#8220; padding_sync=&#8220;true&#8220; border=&#8220;&#8220; border_color=&#8220;#e5e5e5&#8243; radius=&#8220;0px&#8220; radius_sync=&#8220;true&#8220; background=&#8220;bg_color&#8220; background_color=&#8220;&#8220; background_gradient_color1=&#8220;&#8220; background_gradient_color2=&#8220;&#8220; background_gradient_direction=&#8220;vertical&#8220; src=&#8220;&#8220; attachment=&#8220;&#8220; attachment_size=&#8220;&#8220; background_position=&#8220;top left&#8220; background_repeat=&#8220;no-repeat&#8220; animation=&#8220;&#8220; mobile_breaking=&#8220;&#8220; mobile_display=&#8220;&#8220; av_uid=&#8220;av-qfclt&#8220;]<\/p>\n<p>[av_gallery ids=&#8220;653&#8243; style=&#8220;big_thumb lightbox_gallery&#8220; preview_size=&#8220;no scaling&#8220; crop_big_preview_thumbnail=&#8220;avia-gallery-big-crop-thumb&#8220; thumb_size=&#8220;portfolio&#8220; columns=&#8220;5&#8243; imagelink=&#8220;lightbox&#8220; lazyload=&#8220;deactivate_avia_lazyload&#8220; av_uid=&#8220;av-jktq8kwl&#8220; admin_preview_bg=&#8220;&#8220;]<\/p>\n<p>[\/av_one_full][\/av_cell_one_half][av_cell_one_half vertical_align=&#8220;top&#8220; padding=&#8220;30px&#8220; background=&#8220;bg_color&#8220; background_color=&#8220;&#8220; background_gradient_color1=&#8220;&#8220; background_gradient_color2=&#8220;&#8220; background_gradient_direction=&#8220;vertical&#8220; src=&#8220;&#8220; background_attachment=&#8220;scroll&#8220; background_position=&#8220;top left&#8220; background_repeat=&#8220;no-repeat&#8220; link=&#8220;&#8220; linktarget=&#8220;&#8220; link_hover=&#8220;&#8220; mobile_display=&#8220;&#8220; av_uid=&#8220;av-cyz3t&#8220;]<\/p>\n<p>[av_table purpose=&#8220;tabular&#8220; pricing_table_design=&#8220;avia_pricing_default&#8220; pricing_hidden_cells=&#8220;&#8220; caption=&#8220;&#8220; responsive_styling=&#8220;avia_responsive_table&#8220; av_uid=&#8220;av-m5zl&#8220;]<br \/>\n[av_row row_style=&#8220;&#8220; av_uid=&#8220;av-k8il0&#8243;][av_cell col_style=&#8220;avia-center-col&#8220; av_uid=&#8220;av-gb1zo&#8220;]<a href=\"https:\/\/www.sylex.sk\/wp-content\/uploads\/2018\/08\/FASTLINK_patch_panel_6x_LCD_Product_sheet.pdf\" target=\"_blank\" rel=\"noopener\"><img decoding=\"async\" src=\"https:\/\/www.sylex.sk\/wp-content\/uploads\/2018\/08\/pdfIcon.png\"><\/a> <a title=\"Datasheet\" href=\"https:\/\/www.sylex.sk\/wp-content\/uploads\/2018\/08\/FASTLINK_patch_panel_6x_LCD_Product_sheet.pdf\" target=\"_blank\" rel=\"noopener\">Datasheet<\/a>[\/av_cell][av_cell col_style=&#8220;avia-center-col&#8220; av_uid=&#8220;av-7y1kk&#8220;]<a href=\"https:\/\/www.sylex.sk\/wp-content\/uploads\/2018\/08\/FASTLINK_patchpanel_6x_LCD_Drawing.pdf\" target=\"_blank\" rel=\"noopener\"><img decoding=\"async\" src=\"https:\/\/www.sylex.sk\/wp-content\/uploads\/2018\/08\/pdfIcon.png\"><\/a> <a title=\"Kreslenie\" href=\"https:\/\/www.sylex.sk\/wp-content\/uploads\/2018\/08\/FASTLINK_patchpanel_6x_LCD_Drawing.pdf\" target=\"_blank\" rel=\"noopener\">Kreslenie<\/a>[\/av_cell][\/av_row]<br \/>\n[\/av_table]<\/p>\n<p>[av_one_full first min_height=&#8220;&#8220; vertical_alignment=&#8220;&#8220; space=&#8220;&#8220; custom_margin=&#8220;&#8220; margin=&#8220;0px&#8220; link=&#8220;&#8220; linktarget=&#8220;&#8220; link_hover=&#8220;&#8220; padding=&#8220;0px&#8220; border=&#8220;&#8220; border_color=&#8220;&#8220; radius=&#8220;0px&#8220; background=&#8220;bg_color&#8220; background_color=&#8220;&#8220; background_gradient_color1=&#8220;&#8220; background_gradient_color2=&#8220;&#8220; background_gradient_direction=&#8220;vertical&#8220; src=&#8220;&#8220; background_position=&#8220;top left&#8220; background_repeat=&#8220;no-repeat&#8220; animation=&#8220;&#8220; mobile_breaking=&#8220;&#8220; mobile_display=&#8220;&#8220; av_uid=&#8220;av-im5x5&#8243;]<\/p>\n<p>[av_textblock size=&#8220;&#8220; font_color=&#8220;&#8220; color=&#8220;&#8220; av-medium-font-size=&#8220;&#8220; av-small-font-size=&#8220;&#8220; av-mini-font-size=&#8220;&#8220; av_uid=&#8220;av-jks8ksus&#8220; admin_preview_bg=&#8220;&#8220;]<\/p>\n<ul>\n<li>1U 19&#8243; posuvn\u00fd patchpanel<\/li>\n<li>Uhlov\u00e1 zadn\u00e1 doska vhodn\u00e1 na pred\u010dasn\u00fa in\u0161tal\u00e1ciu FASTLINK<\/li>\n<li>6x adapt\u00e9r LC DUPLEX<\/li>\n<\/ul>\n<p>[\/av_textblock]<\/p>\n<p>[av_social_share title=&#8220;Zdie\u013ea\u0165 tento z\u00e1znam&#8220; style=&#8220;&#8220; buttons=&#8220;&#8220; share_facebook=&#8220;&#8220; share_twitter=&#8220;&#8220; share_pinterest=&#8220;&#8220; share_gplus=&#8220;&#8220; share_reddit=&#8220;&#8220; share_linkedin=&#8220;&#8220; share_tumblr=&#8220;&#8220; share_vk=&#8220;&#8220; share_mail=&#8220;&#8220; av-desktop-hide=&#8220;&#8220; av-medium-hide=&#8220;&#8220; av-small-hide=&#8220;&#8220; av-mini-hide=&#8220;&#8220; av_uid=&#8220;av-8j078&#8243;]<\/p>\n<p>[\/av_one_full][\/av_cell_one_half]<br \/>\n[\/av_layout_row]<\/p>\n<p>[av_layout_row border=&#8220;&#8220; min_height_percent=&#8220;&#8220; min_height=&#8220;0&#8243; color=&#8220;main_color&#8220; mobile=&#8220;av-flex-cells&#8220; id=&#8220;&#8220; av_element_hidden_in_editor=&#8220;0&#8243; mobile_breaking=&#8220;&#8220; av_uid=&#8220;av-umtjd&#8220;]<\/p>\n<p>[av_cell_one_full av_uid=&#8220;av-lpfbl&#8220;]<\/p>\n<p>[av_one_full first min_height=&#8220;&#8220; vertical_alignment=&#8220;&#8220; space=&#8220;&#8220; custom_margin=&#8220;&#8220; margin=&#8220;0px&#8220; link=&#8220;&#8220; linktarget=&#8220;&#8220; link_hover=&#8220;&#8220; padding=&#8220;0px&#8220; border=&#8220;&#8220; border_color=&#8220;&#8220; radius=&#8220;0px&#8220; background=&#8220;bg_color&#8220; background_color=&#8220;&#8220; background_gradient_color1=&#8220;&#8220; background_gradient_color2=&#8220;&#8220; background_gradient_direction=&#8220;vertical&#8220; src=&#8220;&#8220; background_position=&#8220;top left&#8220; background_repeat=&#8220;no-repeat&#8220; animation=&#8220;&#8220; mobile_breaking=&#8220;&#8220; mobile_display=&#8220;&#8220; av_uid=&#8220;av-im5x5&#8243;]<\/p>\n<p>[av_tab_container position=&#8220;top_tab&#8220; boxed=&#8220;border_tabs&#8220; initial=&#8220;1&#8243; av_uid=&#8220;av-jksb4gln&#8220; custom_class=&#8220;&#8220;]<br \/>\n[av_tab title=&#8220;\u0160pecifik\u00e1cie v\u00fdrobku&#8220; icon_select=&#8220;no&#8220; icon=&#8220;ue800&#8243; font=&#8220;entypo-fontello&#8220; av_uid=&#8220;av-h7w38&#8243;]<\/p>\n<table border=\"0\" width=\"100%\" cellspacing=\"0\" cellpadding=\"0\">\n<tbody>\n<tr>\n<td rowspan=\"6\" valign=\"top\"><strong>Parametre<\/strong><\/td>\n<td>\n<div>Rozmery<\/div>\n<\/td>\n<td colspan=\"2\">\n<div>\n<div><\/div>\n<\/div>\n<div>482 x 251&#215;44 mm (1U)<\/div>\n<div><\/div>\n<\/td>\n<\/tr>\n<tr>\n<td>\n<div>Materi\u00e1l<\/div>\n<\/td>\n<td colspan=\"2\">pr\u00e1\u0161kov\u00fd n\u00e1ter ocele<\/p>\n<div><\/div>\n<\/td>\n<\/tr>\n<tr>\n<td>\n<div>Farba<\/div>\n<\/td>\n<td colspan=\"2\">svetlosiv\u00e1 RAL7035<\/p>\n<div><\/div>\n<\/td>\n<\/tr>\n<tr>\n<td>\n<div><\/div>\n<\/td>\n<td colspan=\"2\">tmav\u00e1 \u010dierna RAL9005<\/p>\n<div><\/div>\n<\/td>\n<\/tr>\n<tr>\n<td>\n<div>Kapacita<\/div>\n<\/td>\n<td colspan=\"2\">\n<div>12 vl\u00e1kien\/konektorov<\/div>\n<div><\/div>\n<\/td>\n<\/tr>\n<tr>\n<td>\n<div>Vstupn\u00fd port pre k\u00e1ble<\/div>\n<\/td>\n<td colspan=\"2\">\n<div>1x k\u00e1blov\u00fa v\u00fdvodku M20 (4,5-10 mm)<\/div>\n<div><\/div>\n<\/td>\n<\/tr>\n<tr>\n<td><strong>Identifik\u00e1cia<\/strong><\/td>\n<td colspan=\"3\">\u0160t\u00edtok s jedine\u010dn\u00fdm s\u00e9riov\u00fdm \u010d\u00edslom.<\/td>\n<\/tr>\n<tr>\n<td><strong>Balenie<\/strong><\/td>\n<td colspan=\"3\">\n<div>Ka\u017ed\u00fd patchpanel v kart\u00f3novej krabici, hromadn\u00e9 balenie na palete.<\/div>\n<div>\n<div><\/div>\n<\/div>\n<div><\/div>\n<\/td>\n<\/tr>\n<\/tbody>\n<\/table>\n<p>[\/av_tab]<br \/>\n[av_tab title=&#8220;Dokumenty&#8220; icon_select=&#8220;no&#8220; icon=&#8220;ue800&#8243; font=&#8220;entypo-fontello&#8220;]<br \/>\n<img decoding=\"async\" class=\"alignnone\" src=\"https:\/\/www.sylex.sk\/wp-content\/uploads\/2018\/08\/pdfIcon.png\" alt=\"\" width=\"20\" height=\"20\"> <a title=\"Datasheet\" href=\"https:\/\/www.sylex.sk\/wp-content\/uploads\/2018\/08\/FASTLINK_patch_panel_6x_LCD_Product_sheet.pdf\" target=\"_blank\" rel=\"noopener\">Karta v\u00fdrobku<\/a><\/p>\n<p><img decoding=\"async\" class=\"alignnone\" src=\"https:\/\/www.sylex.sk\/wp-content\/uploads\/2018\/08\/pdfIcon.png\" alt=\"\" width=\"20\" height=\"20\"> <a title=\"Kreslenie\" href=\"https:\/\/www.sylex.sk\/wp-content\/uploads\/2018\/08\/FASTLINK_patchpanel_6x_LCD_Drawing.pdf\" target=\"_blank\" rel=\"noopener\">Kreslenie v\u00fdrobku<\/a><\/p>\n<p><img decoding=\"async\" class=\"alignnone\" src=\"https:\/\/www.sylex.sk\/wp-content\/uploads\/2018\/08\/pdfIcon.png\" alt=\"\" width=\"20\" height=\"20\"> <a title=\"Balenie\" href=\"https:\/\/www.sylex.sk\/wp-content\/uploads\/2018\/09\/1-B-3840-2.pdf\" target=\"_blank\" rel=\"noopener\">\u0160pecifik\u00e1cia balenia<\/a><\/p>\n<p><img decoding=\"async\" class=\"alignnone\" src=\"https:\/\/www.sylex.sk\/wp-content\/uploads\/2018\/08\/pdfIcon.png\" alt=\"\" width=\"20\" height=\"20\"> <a title=\"\u010distenie\" href=\"https:\/\/www.sylex.sk\/wp-content\/uploads\/2018\/08\/Optical_Connector_cleaning_procedure.pdf\" target=\"_blank\" rel=\"noopener\">Postup \u010distenia optick\u00e9ho konektora<\/a><\/p>\n<p><img decoding=\"async\" class=\"alignnone\" src=\"https:\/\/www.sylex.sk\/wp-content\/uploads\/2018\/08\/pdfIcon.png\" alt=\"\" width=\"20\" height=\"20\"> <a title=\"Sprievodca in\u0161tal\u00e1ciou FASTLINK\" href=\"https:\/\/www.sylex.sk\/wp-content\/uploads\/2018\/08\/Fastlink-installation.pdf\" target=\"_blank\" rel=\"noopener\">Sprievodca in\u0161tal\u00e1ciou FASTLINK<\/a><br \/>\n[\/av_tab]<br \/>\n[av_tab title=&#8220;Video&#8220; icon_select=&#8220;no&#8220; icon=&#8220;ue800&#8243; font=&#8220;entypo-fontello&#8220; av_uid=&#8220;av-898bb&#8220;]<br \/>\n<iframe src=\"https:\/\/www.youtube.com\/embed\/OGkAMlAzwC8\" width=\"700\" height=\"380\" frameborder=\"0\" allowfullscreen=\"allowfullscreen\"><\/iframe><br \/>\n[\/av_tab]<br \/>\n[av_tab title=&#8220;\u010c\u00edsla partnerov\/objedn\u00e1vacie k\u00f3dy&#8220; icon_select=&#8220;no&#8220; icon=&#8220;ue800&#8243; font=&#8220;entypo-fontello&#8220; av_uid=&#8220;av-boqc4&#8243;]<\/p>\n<table border=\"0\" width=\"100%\" cellspacing=\"0\" cellpadding=\"0\">\n<tbody>\n<tr>\n<td>\n<div><strong>  Popis<\/strong><\/div>\n<\/td>\n<td>\n<div><strong>  \u010c\u00edslo partnera\/objedn\u00e1vkov\u00fd k\u00f3d<\/strong><\/div>\n<\/td>\n<\/tr>\n<tr>\n<td>FASTLINK PATCHPANEL 1U 6xLCD MODR\u00dd ADAPT\u00c9R, SVETLE \u0160ED\u00dd<\/td>\n<td>\n<div>B-160-160-122-310\/F0\/XXXX<\/div>\n<\/td>\n<\/tr>\n<tr>\n<td>FASTLINK PATCHPANEL 1U 6xLCD GREEN ADAPT\u00c9R, SVETLE \u0160ED\u00dd<\/td>\n<td>\n<div>B-160-160-122-310\/F1\/XXXX<\/div>\n<\/td>\n<\/tr>\n<tr>\n<td>FASTLINK PATCHPANEL 1U 6xLCD AQUA ADAPT\u00c9R, SVETLE \u0160ED\u00dd<\/td>\n<td>\n<div>B-160-160-122-310\/F2\/XXXX<\/div>\n<\/td>\n<\/tr>\n<tr>\n<td>\n<div>FASTLINK PATCHPANEL 1U 6xLCD MAGENTA ADAPT\u00c9R, SVETLE \u0160ED\u00dd<\/div>\n<\/td>\n<td>\n<div>\n<div>B-160-160-122-310\/F3\/XXXX<\/div>\n<\/div>\n<div>\n<div><\/div>\n<\/div>\n<div><\/div>\n<\/td>\n<\/tr>\n<tr>\n<td>FASTLINK PATCHPANEL 1U 6xLCD MODR\u00dd ADAPT\u00c9R, \u010cIERNY<\/td>\n<td>\n<div>B-160-160-122-311\/F0\/XXXX<\/div>\n<\/td>\n<\/tr>\n<tr>\n<td>FASTLINK PATCHPANEL 1U 6xLCD ZELEN\u00dd ADAPT\u00c9R, \u010cIERNY<\/td>\n<td>\n<div>B-160-160-122-311\/F1\/XXXX<\/div>\n<\/td>\n<\/tr>\n<tr>\n<td>FASTLINK PATCHPANEL 1U 6xLCD AQUA ADAPT\u00c9R, \u010cIERNY<\/td>\n<td>\n<div>B-160-160-122-311\/F2\/XXXX<\/div>\n<\/td>\n<\/tr>\n<tr>\n<td>\n<div>FASTLINK PATCHPANEL 1U 6xLCD MAGENTA ADAPT\u00c9R, \u010cIERNY<\/div>\n<\/td>\n<td>\n<div>\n<div>B-160-160-122-311\/F3\/XXXX<\/div>\n<\/div>\n<div>\n<div><\/div>\n<\/div>\n<div><\/div>\n<\/td>\n<\/tr>\n<\/tbody>\n<\/table>\n<p>[\/av_tab]<br \/>\n[\/av_tab_container]<\/p>\n<p>[\/av_one_full][\/av_cell_one_full][\/av_layout_row]<\/p>\n","protected":false},"excerpt":{"rendered":"<ul>\n<li>1U 19&#8243; posuvn\u00fd patchpanel<\/li>\n<li>Uhlov\u00e1 zadn\u00e1 doska vhodn\u00e1 na pred\u010dasn\u00fa in\u0161tal\u00e1ciu FASTLINK<\/li>\n<li>6x adapt\u00e9r LC DUPLEX<\/li>\n<\/ul>\n","protected":false},"featured_media":10249,"template":"","meta":{"_acf_changed":false},"product_brand":[],"product_cat":[398],"product_tag":[],"class_list":{"0":"post-14448","1":"product","2":"type-product","3":"status-publish","4":"has-post-thumbnail","6":"product_cat-prepojovacie-riesenia","8":"first","9":"instock","10":"shipping-taxable","11":"product-type-simple"},"acf":[],"yoast_head":"<!-- This site is optimized with the Yoast SEO plugin v27.0 - https:\/\/yoast.com\/product\/yoast-seo-wordpress\/ -->\n<title>FASTLINK patch panel 6x LCD - Sylex<\/title>\n<meta name=\"robots\" content=\"index, follow, max-snippet:-1, max-image-preview:large, max-video-preview:-1\" \/>\n<link rel=\"canonical\" href=\"https:\/\/www.sylex.sk\/sk\/produkt\/fastlink-patch-panel-6x-lcd\/\" \/>\n<meta property=\"og:locale\" content=\"sk_SK\" \/>\n<meta property=\"og:type\" content=\"article\" \/>\n<meta property=\"og:title\" content=\"FASTLINK patch panel 6x LCD - Sylex\" \/>\n<meta property=\"og:description\" content=\"1U 19&quot; posuvn\u00fd patchpanel  Uhlov\u00e1 zadn\u00e1 doska vhodn\u00e1 na pred\u010dasn\u00fa in\u0161tal\u00e1ciu FASTLINK  6x adapt\u00e9r LC DUPLEX\" \/>\n<meta property=\"og:url\" content=\"https:\/\/www.sylex.sk\/sk\/produkt\/fastlink-patch-panel-6x-lcd\/\" \/>\n<meta property=\"og:site_name\" content=\"Sylex\" \/>\n<meta property=\"article:publisher\" content=\"https:\/\/www.facebook.com\/sylex.sk\/\" \/>\n<meta property=\"og:image\" content=\"https:\/\/www.sylex.sk\/wp-content\/uploads\/2023\/09\/FASTLINK-patch-panel-6x-LCD.jpg\" \/>\n\t<meta property=\"og:image:width\" content=\"1920\" \/>\n\t<meta property=\"og:image:height\" content=\"1300\" \/>\n\t<meta property=\"og:image:type\" content=\"image\/jpeg\" \/>\n<meta name=\"twitter:card\" content=\"summary_large_image\" \/>\n<meta name=\"twitter:site\" content=\"@SYLEX_SK\" \/>\n<meta name=\"twitter:label1\" content=\"Predpokladan\u00fd \u010das \u010d\u00edtania\" \/>\n\t<meta name=\"twitter:data1\" content=\"4 min\u00faty\" \/>\n<script type=\"application\/ld+json\" class=\"yoast-schema-graph\">{\"@context\":\"https:\/\/schema.org\",\"@graph\":[{\"@type\":\"WebPage\",\"@id\":\"https:\/\/www.sylex.sk\/sk\/produkt\/fastlink-patch-panel-6x-lcd\/\",\"url\":\"https:\/\/www.sylex.sk\/sk\/produkt\/fastlink-patch-panel-6x-lcd\/\",\"name\":\"FASTLINK patch panel 6x LCD - Sylex\",\"isPartOf\":{\"@id\":\"https:\/\/wonderful-yonath.136-243-14-103.plesk.page\/#website\"},\"primaryImageOfPage\":{\"@id\":\"https:\/\/www.sylex.sk\/sk\/produkt\/fastlink-patch-panel-6x-lcd\/#primaryimage\"},\"image\":{\"@id\":\"https:\/\/www.sylex.sk\/sk\/produkt\/fastlink-patch-panel-6x-lcd\/#primaryimage\"},\"thumbnailUrl\":\"https:\/\/www.sylex.sk\/wp-content\/uploads\/2023\/09\/FASTLINK-patch-panel-6x-LCD.jpg\",\"datePublished\":\"2023-09-06T10:47:55+00:00\",\"breadcrumb\":{\"@id\":\"https:\/\/www.sylex.sk\/sk\/produkt\/fastlink-patch-panel-6x-lcd\/#breadcrumb\"},\"inLanguage\":\"sk-SK\",\"potentialAction\":[{\"@type\":\"ReadAction\",\"target\":[\"https:\/\/www.sylex.sk\/sk\/produkt\/fastlink-patch-panel-6x-lcd\/\"]}]},{\"@type\":\"ImageObject\",\"inLanguage\":\"sk-SK\",\"@id\":\"https:\/\/www.sylex.sk\/sk\/produkt\/fastlink-patch-panel-6x-lcd\/#primaryimage\",\"url\":\"https:\/\/www.sylex.sk\/wp-content\/uploads\/2023\/09\/FASTLINK-patch-panel-6x-LCD.jpg\",\"contentUrl\":\"https:\/\/www.sylex.sk\/wp-content\/uploads\/2023\/09\/FASTLINK-patch-panel-6x-LCD.jpg\",\"width\":1920,\"height\":1300},{\"@type\":\"BreadcrumbList\",\"@id\":\"https:\/\/www.sylex.sk\/sk\/produkt\/fastlink-patch-panel-6x-lcd\/#breadcrumb\",\"itemListElement\":[{\"@type\":\"ListItem\",\"position\":1,\"name\":\"Home\",\"item\":\"https:\/\/www.sylex.sk\/sk\/\"},{\"@type\":\"ListItem\",\"position\":2,\"name\":\"Shop\",\"item\":\"https:\/\/www.sylex.sk\/sk\/shop\/\"},{\"@type\":\"ListItem\",\"position\":3,\"name\":\"FASTLINK patch panel 6x LCD\"}]},{\"@type\":\"WebSite\",\"@id\":\"https:\/\/wonderful-yonath.136-243-14-103.plesk.page\/#website\",\"url\":\"https:\/\/wonderful-yonath.136-243-14-103.plesk.page\/\",\"name\":\"Sylex\",\"description\":\"Fiber Optics\",\"publisher\":{\"@id\":\"https:\/\/wonderful-yonath.136-243-14-103.plesk.page\/#organization\"},\"potentialAction\":[{\"@type\":\"SearchAction\",\"target\":{\"@type\":\"EntryPoint\",\"urlTemplate\":\"https:\/\/wonderful-yonath.136-243-14-103.plesk.page\/?s={search_term_string}\"},\"query-input\":{\"@type\":\"PropertyValueSpecification\",\"valueRequired\":true,\"valueName\":\"search_term_string\"}}],\"inLanguage\":\"sk-SK\"},{\"@type\":\"Organization\",\"@id\":\"https:\/\/wonderful-yonath.136-243-14-103.plesk.page\/#organization\",\"name\":\"Sylex\",\"url\":\"https:\/\/wonderful-yonath.136-243-14-103.plesk.page\/\",\"logo\":{\"@type\":\"ImageObject\",\"inLanguage\":\"sk-SK\",\"@id\":\"https:\/\/wonderful-yonath.136-243-14-103.plesk.page\/#\/schema\/logo\/image\/\",\"url\":\"https:\/\/www.sylex.sk\/wp-content\/uploads\/2024\/04\/logo4-1.png\",\"contentUrl\":\"https:\/\/www.sylex.sk\/wp-content\/uploads\/2024\/04\/logo4-1.png\",\"width\":308,\"height\":100,\"caption\":\"Sylex\"},\"image\":{\"@id\":\"https:\/\/wonderful-yonath.136-243-14-103.plesk.page\/#\/schema\/logo\/image\/\"},\"sameAs\":[\"https:\/\/www.facebook.com\/sylex.sk\/\",\"https:\/\/x.com\/SYLEX_SK\"]}]}<\/script>\n<!-- \/ Yoast SEO plugin. -->","yoast_head_json":{"title":"FASTLINK patch panel 6x LCD - Sylex","robots":{"index":"index","follow":"follow","max-snippet":"max-snippet:-1","max-image-preview":"max-image-preview:large","max-video-preview":"max-video-preview:-1"},"canonical":"https:\/\/www.sylex.sk\/sk\/produkt\/fastlink-patch-panel-6x-lcd\/","og_locale":"sk_SK","og_type":"article","og_title":"FASTLINK patch panel 6x LCD - Sylex","og_description":"1U 19\" posuvn\u00fd patchpanel  Uhlov\u00e1 zadn\u00e1 doska vhodn\u00e1 na pred\u010dasn\u00fa in\u0161tal\u00e1ciu FASTLINK  6x adapt\u00e9r LC DUPLEX","og_url":"https:\/\/www.sylex.sk\/sk\/produkt\/fastlink-patch-panel-6x-lcd\/","og_site_name":"Sylex","article_publisher":"https:\/\/www.facebook.com\/sylex.sk\/","og_image":[{"width":1920,"height":1300,"url":"https:\/\/www.sylex.sk\/wp-content\/uploads\/2023\/09\/FASTLINK-patch-panel-6x-LCD.jpg","type":"image\/jpeg"}],"twitter_card":"summary_large_image","twitter_site":"@SYLEX_SK","twitter_misc":{"Predpokladan\u00fd \u010das \u010d\u00edtania":"4 min\u00faty"},"schema":{"@context":"https:\/\/schema.org","@graph":[{"@type":"WebPage","@id":"https:\/\/www.sylex.sk\/sk\/produkt\/fastlink-patch-panel-6x-lcd\/","url":"https:\/\/www.sylex.sk\/sk\/produkt\/fastlink-patch-panel-6x-lcd\/","name":"FASTLINK patch panel 6x LCD - Sylex","isPartOf":{"@id":"https:\/\/wonderful-yonath.136-243-14-103.plesk.page\/#website"},"primaryImageOfPage":{"@id":"https:\/\/www.sylex.sk\/sk\/produkt\/fastlink-patch-panel-6x-lcd\/#primaryimage"},"image":{"@id":"https:\/\/www.sylex.sk\/sk\/produkt\/fastlink-patch-panel-6x-lcd\/#primaryimage"},"thumbnailUrl":"https:\/\/www.sylex.sk\/wp-content\/uploads\/2023\/09\/FASTLINK-patch-panel-6x-LCD.jpg","datePublished":"2023-09-06T10:47:55+00:00","breadcrumb":{"@id":"https:\/\/www.sylex.sk\/sk\/produkt\/fastlink-patch-panel-6x-lcd\/#breadcrumb"},"inLanguage":"sk-SK","potentialAction":[{"@type":"ReadAction","target":["https:\/\/www.sylex.sk\/sk\/produkt\/fastlink-patch-panel-6x-lcd\/"]}]},{"@type":"ImageObject","inLanguage":"sk-SK","@id":"https:\/\/www.sylex.sk\/sk\/produkt\/fastlink-patch-panel-6x-lcd\/#primaryimage","url":"https:\/\/www.sylex.sk\/wp-content\/uploads\/2023\/09\/FASTLINK-patch-panel-6x-LCD.jpg","contentUrl":"https:\/\/www.sylex.sk\/wp-content\/uploads\/2023\/09\/FASTLINK-patch-panel-6x-LCD.jpg","width":1920,"height":1300},{"@type":"BreadcrumbList","@id":"https:\/\/www.sylex.sk\/sk\/produkt\/fastlink-patch-panel-6x-lcd\/#breadcrumb","itemListElement":[{"@type":"ListItem","position":1,"name":"Home","item":"https:\/\/www.sylex.sk\/sk\/"},{"@type":"ListItem","position":2,"name":"Shop","item":"https:\/\/www.sylex.sk\/sk\/shop\/"},{"@type":"ListItem","position":3,"name":"FASTLINK patch panel 6x LCD"}]},{"@type":"WebSite","@id":"https:\/\/wonderful-yonath.136-243-14-103.plesk.page\/#website","url":"https:\/\/wonderful-yonath.136-243-14-103.plesk.page\/","name":"Sylex","description":"Fiber Optics","publisher":{"@id":"https:\/\/wonderful-yonath.136-243-14-103.plesk.page\/#organization"},"potentialAction":[{"@type":"SearchAction","target":{"@type":"EntryPoint","urlTemplate":"https:\/\/wonderful-yonath.136-243-14-103.plesk.page\/?s={search_term_string}"},"query-input":{"@type":"PropertyValueSpecification","valueRequired":true,"valueName":"search_term_string"}}],"inLanguage":"sk-SK"},{"@type":"Organization","@id":"https:\/\/wonderful-yonath.136-243-14-103.plesk.page\/#organization","name":"Sylex","url":"https:\/\/wonderful-yonath.136-243-14-103.plesk.page\/","logo":{"@type":"ImageObject","inLanguage":"sk-SK","@id":"https:\/\/wonderful-yonath.136-243-14-103.plesk.page\/#\/schema\/logo\/image\/","url":"https:\/\/www.sylex.sk\/wp-content\/uploads\/2024\/04\/logo4-1.png","contentUrl":"https:\/\/www.sylex.sk\/wp-content\/uploads\/2024\/04\/logo4-1.png","width":308,"height":100,"caption":"Sylex"},"image":{"@id":"https:\/\/wonderful-yonath.136-243-14-103.plesk.page\/#\/schema\/logo\/image\/"},"sameAs":["https:\/\/www.facebook.com\/sylex.sk\/","https:\/\/x.com\/SYLEX_SK"]}]}},"_links":{"self":[{"href":"https:\/\/www.sylex.sk\/sk\/wp-json\/wp\/v2\/product\/14448","targetHints":{"allow":["GET"]}}],"collection":[{"href":"https:\/\/www.sylex.sk\/sk\/wp-json\/wp\/v2\/product"}],"about":[{"href":"https:\/\/www.sylex.sk\/sk\/wp-json\/wp\/v2\/types\/product"}],"version-history":[{"count":0,"href":"https:\/\/www.sylex.sk\/sk\/wp-json\/wp\/v2\/product\/14448\/revisions"}],"wp:featuredmedia":[{"embeddable":true,"href":"https:\/\/www.sylex.sk\/sk\/wp-json\/wp\/v2\/media\/10249"}],"wp:attachment":[{"href":"https:\/\/www.sylex.sk\/sk\/wp-json\/wp\/v2\/media?parent=14448"}],"wp:term":[{"taxonomy":"product_brand","embeddable":true,"href":"https:\/\/www.sylex.sk\/sk\/wp-json\/wp\/v2\/product_brand?post=14448"},{"taxonomy":"product_cat","embeddable":true,"href":"https:\/\/www.sylex.sk\/sk\/wp-json\/wp\/v2\/product_cat?post=14448"},{"taxonomy":"product_tag","embeddable":true,"href":"https:\/\/www.sylex.sk\/sk\/wp-json\/wp\/v2\/product_tag?post=14448"}],"curies":[{"name":"wp","href":"https:\/\/api.w.org\/{rel}","templated":true}]}}