{"id":14473,"date":"2023-09-06T11:48:17","date_gmt":"2023-09-06T10:48:17","guid":{"rendered":"https:\/\/www.sylex.sk\/product\/prizm-lt-lc-900um-om3-hola-paska\/"},"modified":"2023-09-06T11:48:17","modified_gmt":"2023-09-06T10:48:17","slug":"prizm-lt-lc-900um-om3-hola-paska","status":"publish","type":"product","link":"https:\/\/www.sylex.sk\/sk\/produkt\/prizm-lt-lc-900um-om3-hola-paska\/","title":{"rendered":"PRIZM LT-LC 900um OM3 hol\u00e1 p\u00e1ska"},"content":{"rendered":"<p>[av_layout_row border=&#8220;&#8220; min_height_percent=&#8220;&#8220; min_height=&#8220;0&#8243; color=&#8220;main_color&#8220; mobile=&#8220;av-flex-cells&#8220; id=&#8220;#product&#8220; av_element_hidden_in_editor=&#8220;0&#8243; mobile_breaking=&#8220;&#8220; av_uid=&#8220;av-umtjd&#8220;]<br \/>\n[av_cell_one_half av_uid=&#8220;av-lpfbl&#8220;]<\/p>\n<p>[av_one_full first min_height=&#8220;&#8220; vertical_alignment=&#8220;av-align-top&#8220; space=&#8220;&#8220; margin=&#8220;0px&#8220; margin_sync=&#8220;true&#8220; link=&#8220;&#8220; linktarget=&#8220;&#8220; link_hover=&#8220;&#8220; padding=&#8220;0px&#8220; padding_sync=&#8220;true&#8220; border=&#8220;&#8220; border_color=&#8220;#e5e5e5&#8243; radius=&#8220;0px&#8220; radius_sync=&#8220;true&#8220; background=&#8220;bg_color&#8220; background_color=&#8220;&#8220; background_gradient_color1=&#8220;&#8220; background_gradient_color2=&#8220;&#8220; background_gradient_direction=&#8220;vertical&#8220; src=&#8220;&#8220; attachment=&#8220;&#8220; attachment_size=&#8220;&#8220; background_position=&#8220;top left&#8220; background_repeat=&#8220;no-repeat&#8220; animation=&#8220;&#8220; mobile_breaking=&#8220;&#8220; mobile_display=&#8220;&#8220; av_uid=&#8220;av-qfclt&#8220;]<\/p>\n<p>[av_gallery ids=&#8220;3637,3633,3635&#8243; style=&#8220;big_thumb&#8220; preview_size=&#8220;no scaling&#8220; crop_big_preview_thumbnail=&#8220;avia-gallery-big-crop-thumb&#8220; thumb_size=&#8220;portfolio&#8220; columns=&#8220;5&#8243; imagelink=&#8220;lightbox&#8220; lazyload=&#8220;deactivate_avia_lazyload&#8220; av_uid=&#8220;av-jktq8kwl&#8220; custom_class=&#8220;&#8220; admin_preview_bg=&#8220;&#8220;]<\/p>\n<p>[\/av_one_full][\/av_cell_one_half][av_cell_one_half vertical_align=&#8220;top&#8220; padding=&#8220;30px&#8220; background=&#8220;bg_color&#8220; background_color=&#8220;&#8220; background_gradient_color1=&#8220;&#8220; background_gradient_color2=&#8220;&#8220; background_gradient_direction=&#8220;vertical&#8220; src=&#8220;&#8220; background_attachment=&#8220;scroll&#8220; background_position=&#8220;top left&#8220; background_repeat=&#8220;no-repeat&#8220; link=&#8220;&#8220; linktarget=&#8220;&#8220; link_hover=&#8220;&#8220; mobile_display=&#8220;&#8220; av_uid=&#8220;av-cyz3t&#8220;]<\/p>\n<p>[av_table purpose=&#8220;tabular&#8220; pricing_table_design=&#8220;avia_pricing_default&#8220; pricing_hidden_cells=&#8220;&#8220; caption=&#8220;&#8220; responsive_styling=&#8220;avia_responsive_table&#8220; av_uid=&#8220;av-m5zl&#8220; custom_class=&#8220;&#8220;]<br \/>\n[av_row row_style=&#8220;&#8220; av_uid=&#8220;av-q9g35&#8243;][av_cell col_style=&#8220;avia-center-col&#8220; av_uid=&#8220;av-lr71d&#8220;]<a href=\"https:\/\/www.sylex.sk\/wp-content\/uploads\/2018\/09\/PRIZM_LT-LC_900um_OM3_bare_ribbon_assembly.pdf\" target=\"_blank\" rel=\"noopener\"><img decoding=\"async\" src=\"https:\/\/www.sylex.sk\/wp-content\/uploads\/2018\/08\/pdfIcon.png\"><\/a> <a title=\"Datasheet\" href=\"https:\/\/www.sylex.sk\/wp-content\/uploads\/2018\/09\/PRIZM_LT-LC_900um_OM3_bare_ribbon_assembly.pdf\" target=\"_blank\" rel=\"noopener\">Datasheet<\/a>[\/av_cell][av_cell col_style=&#8220;avia-center-col&#8220; av_uid=&#8220;av-f1sg9&#8243;]<a href=\"https:\/\/www.sylex.sk\/wp-content\/uploads\/2018\/09\/1-S-2012_1.pdf\" target=\"_blank\" rel=\"noopener\"><img decoding=\"async\" src=\"https:\/\/www.sylex.sk\/wp-content\/uploads\/2018\/08\/pdfIcon.png\"><\/a> <a title=\"Kreslenie\" href=\"https:\/\/www.sylex.sk\/wp-content\/uploads\/2018\/09\/1-S-2012_1.pdf\" target=\"_blank\" rel=\"noopener\">Kreslenie<\/a>[\/av_cell][\/av_row]<br \/>\n[\/av_table]<\/p>\n<p>[av_one_full first min_height=&#8220;&#8220; vertical_alignment=&#8220;&#8220; space=&#8220;&#8220; custom_margin=&#8220;&#8220; margin=&#8220;0px&#8220; link=&#8220;&#8220; linktarget=&#8220;&#8220; link_hover=&#8220;&#8220; padding=&#8220;0px&#8220; border=&#8220;&#8220; border_color=&#8220;&#8220; radius=&#8220;0px&#8220; background=&#8220;bg_color&#8220; background_color=&#8220;&#8220; background_gradient_color1=&#8220;&#8220; background_gradient_color2=&#8220;&#8220; background_gradient_direction=&#8220;vertical&#8220; src=&#8220;&#8220; background_position=&#8220;top left&#8220; background_repeat=&#8220;no-repeat&#8220; animation=&#8220;&#8220; mobile_breaking=&#8220;&#8220; mobile_display=&#8220;&#8220; av_uid=&#8220;av-im5x5&#8243;]<\/p>\n<p>[av_textblock size=&#8220;&#8220; font_color=&#8220;&#8220; color=&#8220;&#8220; av-medium-font-size=&#8220;&#8220; av-small-font-size=&#8220;&#8220; av-mini-font-size=&#8220;&#8220; av_uid=&#8220;av-jks8ksus&#8220; custom_class=&#8220;&#8220; admin_preview_bg=&#8220;&#8220;]<\/p>\n<ul>\n<li>PRIZM\u00ae LightTurn\u00ae je navrhnut\u00fd ako miniat\u00farny odpojite\u013en\u00fd konektor pre vysokor\u00fdchlostn\u00e9 moduly Avago MicroPOD a MiniPOD na doske alebo na priamu mont\u00e1\u017e na dosku plo\u0161n\u00fdch spojov pomocou mechanicko-optick\u00e9ho rozhrania (MOI). V kombin\u00e1cii so \u0161tandardn\u00fdmi konektormi MTP je vhodn\u00fd na \u0161irok\u00fa \u0161k\u00e1lu aplik\u00e1ci\u00ed, napr\u00edklad na pou\u017eitie v transceiveroch, paralelnej optike a superpo\u010d\u00edta\u010doch. Zostava PRIZM\u00ae LT s konektormi LC na druhom konci sa zvy\u010dajne pou\u017e\u00edva vo f\u00e1ze n\u00e1vrhu a testovania optick\u00fdch parametrov.<\/li>\n<\/ul>\n<p>[\/av_textblock]<\/p>\n<p>[av_social_share title=&#8220;Zdie\u013ea\u0165 tento z\u00e1znam&#8220; style=&#8220;&#8220; buttons=&#8220;&#8220; share_facebook=&#8220;&#8220; share_twitter=&#8220;&#8220; share_pinterest=&#8220;&#8220; share_gplus=&#8220;&#8220; share_reddit=&#8220;&#8220; share_linkedin=&#8220;&#8220; share_tumblr=&#8220;&#8220; share_vk=&#8220;&#8220; share_mail=&#8220;&#8220; av-desktop-hide=&#8220;&#8220; av-medium-hide=&#8220;&#8220; av-small-hide=&#8220;&#8220; av-mini-hide=&#8220;&#8220; av_uid=&#8220;av-7smg1&#8243;]<\/p>\n<p>[\/av_one_full][\/av_cell_one_half]<br \/>\n[\/av_layout_row]<\/p>\n<p>[av_layout_row border=&#8220;&#8220; min_height_percent=&#8220;&#8220; min_height=&#8220;0&#8243; color=&#8220;main_color&#8220; mobile=&#8220;av-flex-cells&#8220; id=&#8220;&#8220; av_element_hidden_in_editor=&#8220;0&#8243; mobile_breaking=&#8220;&#8220; av_uid=&#8220;av-umtjd&#8220;]<\/p>\n<p>[av_cell_one_full av_uid=&#8220;av-lpfbl&#8220;]<\/p>\n<p>[av_one_full first min_height=&#8220;&#8220; vertical_alignment=&#8220;&#8220; space=&#8220;&#8220; custom_margin=&#8220;&#8220; margin=&#8220;0px&#8220; link=&#8220;&#8220; linktarget=&#8220;&#8220; link_hover=&#8220;&#8220; padding=&#8220;0px&#8220; border=&#8220;&#8220; border_color=&#8220;&#8220; radius=&#8220;0px&#8220; background=&#8220;bg_color&#8220; background_color=&#8220;&#8220; background_gradient_color1=&#8220;&#8220; background_gradient_color2=&#8220;&#8220; background_gradient_direction=&#8220;vertical&#8220; src=&#8220;&#8220; background_position=&#8220;top left&#8220; background_repeat=&#8220;no-repeat&#8220; animation=&#8220;&#8220; mobile_breaking=&#8220;&#8220; mobile_display=&#8220;&#8220; av_uid=&#8220;av-im5x5&#8243;]<\/p>\n<p>[av_tab_container position=&#8220;top_tab&#8220; boxed=&#8220;border_tabs&#8220; initial=&#8220;1&#8243; av_uid=&#8220;av-jksb4gln&#8220; custom_class=&#8220;&#8220;]<br \/>\n[av_tab title=&#8220;\u0160pecifik\u00e1cie produktu&#8220; icon_select=&#8220;no&#8220; icon=&#8220;ue800&#8243; font=&#8220;entypo-fontello&#8220;]<\/p>\n<table border=\"0\" width=\"100%\" cellspacing=\"0\" cellpadding=\"0\">\n<tbody>\n<tr>\n<td>\n<div><strong>Rozsah tepl\u00f4t<\/strong><\/div>\n<\/td>\n<td colspan=\"3\">Kontrolovan\u00e9 prostredie (-10\u00b0C\/+60\u00b0C)<\/td>\n<\/tr>\n<tr>\n<td rowspan=\"8\" valign=\"top\"><strong>Parametre k\u00e1bla<\/strong><\/td>\n<td>\n<div>Materi\u00e1l bundy<\/div>\n<\/td>\n<td colspan=\"2\">\n<div>\n<div><\/div>\n<\/div>\n<div>NEUPLAT\u0147UJE SA<\/div>\n<div><\/div>\n<\/td>\n<\/tr>\n<tr>\n<td>\n<div>Kon\u0161trukcia k\u00e1bla<\/div>\n<\/td>\n<td colspan=\"2\">Hol\u00e1 stuha<\/p>\n<div><\/div>\n<\/td>\n<\/tr>\n<tr>\n<td>\n<div>Vonkaj\u0161\u00ed priemer<\/div>\n<\/td>\n<td colspan=\"2\">pribli\u017ene. 3,2 mm x 0,35 mm<\/p>\n<div><\/div>\n<\/td>\n<\/tr>\n<tr>\n<td>\n<div>Po\u010det vl\u00e1kien<\/div>\n<\/td>\n<td colspan=\"2\">12<\/p>\n<div><\/div>\n<\/td>\n<\/tr>\n<tr>\n<td>\n<div>Typ vl\u00e1kna<\/div>\n<\/td>\n<td colspan=\"2\">\n<div>MMF OM3<\/div>\n<div><\/div>\n<\/td>\n<\/tr>\n<tr>\n<td>\n<div>Rozsah tepl\u00f4t<\/div>\n<\/td>\n<td colspan=\"2\">\n<div>Prev\u00e1dzka: -20\u00b0C a\u017e +70\u00b0C<\/div>\n<div><\/div>\n<\/td>\n<\/tr>\n<tr>\n<td><\/td>\n<td colspan=\"2\">\n<div>Skladovanie: -20\u00b0C a\u017e +55\u00b0C<\/div>\n<div><\/div>\n<\/td>\n<\/tr>\n<tr>\n<td><\/td>\n<td colspan=\"2\">\n<div>In\u0161tal\u00e1cia: -20\u00b0C a\u017e +55\u00b0C<\/div>\n<div><\/div>\n<\/td>\n<\/tr>\n<tr>\n<td rowspan=\"7\" valign=\"top\"><strong>Parametre konektora<\/strong><\/td>\n<td>\n<div><\/div>\n<\/td>\n<td>PRIZM LT<\/td>\n<td>LC MM<\/td>\n<\/tr>\n<tr>\n<td>\n<div>Dodr\u017eiavanie predpisov<\/div>\n<\/td>\n<td>\n<div>Americk\u00e1 norma CONEC<\/div>\n<\/td>\n<td>Telcordia GR-326<\/td>\n<\/tr>\n<tr>\n<td>\n<div>\n<div>Farba puzdra<\/div>\n<\/div>\n<\/td>\n<td>\n<div>NEUPLAT\u0147UJE SA<\/div>\n<\/td>\n<td>Aqua\/Magenta<\/td>\n<\/tr>\n<tr>\n<td>\n<div>\n<div>Farba top\u00e1nky<\/div>\n<\/div>\n<\/td>\n<td>NEUPLAT\u0147UJE SA<\/td>\n<td>Biela<\/td>\n<\/tr>\n<tr>\n<td>\n<div>\n<div>\n<div>Po\u013esk\u00fd<\/div>\n<\/div>\n<\/div>\n<\/td>\n<td>NEUPLAT\u0147UJE SA<\/td>\n<td>Ploch\u00e9 (PC)<\/td>\n<\/tr>\n<tr>\n<td>\n<div>\n<div>Vlo\u017en\u00e9 straty (@850 nm)<\/div>\n<\/div>\n<\/td>\n<td>\n<div>\n<div>&lt;2,0 dB<\/div>\n<\/div>\n<\/td>\n<td>&lt;0,6dB\/&lt;0,35dB<\/td>\n<\/tr>\n<tr>\n<td>\n<div>Sp\u00e4tn\u00e1 strata (@850 nm)<\/div>\n<\/td>\n<td>\n<div>\n<div>&gt;20 dB<\/div>\n<\/div>\n<\/td>\n<td>&gt;30 dB<\/td>\n<\/tr>\n<tr>\n<td><strong>Identifik\u00e1cia<\/strong><\/td>\n<td colspan=\"3\">Ozna\u010denie puzdra s jedine\u010dn\u00fdm s\u00e9riov\u00fdm \u010d\u00edslom.<\/td>\n<\/tr>\n<tr>\n<td><strong>Balenie<\/strong><\/td>\n<td colspan=\"3\">\n<div>Ka\u017ed\u00e1 zostava v antistatickom vrecku, hromadn\u00e9 balenie v kart\u00f3novej krabici.<\/div>\n<div>\n<div><\/div>\n<\/div>\n<div><\/div>\n<\/td>\n<\/tr>\n<\/tbody>\n<\/table>\n<p>[\/av_tab]<br \/>\n[av_tab title=&#8220;Dokumenty&#8220; icon_select=&#8220;no&#8220; icon=&#8220;ue800&#8243; font=&#8220;entypo-fontello&#8220; av_uid=&#8220;av-wm7d&#8220;]<br \/>\n<img decoding=\"async\" class=\"alignnone\" src=\"https:\/\/www.sylex.sk\/wp-content\/uploads\/2018\/08\/pdfIcon.png\" alt=\"\" width=\"20\" height=\"20\"> <a title=\"Datasheet\" href=\"https:\/\/www.sylex.sk\/wp-content\/uploads\/2018\/09\/PRIZM_LT-LC_900um_OM3_bare_ribbon_assembly.pdf\" target=\"_blank\" rel=\"noopener\">Karta v\u00fdrobku<\/a><\/p>\n<p><img decoding=\"async\" class=\"alignnone\" src=\"https:\/\/www.sylex.sk\/wp-content\/uploads\/2018\/08\/pdfIcon.png\" alt=\"\" width=\"20\" height=\"20\"> <a title=\"Kreslenie\" href=\"https:\/\/www.sylex.sk\/wp-content\/uploads\/2018\/09\/1-S-2012_1.pdf\" target=\"_blank\" rel=\"noopener\">Kreslenie v\u00fdrobku<\/a><\/p>\n<p><img decoding=\"async\" class=\"alignnone\" src=\"https:\/\/www.sylex.sk\/wp-content\/uploads\/2018\/08\/pdfIcon.png\" alt=\"\" width=\"20\" height=\"20\"> <a title=\"Kreslenie\" href=\"https:\/\/www.sylex.sk\/wp-content\/uploads\/2018\/08\/PRIZM-assemblies-packaging-plan.pdf\" target=\"_blank\" rel=\"noopener\">\u0160pecifik\u00e1cia balenia<\/a><br \/>\n[\/av_tab]<br \/>\n[av_tab title=&#8220;\u010c\u00edsla partnerov\/objedn\u00e1vacie k\u00f3dy&#8220; icon_select=&#8220;no&#8220; icon=&#8220;ue800&#8243; font=&#8220;entypo-fontello&#8220; av_uid=&#8220;av-7euax&#8220;]<\/p>\n<table border=\"0\" width=\"100%\" cellspacing=\"0\" cellpadding=\"0\">\n<tbody>\n<tr>\n<td>\n<div><strong>  Popis<\/strong><\/div>\n<\/td>\n<td>\n<div><strong>  \u010c\u00edslo partnera\/objedn\u00e1vkov\u00fd k\u00f3d<\/strong><\/div>\n<\/td>\n<\/tr>\n<tr>\n<td>PRIZM LT-LC 900um 12-vl\u00e1knov\u00e1 zostava<\/td>\n<td>\n<div>1-110-500-120-600\/J1\/XXXX<\/div>\n<\/td>\n<\/tr>\n<tr>\n<td>PRIZM LT so zn\u00ed\u017eenou v\u00fd\u0161kou-LC 900um 12-vl\u00e1knov\u00e1 zostava<\/td>\n<td>\n<div>1-110-500-120-600\/J2\/XXXX<\/div>\n<\/td>\n<\/tr>\n<tr>\n<td>PRIZM LT n\u00edzkoprofilov\u00fd-LC 900um 12-vl\u00e1knov\u00e1 zostava<\/td>\n<td>\n<div>1-110-520-120-600\/J1\/XXXX<\/div>\n<\/td>\n<\/tr>\n<\/tbody>\n<\/table>\n<p>[\/av_tab]<br \/>\n[\/av_tab_container]<\/p>\n<p>[\/av_one_full][\/av_cell_one_full][\/av_layout_row][av_layout_row border=&#8220;&#8220; min_height_percent=&#8220;&#8220; min_height=&#8220;0&#8243; color=&#8220;main_color&#8220; mobile=&#8220;av-flex-cells&#8220; id=&#8220;&#8220; av_element_hidden_in_editor=&#8220;0&#8243; mobile_breaking=&#8220;&#8220; av_uid=&#8220;av-umtjd&#8220;]<br \/>\n[av_cell_one_full av_uid=&#8220;av-lpfbl&#8220;]<\/p>\n<p>[av_one_full first min_height=&#8220;&#8220; vertical_alignment=&#8220;&#8220; space=&#8220;&#8220; custom_margin=&#8220;&#8220; margin=&#8220;0px&#8220; link=&#8220;&#8220; linktarget=&#8220;&#8220; link_hover=&#8220;&#8220; padding=&#8220;0px&#8220; border=&#8220;&#8220; border_color=&#8220;&#8220; radius=&#8220;0px&#8220; background=&#8220;bg_color&#8220; background_color=&#8220;&#8220; background_gradient_color1=&#8220;&#8220; background_gradient_color2=&#8220;&#8220; background_gradient_direction=&#8220;vertical&#8220; src=&#8220;&#8220; background_position=&#8220;top left&#8220; background_repeat=&#8220;no-repeat&#8220; animation=&#8220;&#8220; mobile_breaking=&#8220;&#8220; mobile_display=&#8220;&#8220; av_uid=&#8220;av-im5x5&#8243;]<\/p>\n<p>[av_product_upsells display=&#8220;upsells&#8220; count=&#8220;4&#8243; wc_prod_visible=&#8220;&#8220; av_uid=&#8220;av-jm4l4m4o&#8220; custom_class=&#8220;related_products&#8220;]<\/p>\n<p>[\/av_one_full][\/av_cell_one_full]<br \/>\n[\/av_layout_row]<\/p>\n","protected":false},"excerpt":{"rendered":"<p>PRIZM\u00ae LightTurn\u00ae je navrhnut\u00fd ako miniat\u00farny odpojite\u013en\u00fd konektor pre vysokor\u00fdchlostn\u00e9 moduly Avago MicroPOD a MiniPOD na doske alebo na priamu mont\u00e1\u017e na dosku plo\u0161n\u00fdch spojov pomocou mechanicko-optick\u00e9ho rozhrania (MOI). V kombin\u00e1cii so \u0161tandardn\u00fdmi konektormi MTP je vhodn\u00fd na \u0161irok\u00fa \u0161k\u00e1lu aplik\u00e1ci\u00ed, napr\u00edklad na pou\u017eitie v transceiveroch, paralelnej optike a superpo\u010d\u00edta\u010doch.<\/p>\n","protected":false},"featured_media":10262,"template":"","meta":{"_acf_changed":false},"product_brand":[],"product_cat":[398],"product_tag":[400],"class_list":{"0":"post-14473","1":"product","2":"type-product","3":"status-publish","4":"has-post-thumbnail","6":"product_cat-prepojovacie-riesenia","7":"product_tag-palubna-optika","9":"first","10":"instock","11":"shipping-taxable","12":"product-type-simple"},"acf":[],"yoast_head":"<!-- This site is optimized with the Yoast SEO plugin v27.0 - https:\/\/yoast.com\/product\/yoast-seo-wordpress\/ -->\n<title>PRIZM LT-LC 900um OM3 hol\u00e1 p\u00e1ska - Sylex<\/title>\n<meta name=\"robots\" content=\"index, follow, max-snippet:-1, max-image-preview:large, max-video-preview:-1\" \/>\n<link rel=\"canonical\" href=\"https:\/\/www.sylex.sk\/sk\/produkt\/prizm-lt-lc-900um-om3-hola-paska\/\" \/>\n<meta property=\"og:locale\" content=\"sk_SK\" \/>\n<meta property=\"og:type\" content=\"article\" \/>\n<meta property=\"og:title\" content=\"PRIZM LT-LC 900um OM3 hol\u00e1 p\u00e1ska - Sylex\" \/>\n<meta property=\"og:description\" content=\"PRIZM\u00ae LightTurn\u00ae je navrhnut\u00fd ako miniat\u00farny odpojite\u013en\u00fd konektor pre vysokor\u00fdchlostn\u00e9 moduly Avago MicroPOD a MiniPOD na doske alebo na priamu mont\u00e1\u017e na dosku plo\u0161n\u00fdch spojov pomocou mechanicko-optick\u00e9ho rozhrania (MOI). V kombin\u00e1cii so \u0161tandardn\u00fdmi konektormi MTP je vhodn\u00fd na \u0161irok\u00fa \u0161k\u00e1lu aplik\u00e1ci\u00ed, napr\u00edklad na pou\u017eitie v transceiveroch, paralelnej optike a superpo\u010d\u00edta\u010doch.\" \/>\n<meta property=\"og:url\" content=\"https:\/\/www.sylex.sk\/sk\/produkt\/prizm-lt-lc-900um-om3-hola-paska\/\" \/>\n<meta property=\"og:site_name\" content=\"Sylex\" \/>\n<meta property=\"article:publisher\" content=\"https:\/\/www.facebook.com\/sylex.sk\/\" \/>\n<meta property=\"og:image\" content=\"https:\/\/www.sylex.sk\/wp-content\/uploads\/2023\/09\/PRIZM-LC-2mm-OM3-bare-ribbon-assembly-1.jpg\" \/>\n\t<meta property=\"og:image:width\" content=\"1920\" \/>\n\t<meta property=\"og:image:height\" content=\"1300\" \/>\n\t<meta property=\"og:image:type\" content=\"image\/jpeg\" \/>\n<meta name=\"twitter:card\" content=\"summary_large_image\" \/>\n<meta name=\"twitter:site\" content=\"@SYLEX_SK\" \/>\n<meta name=\"twitter:label1\" content=\"Predpokladan\u00fd \u010das \u010d\u00edtania\" \/>\n\t<meta name=\"twitter:data1\" content=\"5 min\u00fat\" \/>\n<script type=\"application\/ld+json\" class=\"yoast-schema-graph\">{\"@context\":\"https:\/\/schema.org\",\"@graph\":[{\"@type\":\"WebPage\",\"@id\":\"https:\/\/www.sylex.sk\/sk\/produkt\/prizm-lt-lc-900um-om3-hola-paska\/\",\"url\":\"https:\/\/www.sylex.sk\/sk\/produkt\/prizm-lt-lc-900um-om3-hola-paska\/\",\"name\":\"PRIZM LT-LC 900um OM3 hol\u00e1 p\u00e1ska - Sylex\",\"isPartOf\":{\"@id\":\"https:\/\/wonderful-yonath.136-243-14-103.plesk.page\/#website\"},\"primaryImageOfPage\":{\"@id\":\"https:\/\/www.sylex.sk\/sk\/produkt\/prizm-lt-lc-900um-om3-hola-paska\/#primaryimage\"},\"image\":{\"@id\":\"https:\/\/www.sylex.sk\/sk\/produkt\/prizm-lt-lc-900um-om3-hola-paska\/#primaryimage\"},\"thumbnailUrl\":\"https:\/\/www.sylex.sk\/wp-content\/uploads\/2023\/09\/PRIZM-LC-2mm-OM3-bare-ribbon-assembly-1.jpg\",\"datePublished\":\"2023-09-06T10:48:17+00:00\",\"breadcrumb\":{\"@id\":\"https:\/\/www.sylex.sk\/sk\/produkt\/prizm-lt-lc-900um-om3-hola-paska\/#breadcrumb\"},\"inLanguage\":\"sk-SK\",\"potentialAction\":[{\"@type\":\"ReadAction\",\"target\":[\"https:\/\/www.sylex.sk\/sk\/produkt\/prizm-lt-lc-900um-om3-hola-paska\/\"]}]},{\"@type\":\"ImageObject\",\"inLanguage\":\"sk-SK\",\"@id\":\"https:\/\/www.sylex.sk\/sk\/produkt\/prizm-lt-lc-900um-om3-hola-paska\/#primaryimage\",\"url\":\"https:\/\/www.sylex.sk\/wp-content\/uploads\/2023\/09\/PRIZM-LC-2mm-OM3-bare-ribbon-assembly-1.jpg\",\"contentUrl\":\"https:\/\/www.sylex.sk\/wp-content\/uploads\/2023\/09\/PRIZM-LC-2mm-OM3-bare-ribbon-assembly-1.jpg\",\"width\":1920,\"height\":1300},{\"@type\":\"BreadcrumbList\",\"@id\":\"https:\/\/www.sylex.sk\/sk\/produkt\/prizm-lt-lc-900um-om3-hola-paska\/#breadcrumb\",\"itemListElement\":[{\"@type\":\"ListItem\",\"position\":1,\"name\":\"Home\",\"item\":\"https:\/\/www.sylex.sk\/sk\/\"},{\"@type\":\"ListItem\",\"position\":2,\"name\":\"Shop\",\"item\":\"https:\/\/www.sylex.sk\/sk\/shop\/\"},{\"@type\":\"ListItem\",\"position\":3,\"name\":\"PRIZM LT-LC 900um OM3 hol\u00e1 p\u00e1ska\"}]},{\"@type\":\"WebSite\",\"@id\":\"https:\/\/wonderful-yonath.136-243-14-103.plesk.page\/#website\",\"url\":\"https:\/\/wonderful-yonath.136-243-14-103.plesk.page\/\",\"name\":\"Sylex\",\"description\":\"Fiber Optics\",\"publisher\":{\"@id\":\"https:\/\/wonderful-yonath.136-243-14-103.plesk.page\/#organization\"},\"potentialAction\":[{\"@type\":\"SearchAction\",\"target\":{\"@type\":\"EntryPoint\",\"urlTemplate\":\"https:\/\/wonderful-yonath.136-243-14-103.plesk.page\/?s={search_term_string}\"},\"query-input\":{\"@type\":\"PropertyValueSpecification\",\"valueRequired\":true,\"valueName\":\"search_term_string\"}}],\"inLanguage\":\"sk-SK\"},{\"@type\":\"Organization\",\"@id\":\"https:\/\/wonderful-yonath.136-243-14-103.plesk.page\/#organization\",\"name\":\"Sylex\",\"url\":\"https:\/\/wonderful-yonath.136-243-14-103.plesk.page\/\",\"logo\":{\"@type\":\"ImageObject\",\"inLanguage\":\"sk-SK\",\"@id\":\"https:\/\/wonderful-yonath.136-243-14-103.plesk.page\/#\/schema\/logo\/image\/\",\"url\":\"https:\/\/www.sylex.sk\/wp-content\/uploads\/2024\/04\/logo4-1.png\",\"contentUrl\":\"https:\/\/www.sylex.sk\/wp-content\/uploads\/2024\/04\/logo4-1.png\",\"width\":308,\"height\":100,\"caption\":\"Sylex\"},\"image\":{\"@id\":\"https:\/\/wonderful-yonath.136-243-14-103.plesk.page\/#\/schema\/logo\/image\/\"},\"sameAs\":[\"https:\/\/www.facebook.com\/sylex.sk\/\",\"https:\/\/x.com\/SYLEX_SK\"]}]}<\/script>\n<!-- \/ Yoast SEO plugin. -->","yoast_head_json":{"title":"PRIZM LT-LC 900um OM3 hol\u00e1 p\u00e1ska - Sylex","robots":{"index":"index","follow":"follow","max-snippet":"max-snippet:-1","max-image-preview":"max-image-preview:large","max-video-preview":"max-video-preview:-1"},"canonical":"https:\/\/www.sylex.sk\/sk\/produkt\/prizm-lt-lc-900um-om3-hola-paska\/","og_locale":"sk_SK","og_type":"article","og_title":"PRIZM LT-LC 900um OM3 hol\u00e1 p\u00e1ska - Sylex","og_description":"PRIZM\u00ae LightTurn\u00ae je navrhnut\u00fd ako miniat\u00farny odpojite\u013en\u00fd konektor pre vysokor\u00fdchlostn\u00e9 moduly Avago MicroPOD a MiniPOD na doske alebo na priamu mont\u00e1\u017e na dosku plo\u0161n\u00fdch spojov pomocou mechanicko-optick\u00e9ho rozhrania (MOI). V kombin\u00e1cii so \u0161tandardn\u00fdmi konektormi MTP je vhodn\u00fd na \u0161irok\u00fa \u0161k\u00e1lu aplik\u00e1ci\u00ed, napr\u00edklad na pou\u017eitie v transceiveroch, paralelnej optike a superpo\u010d\u00edta\u010doch.","og_url":"https:\/\/www.sylex.sk\/sk\/produkt\/prizm-lt-lc-900um-om3-hola-paska\/","og_site_name":"Sylex","article_publisher":"https:\/\/www.facebook.com\/sylex.sk\/","og_image":[{"width":1920,"height":1300,"url":"https:\/\/www.sylex.sk\/wp-content\/uploads\/2023\/09\/PRIZM-LC-2mm-OM3-bare-ribbon-assembly-1.jpg","type":"image\/jpeg"}],"twitter_card":"summary_large_image","twitter_site":"@SYLEX_SK","twitter_misc":{"Predpokladan\u00fd \u010das \u010d\u00edtania":"5 min\u00fat"},"schema":{"@context":"https:\/\/schema.org","@graph":[{"@type":"WebPage","@id":"https:\/\/www.sylex.sk\/sk\/produkt\/prizm-lt-lc-900um-om3-hola-paska\/","url":"https:\/\/www.sylex.sk\/sk\/produkt\/prizm-lt-lc-900um-om3-hola-paska\/","name":"PRIZM LT-LC 900um OM3 hol\u00e1 p\u00e1ska - Sylex","isPartOf":{"@id":"https:\/\/wonderful-yonath.136-243-14-103.plesk.page\/#website"},"primaryImageOfPage":{"@id":"https:\/\/www.sylex.sk\/sk\/produkt\/prizm-lt-lc-900um-om3-hola-paska\/#primaryimage"},"image":{"@id":"https:\/\/www.sylex.sk\/sk\/produkt\/prizm-lt-lc-900um-om3-hola-paska\/#primaryimage"},"thumbnailUrl":"https:\/\/www.sylex.sk\/wp-content\/uploads\/2023\/09\/PRIZM-LC-2mm-OM3-bare-ribbon-assembly-1.jpg","datePublished":"2023-09-06T10:48:17+00:00","breadcrumb":{"@id":"https:\/\/www.sylex.sk\/sk\/produkt\/prizm-lt-lc-900um-om3-hola-paska\/#breadcrumb"},"inLanguage":"sk-SK","potentialAction":[{"@type":"ReadAction","target":["https:\/\/www.sylex.sk\/sk\/produkt\/prizm-lt-lc-900um-om3-hola-paska\/"]}]},{"@type":"ImageObject","inLanguage":"sk-SK","@id":"https:\/\/www.sylex.sk\/sk\/produkt\/prizm-lt-lc-900um-om3-hola-paska\/#primaryimage","url":"https:\/\/www.sylex.sk\/wp-content\/uploads\/2023\/09\/PRIZM-LC-2mm-OM3-bare-ribbon-assembly-1.jpg","contentUrl":"https:\/\/www.sylex.sk\/wp-content\/uploads\/2023\/09\/PRIZM-LC-2mm-OM3-bare-ribbon-assembly-1.jpg","width":1920,"height":1300},{"@type":"BreadcrumbList","@id":"https:\/\/www.sylex.sk\/sk\/produkt\/prizm-lt-lc-900um-om3-hola-paska\/#breadcrumb","itemListElement":[{"@type":"ListItem","position":1,"name":"Home","item":"https:\/\/www.sylex.sk\/sk\/"},{"@type":"ListItem","position":2,"name":"Shop","item":"https:\/\/www.sylex.sk\/sk\/shop\/"},{"@type":"ListItem","position":3,"name":"PRIZM LT-LC 900um OM3 hol\u00e1 p\u00e1ska"}]},{"@type":"WebSite","@id":"https:\/\/wonderful-yonath.136-243-14-103.plesk.page\/#website","url":"https:\/\/wonderful-yonath.136-243-14-103.plesk.page\/","name":"Sylex","description":"Fiber Optics","publisher":{"@id":"https:\/\/wonderful-yonath.136-243-14-103.plesk.page\/#organization"},"potentialAction":[{"@type":"SearchAction","target":{"@type":"EntryPoint","urlTemplate":"https:\/\/wonderful-yonath.136-243-14-103.plesk.page\/?s={search_term_string}"},"query-input":{"@type":"PropertyValueSpecification","valueRequired":true,"valueName":"search_term_string"}}],"inLanguage":"sk-SK"},{"@type":"Organization","@id":"https:\/\/wonderful-yonath.136-243-14-103.plesk.page\/#organization","name":"Sylex","url":"https:\/\/wonderful-yonath.136-243-14-103.plesk.page\/","logo":{"@type":"ImageObject","inLanguage":"sk-SK","@id":"https:\/\/wonderful-yonath.136-243-14-103.plesk.page\/#\/schema\/logo\/image\/","url":"https:\/\/www.sylex.sk\/wp-content\/uploads\/2024\/04\/logo4-1.png","contentUrl":"https:\/\/www.sylex.sk\/wp-content\/uploads\/2024\/04\/logo4-1.png","width":308,"height":100,"caption":"Sylex"},"image":{"@id":"https:\/\/wonderful-yonath.136-243-14-103.plesk.page\/#\/schema\/logo\/image\/"},"sameAs":["https:\/\/www.facebook.com\/sylex.sk\/","https:\/\/x.com\/SYLEX_SK"]}]}},"_links":{"self":[{"href":"https:\/\/www.sylex.sk\/sk\/wp-json\/wp\/v2\/product\/14473","targetHints":{"allow":["GET"]}}],"collection":[{"href":"https:\/\/www.sylex.sk\/sk\/wp-json\/wp\/v2\/product"}],"about":[{"href":"https:\/\/www.sylex.sk\/sk\/wp-json\/wp\/v2\/types\/product"}],"version-history":[{"count":0,"href":"https:\/\/www.sylex.sk\/sk\/wp-json\/wp\/v2\/product\/14473\/revisions"}],"wp:featuredmedia":[{"embeddable":true,"href":"https:\/\/www.sylex.sk\/sk\/wp-json\/wp\/v2\/media\/10262"}],"wp:attachment":[{"href":"https:\/\/www.sylex.sk\/sk\/wp-json\/wp\/v2\/media?parent=14473"}],"wp:term":[{"taxonomy":"product_brand","embeddable":true,"href":"https:\/\/www.sylex.sk\/sk\/wp-json\/wp\/v2\/product_brand?post=14473"},{"taxonomy":"product_cat","embeddable":true,"href":"https:\/\/www.sylex.sk\/sk\/wp-json\/wp\/v2\/product_cat?post=14473"},{"taxonomy":"product_tag","embeddable":true,"href":"https:\/\/www.sylex.sk\/sk\/wp-json\/wp\/v2\/product_tag?post=14473"}],"curies":[{"name":"wp","href":"https:\/\/api.w.org\/{rel}","templated":true}]}}