{"id":14477,"date":"2023-09-06T11:48:26","date_gmt":"2023-09-06T10:48:26","guid":{"rendered":"https:\/\/www.sylex.sk\/product\/01x-mxc-plug-01x-mxc-plug-16f-om3-round-trunk\/"},"modified":"2023-09-06T11:48:26","modified_gmt":"2023-09-06T10:48:26","slug":"01x-mxc-plug-01x-mxc-plug-16f-om3-round-trunk","status":"publish","type":"product","link":"https:\/\/www.sylex.sk\/sk\/produkt\/01x-mxc-plug-01x-mxc-plug-16f-om3-round-trunk\/","title":{"rendered":"01x MXC PLUG &#8211; 01x MXC PLUG 16F OM3 ROUND TRUNK"},"content":{"rendered":"<p>[av_layout_row border=&#8220;&#8220; min_height_percent=&#8220;&#8220; min_height=&#8220;0&#8243; color=&#8220;main_color&#8220; mobile=&#8220;av-flex-cells&#8220; id=&#8220;#product&#8220; av_element_hidden_in_editor=&#8220;0&#8243; mobile_breaking=&#8220;&#8220; av_uid=&#8220;av-umtjd&#8220;]<br \/>\n[av_cell_one_half av_uid=&#8220;av-lpfbl&#8220;]<\/p>\n<p>[av_one_full first min_height=&#8220;&#8220; vertical_alignment=&#8220;av-align-top&#8220; space=&#8220;&#8220; margin=&#8220;0px&#8220; margin_sync=&#8220;true&#8220; link=&#8220;&#8220; linktarget=&#8220;&#8220; link_hover=&#8220;&#8220; padding=&#8220;0px&#8220; padding_sync=&#8220;true&#8220; border=&#8220;&#8220; border_color=&#8220;#e5e5e5&#8243; radius=&#8220;0px&#8220; radius_sync=&#8220;true&#8220; background=&#8220;bg_color&#8220; background_color=&#8220;&#8220; background_gradient_color1=&#8220;&#8220; background_gradient_color2=&#8220;&#8220; background_gradient_direction=&#8220;vertical&#8220; src=&#8220;&#8220; attachment=&#8220;&#8220; attachment_size=&#8220;&#8220; background_position=&#8220;top left&#8220; background_repeat=&#8220;no-repeat&#8220; animation=&#8220;&#8220; mobile_breaking=&#8220;&#8220; mobile_display=&#8220;&#8220; av_uid=&#8220;av-qfclt&#8220;]<\/p>\n<p>[av_gallery ids=&#8220;1977,8243&#8243; style=&#8220;big_thumb&#8220; preview_size=&#8220;no scaling&#8220; crop_big_preview_thumbnail=&#8220;avia-gallery-big-crop-thumb&#8220; thumb_size=&#8220;portfolio&#8220; columns=&#8220;5&#8243; imagelink=&#8220;lightbox&#8220; lazyload=&#8220;deactivate_avia_lazyload&#8220; av_uid=&#8220;av-jktq8kwl&#8220; custom_class=&#8220;&#8220; admin_preview_bg=&#8220;&#8220;]<\/p>\n<p>[\/av_one_full][\/av_cell_one_half][av_cell_one_half vertical_align=&#8220;top&#8220; padding=&#8220;30px&#8220; background=&#8220;bg_color&#8220; background_color=&#8220;&#8220; background_gradient_color1=&#8220;&#8220; background_gradient_color2=&#8220;&#8220; background_gradient_direction=&#8220;vertical&#8220; src=&#8220;&#8220; background_attachment=&#8220;scroll&#8220; background_position=&#8220;top left&#8220; background_repeat=&#8220;no-repeat&#8220; link=&#8220;&#8220; linktarget=&#8220;&#8220; link_hover=&#8220;&#8220; mobile_display=&#8220;&#8220; av_uid=&#8220;av-cyz3t&#8220;]<\/p>\n<p>[av_table purpose=&#8220;tabular&#8220; pricing_table_design=&#8220;avia_pricing_default&#8220; pricing_hidden_cells=&#8220;&#8220; caption=&#8220;&#8220; responsive_styling=&#8220;avia_responsive_table&#8220; av_uid=&#8220;av-m5zl&#8220; custom_class=&#8220;&#8220;]<br \/>\n[av_row row_style=&#8220;&#8220; av_uid=&#8220;av-6uicu0&#8243;][av_cell col_style=&#8220;avia-center-col&#8220; av_uid=&#8220;av-654flk&#8220;]<a href=\"https:\/\/www.sylex.sk\/wp-content\/uploads\/2018\/09\/01x_MXC_PLUG_-_01x_MXC_PLUG_16F_OM3_ROUND_TRUNK.pdf\" target=\"_blank\" rel=\"noopener noreferrer\"><img decoding=\"async\" src=\"https:\/\/www.sylex.sk\/wp-content\/uploads\/2018\/08\/pdfIcon.png\"><\/a> <a title=\"Datasheet\" href=\"https:\/\/www.sylex.sk\/wp-content\/uploads\/2018\/09\/01x_MXC_PLUG_-_01x_MXC_PLUG_16F_OM3_ROUND_TRUNK.pdf\" target=\"_blank\" rel=\"noopener noreferrer\">Datasheet<\/a>[\/av_cell][av_cell col_style=&#8220;avia-center-col&#8220; av_uid=&#8220;av-4dyzgo&#8220;]<a href=\"https:\/\/www.sylex.sk\/wp-content\/uploads\/2018\/09\/1-S-4445_1.pdf\" target=\"_blank\" rel=\"noopener noreferrer\"><img decoding=\"async\" src=\"https:\/\/www.sylex.sk\/wp-content\/uploads\/2018\/08\/pdfIcon.png\"><\/a> <a title=\"Kreslenie\" href=\"https:\/\/www.sylex.sk\/wp-content\/uploads\/2018\/09\/1-S-4445_1.pdf\" target=\"_blank\" rel=\"noopener noreferrer\">Kreslenie<\/a>[\/av_cell][\/av_row]<br \/>\n[\/av_table]<\/p>\n<p>[av_one_full first min_height=&#8220;&#8220; vertical_alignment=&#8220;&#8220; space=&#8220;&#8220; custom_margin=&#8220;&#8220; margin=&#8220;0px&#8220; link=&#8220;&#8220; linktarget=&#8220;&#8220; link_hover=&#8220;&#8220; padding=&#8220;0px&#8220; border=&#8220;&#8220; border_color=&#8220;&#8220; radius=&#8220;0px&#8220; background=&#8220;bg_color&#8220; background_color=&#8220;&#8220; background_gradient_color1=&#8220;&#8220; background_gradient_color2=&#8220;&#8220; background_gradient_direction=&#8220;vertical&#8220; src=&#8220;&#8220; background_position=&#8220;top left&#8220; background_repeat=&#8220;no-repeat&#8220; animation=&#8220;&#8220; mobile_breaking=&#8220;&#8220; mobile_display=&#8220;&#8220; av_uid=&#8220;av-im5x5&#8243;]<\/p>\n<p>[av_textblock size=&#8220;&#8220; font_color=&#8220;&#8220; color=&#8220;&#8220; av-medium-font-size=&#8220;&#8220; av-small-font-size=&#8220;&#8220; av-mini-font-size=&#8220;&#8220; av_uid=&#8220;av-jks8ksus&#8220; custom_class=&#8220;&#8220; admin_preview_bg=&#8220;&#8220;]<\/p>\n<ul>\n<li>K\u00e1blov\u00e9 zostavy s konektormi MXC vyu\u017e\u00edvaj\u00fa technol\u00f3giu optick\u00e9ho prepojenia, ktor\u00fa prijalo konzorcium Open Compute a ktor\u00e1 je zameran\u00e1 na prepojenie vysokop\u00e1smov\u00fdch d\u00e1tov\u00fdch centier. Roz\u0161\u00edren\u00e1 l\u00fa\u010dov\u00e1 obj\u00edmka PRIZM MT pou\u017eit\u00e1 v konektore MXC poskytuje vy\u0161\u0161iu odolnos\u0165 vo\u010di zne\u010disteniu prachom a ne\u010distotami. K\u00e1ble MXC na MXC s\u00fa ur\u010den\u00e9 na \u0161irokop\u00e1smov\u00e9 spojenia na kr\u00e1tke vzdialenosti v r\u00e1mci racku alebo rozv\u00e1dza\u010da.<\/li>\n<li>Tenk\u00fd 16-vl\u00e1knov\u00fd okr\u00fahly k\u00e1bel je na oboch stran\u00e1ch ukon\u010den\u00fd konektormi MXC, ktor\u00e9 nes\u00fa z\u00e1kladn\u00fd typ koncoviek PRIZM\u00ae MT s jedn\u00fdm radom \u0161o\u0161oviek. Koncovky PRIZM\u00ae MT v\u00fdrazne zni\u017euj\u00fa citlivos\u0165 na ne\u010distoty a konektory MXC zaberaj\u00fa menej miesta v porovnan\u00ed so \u0161tandardn\u00fdmi konektormi MPO\/MTP. V\u010faka ni\u017e\u0161ej sile pru\u017einy je t\u00e1to zostava vhodn\u00e1 pre aplik\u00e1cie, ktor\u00e9 vy\u017eaduj\u00fa opakovan\u00e9 p\u00e1rovanie konektorov. Okr\u00fahla \u0161trukt\u00fara k\u00e1bla dod\u00e1va zostave dostato\u010dn\u00fa flexibilitu.<\/li>\n<\/ul>\n<p>[\/av_textblock]<\/p>\n<p>[av_social_share title=&#8220;Zdie\u013ea\u0165 tento z\u00e1znam&#8220; style=&#8220;&#8220; buttons=&#8220;&#8220; share_facebook=&#8220;&#8220; share_twitter=&#8220;&#8220; share_pinterest=&#8220;&#8220; share_gplus=&#8220;&#8220; share_reddit=&#8220;&#8220; share_linkedin=&#8220;&#8220; share_tumblr=&#8220;&#8220; share_vk=&#8220;&#8220; share_mail=&#8220;&#8220; av-desktop-hide=&#8220;&#8220; av-medium-hide=&#8220;&#8220; av-small-hide=&#8220;&#8220; av-mini-hide=&#8220;&#8220; av_uid=&#8220;av-2nph0o&#8220;]<\/p>\n<p>[\/av_one_full][\/av_cell_one_half]<br \/>\n[\/av_layout_row]<\/p>\n<p>[av_layout_row border=&#8220;&#8220; min_height_percent=&#8220;&#8220; min_height=&#8220;0&#8243; color=&#8220;main_color&#8220; mobile=&#8220;av-flex-cells&#8220; id=&#8220;&#8220; av_element_hidden_in_editor=&#8220;0&#8243; mobile_breaking=&#8220;&#8220; av_uid=&#8220;av-umtjd&#8220;]<\/p>\n<p>[av_cell_one_full av_uid=&#8220;av-lpfbl&#8220;]<\/p>\n<p>[av_one_full first min_height=&#8220;&#8220; vertical_alignment=&#8220;&#8220; space=&#8220;&#8220; custom_margin=&#8220;&#8220; margin=&#8220;0px&#8220; link=&#8220;&#8220; linktarget=&#8220;&#8220; link_hover=&#8220;&#8220; padding=&#8220;0px&#8220; border=&#8220;&#8220; border_color=&#8220;&#8220; radius=&#8220;0px&#8220; background=&#8220;bg_color&#8220; background_color=&#8220;&#8220; background_gradient_color1=&#8220;&#8220; background_gradient_color2=&#8220;&#8220; background_gradient_direction=&#8220;vertical&#8220; src=&#8220;&#8220; background_position=&#8220;top left&#8220; background_repeat=&#8220;no-repeat&#8220; animation=&#8220;&#8220; mobile_breaking=&#8220;&#8220; mobile_display=&#8220;&#8220; av_uid=&#8220;av-im5x5&#8243;]<\/p>\n<p>[av_tab_container position=&#8220;top_tab&#8220; boxed=&#8220;border_tabs&#8220; initial=&#8220;1&#8243; av_uid=&#8220;av-jksb4gln&#8220; custom_class=&#8220;&#8220;]<br \/>\n[av_tab title=&#8220;\u0160pecifik\u00e1cie produktu&#8220; icon_select=&#8220;no&#8220; icon=&#8220;ue800&#8243; font=&#8220;entypo-fontello&#8220; av_uid=&#8220;av-1txsrs&#8220;]<\/p>\n<table border=\"0\" width=\"100%\" cellspacing=\"0\" cellpadding=\"0\">\n<tbody>\n<tr>\n<td>\n<div><strong>Rozsah tepl\u00f4t<\/strong><\/div>\n<\/td>\n<td colspan=\"3\">Kontrolovan\u00e9 prostredie (-10\u00b0C\/+60\u00b0C)<\/td>\n<\/tr>\n<tr>\n<td rowspan=\"8\" valign=\"top\"><strong>Parametre k\u00e1bla<\/strong><\/td>\n<td>\n<div>Materi\u00e1l bundy<\/div>\n<\/td>\n<td colspan=\"2\">\n<div>\n<div><\/div>\n<\/div>\n<div>LSZH<\/div>\n<div><\/div>\n<\/td>\n<\/tr>\n<tr>\n<td>\n<div>Kon\u0161trukcia k\u00e1bla<\/div>\n<\/td>\n<td colspan=\"2\">Okr\u00fahly k\u00e1bel<\/p>\n<div><\/div>\n<\/td>\n<\/tr>\n<tr>\n<td>\n<div>Vonkaj\u0161\u00ed priemer<\/div>\n<\/td>\n<td colspan=\"2\">pribli\u017ene. 3,8 mm<\/p>\n<div><\/div>\n<\/td>\n<\/tr>\n<tr>\n<td>\n<div>Po\u010det vl\u00e1kien<\/div>\n<\/td>\n<td colspan=\"2\">16<\/p>\n<div><\/div>\n<\/td>\n<\/tr>\n<tr>\n<td>\n<div>Typ vl\u00e1kna<\/div>\n<\/td>\n<td colspan=\"2\">\n<div>MMF OM3<\/div>\n<div><\/div>\n<\/td>\n<\/tr>\n<tr>\n<td>\n<div>Rozsah tepl\u00f4t<\/div>\n<\/td>\n<td colspan=\"2\">\n<div>prev\u00e1dzka: -20\u00b0C a\u017e +70\u00b0C<\/div>\n<div><\/div>\n<\/td>\n<\/tr>\n<tr>\n<td>\n<div><\/div>\n<\/td>\n<td colspan=\"2\">\n<div>skladovanie: -25\u00b0C a\u017e +70\u00b0C<\/div>\n<div><\/div>\n<\/td>\n<\/tr>\n<tr>\n<td>\n<div><\/div>\n<\/td>\n<td colspan=\"2\">\n<div>in\u0161tal\u00e1cia: -5\u00b0C a\u017e +50\u00b0C<\/div>\n<div><\/div>\n<\/td>\n<\/tr>\n<tr>\n<td rowspan=\"7\" valign=\"top\"><strong>Parametre konektora<\/strong><\/td>\n<td>\n<div><\/div>\n<\/td>\n<td>MXC<\/td>\n<\/tr>\n<tr>\n<td>\n<div>Dodr\u017eiavanie predpisov<\/div>\n<\/td>\n<td>\n<div>Americk\u00e1 norma CONEC<\/div>\n<\/td>\n<\/tr>\n<tr>\n<td>\n<div>\n<div>Farba puzdra<\/div>\n<\/div>\n<\/td>\n<td>\n<div>Aqua<\/div>\n<\/td>\n<\/tr>\n<tr>\n<td>\n<div>\n<div>Farba top\u00e1nky<\/div>\n<\/div>\n<\/td>\n<td>\u010cierna<\/td>\n<\/tr>\n<tr>\n<td>\n<div>\n<div>\n<div>Po\u013esk\u00fd<\/div>\n<\/div>\n<\/div>\n<\/td>\n<td>NEUPLAT\u0147UJE SA<\/td>\n<\/tr>\n<tr>\n<td>\n<div>\n<div>Vlo\u017en\u00e9 straty (@850 nm)<\/div>\n<\/div>\n<\/td>\n<td>\n<div>\n<div>&lt;1,2 dB<\/div>\n<\/div>\n<\/td>\n<\/tr>\n<tr>\n<td>\n<div>\n<div>Sp\u00e4tn\u00e1 strata (@850 nm)<\/div>\n<\/div>\n<\/td>\n<td>\n<div>\n<div>NEUPLAT\u0147UJE SA<\/div>\n<\/div>\n<\/td>\n<\/tr>\n<tr>\n<td><strong>Identifik\u00e1cia<\/strong><\/td>\n<td colspan=\"3\">Ozna\u010denie puzdra s jedine\u010dn\u00fdm s\u00e9riov\u00fdm \u010d\u00edslom.<\/td>\n<\/tr>\n<tr>\n<td><strong>Balenie<\/strong><\/td>\n<td colspan=\"3\">\n<div>Ka\u017ed\u00e1 zostava v zape\u010datenom PE vrecku, hromadn\u00e9 balenie v kart\u00f3novej krabici.<\/div>\n<div>\n<div><\/div>\n<\/div>\n<div><\/div>\n<\/td>\n<\/tr>\n<\/tbody>\n<\/table>\n<p>[\/av_tab]<br \/>\n[av_tab title=&#8220;Dokumenty&#8220; icon_select=&#8220;no&#8220; icon=&#8220;ue800&#8243; font=&#8220;entypo-fontello&#8220; av_uid=&#8220;av-2tgy5k&#8220;]<br \/>\n<img decoding=\"async\" class=\"alignnone\" src=\"https:\/\/www.sylex.sk\/wp-content\/uploads\/2018\/08\/pdfIcon.png\" alt=\"\" width=\"20\" height=\"20\"> <a title=\"Datasheet\" href=\"https:\/\/www.sylex.sk\/wp-content\/uploads\/2018\/09\/01x_MXC_PLUG_-_01x_MXC_PLUG_16F_OM3_ROUND_TRUNK.pdf\" target=\"_blank\" rel=\"noopener noreferrer\">Karta v\u00fdrobku<\/a><\/p>\n<p><img decoding=\"async\" class=\"alignnone\" src=\"https:\/\/www.sylex.sk\/wp-content\/uploads\/2018\/08\/pdfIcon.png\" alt=\"\" width=\"20\" height=\"20\"> <a title=\"Kreslenie\" href=\"https:\/\/www.sylex.sk\/wp-content\/uploads\/2018\/09\/1-S-4445_1.pdf\" target=\"_blank\" rel=\"noopener noreferrer\">Kreslenie v\u00fdrobku<\/a><br \/>\n[\/av_tab]<br \/>\n[av_tab title=&#8220;\u010c\u00edsla partnerov\/objedn\u00e1vacie k\u00f3dy&#8220; icon_select=&#8220;no&#8220; icon=&#8220;ue800&#8243; font=&#8220;entypo-fontello&#8220;]<\/p>\n<table border=\"0\" width=\"100%\" cellspacing=\"0\" cellpadding=\"0\">\n<tbody>\n<tr>\n<td>\n<div><strong>  Popis<\/strong><\/div>\n<\/td>\n<td>\n<div><strong>  \u010c\u00edslo partnera\/objedn\u00e1vkov\u00fd k\u00f3d<\/strong><\/div>\n<\/td>\n<\/tr>\n<tr>\n<td>01x MXC PLUG &#8211; 01x MXC PLUG 16F OM3 TRUNK TYP A<\/td>\n<td>\n<div>B163-QQX-XXX-A<\/div>\n<\/td>\n<\/tr>\n<tr>\n<td>01x MXC PLUG &#8211; 01x MXC PLUG 16F OM3 TRUNK TYP B<\/td>\n<td>\n<div>B163-QQX-XXX-B<\/div>\n<\/td>\n<\/tr>\n<\/tbody>\n<\/table>\n<p>[\/av_tab]<br \/>\n[\/av_tab_container]<\/p>\n<p>[\/av_one_full][\/av_cell_one_full][\/av_layout_row]<\/p>\n","protected":false},"excerpt":{"rendered":"<p>K\u00e1blov\u00e9 zostavy s konektormi MXC vyu\u017e\u00edvaj\u00fa technol\u00f3giu optick\u00e9ho prepojenia, ktor\u00fa prijalo konzorcium Open Compute a ktor\u00e1 je zameran\u00e1 na prepojenie vysokop\u00e1smov\u00fdch d\u00e1tov\u00fdch centier.<\/p>\n","protected":false},"featured_media":10290,"template":"","meta":{"_acf_changed":false},"product_brand":[],"product_cat":[398],"product_tag":[],"class_list":{"0":"post-14477","1":"product","2":"type-product","3":"status-publish","4":"has-post-thumbnail","6":"product_cat-prepojovacie-riesenia","8":"first","9":"instock","10":"shipping-taxable","11":"product-type-simple"},"acf":[],"yoast_head":"<!-- This site is optimized with the Yoast SEO plugin v27.0 - https:\/\/yoast.com\/product\/yoast-seo-wordpress\/ -->\n<title>01x MXC PLUG - 01x MXC PLUG 16F OM3 ROUND TRUNK - Sylex<\/title>\n<meta name=\"robots\" content=\"index, follow, max-snippet:-1, max-image-preview:large, max-video-preview:-1\" \/>\n<link rel=\"canonical\" href=\"https:\/\/www.sylex.sk\/sk\/produkt\/01x-mxc-plug-01x-mxc-plug-16f-om3-round-trunk\/\" \/>\n<meta property=\"og:locale\" content=\"sk_SK\" \/>\n<meta property=\"og:type\" content=\"article\" \/>\n<meta property=\"og:title\" content=\"01x MXC PLUG - 01x MXC PLUG 16F OM3 ROUND TRUNK - Sylex\" \/>\n<meta property=\"og:description\" content=\"K\u00e1blov\u00e9 zostavy s konektormi MXC vyu\u017e\u00edvaj\u00fa technol\u00f3giu optick\u00e9ho prepojenia, ktor\u00fa prijalo konzorcium Open Compute a ktor\u00e1 je zameran\u00e1 na prepojenie vysokop\u00e1smov\u00fdch d\u00e1tov\u00fdch centier.\" \/>\n<meta property=\"og:url\" content=\"https:\/\/www.sylex.sk\/sk\/produkt\/01x-mxc-plug-01x-mxc-plug-16f-om3-round-trunk\/\" \/>\n<meta property=\"og:site_name\" content=\"Sylex\" \/>\n<meta property=\"article:publisher\" content=\"https:\/\/www.facebook.com\/sylex.sk\/\" \/>\n<meta property=\"og:image\" content=\"https:\/\/www.sylex.sk\/wp-content\/uploads\/2023\/09\/01xMXC-PLUG-01xMXC-PLUG-16F-OM3-Round-Trunk.jpg\" \/>\n\t<meta property=\"og:image:width\" content=\"1920\" \/>\n\t<meta property=\"og:image:height\" content=\"1300\" \/>\n\t<meta property=\"og:image:type\" content=\"image\/jpeg\" \/>\n<meta name=\"twitter:card\" content=\"summary_large_image\" \/>\n<meta name=\"twitter:site\" content=\"@SYLEX_SK\" \/>\n<meta name=\"twitter:label1\" content=\"Predpokladan\u00fd \u010das \u010d\u00edtania\" \/>\n\t<meta name=\"twitter:data1\" content=\"4 min\u00faty\" \/>\n<script type=\"application\/ld+json\" class=\"yoast-schema-graph\">{\"@context\":\"https:\/\/schema.org\",\"@graph\":[{\"@type\":\"WebPage\",\"@id\":\"https:\/\/www.sylex.sk\/sk\/produkt\/01x-mxc-plug-01x-mxc-plug-16f-om3-round-trunk\/\",\"url\":\"https:\/\/www.sylex.sk\/sk\/produkt\/01x-mxc-plug-01x-mxc-plug-16f-om3-round-trunk\/\",\"name\":\"01x MXC PLUG - 01x MXC PLUG 16F OM3 ROUND TRUNK - Sylex\",\"isPartOf\":{\"@id\":\"https:\/\/wonderful-yonath.136-243-14-103.plesk.page\/#website\"},\"primaryImageOfPage\":{\"@id\":\"https:\/\/www.sylex.sk\/sk\/produkt\/01x-mxc-plug-01x-mxc-plug-16f-om3-round-trunk\/#primaryimage\"},\"image\":{\"@id\":\"https:\/\/www.sylex.sk\/sk\/produkt\/01x-mxc-plug-01x-mxc-plug-16f-om3-round-trunk\/#primaryimage\"},\"thumbnailUrl\":\"https:\/\/www.sylex.sk\/wp-content\/uploads\/2023\/09\/01xMXC-PLUG-01xMXC-PLUG-16F-OM3-Round-Trunk.jpg\",\"datePublished\":\"2023-09-06T10:48:26+00:00\",\"breadcrumb\":{\"@id\":\"https:\/\/www.sylex.sk\/sk\/produkt\/01x-mxc-plug-01x-mxc-plug-16f-om3-round-trunk\/#breadcrumb\"},\"inLanguage\":\"sk-SK\",\"potentialAction\":[{\"@type\":\"ReadAction\",\"target\":[\"https:\/\/www.sylex.sk\/sk\/produkt\/01x-mxc-plug-01x-mxc-plug-16f-om3-round-trunk\/\"]}]},{\"@type\":\"ImageObject\",\"inLanguage\":\"sk-SK\",\"@id\":\"https:\/\/www.sylex.sk\/sk\/produkt\/01x-mxc-plug-01x-mxc-plug-16f-om3-round-trunk\/#primaryimage\",\"url\":\"https:\/\/www.sylex.sk\/wp-content\/uploads\/2023\/09\/01xMXC-PLUG-01xMXC-PLUG-16F-OM3-Round-Trunk.jpg\",\"contentUrl\":\"https:\/\/www.sylex.sk\/wp-content\/uploads\/2023\/09\/01xMXC-PLUG-01xMXC-PLUG-16F-OM3-Round-Trunk.jpg\",\"width\":1920,\"height\":1300},{\"@type\":\"BreadcrumbList\",\"@id\":\"https:\/\/www.sylex.sk\/sk\/produkt\/01x-mxc-plug-01x-mxc-plug-16f-om3-round-trunk\/#breadcrumb\",\"itemListElement\":[{\"@type\":\"ListItem\",\"position\":1,\"name\":\"Home\",\"item\":\"https:\/\/www.sylex.sk\/sk\/\"},{\"@type\":\"ListItem\",\"position\":2,\"name\":\"Shop\",\"item\":\"https:\/\/www.sylex.sk\/sk\/shop\/\"},{\"@type\":\"ListItem\",\"position\":3,\"name\":\"01x MXC PLUG &#8211; 01x MXC PLUG 16F OM3 ROUND TRUNK\"}]},{\"@type\":\"WebSite\",\"@id\":\"https:\/\/wonderful-yonath.136-243-14-103.plesk.page\/#website\",\"url\":\"https:\/\/wonderful-yonath.136-243-14-103.plesk.page\/\",\"name\":\"Sylex\",\"description\":\"Fiber Optics\",\"publisher\":{\"@id\":\"https:\/\/wonderful-yonath.136-243-14-103.plesk.page\/#organization\"},\"potentialAction\":[{\"@type\":\"SearchAction\",\"target\":{\"@type\":\"EntryPoint\",\"urlTemplate\":\"https:\/\/wonderful-yonath.136-243-14-103.plesk.page\/?s={search_term_string}\"},\"query-input\":{\"@type\":\"PropertyValueSpecification\",\"valueRequired\":true,\"valueName\":\"search_term_string\"}}],\"inLanguage\":\"sk-SK\"},{\"@type\":\"Organization\",\"@id\":\"https:\/\/wonderful-yonath.136-243-14-103.plesk.page\/#organization\",\"name\":\"Sylex\",\"url\":\"https:\/\/wonderful-yonath.136-243-14-103.plesk.page\/\",\"logo\":{\"@type\":\"ImageObject\",\"inLanguage\":\"sk-SK\",\"@id\":\"https:\/\/wonderful-yonath.136-243-14-103.plesk.page\/#\/schema\/logo\/image\/\",\"url\":\"https:\/\/www.sylex.sk\/wp-content\/uploads\/2024\/04\/logo4-1.png\",\"contentUrl\":\"https:\/\/www.sylex.sk\/wp-content\/uploads\/2024\/04\/logo4-1.png\",\"width\":308,\"height\":100,\"caption\":\"Sylex\"},\"image\":{\"@id\":\"https:\/\/wonderful-yonath.136-243-14-103.plesk.page\/#\/schema\/logo\/image\/\"},\"sameAs\":[\"https:\/\/www.facebook.com\/sylex.sk\/\",\"https:\/\/x.com\/SYLEX_SK\"]}]}<\/script>\n<!-- \/ Yoast SEO plugin. -->","yoast_head_json":{"title":"01x MXC PLUG - 01x MXC PLUG 16F OM3 ROUND TRUNK - Sylex","robots":{"index":"index","follow":"follow","max-snippet":"max-snippet:-1","max-image-preview":"max-image-preview:large","max-video-preview":"max-video-preview:-1"},"canonical":"https:\/\/www.sylex.sk\/sk\/produkt\/01x-mxc-plug-01x-mxc-plug-16f-om3-round-trunk\/","og_locale":"sk_SK","og_type":"article","og_title":"01x MXC PLUG - 01x MXC PLUG 16F OM3 ROUND TRUNK - Sylex","og_description":"K\u00e1blov\u00e9 zostavy s konektormi MXC vyu\u017e\u00edvaj\u00fa technol\u00f3giu optick\u00e9ho prepojenia, ktor\u00fa prijalo konzorcium Open Compute a ktor\u00e1 je zameran\u00e1 na prepojenie vysokop\u00e1smov\u00fdch d\u00e1tov\u00fdch centier.","og_url":"https:\/\/www.sylex.sk\/sk\/produkt\/01x-mxc-plug-01x-mxc-plug-16f-om3-round-trunk\/","og_site_name":"Sylex","article_publisher":"https:\/\/www.facebook.com\/sylex.sk\/","og_image":[{"width":1920,"height":1300,"url":"https:\/\/www.sylex.sk\/wp-content\/uploads\/2023\/09\/01xMXC-PLUG-01xMXC-PLUG-16F-OM3-Round-Trunk.jpg","type":"image\/jpeg"}],"twitter_card":"summary_large_image","twitter_site":"@SYLEX_SK","twitter_misc":{"Predpokladan\u00fd \u010das \u010d\u00edtania":"4 min\u00faty"},"schema":{"@context":"https:\/\/schema.org","@graph":[{"@type":"WebPage","@id":"https:\/\/www.sylex.sk\/sk\/produkt\/01x-mxc-plug-01x-mxc-plug-16f-om3-round-trunk\/","url":"https:\/\/www.sylex.sk\/sk\/produkt\/01x-mxc-plug-01x-mxc-plug-16f-om3-round-trunk\/","name":"01x MXC PLUG - 01x MXC PLUG 16F OM3 ROUND TRUNK - Sylex","isPartOf":{"@id":"https:\/\/wonderful-yonath.136-243-14-103.plesk.page\/#website"},"primaryImageOfPage":{"@id":"https:\/\/www.sylex.sk\/sk\/produkt\/01x-mxc-plug-01x-mxc-plug-16f-om3-round-trunk\/#primaryimage"},"image":{"@id":"https:\/\/www.sylex.sk\/sk\/produkt\/01x-mxc-plug-01x-mxc-plug-16f-om3-round-trunk\/#primaryimage"},"thumbnailUrl":"https:\/\/www.sylex.sk\/wp-content\/uploads\/2023\/09\/01xMXC-PLUG-01xMXC-PLUG-16F-OM3-Round-Trunk.jpg","datePublished":"2023-09-06T10:48:26+00:00","breadcrumb":{"@id":"https:\/\/www.sylex.sk\/sk\/produkt\/01x-mxc-plug-01x-mxc-plug-16f-om3-round-trunk\/#breadcrumb"},"inLanguage":"sk-SK","potentialAction":[{"@type":"ReadAction","target":["https:\/\/www.sylex.sk\/sk\/produkt\/01x-mxc-plug-01x-mxc-plug-16f-om3-round-trunk\/"]}]},{"@type":"ImageObject","inLanguage":"sk-SK","@id":"https:\/\/www.sylex.sk\/sk\/produkt\/01x-mxc-plug-01x-mxc-plug-16f-om3-round-trunk\/#primaryimage","url":"https:\/\/www.sylex.sk\/wp-content\/uploads\/2023\/09\/01xMXC-PLUG-01xMXC-PLUG-16F-OM3-Round-Trunk.jpg","contentUrl":"https:\/\/www.sylex.sk\/wp-content\/uploads\/2023\/09\/01xMXC-PLUG-01xMXC-PLUG-16F-OM3-Round-Trunk.jpg","width":1920,"height":1300},{"@type":"BreadcrumbList","@id":"https:\/\/www.sylex.sk\/sk\/produkt\/01x-mxc-plug-01x-mxc-plug-16f-om3-round-trunk\/#breadcrumb","itemListElement":[{"@type":"ListItem","position":1,"name":"Home","item":"https:\/\/www.sylex.sk\/sk\/"},{"@type":"ListItem","position":2,"name":"Shop","item":"https:\/\/www.sylex.sk\/sk\/shop\/"},{"@type":"ListItem","position":3,"name":"01x MXC PLUG &#8211; 01x MXC PLUG 16F OM3 ROUND TRUNK"}]},{"@type":"WebSite","@id":"https:\/\/wonderful-yonath.136-243-14-103.plesk.page\/#website","url":"https:\/\/wonderful-yonath.136-243-14-103.plesk.page\/","name":"Sylex","description":"Fiber Optics","publisher":{"@id":"https:\/\/wonderful-yonath.136-243-14-103.plesk.page\/#organization"},"potentialAction":[{"@type":"SearchAction","target":{"@type":"EntryPoint","urlTemplate":"https:\/\/wonderful-yonath.136-243-14-103.plesk.page\/?s={search_term_string}"},"query-input":{"@type":"PropertyValueSpecification","valueRequired":true,"valueName":"search_term_string"}}],"inLanguage":"sk-SK"},{"@type":"Organization","@id":"https:\/\/wonderful-yonath.136-243-14-103.plesk.page\/#organization","name":"Sylex","url":"https:\/\/wonderful-yonath.136-243-14-103.plesk.page\/","logo":{"@type":"ImageObject","inLanguage":"sk-SK","@id":"https:\/\/wonderful-yonath.136-243-14-103.plesk.page\/#\/schema\/logo\/image\/","url":"https:\/\/www.sylex.sk\/wp-content\/uploads\/2024\/04\/logo4-1.png","contentUrl":"https:\/\/www.sylex.sk\/wp-content\/uploads\/2024\/04\/logo4-1.png","width":308,"height":100,"caption":"Sylex"},"image":{"@id":"https:\/\/wonderful-yonath.136-243-14-103.plesk.page\/#\/schema\/logo\/image\/"},"sameAs":["https:\/\/www.facebook.com\/sylex.sk\/","https:\/\/x.com\/SYLEX_SK"]}]}},"_links":{"self":[{"href":"https:\/\/www.sylex.sk\/sk\/wp-json\/wp\/v2\/product\/14477","targetHints":{"allow":["GET"]}}],"collection":[{"href":"https:\/\/www.sylex.sk\/sk\/wp-json\/wp\/v2\/product"}],"about":[{"href":"https:\/\/www.sylex.sk\/sk\/wp-json\/wp\/v2\/types\/product"}],"version-history":[{"count":0,"href":"https:\/\/www.sylex.sk\/sk\/wp-json\/wp\/v2\/product\/14477\/revisions"}],"wp:featuredmedia":[{"embeddable":true,"href":"https:\/\/www.sylex.sk\/sk\/wp-json\/wp\/v2\/media\/10290"}],"wp:attachment":[{"href":"https:\/\/www.sylex.sk\/sk\/wp-json\/wp\/v2\/media?parent=14477"}],"wp:term":[{"taxonomy":"product_brand","embeddable":true,"href":"https:\/\/www.sylex.sk\/sk\/wp-json\/wp\/v2\/product_brand?post=14477"},{"taxonomy":"product_cat","embeddable":true,"href":"https:\/\/www.sylex.sk\/sk\/wp-json\/wp\/v2\/product_cat?post=14477"},{"taxonomy":"product_tag","embeddable":true,"href":"https:\/\/www.sylex.sk\/sk\/wp-json\/wp\/v2\/product_tag?post=14477"}],"curies":[{"name":"wp","href":"https:\/\/api.w.org\/{rel}","templated":true}]}}