{"id":14486,"date":"2023-09-06T11:50:12","date_gmt":"2023-09-06T10:50:12","guid":{"rendered":"https:\/\/www.sylex.sk\/product\/s-line-view-1-0\/"},"modified":"2023-09-06T11:50:12","modified_gmt":"2023-09-06T10:50:12","slug":"s-line-view-1-0","status":"publish","type":"product","link":"https:\/\/www.sylex.sk\/sk\/produkt\/s-line-view-1-0\/","title":{"rendered":"S-line View 1.0"},"content":{"rendered":"<p>[av_layout_row border=&#8220;&#8220; min_height_percent=&#8220;&#8220; min_height=&#8220;0&#8243; color=&#8220;main_color&#8220; mobile=&#8220;av-flex-cells&#8220; id=&#8220;#product&#8220; av_element_hidden_in_editor=&#8220;0&#8243; mobile_breaking=&#8220;&#8220; av_uid=&#8220;av-umtjd&#8220;]<\/p>\n<p>[av_cell_one_half av_uid=&#8220;av-lpfbl&#8220;]<\/p>\n<p>[av_one_full first min_height=&#8220;&#8220; vertical_alignment=&#8220;av-align-top&#8220; space=&#8220;&#8220; margin=&#8220;0px&#8220; margin_sync=&#8220;true&#8220; link=&#8220;&#8220; linktarget=&#8220;&#8220; link_hover=&#8220;&#8220; padding=&#8220;0px&#8220; padding_sync=&#8220;true&#8220; border=&#8220;&#8220; border_color=&#8220;#e5e5e5&#8243; radius=&#8220;0px&#8220; radius_sync=&#8220;true&#8220; background=&#8220;bg_color&#8220; background_color=&#8220;&#8220; background_gradient_color1=&#8220;&#8220; background_gradient_color2=&#8220;&#8220; background_gradient_direction=&#8220;vertical&#8220; src=&#8220;&#8220; attachment=&#8220;&#8220; attachment_size=&#8220;&#8220; background_position=&#8220;top left&#8220; background_repeat=&#8220;no-repeat&#8220; animation=&#8220;&#8220; mobile_breaking=&#8220;&#8220; mobile_display=&#8220;&#8220; av_uid=&#8220;av-qfclt&#8220;]<\/p>\n<p>[av_gallery ids=&#8220;1636,5913,5915,5917,5919,5921,5923,5925&#8243; style=&#8220;big_thumb&#8220; preview_size=&#8220;no scaling&#8220; crop_big_preview_thumbnail=&#8220;avia-gallery-big-crop-thumb&#8220; thumb_size=&#8220;portfolio&#8220; columns=&#8220;5&#8243; imagelink=&#8220;lightbox&#8220; lazyload=&#8220;deactivate_avia_lazyload&#8220; av_uid=&#8220;av-jktq8kwl&#8220; custom_class=&#8220;&#8220; admin_preview_bg=&#8220;&#8220;]<\/p>\n<p>[\/av_one_full][\/av_cell_one_half][av_cell_one_half vertical_align=&#8220;top&#8220; padding=&#8220;30px&#8220; background=&#8220;bg_color&#8220; background_color=&#8220;&#8220; background_gradient_color1=&#8220;&#8220; background_gradient_color2=&#8220;&#8220; background_gradient_direction=&#8220;vertical&#8220; src=&#8220;&#8220; background_attachment=&#8220;scroll&#8220; background_position=&#8220;top left&#8220; background_repeat=&#8220;no-repeat&#8220; link=&#8220;&#8220; linktarget=&#8220;&#8220; link_hover=&#8220;&#8220; mobile_display=&#8220;&#8220; av_uid=&#8220;av-cyz3t&#8220;]<\/p>\n<p>[av_table purpose=&#8220;tabular&#8220; pricing_table_design=&#8220;avia_pricing_default&#8220; pricing_hidden_cells=&#8220;&#8220; caption=&#8220;&#8220; responsive_styling=&#8220;avia_responsive_table&#8220; av_uid=&#8220;av-m5zl&#8220; custom_class=&#8220;&#8220;]<br \/>\n[av_row row_style=&#8220;&#8220; av_uid=&#8220;av-4tp903&#8243;][av_cell col_style=&#8220;avia-center-col&#8220; av_uid=&#8220;av-218s3n&#8220;]<a href=\"https:\/\/www.sylex.sk\/wp-content\/uploads\/2018\/09\/S-line-View-1.0.pdf\" target=\"_blank\" rel=\"noopener noreferrer\"><img decoding=\"async\" src=\"https:\/\/www.sylex.sk\/wp-content\/uploads\/2018\/08\/pdfIcon.png\"><\/a> <a title=\"Datasheet\" href=\"https:\/\/www.sylex.sk\/wp-content\/uploads\/2018\/09\/S-line-View-1.0.pdf\" target=\"_blank\" rel=\"noopener noreferrer\">Datasheet<\/a>[\/av_cell][\/av_row]<br \/>\n[\/av_table]<\/p>\n<p>[av_one_full first min_height=&#8220;&#8220; vertical_alignment=&#8220;&#8220; space=&#8220;&#8220; custom_margin=&#8220;&#8220; margin=&#8220;0px&#8220; link=&#8220;&#8220; linktarget=&#8220;&#8220; link_hover=&#8220;&#8220; padding=&#8220;0px&#8220; border=&#8220;&#8220; border_color=&#8220;&#8220; radius=&#8220;0px&#8220; background=&#8220;bg_color&#8220; background_color=&#8220;&#8220; background_gradient_color1=&#8220;&#8220; background_gradient_color2=&#8220;&#8220; background_gradient_direction=&#8220;vertical&#8220; src=&#8220;&#8220; background_position=&#8220;top left&#8220; background_repeat=&#8220;no-repeat&#8220; animation=&#8220;&#8220; mobile_breaking=&#8220;&#8220; mobile_display=&#8220;&#8220; av_uid=&#8220;av-im5x5&#8243;]<\/p>\n<p>[av_textblock size=&#8220;&#8220; font_color=&#8220;&#8220; color=&#8220;&#8220; av-medium-font-size=&#8220;&#8220; av-small-font-size=&#8220;&#8220; av-mini-font-size=&#8220;&#8220; av_uid=&#8220;av-jks8ksus&#8220; custom_class=&#8220;&#8220; admin_preview_bg=&#8220;&#8220;]<\/p>\n<h2>Z\u00e1kladn\u00e9 charakteristiky<\/h2>\n<p class=\"bodytext\">Spr\u00e1va \u00fadajov sa st\u00e1va jedn\u00fdm z najd\u00f4le\u017eitej\u0161\u00edch aspektov modern\u00fdch monitorovac\u00edch syst\u00e9mov. S rast\u00facim po\u010dtom meran\u00fdch objektov a vy\u0161\u0161ou hustotou potrebn\u00fdch sn\u00edmac\u00edch bodov je efekt\u00edvne spracovanie \u00fadajov a ich jednoduch\u00e1 vizualiz\u00e1cia ove\u013ea jednoduch\u0161ia v\u010faka spr\u00e1vnemu n\u00e1stroju. <b>S-line View 1.0<\/b> je skvel\u00fdm rozhran\u00edm pre poskytovate\u013eov \u00fadajov aj pou\u017e\u00edvate\u013eov. Spolo\u010dnos\u0165 Sylex to pon\u00faka ako volite\u013en\u00fa slu\u017ebu pre klientov, ktor\u00ed nemaj\u00fa vlastn\u00e9 syst\u00e9my spr\u00e1vy \u00fadajov. Nechajte n\u00e1\u0161 t\u00edm nastavi\u0165 cel\u00fa predn\u00fa a zadn\u00fa \u010das\u0165 syst\u00e9mu S-line pre va\u0161e monitorovacie projekty.<\/p>\n<p class=\"bodytext\"><b>S-line View 1.0<\/b> &#8211; webov\u00fd softv\u00e9r na spr\u00e1vu \u00fadajov na zber, anal\u00fdzu, valid\u00e1ciu a on-line vizualiz\u00e1ciu nameran\u00fdch \u00fadajov. Pon\u00faka:<\/p>\n<ul>\n<li>Webov\u00fd pr\u00edstup k \u00fadajom<\/li>\n<li>Ukladanie \u00fadajov<\/li>\n<li>Vizualiz\u00e1cia v re\u00e1lnom \u010dase pomocou grafov, zobrazen\u00ed v re\u00e1lnom \u010dase a tabuliek \u00fadajov<\/li>\n<li>Viacero sp\u00fa\u0161\u0165a\u010dov alarmu<\/li>\n<li>Sk\u00famanie historick\u00fdch \u00fadajov<\/li>\n<li>Automatick\u00e9 spr\u00e1vy<\/li>\n<li>Komplexn\u00e1 webov\u00e1 slu\u017eba pre projekty akejko\u013evek ve\u013ekosti<\/li>\n<\/ul>\n<p class=\"bodytext\"><b>S-line View 1.0<\/b> &#8211; podporuje v\u0161etky typy sn\u00edma\u010dov alebo dataloggerov, \u010d\u00edm umo\u017e\u0148uje sp\u00e1ja\u0165 \u00fadaje z r\u00f4znych technol\u00f3gi\u00ed sn\u00edmania do jedn\u00e9ho projektu.<\/p>\n<p class=\"bodytext\"><b>S-line View 1.0<\/b> &#8211; je obchodn\u00fd n\u00e1zov spolo\u010dnosti Sylex pre softv\u00e9r Vista Engineering Vista Data Vision.<\/p>\n<p>[\/av_textblock]<\/p>\n<p>[av_social_share title=&#8220;Zdie\u013ea\u0165 tento z\u00e1znam&#8220; style=&#8220;&#8220; buttons=&#8220;&#8220; share_facebook=&#8220;&#8220; share_twitter=&#8220;&#8220; share_pinterest=&#8220;&#8220; share_gplus=&#8220;&#8220; share_reddit=&#8220;&#8220; share_linkedin=&#8220;&#8220; share_tumblr=&#8220;&#8220; share_vk=&#8220;&#8220; share_mail=&#8220;&#8220; av-desktop-hide=&#8220;&#8220; av-medium-hide=&#8220;&#8220; av-small-hide=&#8220;&#8220; av-mini-hide=&#8220;&#8220; av_uid=&#8220;av-2yrp6b&#8220;]<\/p>\n<p>[\/av_one_full][\/av_cell_one_half][\/av_layout_row]<\/p>\n","protected":false},"excerpt":{"rendered":"<p>Praktick\u00fd webov\u00fd vizualiza\u010dn\u00fd SW, ktor\u00fd premie\u0148a \u00fadaje zo Sentinelu 2.0 na on-line pr\u00edstupn\u00e9 inform\u00e1cie pre pou\u017e\u00edvate\u013eov. V\u0161etko sa zobrazuje v atrakt\u00edvnych grafoch v re\u00e1lnom \u010dase, tabu\u013ek\u00e1ch, videoprenosoch in-situ alebo fotografi\u00e1ch objektov. Bu\u010fte v kontakte so svojimi meraniami a s\u0165ahujte si spr\u00e1vy odkia\u013eko\u013evek na svete pomocou notebooku alebo dokonca smartf\u00f3nu.<\/p>\n","protected":false},"featured_media":10278,"template":"","meta":{"_acf_changed":false},"product_brand":[],"product_cat":[405,444],"product_tag":[],"class_list":{"0":"post-14486","1":"product","2":"type-product","3":"status-publish","4":"has-post-thumbnail","6":"product_cat-snimace-a-snimacie-systemy","7":"product_cat-vyhodnocovaci-software","9":"first","10":"instock","11":"shipping-taxable","12":"product-type-simple"},"acf":[],"yoast_head":"<!-- This site is optimized with the Yoast SEO plugin v27.0 - https:\/\/yoast.com\/product\/yoast-seo-wordpress\/ -->\n<title>S-line View 1.0 - Sylex<\/title>\n<meta name=\"robots\" content=\"index, follow, max-snippet:-1, max-image-preview:large, max-video-preview:-1\" \/>\n<link rel=\"canonical\" href=\"https:\/\/www.sylex.sk\/sk\/produkt\/s-line-view-1-0\/\" \/>\n<meta property=\"og:locale\" content=\"sk_SK\" \/>\n<meta property=\"og:type\" content=\"article\" \/>\n<meta property=\"og:title\" content=\"S-line View 1.0 - Sylex\" \/>\n<meta property=\"og:description\" content=\"Praktick\u00fd webov\u00fd vizualiza\u010dn\u00fd SW, ktor\u00fd premie\u0148a \u00fadaje zo Sentinelu 2.0 na on-line pr\u00edstupn\u00e9 inform\u00e1cie pre pou\u017e\u00edvate\u013eov. V\u0161etko sa zobrazuje v atrakt\u00edvnych grafoch v re\u00e1lnom \u010dase, tabu\u013ek\u00e1ch, videoprenosoch in-situ alebo fotografi\u00e1ch objektov. Bu\u010fte v kontakte so svojimi meraniami a s\u0165ahujte si spr\u00e1vy odkia\u013eko\u013evek na svete pomocou notebooku alebo dokonca smartf\u00f3nu.\" \/>\n<meta property=\"og:url\" content=\"https:\/\/www.sylex.sk\/sk\/produkt\/s-line-view-1-0\/\" \/>\n<meta property=\"og:site_name\" content=\"Sylex\" \/>\n<meta property=\"article:publisher\" content=\"https:\/\/www.facebook.com\/sylex.sk\/\" \/>\n<meta property=\"og:image\" content=\"https:\/\/www.sylex.sk\/wp-content\/uploads\/2023\/09\/S-line-View-1.0.jpg\" \/>\n\t<meta property=\"og:image:width\" content=\"1920\" \/>\n\t<meta property=\"og:image:height\" content=\"1300\" \/>\n\t<meta property=\"og:image:type\" content=\"image\/jpeg\" \/>\n<meta name=\"twitter:card\" content=\"summary_large_image\" \/>\n<meta name=\"twitter:site\" content=\"@SYLEX_SK\" \/>\n<meta name=\"twitter:label1\" content=\"Predpokladan\u00fd \u010das \u010d\u00edtania\" \/>\n\t<meta name=\"twitter:data1\" content=\"3 min\u00faty\" \/>\n<script type=\"application\/ld+json\" class=\"yoast-schema-graph\">{\"@context\":\"https:\/\/schema.org\",\"@graph\":[{\"@type\":\"WebPage\",\"@id\":\"https:\/\/www.sylex.sk\/sk\/produkt\/s-line-view-1-0\/\",\"url\":\"https:\/\/www.sylex.sk\/sk\/produkt\/s-line-view-1-0\/\",\"name\":\"S-line View 1.0 - Sylex\",\"isPartOf\":{\"@id\":\"https:\/\/wonderful-yonath.136-243-14-103.plesk.page\/#website\"},\"primaryImageOfPage\":{\"@id\":\"https:\/\/www.sylex.sk\/sk\/produkt\/s-line-view-1-0\/#primaryimage\"},\"image\":{\"@id\":\"https:\/\/www.sylex.sk\/sk\/produkt\/s-line-view-1-0\/#primaryimage\"},\"thumbnailUrl\":\"https:\/\/www.sylex.sk\/wp-content\/uploads\/2023\/09\/S-line-View-1.0.jpg\",\"datePublished\":\"2023-09-06T10:50:12+00:00\",\"breadcrumb\":{\"@id\":\"https:\/\/www.sylex.sk\/sk\/produkt\/s-line-view-1-0\/#breadcrumb\"},\"inLanguage\":\"sk-SK\",\"potentialAction\":[{\"@type\":\"ReadAction\",\"target\":[\"https:\/\/www.sylex.sk\/sk\/produkt\/s-line-view-1-0\/\"]}]},{\"@type\":\"ImageObject\",\"inLanguage\":\"sk-SK\",\"@id\":\"https:\/\/www.sylex.sk\/sk\/produkt\/s-line-view-1-0\/#primaryimage\",\"url\":\"https:\/\/www.sylex.sk\/wp-content\/uploads\/2023\/09\/S-line-View-1.0.jpg\",\"contentUrl\":\"https:\/\/www.sylex.sk\/wp-content\/uploads\/2023\/09\/S-line-View-1.0.jpg\",\"width\":1920,\"height\":1300},{\"@type\":\"BreadcrumbList\",\"@id\":\"https:\/\/www.sylex.sk\/sk\/produkt\/s-line-view-1-0\/#breadcrumb\",\"itemListElement\":[{\"@type\":\"ListItem\",\"position\":1,\"name\":\"Home\",\"item\":\"https:\/\/www.sylex.sk\/sk\/\"},{\"@type\":\"ListItem\",\"position\":2,\"name\":\"Shop\",\"item\":\"https:\/\/www.sylex.sk\/sk\/shop\/\"},{\"@type\":\"ListItem\",\"position\":3,\"name\":\"S-line View 1.0\"}]},{\"@type\":\"WebSite\",\"@id\":\"https:\/\/wonderful-yonath.136-243-14-103.plesk.page\/#website\",\"url\":\"https:\/\/wonderful-yonath.136-243-14-103.plesk.page\/\",\"name\":\"Sylex\",\"description\":\"Fiber Optics\",\"publisher\":{\"@id\":\"https:\/\/wonderful-yonath.136-243-14-103.plesk.page\/#organization\"},\"potentialAction\":[{\"@type\":\"SearchAction\",\"target\":{\"@type\":\"EntryPoint\",\"urlTemplate\":\"https:\/\/wonderful-yonath.136-243-14-103.plesk.page\/?s={search_term_string}\"},\"query-input\":{\"@type\":\"PropertyValueSpecification\",\"valueRequired\":true,\"valueName\":\"search_term_string\"}}],\"inLanguage\":\"sk-SK\"},{\"@type\":\"Organization\",\"@id\":\"https:\/\/wonderful-yonath.136-243-14-103.plesk.page\/#organization\",\"name\":\"Sylex\",\"url\":\"https:\/\/wonderful-yonath.136-243-14-103.plesk.page\/\",\"logo\":{\"@type\":\"ImageObject\",\"inLanguage\":\"sk-SK\",\"@id\":\"https:\/\/wonderful-yonath.136-243-14-103.plesk.page\/#\/schema\/logo\/image\/\",\"url\":\"https:\/\/www.sylex.sk\/wp-content\/uploads\/2024\/04\/logo4-1.png\",\"contentUrl\":\"https:\/\/www.sylex.sk\/wp-content\/uploads\/2024\/04\/logo4-1.png\",\"width\":308,\"height\":100,\"caption\":\"Sylex\"},\"image\":{\"@id\":\"https:\/\/wonderful-yonath.136-243-14-103.plesk.page\/#\/schema\/logo\/image\/\"},\"sameAs\":[\"https:\/\/www.facebook.com\/sylex.sk\/\",\"https:\/\/x.com\/SYLEX_SK\"]}]}<\/script>\n<!-- \/ Yoast SEO plugin. -->","yoast_head_json":{"title":"S-line View 1.0 - Sylex","robots":{"index":"index","follow":"follow","max-snippet":"max-snippet:-1","max-image-preview":"max-image-preview:large","max-video-preview":"max-video-preview:-1"},"canonical":"https:\/\/www.sylex.sk\/sk\/produkt\/s-line-view-1-0\/","og_locale":"sk_SK","og_type":"article","og_title":"S-line View 1.0 - Sylex","og_description":"Praktick\u00fd webov\u00fd vizualiza\u010dn\u00fd SW, ktor\u00fd premie\u0148a \u00fadaje zo Sentinelu 2.0 na on-line pr\u00edstupn\u00e9 inform\u00e1cie pre pou\u017e\u00edvate\u013eov. V\u0161etko sa zobrazuje v atrakt\u00edvnych grafoch v re\u00e1lnom \u010dase, tabu\u013ek\u00e1ch, videoprenosoch in-situ alebo fotografi\u00e1ch objektov. Bu\u010fte v kontakte so svojimi meraniami a s\u0165ahujte si spr\u00e1vy odkia\u013eko\u013evek na svete pomocou notebooku alebo dokonca smartf\u00f3nu.","og_url":"https:\/\/www.sylex.sk\/sk\/produkt\/s-line-view-1-0\/","og_site_name":"Sylex","article_publisher":"https:\/\/www.facebook.com\/sylex.sk\/","og_image":[{"width":1920,"height":1300,"url":"https:\/\/www.sylex.sk\/wp-content\/uploads\/2023\/09\/S-line-View-1.0.jpg","type":"image\/jpeg"}],"twitter_card":"summary_large_image","twitter_site":"@SYLEX_SK","twitter_misc":{"Predpokladan\u00fd \u010das \u010d\u00edtania":"3 min\u00faty"},"schema":{"@context":"https:\/\/schema.org","@graph":[{"@type":"WebPage","@id":"https:\/\/www.sylex.sk\/sk\/produkt\/s-line-view-1-0\/","url":"https:\/\/www.sylex.sk\/sk\/produkt\/s-line-view-1-0\/","name":"S-line View 1.0 - Sylex","isPartOf":{"@id":"https:\/\/wonderful-yonath.136-243-14-103.plesk.page\/#website"},"primaryImageOfPage":{"@id":"https:\/\/www.sylex.sk\/sk\/produkt\/s-line-view-1-0\/#primaryimage"},"image":{"@id":"https:\/\/www.sylex.sk\/sk\/produkt\/s-line-view-1-0\/#primaryimage"},"thumbnailUrl":"https:\/\/www.sylex.sk\/wp-content\/uploads\/2023\/09\/S-line-View-1.0.jpg","datePublished":"2023-09-06T10:50:12+00:00","breadcrumb":{"@id":"https:\/\/www.sylex.sk\/sk\/produkt\/s-line-view-1-0\/#breadcrumb"},"inLanguage":"sk-SK","potentialAction":[{"@type":"ReadAction","target":["https:\/\/www.sylex.sk\/sk\/produkt\/s-line-view-1-0\/"]}]},{"@type":"ImageObject","inLanguage":"sk-SK","@id":"https:\/\/www.sylex.sk\/sk\/produkt\/s-line-view-1-0\/#primaryimage","url":"https:\/\/www.sylex.sk\/wp-content\/uploads\/2023\/09\/S-line-View-1.0.jpg","contentUrl":"https:\/\/www.sylex.sk\/wp-content\/uploads\/2023\/09\/S-line-View-1.0.jpg","width":1920,"height":1300},{"@type":"BreadcrumbList","@id":"https:\/\/www.sylex.sk\/sk\/produkt\/s-line-view-1-0\/#breadcrumb","itemListElement":[{"@type":"ListItem","position":1,"name":"Home","item":"https:\/\/www.sylex.sk\/sk\/"},{"@type":"ListItem","position":2,"name":"Shop","item":"https:\/\/www.sylex.sk\/sk\/shop\/"},{"@type":"ListItem","position":3,"name":"S-line View 1.0"}]},{"@type":"WebSite","@id":"https:\/\/wonderful-yonath.136-243-14-103.plesk.page\/#website","url":"https:\/\/wonderful-yonath.136-243-14-103.plesk.page\/","name":"Sylex","description":"Fiber Optics","publisher":{"@id":"https:\/\/wonderful-yonath.136-243-14-103.plesk.page\/#organization"},"potentialAction":[{"@type":"SearchAction","target":{"@type":"EntryPoint","urlTemplate":"https:\/\/wonderful-yonath.136-243-14-103.plesk.page\/?s={search_term_string}"},"query-input":{"@type":"PropertyValueSpecification","valueRequired":true,"valueName":"search_term_string"}}],"inLanguage":"sk-SK"},{"@type":"Organization","@id":"https:\/\/wonderful-yonath.136-243-14-103.plesk.page\/#organization","name":"Sylex","url":"https:\/\/wonderful-yonath.136-243-14-103.plesk.page\/","logo":{"@type":"ImageObject","inLanguage":"sk-SK","@id":"https:\/\/wonderful-yonath.136-243-14-103.plesk.page\/#\/schema\/logo\/image\/","url":"https:\/\/www.sylex.sk\/wp-content\/uploads\/2024\/04\/logo4-1.png","contentUrl":"https:\/\/www.sylex.sk\/wp-content\/uploads\/2024\/04\/logo4-1.png","width":308,"height":100,"caption":"Sylex"},"image":{"@id":"https:\/\/wonderful-yonath.136-243-14-103.plesk.page\/#\/schema\/logo\/image\/"},"sameAs":["https:\/\/www.facebook.com\/sylex.sk\/","https:\/\/x.com\/SYLEX_SK"]}]}},"_links":{"self":[{"href":"https:\/\/www.sylex.sk\/sk\/wp-json\/wp\/v2\/product\/14486","targetHints":{"allow":["GET"]}}],"collection":[{"href":"https:\/\/www.sylex.sk\/sk\/wp-json\/wp\/v2\/product"}],"about":[{"href":"https:\/\/www.sylex.sk\/sk\/wp-json\/wp\/v2\/types\/product"}],"version-history":[{"count":0,"href":"https:\/\/www.sylex.sk\/sk\/wp-json\/wp\/v2\/product\/14486\/revisions"}],"wp:featuredmedia":[{"embeddable":true,"href":"https:\/\/www.sylex.sk\/sk\/wp-json\/wp\/v2\/media\/10278"}],"wp:attachment":[{"href":"https:\/\/www.sylex.sk\/sk\/wp-json\/wp\/v2\/media?parent=14486"}],"wp:term":[{"taxonomy":"product_brand","embeddable":true,"href":"https:\/\/www.sylex.sk\/sk\/wp-json\/wp\/v2\/product_brand?post=14486"},{"taxonomy":"product_cat","embeddable":true,"href":"https:\/\/www.sylex.sk\/sk\/wp-json\/wp\/v2\/product_cat?post=14486"},{"taxonomy":"product_tag","embeddable":true,"href":"https:\/\/www.sylex.sk\/sk\/wp-json\/wp\/v2\/product_tag?post=14486"}],"curies":[{"name":"wp","href":"https:\/\/api.w.org\/{rel}","templated":true}]}}