{"id":14497,"date":"2023-09-06T12:10:33","date_gmt":"2023-09-06T11:10:33","guid":{"rendered":"https:\/\/www.sylex.sk\/product\/snimacie-systemy-testovaci-vyrobok-na-chate\/"},"modified":"2025-01-17T10:49:05","modified_gmt":"2025-01-17T09:49:05","slug":"sensing-systems-chat-test-product","status":"publish","type":"product","link":"https:\/\/www.sylex.sk\/sk\/produkt\/sensing-systems-chat-test-product\/","title":{"rendered":"Sensing Systems &#8211; chat test product"},"content":{"rendered":"<p>[av_layout_row border=&#8220; min_height_percent=&#8220; min_height=&#8217;0&#8242; color=&#8217;main_color&#8216; mobile=&#8217;av-flex-cells&#8216; id=&#8217;#product&#8216; av_element_hidden_in_editor=&#8217;0&#8242; mobile_breaking=&#8220; av_uid=&#8217;av-umtjd&#8216;]<\/p>\n<p>[av_cell_one_half av_uid=&#8217;av-lpfbl&#8216;]<\/p>\n<p>[av_one_full first min_height=&#8220; vertical_alignment=&#8217;av-align-top&#8216; space=&#8220; margin=&#8217;0px&#8216; margin_sync=&#8217;true&#8216; link=&#8220; linktarget=&#8220; link_hover=&#8220; padding=&#8217;0px&#8216; padding_sync=&#8217;true&#8216; border=&#8220; border_color=&#8217;#e5e5e5&#8242; radius=&#8217;0px&#8216; radius_sync=&#8217;true&#8216; background=&#8217;bg_color&#8216; background_color=&#8220; background_gradient_color1=&#8220; background_gradient_color2=&#8220; background_gradient_direction=&#8217;vertical&#8216; src=&#8220; attachment=&#8220; attachment_size=&#8220; background_position=&#8217;top left&#8216; background_repeat=&#8217;no-repeat&#8216; animation=&#8220; mobile_breaking=&#8220; mobile_display=&#8220; av_uid=&#8217;av-qfclt&#8216;]<\/p>\n<p>[av_gallery ids=&#8217;5072,5070&#8242; style=&#8217;big_thumb lightbox_gallery&#8216; preview_size=&#8217;no scaling&#8216; crop_big_preview_thumbnail=&#8217;avia-gallery-big-crop-thumb&#8216; thumb_size=&#8217;portfolio&#8216; columns=&#8217;5&#8242; imagelink=&#8217;lightbox&#8216; lazyload=&#8217;deactivate_avia_lazyload&#8216; av_uid=&#8217;av-jktq8kwl&#8216; custom_class=&#8220; admin_preview_bg=&#8220;]<\/p>\n<p>[\/av_one_full][\/av_cell_one_half][av_cell_one_half vertical_align=&#8217;top&#8216; padding=&#8217;30px&#8216; background=&#8217;bg_color&#8216; background_color=&#8220; background_gradient_color1=&#8220; background_gradient_color2=&#8220; background_gradient_direction=&#8217;vertical&#8216; src=&#8220; background_attachment=&#8217;scroll&#8216; background_position=&#8217;top left&#8216; background_repeat=&#8217;no-repeat&#8216; link=&#8220; linktarget=&#8220; link_hover=&#8220; mobile_display=&#8220; av_uid=&#8217;av-cyz3t&#8216;]<\/p>\n<p>[av_table purpose=&#8217;tabular&#8216; pricing_table_design=&#8217;avia_pricing_default&#8216; pricing_hidden_cells=&#8220; caption=&#8220; responsive_styling=&#8217;avia_responsive_table&#8216; av_uid=&#8217;av-m5zl&#8216; custom_class=&#8220;]<br \/>\n[av_row row_style=&#8220;][av_cell col_style=&#8217;avia-center-col&#8216;]<a href=\"https:\/\/www.sylex.sk\/wp-content\/uploads\/2018\/09\/SPA-02-Standard-patchcord-cable-OD-18mm-1-fiber.pdf\" target=\"_blank\" rel=\"noopener\"><img decoding=\"async\" src=\"https:\/\/www.sylex.sk\/wp-content\/uploads\/2018\/08\/pdfIcon.png\" \/><\/a> <a title=\"Datasheet\" href=\"https:\/\/www.sylex.sk\/wp-content\/uploads\/2018\/09\/SPA-02-Standard-patchcord-cable-OD-18mm-1-fiber.pdf\" target=\"_blank\" rel=\"noopener\">Datasheet<\/a>[\/av_cell][av_cell col_style=&#8217;avia-center-col&#8216;]<a href=\"https:\/\/www.sylex.sk\/wp-content\/uploads\/2018\/09\/SPA-02-Product-Drawing.pdf\" target=\"_blank\" rel=\"noopener\"><img decoding=\"async\" src=\"https:\/\/www.sylex.sk\/wp-content\/uploads\/2018\/08\/pdfIcon.png\" \/><\/a> <a title=\"Drawing\" href=\"https:\/\/www.sylex.sk\/wp-content\/uploads\/2018\/09\/SPA-02-Product-Drawing.pdf\" target=\"_blank\" rel=\"noopener\">Drawing<\/a>[\/av_cell][\/av_row]<br \/>\n[\/av_table]<\/p>\n<p>[av_one_full first min_height=&#8220; vertical_alignment=&#8220; space=&#8220; custom_margin=&#8220; margin=&#8217;0px&#8216; link=&#8220; linktarget=&#8220; link_hover=&#8220; padding=&#8217;0px&#8216; border=&#8220; border_color=&#8220; radius=&#8217;0px&#8216; background=&#8217;bg_color&#8216; background_color=&#8220; background_gradient_color1=&#8220; background_gradient_color2=&#8220; background_gradient_direction=&#8217;vertical&#8216; src=&#8220; background_position=&#8217;top left&#8216; background_repeat=&#8217;no-repeat&#8216; animation=&#8220; mobile_breaking=&#8220; mobile_display=&#8220; av_uid=&#8217;av-im5x5&#8242;]<\/p>\n<p>[av_textblock size=&#8220; font_color=&#8220; color=&#8220; av-medium-font-size=&#8220; av-small-font-size=&#8220; av-mini-font-size=&#8220; av_uid=&#8217;av-jks8ksus&#8216; custom_class=&#8220; admin_preview_bg=&#8220;]<\/p>\n<h2>Characteristics<\/h2>\n<ul>\n<li>SPA-02: is extension patchcord cable made of 1,8mm cable and with FC\/APC connector at both sides.<\/li>\n<li>SPA-02: is used for extending cable lengths, connecting sensors into arrays using connector connection and interconnecting S-line interrogation units.<\/li>\n<\/ul>\n<p>[\/av_textblock]<\/p>\n<p>[av_social_share title=&#8217;Share this entry&#8216; style=&#8220; buttons=&#8220; share_facebook=&#8220; share_twitter=&#8220; share_pinterest=&#8220; share_gplus=&#8220; share_reddit=&#8220; share_linkedin=&#8220; share_tumblr=&#8220; share_vk=&#8220; share_mail=&#8220; av-desktop-hide=&#8220; av-medium-hide=&#8220; av-small-hide=&#8220; av-mini-hide=&#8220; av_uid=&#8217;av-2wpjdp&#8216;]<\/p>\n<p>[\/av_one_full][\/av_cell_one_half][\/av_layout_row][av_layout_row border=&#8220; min_height_percent=&#8220; min_height=&#8217;0&#8242; color=&#8217;main_color&#8216; mobile=&#8217;av-flex-cells&#8216; id=&#8220; av_element_hidden_in_editor=&#8217;0&#8242; mobile_breaking=&#8220; av_uid=&#8217;av-umtjd&#8216;]<\/p>\n<p>[av_cell_one_full av_uid=&#8217;av-lpfbl&#8216;]<\/p>\n<p>[av_one_full first min_height=&#8220; vertical_alignment=&#8220; space=&#8220; custom_margin=&#8220; margin=&#8217;0px&#8216; link=&#8220; linktarget=&#8220; link_hover=&#8220; padding=&#8217;0px&#8216; border=&#8220; border_color=&#8220; radius=&#8217;0px&#8216; background=&#8217;bg_color&#8216; background_color=&#8220; background_gradient_color1=&#8220; background_gradient_color2=&#8220; background_gradient_direction=&#8217;vertical&#8216; src=&#8220; background_position=&#8217;top left&#8216; background_repeat=&#8217;no-repeat&#8216; animation=&#8220; mobile_breaking=&#8220; mobile_display=&#8220; av_uid=&#8217;av-im5x5&#8242;]<\/p>\n<p>[av_tab_container position=&#8217;top_tab&#8216; boxed=&#8217;border_tabs&#8216; initial=&#8217;1&#8242; av_uid=&#8217;av-jksb4gln&#8216; custom_class=&#8220;]<br \/>\n[av_tab title=&#8217;Documents&#8216; icon_select=&#8217;no&#8216; icon=&#8217;ue800&#8242; font=&#8217;entypo-fontello&#8216;]<br \/>\n<a href=\"https:\/\/www.sylex.sk\/wp-content\/uploads\/2018\/08\/PRIZM_LT-MTP_short_OM3_bare_ribbon_assembly-product-sheet.pdf\" target=\"_blank\" rel=\"noopener\"><img decoding=\"async\" class=\"alignnone\" src=\"https:\/\/www.sylex.sk\/wp-content\/uploads\/2018\/08\/pdfIcon.png\" alt=\"\" width=\"20\" height=\"20\" \/><\/a> <a href=\"https:\/\/www.sylex.sk\/wp-content\/uploads\/2018\/09\/SPA-02-Standard-patchcord-cable-OD-18mm-1-fiber.pdf\" target=\"_blank\" rel=\"noopener\">Datasheet<\/a><\/p>\n<p><a href=\"https:\/\/www.sylex.sk\/wp-content\/uploads\/2018\/08\/PRIZM_LT-MTP_short_OM3_bare_ribbon_assembly-drawing.pdf\" target=\"_blank\" rel=\"noopener\"><img decoding=\"async\" class=\"alignnone\" src=\"https:\/\/www.sylex.sk\/wp-content\/uploads\/2018\/08\/pdfIcon.png\" alt=\"\" width=\"20\" height=\"20\" \/><\/a> <a href=\"https:\/\/www.sylex.sk\/wp-content\/uploads\/2018\/09\/SPA-02-Product-Drawing.pdf\" target=\"_blank\" rel=\"noopener\">Drawing<\/a><\/p>\n<p><a href=\"https:\/\/www.sylex.sk\/wp-content\/uploads\/2018\/09\/Connector_cleaning_and_mating_procedure.pdf\" target=\"_blank\" rel=\"noopener\"><img decoding=\"async\" class=\"alignnone\" src=\"https:\/\/www.sylex.sk\/wp-content\/uploads\/2018\/08\/pdfIcon.png\" alt=\"\" width=\"20\" height=\"20\" \/><\/a> <a href=\"https:\/\/www.sylex.sk\/wp-content\/uploads\/2018\/09\/Connector_cleaning_and_mating_procedure-1.pdf\" target=\"_blank\" rel=\"noopener\">Cleaning and Mating Manual<\/a><br \/>\n[\/av_tab]<\/p>\n<p>[\/av_tab_container]<\/p>\n<p>[\/av_one_full][\/av_cell_one_full][\/av_layout_row]<\/p>\n","protected":false},"excerpt":{"rendered":"<ul>\n<li>SPA-02: is extension patchcord cable made of 1,8mm cable and with FC\/APC connector at both sides.<\/li>\n<li>SPA-02: is used for extending cable lengths, connecting sensors into arrays using connector connection and interconnecting S-line interrogation units<\/li>\n<\/ul>\n","protected":false},"featured_media":10361,"template":"","meta":{"_acf_changed":false},"product_brand":[],"product_cat":[405],"product_tag":[],"class_list":{"0":"post-14497","1":"product","2":"type-product","3":"status-publish","4":"has-post-thumbnail","6":"product_cat-snimace-a-snimacie-systemy","8":"first","9":"instock","10":"shipping-taxable","11":"product-type-simple"},"acf":[],"yoast_head":"<!-- This site is optimized with the Yoast SEO plugin v27.0 - https:\/\/yoast.com\/product\/yoast-seo-wordpress\/ -->\n<title>Sensing Systems - chat test product - Sylex<\/title>\n<meta name=\"robots\" content=\"index, follow, max-snippet:-1, max-image-preview:large, max-video-preview:-1\" \/>\n<link rel=\"canonical\" href=\"https:\/\/www.sylex.sk\/sk\/produkt\/sensing-systems-chat-test-product\/\" \/>\n<meta property=\"og:locale\" content=\"sk_SK\" \/>\n<meta property=\"og:type\" content=\"article\" \/>\n<meta property=\"og:title\" content=\"Sensing Systems - chat test product - Sylex\" \/>\n<meta property=\"og:description\" content=\"SPA-02: is extension patchcord cable made of 1,8mm cable and with FC\/APC connector at both sides.  SPA-02: is used for extending cable lengths, connecting sensors into arrays using connector connection and interconnecting S-line interrogation units\" \/>\n<meta property=\"og:url\" content=\"https:\/\/www.sylex.sk\/sk\/produkt\/sensing-systems-chat-test-product\/\" \/>\n<meta property=\"og:site_name\" content=\"Sylex\" \/>\n<meta property=\"article:publisher\" content=\"https:\/\/www.facebook.com\/sylex.sk\/\" \/>\n<meta property=\"article:modified_time\" content=\"2025-01-17T09:49:05+00:00\" \/>\n<meta property=\"og:image\" content=\"https:\/\/www.sylex.sk\/wp-content\/uploads\/2023\/09\/SPA-02___Standard_patchcord_cable_OD_1_8mm__1-fiber_02.jpg\" \/>\n\t<meta property=\"og:image:width\" content=\"1920\" \/>\n\t<meta property=\"og:image:height\" content=\"1300\" \/>\n\t<meta property=\"og:image:type\" content=\"image\/jpeg\" \/>\n<meta name=\"twitter:card\" content=\"summary_large_image\" \/>\n<meta name=\"twitter:site\" content=\"@SYLEX_SK\" \/>\n<meta name=\"twitter:label1\" content=\"Predpokladan\u00fd \u010das \u010d\u00edtania\" \/>\n\t<meta name=\"twitter:data1\" content=\"3 min\u00faty\" \/>\n<script type=\"application\/ld+json\" class=\"yoast-schema-graph\">{\"@context\":\"https:\/\/schema.org\",\"@graph\":[{\"@type\":\"WebPage\",\"@id\":\"https:\/\/www.sylex.sk\/sk\/produkt\/sensing-systems-chat-test-product\/\",\"url\":\"https:\/\/www.sylex.sk\/sk\/produkt\/sensing-systems-chat-test-product\/\",\"name\":\"Sensing Systems - chat test product - Sylex\",\"isPartOf\":{\"@id\":\"https:\/\/wonderful-yonath.136-243-14-103.plesk.page\/#website\"},\"primaryImageOfPage\":{\"@id\":\"https:\/\/www.sylex.sk\/sk\/produkt\/sensing-systems-chat-test-product\/#primaryimage\"},\"image\":{\"@id\":\"https:\/\/www.sylex.sk\/sk\/produkt\/sensing-systems-chat-test-product\/#primaryimage\"},\"thumbnailUrl\":\"https:\/\/www.sylex.sk\/wp-content\/uploads\/2023\/09\/SPA-02___Standard_patchcord_cable_OD_1_8mm__1-fiber_02.jpg\",\"datePublished\":\"2023-09-06T11:10:33+00:00\",\"dateModified\":\"2025-01-17T09:49:05+00:00\",\"breadcrumb\":{\"@id\":\"https:\/\/www.sylex.sk\/sk\/produkt\/sensing-systems-chat-test-product\/#breadcrumb\"},\"inLanguage\":\"sk-SK\",\"potentialAction\":[{\"@type\":\"ReadAction\",\"target\":[\"https:\/\/www.sylex.sk\/sk\/produkt\/sensing-systems-chat-test-product\/\"]}]},{\"@type\":\"ImageObject\",\"inLanguage\":\"sk-SK\",\"@id\":\"https:\/\/www.sylex.sk\/sk\/produkt\/sensing-systems-chat-test-product\/#primaryimage\",\"url\":\"https:\/\/www.sylex.sk\/wp-content\/uploads\/2023\/09\/SPA-02___Standard_patchcord_cable_OD_1_8mm__1-fiber_02.jpg\",\"contentUrl\":\"https:\/\/www.sylex.sk\/wp-content\/uploads\/2023\/09\/SPA-02___Standard_patchcord_cable_OD_1_8mm__1-fiber_02.jpg\",\"width\":1920,\"height\":1300},{\"@type\":\"BreadcrumbList\",\"@id\":\"https:\/\/www.sylex.sk\/sk\/produkt\/sensing-systems-chat-test-product\/#breadcrumb\",\"itemListElement\":[{\"@type\":\"ListItem\",\"position\":1,\"name\":\"Home\",\"item\":\"https:\/\/www.sylex.sk\/sk\/\"},{\"@type\":\"ListItem\",\"position\":2,\"name\":\"Shop\",\"item\":\"https:\/\/www.sylex.sk\/sk\/shop\/\"},{\"@type\":\"ListItem\",\"position\":3,\"name\":\"Sensing Systems &#8211; chat test product\"}]},{\"@type\":\"WebSite\",\"@id\":\"https:\/\/wonderful-yonath.136-243-14-103.plesk.page\/#website\",\"url\":\"https:\/\/wonderful-yonath.136-243-14-103.plesk.page\/\",\"name\":\"Sylex\",\"description\":\"Fiber Optics\",\"publisher\":{\"@id\":\"https:\/\/wonderful-yonath.136-243-14-103.plesk.page\/#organization\"},\"potentialAction\":[{\"@type\":\"SearchAction\",\"target\":{\"@type\":\"EntryPoint\",\"urlTemplate\":\"https:\/\/wonderful-yonath.136-243-14-103.plesk.page\/?s={search_term_string}\"},\"query-input\":{\"@type\":\"PropertyValueSpecification\",\"valueRequired\":true,\"valueName\":\"search_term_string\"}}],\"inLanguage\":\"sk-SK\"},{\"@type\":\"Organization\",\"@id\":\"https:\/\/wonderful-yonath.136-243-14-103.plesk.page\/#organization\",\"name\":\"Sylex\",\"url\":\"https:\/\/wonderful-yonath.136-243-14-103.plesk.page\/\",\"logo\":{\"@type\":\"ImageObject\",\"inLanguage\":\"sk-SK\",\"@id\":\"https:\/\/wonderful-yonath.136-243-14-103.plesk.page\/#\/schema\/logo\/image\/\",\"url\":\"https:\/\/www.sylex.sk\/wp-content\/uploads\/2024\/04\/logo4-1.png\",\"contentUrl\":\"https:\/\/www.sylex.sk\/wp-content\/uploads\/2024\/04\/logo4-1.png\",\"width\":308,\"height\":100,\"caption\":\"Sylex\"},\"image\":{\"@id\":\"https:\/\/wonderful-yonath.136-243-14-103.plesk.page\/#\/schema\/logo\/image\/\"},\"sameAs\":[\"https:\/\/www.facebook.com\/sylex.sk\/\",\"https:\/\/x.com\/SYLEX_SK\"]}]}<\/script>\n<!-- \/ Yoast SEO plugin. -->","yoast_head_json":{"title":"Sensing Systems - chat test product - Sylex","robots":{"index":"index","follow":"follow","max-snippet":"max-snippet:-1","max-image-preview":"max-image-preview:large","max-video-preview":"max-video-preview:-1"},"canonical":"https:\/\/www.sylex.sk\/sk\/produkt\/sensing-systems-chat-test-product\/","og_locale":"sk_SK","og_type":"article","og_title":"Sensing Systems - chat test product - Sylex","og_description":"SPA-02: is extension patchcord cable made of 1,8mm cable and with FC\/APC connector at both sides.  SPA-02: is used for extending cable lengths, connecting sensors into arrays using connector connection and interconnecting S-line interrogation units","og_url":"https:\/\/www.sylex.sk\/sk\/produkt\/sensing-systems-chat-test-product\/","og_site_name":"Sylex","article_publisher":"https:\/\/www.facebook.com\/sylex.sk\/","article_modified_time":"2025-01-17T09:49:05+00:00","og_image":[{"width":1920,"height":1300,"url":"https:\/\/www.sylex.sk\/wp-content\/uploads\/2023\/09\/SPA-02___Standard_patchcord_cable_OD_1_8mm__1-fiber_02.jpg","type":"image\/jpeg"}],"twitter_card":"summary_large_image","twitter_site":"@SYLEX_SK","twitter_misc":{"Predpokladan\u00fd \u010das \u010d\u00edtania":"3 min\u00faty"},"schema":{"@context":"https:\/\/schema.org","@graph":[{"@type":"WebPage","@id":"https:\/\/www.sylex.sk\/sk\/produkt\/sensing-systems-chat-test-product\/","url":"https:\/\/www.sylex.sk\/sk\/produkt\/sensing-systems-chat-test-product\/","name":"Sensing Systems - chat test product - Sylex","isPartOf":{"@id":"https:\/\/wonderful-yonath.136-243-14-103.plesk.page\/#website"},"primaryImageOfPage":{"@id":"https:\/\/www.sylex.sk\/sk\/produkt\/sensing-systems-chat-test-product\/#primaryimage"},"image":{"@id":"https:\/\/www.sylex.sk\/sk\/produkt\/sensing-systems-chat-test-product\/#primaryimage"},"thumbnailUrl":"https:\/\/www.sylex.sk\/wp-content\/uploads\/2023\/09\/SPA-02___Standard_patchcord_cable_OD_1_8mm__1-fiber_02.jpg","datePublished":"2023-09-06T11:10:33+00:00","dateModified":"2025-01-17T09:49:05+00:00","breadcrumb":{"@id":"https:\/\/www.sylex.sk\/sk\/produkt\/sensing-systems-chat-test-product\/#breadcrumb"},"inLanguage":"sk-SK","potentialAction":[{"@type":"ReadAction","target":["https:\/\/www.sylex.sk\/sk\/produkt\/sensing-systems-chat-test-product\/"]}]},{"@type":"ImageObject","inLanguage":"sk-SK","@id":"https:\/\/www.sylex.sk\/sk\/produkt\/sensing-systems-chat-test-product\/#primaryimage","url":"https:\/\/www.sylex.sk\/wp-content\/uploads\/2023\/09\/SPA-02___Standard_patchcord_cable_OD_1_8mm__1-fiber_02.jpg","contentUrl":"https:\/\/www.sylex.sk\/wp-content\/uploads\/2023\/09\/SPA-02___Standard_patchcord_cable_OD_1_8mm__1-fiber_02.jpg","width":1920,"height":1300},{"@type":"BreadcrumbList","@id":"https:\/\/www.sylex.sk\/sk\/produkt\/sensing-systems-chat-test-product\/#breadcrumb","itemListElement":[{"@type":"ListItem","position":1,"name":"Home","item":"https:\/\/www.sylex.sk\/sk\/"},{"@type":"ListItem","position":2,"name":"Shop","item":"https:\/\/www.sylex.sk\/sk\/shop\/"},{"@type":"ListItem","position":3,"name":"Sensing Systems &#8211; chat test product"}]},{"@type":"WebSite","@id":"https:\/\/wonderful-yonath.136-243-14-103.plesk.page\/#website","url":"https:\/\/wonderful-yonath.136-243-14-103.plesk.page\/","name":"Sylex","description":"Fiber Optics","publisher":{"@id":"https:\/\/wonderful-yonath.136-243-14-103.plesk.page\/#organization"},"potentialAction":[{"@type":"SearchAction","target":{"@type":"EntryPoint","urlTemplate":"https:\/\/wonderful-yonath.136-243-14-103.plesk.page\/?s={search_term_string}"},"query-input":{"@type":"PropertyValueSpecification","valueRequired":true,"valueName":"search_term_string"}}],"inLanguage":"sk-SK"},{"@type":"Organization","@id":"https:\/\/wonderful-yonath.136-243-14-103.plesk.page\/#organization","name":"Sylex","url":"https:\/\/wonderful-yonath.136-243-14-103.plesk.page\/","logo":{"@type":"ImageObject","inLanguage":"sk-SK","@id":"https:\/\/wonderful-yonath.136-243-14-103.plesk.page\/#\/schema\/logo\/image\/","url":"https:\/\/www.sylex.sk\/wp-content\/uploads\/2024\/04\/logo4-1.png","contentUrl":"https:\/\/www.sylex.sk\/wp-content\/uploads\/2024\/04\/logo4-1.png","width":308,"height":100,"caption":"Sylex"},"image":{"@id":"https:\/\/wonderful-yonath.136-243-14-103.plesk.page\/#\/schema\/logo\/image\/"},"sameAs":["https:\/\/www.facebook.com\/sylex.sk\/","https:\/\/x.com\/SYLEX_SK"]}]}},"_links":{"self":[{"href":"https:\/\/www.sylex.sk\/sk\/wp-json\/wp\/v2\/product\/14497","targetHints":{"allow":["GET"]}}],"collection":[{"href":"https:\/\/www.sylex.sk\/sk\/wp-json\/wp\/v2\/product"}],"about":[{"href":"https:\/\/www.sylex.sk\/sk\/wp-json\/wp\/v2\/types\/product"}],"version-history":[{"count":0,"href":"https:\/\/www.sylex.sk\/sk\/wp-json\/wp\/v2\/product\/14497\/revisions"}],"wp:featuredmedia":[{"embeddable":true,"href":"https:\/\/www.sylex.sk\/sk\/wp-json\/wp\/v2\/media\/10361"}],"wp:attachment":[{"href":"https:\/\/www.sylex.sk\/sk\/wp-json\/wp\/v2\/media?parent=14497"}],"wp:term":[{"taxonomy":"product_brand","embeddable":true,"href":"https:\/\/www.sylex.sk\/sk\/wp-json\/wp\/v2\/product_brand?post=14497"},{"taxonomy":"product_cat","embeddable":true,"href":"https:\/\/www.sylex.sk\/sk\/wp-json\/wp\/v2\/product_cat?post=14497"},{"taxonomy":"product_tag","embeddable":true,"href":"https:\/\/www.sylex.sk\/sk\/wp-json\/wp\/v2\/product_tag?post=14497"}],"curies":[{"name":"wp","href":"https:\/\/api.w.org\/{rel}","templated":true}]}}