{"id":14500,"date":"2023-09-06T11:51:08","date_gmt":"2023-09-06T10:51:08","guid":{"rendered":"https:\/\/www.sylex.sk\/product\/vyhody-snimacov-fbg\/"},"modified":"2025-01-17T10:49:38","modified_gmt":"2025-01-17T09:49:38","slug":"advantages-of-fbg-sensors","status":"publish","type":"product","link":"https:\/\/www.sylex.sk\/sk\/produkt\/advantages-of-fbg-sensors\/","title":{"rendered":"Advantages of FBG sensors"},"content":{"rendered":"\t\t<div data-elementor-type=\"product-post\" data-elementor-id=\"14500\" class=\"elementor elementor-14500 elementor-516\" data-elementor-post-type=\"product\">\n\t\t\t\t\t\t<section class=\"elementor-section elementor-top-section elementor-element elementor-element-196dd6d elementor-section-boxed elementor-section-height-default elementor-section-height-default\" data-id=\"196dd6d\" data-element_type=\"section\" data-e-type=\"section\">\n\t\t\t\t\t\t<div class=\"elementor-container elementor-column-gap-default\">\n\t\t\t\t\t<div class=\"elementor-column elementor-col-100 elementor-top-column elementor-element elementor-element-69d8b83\" data-id=\"69d8b83\" data-element_type=\"column\" data-e-type=\"column\">\n\t\t\t<div class=\"elementor-widget-wrap elementor-element-populated\">\n\t\t\t\t\t\t<div class=\"elementor-element elementor-element-ae438e1 elementor-widget elementor-widget-text-editor\" data-id=\"ae438e1\" data-element_type=\"widget\" data-e-type=\"widget\" data-widget_type=\"text-editor.default\">\n\t\t\t\t<div class=\"elementor-widget-container\">\n\t\t\t\t\t\t\t\t\t<p>Sensing systems based on FBG technology have numerous advantages compared to conventional electrical sensors.<\/p><p>The sensor itself acts as a passive component in the sensing network allowing the integration of the sensing system and sensor even inside explosive environments where any electrical signal or sparking is prohibited.<\/p><p>Fiber optic sensors use light as the signal carrier, rather than electric current as in conventional sensors, which renders them immune to interference from electrostatic, electromagnetic and radio sources. The sensor can also be exposed to extreme temperatures and operate in harsh environments.<\/p><p>Data transfer via fiber optics is already a standard in the telecommunication industry due to its wide broadband, low loss and the ability to carry the signal over long distances without needing an amplifier. Sensing systems based on FBG technology use this reliable medium to carry data acquired from both the sensors and the sensing element. The advantage of combining fiber optic technology with FBG technology is that it provides long term stability to the sensor and removes the need to recalibrate over time. The sensing element in FBG based sensors has very small dimensions and therefore our sensors can be customized and mounted on structures with minimal modification or effect on the structure\u2019s behavior<\/p><p>Electrical sensors require a dedicated channel and cable for each sensor in order to acquire data, leading to very complex solutions when monitoring large structures. With sensors based on FBG technology, multiplexing allows many tens of FBGs to be integrated in a single optical fiber. Each grating can act as an independent sensing element, which greatly simplifies large structure monitoring. This generates significant installation cost and time savings. In addition all of the fibers can be connected to a single read-out unit (FBG interrogator).<\/p><p>An FBG sensing element is capable of measuring strain and temperature. Using different transducer mechanisms they are able to measure several other physical quantities, like; pressure, displacement, force, load, acceleration, inclination, etc.<\/p>\t\t\t\t\t\t\t\t<\/div>\n\t\t\t\t<\/div>\n\t\t\t\t\t<\/div>\n\t\t<\/div>\n\t\t\t\t\t<\/div>\n\t\t<\/section>\n\t\t\t\t<section class=\"elementor-section elementor-top-section elementor-element elementor-element-3dbe3131 elementor-section-boxed elementor-section-height-default elementor-section-height-default\" data-id=\"3dbe3131\" data-element_type=\"section\" data-e-type=\"section\">\n\t\t\t\t\t\t<div class=\"elementor-container elementor-column-gap-default\">\n\t\t\t\t\t<div class=\"elementor-column elementor-col-100 elementor-top-column elementor-element elementor-element-7ef79eb\" data-id=\"7ef79eb\" data-element_type=\"column\" data-e-type=\"column\">\n\t\t\t<div class=\"elementor-widget-wrap elementor-element-populated\">\n\t\t\t\t\t\t<div class=\"elementor-element elementor-element-5f058c62 elementor-widget elementor-widget-text-editor\" data-id=\"5f058c62\" data-element_type=\"widget\" data-e-type=\"widget\" data-widget_type=\"text-editor.default\">\n\t\t\t\t<div class=\"elementor-widget-container\">\n\t\t\t\t\t\t\t\t\t<table>\n<thead>\n<tr>\n<th>FEATURES<\/th>\n<th>FIBRE OPTIC<\/th>\n<th>ELECTRIC<\/th>\n<\/tr>\n<\/thead>\n<tbody>\n<tr>\n<td>EM-radiation<\/td>\n<td>Immune<\/td>\n<td>EM-sensitive<\/td>\n<\/tr>\n<tr>\n<td>Lightning\u00a0\u00a0\u00a0\/ electric discharge<\/td>\n<td>Lightning\u00a0\u00a0\u00a0and discharge proof<\/td>\n<td>May\u00a0\u00a0\u00a0cause damage or complete failure<\/td>\n<\/tr>\n<tr>\n<td>Electric conductivity<\/td>\n<td>Non-conductive and hence no special precautions needed for\u00a0\u00a0\u00a0outdoor use or usage under water<\/td>\n<td>All wiring needs to be hermetically sealed for outdoor use or\u00a0\u00a0\u00a0usage under water<\/td>\n<\/tr>\n<tr>\n<td>Explosion\u00a0\u00a0\u00a0Safety<\/td>\n<td>Spark-free\u00a0\u00a0\u00a0and hence safe in potentially explosive atmospheres<\/td>\n<td>Hazardous\u00a0\u00a0\u00a0in explosive atmospheres<\/td>\n<\/tr>\n<tr>\n<td>Measurement distance<\/td>\n<td>Up to tens of kilometers<\/td>\n<td>Limited in range without any additional amplification<\/td>\n<\/tr>\n<tr>\n<td>Multiplexing<\/td>\n<td>Possible\u00a0\u00a0\u00a0to multiplex,\ni.e. multiple sensors can be allocated within the same optical fiber<\/td>\n<td>No\u00a0\u00a0\u00a0multiplexing capability in series configuration<\/td>\n<\/tr>\n<tr>\n<td>Weight<\/td>\n<td>Low in weight: fibers are lightweight and number of cables can\u00a0\u00a0\u00a0be limited<\/td>\n<td>Becomes heavy for large numbers of sensors because of the copper\u00a0\u00a0\u00a0wiring<\/td>\n<\/tr>\n<tr>\n<td>Installation\u00a0\u00a0\u00a0and Sensor Read-out<\/td>\n<td>Fast\u00a0\u00a0\u00a0(&lt; 20 \u2018 per sensor)\nEasy (can be done by non-experts; no extra wiring required)<\/td>\n<td>Time\u00a0\u00a0\u00a0consuming (extra wiring)\nRequires skilled and experienced workers<\/td>\n<\/tr>\n<tr>\n<td>Fatigue resistance<\/td>\n<td>Excellent fatigue resistance:\nnegligible effects for at least 2 million cycles for +\/- 0.24 % straining<\/td>\n<td>Similar performance not possible with electrical gages<\/td>\n<\/tr>\n<tr>\n<td>Price\u00a0\u00a0\u00a0(sensor + read-out)<\/td>\n<td>Becomes\u00a0\u00a0\u00a0more cost-effective for more sensors. Break-even point already for 20 sensors<\/td>\n<td>Price\u00a0\u00a0\u00a0scales linearly with the number of sensors since every sensor needs a\u00a0\u00a0\u00a0separate read-out channel<\/td>\n<\/tr>\n<tr>\n<td>Other Temperature Induced Effects<\/td>\n<td>None<\/td>\n<td>Resistive heat generation resulting into measurement errors.<\/td>\n<\/tr>\n<\/tbody>\n<\/table>\n&nbsp;\t\t\t\t\t\t\t\t<\/div>\n\t\t\t\t<\/div>\n\t\t\t\t\t<\/div>\n\t\t<\/div>\n\t\t\t\t\t<\/div>\n\t\t<\/section>\n\t\t\t\t<section class=\"elementor-section elementor-top-section elementor-element elementor-element-ae9a556 elementor-section-boxed elementor-section-height-default elementor-section-height-default\" data-id=\"ae9a556\" data-element_type=\"section\" data-e-type=\"section\">\n\t\t\t\t\t\t<div class=\"elementor-container elementor-column-gap-default\">\n\t\t\t\t\t<div class=\"elementor-column elementor-col-100 elementor-top-column elementor-element elementor-element-b8e52ab\" data-id=\"b8e52ab\" data-element_type=\"column\" data-e-type=\"column\">\n\t\t\t<div class=\"elementor-widget-wrap elementor-element-populated\">\n\t\t\t\t\t\t<div class=\"elementor-element elementor-element-258fe22 elementor-align-center elementor-widget elementor-widget-button\" data-id=\"258fe22\" data-element_type=\"widget\" data-e-type=\"widget\" data-widget_type=\"button.default\">\n\t\t\t\t<div class=\"elementor-widget-container\">\n\t\t\t\t\t\t\t\t\t<div class=\"elementor-button-wrapper\">\n\t\t\t\t\t<a class=\"elementor-button elementor-button-link elementor-size-sm\" href=\"https:\/\/www.sylex.sk\/wp-content\/uploads\/2024\/04\/Advantages-of-FBG-sensors-1.pdf\">\n\t\t\t\t\t\t<span class=\"elementor-button-content-wrapper\">\n\t\t\t\t\t\t<span class=\"elementor-button-icon\">\n\t\t\t\t<i aria-hidden=\"true\" class=\"far fa-file-pdf\"><\/i>\t\t\t<\/span>\n\t\t\t\t\t\t\t\t\t<span class=\"elementor-button-text\">Download PDF version<\/span>\n\t\t\t\t\t<\/span>\n\t\t\t\t\t<\/a>\n\t\t\t\t<\/div>\n\t\t\t\t\t\t\t\t<\/div>\n\t\t\t\t<\/div>\n\t\t\t\t\t<\/div>\n\t\t<\/div>\n\t\t\t\t\t<\/div>\n\t\t<\/section>\n\t\t\t\t<\/div>\n\t\t","protected":false},"excerpt":{"rendered":"<p class=\"bodytext\">Sensing systems based on FBG technology have numerous advantages compared to conventional electrical sensors.<\/p>\n<p class=\"bodytext\">Fiber optic sensors use light as the signal carrier, rather than electric current as in conventional sensors, which renders them immune to interference from electrostatic, electromagnetic and radio sources. The sensor can also be exposed to extreme temperatures and operate in harsh environments.<\/p>\n","protected":false},"featured_media":10281,"template":"","meta":{"_acf_changed":false},"product_brand":[],"product_cat":[405,539],"product_tag":[404],"class_list":{"0":"post-14500","1":"product","2":"type-product","3":"status-publish","4":"has-post-thumbnail","6":"product_cat-snimace-a-snimacie-systemy","7":"product_cat-technologia","8":"product_tag-telekomunikacie","10":"first","11":"instock","12":"shipping-taxable","13":"product-type-simple"},"acf":[],"yoast_head":"<!-- This site is optimized with the Yoast SEO plugin v27.0 - https:\/\/yoast.com\/product\/yoast-seo-wordpress\/ -->\n<title>Advantages of FBG sensors - Sylex<\/title>\n<meta name=\"robots\" content=\"index, follow, max-snippet:-1, max-image-preview:large, max-video-preview:-1\" \/>\n<link rel=\"canonical\" href=\"https:\/\/www.sylex.sk\/sk\/produkt\/advantages-of-fbg-sensors\/\" \/>\n<meta property=\"og:locale\" content=\"sk_SK\" \/>\n<meta property=\"og:type\" content=\"article\" \/>\n<meta property=\"og:title\" content=\"Advantages of FBG sensors - Sylex\" \/>\n<meta property=\"og:description\" content=\"Sensing systems based on FBG technology have numerous advantages compared to conventional electrical sensors. Fiber optic sensors use light as the signal carrier, rather than electric current as in conventional sensors, which renders them immune to interference from electrostatic, electromagnetic and radio sources. The sensor can also be exposed to extreme temperatures and operate in harsh environments.\" \/>\n<meta property=\"og:url\" content=\"https:\/\/www.sylex.sk\/sk\/produkt\/advantages-of-fbg-sensors\/\" \/>\n<meta property=\"og:site_name\" content=\"Sylex\" \/>\n<meta property=\"article:publisher\" content=\"https:\/\/www.facebook.com\/sylex.sk\/\" \/>\n<meta property=\"article:modified_time\" content=\"2025-01-17T09:49:38+00:00\" \/>\n<meta property=\"og:image\" content=\"https:\/\/www.sylex.sk\/wp-content\/uploads\/2023\/09\/FBG_Principle.jpg\" \/>\n\t<meta property=\"og:image:width\" content=\"305\" \/>\n\t<meta property=\"og:image:height\" content=\"202\" \/>\n\t<meta property=\"og:image:type\" content=\"image\/jpeg\" \/>\n<meta name=\"twitter:card\" content=\"summary_large_image\" \/>\n<meta name=\"twitter:site\" content=\"@SYLEX_SK\" \/>\n<meta name=\"twitter:label1\" content=\"Predpokladan\u00fd \u010das \u010d\u00edtania\" \/>\n\t<meta name=\"twitter:data1\" content=\"3 min\u00faty\" \/>\n<script type=\"application\/ld+json\" class=\"yoast-schema-graph\">{\"@context\":\"https:\/\/schema.org\",\"@graph\":[{\"@type\":\"WebPage\",\"@id\":\"https:\/\/www.sylex.sk\/sk\/produkt\/advantages-of-fbg-sensors\/\",\"url\":\"https:\/\/www.sylex.sk\/sk\/produkt\/advantages-of-fbg-sensors\/\",\"name\":\"Advantages of FBG sensors - Sylex\",\"isPartOf\":{\"@id\":\"https:\/\/wonderful-yonath.136-243-14-103.plesk.page\/#website\"},\"primaryImageOfPage\":{\"@id\":\"https:\/\/www.sylex.sk\/sk\/produkt\/advantages-of-fbg-sensors\/#primaryimage\"},\"image\":{\"@id\":\"https:\/\/www.sylex.sk\/sk\/produkt\/advantages-of-fbg-sensors\/#primaryimage\"},\"thumbnailUrl\":\"https:\/\/www.sylex.sk\/wp-content\/uploads\/2023\/09\/FBG_Principle.jpg\",\"datePublished\":\"2023-09-06T10:51:08+00:00\",\"dateModified\":\"2025-01-17T09:49:38+00:00\",\"breadcrumb\":{\"@id\":\"https:\/\/www.sylex.sk\/sk\/produkt\/advantages-of-fbg-sensors\/#breadcrumb\"},\"inLanguage\":\"sk-SK\",\"potentialAction\":[{\"@type\":\"ReadAction\",\"target\":[\"https:\/\/www.sylex.sk\/sk\/produkt\/advantages-of-fbg-sensors\/\"]}]},{\"@type\":\"ImageObject\",\"inLanguage\":\"sk-SK\",\"@id\":\"https:\/\/www.sylex.sk\/sk\/produkt\/advantages-of-fbg-sensors\/#primaryimage\",\"url\":\"https:\/\/www.sylex.sk\/wp-content\/uploads\/2023\/09\/FBG_Principle.jpg\",\"contentUrl\":\"https:\/\/www.sylex.sk\/wp-content\/uploads\/2023\/09\/FBG_Principle.jpg\",\"width\":305,\"height\":202},{\"@type\":\"BreadcrumbList\",\"@id\":\"https:\/\/www.sylex.sk\/sk\/produkt\/advantages-of-fbg-sensors\/#breadcrumb\",\"itemListElement\":[{\"@type\":\"ListItem\",\"position\":1,\"name\":\"Home\",\"item\":\"https:\/\/www.sylex.sk\/sk\/\"},{\"@type\":\"ListItem\",\"position\":2,\"name\":\"Shop\",\"item\":\"https:\/\/www.sylex.sk\/sk\/shop\/\"},{\"@type\":\"ListItem\",\"position\":3,\"name\":\"Advantages of FBG sensors\"}]},{\"@type\":\"WebSite\",\"@id\":\"https:\/\/wonderful-yonath.136-243-14-103.plesk.page\/#website\",\"url\":\"https:\/\/wonderful-yonath.136-243-14-103.plesk.page\/\",\"name\":\"Sylex\",\"description\":\"Fiber Optics\",\"publisher\":{\"@id\":\"https:\/\/wonderful-yonath.136-243-14-103.plesk.page\/#organization\"},\"potentialAction\":[{\"@type\":\"SearchAction\",\"target\":{\"@type\":\"EntryPoint\",\"urlTemplate\":\"https:\/\/wonderful-yonath.136-243-14-103.plesk.page\/?s={search_term_string}\"},\"query-input\":{\"@type\":\"PropertyValueSpecification\",\"valueRequired\":true,\"valueName\":\"search_term_string\"}}],\"inLanguage\":\"sk-SK\"},{\"@type\":\"Organization\",\"@id\":\"https:\/\/wonderful-yonath.136-243-14-103.plesk.page\/#organization\",\"name\":\"Sylex\",\"url\":\"https:\/\/wonderful-yonath.136-243-14-103.plesk.page\/\",\"logo\":{\"@type\":\"ImageObject\",\"inLanguage\":\"sk-SK\",\"@id\":\"https:\/\/wonderful-yonath.136-243-14-103.plesk.page\/#\/schema\/logo\/image\/\",\"url\":\"https:\/\/www.sylex.sk\/wp-content\/uploads\/2024\/04\/logo4-1.png\",\"contentUrl\":\"https:\/\/www.sylex.sk\/wp-content\/uploads\/2024\/04\/logo4-1.png\",\"width\":308,\"height\":100,\"caption\":\"Sylex\"},\"image\":{\"@id\":\"https:\/\/wonderful-yonath.136-243-14-103.plesk.page\/#\/schema\/logo\/image\/\"},\"sameAs\":[\"https:\/\/www.facebook.com\/sylex.sk\/\",\"https:\/\/x.com\/SYLEX_SK\"]}]}<\/script>\n<!-- \/ Yoast SEO plugin. -->","yoast_head_json":{"title":"Advantages of FBG sensors - Sylex","robots":{"index":"index","follow":"follow","max-snippet":"max-snippet:-1","max-image-preview":"max-image-preview:large","max-video-preview":"max-video-preview:-1"},"canonical":"https:\/\/www.sylex.sk\/sk\/produkt\/advantages-of-fbg-sensors\/","og_locale":"sk_SK","og_type":"article","og_title":"Advantages of FBG sensors - Sylex","og_description":"Sensing systems based on FBG technology have numerous advantages compared to conventional electrical sensors. Fiber optic sensors use light as the signal carrier, rather than electric current as in conventional sensors, which renders them immune to interference from electrostatic, electromagnetic and radio sources. The sensor can also be exposed to extreme temperatures and operate in harsh environments.","og_url":"https:\/\/www.sylex.sk\/sk\/produkt\/advantages-of-fbg-sensors\/","og_site_name":"Sylex","article_publisher":"https:\/\/www.facebook.com\/sylex.sk\/","article_modified_time":"2025-01-17T09:49:38+00:00","og_image":[{"width":305,"height":202,"url":"https:\/\/www.sylex.sk\/wp-content\/uploads\/2023\/09\/FBG_Principle.jpg","type":"image\/jpeg"}],"twitter_card":"summary_large_image","twitter_site":"@SYLEX_SK","twitter_misc":{"Predpokladan\u00fd \u010das \u010d\u00edtania":"3 min\u00faty"},"schema":{"@context":"https:\/\/schema.org","@graph":[{"@type":"WebPage","@id":"https:\/\/www.sylex.sk\/sk\/produkt\/advantages-of-fbg-sensors\/","url":"https:\/\/www.sylex.sk\/sk\/produkt\/advantages-of-fbg-sensors\/","name":"Advantages of FBG sensors - Sylex","isPartOf":{"@id":"https:\/\/wonderful-yonath.136-243-14-103.plesk.page\/#website"},"primaryImageOfPage":{"@id":"https:\/\/www.sylex.sk\/sk\/produkt\/advantages-of-fbg-sensors\/#primaryimage"},"image":{"@id":"https:\/\/www.sylex.sk\/sk\/produkt\/advantages-of-fbg-sensors\/#primaryimage"},"thumbnailUrl":"https:\/\/www.sylex.sk\/wp-content\/uploads\/2023\/09\/FBG_Principle.jpg","datePublished":"2023-09-06T10:51:08+00:00","dateModified":"2025-01-17T09:49:38+00:00","breadcrumb":{"@id":"https:\/\/www.sylex.sk\/sk\/produkt\/advantages-of-fbg-sensors\/#breadcrumb"},"inLanguage":"sk-SK","potentialAction":[{"@type":"ReadAction","target":["https:\/\/www.sylex.sk\/sk\/produkt\/advantages-of-fbg-sensors\/"]}]},{"@type":"ImageObject","inLanguage":"sk-SK","@id":"https:\/\/www.sylex.sk\/sk\/produkt\/advantages-of-fbg-sensors\/#primaryimage","url":"https:\/\/www.sylex.sk\/wp-content\/uploads\/2023\/09\/FBG_Principle.jpg","contentUrl":"https:\/\/www.sylex.sk\/wp-content\/uploads\/2023\/09\/FBG_Principle.jpg","width":305,"height":202},{"@type":"BreadcrumbList","@id":"https:\/\/www.sylex.sk\/sk\/produkt\/advantages-of-fbg-sensors\/#breadcrumb","itemListElement":[{"@type":"ListItem","position":1,"name":"Home","item":"https:\/\/www.sylex.sk\/sk\/"},{"@type":"ListItem","position":2,"name":"Shop","item":"https:\/\/www.sylex.sk\/sk\/shop\/"},{"@type":"ListItem","position":3,"name":"Advantages of FBG sensors"}]},{"@type":"WebSite","@id":"https:\/\/wonderful-yonath.136-243-14-103.plesk.page\/#website","url":"https:\/\/wonderful-yonath.136-243-14-103.plesk.page\/","name":"Sylex","description":"Fiber Optics","publisher":{"@id":"https:\/\/wonderful-yonath.136-243-14-103.plesk.page\/#organization"},"potentialAction":[{"@type":"SearchAction","target":{"@type":"EntryPoint","urlTemplate":"https:\/\/wonderful-yonath.136-243-14-103.plesk.page\/?s={search_term_string}"},"query-input":{"@type":"PropertyValueSpecification","valueRequired":true,"valueName":"search_term_string"}}],"inLanguage":"sk-SK"},{"@type":"Organization","@id":"https:\/\/wonderful-yonath.136-243-14-103.plesk.page\/#organization","name":"Sylex","url":"https:\/\/wonderful-yonath.136-243-14-103.plesk.page\/","logo":{"@type":"ImageObject","inLanguage":"sk-SK","@id":"https:\/\/wonderful-yonath.136-243-14-103.plesk.page\/#\/schema\/logo\/image\/","url":"https:\/\/www.sylex.sk\/wp-content\/uploads\/2024\/04\/logo4-1.png","contentUrl":"https:\/\/www.sylex.sk\/wp-content\/uploads\/2024\/04\/logo4-1.png","width":308,"height":100,"caption":"Sylex"},"image":{"@id":"https:\/\/wonderful-yonath.136-243-14-103.plesk.page\/#\/schema\/logo\/image\/"},"sameAs":["https:\/\/www.facebook.com\/sylex.sk\/","https:\/\/x.com\/SYLEX_SK"]}]}},"_links":{"self":[{"href":"https:\/\/www.sylex.sk\/sk\/wp-json\/wp\/v2\/product\/14500","targetHints":{"allow":["GET"]}}],"collection":[{"href":"https:\/\/www.sylex.sk\/sk\/wp-json\/wp\/v2\/product"}],"about":[{"href":"https:\/\/www.sylex.sk\/sk\/wp-json\/wp\/v2\/types\/product"}],"version-history":[{"count":0,"href":"https:\/\/www.sylex.sk\/sk\/wp-json\/wp\/v2\/product\/14500\/revisions"}],"wp:featuredmedia":[{"embeddable":true,"href":"https:\/\/www.sylex.sk\/sk\/wp-json\/wp\/v2\/media\/10281"}],"wp:attachment":[{"href":"https:\/\/www.sylex.sk\/sk\/wp-json\/wp\/v2\/media?parent=14500"}],"wp:term":[{"taxonomy":"product_brand","embeddable":true,"href":"https:\/\/www.sylex.sk\/sk\/wp-json\/wp\/v2\/product_brand?post=14500"},{"taxonomy":"product_cat","embeddable":true,"href":"https:\/\/www.sylex.sk\/sk\/wp-json\/wp\/v2\/product_cat?post=14500"},{"taxonomy":"product_tag","embeddable":true,"href":"https:\/\/www.sylex.sk\/sk\/wp-json\/wp\/v2\/product_tag?post=14500"}],"curies":[{"name":"wp","href":"https:\/\/api.w.org\/{rel}","templated":true}]}}