{"id":15487,"date":"2023-09-19T13:20:04","date_gmt":"2023-09-19T12:20:04","guid":{"rendered":"https:\/\/www.sylex.sk\/product\/prepajac-simplexneho-prepojenia-na-udrziavanie-polarizacie\/"},"modified":"2025-01-31T08:54:05","modified_gmt":"2025-01-31T07:54:05","slug":"pm-simplexny-prepojovaci-kabel","status":"publish","type":"product","link":"https:\/\/www.sylex.sk\/sk\/produkt\/pm-simplexny-prepojovaci-kabel\/","title":{"rendered":"PM simplexn\u00fd prepojovac\u00ed k\u00e1bel"},"content":{"rendered":"\t\t<div data-elementor-type=\"product-post\" data-elementor-id=\"15487\" class=\"elementor elementor-15487 elementor-1420\" data-elementor-post-type=\"product\">\n\t\t\t\t\t\t<section class=\"elementor-section elementor-top-section elementor-element elementor-element-7208a40 elementor-section-boxed elementor-section-height-default elementor-section-height-default\" data-id=\"7208a40\" data-element_type=\"section\" data-e-type=\"section\">\n\t\t\t\t\t\t<div class=\"elementor-container elementor-column-gap-default\">\n\t\t\t\t\t<div class=\"elementor-column elementor-col-100 elementor-top-column elementor-element elementor-element-61ca076\" data-id=\"61ca076\" data-element_type=\"column\" data-e-type=\"column\">\n\t\t\t<div class=\"elementor-widget-wrap elementor-element-populated\">\n\t\t\t\t\t\t<div class=\"elementor-element elementor-element-c4563a2 elementor-tabs-view-horizontal elementor-widget elementor-widget-tabs\" data-id=\"c4563a2\" data-element_type=\"widget\" data-e-type=\"widget\" data-widget_type=\"tabs.default\">\n\t\t\t\t<div class=\"elementor-widget-container\">\n\t\t\t\t\t\t\t<div class=\"elementor-tabs\">\n\t\t\t<div class=\"elementor-tabs-wrapper\" role=\"tablist\" >\n\t\t\t\t\t\t\t\t\t<div id=\"elementor-tab-title-2051\" class=\"elementor-tab-title elementor-tab-desktop-title\" aria-selected=\"true\" data-tab=\"1\" role=\"tab\" tabindex=\"0\" aria-controls=\"elementor-tab-content-2051\" aria-expanded=\"false\">\u0160pecifik\u00e1cia produktu<\/div>\n\t\t\t\t\t\t\t\t\t<div id=\"elementor-tab-title-2052\" class=\"elementor-tab-title elementor-tab-desktop-title\" aria-selected=\"false\" data-tab=\"2\" role=\"tab\" tabindex=\"-1\" aria-controls=\"elementor-tab-content-2052\" aria-expanded=\"false\">Dokumenty<\/div>\n\t\t\t\t\t\t\t\t\t<div id=\"elementor-tab-title-2053\" class=\"elementor-tab-title elementor-tab-desktop-title\" aria-selected=\"false\" data-tab=\"3\" role=\"tab\" tabindex=\"-1\" aria-controls=\"elementor-tab-content-2053\" aria-expanded=\"false\">\u010c\u00edsla partnerov \/ objedn\u00e1vacie k\u00f3dy<\/div>\n\t\t\t\t\t\t\t<\/div>\n\t\t\t<div class=\"elementor-tabs-content-wrapper\" role=\"tablist\" aria-orientation=\"vertical\">\n\t\t\t\t\t\t\t\t\t<div class=\"elementor-tab-title elementor-tab-mobile-title\" aria-selected=\"true\" data-tab=\"1\" role=\"tab\" tabindex=\"0\" aria-controls=\"elementor-tab-content-2051\" aria-expanded=\"false\">\u0160pecifik\u00e1cia produktu<\/div>\n\t\t\t\t\t<div id=\"elementor-tab-content-2051\" class=\"elementor-tab-content elementor-clearfix\" data-tab=\"1\" role=\"tabpanel\" aria-labelledby=\"elementor-tab-title-2051\" tabindex=\"0\" hidden=\"false\"><table border=\"0\" width=\"100%\" cellspacing=\"0\" cellpadding=\"0\">\n<tbody>\n<tr>\n<td>\n<div><strong>Rozsah tepl\u00f4t<\/strong><\/div>\n<\/td>\n<td colspan=\"3\">Vn\u00fatorn\u00e9 kontrolovan\u00e9 prostredie (-10\u00b0C \/+60\u00b0C)<\/td>\n<\/tr>\n<tr>\n<td rowspan=\"8\" valign=\"top\"><strong>Parametre k\u00e1bla<\/strong><\/td>\n<td>\n<div>Pl\u00e1\u0161\u0165 k\u00e1bla<\/div>\n<\/td>\n<td colspan=\"2\">\n<div>\n<div><\/div>\n<\/div>\n<div>HYTREL<\/div>\n<div><\/div>\n<\/td>\n<\/tr>\n<tr>\n<td>Kon\u0161trukcia k\u00e1bla<\/td>\n<td colspan=\"2\">Vyrovn\u00e1vacie vl\u00e1kno<\/td>\n<\/tr>\n<tr>\n<td>Vonkaj\u0161\u00ed priemer<\/td>\n<td colspan=\"2\">0,9 mm<\/td>\n<\/tr>\n<tr>\n<td>Po\u010det vl\u00e1kien<\/td>\n<td colspan=\"2\">1<\/td>\n<\/tr>\n<tr>\n<td>Typ vl\u00e1kna<\/td>\n<td colspan=\"2\">PM vl\u00e1kno Panda 1550 nm<\/td>\n<\/tr>\n<tr>\n<td>Rozsah tepl\u00f4t<\/td>\n<td colspan=\"2\">Prev\u00e1dzka: -10 \u00b0C a\u017e +70 \u00b0C<\/td>\n<\/tr>\n<tr>\n<td><\/td>\n<td colspan=\"2\">Skladovanie: -25\u00b0C a\u017e +70\u00b0C<\/td>\n<\/tr>\n<tr>\n<td><\/td>\n<td colspan=\"2\">In\u0161tal\u00e1cia: -5\u00b0C a\u017e +50\u00b0C<\/td>\n<\/tr>\n<tr>\n<td rowspan=\"5\" valign=\"top\"><strong>Parametre konektora<\/strong><\/td>\n<td>\n<div><\/div>\n<\/td>\n<td colspan=\"2\">\n<div>\n<div><\/div>\n<\/div>\n<div>FC\/APC<\/div>\n<div><\/div>\n<\/td>\n<\/tr>\n<tr>\n<td>Vlo\u017en\u00e9 straty (pod\u013ea IEC 61300-3-4 met\u00f3da B)<\/td>\n<td colspan=\"2\">&lt;0,25 dB (@1550 nm)<\/td>\n<\/tr>\n<tr>\n<td>Sp\u00e4tn\u00e1 strata (pod\u013ea IEC 61300-3-6)<\/td>\n<td colspan=\"2\">&gt;60 dB (@1550 nm) *<\/td>\n<\/tr>\n<tr>\n<td>Extink\u010dn\u00fd pomer<\/td>\n<td colspan=\"2\">&gt;25 dB (@1550 nm) **<\/td>\n<\/tr>\n<tr>\n<td>Tolerancia uhla polariz\u00e1cie<\/td>\n<td colspan=\"2\">\u00b13\u00b0<\/td>\n<\/tr>\n<tr>\n<td><strong>Identifik\u00e1cia<\/strong><\/td>\n<td colspan=\"3\">\u0160t\u00edtok na sledovanie s jedine\u010dn\u00fdm s\u00e9riov\u00fdm \u010d\u00edslom.<\/td>\n<\/tr>\n<tr>\n<td><strong>Balenie<\/strong><\/td>\n<td colspan=\"3\">\n<div>Ka\u017ed\u00e1 zostava v zape\u010datenom PE vrecku, hromadn\u00e9 balenie v kart\u00f3novej krabici<\/div>\n<\/td>\n<\/tr>\n<\/tbody>\n<\/table>\n<div><\/div>\n<p>  * Garantovan\u00e1 hodnota pre d\u013a\u017eku &lt;1,8 m **Pre aplik\u00e1cie s infra\u010derven\u00fdmi vlnov\u00fdmi d\u013a\u017ekami min. d\u013a\u017eka 0,3 m. Pre aplik\u00e1cie s vidite\u013enou vlnovou d\u013a\u017ekou min. d\u013a\u017eka 2 m. Maxim\u00e1lna odpor\u00fa\u010dan\u00e1 d\u013a\u017eka je menej ako 50 m.<\/p>\n<\/div>\n\t\t\t\t\t\t\t\t\t<div class=\"elementor-tab-title elementor-tab-mobile-title\" aria-selected=\"false\" data-tab=\"2\" role=\"tab\" tabindex=\"-1\" aria-controls=\"elementor-tab-content-2052\" aria-expanded=\"false\">Dokumenty<\/div>\n\t\t\t\t\t<div id=\"elementor-tab-content-2052\" class=\"elementor-tab-content elementor-clearfix\" data-tab=\"2\" role=\"tabpanel\" aria-labelledby=\"elementor-tab-title-2052\" tabindex=\"0\" hidden=\"hidden\"><p><img decoding=\"async\" class=\"alignnone\" src=\"https:\/\/www.sylex.sk\/wp-content\/uploads\/2018\/08\/pdfIcon.png\" alt=\"\" width=\"20\" height=\"20\"> <a title=\"Datasheet\" href=\"https:\/\/www.sylex.sk\/wp-content\/uploads\/2023\/07\/PM-Datasheet.pdf\" target=\"_blank\" rel=\"noopener\">Karta v\u00fdrobku<\/a><\/p>\n<p><img decoding=\"async\" class=\"alignnone\" src=\"https:\/\/www.sylex.sk\/wp-content\/uploads\/2018\/08\/pdfIcon.png\" alt=\"\" width=\"20\" height=\"20\"> <a title=\"Kreslenie\" href=\"https:\/\/www.sylex.sk\/wp-content\/uploads\/2023\/07\/1-W-9435.pdf\" target=\"_blank\" rel=\"noopener\">Kreslenie v\u00fdrobku<\/a><\/p>\n<p><img decoding=\"async\" class=\"alignnone\" src=\"https:\/\/www.sylex.sk\/wp-content\/uploads\/2018\/08\/pdfIcon.png\" alt=\"\" width=\"20\" height=\"20\"> <a href=\"https:\/\/www.sylex.sk\/wp-content\/uploads\/2023\/07\/Panda-cable-datasheet.pdf\" target=\"_blank\" rel=\"noopener\">Karta s \u00fadajmi o k\u00e1bli<\/a><\/p>\n<p><img decoding=\"async\" class=\"alignnone\" src=\"https:\/\/www.sylex.sk\/wp-content\/uploads\/2018\/08\/pdfIcon.png\" alt=\"\" width=\"20\" height=\"20\"> <a title=\"Kreslenie\" href=\"https:\/\/www.sylex.sk\/wp-content\/uploads\/2018\/08\/Packaging_specification.pdf\" target=\"_blank\" rel=\"noopener\">\u0160pecifik\u00e1cia balenia<\/a><\/p>\n<p><img decoding=\"async\" class=\"alignnone\" src=\"https:\/\/www.sylex.sk\/wp-content\/uploads\/2018\/08\/pdfIcon.png\" alt=\"\" width=\"20\" height=\"20\"> <a title=\"Kreslenie\" href=\"https:\/\/www.sylex.sk\/wp-content\/uploads\/2018\/09\/IG-FOI-000_-_Optical_Connector_cleaning_procedure.pdf\" target=\"_blank\" rel=\"noopener\">Postup \u010distenia optick\u00e9ho konektora<\/a><\/p>\n<\/div>\n\t\t\t\t\t\t\t\t\t<div class=\"elementor-tab-title elementor-tab-mobile-title\" aria-selected=\"false\" data-tab=\"3\" role=\"tab\" tabindex=\"-1\" aria-controls=\"elementor-tab-content-2053\" aria-expanded=\"false\">\u010c\u00edsla partnerov \/ objedn\u00e1vacie k\u00f3dy<\/div>\n\t\t\t\t\t<div id=\"elementor-tab-content-2053\" class=\"elementor-tab-content elementor-clearfix\" data-tab=\"3\" role=\"tabpanel\" aria-labelledby=\"elementor-tab-title-2053\" tabindex=\"0\" hidden=\"hidden\"><table border=\"0\" width=\"100%\" cellspacing=\"0\" cellpadding=\"0\">\n<tbody>\n<tr>\n<td>\n<div><strong>Popis<\/strong><\/div>\n<\/td>\n<td>\n<div><strong>\u010c\u00edslo partnera\/objedn\u00e1vkov\u00fd k\u00f3d<\/strong><\/div>\n<\/td>\n<\/tr>\n<tr>\n<td>FC\/APC- FC\/APC Simplexn\u00fd jumper udr\u017euj\u00faci polariz\u00e1ciu 1550nm Pomal\u00e1 os<\/td>\n<td>S19M-HH1-xxxx-S<\/td>\n<\/tr>\n<tr>\n<td>FC\/APC- FC\/APC Simplexn\u00fd jumper udr\u017euj\u00faci polariz\u00e1ciu 1550nm R\u00fdchla os<\/td>\n<td>S19M-HH1-xxxx-F<\/td>\n<\/tr>\n<\/tbody>\n<\/table>\n<\/div>\n\t\t\t\t\t\t\t<\/div>\n\t\t<\/div>\n\t\t\t\t\t\t<\/div>\n\t\t\t\t<\/div>\n\t\t\t\t\t<\/div>\n\t\t<\/div>\n\t\t\t\t\t<\/div>\n\t\t<\/section>\n\t\t\t\t<\/div>\n\t\t","protected":false},"excerpt":{"rendered":"<ul>\n<li>Prepojka PM je typ prepojky optick\u00e9ho vl\u00e1kna, ktor\u00e1 je navrhnut\u00e1 tak, aby udr\u017eiavala stav polariz\u00e1cie svetla pri jeho prechode vl\u00e1knom. Be\u017ene sa pou\u017e\u00edva v aplik\u00e1ci\u00e1ch, kde je zachovanie polariz\u00e1cie kritick\u00e9, napr\u00edklad v optick\u00fdch komunika\u010dn\u00fdch syst\u00e9moch, interferometroch a laserov\u00fdch syst\u00e9moch.<\/li>\n<li>Prepojka PM je zvy\u010dajne k dispoz\u00edcii v r\u00f4znych d\u013a\u017ekach a typoch konektorov, aby vyhovovala r\u00f4znym aplik\u00e1ci\u00e1m. Je d\u00f4le\u017eit\u00e9 vybra\u0165 spr\u00e1vnu d\u013a\u017eku a typ konektora, aby sa zabezpe\u010dilo spr\u00e1vne zarovnanie polariz\u00e1cie a kompatibilita so syst\u00e9mom.<\/li>\n<\/ul>\n","protected":false},"featured_media":10540,"template":"","meta":{"_acf_changed":false},"product_brand":[],"product_cat":[398,490],"product_tag":[491],"class_list":{"0":"post-15487","1":"product","2":"type-product","3":"status-publish","4":"has-post-thumbnail","6":"product_cat-prepojovacie-riesenia","7":"product_cat-specialne-vyrobky-1","8":"product_tag-specialne","10":"first","11":"instock","12":"shipping-taxable","13":"product-type-simple"},"acf":[],"yoast_head":"<!-- This site is optimized with the Yoast SEO plugin v27.0 - https:\/\/yoast.com\/product\/yoast-seo-wordpress\/ -->\n<title>PM simplexn\u00fd prepojovac\u00ed k\u00e1bel - Sylex<\/title>\n<meta name=\"robots\" content=\"index, follow, max-snippet:-1, max-image-preview:large, max-video-preview:-1\" \/>\n<link rel=\"canonical\" href=\"https:\/\/www.sylex.sk\/sk\/produkt\/pm-simplexny-prepojovaci-kabel\/\" \/>\n<meta property=\"og:locale\" content=\"sk_SK\" \/>\n<meta property=\"og:type\" content=\"article\" \/>\n<meta property=\"og:title\" content=\"PM simplexn\u00fd prepojovac\u00ed k\u00e1bel - Sylex\" \/>\n<meta property=\"og:description\" content=\"Prepojka PM je typ prepojky optick\u00e9ho vl\u00e1kna, ktor\u00e1 je navrhnut\u00e1 tak, aby udr\u017eiavala stav polariz\u00e1cie svetla pri jeho prechode vl\u00e1knom. Be\u017ene sa pou\u017e\u00edva v aplik\u00e1ci\u00e1ch, kde je zachovanie polariz\u00e1cie kritick\u00e9, napr\u00edklad v optick\u00fdch komunika\u010dn\u00fdch syst\u00e9moch, interferometroch a laserov\u00fdch syst\u00e9moch.  Prepojka PM je zvy\u010dajne k dispoz\u00edcii v r\u00f4znych d\u013a\u017ekach a typoch konektorov, aby vyhovovala r\u00f4znym aplik\u00e1ci\u00e1m. Je d\u00f4le\u017eit\u00e9 vybra\u0165 spr\u00e1vnu d\u013a\u017eku a typ konektora, aby sa zabezpe\u010dilo spr\u00e1vne zarovnanie polariz\u00e1cie a kompatibilita so syst\u00e9mom.\" \/>\n<meta property=\"og:url\" content=\"https:\/\/www.sylex.sk\/sk\/produkt\/pm-simplexny-prepojovaci-kabel\/\" \/>\n<meta property=\"og:site_name\" content=\"Sylex\" \/>\n<meta property=\"article:publisher\" content=\"https:\/\/www.facebook.com\/sylex.sk\/\" \/>\n<meta property=\"article:modified_time\" content=\"2025-01-31T07:54:05+00:00\" \/>\n<meta property=\"og:image\" content=\"https:\/\/www.sylex.sk\/wp-content\/uploads\/2023\/09\/2_PM-1.png\" \/>\n\t<meta property=\"og:image:width\" content=\"1900\" \/>\n\t<meta property=\"og:image:height\" content=\"1300\" \/>\n\t<meta property=\"og:image:type\" content=\"image\/png\" \/>\n<meta name=\"twitter:card\" content=\"summary_large_image\" \/>\n<meta name=\"twitter:site\" content=\"@SYLEX_SK\" \/>\n<meta name=\"twitter:label1\" content=\"Predpokladan\u00fd \u010das \u010d\u00edtania\" \/>\n\t<meta name=\"twitter:data1\" content=\"2 min\u00faty\" \/>\n<script type=\"application\/ld+json\" class=\"yoast-schema-graph\">{\"@context\":\"https:\/\/schema.org\",\"@graph\":[{\"@type\":\"WebPage\",\"@id\":\"https:\/\/www.sylex.sk\/sk\/produkt\/pm-simplexny-prepojovaci-kabel\/\",\"url\":\"https:\/\/www.sylex.sk\/sk\/produkt\/pm-simplexny-prepojovaci-kabel\/\",\"name\":\"PM simplexn\u00fd prepojovac\u00ed k\u00e1bel - Sylex\",\"isPartOf\":{\"@id\":\"https:\/\/wonderful-yonath.136-243-14-103.plesk.page\/#website\"},\"primaryImageOfPage\":{\"@id\":\"https:\/\/www.sylex.sk\/sk\/produkt\/pm-simplexny-prepojovaci-kabel\/#primaryimage\"},\"image\":{\"@id\":\"https:\/\/www.sylex.sk\/sk\/produkt\/pm-simplexny-prepojovaci-kabel\/#primaryimage\"},\"thumbnailUrl\":\"https:\/\/www.sylex.sk\/wp-content\/uploads\/2023\/09\/2_PM-1.png\",\"datePublished\":\"2023-09-19T12:20:04+00:00\",\"dateModified\":\"2025-01-31T07:54:05+00:00\",\"breadcrumb\":{\"@id\":\"https:\/\/www.sylex.sk\/sk\/produkt\/pm-simplexny-prepojovaci-kabel\/#breadcrumb\"},\"inLanguage\":\"sk-SK\",\"potentialAction\":[{\"@type\":\"ReadAction\",\"target\":[\"https:\/\/www.sylex.sk\/sk\/produkt\/pm-simplexny-prepojovaci-kabel\/\"]}]},{\"@type\":\"ImageObject\",\"inLanguage\":\"sk-SK\",\"@id\":\"https:\/\/www.sylex.sk\/sk\/produkt\/pm-simplexny-prepojovaci-kabel\/#primaryimage\",\"url\":\"https:\/\/www.sylex.sk\/wp-content\/uploads\/2023\/09\/2_PM-1.png\",\"contentUrl\":\"https:\/\/www.sylex.sk\/wp-content\/uploads\/2023\/09\/2_PM-1.png\",\"width\":1900,\"height\":1300},{\"@type\":\"BreadcrumbList\",\"@id\":\"https:\/\/www.sylex.sk\/sk\/produkt\/pm-simplexny-prepojovaci-kabel\/#breadcrumb\",\"itemListElement\":[{\"@type\":\"ListItem\",\"position\":1,\"name\":\"Home\",\"item\":\"https:\/\/www.sylex.sk\/sk\/\"},{\"@type\":\"ListItem\",\"position\":2,\"name\":\"Shop\",\"item\":\"https:\/\/www.sylex.sk\/sk\/shop\/\"},{\"@type\":\"ListItem\",\"position\":3,\"name\":\"PM simplexn\u00fd prepojovac\u00ed k\u00e1bel\"}]},{\"@type\":\"WebSite\",\"@id\":\"https:\/\/wonderful-yonath.136-243-14-103.plesk.page\/#website\",\"url\":\"https:\/\/wonderful-yonath.136-243-14-103.plesk.page\/\",\"name\":\"Sylex\",\"description\":\"Fiber Optics\",\"publisher\":{\"@id\":\"https:\/\/wonderful-yonath.136-243-14-103.plesk.page\/#organization\"},\"potentialAction\":[{\"@type\":\"SearchAction\",\"target\":{\"@type\":\"EntryPoint\",\"urlTemplate\":\"https:\/\/wonderful-yonath.136-243-14-103.plesk.page\/?s={search_term_string}\"},\"query-input\":{\"@type\":\"PropertyValueSpecification\",\"valueRequired\":true,\"valueName\":\"search_term_string\"}}],\"inLanguage\":\"sk-SK\"},{\"@type\":\"Organization\",\"@id\":\"https:\/\/wonderful-yonath.136-243-14-103.plesk.page\/#organization\",\"name\":\"Sylex\",\"url\":\"https:\/\/wonderful-yonath.136-243-14-103.plesk.page\/\",\"logo\":{\"@type\":\"ImageObject\",\"inLanguage\":\"sk-SK\",\"@id\":\"https:\/\/wonderful-yonath.136-243-14-103.plesk.page\/#\/schema\/logo\/image\/\",\"url\":\"https:\/\/www.sylex.sk\/wp-content\/uploads\/2024\/04\/logo4-1.png\",\"contentUrl\":\"https:\/\/www.sylex.sk\/wp-content\/uploads\/2024\/04\/logo4-1.png\",\"width\":308,\"height\":100,\"caption\":\"Sylex\"},\"image\":{\"@id\":\"https:\/\/wonderful-yonath.136-243-14-103.plesk.page\/#\/schema\/logo\/image\/\"},\"sameAs\":[\"https:\/\/www.facebook.com\/sylex.sk\/\",\"https:\/\/x.com\/SYLEX_SK\"]}]}<\/script>\n<!-- \/ Yoast SEO plugin. -->","yoast_head_json":{"title":"PM simplexn\u00fd prepojovac\u00ed k\u00e1bel - Sylex","robots":{"index":"index","follow":"follow","max-snippet":"max-snippet:-1","max-image-preview":"max-image-preview:large","max-video-preview":"max-video-preview:-1"},"canonical":"https:\/\/www.sylex.sk\/sk\/produkt\/pm-simplexny-prepojovaci-kabel\/","og_locale":"sk_SK","og_type":"article","og_title":"PM simplexn\u00fd prepojovac\u00ed k\u00e1bel - Sylex","og_description":"Prepojka PM je typ prepojky optick\u00e9ho vl\u00e1kna, ktor\u00e1 je navrhnut\u00e1 tak, aby udr\u017eiavala stav polariz\u00e1cie svetla pri jeho prechode vl\u00e1knom. Be\u017ene sa pou\u017e\u00edva v aplik\u00e1ci\u00e1ch, kde je zachovanie polariz\u00e1cie kritick\u00e9, napr\u00edklad v optick\u00fdch komunika\u010dn\u00fdch syst\u00e9moch, interferometroch a laserov\u00fdch syst\u00e9moch.  Prepojka PM je zvy\u010dajne k dispoz\u00edcii v r\u00f4znych d\u013a\u017ekach a typoch konektorov, aby vyhovovala r\u00f4znym aplik\u00e1ci\u00e1m. Je d\u00f4le\u017eit\u00e9 vybra\u0165 spr\u00e1vnu d\u013a\u017eku a typ konektora, aby sa zabezpe\u010dilo spr\u00e1vne zarovnanie polariz\u00e1cie a kompatibilita so syst\u00e9mom.","og_url":"https:\/\/www.sylex.sk\/sk\/produkt\/pm-simplexny-prepojovaci-kabel\/","og_site_name":"Sylex","article_publisher":"https:\/\/www.facebook.com\/sylex.sk\/","article_modified_time":"2025-01-31T07:54:05+00:00","og_image":[{"width":1900,"height":1300,"url":"https:\/\/www.sylex.sk\/wp-content\/uploads\/2023\/09\/2_PM-1.png","type":"image\/png"}],"twitter_card":"summary_large_image","twitter_site":"@SYLEX_SK","twitter_misc":{"Predpokladan\u00fd \u010das \u010d\u00edtania":"2 min\u00faty"},"schema":{"@context":"https:\/\/schema.org","@graph":[{"@type":"WebPage","@id":"https:\/\/www.sylex.sk\/sk\/produkt\/pm-simplexny-prepojovaci-kabel\/","url":"https:\/\/www.sylex.sk\/sk\/produkt\/pm-simplexny-prepojovaci-kabel\/","name":"PM simplexn\u00fd prepojovac\u00ed k\u00e1bel - Sylex","isPartOf":{"@id":"https:\/\/wonderful-yonath.136-243-14-103.plesk.page\/#website"},"primaryImageOfPage":{"@id":"https:\/\/www.sylex.sk\/sk\/produkt\/pm-simplexny-prepojovaci-kabel\/#primaryimage"},"image":{"@id":"https:\/\/www.sylex.sk\/sk\/produkt\/pm-simplexny-prepojovaci-kabel\/#primaryimage"},"thumbnailUrl":"https:\/\/www.sylex.sk\/wp-content\/uploads\/2023\/09\/2_PM-1.png","datePublished":"2023-09-19T12:20:04+00:00","dateModified":"2025-01-31T07:54:05+00:00","breadcrumb":{"@id":"https:\/\/www.sylex.sk\/sk\/produkt\/pm-simplexny-prepojovaci-kabel\/#breadcrumb"},"inLanguage":"sk-SK","potentialAction":[{"@type":"ReadAction","target":["https:\/\/www.sylex.sk\/sk\/produkt\/pm-simplexny-prepojovaci-kabel\/"]}]},{"@type":"ImageObject","inLanguage":"sk-SK","@id":"https:\/\/www.sylex.sk\/sk\/produkt\/pm-simplexny-prepojovaci-kabel\/#primaryimage","url":"https:\/\/www.sylex.sk\/wp-content\/uploads\/2023\/09\/2_PM-1.png","contentUrl":"https:\/\/www.sylex.sk\/wp-content\/uploads\/2023\/09\/2_PM-1.png","width":1900,"height":1300},{"@type":"BreadcrumbList","@id":"https:\/\/www.sylex.sk\/sk\/produkt\/pm-simplexny-prepojovaci-kabel\/#breadcrumb","itemListElement":[{"@type":"ListItem","position":1,"name":"Home","item":"https:\/\/www.sylex.sk\/sk\/"},{"@type":"ListItem","position":2,"name":"Shop","item":"https:\/\/www.sylex.sk\/sk\/shop\/"},{"@type":"ListItem","position":3,"name":"PM simplexn\u00fd prepojovac\u00ed k\u00e1bel"}]},{"@type":"WebSite","@id":"https:\/\/wonderful-yonath.136-243-14-103.plesk.page\/#website","url":"https:\/\/wonderful-yonath.136-243-14-103.plesk.page\/","name":"Sylex","description":"Fiber Optics","publisher":{"@id":"https:\/\/wonderful-yonath.136-243-14-103.plesk.page\/#organization"},"potentialAction":[{"@type":"SearchAction","target":{"@type":"EntryPoint","urlTemplate":"https:\/\/wonderful-yonath.136-243-14-103.plesk.page\/?s={search_term_string}"},"query-input":{"@type":"PropertyValueSpecification","valueRequired":true,"valueName":"search_term_string"}}],"inLanguage":"sk-SK"},{"@type":"Organization","@id":"https:\/\/wonderful-yonath.136-243-14-103.plesk.page\/#organization","name":"Sylex","url":"https:\/\/wonderful-yonath.136-243-14-103.plesk.page\/","logo":{"@type":"ImageObject","inLanguage":"sk-SK","@id":"https:\/\/wonderful-yonath.136-243-14-103.plesk.page\/#\/schema\/logo\/image\/","url":"https:\/\/www.sylex.sk\/wp-content\/uploads\/2024\/04\/logo4-1.png","contentUrl":"https:\/\/www.sylex.sk\/wp-content\/uploads\/2024\/04\/logo4-1.png","width":308,"height":100,"caption":"Sylex"},"image":{"@id":"https:\/\/wonderful-yonath.136-243-14-103.plesk.page\/#\/schema\/logo\/image\/"},"sameAs":["https:\/\/www.facebook.com\/sylex.sk\/","https:\/\/x.com\/SYLEX_SK"]}]}},"_links":{"self":[{"href":"https:\/\/www.sylex.sk\/sk\/wp-json\/wp\/v2\/product\/15487","targetHints":{"allow":["GET"]}}],"collection":[{"href":"https:\/\/www.sylex.sk\/sk\/wp-json\/wp\/v2\/product"}],"about":[{"href":"https:\/\/www.sylex.sk\/sk\/wp-json\/wp\/v2\/types\/product"}],"version-history":[{"count":4,"href":"https:\/\/www.sylex.sk\/sk\/wp-json\/wp\/v2\/product\/15487\/revisions"}],"predecessor-version":[{"id":20788,"href":"https:\/\/www.sylex.sk\/sk\/wp-json\/wp\/v2\/product\/15487\/revisions\/20788"}],"wp:featuredmedia":[{"embeddable":true,"href":"https:\/\/www.sylex.sk\/sk\/wp-json\/wp\/v2\/media\/10540"}],"wp:attachment":[{"href":"https:\/\/www.sylex.sk\/sk\/wp-json\/wp\/v2\/media?parent=15487"}],"wp:term":[{"taxonomy":"product_brand","embeddable":true,"href":"https:\/\/www.sylex.sk\/sk\/wp-json\/wp\/v2\/product_brand?post=15487"},{"taxonomy":"product_cat","embeddable":true,"href":"https:\/\/www.sylex.sk\/sk\/wp-json\/wp\/v2\/product_cat?post=15487"},{"taxonomy":"product_tag","embeddable":true,"href":"https:\/\/www.sylex.sk\/sk\/wp-json\/wp\/v2\/product_tag?post=15487"}],"curies":[{"name":"wp","href":"https:\/\/api.w.org\/{rel}","templated":true}]}}