{"id":15542,"date":"2023-09-20T12:34:48","date_gmt":"2023-09-20T11:34:48","guid":{"rendered":"https:\/\/www.sylex.sk\/product\/01x-mxc-01x-mxc-16f-ribbon-jumper\/"},"modified":"2025-01-31T08:45:52","modified_gmt":"2025-01-31T07:45:52","slug":"01x-mxc-01x-mxc-16f-ribbon-jumper","status":"publish","type":"product","link":"https:\/\/www.sylex.sk\/sk\/produkt\/01x-mxc-01x-mxc-16f-ribbon-jumper\/","title":{"rendered":"01x MXC &#8211; 01x MXC 16F RIBBON JUMPER"},"content":{"rendered":"\t\t<div data-elementor-type=\"product-post\" data-elementor-id=\"15542\" class=\"elementor elementor-15542 elementor-1015\" data-elementor-post-type=\"product\">\n\t\t\t\t\t\t<section class=\"elementor-section elementor-top-section elementor-element elementor-element-7088b46 elementor-section-boxed elementor-section-height-default elementor-section-height-default\" data-id=\"7088b46\" data-element_type=\"section\" data-e-type=\"section\">\n\t\t\t\t\t\t<div class=\"elementor-container elementor-column-gap-default\">\n\t\t\t\t\t<div class=\"elementor-column elementor-col-100 elementor-top-column elementor-element elementor-element-4b4cef8\" data-id=\"4b4cef8\" data-element_type=\"column\" data-e-type=\"column\">\n\t\t\t<div class=\"elementor-widget-wrap elementor-element-populated\">\n\t\t\t\t\t\t<div class=\"elementor-element elementor-element-f6f1baf elementor-tabs-view-horizontal elementor-widget elementor-widget-tabs\" data-id=\"f6f1baf\" data-element_type=\"widget\" data-e-type=\"widget\" data-widget_type=\"tabs.default\">\n\t\t\t\t<div class=\"elementor-widget-container\">\n\t\t\t\t\t\t\t<div class=\"elementor-tabs\">\n\t\t\t<div class=\"elementor-tabs-wrapper\" role=\"tablist\" >\n\t\t\t\t\t\t\t\t\t<div id=\"elementor-tab-title-2581\" class=\"elementor-tab-title elementor-tab-desktop-title\" aria-selected=\"true\" data-tab=\"1\" role=\"tab\" tabindex=\"0\" aria-controls=\"elementor-tab-content-2581\" aria-expanded=\"false\">\u0160pecifik\u00e1cia produktu<\/div>\n\t\t\t\t\t\t\t\t\t<div id=\"elementor-tab-title-2582\" class=\"elementor-tab-title elementor-tab-desktop-title\" aria-selected=\"false\" data-tab=\"2\" role=\"tab\" tabindex=\"-1\" aria-controls=\"elementor-tab-content-2582\" aria-expanded=\"false\">Dokumenty<\/div>\n\t\t\t\t\t\t\t\t\t<div id=\"elementor-tab-title-2583\" class=\"elementor-tab-title elementor-tab-desktop-title\" aria-selected=\"false\" data-tab=\"3\" role=\"tab\" tabindex=\"-1\" aria-controls=\"elementor-tab-content-2583\" aria-expanded=\"false\">\u010c\u00edsla partnerov \/ objedn\u00e1vacie k\u00f3dy<\/div>\n\t\t\t\t\t\t\t<\/div>\n\t\t\t<div class=\"elementor-tabs-content-wrapper\" role=\"tablist\" aria-orientation=\"vertical\">\n\t\t\t\t\t\t\t\t\t<div class=\"elementor-tab-title elementor-tab-mobile-title\" aria-selected=\"true\" data-tab=\"1\" role=\"tab\" tabindex=\"0\" aria-controls=\"elementor-tab-content-2581\" aria-expanded=\"false\">\u0160pecifik\u00e1cia produktu<\/div>\n\t\t\t\t\t<div id=\"elementor-tab-content-2581\" class=\"elementor-tab-content elementor-clearfix\" data-tab=\"1\" role=\"tabpanel\" aria-labelledby=\"elementor-tab-title-2581\" tabindex=\"0\" hidden=\"false\"><div style=\"margin: 0px; padding: 0px; border: 0px #e1e1e1; font: inherit; vertical-align: baseline;\">\n<table border=\"0\" width=\"100%\" cellspacing=\"0\" cellpadding=\"0\">\n<tbody>\n<tr>\n<td>\n<div><strong>Rozsah tepl\u00f4t<\/strong><\/div>\n<\/td>\n<td colspan=\"3\">Vn\u00fatorn\u00e9 kontrolovan\u00e9 prostredie (-10\u00b0C\/+60\u00b0C)<\/td>\n<\/tr>\n<tr>\n<td rowspan=\"8\" valign=\"top\"><strong>Parametre k\u00e1bla<\/strong><\/td>\n<td>\n<div>Pl\u00e1\u0161\u0165 k\u00e1bla<\/div>\n<\/td>\n<td colspan=\"2\">\n<div>\n<div><\/div>\n<\/div>\n<div>N\/A<\/div>\n<div><\/div>\n<\/td>\n<\/tr>\n<tr>\n<td>\n<div>Kon\u0161trukcia k\u00e1bla<\/div>\n<\/td>\n<td colspan=\"2\">Hol\u00e1 stuha  <\/p>\n<div><\/div>\n<\/td>\n<\/tr>\n<tr>\n<td>\n<div>Vonkaj\u0161\u00ed rozmer<\/div>\n<\/td>\n<td colspan=\"2\">pribli\u017ene. 4,3 mm x 0,34 mm  <\/p>\n<div><\/div>\n<\/td>\n<\/tr>\n<tr>\n<td>\n<div>Po\u010det vl\u00e1kien<\/div>\n<\/td>\n<td colspan=\"2\">1&#215;16  <\/p>\n<div><\/div>\n<\/td>\n<\/tr>\n<tr>\n<td>\n<div>Typ vl\u00e1kna<\/div>\n<\/td>\n<td colspan=\"2\">\n<div>MMF OM3\/OM4<\/div>\n<div><\/div>\n<\/td>\n<\/tr>\n<tr>\n<td>\n<div>Rozsah tepl\u00f4t<\/div>\n<\/td>\n<td colspan=\"2\">\n<div>prev\u00e1dzka: -20\u00b0C a\u017e +70\u00b0C<\/div>\n<div><\/div>\n<\/td>\n<\/tr>\n<tr>\n<td>\n<div><\/div>\n<\/td>\n<td colspan=\"2\">\n<div>skladovanie: -20\u00b0C a\u017e +70\u00b0C<\/div>\n<div><\/div>\n<\/td>\n<\/tr>\n<tr>\n<td>\n<div><\/div>\n<\/td>\n<td colspan=\"2\">\n<div>in\u0161tal\u00e1cia: 0\u00b0C a\u017e +70\u00b0C<\/div>\n<div><\/div>\n<\/td>\n<\/tr>\n<tr>\n<td rowspan=\"7\" valign=\"top\"><strong>Parametre konektora<\/strong><\/td>\n<td>\n<div><\/div>\n<\/td>\n<td>MXC<\/td>\n<\/tr>\n<tr>\n<td>\n<div>Dodr\u017eiavanie predpisov<\/div>\n<\/td>\n<td>\n<div>Americk\u00e1 norma CONEC<\/div>\n<\/td>\n<\/tr>\n<tr>\n<td>\n<div>\n<div>Farba puzdra<\/div>\n<\/div>\n<\/td>\n<td>\n<div>Aqua<\/div>\n<\/td>\n<\/tr>\n<tr>\n<td>\n<div>\n<div>Farba top\u00e1nky<\/div>\n<\/div>\n<\/td>\n<td>\u010cierna<\/td>\n<\/tr>\n<tr>\n<td>\n<div>\n<div>\n<div>Po\u013esk\u00fd<\/div>\n<\/div>\n<\/div>\n<\/td>\n<td>N\/A<\/td>\n<\/tr>\n<tr>\n<td>Vlo\u017en\u00e9 straty (pod\u013ea IEC 61300-3-4 met\u00f3da B)<\/td>\n<td colspan=\"2\">&lt;0,6 dB (@850 nm)<\/td>\n<\/tr>\n<tr>\n<td>Sp\u00e4tn\u00e1 strata (GARANTOVAN\u00c1 HODNOTA)<\/td>\n<td colspan=\"2\">&gt;25 dB (@850 nm)<\/td>\n<\/tr>\n<tr>\n<td><strong>Identifik\u00e1cia<\/strong><\/td>\n<td colspan=\"3\">Ozna\u010denie puzdra s jedine\u010dn\u00fdm s\u00e9riov\u00fdm \u010d\u00edslom.<\/td>\n<\/tr>\n<tr>\n<td><strong>Balenie<\/strong><\/td>\n<td colspan=\"3\">\n<div>Ka\u017ed\u00e1 zostava v zape\u010datenom PE vrecku, hromadn\u00e9 balenie v kart\u00f3novej krabici.<\/div>\n<div>\n<div><\/div>\n<\/div>\n<div><\/div>\n<\/td>\n<\/tr>\n<\/tbody>\n<\/table>\n<\/div>\n<\/div>\n\t\t\t\t\t\t\t\t\t<div class=\"elementor-tab-title elementor-tab-mobile-title\" aria-selected=\"false\" data-tab=\"2\" role=\"tab\" tabindex=\"-1\" aria-controls=\"elementor-tab-content-2582\" aria-expanded=\"false\">Dokumenty<\/div>\n\t\t\t\t\t<div id=\"elementor-tab-content-2582\" class=\"elementor-tab-content elementor-clearfix\" data-tab=\"2\" role=\"tabpanel\" aria-labelledby=\"elementor-tab-title-2582\" tabindex=\"0\" hidden=\"hidden\"><p><img decoding=\"async\" class=\"alignnone\" src=\"https:\/\/www.sylex.sk\/wp-content\/uploads\/2018\/08\/pdfIcon.png\" alt=\"\" width=\"20\" height=\"20\"> <a title=\"Datasheet\" href=\"https:\/\/www.sylex.sk\/wp-content\/uploads\/2020\/07\/01x-MXC-PLUG_MXC-RECEPTACLE_PRIZM-MT-16F-RIBBON_-DATASHEET.pdf\" target=\"_blank\" rel=\"noopener\">Karta v\u00fdrobku<\/a><\/p>\n<p><img decoding=\"async\" class=\"alignnone\" src=\"https:\/\/www.sylex.sk\/wp-content\/uploads\/2018\/08\/pdfIcon.png\" alt=\"\" width=\"20\" height=\"20\"> <a title=\"Kreslenie\" href=\"https:\/\/www.sylex.sk\/wp-content\/uploads\/2020\/08\/1-W-7908.pdf\" target=\"_blank\" rel=\"noopener\">Kreslenie v\u00fdrobku<\/a><\/p>\n<p><img decoding=\"async\" class=\"alignnone\" src=\"https:\/\/www.sylex.sk\/wp-content\/uploads\/2018\/08\/pdfIcon.png\" alt=\"\" width=\"20\" height=\"20\"> <a href=\"https:\/\/www.sylex.sk\/wp-content\/uploads\/2018\/10\/Bare-ribbon-non-peelable-cable-16F-datasheet.pdf\" target=\"_blank\" rel=\"noopener\">D\u00e1tov\u00fd list k\u00e1bla (nel\u00fapate\u013en\u00fd)<\/a><\/p>\n<p><img decoding=\"async\" class=\"alignnone\" src=\"https:\/\/www.sylex.sk\/wp-content\/uploads\/2018\/08\/pdfIcon.png\" alt=\"\" width=\"20\" height=\"20\"> <a href=\"https:\/\/www.sylex.sk\/wp-content\/uploads\/2018\/10\/Bare-ribbon-peelable-cable-16F-datasheet.pdf\" target=\"_blank\" rel=\"noopener\">D\u00e1tov\u00fd list k\u00e1bla (odlupovac\u00ed)<\/a><\/p>\n<\/div>\n\t\t\t\t\t\t\t\t\t<div class=\"elementor-tab-title elementor-tab-mobile-title\" aria-selected=\"false\" data-tab=\"3\" role=\"tab\" tabindex=\"-1\" aria-controls=\"elementor-tab-content-2583\" aria-expanded=\"false\">\u010c\u00edsla partnerov \/ objedn\u00e1vacie k\u00f3dy<\/div>\n\t\t\t\t\t<div id=\"elementor-tab-content-2583\" class=\"elementor-tab-content elementor-clearfix\" data-tab=\"3\" role=\"tabpanel\" aria-labelledby=\"elementor-tab-title-2583\" tabindex=\"0\" hidden=\"hidden\"><table border=\"0\" width=\"100%\" cellspacing=\"0\" cellpadding=\"0\">\n<tbody>\n<tr>\n<td><strong>Popis<\/strong><\/td>\n<td>\n<div><strong>  \u010c\u00edslo partnera\/objedn\u00e1vkov\u00fd k\u00f3d<\/strong><\/div>\n<\/td>\n<\/tr>\n<tr>\n<td>01x MXC PLUG &#8211; 01x MXC PLUG 16F OM3 JUMPER (RIBBON PEELABLE)<\/td>\n<td>\n<div>B163-QQX-xxxx-1X<\/div>\n<\/td>\n<\/tr>\n<tr>\n<td>01x MXC PLUG &#8211; 01x MXC PLUG 16F OM3 JUMPER (VODI\u010cOV\u00dd NEDOSTUPN\u00dd)<\/td>\n<td>\n<div>B163-QQX-xxxx-2X<\/div>\n<\/td>\n<\/tr>\n<tr>\n<td>01x MXC RECEPTACLE &#8211; 01x MXC RECEPTACLE 16F OM3 JUMPER (RIBBON PEELABLE)<\/td>\n<td>\n<div>B163-11X-xxxx-1X<\/div>\n<\/td>\n<\/tr>\n<tr>\n<td>01x MXC RECEPTACLE &#8211; 01x MXC RECEPTACLE 16F OM3 JUMPER (NEDOSTUPN\u00dd)<\/td>\n<td>\n<div>B163-11X-xxxx-2X<\/div>\n<\/td>\n<\/tr>\n<\/tbody>\n<\/table>\n<div><strong>* k dispoz\u00edcii aj s konektorom PRIZM MT a MXC PLUG PROTRUDED. Viac inform\u00e1ci\u00ed n\u00e1jdete na v\u00fdkrese.<\/strong><\/div>\n<div><strong>* k dispoz\u00edcii aj v re\u017eime OM4.<\/strong><\/div>\n<\/div>\n\t\t\t\t\t\t\t<\/div>\n\t\t<\/div>\n\t\t\t\t\t\t<\/div>\n\t\t\t\t<\/div>\n\t\t\t\t\t<\/div>\n\t\t<\/div>\n\t\t\t\t\t<\/div>\n\t\t<\/section>\n\t\t\t\t<\/div>\n\t\t","protected":false},"excerpt":{"rendered":"<ul>\n<li>K\u00e1blov\u00e9 zostavy s konektormi MXC vyu\u017e\u00edvaj\u00fa technol\u00f3giu optick\u00e9ho prepojenia, ktor\u00fa prijalo konzorcium Open Compute a ktor\u00e1 je zameran\u00e1 na prepojenie vysokop\u00e1smov\u00fdch d\u00e1tov\u00fdch centier. Roz\u0161\u00edren\u00e1 l\u00fa\u010dov\u00e1 obj\u00edmka PRIZM MT pou\u017eit\u00e1 v konektore MXC poskytuje vy\u0161\u0161iu odolnos\u0165 vo\u010di zne\u010disteniu prachom a ne\u010distotami. K\u00e1ble MXC na MXC s\u00fa ur\u010den\u00e9 na \u0161irokop\u00e1smov\u00e9 spojenia na kr\u00e1tke vzdialenosti v r\u00e1mci racku alebo rozv\u00e1dza\u010da.<\/li>\n<li>16-vl\u00e1knov\u00e9 hol\u00e9 p\u00e1sky ukon\u010den\u00e9 na oboch stran\u00e1ch konektormi MXC s\u00fa ulo\u017een\u00e9 v novej obj\u00edmke PRIZM\u00ae MT. Koncovky PRIZM\u00ae MT v\u00fdrazne zni\u017euj\u00fa citlivos\u0165 na ne\u010distoty a konektory MXC zaberaj\u00fa menej miesta v porovnan\u00ed so \u0161tandardn\u00fdmi konektormi MPO\/MTP.<\/li>\n<\/ul>\n","protected":false},"featured_media":10291,"template":"","meta":{"_acf_changed":false},"product_brand":[],"product_cat":[398,561,562,563],"product_tag":[400],"class_list":{"0":"post-15542","1":"product","2":"type-product","3":"status-publish","4":"has-post-thumbnail","6":"product_cat-prepojovacie-riesenia","7":"product_cat-prizm-mt-mxc-vyrobky","8":"product_cat-vyrobky-z-ribonoveho-kabla","9":"product_cat-mxc-zostavy-mxc","10":"product_tag-palubna-optika","12":"first","13":"instock","14":"shipping-taxable","15":"product-type-simple"},"acf":[],"yoast_head":"<!-- This site is optimized with the Yoast SEO plugin v27.0 - https:\/\/yoast.com\/product\/yoast-seo-wordpress\/ -->\n<title>01x MXC - 01x MXC 16F RIBBON JUMPER - Sylex<\/title>\n<meta name=\"robots\" content=\"index, follow, max-snippet:-1, max-image-preview:large, max-video-preview:-1\" \/>\n<link rel=\"canonical\" href=\"https:\/\/www.sylex.sk\/sk\/produkt\/01x-mxc-01x-mxc-16f-ribbon-jumper\/\" \/>\n<meta property=\"og:locale\" content=\"sk_SK\" \/>\n<meta property=\"og:type\" content=\"article\" \/>\n<meta property=\"og:title\" content=\"01x MXC - 01x MXC 16F RIBBON JUMPER - Sylex\" \/>\n<meta property=\"og:description\" content=\"K\u00e1blov\u00e9 zostavy s konektormi MXC vyu\u017e\u00edvaj\u00fa technol\u00f3giu optick\u00e9ho prepojenia, ktor\u00fa prijalo konzorcium Open Compute a ktor\u00e1 je zameran\u00e1 na prepojenie vysokop\u00e1smov\u00fdch d\u00e1tov\u00fdch centier. Roz\u0161\u00edren\u00e1 l\u00fa\u010dov\u00e1 obj\u00edmka PRIZM MT pou\u017eit\u00e1 v konektore MXC poskytuje vy\u0161\u0161iu odolnos\u0165 vo\u010di zne\u010disteniu prachom a ne\u010distotami. K\u00e1ble MXC na MXC s\u00fa ur\u010den\u00e9 na \u0161irokop\u00e1smov\u00e9 spojenia na kr\u00e1tke vzdialenosti v r\u00e1mci racku alebo rozv\u00e1dza\u010da.  16-vl\u00e1knov\u00e9 hol\u00e9 p\u00e1sky ukon\u010den\u00e9 na oboch stran\u00e1ch konektormi MXC s\u00fa ulo\u017een\u00e9 v novej obj\u00edmke PRIZM\u00ae MT. Koncovky PRIZM\u00ae MT v\u00fdrazne zni\u017euj\u00fa citlivos\u0165 na ne\u010distoty a konektory MXC zaberaj\u00fa menej miesta v porovnan\u00ed so \u0161tandardn\u00fdmi konektormi MPO\/MTP.\" \/>\n<meta property=\"og:url\" content=\"https:\/\/www.sylex.sk\/sk\/produkt\/01x-mxc-01x-mxc-16f-ribbon-jumper\/\" \/>\n<meta property=\"og:site_name\" content=\"Sylex\" \/>\n<meta property=\"article:publisher\" content=\"https:\/\/www.facebook.com\/sylex.sk\/\" \/>\n<meta property=\"article:modified_time\" content=\"2025-01-31T07:45:52+00:00\" \/>\n<meta property=\"og:image\" content=\"https:\/\/www.sylex.sk\/wp-content\/uploads\/2023\/09\/01xMXC-PLUG-01xMXC-PLUG-64F-OM3-Ribbon.jpg\" \/>\n\t<meta property=\"og:image:width\" content=\"1920\" \/>\n\t<meta property=\"og:image:height\" content=\"1300\" \/>\n\t<meta property=\"og:image:type\" content=\"image\/jpeg\" \/>\n<meta name=\"twitter:card\" content=\"summary_large_image\" \/>\n<meta name=\"twitter:site\" content=\"@SYLEX_SK\" \/>\n<meta name=\"twitter:label1\" content=\"Predpokladan\u00fd \u010das \u010d\u00edtania\" \/>\n\t<meta name=\"twitter:data1\" content=\"1 min\u00fata\" \/>\n<script type=\"application\/ld+json\" class=\"yoast-schema-graph\">{\"@context\":\"https:\/\/schema.org\",\"@graph\":[{\"@type\":\"WebPage\",\"@id\":\"https:\/\/www.sylex.sk\/sk\/produkt\/01x-mxc-01x-mxc-16f-ribbon-jumper\/\",\"url\":\"https:\/\/www.sylex.sk\/sk\/produkt\/01x-mxc-01x-mxc-16f-ribbon-jumper\/\",\"name\":\"01x MXC - 01x MXC 16F RIBBON JUMPER - Sylex\",\"isPartOf\":{\"@id\":\"https:\/\/wonderful-yonath.136-243-14-103.plesk.page\/#website\"},\"primaryImageOfPage\":{\"@id\":\"https:\/\/www.sylex.sk\/sk\/produkt\/01x-mxc-01x-mxc-16f-ribbon-jumper\/#primaryimage\"},\"image\":{\"@id\":\"https:\/\/www.sylex.sk\/sk\/produkt\/01x-mxc-01x-mxc-16f-ribbon-jumper\/#primaryimage\"},\"thumbnailUrl\":\"https:\/\/www.sylex.sk\/wp-content\/uploads\/2023\/09\/01xMXC-PLUG-01xMXC-PLUG-64F-OM3-Ribbon.jpg\",\"datePublished\":\"2023-09-20T11:34:48+00:00\",\"dateModified\":\"2025-01-31T07:45:52+00:00\",\"breadcrumb\":{\"@id\":\"https:\/\/www.sylex.sk\/sk\/produkt\/01x-mxc-01x-mxc-16f-ribbon-jumper\/#breadcrumb\"},\"inLanguage\":\"sk-SK\",\"potentialAction\":[{\"@type\":\"ReadAction\",\"target\":[\"https:\/\/www.sylex.sk\/sk\/produkt\/01x-mxc-01x-mxc-16f-ribbon-jumper\/\"]}]},{\"@type\":\"ImageObject\",\"inLanguage\":\"sk-SK\",\"@id\":\"https:\/\/www.sylex.sk\/sk\/produkt\/01x-mxc-01x-mxc-16f-ribbon-jumper\/#primaryimage\",\"url\":\"https:\/\/www.sylex.sk\/wp-content\/uploads\/2023\/09\/01xMXC-PLUG-01xMXC-PLUG-64F-OM3-Ribbon.jpg\",\"contentUrl\":\"https:\/\/www.sylex.sk\/wp-content\/uploads\/2023\/09\/01xMXC-PLUG-01xMXC-PLUG-64F-OM3-Ribbon.jpg\",\"width\":1920,\"height\":1300},{\"@type\":\"BreadcrumbList\",\"@id\":\"https:\/\/www.sylex.sk\/sk\/produkt\/01x-mxc-01x-mxc-16f-ribbon-jumper\/#breadcrumb\",\"itemListElement\":[{\"@type\":\"ListItem\",\"position\":1,\"name\":\"Home\",\"item\":\"https:\/\/www.sylex.sk\/sk\/\"},{\"@type\":\"ListItem\",\"position\":2,\"name\":\"Shop\",\"item\":\"https:\/\/www.sylex.sk\/sk\/shop\/\"},{\"@type\":\"ListItem\",\"position\":3,\"name\":\"01x MXC &#8211; 01x MXC 16F RIBBON JUMPER\"}]},{\"@type\":\"WebSite\",\"@id\":\"https:\/\/wonderful-yonath.136-243-14-103.plesk.page\/#website\",\"url\":\"https:\/\/wonderful-yonath.136-243-14-103.plesk.page\/\",\"name\":\"Sylex\",\"description\":\"Fiber Optics\",\"publisher\":{\"@id\":\"https:\/\/wonderful-yonath.136-243-14-103.plesk.page\/#organization\"},\"potentialAction\":[{\"@type\":\"SearchAction\",\"target\":{\"@type\":\"EntryPoint\",\"urlTemplate\":\"https:\/\/wonderful-yonath.136-243-14-103.plesk.page\/?s={search_term_string}\"},\"query-input\":{\"@type\":\"PropertyValueSpecification\",\"valueRequired\":true,\"valueName\":\"search_term_string\"}}],\"inLanguage\":\"sk-SK\"},{\"@type\":\"Organization\",\"@id\":\"https:\/\/wonderful-yonath.136-243-14-103.plesk.page\/#organization\",\"name\":\"Sylex\",\"url\":\"https:\/\/wonderful-yonath.136-243-14-103.plesk.page\/\",\"logo\":{\"@type\":\"ImageObject\",\"inLanguage\":\"sk-SK\",\"@id\":\"https:\/\/wonderful-yonath.136-243-14-103.plesk.page\/#\/schema\/logo\/image\/\",\"url\":\"https:\/\/www.sylex.sk\/wp-content\/uploads\/2024\/04\/logo4-1.png\",\"contentUrl\":\"https:\/\/www.sylex.sk\/wp-content\/uploads\/2024\/04\/logo4-1.png\",\"width\":308,\"height\":100,\"caption\":\"Sylex\"},\"image\":{\"@id\":\"https:\/\/wonderful-yonath.136-243-14-103.plesk.page\/#\/schema\/logo\/image\/\"},\"sameAs\":[\"https:\/\/www.facebook.com\/sylex.sk\/\",\"https:\/\/x.com\/SYLEX_SK\"]}]}<\/script>\n<!-- \/ Yoast SEO plugin. -->","yoast_head_json":{"title":"01x MXC - 01x MXC 16F RIBBON JUMPER - Sylex","robots":{"index":"index","follow":"follow","max-snippet":"max-snippet:-1","max-image-preview":"max-image-preview:large","max-video-preview":"max-video-preview:-1"},"canonical":"https:\/\/www.sylex.sk\/sk\/produkt\/01x-mxc-01x-mxc-16f-ribbon-jumper\/","og_locale":"sk_SK","og_type":"article","og_title":"01x MXC - 01x MXC 16F RIBBON JUMPER - Sylex","og_description":"K\u00e1blov\u00e9 zostavy s konektormi MXC vyu\u017e\u00edvaj\u00fa technol\u00f3giu optick\u00e9ho prepojenia, ktor\u00fa prijalo konzorcium Open Compute a ktor\u00e1 je zameran\u00e1 na prepojenie vysokop\u00e1smov\u00fdch d\u00e1tov\u00fdch centier. Roz\u0161\u00edren\u00e1 l\u00fa\u010dov\u00e1 obj\u00edmka PRIZM MT pou\u017eit\u00e1 v konektore MXC poskytuje vy\u0161\u0161iu odolnos\u0165 vo\u010di zne\u010disteniu prachom a ne\u010distotami. K\u00e1ble MXC na MXC s\u00fa ur\u010den\u00e9 na \u0161irokop\u00e1smov\u00e9 spojenia na kr\u00e1tke vzdialenosti v r\u00e1mci racku alebo rozv\u00e1dza\u010da.  16-vl\u00e1knov\u00e9 hol\u00e9 p\u00e1sky ukon\u010den\u00e9 na oboch stran\u00e1ch konektormi MXC s\u00fa ulo\u017een\u00e9 v novej obj\u00edmke PRIZM\u00ae MT. Koncovky PRIZM\u00ae MT v\u00fdrazne zni\u017euj\u00fa citlivos\u0165 na ne\u010distoty a konektory MXC zaberaj\u00fa menej miesta v porovnan\u00ed so \u0161tandardn\u00fdmi konektormi MPO\/MTP.","og_url":"https:\/\/www.sylex.sk\/sk\/produkt\/01x-mxc-01x-mxc-16f-ribbon-jumper\/","og_site_name":"Sylex","article_publisher":"https:\/\/www.facebook.com\/sylex.sk\/","article_modified_time":"2025-01-31T07:45:52+00:00","og_image":[{"width":1920,"height":1300,"url":"https:\/\/www.sylex.sk\/wp-content\/uploads\/2023\/09\/01xMXC-PLUG-01xMXC-PLUG-64F-OM3-Ribbon.jpg","type":"image\/jpeg"}],"twitter_card":"summary_large_image","twitter_site":"@SYLEX_SK","twitter_misc":{"Predpokladan\u00fd \u010das \u010d\u00edtania":"1 min\u00fata"},"schema":{"@context":"https:\/\/schema.org","@graph":[{"@type":"WebPage","@id":"https:\/\/www.sylex.sk\/sk\/produkt\/01x-mxc-01x-mxc-16f-ribbon-jumper\/","url":"https:\/\/www.sylex.sk\/sk\/produkt\/01x-mxc-01x-mxc-16f-ribbon-jumper\/","name":"01x MXC - 01x MXC 16F RIBBON JUMPER - Sylex","isPartOf":{"@id":"https:\/\/wonderful-yonath.136-243-14-103.plesk.page\/#website"},"primaryImageOfPage":{"@id":"https:\/\/www.sylex.sk\/sk\/produkt\/01x-mxc-01x-mxc-16f-ribbon-jumper\/#primaryimage"},"image":{"@id":"https:\/\/www.sylex.sk\/sk\/produkt\/01x-mxc-01x-mxc-16f-ribbon-jumper\/#primaryimage"},"thumbnailUrl":"https:\/\/www.sylex.sk\/wp-content\/uploads\/2023\/09\/01xMXC-PLUG-01xMXC-PLUG-64F-OM3-Ribbon.jpg","datePublished":"2023-09-20T11:34:48+00:00","dateModified":"2025-01-31T07:45:52+00:00","breadcrumb":{"@id":"https:\/\/www.sylex.sk\/sk\/produkt\/01x-mxc-01x-mxc-16f-ribbon-jumper\/#breadcrumb"},"inLanguage":"sk-SK","potentialAction":[{"@type":"ReadAction","target":["https:\/\/www.sylex.sk\/sk\/produkt\/01x-mxc-01x-mxc-16f-ribbon-jumper\/"]}]},{"@type":"ImageObject","inLanguage":"sk-SK","@id":"https:\/\/www.sylex.sk\/sk\/produkt\/01x-mxc-01x-mxc-16f-ribbon-jumper\/#primaryimage","url":"https:\/\/www.sylex.sk\/wp-content\/uploads\/2023\/09\/01xMXC-PLUG-01xMXC-PLUG-64F-OM3-Ribbon.jpg","contentUrl":"https:\/\/www.sylex.sk\/wp-content\/uploads\/2023\/09\/01xMXC-PLUG-01xMXC-PLUG-64F-OM3-Ribbon.jpg","width":1920,"height":1300},{"@type":"BreadcrumbList","@id":"https:\/\/www.sylex.sk\/sk\/produkt\/01x-mxc-01x-mxc-16f-ribbon-jumper\/#breadcrumb","itemListElement":[{"@type":"ListItem","position":1,"name":"Home","item":"https:\/\/www.sylex.sk\/sk\/"},{"@type":"ListItem","position":2,"name":"Shop","item":"https:\/\/www.sylex.sk\/sk\/shop\/"},{"@type":"ListItem","position":3,"name":"01x MXC &#8211; 01x MXC 16F RIBBON JUMPER"}]},{"@type":"WebSite","@id":"https:\/\/wonderful-yonath.136-243-14-103.plesk.page\/#website","url":"https:\/\/wonderful-yonath.136-243-14-103.plesk.page\/","name":"Sylex","description":"Fiber Optics","publisher":{"@id":"https:\/\/wonderful-yonath.136-243-14-103.plesk.page\/#organization"},"potentialAction":[{"@type":"SearchAction","target":{"@type":"EntryPoint","urlTemplate":"https:\/\/wonderful-yonath.136-243-14-103.plesk.page\/?s={search_term_string}"},"query-input":{"@type":"PropertyValueSpecification","valueRequired":true,"valueName":"search_term_string"}}],"inLanguage":"sk-SK"},{"@type":"Organization","@id":"https:\/\/wonderful-yonath.136-243-14-103.plesk.page\/#organization","name":"Sylex","url":"https:\/\/wonderful-yonath.136-243-14-103.plesk.page\/","logo":{"@type":"ImageObject","inLanguage":"sk-SK","@id":"https:\/\/wonderful-yonath.136-243-14-103.plesk.page\/#\/schema\/logo\/image\/","url":"https:\/\/www.sylex.sk\/wp-content\/uploads\/2024\/04\/logo4-1.png","contentUrl":"https:\/\/www.sylex.sk\/wp-content\/uploads\/2024\/04\/logo4-1.png","width":308,"height":100,"caption":"Sylex"},"image":{"@id":"https:\/\/wonderful-yonath.136-243-14-103.plesk.page\/#\/schema\/logo\/image\/"},"sameAs":["https:\/\/www.facebook.com\/sylex.sk\/","https:\/\/x.com\/SYLEX_SK"]}]}},"_links":{"self":[{"href":"https:\/\/www.sylex.sk\/sk\/wp-json\/wp\/v2\/product\/15542","targetHints":{"allow":["GET"]}}],"collection":[{"href":"https:\/\/www.sylex.sk\/sk\/wp-json\/wp\/v2\/product"}],"about":[{"href":"https:\/\/www.sylex.sk\/sk\/wp-json\/wp\/v2\/types\/product"}],"version-history":[{"count":3,"href":"https:\/\/www.sylex.sk\/sk\/wp-json\/wp\/v2\/product\/15542\/revisions"}],"predecessor-version":[{"id":20633,"href":"https:\/\/www.sylex.sk\/sk\/wp-json\/wp\/v2\/product\/15542\/revisions\/20633"}],"wp:featuredmedia":[{"embeddable":true,"href":"https:\/\/www.sylex.sk\/sk\/wp-json\/wp\/v2\/media\/10291"}],"wp:attachment":[{"href":"https:\/\/www.sylex.sk\/sk\/wp-json\/wp\/v2\/media?parent=15542"}],"wp:term":[{"taxonomy":"product_brand","embeddable":true,"href":"https:\/\/www.sylex.sk\/sk\/wp-json\/wp\/v2\/product_brand?post=15542"},{"taxonomy":"product_cat","embeddable":true,"href":"https:\/\/www.sylex.sk\/sk\/wp-json\/wp\/v2\/product_cat?post=15542"},{"taxonomy":"product_tag","embeddable":true,"href":"https:\/\/www.sylex.sk\/sk\/wp-json\/wp\/v2\/product_tag?post=15542"}],"curies":[{"name":"wp","href":"https:\/\/api.w.org\/{rel}","templated":true}]}}