{"id":15726,"date":"2023-09-06T12:33:43","date_gmt":"2023-09-06T11:33:43","guid":{"rendered":"https:\/\/www.sylex.sk\/product\/opc-01-vonkajsi-ochranny-kryt-pre-bodovo-zvarane-snimace\/"},"modified":"2025-02-26T09:17:06","modified_gmt":"2025-02-26T08:17:06","slug":"opc-01-outdoor-protective-cover-for-spot-weldable-sensors","status":"publish","type":"product","link":"https:\/\/www.sylex.sk\/sk\/produkt\/opc-01-outdoor-protective-cover-for-spot-weldable-sensors\/","title":{"rendered":"OPC-01 Outdoor Protective Cover for spot-weldable sensors"},"content":{"rendered":"","protected":false},"excerpt":{"rendered":"<p class=\"bodytext\">The OPC-01 is outdoor protective cover for spot-weldable sensors.<\/p>\n","protected":false},"featured_media":11341,"template":"","meta":{"_acf_changed":false},"product_brand":[],"product_cat":[405,554],"product_tag":[],"class_list":{"0":"post-15726","1":"product","2":"type-product","3":"status-publish","4":"has-post-thumbnail","6":"product_cat-snimace-a-snimacie-systemy","7":"product_cat-sensor-covers-sk","9":"first","10":"instock","11":"shipping-taxable","12":"product-type-simple"},"acf":[],"yoast_head":"<!-- This site is optimized with the Yoast SEO plugin v27.0 - https:\/\/yoast.com\/product\/yoast-seo-wordpress\/ -->\n<title>OPC-01 Outdoor Protective Cover for spot-weldable sensors - Sylex<\/title>\n<meta name=\"robots\" content=\"index, follow, max-snippet:-1, max-image-preview:large, max-video-preview:-1\" \/>\n<link rel=\"canonical\" href=\"https:\/\/www.sylex.sk\/sk\/produkt\/opc-01-outdoor-protective-cover-for-spot-weldable-sensors\/\" \/>\n<meta property=\"og:locale\" content=\"sk_SK\" \/>\n<meta property=\"og:type\" content=\"article\" \/>\n<meta property=\"og:title\" content=\"OPC-01 Outdoor Protective Cover for spot-weldable sensors - Sylex\" \/>\n<meta property=\"og:description\" content=\"The OPC-01 is outdoor protective cover for spot-weldable sensors.\" \/>\n<meta property=\"og:url\" content=\"https:\/\/www.sylex.sk\/sk\/produkt\/opc-01-outdoor-protective-cover-for-spot-weldable-sensors\/\" \/>\n<meta property=\"og:site_name\" content=\"Sylex\" \/>\n<meta property=\"article:publisher\" content=\"https:\/\/www.facebook.com\/sylex.sk\/\" \/>\n<meta property=\"article:modified_time\" content=\"2025-02-26T08:17:06+00:00\" \/>\n<meta property=\"og:image\" content=\"https:\/\/www.sylex.sk\/wp-content\/uploads\/2024\/04\/OPC-01-Outdoor-Protective-Cover-for-spot-weldable-sensors-2.jpg\" \/>\n\t<meta property=\"og:image:width\" content=\"2560\" \/>\n\t<meta property=\"og:image:height\" content=\"1707\" \/>\n\t<meta property=\"og:image:type\" content=\"image\/jpeg\" \/>\n<meta name=\"twitter:card\" content=\"summary_large_image\" \/>\n<meta name=\"twitter:site\" content=\"@SYLEX_SK\" \/>\n<script type=\"application\/ld+json\" class=\"yoast-schema-graph\">{\"@context\":\"https:\/\/schema.org\",\"@graph\":[{\"@type\":\"WebPage\",\"@id\":\"https:\/\/www.sylex.sk\/sk\/produkt\/opc-01-outdoor-protective-cover-for-spot-weldable-sensors\/\",\"url\":\"https:\/\/www.sylex.sk\/sk\/produkt\/opc-01-outdoor-protective-cover-for-spot-weldable-sensors\/\",\"name\":\"OPC-01 Outdoor Protective Cover for spot-weldable sensors - Sylex\",\"isPartOf\":{\"@id\":\"https:\/\/wonderful-yonath.136-243-14-103.plesk.page\/#website\"},\"primaryImageOfPage\":{\"@id\":\"https:\/\/www.sylex.sk\/sk\/produkt\/opc-01-outdoor-protective-cover-for-spot-weldable-sensors\/#primaryimage\"},\"image\":{\"@id\":\"https:\/\/www.sylex.sk\/sk\/produkt\/opc-01-outdoor-protective-cover-for-spot-weldable-sensors\/#primaryimage\"},\"thumbnailUrl\":\"https:\/\/www.sylex.sk\/wp-content\/uploads\/2024\/04\/OPC-01-Outdoor-Protective-Cover-for-spot-weldable-sensors-2.jpg\",\"datePublished\":\"2023-09-06T11:33:43+00:00\",\"dateModified\":\"2025-02-26T08:17:06+00:00\",\"breadcrumb\":{\"@id\":\"https:\/\/www.sylex.sk\/sk\/produkt\/opc-01-outdoor-protective-cover-for-spot-weldable-sensors\/#breadcrumb\"},\"inLanguage\":\"sk-SK\",\"potentialAction\":[{\"@type\":\"ReadAction\",\"target\":[\"https:\/\/www.sylex.sk\/sk\/produkt\/opc-01-outdoor-protective-cover-for-spot-weldable-sensors\/\"]}]},{\"@type\":\"ImageObject\",\"inLanguage\":\"sk-SK\",\"@id\":\"https:\/\/www.sylex.sk\/sk\/produkt\/opc-01-outdoor-protective-cover-for-spot-weldable-sensors\/#primaryimage\",\"url\":\"https:\/\/www.sylex.sk\/wp-content\/uploads\/2024\/04\/OPC-01-Outdoor-Protective-Cover-for-spot-weldable-sensors-2.jpg\",\"contentUrl\":\"https:\/\/www.sylex.sk\/wp-content\/uploads\/2024\/04\/OPC-01-Outdoor-Protective-Cover-for-spot-weldable-sensors-2.jpg\",\"width\":2560,\"height\":1707,\"caption\":\"OPC-01 Vonkaj\u0161\u00ed ochrann\u00fd kryt pre bodovo zv\u00e1ran\u00e9 sn\u00edma\u010de\"},{\"@type\":\"BreadcrumbList\",\"@id\":\"https:\/\/www.sylex.sk\/sk\/produkt\/opc-01-outdoor-protective-cover-for-spot-weldable-sensors\/#breadcrumb\",\"itemListElement\":[{\"@type\":\"ListItem\",\"position\":1,\"name\":\"Home\",\"item\":\"https:\/\/www.sylex.sk\/sk\/\"},{\"@type\":\"ListItem\",\"position\":2,\"name\":\"Shop\",\"item\":\"https:\/\/www.sylex.sk\/sk\/shop\/\"},{\"@type\":\"ListItem\",\"position\":3,\"name\":\"OPC-01 Outdoor Protective Cover for spot-weldable sensors\"}]},{\"@type\":\"WebSite\",\"@id\":\"https:\/\/wonderful-yonath.136-243-14-103.plesk.page\/#website\",\"url\":\"https:\/\/wonderful-yonath.136-243-14-103.plesk.page\/\",\"name\":\"Sylex\",\"description\":\"Fiber Optics\",\"publisher\":{\"@id\":\"https:\/\/wonderful-yonath.136-243-14-103.plesk.page\/#organization\"},\"potentialAction\":[{\"@type\":\"SearchAction\",\"target\":{\"@type\":\"EntryPoint\",\"urlTemplate\":\"https:\/\/wonderful-yonath.136-243-14-103.plesk.page\/?s={search_term_string}\"},\"query-input\":{\"@type\":\"PropertyValueSpecification\",\"valueRequired\":true,\"valueName\":\"search_term_string\"}}],\"inLanguage\":\"sk-SK\"},{\"@type\":\"Organization\",\"@id\":\"https:\/\/wonderful-yonath.136-243-14-103.plesk.page\/#organization\",\"name\":\"Sylex\",\"url\":\"https:\/\/wonderful-yonath.136-243-14-103.plesk.page\/\",\"logo\":{\"@type\":\"ImageObject\",\"inLanguage\":\"sk-SK\",\"@id\":\"https:\/\/wonderful-yonath.136-243-14-103.plesk.page\/#\/schema\/logo\/image\/\",\"url\":\"https:\/\/www.sylex.sk\/wp-content\/uploads\/2024\/04\/logo4-1.png\",\"contentUrl\":\"https:\/\/www.sylex.sk\/wp-content\/uploads\/2024\/04\/logo4-1.png\",\"width\":308,\"height\":100,\"caption\":\"Sylex\"},\"image\":{\"@id\":\"https:\/\/wonderful-yonath.136-243-14-103.plesk.page\/#\/schema\/logo\/image\/\"},\"sameAs\":[\"https:\/\/www.facebook.com\/sylex.sk\/\",\"https:\/\/x.com\/SYLEX_SK\"]}]}<\/script>\n<!-- \/ Yoast SEO plugin. -->","yoast_head_json":{"title":"OPC-01 Outdoor Protective Cover for spot-weldable sensors - Sylex","robots":{"index":"index","follow":"follow","max-snippet":"max-snippet:-1","max-image-preview":"max-image-preview:large","max-video-preview":"max-video-preview:-1"},"canonical":"https:\/\/www.sylex.sk\/sk\/produkt\/opc-01-outdoor-protective-cover-for-spot-weldable-sensors\/","og_locale":"sk_SK","og_type":"article","og_title":"OPC-01 Outdoor Protective Cover for spot-weldable sensors - Sylex","og_description":"The OPC-01 is outdoor protective cover for spot-weldable sensors.","og_url":"https:\/\/www.sylex.sk\/sk\/produkt\/opc-01-outdoor-protective-cover-for-spot-weldable-sensors\/","og_site_name":"Sylex","article_publisher":"https:\/\/www.facebook.com\/sylex.sk\/","article_modified_time":"2025-02-26T08:17:06+00:00","og_image":[{"width":2560,"height":1707,"url":"https:\/\/www.sylex.sk\/wp-content\/uploads\/2024\/04\/OPC-01-Outdoor-Protective-Cover-for-spot-weldable-sensors-2.jpg","type":"image\/jpeg"}],"twitter_card":"summary_large_image","twitter_site":"@SYLEX_SK","schema":{"@context":"https:\/\/schema.org","@graph":[{"@type":"WebPage","@id":"https:\/\/www.sylex.sk\/sk\/produkt\/opc-01-outdoor-protective-cover-for-spot-weldable-sensors\/","url":"https:\/\/www.sylex.sk\/sk\/produkt\/opc-01-outdoor-protective-cover-for-spot-weldable-sensors\/","name":"OPC-01 Outdoor Protective Cover for spot-weldable sensors - Sylex","isPartOf":{"@id":"https:\/\/wonderful-yonath.136-243-14-103.plesk.page\/#website"},"primaryImageOfPage":{"@id":"https:\/\/www.sylex.sk\/sk\/produkt\/opc-01-outdoor-protective-cover-for-spot-weldable-sensors\/#primaryimage"},"image":{"@id":"https:\/\/www.sylex.sk\/sk\/produkt\/opc-01-outdoor-protective-cover-for-spot-weldable-sensors\/#primaryimage"},"thumbnailUrl":"https:\/\/www.sylex.sk\/wp-content\/uploads\/2024\/04\/OPC-01-Outdoor-Protective-Cover-for-spot-weldable-sensors-2.jpg","datePublished":"2023-09-06T11:33:43+00:00","dateModified":"2025-02-26T08:17:06+00:00","breadcrumb":{"@id":"https:\/\/www.sylex.sk\/sk\/produkt\/opc-01-outdoor-protective-cover-for-spot-weldable-sensors\/#breadcrumb"},"inLanguage":"sk-SK","potentialAction":[{"@type":"ReadAction","target":["https:\/\/www.sylex.sk\/sk\/produkt\/opc-01-outdoor-protective-cover-for-spot-weldable-sensors\/"]}]},{"@type":"ImageObject","inLanguage":"sk-SK","@id":"https:\/\/www.sylex.sk\/sk\/produkt\/opc-01-outdoor-protective-cover-for-spot-weldable-sensors\/#primaryimage","url":"https:\/\/www.sylex.sk\/wp-content\/uploads\/2024\/04\/OPC-01-Outdoor-Protective-Cover-for-spot-weldable-sensors-2.jpg","contentUrl":"https:\/\/www.sylex.sk\/wp-content\/uploads\/2024\/04\/OPC-01-Outdoor-Protective-Cover-for-spot-weldable-sensors-2.jpg","width":2560,"height":1707,"caption":"OPC-01 Vonkaj\u0161\u00ed ochrann\u00fd kryt pre bodovo zv\u00e1ran\u00e9 sn\u00edma\u010de"},{"@type":"BreadcrumbList","@id":"https:\/\/www.sylex.sk\/sk\/produkt\/opc-01-outdoor-protective-cover-for-spot-weldable-sensors\/#breadcrumb","itemListElement":[{"@type":"ListItem","position":1,"name":"Home","item":"https:\/\/www.sylex.sk\/sk\/"},{"@type":"ListItem","position":2,"name":"Shop","item":"https:\/\/www.sylex.sk\/sk\/shop\/"},{"@type":"ListItem","position":3,"name":"OPC-01 Outdoor Protective Cover for spot-weldable sensors"}]},{"@type":"WebSite","@id":"https:\/\/wonderful-yonath.136-243-14-103.plesk.page\/#website","url":"https:\/\/wonderful-yonath.136-243-14-103.plesk.page\/","name":"Sylex","description":"Fiber Optics","publisher":{"@id":"https:\/\/wonderful-yonath.136-243-14-103.plesk.page\/#organization"},"potentialAction":[{"@type":"SearchAction","target":{"@type":"EntryPoint","urlTemplate":"https:\/\/wonderful-yonath.136-243-14-103.plesk.page\/?s={search_term_string}"},"query-input":{"@type":"PropertyValueSpecification","valueRequired":true,"valueName":"search_term_string"}}],"inLanguage":"sk-SK"},{"@type":"Organization","@id":"https:\/\/wonderful-yonath.136-243-14-103.plesk.page\/#organization","name":"Sylex","url":"https:\/\/wonderful-yonath.136-243-14-103.plesk.page\/","logo":{"@type":"ImageObject","inLanguage":"sk-SK","@id":"https:\/\/wonderful-yonath.136-243-14-103.plesk.page\/#\/schema\/logo\/image\/","url":"https:\/\/www.sylex.sk\/wp-content\/uploads\/2024\/04\/logo4-1.png","contentUrl":"https:\/\/www.sylex.sk\/wp-content\/uploads\/2024\/04\/logo4-1.png","width":308,"height":100,"caption":"Sylex"},"image":{"@id":"https:\/\/wonderful-yonath.136-243-14-103.plesk.page\/#\/schema\/logo\/image\/"},"sameAs":["https:\/\/www.facebook.com\/sylex.sk\/","https:\/\/x.com\/SYLEX_SK"]}]}},"_links":{"self":[{"href":"https:\/\/www.sylex.sk\/sk\/wp-json\/wp\/v2\/product\/15726","targetHints":{"allow":["GET"]}}],"collection":[{"href":"https:\/\/www.sylex.sk\/sk\/wp-json\/wp\/v2\/product"}],"about":[{"href":"https:\/\/www.sylex.sk\/sk\/wp-json\/wp\/v2\/types\/product"}],"version-history":[{"count":1,"href":"https:\/\/www.sylex.sk\/sk\/wp-json\/wp\/v2\/product\/15726\/revisions"}],"predecessor-version":[{"id":20993,"href":"https:\/\/www.sylex.sk\/sk\/wp-json\/wp\/v2\/product\/15726\/revisions\/20993"}],"wp:featuredmedia":[{"embeddable":true,"href":"https:\/\/www.sylex.sk\/sk\/wp-json\/wp\/v2\/media\/11341"}],"wp:attachment":[{"href":"https:\/\/www.sylex.sk\/sk\/wp-json\/wp\/v2\/media?parent=15726"}],"wp:term":[{"taxonomy":"product_brand","embeddable":true,"href":"https:\/\/www.sylex.sk\/sk\/wp-json\/wp\/v2\/product_brand?post=15726"},{"taxonomy":"product_cat","embeddable":true,"href":"https:\/\/www.sylex.sk\/sk\/wp-json\/wp\/v2\/product_cat?post=15726"},{"taxonomy":"product_tag","embeddable":true,"href":"https:\/\/www.sylex.sk\/sk\/wp-json\/wp\/v2\/product_tag?post=15726"}],"curies":[{"name":"wp","href":"https:\/\/api.w.org\/{rel}","templated":true}]}}