{"id":15757,"date":"2023-09-06T12:38:45","date_gmt":"2023-09-06T11:38:45","guid":{"rendered":"https:\/\/www.sylex.sk\/product\/zariadenie-na-bodove-zvaranie-spw-01\/"},"modified":"2025-01-17T10:49:50","modified_gmt":"2025-01-17T09:49:50","slug":"spw-01-spot-welding-equipment","status":"publish","type":"product","link":"https:\/\/www.sylex.sk\/sk\/produkt\/spw-01-spot-welding-equipment\/","title":{"rendered":"SPW-01 Spot-Welding Equipment"},"content":{"rendered":"\t\t<div data-elementor-type=\"product-post\" data-elementor-id=\"15757\" class=\"elementor elementor-15757 elementor-1055\" data-elementor-post-type=\"product\">\n\t\t\t\t\t\t<section class=\"elementor-section elementor-top-section elementor-element elementor-element-3ae94a2 elementor-section-boxed elementor-section-height-default elementor-section-height-default\" data-id=\"3ae94a2\" data-element_type=\"section\" data-e-type=\"section\">\n\t\t\t\t\t\t<div class=\"elementor-container elementor-column-gap-default\">\n\t\t\t\t\t<div class=\"elementor-column elementor-col-50 elementor-top-column elementor-element elementor-element-e61fefa\" data-id=\"e61fefa\" data-element_type=\"column\" data-e-type=\"column\">\n\t\t\t<div class=\"elementor-widget-wrap elementor-element-populated\">\n\t\t\t\t\t\t<div class=\"elementor-element elementor-element-1efb7f6 elementor-widget elementor-widget-text-editor\" data-id=\"1efb7f6\" data-element_type=\"widget\" data-e-type=\"widget\" data-widget_type=\"text-editor.default\">\n\t\t\t\t<div class=\"elementor-widget-container\">\n\t\t\t\t\t\t\t\t\t<h5>What is included ?<\/h5><ul><li>Spot welder with a welding gun, cables, grounding clamps and welding tips<\/li><li>Eye protection goggles<\/li><li>Set of tools for welding tips exchange<\/li><li>Rugged plastic carry case<\/li><\/ul>\t\t\t\t\t\t\t\t<\/div>\n\t\t\t\t<\/div>\n\t\t\t\t\t<\/div>\n\t\t<\/div>\n\t\t\t\t<div class=\"elementor-column elementor-col-50 elementor-top-column elementor-element elementor-element-f9e1dbc\" data-id=\"f9e1dbc\" data-element_type=\"column\" data-e-type=\"column\">\n\t\t\t<div class=\"elementor-widget-wrap elementor-element-populated\">\n\t\t\t\t\t\t<div class=\"elementor-element elementor-element-448caa7 elementor-widget elementor-widget-video\" data-id=\"448caa7\" data-element_type=\"widget\" data-e-type=\"widget\" data-settings=\"{&quot;youtube_url&quot;:&quot;https:\\\/\\\/youtu.be\\\/K08Xf4Db-IU&quot;,&quot;video_type&quot;:&quot;youtube&quot;,&quot;controls&quot;:&quot;yes&quot;}\" data-widget_type=\"video.default\">\n\t\t\t\t<div class=\"elementor-widget-container\">\n\t\t\t\t\t\t\t<div class=\"elementor-wrapper elementor-open-inline\">\n\t\t\t<div class=\"elementor-video\"><\/div>\t\t<\/div>\n\t\t\t\t\t\t<\/div>\n\t\t\t\t<\/div>\n\t\t\t\t\t<\/div>\n\t\t<\/div>\n\t\t\t\t\t<\/div>\n\t\t<\/section>\n\t\t\t\t<section class=\"elementor-section elementor-top-section elementor-element elementor-element-2feb48e elementor-section-boxed elementor-section-height-default elementor-section-height-default\" data-id=\"2feb48e\" data-element_type=\"section\" data-e-type=\"section\">\n\t\t\t\t\t\t<div class=\"elementor-container elementor-column-gap-default\">\n\t\t\t\t\t<div class=\"elementor-column elementor-col-50 elementor-top-column elementor-element elementor-element-dea546f\" data-id=\"dea546f\" data-element_type=\"column\" data-e-type=\"column\">\n\t\t\t<div class=\"elementor-widget-wrap elementor-element-populated\">\n\t\t\t\t\t\t<div class=\"elementor-element elementor-element-116ffed elementor-widget elementor-widget-text-editor\" data-id=\"116ffed\" data-element_type=\"widget\" data-e-type=\"widget\" data-widget_type=\"text-editor.default\">\n\t\t\t\t<div class=\"elementor-widget-container\">\n\t\t\t\t\t\t\t\t\t<h5>VIDEO TUTORIALS<\/h5><p class=\"bodytext\">This video gallery contains 3 videos, all focused on correct spot welding process, testing and final result.<\/p><p>For correct spot welding energy setup, please refer to <a href=\"https:\/\/www.sylex.sk\/downloads\/FOS\/others\/spw-01-spot-welding-equipment_energy-cross-table.pdf\" target=\"_blank\" rel=\"noopener\">cross table<\/a>.<\/p><p class=\"bodytext\">Content of the video gallery:<\/p><ul><li><b>Video 1: Spot weld procedure <\/b>(start up &#8211; setup &#8211; weld)<\/li><li><b>Video 2: Quick check <\/b>(how does a correct weld looks like)<\/li><li><b>Video 3: Spot weld testing removal <\/b>(spot weld destructive test)<\/li><\/ul>\t\t\t\t\t\t\t\t<\/div>\n\t\t\t\t<\/div>\n\t\t\t\t\t<\/div>\n\t\t<\/div>\n\t\t\t\t<div class=\"elementor-column elementor-col-50 elementor-top-column elementor-element elementor-element-184b16c\" data-id=\"184b16c\" data-element_type=\"column\" data-e-type=\"column\">\n\t\t\t<div class=\"elementor-widget-wrap elementor-element-populated\">\n\t\t\t\t\t\t<div class=\"elementor-element elementor-element-0486844 elementor-widget elementor-widget-video\" data-id=\"0486844\" data-element_type=\"widget\" data-e-type=\"widget\" data-settings=\"{&quot;youtube_url&quot;:&quot;https:\\\/\\\/youtu.be\\\/vTk1sh_Wu3U&quot;,&quot;video_type&quot;:&quot;youtube&quot;,&quot;controls&quot;:&quot;yes&quot;}\" data-widget_type=\"video.default\">\n\t\t\t\t<div class=\"elementor-widget-container\">\n\t\t\t\t\t\t\t<div class=\"elementor-wrapper elementor-open-inline\">\n\t\t\t<div class=\"elementor-video\"><\/div>\t\t<\/div>\n\t\t\t\t\t\t<\/div>\n\t\t\t\t<\/div>\n\t\t\t\t\t<\/div>\n\t\t<\/div>\n\t\t\t\t\t<\/div>\n\t\t<\/section>\n\t\t\t\t<section class=\"elementor-section elementor-top-section elementor-element elementor-element-68d661b elementor-section-boxed elementor-section-height-default elementor-section-height-default\" data-id=\"68d661b\" data-element_type=\"section\" data-e-type=\"section\">\n\t\t\t\t\t\t<div class=\"elementor-container elementor-column-gap-default\">\n\t\t\t\t\t<div class=\"elementor-column elementor-col-50 elementor-top-column elementor-element elementor-element-8160675\" data-id=\"8160675\" data-element_type=\"column\" data-e-type=\"column\">\n\t\t\t<div class=\"elementor-widget-wrap elementor-element-populated\">\n\t\t\t\t\t\t\t<\/div>\n\t\t<\/div>\n\t\t\t\t<div class=\"elementor-column elementor-col-50 elementor-top-column elementor-element elementor-element-0208ec0\" data-id=\"0208ec0\" data-element_type=\"column\" data-e-type=\"column\">\n\t\t\t<div class=\"elementor-widget-wrap elementor-element-populated\">\n\t\t\t\t\t\t<div class=\"elementor-element elementor-element-9bc3283 elementor-widget elementor-widget-video\" data-id=\"9bc3283\" data-element_type=\"widget\" data-e-type=\"widget\" data-settings=\"{&quot;youtube_url&quot;:&quot;https:\\\/\\\/youtu.be\\\/Ta0sQJ1HrZA&quot;,&quot;video_type&quot;:&quot;youtube&quot;,&quot;controls&quot;:&quot;yes&quot;}\" data-widget_type=\"video.default\">\n\t\t\t\t<div class=\"elementor-widget-container\">\n\t\t\t\t\t\t\t<div class=\"elementor-wrapper elementor-open-inline\">\n\t\t\t<div class=\"elementor-video\"><\/div>\t\t<\/div>\n\t\t\t\t\t\t<\/div>\n\t\t\t\t<\/div>\n\t\t\t\t\t<\/div>\n\t\t<\/div>\n\t\t\t\t\t<\/div>\n\t\t<\/section>\n\t\t\t\t<section class=\"elementor-section elementor-top-section elementor-element elementor-element-365fcb9 elementor-section-boxed elementor-section-height-default elementor-section-height-default\" data-id=\"365fcb9\" data-element_type=\"section\" data-e-type=\"section\">\n\t\t\t\t\t\t<div class=\"elementor-container elementor-column-gap-default\">\n\t\t\t\t\t<div class=\"elementor-column elementor-col-100 elementor-top-column elementor-element elementor-element-ef10963\" data-id=\"ef10963\" data-element_type=\"column\" data-e-type=\"column\">\n\t\t\t<div class=\"elementor-widget-wrap elementor-element-populated\">\n\t\t\t\t\t\t<div class=\"elementor-element elementor-element-da8e0e0 elementor-widget elementor-widget-heading\" data-id=\"da8e0e0\" data-element_type=\"widget\" data-e-type=\"widget\" data-widget_type=\"heading.default\">\n\t\t\t\t<div class=\"elementor-widget-container\">\n\t\t\t\t\t<h2 class=\"elementor-heading-title elementor-size-default\">Product Specification<\/h2>\t\t\t\t<\/div>\n\t\t\t\t<\/div>\n\t\t\t\t<div class=\"elementor-element elementor-element-8bcc517 elementor-widget elementor-widget-text-editor\" data-id=\"8bcc517\" data-element_type=\"widget\" data-e-type=\"widget\" data-widget_type=\"text-editor.default\">\n\t\t\t\t<div class=\"elementor-widget-container\">\n\t\t\t\t\t\t\t\t\t<table border=\"0\" width=\"100%\" cellspacing=\"0\" cellpadding=\"0\"><tbody><tr><td rowspan=\"7\" valign=\"top\"><strong>Performance properties<\/strong><\/td><td>Voltage Rating<\/td><td colspan=\"2\">220V; 50Hz; 3Amp breaker protection<\/td><\/tr><tr><td>Weld Energy <sup>1)<\/sup><\/td><td colspan=\"2\">5 to 300 Joules<\/td><\/tr><tr><td>Charging Time <sup>2)<\/sup><\/td><td colspan=\"2\">&lt; 10 seconds @ Max Energy Setting<\/td><\/tr><tr><td>Indication \/ Displays <sup>3)<\/sup><\/td><td colspan=\"2\">LED for Charging \/ Energy Storage Status<\/td><\/tr><tr><td>Controls <sup>4)<\/sup><\/td><td colspan=\"2\">Output energy adjustment, 2 position switch<\/td><\/tr><tr><td>Storage Temperature range<\/td><td colspan=\"2\">-10 \u00b0C to +50 \u00b0C<\/td><\/tr><tr><td>Operating Temperature range<\/td><td colspan=\"2\">-5 \u00b0C to +40 \u00b0C<\/td><\/tr><tr><td rowspan=\"6\" valign=\"top\"><strong>Physical properties<\/strong><\/td><td>Dimensions (without cable) <sup>5)<\/sup><\/td><td colspan=\"2\">285 x 215 x 95 mm<\/td><\/tr><tr><td>Power cord length<\/td><td colspan=\"2\">1,5 mtr<\/td><\/tr><tr><td>Weight (without cables)<\/td><td colspan=\"2\">5 kg<\/td><\/tr><tr><td>Gun cables weight <sup>6)<\/sup><\/td><td colspan=\"2\">2 kg<\/td><\/tr><tr><td>Gun cables length <sup>7)<\/sup><\/td><td colspan=\"2\">1,5 mtr<\/td><\/tr><tr><td>Spot welding tip material<\/td><td colspan=\"2\">CW103C<\/td><\/tr><tr><td><strong>Packaging<\/strong><\/td><td colspan=\"2\">Ruggedized transportation case<\/td><\/tr><tr><td><strong>Quality Statement<\/strong><\/td><td colspan=\"2\">100% tested at SYLEX<br \/>Interrogator is manufactured according to ISO 9001:20015 and ISO 14001:20015<\/td><\/tr><\/tbody><\/table><p class=\"bodytext\">Notes:<\/p><ul><li><sup>1)<\/sup> For the actual weld energy at the welding gun tip see the <a href=\"https:\/\/www.sylex.sk\/downloads\/FOS\/others\/spw-01-spot-welding-equipment_energy-cross-table.pdf\">cross table<\/a> with nominal\/actual values<\/li><li><sup>2)<\/sup> With weld energy set @250 Joules<\/li><li><sup>3)<\/sup> Status indication is displayed by a LED located on the welding gun and LED located on chassis front panel as well<\/li><li><sup>4)<\/sup> Maximum achievable weld energy with turbo off: 50J, maximum achievable weld energy with turbo on: 300J<\/li><li><sup>5)<\/sup> For further dimensions details see the product drawing<\/li><li><sup>6)<\/sup> Gun cable weight includes the spot-welding gun, electrode cable and ground cable<\/li><li><sup>7)<\/sup> Gun cable length is extendable on request<\/li><\/ul>\t\t\t\t\t\t\t\t<\/div>\n\t\t\t\t<\/div>\n\t\t\t\t\t<\/div>\n\t\t<\/div>\n\t\t\t\t\t<\/div>\n\t\t<\/section>\n\t\t\t\t<\/div>\n\t\t","protected":false},"excerpt":{"rendered":"<p class=\"bodytext\"><b>Voltage requirement:<\/b> 220V, 50Hz, 3A breaker protection<\/p>\n<p class=\"bodytext\"><b>Nominal weld energy: <\/b>1 &#8211; 300 Joules<\/p>\n<p><b>Operating temperature range: <\/b>-5 \u00b0C\u00a0 to +40 \u00b0C<\/p>\n<p><b>Net weight (w\/o cables): <\/b>5 kg<\/p>\n<p>&nbsp;<\/p>\n","protected":false},"featured_media":10452,"template":"","meta":{"_acf_changed":false},"product_brand":[],"product_cat":[405,582],"product_tag":[],"class_list":{"0":"post-15757","1":"product","2":"type-product","3":"status-publish","4":"has-post-thumbnail","6":"product_cat-snimace-a-snimacie-systemy","7":"product_cat-installation-tools-sk","9":"first","10":"instock","11":"shipping-taxable","12":"product-type-simple"},"acf":[],"yoast_head":"<!-- This site is optimized with the Yoast SEO plugin v27.0 - https:\/\/yoast.com\/product\/yoast-seo-wordpress\/ -->\n<title>SPW-01 Spot-Welding Equipment - Sylex<\/title>\n<meta name=\"robots\" content=\"index, follow, max-snippet:-1, max-image-preview:large, max-video-preview:-1\" \/>\n<link rel=\"canonical\" href=\"https:\/\/www.sylex.sk\/sk\/produkt\/spw-01-spot-welding-equipment\/\" \/>\n<meta property=\"og:locale\" content=\"sk_SK\" \/>\n<meta property=\"og:type\" content=\"article\" \/>\n<meta property=\"og:title\" content=\"SPW-01 Spot-Welding Equipment - Sylex\" \/>\n<meta property=\"og:description\" content=\"Voltage requirement: 220V, 50Hz, 3A breaker protection Nominal weld energy: 1 - 300 Joules Operating temperature range: -5 \u00b0C\u00a0 to +40 \u00b0C  Net weight (w\/o cables): 5 kg  &nbsp;\" \/>\n<meta property=\"og:url\" content=\"https:\/\/www.sylex.sk\/sk\/produkt\/spw-01-spot-welding-equipment\/\" \/>\n<meta property=\"og:site_name\" content=\"Sylex\" \/>\n<meta property=\"article:publisher\" content=\"https:\/\/www.facebook.com\/sylex.sk\/\" \/>\n<meta property=\"article:modified_time\" content=\"2025-01-17T09:49:50+00:00\" \/>\n<meta property=\"og:image\" content=\"https:\/\/www.sylex.sk\/wp-content\/uploads\/2023\/09\/SPW-01-product-image-cut.jpg\" \/>\n\t<meta property=\"og:image:width\" content=\"1920\" \/>\n\t<meta property=\"og:image:height\" content=\"1300\" \/>\n\t<meta property=\"og:image:type\" content=\"image\/jpeg\" \/>\n<meta name=\"twitter:card\" content=\"summary_large_image\" \/>\n<meta name=\"twitter:site\" content=\"@SYLEX_SK\" \/>\n<meta name=\"twitter:label1\" content=\"Predpokladan\u00fd \u010das \u010d\u00edtania\" \/>\n\t<meta name=\"twitter:data1\" content=\"1 min\u00fata\" \/>\n<script type=\"application\/ld+json\" class=\"yoast-schema-graph\">{\"@context\":\"https:\/\/schema.org\",\"@graph\":[{\"@type\":\"WebPage\",\"@id\":\"https:\/\/www.sylex.sk\/sk\/produkt\/spw-01-spot-welding-equipment\/\",\"url\":\"https:\/\/www.sylex.sk\/sk\/produkt\/spw-01-spot-welding-equipment\/\",\"name\":\"SPW-01 Spot-Welding Equipment - Sylex\",\"isPartOf\":{\"@id\":\"https:\/\/wonderful-yonath.136-243-14-103.plesk.page\/#website\"},\"primaryImageOfPage\":{\"@id\":\"https:\/\/www.sylex.sk\/sk\/produkt\/spw-01-spot-welding-equipment\/#primaryimage\"},\"image\":{\"@id\":\"https:\/\/www.sylex.sk\/sk\/produkt\/spw-01-spot-welding-equipment\/#primaryimage\"},\"thumbnailUrl\":\"https:\/\/www.sylex.sk\/wp-content\/uploads\/2023\/09\/SPW-01-product-image-cut.jpg\",\"datePublished\":\"2023-09-06T11:38:45+00:00\",\"dateModified\":\"2025-01-17T09:49:50+00:00\",\"breadcrumb\":{\"@id\":\"https:\/\/www.sylex.sk\/sk\/produkt\/spw-01-spot-welding-equipment\/#breadcrumb\"},\"inLanguage\":\"sk-SK\",\"potentialAction\":[{\"@type\":\"ReadAction\",\"target\":[\"https:\/\/www.sylex.sk\/sk\/produkt\/spw-01-spot-welding-equipment\/\"]}]},{\"@type\":\"ImageObject\",\"inLanguage\":\"sk-SK\",\"@id\":\"https:\/\/www.sylex.sk\/sk\/produkt\/spw-01-spot-welding-equipment\/#primaryimage\",\"url\":\"https:\/\/www.sylex.sk\/wp-content\/uploads\/2023\/09\/SPW-01-product-image-cut.jpg\",\"contentUrl\":\"https:\/\/www.sylex.sk\/wp-content\/uploads\/2023\/09\/SPW-01-product-image-cut.jpg\",\"width\":1920,\"height\":1300},{\"@type\":\"BreadcrumbList\",\"@id\":\"https:\/\/www.sylex.sk\/sk\/produkt\/spw-01-spot-welding-equipment\/#breadcrumb\",\"itemListElement\":[{\"@type\":\"ListItem\",\"position\":1,\"name\":\"Home\",\"item\":\"https:\/\/www.sylex.sk\/sk\/\"},{\"@type\":\"ListItem\",\"position\":2,\"name\":\"Shop\",\"item\":\"https:\/\/www.sylex.sk\/sk\/shop\/\"},{\"@type\":\"ListItem\",\"position\":3,\"name\":\"SPW-01 Spot-Welding Equipment\"}]},{\"@type\":\"WebSite\",\"@id\":\"https:\/\/wonderful-yonath.136-243-14-103.plesk.page\/#website\",\"url\":\"https:\/\/wonderful-yonath.136-243-14-103.plesk.page\/\",\"name\":\"Sylex\",\"description\":\"Fiber Optics\",\"publisher\":{\"@id\":\"https:\/\/wonderful-yonath.136-243-14-103.plesk.page\/#organization\"},\"potentialAction\":[{\"@type\":\"SearchAction\",\"target\":{\"@type\":\"EntryPoint\",\"urlTemplate\":\"https:\/\/wonderful-yonath.136-243-14-103.plesk.page\/?s={search_term_string}\"},\"query-input\":{\"@type\":\"PropertyValueSpecification\",\"valueRequired\":true,\"valueName\":\"search_term_string\"}}],\"inLanguage\":\"sk-SK\"},{\"@type\":\"Organization\",\"@id\":\"https:\/\/wonderful-yonath.136-243-14-103.plesk.page\/#organization\",\"name\":\"Sylex\",\"url\":\"https:\/\/wonderful-yonath.136-243-14-103.plesk.page\/\",\"logo\":{\"@type\":\"ImageObject\",\"inLanguage\":\"sk-SK\",\"@id\":\"https:\/\/wonderful-yonath.136-243-14-103.plesk.page\/#\/schema\/logo\/image\/\",\"url\":\"https:\/\/www.sylex.sk\/wp-content\/uploads\/2024\/04\/logo4-1.png\",\"contentUrl\":\"https:\/\/www.sylex.sk\/wp-content\/uploads\/2024\/04\/logo4-1.png\",\"width\":308,\"height\":100,\"caption\":\"Sylex\"},\"image\":{\"@id\":\"https:\/\/wonderful-yonath.136-243-14-103.plesk.page\/#\/schema\/logo\/image\/\"},\"sameAs\":[\"https:\/\/www.facebook.com\/sylex.sk\/\",\"https:\/\/x.com\/SYLEX_SK\"]}]}<\/script>\n<!-- \/ Yoast SEO plugin. -->","yoast_head_json":{"title":"SPW-01 Spot-Welding Equipment - Sylex","robots":{"index":"index","follow":"follow","max-snippet":"max-snippet:-1","max-image-preview":"max-image-preview:large","max-video-preview":"max-video-preview:-1"},"canonical":"https:\/\/www.sylex.sk\/sk\/produkt\/spw-01-spot-welding-equipment\/","og_locale":"sk_SK","og_type":"article","og_title":"SPW-01 Spot-Welding Equipment - Sylex","og_description":"Voltage requirement: 220V, 50Hz, 3A breaker protection Nominal weld energy: 1 - 300 Joules Operating temperature range: -5 \u00b0C\u00a0 to +40 \u00b0C  Net weight (w\/o cables): 5 kg  &nbsp;","og_url":"https:\/\/www.sylex.sk\/sk\/produkt\/spw-01-spot-welding-equipment\/","og_site_name":"Sylex","article_publisher":"https:\/\/www.facebook.com\/sylex.sk\/","article_modified_time":"2025-01-17T09:49:50+00:00","og_image":[{"width":1920,"height":1300,"url":"https:\/\/www.sylex.sk\/wp-content\/uploads\/2023\/09\/SPW-01-product-image-cut.jpg","type":"image\/jpeg"}],"twitter_card":"summary_large_image","twitter_site":"@SYLEX_SK","twitter_misc":{"Predpokladan\u00fd \u010das \u010d\u00edtania":"1 min\u00fata"},"schema":{"@context":"https:\/\/schema.org","@graph":[{"@type":"WebPage","@id":"https:\/\/www.sylex.sk\/sk\/produkt\/spw-01-spot-welding-equipment\/","url":"https:\/\/www.sylex.sk\/sk\/produkt\/spw-01-spot-welding-equipment\/","name":"SPW-01 Spot-Welding Equipment - Sylex","isPartOf":{"@id":"https:\/\/wonderful-yonath.136-243-14-103.plesk.page\/#website"},"primaryImageOfPage":{"@id":"https:\/\/www.sylex.sk\/sk\/produkt\/spw-01-spot-welding-equipment\/#primaryimage"},"image":{"@id":"https:\/\/www.sylex.sk\/sk\/produkt\/spw-01-spot-welding-equipment\/#primaryimage"},"thumbnailUrl":"https:\/\/www.sylex.sk\/wp-content\/uploads\/2023\/09\/SPW-01-product-image-cut.jpg","datePublished":"2023-09-06T11:38:45+00:00","dateModified":"2025-01-17T09:49:50+00:00","breadcrumb":{"@id":"https:\/\/www.sylex.sk\/sk\/produkt\/spw-01-spot-welding-equipment\/#breadcrumb"},"inLanguage":"sk-SK","potentialAction":[{"@type":"ReadAction","target":["https:\/\/www.sylex.sk\/sk\/produkt\/spw-01-spot-welding-equipment\/"]}]},{"@type":"ImageObject","inLanguage":"sk-SK","@id":"https:\/\/www.sylex.sk\/sk\/produkt\/spw-01-spot-welding-equipment\/#primaryimage","url":"https:\/\/www.sylex.sk\/wp-content\/uploads\/2023\/09\/SPW-01-product-image-cut.jpg","contentUrl":"https:\/\/www.sylex.sk\/wp-content\/uploads\/2023\/09\/SPW-01-product-image-cut.jpg","width":1920,"height":1300},{"@type":"BreadcrumbList","@id":"https:\/\/www.sylex.sk\/sk\/produkt\/spw-01-spot-welding-equipment\/#breadcrumb","itemListElement":[{"@type":"ListItem","position":1,"name":"Home","item":"https:\/\/www.sylex.sk\/sk\/"},{"@type":"ListItem","position":2,"name":"Shop","item":"https:\/\/www.sylex.sk\/sk\/shop\/"},{"@type":"ListItem","position":3,"name":"SPW-01 Spot-Welding Equipment"}]},{"@type":"WebSite","@id":"https:\/\/wonderful-yonath.136-243-14-103.plesk.page\/#website","url":"https:\/\/wonderful-yonath.136-243-14-103.plesk.page\/","name":"Sylex","description":"Fiber Optics","publisher":{"@id":"https:\/\/wonderful-yonath.136-243-14-103.plesk.page\/#organization"},"potentialAction":[{"@type":"SearchAction","target":{"@type":"EntryPoint","urlTemplate":"https:\/\/wonderful-yonath.136-243-14-103.plesk.page\/?s={search_term_string}"},"query-input":{"@type":"PropertyValueSpecification","valueRequired":true,"valueName":"search_term_string"}}],"inLanguage":"sk-SK"},{"@type":"Organization","@id":"https:\/\/wonderful-yonath.136-243-14-103.plesk.page\/#organization","name":"Sylex","url":"https:\/\/wonderful-yonath.136-243-14-103.plesk.page\/","logo":{"@type":"ImageObject","inLanguage":"sk-SK","@id":"https:\/\/wonderful-yonath.136-243-14-103.plesk.page\/#\/schema\/logo\/image\/","url":"https:\/\/www.sylex.sk\/wp-content\/uploads\/2024\/04\/logo4-1.png","contentUrl":"https:\/\/www.sylex.sk\/wp-content\/uploads\/2024\/04\/logo4-1.png","width":308,"height":100,"caption":"Sylex"},"image":{"@id":"https:\/\/wonderful-yonath.136-243-14-103.plesk.page\/#\/schema\/logo\/image\/"},"sameAs":["https:\/\/www.facebook.com\/sylex.sk\/","https:\/\/x.com\/SYLEX_SK"]}]}},"_links":{"self":[{"href":"https:\/\/www.sylex.sk\/sk\/wp-json\/wp\/v2\/product\/15757","targetHints":{"allow":["GET"]}}],"collection":[{"href":"https:\/\/www.sylex.sk\/sk\/wp-json\/wp\/v2\/product"}],"about":[{"href":"https:\/\/www.sylex.sk\/sk\/wp-json\/wp\/v2\/types\/product"}],"version-history":[{"count":0,"href":"https:\/\/www.sylex.sk\/sk\/wp-json\/wp\/v2\/product\/15757\/revisions"}],"wp:featuredmedia":[{"embeddable":true,"href":"https:\/\/www.sylex.sk\/sk\/wp-json\/wp\/v2\/media\/10452"}],"wp:attachment":[{"href":"https:\/\/www.sylex.sk\/sk\/wp-json\/wp\/v2\/media?parent=15757"}],"wp:term":[{"taxonomy":"product_brand","embeddable":true,"href":"https:\/\/www.sylex.sk\/sk\/wp-json\/wp\/v2\/product_brand?post=15757"},{"taxonomy":"product_cat","embeddable":true,"href":"https:\/\/www.sylex.sk\/sk\/wp-json\/wp\/v2\/product_cat?post=15757"},{"taxonomy":"product_tag","embeddable":true,"href":"https:\/\/www.sylex.sk\/sk\/wp-json\/wp\/v2\/product_tag?post=15757"}],"curies":[{"name":"wp","href":"https:\/\/api.w.org\/{rel}","templated":true}]}}