{"id":15897,"date":"2023-09-06T12:55:55","date_gmt":"2023-09-06T11:55:55","guid":{"rendered":"https:\/\/www.sylex.sk\/product\/udrzba\/"},"modified":"2023-09-06T12:55:55","modified_gmt":"2023-09-06T11:55:55","slug":"udrzba","status":"publish","type":"product","link":"https:\/\/www.sylex.sk\/sk\/produkt\/udrzba\/","title":{"rendered":"\u00fadr\u017eba"},"content":{"rendered":"<p>[av_one_full first min_height=&#8220;&#8220; vertical_alignment=&#8220;&#8220; space=&#8220;&#8220; custom_margin=&#8220;&#8220; margin=&#8220;0px&#8220; row_boxshadow=&#8220;&#8220; row_boxshadow_color=&#8220;&#8220; row_boxshadow_width=&#8220;10&#8243; link=&#8220;&#8220; linktarget=&#8220;&#8220; link_hover=&#8220;&#8220; title_attr=&#8220;&#8220; alt_attr=&#8220;&#8220; padding=&#8220;0px&#8220; highlight=&#8220;&#8220; highlight_size=&#8220;&#8220; border=&#8220;&#8220; border_color=&#8220;&#8220; radius=&#8220;0px&#8220; column_boxshadow=&#8220;&#8220; column_boxshadow_color=&#8220;&#8220; column_boxshadow_width=&#8220;10&#8243; background=&#8220;bg_color&#8220; background_color=&#8220;&#8220; background_gradient_color1=&#8220;&#8220; background_gradient_color2=&#8220;&#8220; background_gradient_direction=&#8220;vertical&#8220; src=&#8220;&#8220; background_position=&#8220;top left&#8220; background_repeat=&#8220;no-repeat&#8220; animation=&#8220;&#8220; mobile_breaking=&#8220;&#8220; mobile_display=&#8220;&#8220; av_uid=&#8220;av-s5xlux&#8220;]<\/p>\n<p>[av_hr class=&#8220;default&#8220; height=&#8220;50&#8243; shadow=&#8220;no-shadow&#8220; position=&#8220;center&#8220; custom_border=&#8220;av-border-thin&#8220; custom_width=&#8220;50px&#8220; custom_border_color=&#8220;&#8220; custom_margin_top=&#8220;30px&#8220; custom_margin_bottom=&#8220;30px&#8220; icon_select=&#8220;yes&#8220; custom_icon_color=&#8220;&#8220; icon=&#8220;ue808&#8243; av-desktop-hide=&#8220;&#8220; av-medium-hide=&#8220;&#8220; av-small-hide=&#8220;&#8220; av-mini-hide=&#8220;&#8220; av_uid=&#8220;&#8220;]<\/p>\n<p>[av_textblock size=&#8220;&#8220; font_color=&#8220;&#8220; color=&#8220;&#8220; av-medium-font-size=&#8220;&#8220; av-small-font-size=&#8220;&#8220; av-mini-font-size=&#8220;&#8220; av_uid=&#8220;av-kmd20a0p&#8220; custom_class=&#8220;&#8220; admin_preview_bg=&#8220;&#8220;]<\/p>\n<h2 style=\"text-align: center;\">V s\u00fa\u010dasnosti vykon\u00e1vame pl\u00e1novan\u00fa \u00fadr\u017ebu. Ospravedl\u0148ujeme sa za v\u0161etky nepr\u00edjemnosti.<\/h2>\n<p>[\/av_textblock]<\/p>\n<p>[av_textblock size=&#8220;&#8220; font_color=&#8220;&#8220; color=&#8220;&#8220; av-medium-font-size=&#8220;&#8220; av-small-font-size=&#8220;&#8220; av-mini-font-size=&#8220;&#8220; av_uid=&#8220;av-kmd22zor&#8220; custom_class=&#8220;&#8220; admin_preview_bg=&#8220;&#8220;][\/av_textblock]<\/p>\n<p>[av_textblock size=&#8220;&#8220; font_color=&#8220;&#8220; color=&#8220;&#8220; av-medium-font-size=&#8220;&#8220; av-small-font-size=&#8220;&#8220; av-mini-font-size=&#8220;&#8220; av_uid=&#8220;av-kmd220ij&#8220; custom_class=&#8220;&#8220; admin_preview_bg=&#8220;&#8220;]<\/p>\n<h2 style=\"text-align: center;\">\u010coskoro sa uvid\u00edme!<\/h2>\n<p>[\/av_textblock]<\/p>\n<p>[av_hr class=&#8220;default&#8220; height=&#8220;50&#8243; shadow=&#8220;no-shadow&#8220; position=&#8220;center&#8220; custom_border=&#8220;av-border-thin&#8220; custom_width=&#8220;50px&#8220; custom_border_color=&#8220;&#8220; custom_margin_top=&#8220;30px&#8220; custom_margin_bottom=&#8220;30px&#8220; icon_select=&#8220;yes&#8220; custom_icon_color=&#8220;&#8220; icon=&#8220;ue808&#8243; av-desktop-hide=&#8220;&#8220; av-medium-hide=&#8220;&#8220; av-small-hide=&#8220;&#8220; av-mini-hide=&#8220;&#8220; av_uid=&#8220;av-laoabt&#8220;]<\/p>\n<p>[\/av_one_full]<\/p>\n","protected":false},"excerpt":{"rendered":"<p>[av_one_full first min_height=&#8220;&#8220; vertical_alignment=&#8220;&#8220; space=&#8220;&#8220; custom_margin=&#8220;&#8220; margin=&#8220;0px&#8220; row_boxshadow=&#8220;&#8220; row_boxshadow_color=&#8220;&#8220; row_boxshadow_width=&#8220;10&#8243; link=&#8220;&#8220; linktarget=&#8220;&#8220; link_hover=&#8220;&#8220; title_attr=&#8220;&#8220; alt_attr=&#8220;&#8220; padding=&#8220;0px&#8220; highlight=&#8220;&#8220; highlight_size=&#8220;&#8220; border=&#8220;&#8220; border_color=&#8220;&#8220; radius=&#8220;0px&#8220; column_boxshadow=&#8220;&#8220; column_boxshadow_color=&#8220;&#8220; column_boxshadow_width=&#8220;10&#8243; background=&#8220;bg_color&#8220; background_color=&#8220;&#8220; background_gradient_color1=&#8220;&#8220; background_gradient_color2=&#8220;&#8220; background_gradient_direction=&#8220;vertical&#8220; src=&#8220;&#8220; background_position=&#8220;top left&#8220; background_repeat=&#8220;no-repeat&#8220; animation=&#8220;&#8220; mobile_breaking=&#8220;&#8220; mobile_display=&#8220;&#8220; av_uid=&#8220;av-s5xlux&#8220;] [av_hr class=&#8220;default&#8220; height=&#8220;50&#8243; shadow=&#8220;no-shadow&#8220; position=&#8220;center&#8220; custom_border=&#8220;av-border-thin&#8220; custom_width=&#8220;50px&#8220; custom_border_color=&#8220;&#8220; custom_margin_top=&#8220;30px&#8220; custom_margin_bottom=&#8220;30px&#8220; icon_select=&#8220;yes&#8220; custom_icon_color=&#8220;&#8220; icon=&#8220;ue808&#8243; av-desktop-hide=&#8220;&#8220; av-medium-hide=&#8220;&#8220; av-small-hide=&#8220;&#8220; av-mini-hide=&#8220;&#8220; av_uid=&#8220;&#8220;] [av_textblock size=&#8220;&#8220; font_color=&#8220;&#8220; color=&#8220;&#8220; av-medium-font-size=&#8220;&#8220; av-small-font-size=&#8220;&#8220; av-mini-font-size=&#8220;&#8220; av_uid=&#8220;av-kmd20a0p&#8220; custom_class=&#8220;&#8220; admin_preview_bg=&#8220;&#8220;] V s\u00fa\u010dasnosti vykon\u00e1vame pl\u00e1novan\u00fa \u00fadr\u017ebu. Ospravedl\u0148ujeme sa za v\u0161etky nepr\u00edjemnosti. [\/av_textblock] [av_textblock size=&#8220;&#8220; font_color=&#8220;&#8220; color=&#8220;&#8220; av-medium-font-size=&#8220;&#8220; av-small-font-size=&#8220;&#8220; av-mini-font-size=&#8220;&#8220; av_uid=&#8220;av-kmd22zor&#8220; custom_class=&#8220;&#8220; admin_preview_bg=&#8220;&#8220;][\/av_textblock] [av_textblock size=&#8220;&#8220; font_color=&#8220;&#8220; color=&#8220;&#8220; av-medium-font-size=&#8220;&#8220; av-small-font-size=&#8220;&#8220; av-mini-font-size=&#8220;&#8220; av_uid=&#8220;av-kmd220ij&#8220; custom_class=&#8220;&#8220; admin_preview_bg=&#8220;&#8220;] \u010coskoro sa uvid\u00edme! [\/av_textblock] [av_hr class=&#8220;default&#8220; height=&#8220;50&#8243; shadow=&#8220;no-shadow&#8220; position=&#8220;center&#8220; custom_border=&#8220;av-border-thin&#8220; custom_width=&#8220;50px&#8220; custom_border_color=&#8220;&#8220; custom_margin_top=&#8220;30px&#8220; custom_margin_bottom=&#8220;30px&#8220; icon_select=&#8220;yes&#8220; custom_icon_color=&#8220;&#8220; icon=&#8220;ue808&#8243; av-desktop-hide=&#8220;&#8220; av-medium-hide=&#8220;&#8220; av-small-hide=&#8220;&#8220; av-mini-hide=&#8220;&#8220; av_uid=&#8220;av-laoabt&#8220;] [\/av_one_full]<\/p>\n","protected":false},"featured_media":0,"template":"","meta":{"_acf_changed":false},"product_brand":[],"product_cat":[398],"product_tag":[],"class_list":{"0":"post-15897","1":"product","2":"type-product","3":"status-publish","5":"product_cat-prepojovacie-riesenia","7":"first","8":"instock","9":"shipping-taxable","10":"product-type-simple"},"acf":[],"yoast_head":"<!-- This site is optimized with the Yoast SEO plugin v27.0 - https:\/\/yoast.com\/product\/yoast-seo-wordpress\/ -->\n<title>\u00fadr\u017eba - Sylex<\/title>\n<meta name=\"robots\" content=\"index, follow, max-snippet:-1, max-image-preview:large, max-video-preview:-1\" \/>\n<link rel=\"canonical\" href=\"https:\/\/www.sylex.sk\/sk\/produkt\/udrzba\/\" \/>\n<meta property=\"og:locale\" content=\"sk_SK\" \/>\n<meta property=\"og:type\" content=\"article\" \/>\n<meta property=\"og:title\" content=\"\u00fadr\u017eba - Sylex\" \/>\n<meta property=\"og:description\" content=\"[av_one_full first min_height=&#8220;&#8220; vertical_alignment=&#8220;&#8220; space=&#8220;&#8220; custom_margin=&#8220;&#8220; margin=&#8220;0px&#8220; row_boxshadow=&#8220;&#8220; row_boxshadow_color=&#8220;&#8220; row_boxshadow_width=&#8220;10&#8243; link=&#8220;&#8220; linktarget=&#8220;&#8220; link_hover=&#8220;&#8220; title_attr=&#8220;&#8220; alt_attr=&#8220;&#8220; padding=&#8220;0px&#8220; highlight=&#8220;&#8220; highlight_size=&#8220;&#8220; border=&#8220;&#8220; border_color=&#8220;&#8220; radius=&#8220;0px&#8220; column_boxshadow=&#8220;&#8220; column_boxshadow_color=&#8220;&#8220; column_boxshadow_width=&#8220;10&#8243; background=&#8220;bg_color&#8220; background_color=&#8220;&#8220; background_gradient_color1=&#8220;&#8220; background_gradient_color2=&#8220;&#8220; background_gradient_direction=&#8220;vertical&#8220; src=&#8220;&#8220; background_position=&#8220;top left&#8220; background_repeat=&#8220;no-repeat&#8220; animation=&#8220;&#8220; mobile_breaking=&#8220;&#8220; mobile_display=&#8220;&#8220; av_uid=&#8220;av-s5xlux&#8220;] [av_hr class=&#8220;default&#8220; height=&#8220;50&#8243; shadow=&#8220;no-shadow&#8220; position=&#8220;center&#8220; custom_border=&#8220;av-border-thin&#8220; custom_width=&#8220;50px&#8220; custom_border_color=&#8220;&#8220; custom_margin_top=&#8220;30px&#8220; custom_margin_bottom=&#8220;30px&#8220; icon_select=&#8220;yes&#8220; custom_icon_color=&#8220;&#8220; icon=&#8220;ue808&#8243; av-desktop-hide=&#8220;&#8220; av-medium-hide=&#8220;&#8220; av-small-hide=&#8220;&#8220; av-mini-hide=&#8220;&#8220; av_uid=&#8220;&#8220;] [av_textblock size=&#8220;&#8220; font_color=&#8220;&#8220; color=&#8220;&#8220; av-medium-font-size=&#8220;&#8220; av-small-font-size=&#8220;&#8220; av-mini-font-size=&#8220;&#8220; av_uid=&#8220;av-kmd20a0p&#8220; custom_class=&#8220;&#8220; admin_preview_bg=&#8220;&#8220;] V s\u00fa\u010dasnosti vykon\u00e1vame pl\u00e1novan\u00fa \u00fadr\u017ebu. Ospravedl\u0148ujeme sa za v\u0161etky nepr\u00edjemnosti. [\/av_textblock] [av_textblock size=&#8220;&#8220; font_color=&#8220;&#8220; color=&#8220;&#8220; av-medium-font-size=&#8220;&#8220; av-small-font-size=&#8220;&#8220; av-mini-font-size=&#8220;&#8220; av_uid=&#8220;av-kmd22zor&#8220; custom_class=&#8220;&#8220; admin_preview_bg=&#8220;&#8220;][\/av_textblock] [av_textblock size=&#8220;&#8220; font_color=&#8220;&#8220; color=&#8220;&#8220; av-medium-font-size=&#8220;&#8220; av-small-font-size=&#8220;&#8220; av-mini-font-size=&#8220;&#8220; av_uid=&#8220;av-kmd220ij&#8220; custom_class=&#8220;&#8220; admin_preview_bg=&#8220;&#8220;] \u010coskoro sa uvid\u00edme! [\/av_textblock] [av_hr class=&#8220;default&#8220; height=&#8220;50&#8243; shadow=&#8220;no-shadow&#8220; position=&#8220;center&#8220; custom_border=&#8220;av-border-thin&#8220; custom_width=&#8220;50px&#8220; custom_border_color=&#8220;&#8220; custom_margin_top=&#8220;30px&#8220; custom_margin_bottom=&#8220;30px&#8220; icon_select=&#8220;yes&#8220; custom_icon_color=&#8220;&#8220; icon=&#8220;ue808&#8243; av-desktop-hide=&#8220;&#8220; av-medium-hide=&#8220;&#8220; av-small-hide=&#8220;&#8220; av-mini-hide=&#8220;&#8220; av_uid=&#8220;av-laoabt&#8220;] [\/av_one_full]\" \/>\n<meta property=\"og:url\" content=\"https:\/\/www.sylex.sk\/sk\/produkt\/udrzba\/\" \/>\n<meta property=\"og:site_name\" content=\"Sylex\" \/>\n<meta property=\"article:publisher\" content=\"https:\/\/www.facebook.com\/sylex.sk\/\" \/>\n<meta property=\"og:image\" content=\"https:\/\/www.sylex.sk\/wp-content\/uploads\/2024\/01\/sylexlogo.jpeg\" \/>\n\t<meta property=\"og:image:width\" content=\"400\" \/>\n\t<meta property=\"og:image:height\" content=\"400\" \/>\n\t<meta property=\"og:image:type\" content=\"image\/jpeg\" \/>\n<meta name=\"twitter:card\" content=\"summary_large_image\" \/>\n<meta name=\"twitter:site\" content=\"@SYLEX_SK\" \/>\n<meta name=\"twitter:label1\" content=\"Predpokladan\u00fd \u010das \u010d\u00edtania\" \/>\n\t<meta name=\"twitter:data1\" content=\"1 min\u00fata\" \/>\n<script type=\"application\/ld+json\" class=\"yoast-schema-graph\">{\"@context\":\"https:\/\/schema.org\",\"@graph\":[{\"@type\":\"WebPage\",\"@id\":\"https:\/\/www.sylex.sk\/sk\/produkt\/udrzba\/\",\"url\":\"https:\/\/www.sylex.sk\/sk\/produkt\/udrzba\/\",\"name\":\"\u00fadr\u017eba - Sylex\",\"isPartOf\":{\"@id\":\"https:\/\/wonderful-yonath.136-243-14-103.plesk.page\/#website\"},\"datePublished\":\"2023-09-06T11:55:55+00:00\",\"breadcrumb\":{\"@id\":\"https:\/\/www.sylex.sk\/sk\/produkt\/udrzba\/#breadcrumb\"},\"inLanguage\":\"sk-SK\",\"potentialAction\":[{\"@type\":\"ReadAction\",\"target\":[\"https:\/\/www.sylex.sk\/sk\/produkt\/udrzba\/\"]}]},{\"@type\":\"BreadcrumbList\",\"@id\":\"https:\/\/www.sylex.sk\/sk\/produkt\/udrzba\/#breadcrumb\",\"itemListElement\":[{\"@type\":\"ListItem\",\"position\":1,\"name\":\"Home\",\"item\":\"https:\/\/www.sylex.sk\/sk\/\"},{\"@type\":\"ListItem\",\"position\":2,\"name\":\"Shop\",\"item\":\"https:\/\/www.sylex.sk\/sk\/shop\/\"},{\"@type\":\"ListItem\",\"position\":3,\"name\":\"\u00fadr\u017eba\"}]},{\"@type\":\"WebSite\",\"@id\":\"https:\/\/wonderful-yonath.136-243-14-103.plesk.page\/#website\",\"url\":\"https:\/\/wonderful-yonath.136-243-14-103.plesk.page\/\",\"name\":\"Sylex\",\"description\":\"Fiber Optics\",\"publisher\":{\"@id\":\"https:\/\/wonderful-yonath.136-243-14-103.plesk.page\/#organization\"},\"potentialAction\":[{\"@type\":\"SearchAction\",\"target\":{\"@type\":\"EntryPoint\",\"urlTemplate\":\"https:\/\/wonderful-yonath.136-243-14-103.plesk.page\/?s={search_term_string}\"},\"query-input\":{\"@type\":\"PropertyValueSpecification\",\"valueRequired\":true,\"valueName\":\"search_term_string\"}}],\"inLanguage\":\"sk-SK\"},{\"@type\":\"Organization\",\"@id\":\"https:\/\/wonderful-yonath.136-243-14-103.plesk.page\/#organization\",\"name\":\"Sylex\",\"url\":\"https:\/\/wonderful-yonath.136-243-14-103.plesk.page\/\",\"logo\":{\"@type\":\"ImageObject\",\"inLanguage\":\"sk-SK\",\"@id\":\"https:\/\/wonderful-yonath.136-243-14-103.plesk.page\/#\/schema\/logo\/image\/\",\"url\":\"https:\/\/www.sylex.sk\/wp-content\/uploads\/2024\/04\/logo4-1.png\",\"contentUrl\":\"https:\/\/www.sylex.sk\/wp-content\/uploads\/2024\/04\/logo4-1.png\",\"width\":308,\"height\":100,\"caption\":\"Sylex\"},\"image\":{\"@id\":\"https:\/\/wonderful-yonath.136-243-14-103.plesk.page\/#\/schema\/logo\/image\/\"},\"sameAs\":[\"https:\/\/www.facebook.com\/sylex.sk\/\",\"https:\/\/x.com\/SYLEX_SK\"]}]}<\/script>\n<!-- \/ Yoast SEO plugin. -->","yoast_head_json":{"title":"\u00fadr\u017eba - Sylex","robots":{"index":"index","follow":"follow","max-snippet":"max-snippet:-1","max-image-preview":"max-image-preview:large","max-video-preview":"max-video-preview:-1"},"canonical":"https:\/\/www.sylex.sk\/sk\/produkt\/udrzba\/","og_locale":"sk_SK","og_type":"article","og_title":"\u00fadr\u017eba - Sylex","og_description":"[av_one_full first min_height=&#8220;&#8220; vertical_alignment=&#8220;&#8220; space=&#8220;&#8220; custom_margin=&#8220;&#8220; margin=&#8220;0px&#8220; row_boxshadow=&#8220;&#8220; row_boxshadow_color=&#8220;&#8220; row_boxshadow_width=&#8220;10&#8243; link=&#8220;&#8220; linktarget=&#8220;&#8220; link_hover=&#8220;&#8220; title_attr=&#8220;&#8220; alt_attr=&#8220;&#8220; padding=&#8220;0px&#8220; highlight=&#8220;&#8220; highlight_size=&#8220;&#8220; border=&#8220;&#8220; border_color=&#8220;&#8220; radius=&#8220;0px&#8220; column_boxshadow=&#8220;&#8220; column_boxshadow_color=&#8220;&#8220; column_boxshadow_width=&#8220;10&#8243; background=&#8220;bg_color&#8220; background_color=&#8220;&#8220; background_gradient_color1=&#8220;&#8220; background_gradient_color2=&#8220;&#8220; background_gradient_direction=&#8220;vertical&#8220; src=&#8220;&#8220; background_position=&#8220;top left&#8220; background_repeat=&#8220;no-repeat&#8220; animation=&#8220;&#8220; mobile_breaking=&#8220;&#8220; mobile_display=&#8220;&#8220; av_uid=&#8220;av-s5xlux&#8220;] [av_hr class=&#8220;default&#8220; height=&#8220;50&#8243; shadow=&#8220;no-shadow&#8220; position=&#8220;center&#8220; custom_border=&#8220;av-border-thin&#8220; custom_width=&#8220;50px&#8220; custom_border_color=&#8220;&#8220; custom_margin_top=&#8220;30px&#8220; custom_margin_bottom=&#8220;30px&#8220; icon_select=&#8220;yes&#8220; custom_icon_color=&#8220;&#8220; icon=&#8220;ue808&#8243; av-desktop-hide=&#8220;&#8220; av-medium-hide=&#8220;&#8220; av-small-hide=&#8220;&#8220; av-mini-hide=&#8220;&#8220; av_uid=&#8220;&#8220;] [av_textblock size=&#8220;&#8220; font_color=&#8220;&#8220; color=&#8220;&#8220; av-medium-font-size=&#8220;&#8220; av-small-font-size=&#8220;&#8220; av-mini-font-size=&#8220;&#8220; av_uid=&#8220;av-kmd20a0p&#8220; custom_class=&#8220;&#8220; admin_preview_bg=&#8220;&#8220;] V s\u00fa\u010dasnosti vykon\u00e1vame pl\u00e1novan\u00fa \u00fadr\u017ebu. Ospravedl\u0148ujeme sa za v\u0161etky nepr\u00edjemnosti. [\/av_textblock] [av_textblock size=&#8220;&#8220; font_color=&#8220;&#8220; color=&#8220;&#8220; av-medium-font-size=&#8220;&#8220; av-small-font-size=&#8220;&#8220; av-mini-font-size=&#8220;&#8220; av_uid=&#8220;av-kmd22zor&#8220; custom_class=&#8220;&#8220; admin_preview_bg=&#8220;&#8220;][\/av_textblock] [av_textblock size=&#8220;&#8220; font_color=&#8220;&#8220; color=&#8220;&#8220; av-medium-font-size=&#8220;&#8220; av-small-font-size=&#8220;&#8220; av-mini-font-size=&#8220;&#8220; av_uid=&#8220;av-kmd220ij&#8220; custom_class=&#8220;&#8220; admin_preview_bg=&#8220;&#8220;] \u010coskoro sa uvid\u00edme! [\/av_textblock] [av_hr class=&#8220;default&#8220; height=&#8220;50&#8243; shadow=&#8220;no-shadow&#8220; position=&#8220;center&#8220; custom_border=&#8220;av-border-thin&#8220; custom_width=&#8220;50px&#8220; custom_border_color=&#8220;&#8220; custom_margin_top=&#8220;30px&#8220; custom_margin_bottom=&#8220;30px&#8220; icon_select=&#8220;yes&#8220; custom_icon_color=&#8220;&#8220; icon=&#8220;ue808&#8243; av-desktop-hide=&#8220;&#8220; av-medium-hide=&#8220;&#8220; av-small-hide=&#8220;&#8220; av-mini-hide=&#8220;&#8220; av_uid=&#8220;av-laoabt&#8220;] [\/av_one_full]","og_url":"https:\/\/www.sylex.sk\/sk\/produkt\/udrzba\/","og_site_name":"Sylex","article_publisher":"https:\/\/www.facebook.com\/sylex.sk\/","og_image":[{"width":400,"height":400,"url":"https:\/\/www.sylex.sk\/wp-content\/uploads\/2024\/01\/sylexlogo.jpeg","type":"image\/jpeg"}],"twitter_card":"summary_large_image","twitter_site":"@SYLEX_SK","twitter_misc":{"Predpokladan\u00fd \u010das \u010d\u00edtania":"1 min\u00fata"},"schema":{"@context":"https:\/\/schema.org","@graph":[{"@type":"WebPage","@id":"https:\/\/www.sylex.sk\/sk\/produkt\/udrzba\/","url":"https:\/\/www.sylex.sk\/sk\/produkt\/udrzba\/","name":"\u00fadr\u017eba - Sylex","isPartOf":{"@id":"https:\/\/wonderful-yonath.136-243-14-103.plesk.page\/#website"},"datePublished":"2023-09-06T11:55:55+00:00","breadcrumb":{"@id":"https:\/\/www.sylex.sk\/sk\/produkt\/udrzba\/#breadcrumb"},"inLanguage":"sk-SK","potentialAction":[{"@type":"ReadAction","target":["https:\/\/www.sylex.sk\/sk\/produkt\/udrzba\/"]}]},{"@type":"BreadcrumbList","@id":"https:\/\/www.sylex.sk\/sk\/produkt\/udrzba\/#breadcrumb","itemListElement":[{"@type":"ListItem","position":1,"name":"Home","item":"https:\/\/www.sylex.sk\/sk\/"},{"@type":"ListItem","position":2,"name":"Shop","item":"https:\/\/www.sylex.sk\/sk\/shop\/"},{"@type":"ListItem","position":3,"name":"\u00fadr\u017eba"}]},{"@type":"WebSite","@id":"https:\/\/wonderful-yonath.136-243-14-103.plesk.page\/#website","url":"https:\/\/wonderful-yonath.136-243-14-103.plesk.page\/","name":"Sylex","description":"Fiber Optics","publisher":{"@id":"https:\/\/wonderful-yonath.136-243-14-103.plesk.page\/#organization"},"potentialAction":[{"@type":"SearchAction","target":{"@type":"EntryPoint","urlTemplate":"https:\/\/wonderful-yonath.136-243-14-103.plesk.page\/?s={search_term_string}"},"query-input":{"@type":"PropertyValueSpecification","valueRequired":true,"valueName":"search_term_string"}}],"inLanguage":"sk-SK"},{"@type":"Organization","@id":"https:\/\/wonderful-yonath.136-243-14-103.plesk.page\/#organization","name":"Sylex","url":"https:\/\/wonderful-yonath.136-243-14-103.plesk.page\/","logo":{"@type":"ImageObject","inLanguage":"sk-SK","@id":"https:\/\/wonderful-yonath.136-243-14-103.plesk.page\/#\/schema\/logo\/image\/","url":"https:\/\/www.sylex.sk\/wp-content\/uploads\/2024\/04\/logo4-1.png","contentUrl":"https:\/\/www.sylex.sk\/wp-content\/uploads\/2024\/04\/logo4-1.png","width":308,"height":100,"caption":"Sylex"},"image":{"@id":"https:\/\/wonderful-yonath.136-243-14-103.plesk.page\/#\/schema\/logo\/image\/"},"sameAs":["https:\/\/www.facebook.com\/sylex.sk\/","https:\/\/x.com\/SYLEX_SK"]}]}},"_links":{"self":[{"href":"https:\/\/www.sylex.sk\/sk\/wp-json\/wp\/v2\/product\/15897","targetHints":{"allow":["GET"]}}],"collection":[{"href":"https:\/\/www.sylex.sk\/sk\/wp-json\/wp\/v2\/product"}],"about":[{"href":"https:\/\/www.sylex.sk\/sk\/wp-json\/wp\/v2\/types\/product"}],"version-history":[{"count":0,"href":"https:\/\/www.sylex.sk\/sk\/wp-json\/wp\/v2\/product\/15897\/revisions"}],"wp:attachment":[{"href":"https:\/\/www.sylex.sk\/sk\/wp-json\/wp\/v2\/media?parent=15897"}],"wp:term":[{"taxonomy":"product_brand","embeddable":true,"href":"https:\/\/www.sylex.sk\/sk\/wp-json\/wp\/v2\/product_brand?post=15897"},{"taxonomy":"product_cat","embeddable":true,"href":"https:\/\/www.sylex.sk\/sk\/wp-json\/wp\/v2\/product_cat?post=15897"},{"taxonomy":"product_tag","embeddable":true,"href":"https:\/\/www.sylex.sk\/sk\/wp-json\/wp\/v2\/product_tag?post=15897"}],"curies":[{"name":"wp","href":"https:\/\/api.w.org\/{rel}","templated":true}]}}