{"id":19164,"date":"2024-08-22T06:37:14","date_gmt":"2024-08-22T05:37:14","guid":{"rendered":"https:\/\/www.sylex.sk\/?post_type=product&#038;p=19164"},"modified":"2025-01-17T10:49:22","modified_gmt":"2025-01-17T09:49:22","slug":"sts-11-magnetic-cover","status":"publish","type":"product","link":"https:\/\/www.sylex.sk\/sk\/produkt\/sts-11-magnetic-cover\/","title":{"rendered":"STS-11 Magnetic cover"},"content":{"rendered":"\t\t<div data-elementor-type=\"product-post\" data-elementor-id=\"19164\" class=\"elementor elementor-19164 elementor-19163\" data-elementor-post-type=\"product\">\n\t\t\t\t\t\t<section class=\"elementor-section elementor-top-section elementor-element elementor-element-711f6d6 elementor-section-boxed elementor-section-height-default elementor-section-height-default\" data-id=\"711f6d6\" data-element_type=\"section\" data-e-type=\"section\">\n\t\t\t\t\t\t<div class=\"elementor-container elementor-column-gap-default\">\n\t\t\t\t\t<div class=\"elementor-column elementor-col-100 elementor-top-column elementor-element elementor-element-11955af\" data-id=\"11955af\" data-element_type=\"column\" data-e-type=\"column\">\n\t\t\t<div class=\"elementor-widget-wrap elementor-element-populated\">\n\t\t\t\t\t\t<div class=\"elementor-element elementor-element-690303c elementor-widget elementor-widget-heading\" data-id=\"690303c\" data-element_type=\"widget\" data-e-type=\"widget\" data-widget_type=\"heading.default\">\n\t\t\t\t<div class=\"elementor-widget-container\">\n\t\t\t\t\t<h2 class=\"elementor-heading-title elementor-size-default\">Product specification<\/h2>\t\t\t\t<\/div>\n\t\t\t\t<\/div>\n\t\t\t\t<div class=\"elementor-element elementor-element-a26a11a elementor-widget-divider--view-line elementor-widget elementor-widget-divider\" data-id=\"a26a11a\" data-element_type=\"widget\" data-e-type=\"widget\" data-widget_type=\"divider.default\">\n\t\t\t\t<div class=\"elementor-widget-container\">\n\t\t\t\t\t\t\t<div class=\"elementor-divider\">\n\t\t\t<span class=\"elementor-divider-separator\">\n\t\t\t\t\t\t<\/span>\n\t\t<\/div>\n\t\t\t\t\t\t<\/div>\n\t\t\t\t<\/div>\n\t\t\t\t<div class=\"elementor-element elementor-element-2dcb3fe elementor-widget elementor-widget-text-editor\" data-id=\"2dcb3fe\" data-element_type=\"widget\" data-e-type=\"widget\" data-widget_type=\"text-editor.default\">\n\t\t\t\t<div class=\"elementor-widget-container\">\n\t\t\t\t\t\t\t\t\t<table border=\"0\" width=\"100%\" cellspacing=\"0\" cellpadding=\"0\">\n<tbody>\n<tr> \n<td rowspan=\"5\" valign=\"top\"><strong>Physical properties<\/strong><\/td>\n<td>\n<div>Material<\/div><\/td>\n<td colspan=\"2\">\n<div>\n<div><\/div>\n<\/div>\n<div>PA12 &#8211; Black<\/div>\n<div><\/div><\/td>\n<\/tr>\n<tr>\n<td>Mounting method (primary)<\/td>\n<td colspan=\"2\">Magnets\n<div><\/div><\/td>\n<\/tr>\n<tr>\n<td>\n<div>Dimensions (L x W x H)<\/div><\/td>\n<td colspan=\"2\">95 x 66 x 10,5mm\n<div><\/div><\/td>\n<\/tr>\n<tr>\n<td>\n<div>Compatible sensors<\/div><\/td>\n<td colspan=\"2\">STS-11\n<div><\/div><\/td>\n<\/tr>\n<tr>\n<td>\n<div>Weight<\/div><\/td>\n<td colspan=\"2\">\n<div>24g<\/div>\n<div><\/div><\/td>\n<\/tr>\n<tr>\n<td><strong>Packaging<\/strong><\/td>\n<td colspan=\"3\">Typically integrated into the sensor packaging \/ Included in the sensor\u2019s cardboard box<\/td>\n<\/tr>\n<tr>\n<td><strong>Quality Statement<\/strong><\/td>\n<td colspan=\"3\">All products are 100% tested and calibrated at SYLEX\nAll products are manufactured according to ISO 9001:2015 and ISO 14001:2015<\/td>\n<\/tr>\n<\/tbody>\n<\/table>\t\t\t\t\t\t\t\t<\/div>\n\t\t\t\t<\/div>\n\t\t\t\t\t<\/div>\n\t\t<\/div>\n\t\t\t\t\t<\/div>\n\t\t<\/section>\n\t\t\t\t<section class=\"elementor-section elementor-top-section elementor-element elementor-element-e3524aa elementor-section-boxed elementor-section-height-default elementor-section-height-default\" data-id=\"e3524aa\" data-element_type=\"section\" data-e-type=\"section\">\n\t\t\t\t\t\t<div class=\"elementor-container elementor-column-gap-default\">\n\t\t\t\t\t<div class=\"elementor-column elementor-col-100 elementor-top-column elementor-element elementor-element-e9b735d\" data-id=\"e9b735d\" data-element_type=\"column\" data-e-type=\"column\">\n\t\t\t<div class=\"elementor-widget-wrap elementor-element-populated\">\n\t\t\t\t\t\t<div class=\"elementor-element elementor-element-3b18646 elementor-widget elementor-widget-heading\" data-id=\"3b18646\" data-element_type=\"widget\" data-e-type=\"widget\" data-widget_type=\"heading.default\">\n\t\t\t\t<div class=\"elementor-widget-container\">\n\t\t\t\t\t<h2 class=\"elementor-heading-title elementor-size-default\">Installation remarks<\/h2>\t\t\t\t<\/div>\n\t\t\t\t<\/div>\n\t\t\t\t<div class=\"elementor-element elementor-element-a756d8e elementor-widget-divider--view-line elementor-widget elementor-widget-divider\" data-id=\"a756d8e\" data-element_type=\"widget\" data-e-type=\"widget\" data-widget_type=\"divider.default\">\n\t\t\t\t<div class=\"elementor-widget-container\">\n\t\t\t\t\t\t\t<div class=\"elementor-divider\">\n\t\t\t<span class=\"elementor-divider-separator\">\n\t\t\t\t\t\t<\/span>\n\t\t<\/div>\n\t\t\t\t\t\t<\/div>\n\t\t\t\t<\/div>\n\t\t\t\t<div class=\"elementor-element elementor-element-55d39a7 elementor-widget elementor-widget-text-editor\" data-id=\"55d39a7\" data-element_type=\"widget\" data-e-type=\"widget\" data-widget_type=\"text-editor.default\">\n\t\t\t\t<div class=\"elementor-widget-container\">\n\t\t\t\t\t\t\t\t\t<p>The STS-11 magnetic cover is possible to be installed above the sensor using magnets, as shown in the image below.<\/p>\n<p>The neodymium magnets are included and pre-mounted on the cover.<\/p>\n<p>Magnets are installed into each corner of the cover, as shown in the image below.<\/p>\n<p>Subsequently, you can attach the cover over the sensor to a steel construction. In addition, it is possible to apply a layer of silicone adhesive around the edge of the cover.<\/p>\t\t\t\t\t\t\t\t<\/div>\n\t\t\t\t<\/div>\n\t\t\t\t\t<\/div>\n\t\t<\/div>\n\t\t\t\t\t<\/div>\n\t\t<\/section>\n\t\t\t\t<section class=\"elementor-section elementor-top-section elementor-element elementor-element-4909f59 elementor-section-boxed elementor-section-height-default elementor-section-height-default\" data-id=\"4909f59\" data-element_type=\"section\" data-e-type=\"section\">\n\t\t\t\t\t\t<div class=\"elementor-container elementor-column-gap-default\">\n\t\t\t\t\t<div class=\"elementor-column elementor-col-100 elementor-top-column elementor-element elementor-element-0755e82\" data-id=\"0755e82\" data-element_type=\"column\" data-e-type=\"column\">\n\t\t\t<div class=\"elementor-widget-wrap elementor-element-populated\">\n\t\t\t\t\t\t<div class=\"elementor-element elementor-element-4629df9 elementor-widget elementor-widget-image\" data-id=\"4629df9\" data-element_type=\"widget\" data-e-type=\"widget\" data-widget_type=\"image.default\">\n\t\t\t\t<div class=\"elementor-widget-container\">\n\t\t\t\t\t\t\t\t\t\t\t\t\t\t\t<img fetchpriority=\"high\" decoding=\"async\" width=\"800\" height=\"534\" src=\"https:\/\/www.sylex.sk\/wp-content\/uploads\/2024\/08\/STS-11-Magnetic-Cover-1024x683.jpg\" class=\"attachment-large size-large wp-image-19170\" alt=\"Magnetick\u00fd kryt STS-11\" srcset=\"https:\/\/www.sylex.sk\/wp-content\/uploads\/2024\/08\/STS-11-Magnetic-Cover-1024x683.jpg 1024w, https:\/\/www.sylex.sk\/wp-content\/uploads\/2024\/08\/STS-11-Magnetic-Cover-300x200.jpg 300w, https:\/\/www.sylex.sk\/wp-content\/uploads\/2024\/08\/STS-11-Magnetic-Cover-768x512.jpg 768w, https:\/\/www.sylex.sk\/wp-content\/uploads\/2024\/08\/STS-11-Magnetic-Cover-1536x1024.jpg 1536w, https:\/\/www.sylex.sk\/wp-content\/uploads\/2024\/08\/STS-11-Magnetic-Cover-2048x1365.jpg 2048w, https:\/\/www.sylex.sk\/wp-content\/uploads\/2024\/08\/STS-11-Magnetic-Cover-1320x880.jpg 1320w, https:\/\/www.sylex.sk\/wp-content\/uploads\/2024\/08\/STS-11-Magnetic-Cover-600x400.jpg 600w\" sizes=\"(max-width: 800px) 100vw, 800px\" \/>\t\t\t\t\t\t\t\t\t\t\t\t\t\t\t<\/div>\n\t\t\t\t<\/div>\n\t\t\t\t\t<\/div>\n\t\t<\/div>\n\t\t\t\t\t<\/div>\n\t\t<\/section>\n\t\t\t\t<\/div>\n\t\t","protected":false},"excerpt":{"rendered":"<p>The STS-11 magnetic cover is a cover to protect the <a href=\"https:\/\/www.sylex.sk\/product\/sts-11-surface-temperature-sensor\/\">STS-11 sensor<\/a><\/p>\n","protected":false},"featured_media":19402,"template":"","meta":{"_acf_changed":false},"product_brand":[],"product_cat":[405,554],"product_tag":[],"class_list":{"0":"post-19164","1":"product","2":"type-product","3":"status-publish","4":"has-post-thumbnail","6":"product_cat-snimace-a-snimacie-systemy","7":"product_cat-sensor-covers-sk","9":"first","10":"instock","11":"shipping-taxable","12":"product-type-simple"},"acf":[],"yoast_head":"<!-- This site is optimized with the Yoast SEO plugin v27.0 - https:\/\/yoast.com\/product\/yoast-seo-wordpress\/ -->\n<title>STS-11 Magnetic cover - Sylex<\/title>\n<meta name=\"robots\" content=\"index, follow, max-snippet:-1, max-image-preview:large, max-video-preview:-1\" \/>\n<link rel=\"canonical\" href=\"https:\/\/www.sylex.sk\/sk\/produkt\/sts-11-magnetic-cover\/\" \/>\n<meta property=\"og:locale\" content=\"sk_SK\" \/>\n<meta property=\"og:type\" content=\"article\" \/>\n<meta property=\"og:title\" content=\"STS-11 Magnetic cover - Sylex\" \/>\n<meta property=\"og:description\" content=\"The STS-11 magnetic cover is a cover to protect the STS-11 sensor\" \/>\n<meta property=\"og:url\" content=\"https:\/\/www.sylex.sk\/sk\/produkt\/sts-11-magnetic-cover\/\" \/>\n<meta property=\"og:site_name\" content=\"Sylex\" \/>\n<meta property=\"article:publisher\" content=\"https:\/\/www.facebook.com\/sylex.sk\/\" \/>\n<meta property=\"article:modified_time\" content=\"2025-01-17T09:49:22+00:00\" \/>\n<meta property=\"og:image\" content=\"https:\/\/www.sylex.sk\/wp-content\/uploads\/2024\/09\/STS-11-Magnetic-Cover-scaled.jpg\" \/>\n\t<meta property=\"og:image:width\" content=\"2560\" \/>\n\t<meta property=\"og:image:height\" content=\"1707\" \/>\n\t<meta property=\"og:image:type\" content=\"image\/jpeg\" \/>\n<meta name=\"twitter:card\" content=\"summary_large_image\" \/>\n<meta name=\"twitter:site\" content=\"@SYLEX_SK\" \/>\n<meta name=\"twitter:label1\" content=\"Predpokladan\u00fd \u010das \u010d\u00edtania\" \/>\n\t<meta name=\"twitter:data1\" content=\"1 min\u00fata\" \/>\n<script type=\"application\/ld+json\" class=\"yoast-schema-graph\">{\"@context\":\"https:\/\/schema.org\",\"@graph\":[{\"@type\":\"WebPage\",\"@id\":\"https:\/\/www.sylex.sk\/sk\/produkt\/sts-11-magnetic-cover\/\",\"url\":\"https:\/\/www.sylex.sk\/sk\/produkt\/sts-11-magnetic-cover\/\",\"name\":\"STS-11 Magnetic cover - Sylex\",\"isPartOf\":{\"@id\":\"https:\/\/wonderful-yonath.136-243-14-103.plesk.page\/#website\"},\"primaryImageOfPage\":{\"@id\":\"https:\/\/www.sylex.sk\/sk\/produkt\/sts-11-magnetic-cover\/#primaryimage\"},\"image\":{\"@id\":\"https:\/\/www.sylex.sk\/sk\/produkt\/sts-11-magnetic-cover\/#primaryimage\"},\"thumbnailUrl\":\"https:\/\/www.sylex.sk\/wp-content\/uploads\/2024\/09\/STS-11-Magnetic-Cover-scaled.jpg\",\"datePublished\":\"2024-08-22T05:37:14+00:00\",\"dateModified\":\"2025-01-17T09:49:22+00:00\",\"breadcrumb\":{\"@id\":\"https:\/\/www.sylex.sk\/sk\/produkt\/sts-11-magnetic-cover\/#breadcrumb\"},\"inLanguage\":\"sk-SK\",\"potentialAction\":[{\"@type\":\"ReadAction\",\"target\":[\"https:\/\/www.sylex.sk\/sk\/produkt\/sts-11-magnetic-cover\/\"]}]},{\"@type\":\"ImageObject\",\"inLanguage\":\"sk-SK\",\"@id\":\"https:\/\/www.sylex.sk\/sk\/produkt\/sts-11-magnetic-cover\/#primaryimage\",\"url\":\"https:\/\/www.sylex.sk\/wp-content\/uploads\/2024\/09\/STS-11-Magnetic-Cover-scaled.jpg\",\"contentUrl\":\"https:\/\/www.sylex.sk\/wp-content\/uploads\/2024\/09\/STS-11-Magnetic-Cover-scaled.jpg\",\"width\":2560,\"height\":1707,\"caption\":\"STS-11 Magnetic Cover\"},{\"@type\":\"BreadcrumbList\",\"@id\":\"https:\/\/www.sylex.sk\/sk\/produkt\/sts-11-magnetic-cover\/#breadcrumb\",\"itemListElement\":[{\"@type\":\"ListItem\",\"position\":1,\"name\":\"Home\",\"item\":\"https:\/\/www.sylex.sk\/sk\/\"},{\"@type\":\"ListItem\",\"position\":2,\"name\":\"Shop\",\"item\":\"https:\/\/www.sylex.sk\/sk\/shop\/\"},{\"@type\":\"ListItem\",\"position\":3,\"name\":\"STS-11 Magnetic cover\"}]},{\"@type\":\"WebSite\",\"@id\":\"https:\/\/wonderful-yonath.136-243-14-103.plesk.page\/#website\",\"url\":\"https:\/\/wonderful-yonath.136-243-14-103.plesk.page\/\",\"name\":\"Sylex\",\"description\":\"Fiber Optics\",\"publisher\":{\"@id\":\"https:\/\/wonderful-yonath.136-243-14-103.plesk.page\/#organization\"},\"potentialAction\":[{\"@type\":\"SearchAction\",\"target\":{\"@type\":\"EntryPoint\",\"urlTemplate\":\"https:\/\/wonderful-yonath.136-243-14-103.plesk.page\/?s={search_term_string}\"},\"query-input\":{\"@type\":\"PropertyValueSpecification\",\"valueRequired\":true,\"valueName\":\"search_term_string\"}}],\"inLanguage\":\"sk-SK\"},{\"@type\":\"Organization\",\"@id\":\"https:\/\/wonderful-yonath.136-243-14-103.plesk.page\/#organization\",\"name\":\"Sylex\",\"url\":\"https:\/\/wonderful-yonath.136-243-14-103.plesk.page\/\",\"logo\":{\"@type\":\"ImageObject\",\"inLanguage\":\"sk-SK\",\"@id\":\"https:\/\/wonderful-yonath.136-243-14-103.plesk.page\/#\/schema\/logo\/image\/\",\"url\":\"https:\/\/www.sylex.sk\/wp-content\/uploads\/2024\/04\/logo4-1.png\",\"contentUrl\":\"https:\/\/www.sylex.sk\/wp-content\/uploads\/2024\/04\/logo4-1.png\",\"width\":308,\"height\":100,\"caption\":\"Sylex\"},\"image\":{\"@id\":\"https:\/\/wonderful-yonath.136-243-14-103.plesk.page\/#\/schema\/logo\/image\/\"},\"sameAs\":[\"https:\/\/www.facebook.com\/sylex.sk\/\",\"https:\/\/x.com\/SYLEX_SK\"]}]}<\/script>\n<!-- \/ Yoast SEO plugin. -->","yoast_head_json":{"title":"STS-11 Magnetic cover - Sylex","robots":{"index":"index","follow":"follow","max-snippet":"max-snippet:-1","max-image-preview":"max-image-preview:large","max-video-preview":"max-video-preview:-1"},"canonical":"https:\/\/www.sylex.sk\/sk\/produkt\/sts-11-magnetic-cover\/","og_locale":"sk_SK","og_type":"article","og_title":"STS-11 Magnetic cover - Sylex","og_description":"The STS-11 magnetic cover is a cover to protect the STS-11 sensor","og_url":"https:\/\/www.sylex.sk\/sk\/produkt\/sts-11-magnetic-cover\/","og_site_name":"Sylex","article_publisher":"https:\/\/www.facebook.com\/sylex.sk\/","article_modified_time":"2025-01-17T09:49:22+00:00","og_image":[{"width":2560,"height":1707,"url":"https:\/\/www.sylex.sk\/wp-content\/uploads\/2024\/09\/STS-11-Magnetic-Cover-scaled.jpg","type":"image\/jpeg"}],"twitter_card":"summary_large_image","twitter_site":"@SYLEX_SK","twitter_misc":{"Predpokladan\u00fd \u010das \u010d\u00edtania":"1 min\u00fata"},"schema":{"@context":"https:\/\/schema.org","@graph":[{"@type":"WebPage","@id":"https:\/\/www.sylex.sk\/sk\/produkt\/sts-11-magnetic-cover\/","url":"https:\/\/www.sylex.sk\/sk\/produkt\/sts-11-magnetic-cover\/","name":"STS-11 Magnetic cover - Sylex","isPartOf":{"@id":"https:\/\/wonderful-yonath.136-243-14-103.plesk.page\/#website"},"primaryImageOfPage":{"@id":"https:\/\/www.sylex.sk\/sk\/produkt\/sts-11-magnetic-cover\/#primaryimage"},"image":{"@id":"https:\/\/www.sylex.sk\/sk\/produkt\/sts-11-magnetic-cover\/#primaryimage"},"thumbnailUrl":"https:\/\/www.sylex.sk\/wp-content\/uploads\/2024\/09\/STS-11-Magnetic-Cover-scaled.jpg","datePublished":"2024-08-22T05:37:14+00:00","dateModified":"2025-01-17T09:49:22+00:00","breadcrumb":{"@id":"https:\/\/www.sylex.sk\/sk\/produkt\/sts-11-magnetic-cover\/#breadcrumb"},"inLanguage":"sk-SK","potentialAction":[{"@type":"ReadAction","target":["https:\/\/www.sylex.sk\/sk\/produkt\/sts-11-magnetic-cover\/"]}]},{"@type":"ImageObject","inLanguage":"sk-SK","@id":"https:\/\/www.sylex.sk\/sk\/produkt\/sts-11-magnetic-cover\/#primaryimage","url":"https:\/\/www.sylex.sk\/wp-content\/uploads\/2024\/09\/STS-11-Magnetic-Cover-scaled.jpg","contentUrl":"https:\/\/www.sylex.sk\/wp-content\/uploads\/2024\/09\/STS-11-Magnetic-Cover-scaled.jpg","width":2560,"height":1707,"caption":"STS-11 Magnetic Cover"},{"@type":"BreadcrumbList","@id":"https:\/\/www.sylex.sk\/sk\/produkt\/sts-11-magnetic-cover\/#breadcrumb","itemListElement":[{"@type":"ListItem","position":1,"name":"Home","item":"https:\/\/www.sylex.sk\/sk\/"},{"@type":"ListItem","position":2,"name":"Shop","item":"https:\/\/www.sylex.sk\/sk\/shop\/"},{"@type":"ListItem","position":3,"name":"STS-11 Magnetic cover"}]},{"@type":"WebSite","@id":"https:\/\/wonderful-yonath.136-243-14-103.plesk.page\/#website","url":"https:\/\/wonderful-yonath.136-243-14-103.plesk.page\/","name":"Sylex","description":"Fiber Optics","publisher":{"@id":"https:\/\/wonderful-yonath.136-243-14-103.plesk.page\/#organization"},"potentialAction":[{"@type":"SearchAction","target":{"@type":"EntryPoint","urlTemplate":"https:\/\/wonderful-yonath.136-243-14-103.plesk.page\/?s={search_term_string}"},"query-input":{"@type":"PropertyValueSpecification","valueRequired":true,"valueName":"search_term_string"}}],"inLanguage":"sk-SK"},{"@type":"Organization","@id":"https:\/\/wonderful-yonath.136-243-14-103.plesk.page\/#organization","name":"Sylex","url":"https:\/\/wonderful-yonath.136-243-14-103.plesk.page\/","logo":{"@type":"ImageObject","inLanguage":"sk-SK","@id":"https:\/\/wonderful-yonath.136-243-14-103.plesk.page\/#\/schema\/logo\/image\/","url":"https:\/\/www.sylex.sk\/wp-content\/uploads\/2024\/04\/logo4-1.png","contentUrl":"https:\/\/www.sylex.sk\/wp-content\/uploads\/2024\/04\/logo4-1.png","width":308,"height":100,"caption":"Sylex"},"image":{"@id":"https:\/\/wonderful-yonath.136-243-14-103.plesk.page\/#\/schema\/logo\/image\/"},"sameAs":["https:\/\/www.facebook.com\/sylex.sk\/","https:\/\/x.com\/SYLEX_SK"]}]}},"_links":{"self":[{"href":"https:\/\/www.sylex.sk\/sk\/wp-json\/wp\/v2\/product\/19164","targetHints":{"allow":["GET"]}}],"collection":[{"href":"https:\/\/www.sylex.sk\/sk\/wp-json\/wp\/v2\/product"}],"about":[{"href":"https:\/\/www.sylex.sk\/sk\/wp-json\/wp\/v2\/types\/product"}],"version-history":[{"count":6,"href":"https:\/\/www.sylex.sk\/sk\/wp-json\/wp\/v2\/product\/19164\/revisions"}],"predecessor-version":[{"id":19405,"href":"https:\/\/www.sylex.sk\/sk\/wp-json\/wp\/v2\/product\/19164\/revisions\/19405"}],"wp:featuredmedia":[{"embeddable":true,"href":"https:\/\/www.sylex.sk\/sk\/wp-json\/wp\/v2\/media\/19402"}],"wp:attachment":[{"href":"https:\/\/www.sylex.sk\/sk\/wp-json\/wp\/v2\/media?parent=19164"}],"wp:term":[{"taxonomy":"product_brand","embeddable":true,"href":"https:\/\/www.sylex.sk\/sk\/wp-json\/wp\/v2\/product_brand?post=19164"},{"taxonomy":"product_cat","embeddable":true,"href":"https:\/\/www.sylex.sk\/sk\/wp-json\/wp\/v2\/product_cat?post=19164"},{"taxonomy":"product_tag","embeddable":true,"href":"https:\/\/www.sylex.sk\/sk\/wp-json\/wp\/v2\/product_tag?post=19164"}],"curies":[{"name":"wp","href":"https:\/\/api.w.org\/{rel}","templated":true}]}}