{"id":20867,"date":"2025-02-06T09:25:46","date_gmt":"2025-02-06T08:25:46","guid":{"rendered":"https:\/\/www.sylex.sk\/?post_type=product&#038;p=20867"},"modified":"2025-02-06T11:50:15","modified_gmt":"2025-02-06T10:50:15","slug":"opc-32-outdoor-protective-cover-for-tp-03-sensor-plastic-magnetic","status":"publish","type":"product","link":"https:\/\/www.sylex.sk\/sk\/produkt\/opc-32-outdoor-protective-cover-for-tp-03-sensor-plastic-magnetic\/","title":{"rendered":"OPC-32 Outdoor Protective Cover for TP-03 sensor &#8211; Plastic (magnetic)"},"content":{"rendered":"\t\t<div data-elementor-type=\"product-post\" data-elementor-id=\"20867\" class=\"elementor elementor-20867 elementor-20866\" data-elementor-post-type=\"product\">\n\t\t\t\t\t\t<section class=\"elementor-section elementor-top-section elementor-element elementor-element-711f6d6 elementor-section-boxed elementor-section-height-default elementor-section-height-default\" data-id=\"711f6d6\" data-element_type=\"section\" data-e-type=\"section\">\n\t\t\t\t\t\t<div class=\"elementor-container elementor-column-gap-default\">\n\t\t\t\t\t<div class=\"elementor-column elementor-col-100 elementor-top-column elementor-element elementor-element-11955af\" data-id=\"11955af\" data-element_type=\"column\" data-e-type=\"column\">\n\t\t\t<div class=\"elementor-widget-wrap elementor-element-populated\">\n\t\t\t\t\t\t<div class=\"elementor-element elementor-element-690303c elementor-widget elementor-widget-heading\" data-id=\"690303c\" data-element_type=\"widget\" data-e-type=\"widget\" data-widget_type=\"heading.default\">\n\t\t\t\t<div class=\"elementor-widget-container\">\n\t\t\t\t\t<h2 class=\"elementor-heading-title elementor-size-default\">Product specification<\/h2>\t\t\t\t<\/div>\n\t\t\t\t<\/div>\n\t\t\t\t<div class=\"elementor-element elementor-element-a26a11a elementor-widget-divider--view-line elementor-widget elementor-widget-divider\" data-id=\"a26a11a\" data-element_type=\"widget\" data-e-type=\"widget\" data-widget_type=\"divider.default\">\n\t\t\t\t<div class=\"elementor-widget-container\">\n\t\t\t\t\t\t\t<div class=\"elementor-divider\">\n\t\t\t<span class=\"elementor-divider-separator\">\n\t\t\t\t\t\t<\/span>\n\t\t<\/div>\n\t\t\t\t\t\t<\/div>\n\t\t\t\t<\/div>\n\t\t\t\t<div class=\"elementor-element elementor-element-2dcb3fe elementor-widget elementor-widget-text-editor\" data-id=\"2dcb3fe\" data-element_type=\"widget\" data-e-type=\"widget\" data-widget_type=\"text-editor.default\">\n\t\t\t\t<div class=\"elementor-widget-container\">\n\t\t\t\t\t\t\t\t\t<table border=\"0\" width=\"100%\" cellspacing=\"0\" cellpadding=\"0\">\n<tbody>\n<tr>\n<td rowspan=\"5\" valign=\"top\"><strong>Physical properties<\/strong><\/td>\n<td>\n<div>Material<\/div><\/td>\n<td colspan=\"2\">\n<div>\n<div><\/div>\n<\/div>\n<div>PA12 &#8211; Black<\/div>\n<div><\/div><\/td>\n<\/tr>\n<tr>\n<td>Mounting method (primary)<\/td>\n<td colspan=\"2\">Magnets\n<div><\/div><\/td>\n<\/tr>\n<tr>\n<td>\n<div>Dimensions (L x W x H)<\/div><\/td>\n<td colspan=\"2\">117x80x17,2mm\n<div><\/div><\/td>\n<\/tr>\n<tr>\n<td>\n<div>Compatible sensors<\/div><\/td>\n<td colspan=\"2\">TP-03\n<div><\/div><\/td>\n<\/tr>\n<tr>\n<td>\n<div>Weight<\/div><\/td>\n<td colspan=\"2\">\n<div>110g<\/div>\n<div><\/div><\/td>\n<\/tr>\n<tr>\n<td><strong>Packaging<\/strong><\/td>\n<td colspan=\"3\">Typically integrated into the sensor packaging \/ Included in the sensor\u2019s cardboard box<\/td>\n<\/tr>\n<tr>\n<td><strong>Quality Statement<\/strong><\/td>\n<td colspan=\"3\">All products are 100% tested and calibrated at SYLEX\nAll products are manufactured according to ISO 9001:2015 and ISO 14001:2015<\/td>\n<\/tr>\n<\/tbody>\n<\/table>\t\t\t\t\t\t\t\t<\/div>\n\t\t\t\t<\/div>\n\t\t\t\t\t<\/div>\n\t\t<\/div>\n\t\t\t\t\t<\/div>\n\t\t<\/section>\n\t\t\t\t<section class=\"elementor-section elementor-top-section elementor-element elementor-element-3293016 elementor-section-boxed elementor-section-height-default elementor-section-height-default\" data-id=\"3293016\" data-element_type=\"section\" data-e-type=\"section\">\n\t\t\t\t\t\t<div class=\"elementor-container elementor-column-gap-default\">\n\t\t\t\t\t<div class=\"elementor-column elementor-col-100 elementor-top-column elementor-element elementor-element-6a49f92\" data-id=\"6a49f92\" data-element_type=\"column\" data-e-type=\"column\">\n\t\t\t<div class=\"elementor-widget-wrap elementor-element-populated\">\n\t\t\t\t\t\t<div class=\"elementor-element elementor-element-deb6590 elementor-widget elementor-widget-heading\" data-id=\"deb6590\" data-element_type=\"widget\" data-e-type=\"widget\" data-widget_type=\"heading.default\">\n\t\t\t\t<div class=\"elementor-widget-container\">\n\t\t\t\t\t<h2 class=\"elementor-heading-title elementor-size-default\">Installation remarks<\/h2>\t\t\t\t<\/div>\n\t\t\t\t<\/div>\n\t\t\t\t<div class=\"elementor-element elementor-element-2df4553 elementor-widget-divider--view-line elementor-widget elementor-widget-divider\" data-id=\"2df4553\" data-element_type=\"widget\" data-e-type=\"widget\" data-widget_type=\"divider.default\">\n\t\t\t\t<div class=\"elementor-widget-container\">\n\t\t\t\t\t\t\t<div class=\"elementor-divider\">\n\t\t\t<span class=\"elementor-divider-separator\">\n\t\t\t\t\t\t<\/span>\n\t\t<\/div>\n\t\t\t\t\t\t<\/div>\n\t\t\t\t<\/div>\n\t\t\t\t<div class=\"elementor-element elementor-element-cd81387 elementor-widget elementor-widget-text-editor\" data-id=\"cd81387\" data-element_type=\"widget\" data-e-type=\"widget\" data-widget_type=\"text-editor.default\">\n\t\t\t\t<div class=\"elementor-widget-container\">\n\t\t\t\t\t\t\t\t\t<p><span class=\"fontstyle0\">The TP-03 magnetic cover is possible to be installed using magnets, as shown in the image below. The neodymium magnets are included and pre-mounted on the cover.<br \/><\/span><\/p><p><span class=\"fontstyle0\">Magnets are installed into each corner of the cover, as shown in the image below. <\/span><\/p><p><span class=\"fontstyle0\">Subsequently, you can attach the cover over the sensor to a steel construction. In addition, it is possible to apply a layer of silicone adhesive around the edge of the cover<\/span> <\/p>\t\t\t\t\t\t\t\t<\/div>\n\t\t\t\t<\/div>\n\t\t\t\t\t<\/div>\n\t\t<\/div>\n\t\t\t\t\t<\/div>\n\t\t<\/section>\n\t\t\t\t<section class=\"elementor-section elementor-top-section elementor-element elementor-element-6169e7f elementor-section-boxed elementor-section-height-default elementor-section-height-default\" data-id=\"6169e7f\" data-element_type=\"section\" data-e-type=\"section\">\n\t\t\t\t\t\t<div class=\"elementor-container elementor-column-gap-default\">\n\t\t\t\t\t<div class=\"elementor-column elementor-col-100 elementor-top-column elementor-element elementor-element-a425e92\" data-id=\"a425e92\" data-element_type=\"column\" data-e-type=\"column\">\n\t\t\t<div class=\"elementor-widget-wrap elementor-element-populated\">\n\t\t\t\t\t\t<div class=\"elementor-element elementor-element-6381014 elementor-widget elementor-widget-image\" data-id=\"6381014\" data-element_type=\"widget\" data-e-type=\"widget\" data-widget_type=\"image.default\">\n\t\t\t\t<div class=\"elementor-widget-container\">\n\t\t\t\t\t\t\t\t\t\t\t\t\t\t\t<img fetchpriority=\"high\" decoding=\"async\" width=\"600\" height=\"358\" src=\"https:\/\/www.sylex.sk\/wp-content\/uploads\/2025\/02\/OPC-32-Outdoor-Protective-Cover-for-TP-03-sensor-Plastic-magnetic-2-600x358.jpg\" class=\"attachment-woocommerce_single size-woocommerce_single wp-image-20879\" alt=\"OPC-32 Vonkaj\u0161\u00ed ochrann\u00fd kryt pre sn\u00edma\u010d TP-03 - plastov\u00fd (magnetick\u00fd) - 2\" srcset=\"https:\/\/www.sylex.sk\/wp-content\/uploads\/2025\/02\/OPC-32-Outdoor-Protective-Cover-for-TP-03-sensor-Plastic-magnetic-2-600x358.jpg 600w, https:\/\/www.sylex.sk\/wp-content\/uploads\/2025\/02\/OPC-32-Outdoor-Protective-Cover-for-TP-03-sensor-Plastic-magnetic-2-300x179.jpg 300w, https:\/\/www.sylex.sk\/wp-content\/uploads\/2025\/02\/OPC-32-Outdoor-Protective-Cover-for-TP-03-sensor-Plastic-magnetic-2-1024x612.jpg 1024w, https:\/\/www.sylex.sk\/wp-content\/uploads\/2025\/02\/OPC-32-Outdoor-Protective-Cover-for-TP-03-sensor-Plastic-magnetic-2-768x459.jpg 768w, https:\/\/www.sylex.sk\/wp-content\/uploads\/2025\/02\/OPC-32-Outdoor-Protective-Cover-for-TP-03-sensor-Plastic-magnetic-2-1536x918.jpg 1536w, https:\/\/www.sylex.sk\/wp-content\/uploads\/2025\/02\/OPC-32-Outdoor-Protective-Cover-for-TP-03-sensor-Plastic-magnetic-2-1320x789.jpg 1320w, https:\/\/www.sylex.sk\/wp-content\/uploads\/2025\/02\/OPC-32-Outdoor-Protective-Cover-for-TP-03-sensor-Plastic-magnetic-2.jpg 1920w\" sizes=\"(max-width: 600px) 100vw, 600px\" \/>\t\t\t\t\t\t\t\t\t\t\t\t\t\t\t<\/div>\n\t\t\t\t<\/div>\n\t\t\t\t\t<\/div>\n\t\t<\/div>\n\t\t\t\t\t<\/div>\n\t\t<\/section>\n\t\t\t\t<\/div>\n\t\t","protected":false},"excerpt":{"rendered":"<p>The OPC-32 Outdoor Protective Cover for TP-03 sensor &#8211; Plastic (magnetic) is a cover to protect the <a href=\"https:\/\/www.sylex.sk\/product\/tp-03-temperature-sensor\/\">TP-03 sensor<\/a><\/p>\n","protected":false},"featured_media":20877,"template":"","meta":{"_acf_changed":false},"product_brand":[],"product_cat":[405,554],"product_tag":[],"class_list":{"0":"post-20867","1":"product","2":"type-product","3":"status-publish","4":"has-post-thumbnail","6":"product_cat-snimace-a-snimacie-systemy","7":"product_cat-sensor-covers-sk","9":"first","10":"instock","11":"shipping-taxable","12":"product-type-simple"},"acf":[],"yoast_head":"<!-- This site is optimized with the Yoast SEO plugin v27.0 - https:\/\/yoast.com\/product\/yoast-seo-wordpress\/ -->\n<title>OPC-32 Outdoor Protective Cover for TP-03 sensor - Plastic (magnetic) - Sylex<\/title>\n<meta name=\"robots\" content=\"index, follow, max-snippet:-1, max-image-preview:large, max-video-preview:-1\" \/>\n<link rel=\"canonical\" href=\"https:\/\/www.sylex.sk\/sk\/produkt\/opc-32-outdoor-protective-cover-for-tp-03-sensor-plastic-magnetic\/\" \/>\n<meta property=\"og:locale\" content=\"sk_SK\" \/>\n<meta property=\"og:type\" content=\"article\" \/>\n<meta property=\"og:title\" content=\"OPC-32 Outdoor Protective Cover for TP-03 sensor - Plastic (magnetic) - Sylex\" \/>\n<meta property=\"og:description\" content=\"The OPC-32 Outdoor Protective Cover for TP-03 sensor - Plastic (magnetic) is a cover to protect the TP-03 sensor\" \/>\n<meta property=\"og:url\" content=\"https:\/\/www.sylex.sk\/sk\/produkt\/opc-32-outdoor-protective-cover-for-tp-03-sensor-plastic-magnetic\/\" \/>\n<meta property=\"og:site_name\" content=\"Sylex\" \/>\n<meta property=\"article:publisher\" content=\"https:\/\/www.facebook.com\/sylex.sk\/\" \/>\n<meta property=\"article:modified_time\" content=\"2025-02-06T10:50:15+00:00\" \/>\n<meta property=\"og:image\" content=\"https:\/\/www.sylex.sk\/wp-content\/uploads\/2025\/02\/OPC-32-Outdoor-Protective-Cover-for-TP-03-sensor-Plastic-magnetic-1.jpg\" \/>\n\t<meta property=\"og:image:width\" content=\"1920\" \/>\n\t<meta property=\"og:image:height\" content=\"1141\" \/>\n\t<meta property=\"og:image:type\" content=\"image\/jpeg\" \/>\n<meta name=\"twitter:card\" content=\"summary_large_image\" \/>\n<meta name=\"twitter:site\" content=\"@SYLEX_SK\" \/>\n<meta name=\"twitter:label1\" content=\"Predpokladan\u00fd \u010das \u010d\u00edtania\" \/>\n\t<meta name=\"twitter:data1\" content=\"1 min\u00fata\" \/>\n<script type=\"application\/ld+json\" class=\"yoast-schema-graph\">{\"@context\":\"https:\/\/schema.org\",\"@graph\":[{\"@type\":\"WebPage\",\"@id\":\"https:\/\/www.sylex.sk\/sk\/produkt\/opc-32-outdoor-protective-cover-for-tp-03-sensor-plastic-magnetic\/\",\"url\":\"https:\/\/www.sylex.sk\/sk\/produkt\/opc-32-outdoor-protective-cover-for-tp-03-sensor-plastic-magnetic\/\",\"name\":\"OPC-32 Outdoor Protective Cover for TP-03 sensor - Plastic (magnetic) - Sylex\",\"isPartOf\":{\"@id\":\"https:\/\/wonderful-yonath.136-243-14-103.plesk.page\/#website\"},\"primaryImageOfPage\":{\"@id\":\"https:\/\/www.sylex.sk\/sk\/produkt\/opc-32-outdoor-protective-cover-for-tp-03-sensor-plastic-magnetic\/#primaryimage\"},\"image\":{\"@id\":\"https:\/\/www.sylex.sk\/sk\/produkt\/opc-32-outdoor-protective-cover-for-tp-03-sensor-plastic-magnetic\/#primaryimage\"},\"thumbnailUrl\":\"https:\/\/www.sylex.sk\/wp-content\/uploads\/2025\/02\/OPC-32-Outdoor-Protective-Cover-for-TP-03-sensor-Plastic-magnetic-1.jpg\",\"datePublished\":\"2025-02-06T08:25:46+00:00\",\"dateModified\":\"2025-02-06T10:50:15+00:00\",\"breadcrumb\":{\"@id\":\"https:\/\/www.sylex.sk\/sk\/produkt\/opc-32-outdoor-protective-cover-for-tp-03-sensor-plastic-magnetic\/#breadcrumb\"},\"inLanguage\":\"sk-SK\",\"potentialAction\":[{\"@type\":\"ReadAction\",\"target\":[\"https:\/\/www.sylex.sk\/sk\/produkt\/opc-32-outdoor-protective-cover-for-tp-03-sensor-plastic-magnetic\/\"]}]},{\"@type\":\"ImageObject\",\"inLanguage\":\"sk-SK\",\"@id\":\"https:\/\/www.sylex.sk\/sk\/produkt\/opc-32-outdoor-protective-cover-for-tp-03-sensor-plastic-magnetic\/#primaryimage\",\"url\":\"https:\/\/www.sylex.sk\/wp-content\/uploads\/2025\/02\/OPC-32-Outdoor-Protective-Cover-for-TP-03-sensor-Plastic-magnetic-1.jpg\",\"contentUrl\":\"https:\/\/www.sylex.sk\/wp-content\/uploads\/2025\/02\/OPC-32-Outdoor-Protective-Cover-for-TP-03-sensor-Plastic-magnetic-1.jpg\",\"width\":1920,\"height\":1141,\"caption\":\"OPC-32 Vonkaj\u0161\u00ed ochrann\u00fd kryt pre sn\u00edma\u010d TP-03 - plastov\u00fd (magnetick\u00fd) - 1\"},{\"@type\":\"BreadcrumbList\",\"@id\":\"https:\/\/www.sylex.sk\/sk\/produkt\/opc-32-outdoor-protective-cover-for-tp-03-sensor-plastic-magnetic\/#breadcrumb\",\"itemListElement\":[{\"@type\":\"ListItem\",\"position\":1,\"name\":\"Home\",\"item\":\"https:\/\/www.sylex.sk\/sk\/\"},{\"@type\":\"ListItem\",\"position\":2,\"name\":\"Shop\",\"item\":\"https:\/\/www.sylex.sk\/sk\/shop\/\"},{\"@type\":\"ListItem\",\"position\":3,\"name\":\"OPC-32 Outdoor Protective Cover for TP-03 sensor &#8211; Plastic (magnetic)\"}]},{\"@type\":\"WebSite\",\"@id\":\"https:\/\/wonderful-yonath.136-243-14-103.plesk.page\/#website\",\"url\":\"https:\/\/wonderful-yonath.136-243-14-103.plesk.page\/\",\"name\":\"Sylex\",\"description\":\"Fiber Optics\",\"publisher\":{\"@id\":\"https:\/\/wonderful-yonath.136-243-14-103.plesk.page\/#organization\"},\"potentialAction\":[{\"@type\":\"SearchAction\",\"target\":{\"@type\":\"EntryPoint\",\"urlTemplate\":\"https:\/\/wonderful-yonath.136-243-14-103.plesk.page\/?s={search_term_string}\"},\"query-input\":{\"@type\":\"PropertyValueSpecification\",\"valueRequired\":true,\"valueName\":\"search_term_string\"}}],\"inLanguage\":\"sk-SK\"},{\"@type\":\"Organization\",\"@id\":\"https:\/\/wonderful-yonath.136-243-14-103.plesk.page\/#organization\",\"name\":\"Sylex\",\"url\":\"https:\/\/wonderful-yonath.136-243-14-103.plesk.page\/\",\"logo\":{\"@type\":\"ImageObject\",\"inLanguage\":\"sk-SK\",\"@id\":\"https:\/\/wonderful-yonath.136-243-14-103.plesk.page\/#\/schema\/logo\/image\/\",\"url\":\"https:\/\/www.sylex.sk\/wp-content\/uploads\/2024\/04\/logo4-1.png\",\"contentUrl\":\"https:\/\/www.sylex.sk\/wp-content\/uploads\/2024\/04\/logo4-1.png\",\"width\":308,\"height\":100,\"caption\":\"Sylex\"},\"image\":{\"@id\":\"https:\/\/wonderful-yonath.136-243-14-103.plesk.page\/#\/schema\/logo\/image\/\"},\"sameAs\":[\"https:\/\/www.facebook.com\/sylex.sk\/\",\"https:\/\/x.com\/SYLEX_SK\"]}]}<\/script>\n<!-- \/ Yoast SEO plugin. -->","yoast_head_json":{"title":"OPC-32 Outdoor Protective Cover for TP-03 sensor - Plastic (magnetic) - Sylex","robots":{"index":"index","follow":"follow","max-snippet":"max-snippet:-1","max-image-preview":"max-image-preview:large","max-video-preview":"max-video-preview:-1"},"canonical":"https:\/\/www.sylex.sk\/sk\/produkt\/opc-32-outdoor-protective-cover-for-tp-03-sensor-plastic-magnetic\/","og_locale":"sk_SK","og_type":"article","og_title":"OPC-32 Outdoor Protective Cover for TP-03 sensor - Plastic (magnetic) - Sylex","og_description":"The OPC-32 Outdoor Protective Cover for TP-03 sensor - Plastic (magnetic) is a cover to protect the TP-03 sensor","og_url":"https:\/\/www.sylex.sk\/sk\/produkt\/opc-32-outdoor-protective-cover-for-tp-03-sensor-plastic-magnetic\/","og_site_name":"Sylex","article_publisher":"https:\/\/www.facebook.com\/sylex.sk\/","article_modified_time":"2025-02-06T10:50:15+00:00","og_image":[{"width":1920,"height":1141,"url":"https:\/\/www.sylex.sk\/wp-content\/uploads\/2025\/02\/OPC-32-Outdoor-Protective-Cover-for-TP-03-sensor-Plastic-magnetic-1.jpg","type":"image\/jpeg"}],"twitter_card":"summary_large_image","twitter_site":"@SYLEX_SK","twitter_misc":{"Predpokladan\u00fd \u010das \u010d\u00edtania":"1 min\u00fata"},"schema":{"@context":"https:\/\/schema.org","@graph":[{"@type":"WebPage","@id":"https:\/\/www.sylex.sk\/sk\/produkt\/opc-32-outdoor-protective-cover-for-tp-03-sensor-plastic-magnetic\/","url":"https:\/\/www.sylex.sk\/sk\/produkt\/opc-32-outdoor-protective-cover-for-tp-03-sensor-plastic-magnetic\/","name":"OPC-32 Outdoor Protective Cover for TP-03 sensor - Plastic (magnetic) - Sylex","isPartOf":{"@id":"https:\/\/wonderful-yonath.136-243-14-103.plesk.page\/#website"},"primaryImageOfPage":{"@id":"https:\/\/www.sylex.sk\/sk\/produkt\/opc-32-outdoor-protective-cover-for-tp-03-sensor-plastic-magnetic\/#primaryimage"},"image":{"@id":"https:\/\/www.sylex.sk\/sk\/produkt\/opc-32-outdoor-protective-cover-for-tp-03-sensor-plastic-magnetic\/#primaryimage"},"thumbnailUrl":"https:\/\/www.sylex.sk\/wp-content\/uploads\/2025\/02\/OPC-32-Outdoor-Protective-Cover-for-TP-03-sensor-Plastic-magnetic-1.jpg","datePublished":"2025-02-06T08:25:46+00:00","dateModified":"2025-02-06T10:50:15+00:00","breadcrumb":{"@id":"https:\/\/www.sylex.sk\/sk\/produkt\/opc-32-outdoor-protective-cover-for-tp-03-sensor-plastic-magnetic\/#breadcrumb"},"inLanguage":"sk-SK","potentialAction":[{"@type":"ReadAction","target":["https:\/\/www.sylex.sk\/sk\/produkt\/opc-32-outdoor-protective-cover-for-tp-03-sensor-plastic-magnetic\/"]}]},{"@type":"ImageObject","inLanguage":"sk-SK","@id":"https:\/\/www.sylex.sk\/sk\/produkt\/opc-32-outdoor-protective-cover-for-tp-03-sensor-plastic-magnetic\/#primaryimage","url":"https:\/\/www.sylex.sk\/wp-content\/uploads\/2025\/02\/OPC-32-Outdoor-Protective-Cover-for-TP-03-sensor-Plastic-magnetic-1.jpg","contentUrl":"https:\/\/www.sylex.sk\/wp-content\/uploads\/2025\/02\/OPC-32-Outdoor-Protective-Cover-for-TP-03-sensor-Plastic-magnetic-1.jpg","width":1920,"height":1141,"caption":"OPC-32 Vonkaj\u0161\u00ed ochrann\u00fd kryt pre sn\u00edma\u010d TP-03 - plastov\u00fd (magnetick\u00fd) - 1"},{"@type":"BreadcrumbList","@id":"https:\/\/www.sylex.sk\/sk\/produkt\/opc-32-outdoor-protective-cover-for-tp-03-sensor-plastic-magnetic\/#breadcrumb","itemListElement":[{"@type":"ListItem","position":1,"name":"Home","item":"https:\/\/www.sylex.sk\/sk\/"},{"@type":"ListItem","position":2,"name":"Shop","item":"https:\/\/www.sylex.sk\/sk\/shop\/"},{"@type":"ListItem","position":3,"name":"OPC-32 Outdoor Protective Cover for TP-03 sensor &#8211; Plastic (magnetic)"}]},{"@type":"WebSite","@id":"https:\/\/wonderful-yonath.136-243-14-103.plesk.page\/#website","url":"https:\/\/wonderful-yonath.136-243-14-103.plesk.page\/","name":"Sylex","description":"Fiber Optics","publisher":{"@id":"https:\/\/wonderful-yonath.136-243-14-103.plesk.page\/#organization"},"potentialAction":[{"@type":"SearchAction","target":{"@type":"EntryPoint","urlTemplate":"https:\/\/wonderful-yonath.136-243-14-103.plesk.page\/?s={search_term_string}"},"query-input":{"@type":"PropertyValueSpecification","valueRequired":true,"valueName":"search_term_string"}}],"inLanguage":"sk-SK"},{"@type":"Organization","@id":"https:\/\/wonderful-yonath.136-243-14-103.plesk.page\/#organization","name":"Sylex","url":"https:\/\/wonderful-yonath.136-243-14-103.plesk.page\/","logo":{"@type":"ImageObject","inLanguage":"sk-SK","@id":"https:\/\/wonderful-yonath.136-243-14-103.plesk.page\/#\/schema\/logo\/image\/","url":"https:\/\/www.sylex.sk\/wp-content\/uploads\/2024\/04\/logo4-1.png","contentUrl":"https:\/\/www.sylex.sk\/wp-content\/uploads\/2024\/04\/logo4-1.png","width":308,"height":100,"caption":"Sylex"},"image":{"@id":"https:\/\/wonderful-yonath.136-243-14-103.plesk.page\/#\/schema\/logo\/image\/"},"sameAs":["https:\/\/www.facebook.com\/sylex.sk\/","https:\/\/x.com\/SYLEX_SK"]}]}},"_links":{"self":[{"href":"https:\/\/www.sylex.sk\/sk\/wp-json\/wp\/v2\/product\/20867","targetHints":{"allow":["GET"]}}],"collection":[{"href":"https:\/\/www.sylex.sk\/sk\/wp-json\/wp\/v2\/product"}],"about":[{"href":"https:\/\/www.sylex.sk\/sk\/wp-json\/wp\/v2\/types\/product"}],"version-history":[{"count":10,"href":"https:\/\/www.sylex.sk\/sk\/wp-json\/wp\/v2\/product\/20867\/revisions"}],"predecessor-version":[{"id":20924,"href":"https:\/\/www.sylex.sk\/sk\/wp-json\/wp\/v2\/product\/20867\/revisions\/20924"}],"wp:featuredmedia":[{"embeddable":true,"href":"https:\/\/www.sylex.sk\/sk\/wp-json\/wp\/v2\/media\/20877"}],"wp:attachment":[{"href":"https:\/\/www.sylex.sk\/sk\/wp-json\/wp\/v2\/media?parent=20867"}],"wp:term":[{"taxonomy":"product_brand","embeddable":true,"href":"https:\/\/www.sylex.sk\/sk\/wp-json\/wp\/v2\/product_brand?post=20867"},{"taxonomy":"product_cat","embeddable":true,"href":"https:\/\/www.sylex.sk\/sk\/wp-json\/wp\/v2\/product_cat?post=20867"},{"taxonomy":"product_tag","embeddable":true,"href":"https:\/\/www.sylex.sk\/sk\/wp-json\/wp\/v2\/product_tag?post=20867"}],"curies":[{"name":"wp","href":"https:\/\/api.w.org\/{rel}","templated":true}]}}