{"id":21029,"date":"2025-04-15T08:34:50","date_gmt":"2025-04-15T07:34:50","guid":{"rendered":"https:\/\/www.sylex.sk\/?post_type=product&#038;p=21029"},"modified":"2025-06-06T12:48:23","modified_gmt":"2025-06-06T11:48:23","slug":"ssr-01-spot-weldable-strain-rosette","status":"publish","type":"product","link":"https:\/\/www.sylex.sk\/sk\/produkt\/ssr-01-spot-weldable-strain-rosette\/","title":{"rendered":"SSR-01 Spot-weldable strain rosette"},"content":{"rendered":"\t\t<div data-elementor-type=\"product-post\" data-elementor-id=\"21029\" class=\"elementor elementor-21029 elementor-21028\" data-elementor-post-type=\"product\">\n\t\t\t\t\t\t<section class=\"elementor-section elementor-top-section elementor-element elementor-element-601566a0 elementor-section-boxed elementor-section-height-default elementor-section-height-default\" data-id=\"601566a0\" data-element_type=\"section\" data-e-type=\"section\">\n\t\t\t\t\t\t<div class=\"elementor-container elementor-column-gap-default\">\n\t\t\t\t\t<div class=\"elementor-column elementor-col-100 elementor-top-column elementor-element elementor-element-2a5a13c5\" data-id=\"2a5a13c5\" data-element_type=\"column\" data-e-type=\"column\">\n\t\t\t<div class=\"elementor-widget-wrap elementor-element-populated\">\n\t\t\t\t\t\t<div class=\"elementor-element elementor-element-3e21426d elementor-widget elementor-widget-heading\" data-id=\"3e21426d\" data-element_type=\"widget\" data-e-type=\"widget\" data-widget_type=\"heading.default\">\n\t\t\t\t<div class=\"elementor-widget-container\">\n\t\t\t\t\t<h2 class=\"elementor-heading-title elementor-size-default\">Product specification<\/h2>\t\t\t\t<\/div>\n\t\t\t\t<\/div>\n\t\t\t\t<div class=\"elementor-element elementor-element-33ec7e92 elementor-widget-divider--view-line elementor-widget elementor-widget-divider\" data-id=\"33ec7e92\" data-element_type=\"widget\" data-e-type=\"widget\" data-widget_type=\"divider.default\">\n\t\t\t\t<div class=\"elementor-widget-container\">\n\t\t\t\t\t\t\t<div class=\"elementor-divider\">\n\t\t\t<span class=\"elementor-divider-separator\">\n\t\t\t\t\t\t<\/span>\n\t\t<\/div>\n\t\t\t\t\t\t<\/div>\n\t\t\t\t<\/div>\n\t\t\t\t\t<\/div>\n\t\t<\/div>\n\t\t\t\t\t<\/div>\n\t\t<\/section>\n\t\t\t\t<section class=\"elementor-section elementor-top-section elementor-element elementor-element-16c5152 elementor-section-boxed elementor-section-height-default elementor-section-height-default\" data-id=\"16c5152\" data-element_type=\"section\" data-e-type=\"section\">\n\t\t\t\t\t\t<div class=\"elementor-container elementor-column-gap-default\">\n\t\t\t\t\t<div class=\"elementor-column elementor-col-100 elementor-top-column elementor-element elementor-element-d1e9a91\" data-id=\"d1e9a91\" data-element_type=\"column\" data-e-type=\"column\">\n\t\t\t<div class=\"elementor-widget-wrap elementor-element-populated\">\n\t\t\t\t\t\t<div class=\"elementor-element elementor-element-8e7d50e elementor-widget elementor-widget-text-editor\" data-id=\"8e7d50e\" data-element_type=\"widget\" data-e-type=\"widget\" data-widget_type=\"text-editor.default\">\n\t\t\t\t<div class=\"elementor-widget-container\">\n\t\t\t\t\t\t\t\t\t<table border=\"0\" width=\"100%\" cellspacing=\"0\" cellpadding=\"0\">\n<tbody>\n<tr>\n<td rowspan=\"11\" valign=\"top\"><strong>Performance properties<\/strong><\/td>\n<td>\n<div>Strain range<\/div><\/td>\n<td colspan=\"2\">\n<div>\n<div><\/div>\n<\/div>\n<div>\u00b11500\u03bc\u025b<\/div>\n<div><\/div><\/td>\n<\/tr>\n<tr>\n<td>\n<div>Accuracy (guaranteed)<sup>1)<\/sup><\/div><\/td>\n<td colspan=\"2\">&lt;0.5% FS<sup>3)\u00a0<\/sup>\n<div><\/div><\/td>\n<\/tr>\n<tr>\n<td>\n<div>Accuracy (typical)<sup>1)<\/sup><\/div><\/td>\n<td colspan=\"2\">&lt;0.23% FS<sup>3)<\/sup>\n<div><\/div><\/td>\n<\/tr>\n<tr>\n<td>\n<div>Precision (guaranteed)<sup>2)<\/sup><\/div><\/td>\n<td colspan=\"2\">&lt;0.25% FS<sup>3)<\/sup>\n<div><\/div><\/td>\n<\/tr>\n<tr>\n<td>\n<div>Precision (typical)<sup>2)<\/sup><\/div><\/td>\n<td colspan=\"2\">\n<div>&lt;0.15% FS<sup>3)<\/sup><\/div>\n<div><\/div><\/td>\n<\/tr>\n<tr>\n<td>Temperature compensation<\/td>\n<td colspan=\"2\">Integrated<\/td>\n<\/tr>\n<tr>\n<td>Temperature accuracy<sup>1)<\/sup><\/td>\n<td colspan=\"2\">\n<div id=\"c7439\" class=\"csc-default\">\n<div class=\"tab_row2_column75 colorCCC\">&lt;1\u00b0C<\/div>\n<\/div><\/td>\n<\/tr>\n<tr>\n<td>Temperature precision<sup>2)<\/sup><\/td>\n<td colspan=\"2\">\n<div>\u00b10.3\u00b0C<\/div>\n<div><\/div><\/td>\n<\/tr>\n<tr>\n<td>Temperature sensitivity<sup>4)<\/sup><\/td>\n<td colspan=\"2\">\n<div>28pm\/K<\/div>\n<div><\/div><\/td>\n<\/tr>\n<tr>\n<td>Strain sensitivity<\/td>\n<td colspan=\"2\">\n<div>\u223d1.2pm\/\u00b5\u025b<\/div>\n<div><\/div><\/td>\n<\/tr>\n<tr>\n<td>Operating Temperature range<\/td>\n<td colspan=\"2\">-20\u00b0C to +60\u00b0C<\/td>\n<\/tr>\n<tr>\n<td rowspan=\"9\" valign=\"top\"><strong>Physical properties<\/strong><\/td>\n<td>\n<div>Base material<\/div><\/td>\n<td colspan=\"2\">\n<div>\n<div><\/div>\n<\/div>\n<div>0,15 &#8211; 0,2 mm thick SS304 \u2013 1.4301<\/div>\n<div><\/div><\/td>\n<\/tr>\n<tr>\n<td>\n<div>Anchoring distance<\/div><\/td>\n<td colspan=\"2\">\n<div>n\/a<\/div><\/td>\n<\/tr>\n<tr>\n<td>\n<div>Dimensions (without cable)<sup>5)<\/sup><\/div><\/td>\n<td colspan=\"2\">70 x 70 x 30 mm\n<div><\/div><\/td>\n<\/tr>\n<tr>\n<td>\n<div>Weight (without cable)<\/div><\/td>\n<td colspan=\"2\">~50g\n<div><\/div><\/td>\n<\/tr>\n<tr>\n<td>\n<div>Cable type<\/div><\/td>\n<td colspan=\"2\">\n<div>\n<div><\/div>\n\u00d8 <span style=\"font-family: inherit; font-size: inherit;\">900\u03bcm protective tubing<\/span>\n\n<\/div>\n<div><\/div><\/td>\n<\/tr>\n<tr>\n<td>Cable length<sup>6)<\/sup><\/td>\n<td colspan=\"2\">1mtr<\/td>\n<\/tr>\n<tr>\n<td>Cable Bend Radius (dynamic)<\/td>\n<td colspan=\"2\">\n<div id=\"c7439\" class=\"csc-default\">\n<div class=\"tab_row2_column75 colorCCC\">15mm<\/div>\n<\/div><\/td>\n<\/tr>\n<tr>\n<td>Cable Bend Radius (static)<\/td>\n<td colspan=\"2\">\n<div>10mm<\/div>\n<div><\/div><\/td>\n<\/tr>\n<tr>\n<td>\n<div>Connector type<sup>7)<\/sup><\/div><\/td>\n<td colspan=\"2\">FC\/APC\n<div><\/div><\/td>\n<\/tr>\n<tr>\n<td><strong>Mounting method<\/strong><\/td>\n<td colspan=\"3\">Spot-welding and gluing<\/td>\n<\/tr>\n<tr>\n<td><strong>Packaging<\/strong><\/td>\n<td colspan=\"3\">Cardboard box with dimensions: 370x290x45mm<\/td>\n<\/tr>\n<tr>\n<td><strong>Quality Statement<\/strong><\/td>\n<td colspan=\"3\">SSR-01 sensor is compliant with IEC 61757-1-1:2020, IEC 61757:2018, and IEC 61757-2-1:2021\nAll sensors are 100% tested and calibrated at SYLEX.\nThe sensor is manufactured according to ISO 9001:2015 and ISO 14001:2015.<\/td>\n<\/tr>\n<\/tbody>\n<\/table>\n<p class=\"bodytext\">Notes:<\/p>\n\n<ul>\n \t<li><sup>1)<\/sup> Accuracy is established for each sensor under laboratory conditions and it includes hysteresis, non-linearity, and repeatability of the sensor. The guaranteed value is determined based on the largest absolute error found in this sample. The typical value is determined based on the average absolute error found in this sample.<\/li>\n \t<li><sup>2)<\/sup> Precision is established on a batch basis and it includes hysteresis, non-linearity, repeatability, and reproducibility of the sensor. The guaranteed value is determined based on the largest absolute error found in this sample. The typical value is determined based on the average absolute error found in this sample.<\/li>\n \t<li><sup>3) <\/sup>FS: full-scale calibration range.<\/li>\n \t<li><sup>4)<\/sup> Optional feature. The temperature sensor will be embedded into the rosette body.<\/li>\n \t<li><sup>5)<\/sup> Thickness with the primary protective layer. Further dimensions details see the product drawing<\/li>\n \t<li><sup>6)<\/sup> Cable length is extendable on request<\/li>\n \t<li><sup>7)<\/sup> Other connector types available on request<\/li>\n<\/ul>\t\t\t\t\t\t\t\t<\/div>\n\t\t\t\t<\/div>\n\t\t\t\t\t<\/div>\n\t\t<\/div>\n\t\t\t\t\t<\/div>\n\t\t<\/section>\n\t\t\t\t<\/div>\n\t\t","protected":false},"excerpt":{"rendered":"<p class=\"bodytext\"><b>Type:<\/b> Spot-weldable strain sensors<\/p>\n<p class=\"bodytext\"><b>Application:<\/b> Steel deformations<\/p>\n<p class=\"bodytext\"><b>Installation method:<\/b>\u00a0Mounting brackets &#8211; weldable, screwable<\/p>\n<p class=\"bodytext\"><b>Pre-strain setup:<\/b> No need for adjusting pre-strain<\/p>\n<p class=\"bodytext\"><b>Temperature compensation:<\/b> Not aplicable<\/p>\n","protected":false},"featured_media":21074,"template":"","meta":{"_acf_changed":false},"product_brand":[],"product_cat":[405,423],"product_tag":[424,427,432],"class_list":{"0":"post-21029","1":"product","2":"type-product","3":"status-publish","4":"has-post-thumbnail","6":"product_cat-snimace-a-snimacie-systemy","7":"product_cat-strain-stress-deformation-sk","8":"product_tag-geotechnicky-shm","9":"product_tag-obcianske-stavby-shm","10":"product_tag-off-shore-namorne-a-podmorske","12":"first","13":"instock","14":"shipping-taxable","15":"product-type-simple"},"acf":[],"yoast_head":"<!-- This site is optimized with the Yoast SEO plugin v27.0 - https:\/\/yoast.com\/product\/yoast-seo-wordpress\/ -->\n<title>SSR-01 Spot-weldable strain rosette - Sylex<\/title>\n<meta name=\"description\" content=\"- Long gauge strain sensor with 30cm to 10mtr measuring base (gauge length).\" \/>\n<meta name=\"robots\" content=\"index, follow, max-snippet:-1, max-image-preview:large, max-video-preview:-1\" \/>\n<link rel=\"canonical\" href=\"https:\/\/www.sylex.sk\/sk\/produkt\/ssr-01-spot-weldable-strain-rosette\/\" \/>\n<meta property=\"og:locale\" content=\"sk_SK\" \/>\n<meta property=\"og:type\" content=\"article\" \/>\n<meta property=\"og:title\" content=\"SSR-01 Spot-weldable strain rosette - Sylex\" \/>\n<meta property=\"og:description\" content=\"- Long gauge strain sensor with 30cm to 10mtr measuring base (gauge length).\" \/>\n<meta property=\"og:url\" content=\"https:\/\/www.sylex.sk\/sk\/produkt\/ssr-01-spot-weldable-strain-rosette\/\" \/>\n<meta property=\"og:site_name\" content=\"Sylex\" \/>\n<meta property=\"article:publisher\" content=\"https:\/\/www.facebook.com\/sylex.sk\/\" \/>\n<meta property=\"article:modified_time\" content=\"2025-06-06T11:48:23+00:00\" \/>\n<meta property=\"og:image\" content=\"https:\/\/www.sylex.sk\/wp-content\/uploads\/2025\/05\/SSR-01-Spot-welable-strain-rosette.jpg\" \/>\n\t<meta property=\"og:image:width\" content=\"1715\" \/>\n\t<meta property=\"og:image:height\" content=\"1300\" \/>\n\t<meta property=\"og:image:type\" content=\"image\/jpeg\" \/>\n<meta name=\"twitter:card\" content=\"summary_large_image\" \/>\n<meta name=\"twitter:site\" content=\"@SYLEX_SK\" \/>\n<meta name=\"twitter:label1\" content=\"Predpokladan\u00fd \u010das \u010d\u00edtania\" \/>\n\t<meta name=\"twitter:data1\" content=\"2 min\u00faty\" \/>\n<script type=\"application\/ld+json\" class=\"yoast-schema-graph\">{\"@context\":\"https:\/\/schema.org\",\"@graph\":[{\"@type\":\"WebPage\",\"@id\":\"https:\/\/www.sylex.sk\/sk\/produkt\/ssr-01-spot-weldable-strain-rosette\/\",\"url\":\"https:\/\/www.sylex.sk\/sk\/produkt\/ssr-01-spot-weldable-strain-rosette\/\",\"name\":\"SSR-01 Spot-weldable strain rosette - Sylex\",\"isPartOf\":{\"@id\":\"https:\/\/wonderful-yonath.136-243-14-103.plesk.page\/#website\"},\"primaryImageOfPage\":{\"@id\":\"https:\/\/www.sylex.sk\/sk\/produkt\/ssr-01-spot-weldable-strain-rosette\/#primaryimage\"},\"image\":{\"@id\":\"https:\/\/www.sylex.sk\/sk\/produkt\/ssr-01-spot-weldable-strain-rosette\/#primaryimage\"},\"thumbnailUrl\":\"https:\/\/www.sylex.sk\/wp-content\/uploads\/2025\/05\/SSR-01-Spot-welable-strain-rosette.jpg\",\"datePublished\":\"2025-04-15T07:34:50+00:00\",\"dateModified\":\"2025-06-06T11:48:23+00:00\",\"description\":\"- Long gauge strain sensor with 30cm to 10mtr measuring base (gauge length).\",\"breadcrumb\":{\"@id\":\"https:\/\/www.sylex.sk\/sk\/produkt\/ssr-01-spot-weldable-strain-rosette\/#breadcrumb\"},\"inLanguage\":\"sk-SK\",\"potentialAction\":[{\"@type\":\"ReadAction\",\"target\":[\"https:\/\/www.sylex.sk\/sk\/produkt\/ssr-01-spot-weldable-strain-rosette\/\"]}]},{\"@type\":\"ImageObject\",\"inLanguage\":\"sk-SK\",\"@id\":\"https:\/\/www.sylex.sk\/sk\/produkt\/ssr-01-spot-weldable-strain-rosette\/#primaryimage\",\"url\":\"https:\/\/www.sylex.sk\/wp-content\/uploads\/2025\/05\/SSR-01-Spot-welable-strain-rosette.jpg\",\"contentUrl\":\"https:\/\/www.sylex.sk\/wp-content\/uploads\/2025\/05\/SSR-01-Spot-welable-strain-rosette.jpg\",\"width\":1715,\"height\":1300,\"caption\":\"SSR-01 Spot-welable strain rosette\"},{\"@type\":\"BreadcrumbList\",\"@id\":\"https:\/\/www.sylex.sk\/sk\/produkt\/ssr-01-spot-weldable-strain-rosette\/#breadcrumb\",\"itemListElement\":[{\"@type\":\"ListItem\",\"position\":1,\"name\":\"Home\",\"item\":\"https:\/\/www.sylex.sk\/sk\/\"},{\"@type\":\"ListItem\",\"position\":2,\"name\":\"Shop\",\"item\":\"https:\/\/www.sylex.sk\/sk\/shop\/\"},{\"@type\":\"ListItem\",\"position\":3,\"name\":\"SSR-01 Spot-weldable strain rosette\"}]},{\"@type\":\"WebSite\",\"@id\":\"https:\/\/wonderful-yonath.136-243-14-103.plesk.page\/#website\",\"url\":\"https:\/\/wonderful-yonath.136-243-14-103.plesk.page\/\",\"name\":\"Sylex\",\"description\":\"Fiber Optics\",\"publisher\":{\"@id\":\"https:\/\/wonderful-yonath.136-243-14-103.plesk.page\/#organization\"},\"potentialAction\":[{\"@type\":\"SearchAction\",\"target\":{\"@type\":\"EntryPoint\",\"urlTemplate\":\"https:\/\/wonderful-yonath.136-243-14-103.plesk.page\/?s={search_term_string}\"},\"query-input\":{\"@type\":\"PropertyValueSpecification\",\"valueRequired\":true,\"valueName\":\"search_term_string\"}}],\"inLanguage\":\"sk-SK\"},{\"@type\":\"Organization\",\"@id\":\"https:\/\/wonderful-yonath.136-243-14-103.plesk.page\/#organization\",\"name\":\"Sylex\",\"url\":\"https:\/\/wonderful-yonath.136-243-14-103.plesk.page\/\",\"logo\":{\"@type\":\"ImageObject\",\"inLanguage\":\"sk-SK\",\"@id\":\"https:\/\/wonderful-yonath.136-243-14-103.plesk.page\/#\/schema\/logo\/image\/\",\"url\":\"https:\/\/www.sylex.sk\/wp-content\/uploads\/2024\/04\/logo4-1.png\",\"contentUrl\":\"https:\/\/www.sylex.sk\/wp-content\/uploads\/2024\/04\/logo4-1.png\",\"width\":308,\"height\":100,\"caption\":\"Sylex\"},\"image\":{\"@id\":\"https:\/\/wonderful-yonath.136-243-14-103.plesk.page\/#\/schema\/logo\/image\/\"},\"sameAs\":[\"https:\/\/www.facebook.com\/sylex.sk\/\",\"https:\/\/x.com\/SYLEX_SK\"]}]}<\/script>\n<!-- \/ Yoast SEO plugin. -->","yoast_head_json":{"title":"SSR-01 Spot-weldable strain rosette - Sylex","description":"- Long gauge strain sensor with 30cm to 10mtr measuring base (gauge length).","robots":{"index":"index","follow":"follow","max-snippet":"max-snippet:-1","max-image-preview":"max-image-preview:large","max-video-preview":"max-video-preview:-1"},"canonical":"https:\/\/www.sylex.sk\/sk\/produkt\/ssr-01-spot-weldable-strain-rosette\/","og_locale":"sk_SK","og_type":"article","og_title":"SSR-01 Spot-weldable strain rosette - Sylex","og_description":"- Long gauge strain sensor with 30cm to 10mtr measuring base (gauge length).","og_url":"https:\/\/www.sylex.sk\/sk\/produkt\/ssr-01-spot-weldable-strain-rosette\/","og_site_name":"Sylex","article_publisher":"https:\/\/www.facebook.com\/sylex.sk\/","article_modified_time":"2025-06-06T11:48:23+00:00","og_image":[{"width":1715,"height":1300,"url":"https:\/\/www.sylex.sk\/wp-content\/uploads\/2025\/05\/SSR-01-Spot-welable-strain-rosette.jpg","type":"image\/jpeg"}],"twitter_card":"summary_large_image","twitter_site":"@SYLEX_SK","twitter_misc":{"Predpokladan\u00fd \u010das \u010d\u00edtania":"2 min\u00faty"},"schema":{"@context":"https:\/\/schema.org","@graph":[{"@type":"WebPage","@id":"https:\/\/www.sylex.sk\/sk\/produkt\/ssr-01-spot-weldable-strain-rosette\/","url":"https:\/\/www.sylex.sk\/sk\/produkt\/ssr-01-spot-weldable-strain-rosette\/","name":"SSR-01 Spot-weldable strain rosette - Sylex","isPartOf":{"@id":"https:\/\/wonderful-yonath.136-243-14-103.plesk.page\/#website"},"primaryImageOfPage":{"@id":"https:\/\/www.sylex.sk\/sk\/produkt\/ssr-01-spot-weldable-strain-rosette\/#primaryimage"},"image":{"@id":"https:\/\/www.sylex.sk\/sk\/produkt\/ssr-01-spot-weldable-strain-rosette\/#primaryimage"},"thumbnailUrl":"https:\/\/www.sylex.sk\/wp-content\/uploads\/2025\/05\/SSR-01-Spot-welable-strain-rosette.jpg","datePublished":"2025-04-15T07:34:50+00:00","dateModified":"2025-06-06T11:48:23+00:00","description":"- Long gauge strain sensor with 30cm to 10mtr measuring base (gauge length).","breadcrumb":{"@id":"https:\/\/www.sylex.sk\/sk\/produkt\/ssr-01-spot-weldable-strain-rosette\/#breadcrumb"},"inLanguage":"sk-SK","potentialAction":[{"@type":"ReadAction","target":["https:\/\/www.sylex.sk\/sk\/produkt\/ssr-01-spot-weldable-strain-rosette\/"]}]},{"@type":"ImageObject","inLanguage":"sk-SK","@id":"https:\/\/www.sylex.sk\/sk\/produkt\/ssr-01-spot-weldable-strain-rosette\/#primaryimage","url":"https:\/\/www.sylex.sk\/wp-content\/uploads\/2025\/05\/SSR-01-Spot-welable-strain-rosette.jpg","contentUrl":"https:\/\/www.sylex.sk\/wp-content\/uploads\/2025\/05\/SSR-01-Spot-welable-strain-rosette.jpg","width":1715,"height":1300,"caption":"SSR-01 Spot-welable strain rosette"},{"@type":"BreadcrumbList","@id":"https:\/\/www.sylex.sk\/sk\/produkt\/ssr-01-spot-weldable-strain-rosette\/#breadcrumb","itemListElement":[{"@type":"ListItem","position":1,"name":"Home","item":"https:\/\/www.sylex.sk\/sk\/"},{"@type":"ListItem","position":2,"name":"Shop","item":"https:\/\/www.sylex.sk\/sk\/shop\/"},{"@type":"ListItem","position":3,"name":"SSR-01 Spot-weldable strain rosette"}]},{"@type":"WebSite","@id":"https:\/\/wonderful-yonath.136-243-14-103.plesk.page\/#website","url":"https:\/\/wonderful-yonath.136-243-14-103.plesk.page\/","name":"Sylex","description":"Fiber Optics","publisher":{"@id":"https:\/\/wonderful-yonath.136-243-14-103.plesk.page\/#organization"},"potentialAction":[{"@type":"SearchAction","target":{"@type":"EntryPoint","urlTemplate":"https:\/\/wonderful-yonath.136-243-14-103.plesk.page\/?s={search_term_string}"},"query-input":{"@type":"PropertyValueSpecification","valueRequired":true,"valueName":"search_term_string"}}],"inLanguage":"sk-SK"},{"@type":"Organization","@id":"https:\/\/wonderful-yonath.136-243-14-103.plesk.page\/#organization","name":"Sylex","url":"https:\/\/wonderful-yonath.136-243-14-103.plesk.page\/","logo":{"@type":"ImageObject","inLanguage":"sk-SK","@id":"https:\/\/wonderful-yonath.136-243-14-103.plesk.page\/#\/schema\/logo\/image\/","url":"https:\/\/www.sylex.sk\/wp-content\/uploads\/2024\/04\/logo4-1.png","contentUrl":"https:\/\/www.sylex.sk\/wp-content\/uploads\/2024\/04\/logo4-1.png","width":308,"height":100,"caption":"Sylex"},"image":{"@id":"https:\/\/wonderful-yonath.136-243-14-103.plesk.page\/#\/schema\/logo\/image\/"},"sameAs":["https:\/\/www.facebook.com\/sylex.sk\/","https:\/\/x.com\/SYLEX_SK"]}]}},"_links":{"self":[{"href":"https:\/\/www.sylex.sk\/sk\/wp-json\/wp\/v2\/product\/21029","targetHints":{"allow":["GET"]}}],"collection":[{"href":"https:\/\/www.sylex.sk\/sk\/wp-json\/wp\/v2\/product"}],"about":[{"href":"https:\/\/www.sylex.sk\/sk\/wp-json\/wp\/v2\/types\/product"}],"version-history":[{"count":16,"href":"https:\/\/www.sylex.sk\/sk\/wp-json\/wp\/v2\/product\/21029\/revisions"}],"predecessor-version":[{"id":21093,"href":"https:\/\/www.sylex.sk\/sk\/wp-json\/wp\/v2\/product\/21029\/revisions\/21093"}],"wp:featuredmedia":[{"embeddable":true,"href":"https:\/\/www.sylex.sk\/sk\/wp-json\/wp\/v2\/media\/21074"}],"wp:attachment":[{"href":"https:\/\/www.sylex.sk\/sk\/wp-json\/wp\/v2\/media?parent=21029"}],"wp:term":[{"taxonomy":"product_brand","embeddable":true,"href":"https:\/\/www.sylex.sk\/sk\/wp-json\/wp\/v2\/product_brand?post=21029"},{"taxonomy":"product_cat","embeddable":true,"href":"https:\/\/www.sylex.sk\/sk\/wp-json\/wp\/v2\/product_cat?post=21029"},{"taxonomy":"product_tag","embeddable":true,"href":"https:\/\/www.sylex.sk\/sk\/wp-json\/wp\/v2\/product_tag?post=21029"}],"curies":[{"name":"wp","href":"https:\/\/api.w.org\/{rel}","templated":true}]}}