{"id":22025,"date":"2025-12-12T13:10:47","date_gmt":"2025-12-12T12:10:47","guid":{"rendered":"https:\/\/www.sylex.sk\/?post_type=product&#038;p=22025"},"modified":"2026-01-07T09:31:01","modified_gmt":"2026-01-07T08:31:01","slug":"sf-01-strain-foil-sensor","status":"publish","type":"product","link":"https:\/\/www.sylex.sk\/sk\/produkt\/sf-01-strain-foil-sensor\/","title":{"rendered":"SF-01 Strain Foil Sensor"},"content":{"rendered":"\t\t<div data-elementor-type=\"product-post\" data-elementor-id=\"22025\" class=\"elementor elementor-22025 elementor-22024\" data-elementor-post-type=\"product\">\n\t\t\t\t\t\t<section class=\"elementor-section elementor-top-section elementor-element elementor-element-3aceeb74 elementor-section-boxed elementor-section-height-default elementor-section-height-default\" data-id=\"3aceeb74\" data-element_type=\"section\" data-e-type=\"section\">\n\t\t\t\t\t\t<div class=\"elementor-container elementor-column-gap-default\">\n\t\t\t\t\t<div class=\"elementor-column elementor-col-100 elementor-top-column elementor-element elementor-element-150c535e\" data-id=\"150c535e\" data-element_type=\"column\" data-e-type=\"column\">\n\t\t\t<div class=\"elementor-widget-wrap elementor-element-populated\">\n\t\t\t\t\t\t<div class=\"elementor-element elementor-element-56827003 elementor-widget elementor-widget-heading\" data-id=\"56827003\" data-element_type=\"widget\" data-e-type=\"widget\" data-widget_type=\"heading.default\">\n\t\t\t\t<div class=\"elementor-widget-container\">\n\t\t\t\t\t<h2 class=\"elementor-heading-title elementor-size-default\">Product Specification<\/h2>\t\t\t\t<\/div>\n\t\t\t\t<\/div>\n\t\t\t\t<div class=\"elementor-element elementor-element-3a2820cf elementor-widget elementor-widget-text-editor\" data-id=\"3a2820cf\" data-element_type=\"widget\" data-e-type=\"widget\" data-widget_type=\"text-editor.default\">\n\t\t\t\t<div class=\"elementor-widget-container\">\n\t\t\t\t\t\t\t\t\t&nbsp;\n<table style=\"height: 654px; width: 100%;\" border=\"0\" width=\"100%\" cellspacing=\"0\" cellpadding=\"0\">\n<tbody>\n<tr style=\"height: 54px;\">\n<td style=\"height: 288px;\" rowspan=\"10\" valign=\"top\"><strong>Performance properties<\/strong><\/td>\n<td style=\"height: 54px;\">\n<div>Strain range<\/div><\/td>\n<td style=\"height: 54px;\" colspan=\"2\">\n<div>\n<div><\/div>\n<\/div>\n<div>\u00b13000\u03bc\u025b<\/div>\n<div><\/div><\/td>\n<\/tr>\n<tr style=\"height: 36px;\">\n<td style=\"height: 36px;\">\n<div>Accuracy (guaranteed)<\/div><\/td>\n<td style=\"height: 36px;\" colspan=\"2\">&lt;0.35% FS\n<div><\/div><\/td>\n<\/tr>\n<tr style=\"height: 36px;\">\n<td style=\"height: 36px;\">\n<div>Accuracy (typical)<\/div><\/td>\n<td style=\"height: 36px;\" colspan=\"2\">&lt;0.18% FS\n<div><\/div><\/td>\n<\/tr>\n<tr style=\"height: 36px;\">\n<td style=\"height: 36px;\">\n<div>Precision (guaranteed)<\/div><\/td>\n<td style=\"height: 36px;\" colspan=\"2\">&lt;0.15% FS\n<div><\/div><\/td>\n<\/tr>\n<tr style=\"height: 36px;\">\n<td style=\"height: 36px;\">\n<div>Precision (typical)<\/div><\/td>\n<td style=\"height: 36px;\" colspan=\"2\">\n<div>&lt;0.10% FS<\/div><\/td>\n<\/tr>\n<tr style=\"height: 18px;\">\n<td style=\"height: 18px;\">Temperature compensation<\/td>\n<td style=\"height: 18px;\" colspan=\"2\">External<\/td>\n<\/tr>\n<tr style=\"height: 18px;\">\n<td style=\"height: 18px;\">Operating Temperature range<\/td>\n<td style=\"height: 18px;\" colspan=\"2\">-20\u00b0C to +80\u00b0C<\/td>\n<\/tr>\n<tr style=\"height: 18px;\">\n<td style=\"height: 18px;\">Strain sensitivity<\/td>\n<td style=\"height: 18px;\" colspan=\"2\">1.2pm\/\u03bc\u03b5<\/td>\n<\/tr>\n<tr style=\"height: 18px;\">\n<td style=\"height: 18px;\">Temperature sensitivity<\/td>\n<td style=\"height: 18px;\" colspan=\"2\">9.5pm\/\u00b0C<\/td>\n<\/tr>\n<tr style=\"height: 18px;\">\n<td style=\"height: 18px;\">Ingress Protection rating<\/td>\n<td style=\"height: 18px;\" colspan=\"2\">IP 67<\/td>\n<\/tr>\n<tr style=\"height: 18px;\">\n<td style=\"height: 162px;\" rowspan=\"9\" valign=\"top\"><b>Physical properties<\/b><\/td>\n<td style=\"height: 18px;\">Housing material<\/td>\n<td style=\"height: 18px;\" colspan=\"2\">Polyimide<\/td>\n<\/tr>\n<tr style=\"height: 18px;\">\n<td style=\"height: 18px;\">Gauge length<\/td>\n<td style=\"height: 18px;\" colspan=\"2\">around 7mm<\/td>\n<\/tr>\n<tr style=\"height: 18px;\">\n<td style=\"height: 18px;\">Dimensions (without cable)<sup>1)<\/sup><\/td>\n<td style=\"height: 18px;\" colspan=\"2\">25mm x 12.5mm x 0.3mm<\/td>\n<\/tr>\n<tr style=\"height: 18px;\">\n<td style=\"height: 18px;\">Weight (without cable)<\/td>\n<td style=\"height: 18px;\" colspan=\"2\">10g<\/td>\n<\/tr>\n<tr style=\"height: 18px;\">\n<td style=\"height: 18px;\">Cable type<\/td>\n<td style=\"height: 18px;\" colspan=\"2\">550\u00b5m PEEK tubing<\/td>\n<\/tr>\n<tr style=\"height: 18px;\">\n<td style=\"height: 18px;\">Cable length<sup>2)<\/sup><\/td>\n<td style=\"height: 18px;\" colspan=\"2\">1m<\/td>\n<\/tr>\n<tr style=\"height: 18px;\">\n<td style=\"height: 18px;\">Cable Bend radius (dynamic)<\/td>\n<td style=\"height: 18px;\" colspan=\"2\">11mm<\/td>\n<\/tr>\n<tr style=\"height: 18px;\">\n<td style=\"height: 18px;\">Cable Bend radius (static)<\/td>\n<td style=\"height: 18px;\" colspan=\"2\">5.5mm<\/td>\n<\/tr>\n<tr style=\"height: 18px;\">\n<td style=\"height: 18px;\">Connector type<sup>3)<\/sup><\/td>\n<td style=\"height: 18px;\" colspan=\"2\">LC\/APC<\/td>\n<\/tr>\n<tr style=\"height: 18px;\">\n<td style=\"height: 18px;\"><strong>Packaging<\/strong><\/td>\n<td style=\"height: 18px;\" colspan=\"3\">Cardboard box \u2013 dimensions depending on the final configuration.<\/td>\n<\/tr>\n<tr style=\"height: 54px;\">\n<td style=\"height: 54px;\"><strong>Quality Statement<\/strong><\/td>\n<td style=\"height: 54px;\" colspan=\"3\">SF-01 sensor is compliant with IEC 61757-1-1:2016\/Ed1.0 and IEC 61757:2018.\nAll sensors are 100% tested and calibrated at SYLEX.\nSensor is manufactured according to ISO 9001:2008 and ISO 14001:2004.<\/td>\n<\/tr>\n<\/tbody>\n<\/table>\nNotes:\n<ul>\n \t<li><sup>1)<\/sup>\u00a0See the product drawings for further dimensional details<\/li>\n \t<li><sup>2)<\/sup> Cable length is extendable upon request<\/li>\n \t<li><sup>3)<\/sup>\u00a0Other connector types available upon request<\/li>\n<\/ul>\t\t\t\t\t\t\t\t<\/div>\n\t\t\t\t<\/div>\n\t\t\t\t\t<\/div>\n\t\t<\/div>\n\t\t\t\t\t<\/div>\n\t\t<\/section>\n\t\t\t\t<\/div>\n\t\t","protected":false},"excerpt":{"rendered":"<p class=\"bodytext\"><b>Type:<\/b> Strain Foil sensor<\/p>\n<p class=\"bodytext\"><b>Application:<\/b> Surface mountable<\/p>\n<p class=\"bodytext\"><b>Installation method:<\/b>\u00a0Glue<\/p>\n<p class=\"bodytext\"><b>Pre-strain setup:<\/b>\u00a0At installation<\/p>\n<p class=\"bodytext\"><b>Temperature compensation:<\/b>\u00a0Through external temperature sensor<\/p>\n","protected":false},"featured_media":22021,"template":"","meta":{"_acf_changed":false},"product_brand":[],"product_cat":[405,422,423],"product_tag":[424,427,425,426],"class_list":{"0":"post-22025","1":"product","2":"type-product","3":"status-publish","4":"has-post-thumbnail","6":"product_cat-snimace-a-snimacie-systemy","7":"product_cat-snimace","8":"product_cat-strain-stress-deformation-sk","9":"product_tag-geotechnicky-shm","10":"product_tag-obcianske-stavby-shm","11":"product_tag-obnovitelne-zdroje-energie","12":"product_tag-priemyselna-automatizacia","14":"first","15":"instock","16":"shipping-taxable","17":"product-type-simple"},"acf":[],"yoast_head":"<!-- This site is optimized with the Yoast SEO plugin v27.0 - https:\/\/yoast.com\/product\/yoast-seo-wordpress\/ -->\n<title>SF-01 Strain Foil Sensor | Sylex FBG Technology<\/title>\n<meta name=\"description\" content=\"Designed for high-accuracy strain measurement, SF-01 combines the flexibility of traditional foil sensors with the reliability of optical fibers.\" \/>\n<meta name=\"robots\" content=\"index, follow, max-snippet:-1, max-image-preview:large, max-video-preview:-1\" \/>\n<link rel=\"canonical\" href=\"https:\/\/www.sylex.sk\/sk\/produkt\/sf-01-strain-foil-sensor\/\" \/>\n<meta property=\"og:locale\" content=\"sk_SK\" \/>\n<meta property=\"og:type\" content=\"article\" \/>\n<meta property=\"og:title\" content=\"SF-01 Strain Foil Sensor | Sylex FBG Technology\" \/>\n<meta property=\"og:description\" content=\"Designed for high-accuracy strain measurement, SF-01 combines the flexibility of traditional foil sensors with the reliability of optical fibers.\" \/>\n<meta property=\"og:url\" content=\"https:\/\/www.sylex.sk\/sk\/produkt\/sf-01-strain-foil-sensor\/\" \/>\n<meta property=\"og:site_name\" content=\"Sylex\" \/>\n<meta property=\"article:publisher\" content=\"https:\/\/www.facebook.com\/sylex.sk\/\" \/>\n<meta property=\"article:modified_time\" content=\"2026-01-07T08:31:01+00:00\" \/>\n<meta property=\"og:image\" content=\"https:\/\/www.sylex.sk\/wp-content\/uploads\/2025\/12\/DSC_3539-copy-scaled.jpg\" \/>\n\t<meta property=\"og:image:width\" content=\"2560\" \/>\n\t<meta property=\"og:image:height\" content=\"1707\" \/>\n\t<meta property=\"og:image:type\" content=\"image\/jpeg\" \/>\n<meta name=\"twitter:card\" content=\"summary_large_image\" \/>\n<meta name=\"twitter:site\" content=\"@SYLEX_SK\" \/>\n<meta name=\"twitter:label1\" content=\"Predpokladan\u00fd \u010das \u010d\u00edtania\" \/>\n\t<meta name=\"twitter:data1\" content=\"1 min\u00fata\" \/>\n<script type=\"application\/ld+json\" class=\"yoast-schema-graph\">{\"@context\":\"https:\/\/schema.org\",\"@graph\":[{\"@type\":\"WebPage\",\"@id\":\"https:\/\/www.sylex.sk\/sk\/produkt\/sf-01-strain-foil-sensor\/\",\"url\":\"https:\/\/www.sylex.sk\/sk\/produkt\/sf-01-strain-foil-sensor\/\",\"name\":\"SF-01 Strain Foil Sensor | Sylex FBG Technology\",\"isPartOf\":{\"@id\":\"https:\/\/wonderful-yonath.136-243-14-103.plesk.page\/#website\"},\"primaryImageOfPage\":{\"@id\":\"https:\/\/www.sylex.sk\/sk\/produkt\/sf-01-strain-foil-sensor\/#primaryimage\"},\"image\":{\"@id\":\"https:\/\/www.sylex.sk\/sk\/produkt\/sf-01-strain-foil-sensor\/#primaryimage\"},\"thumbnailUrl\":\"https:\/\/www.sylex.sk\/wp-content\/uploads\/2025\/12\/DSC_3539-copy-scaled.jpg\",\"datePublished\":\"2025-12-12T12:10:47+00:00\",\"dateModified\":\"2026-01-07T08:31:01+00:00\",\"description\":\"Designed for high-accuracy strain measurement, SF-01 combines the flexibility of traditional foil sensors with the reliability of optical fibers.\",\"breadcrumb\":{\"@id\":\"https:\/\/www.sylex.sk\/sk\/produkt\/sf-01-strain-foil-sensor\/#breadcrumb\"},\"inLanguage\":\"sk-SK\",\"potentialAction\":[{\"@type\":\"ReadAction\",\"target\":[\"https:\/\/www.sylex.sk\/sk\/produkt\/sf-01-strain-foil-sensor\/\"]}]},{\"@type\":\"ImageObject\",\"inLanguage\":\"sk-SK\",\"@id\":\"https:\/\/www.sylex.sk\/sk\/produkt\/sf-01-strain-foil-sensor\/#primaryimage\",\"url\":\"https:\/\/www.sylex.sk\/wp-content\/uploads\/2025\/12\/DSC_3539-copy-scaled.jpg\",\"contentUrl\":\"https:\/\/www.sylex.sk\/wp-content\/uploads\/2025\/12\/DSC_3539-copy-scaled.jpg\",\"width\":2560,\"height\":1707},{\"@type\":\"BreadcrumbList\",\"@id\":\"https:\/\/www.sylex.sk\/sk\/produkt\/sf-01-strain-foil-sensor\/#breadcrumb\",\"itemListElement\":[{\"@type\":\"ListItem\",\"position\":1,\"name\":\"Home\",\"item\":\"https:\/\/www.sylex.sk\/sk\/\"},{\"@type\":\"ListItem\",\"position\":2,\"name\":\"Shop\",\"item\":\"https:\/\/www.sylex.sk\/sk\/shop\/\"},{\"@type\":\"ListItem\",\"position\":3,\"name\":\"SF-01 Strain Foil Sensor\"}]},{\"@type\":\"WebSite\",\"@id\":\"https:\/\/wonderful-yonath.136-243-14-103.plesk.page\/#website\",\"url\":\"https:\/\/wonderful-yonath.136-243-14-103.plesk.page\/\",\"name\":\"Sylex\",\"description\":\"Fiber Optics\",\"publisher\":{\"@id\":\"https:\/\/wonderful-yonath.136-243-14-103.plesk.page\/#organization\"},\"potentialAction\":[{\"@type\":\"SearchAction\",\"target\":{\"@type\":\"EntryPoint\",\"urlTemplate\":\"https:\/\/wonderful-yonath.136-243-14-103.plesk.page\/?s={search_term_string}\"},\"query-input\":{\"@type\":\"PropertyValueSpecification\",\"valueRequired\":true,\"valueName\":\"search_term_string\"}}],\"inLanguage\":\"sk-SK\"},{\"@type\":\"Organization\",\"@id\":\"https:\/\/wonderful-yonath.136-243-14-103.plesk.page\/#organization\",\"name\":\"Sylex\",\"url\":\"https:\/\/wonderful-yonath.136-243-14-103.plesk.page\/\",\"logo\":{\"@type\":\"ImageObject\",\"inLanguage\":\"sk-SK\",\"@id\":\"https:\/\/wonderful-yonath.136-243-14-103.plesk.page\/#\/schema\/logo\/image\/\",\"url\":\"https:\/\/www.sylex.sk\/wp-content\/uploads\/2024\/04\/logo4-1.png\",\"contentUrl\":\"https:\/\/www.sylex.sk\/wp-content\/uploads\/2024\/04\/logo4-1.png\",\"width\":308,\"height\":100,\"caption\":\"Sylex\"},\"image\":{\"@id\":\"https:\/\/wonderful-yonath.136-243-14-103.plesk.page\/#\/schema\/logo\/image\/\"},\"sameAs\":[\"https:\/\/www.facebook.com\/sylex.sk\/\",\"https:\/\/x.com\/SYLEX_SK\"]}]}<\/script>\n<!-- \/ Yoast SEO plugin. -->","yoast_head_json":{"title":"SF-01 Strain Foil Sensor | Sylex FBG Technology","description":"Designed for high-accuracy strain measurement, SF-01 combines the flexibility of traditional foil sensors with the reliability of optical fibers.","robots":{"index":"index","follow":"follow","max-snippet":"max-snippet:-1","max-image-preview":"max-image-preview:large","max-video-preview":"max-video-preview:-1"},"canonical":"https:\/\/www.sylex.sk\/sk\/produkt\/sf-01-strain-foil-sensor\/","og_locale":"sk_SK","og_type":"article","og_title":"SF-01 Strain Foil Sensor | Sylex FBG Technology","og_description":"Designed for high-accuracy strain measurement, SF-01 combines the flexibility of traditional foil sensors with the reliability of optical fibers.","og_url":"https:\/\/www.sylex.sk\/sk\/produkt\/sf-01-strain-foil-sensor\/","og_site_name":"Sylex","article_publisher":"https:\/\/www.facebook.com\/sylex.sk\/","article_modified_time":"2026-01-07T08:31:01+00:00","og_image":[{"width":2560,"height":1707,"url":"https:\/\/www.sylex.sk\/wp-content\/uploads\/2025\/12\/DSC_3539-copy-scaled.jpg","type":"image\/jpeg"}],"twitter_card":"summary_large_image","twitter_site":"@SYLEX_SK","twitter_misc":{"Predpokladan\u00fd \u010das \u010d\u00edtania":"1 min\u00fata"},"schema":{"@context":"https:\/\/schema.org","@graph":[{"@type":"WebPage","@id":"https:\/\/www.sylex.sk\/sk\/produkt\/sf-01-strain-foil-sensor\/","url":"https:\/\/www.sylex.sk\/sk\/produkt\/sf-01-strain-foil-sensor\/","name":"SF-01 Strain Foil Sensor | Sylex FBG Technology","isPartOf":{"@id":"https:\/\/wonderful-yonath.136-243-14-103.plesk.page\/#website"},"primaryImageOfPage":{"@id":"https:\/\/www.sylex.sk\/sk\/produkt\/sf-01-strain-foil-sensor\/#primaryimage"},"image":{"@id":"https:\/\/www.sylex.sk\/sk\/produkt\/sf-01-strain-foil-sensor\/#primaryimage"},"thumbnailUrl":"https:\/\/www.sylex.sk\/wp-content\/uploads\/2025\/12\/DSC_3539-copy-scaled.jpg","datePublished":"2025-12-12T12:10:47+00:00","dateModified":"2026-01-07T08:31:01+00:00","description":"Designed for high-accuracy strain measurement, SF-01 combines the flexibility of traditional foil sensors with the reliability of optical fibers.","breadcrumb":{"@id":"https:\/\/www.sylex.sk\/sk\/produkt\/sf-01-strain-foil-sensor\/#breadcrumb"},"inLanguage":"sk-SK","potentialAction":[{"@type":"ReadAction","target":["https:\/\/www.sylex.sk\/sk\/produkt\/sf-01-strain-foil-sensor\/"]}]},{"@type":"ImageObject","inLanguage":"sk-SK","@id":"https:\/\/www.sylex.sk\/sk\/produkt\/sf-01-strain-foil-sensor\/#primaryimage","url":"https:\/\/www.sylex.sk\/wp-content\/uploads\/2025\/12\/DSC_3539-copy-scaled.jpg","contentUrl":"https:\/\/www.sylex.sk\/wp-content\/uploads\/2025\/12\/DSC_3539-copy-scaled.jpg","width":2560,"height":1707},{"@type":"BreadcrumbList","@id":"https:\/\/www.sylex.sk\/sk\/produkt\/sf-01-strain-foil-sensor\/#breadcrumb","itemListElement":[{"@type":"ListItem","position":1,"name":"Home","item":"https:\/\/www.sylex.sk\/sk\/"},{"@type":"ListItem","position":2,"name":"Shop","item":"https:\/\/www.sylex.sk\/sk\/shop\/"},{"@type":"ListItem","position":3,"name":"SF-01 Strain Foil Sensor"}]},{"@type":"WebSite","@id":"https:\/\/wonderful-yonath.136-243-14-103.plesk.page\/#website","url":"https:\/\/wonderful-yonath.136-243-14-103.plesk.page\/","name":"Sylex","description":"Fiber Optics","publisher":{"@id":"https:\/\/wonderful-yonath.136-243-14-103.plesk.page\/#organization"},"potentialAction":[{"@type":"SearchAction","target":{"@type":"EntryPoint","urlTemplate":"https:\/\/wonderful-yonath.136-243-14-103.plesk.page\/?s={search_term_string}"},"query-input":{"@type":"PropertyValueSpecification","valueRequired":true,"valueName":"search_term_string"}}],"inLanguage":"sk-SK"},{"@type":"Organization","@id":"https:\/\/wonderful-yonath.136-243-14-103.plesk.page\/#organization","name":"Sylex","url":"https:\/\/wonderful-yonath.136-243-14-103.plesk.page\/","logo":{"@type":"ImageObject","inLanguage":"sk-SK","@id":"https:\/\/wonderful-yonath.136-243-14-103.plesk.page\/#\/schema\/logo\/image\/","url":"https:\/\/www.sylex.sk\/wp-content\/uploads\/2024\/04\/logo4-1.png","contentUrl":"https:\/\/www.sylex.sk\/wp-content\/uploads\/2024\/04\/logo4-1.png","width":308,"height":100,"caption":"Sylex"},"image":{"@id":"https:\/\/wonderful-yonath.136-243-14-103.plesk.page\/#\/schema\/logo\/image\/"},"sameAs":["https:\/\/www.facebook.com\/sylex.sk\/","https:\/\/x.com\/SYLEX_SK"]}]}},"_links":{"self":[{"href":"https:\/\/www.sylex.sk\/sk\/wp-json\/wp\/v2\/product\/22025","targetHints":{"allow":["GET"]}}],"collection":[{"href":"https:\/\/www.sylex.sk\/sk\/wp-json\/wp\/v2\/product"}],"about":[{"href":"https:\/\/www.sylex.sk\/sk\/wp-json\/wp\/v2\/types\/product"}],"version-history":[{"count":44,"href":"https:\/\/www.sylex.sk\/sk\/wp-json\/wp\/v2\/product\/22025\/revisions"}],"predecessor-version":[{"id":22115,"href":"https:\/\/www.sylex.sk\/sk\/wp-json\/wp\/v2\/product\/22025\/revisions\/22115"}],"wp:featuredmedia":[{"embeddable":true,"href":"https:\/\/www.sylex.sk\/sk\/wp-json\/wp\/v2\/media\/22021"}],"wp:attachment":[{"href":"https:\/\/www.sylex.sk\/sk\/wp-json\/wp\/v2\/media?parent=22025"}],"wp:term":[{"taxonomy":"product_brand","embeddable":true,"href":"https:\/\/www.sylex.sk\/sk\/wp-json\/wp\/v2\/product_brand?post=22025"},{"taxonomy":"product_cat","embeddable":true,"href":"https:\/\/www.sylex.sk\/sk\/wp-json\/wp\/v2\/product_cat?post=22025"},{"taxonomy":"product_tag","embeddable":true,"href":"https:\/\/www.sylex.sk\/sk\/wp-json\/wp\/v2\/product_tag?post=22025"}],"curies":[{"name":"wp","href":"https:\/\/api.w.org\/{rel}","templated":true}]}}